{"id":8519,"date":"2025-06-17T01:47:20","date_gmt":"2025-06-17T01:47:20","guid":{"rendered":"https:\/\/sinoextrud.com\/product\/aluminium-extrusion-enclosure\/"},"modified":"2025-06-24T06:24:07","modified_gmt":"2025-06-24T06:24:07","slug":"aluminium-extrudalt-burkolat","status":"publish","type":"product","link":"https:\/\/sinoextrud.com\/hu\/product\/aluminium-extrusion-enclosure\/","title":{"rendered":"Alum\u00ednium extrud\u00e1lt burkolat"},"content":{"rendered":"<h2>Term\u00e9kek r\u00e9szletei<\/h2>\n<table class=\"custom-table\">\n<tr>\n<td class=\"label\">Modell NO.:<\/td>\n<td> OEM<\/td>\n<\/tr>\n<tr>\n<td class=\"label\">Tan\u00fas\u00edt\u00e1s:<\/td>\n<td> CE, ISO9001:2008, SGS\uff0c<\/td>\n<\/tr>\n<tr>\n<td class=\"label\">Fel\u00fcletkezel\u00e9s:<\/td>\n<td> elox\u00e1lt szelet robbant\u00e1ssal<\/td>\n<\/tr>\n<tr>\n<td class=\"label\">V\u00e9djegy:<\/td>\n<td> OEM<\/td>\n<\/tr>\n<tr>\n<td class=\"label\">Specifik\u00e1ci\u00f3:<\/td>\n<td> 25*25<\/td>\n<\/tr>\n<tr>\n<td class=\"label\">Term\u00e9kt\u00edpus:<\/td>\n<td> Alum\u00ednium 6063<\/td>\n<\/tr>\n<tr>\n<td class=\"label\">Testreszabott:<\/td>\n<td> ugyanaz, mint a vev\u0151i rajz<\/td>\n<\/tr>\n<tr>\n<td class=\"label\">Gy\u00e1rt\u00e1si folyamat:<\/td>\n<td> Szersz\u00e1moz\u00e1s, extrud\u00e1l\u00e1s, v\u00e1g\u00e1s, lyukaszt\u00e1s, elox\u00e1l\u00e1s<\/td>\n<\/tr>\n<tr>\n<td class=\"label\">Sz\u00e1ll\u00edt\u00e1si csomag:<\/td>\n<td> Karton doboz minden egyes darabhoz, az \u00fcgyfelek k\u00e9r\u00e9s\u00e9re<\/td>\n<\/tr>\n<tr>\n<td class=\"label\">Eredet:<\/td>\n<td> Foshan K\u00edna<\/td>\n<\/tr>\n<\/table>\n<h2>Gy\u00e1rt\u00f3 b\u00e1zisunk<\/h2>\n<h3>Gy\u00e1ri panor\u00e1ma<\/h3>\n<p><img decoding=\"async\" src=\"\/wp-content\/uploads\/factory-01.webp\"\/><\/p>\n<h3>Alum\u00ednium r\u00fadgy\u00e1rt\u00f3 m\u0171hely<\/h3>\n<p><img decoding=\"async\" src=\"\/wp-content\/uploads\/factory-02.webp\"\/><\/p>\n<p><img decoding=\"async\" src=\"\/wp-content\/uploads\/factory-03.webp\"\/><\/p>\n<h3>Pen\u00e9sz rakt\u00e1r<\/h3>\n<p><img decoding=\"async\" src=\"\/wp-content\/uploads\/factory-04.webp\"\/><\/p>\n<h3>43 alum\u00ednium extrud\u00e1l\u00f3 vonal (500-5500 tonna)<\/h3>\n<p><img decoding=\"async\" src=\"\/wp-content\/uploads\/factory-05.webp\"\/><\/p>\n<p><img decoding=\"async\" src=\"\/wp-content\/uploads\/factory-06.webp\"\/><\/p>\n<p><img decoding=\"async\" src=\"\/wp-content\/uploads\/factory-07.webp\"\/><\/p>\n<h3>Porfest\u0151 m\u0171hely<\/h3>\n<p><img decoding=\"async\" src=\"\/wp-content\/uploads\/factory-09.webp\"\/><\/p>\n<h3>Anodiz\u00e1l\u00f3 m\u0171hely<\/h3>\n<p><img decoding=\"async\" src=\"\/wp-content\/uploads\/factory-10.webp\"\/><\/p>\n<h3>M\u00e9ly feldolgoz\u00e1si m\u0171hely<\/h3>\n<p><img decoding=\"async\" src=\"\/wp-content\/uploads\/factory-11.webp\"\/><\/p>\n<h3>CNC prec\u00edzi\u00f3s megmunk\u00e1l\u00f3 m\u0171hely<\/h3>\n<p><img decoding=\"async\" src=\"\/wp-content\/uploads\/factory-11.5.webp\"\/><\/p>\n<h3>K\u00e9szterm\u00e9k \u00e9s export rakt\u00e1r<\/h3>\n<p><img decoding=\"async\" src=\"\/wp-content\/uploads\/factory-12.webp\"\/><\/p>\n<p><img decoding=\"async\" src=\"\/wp-content\/uploads\/factory-13.webp\"\/><\/p>\n<p><img decoding=\"async\" src=\"\/wp-content\/uploads\/factory-14.webp\"\/><\/p>\n<h2>GYIK<\/h2>\n<p><p><b>1.Mi az alum\u00ednium extrud\u00e1lt burkolat?<\/b><\/p>\n<p>Az alum\u00ednium extrud\u00e1lt burkolat egy extrud\u00e1lt alum\u00edniumb\u00f3l k\u00e9sz\u00fclt v\u00e9d\u0151burkolat, amelyet \u00fagy terveztek, hogy megv\u00e9dje az \u00e9rz\u00e9keny alkatr\u00e9szeket \u00e9s elektronik\u00e1t a s\u00e9r\u00fcl\u00e9sekt\u0151l, a port\u00f3l \u00e9s a k\u00f6rnyezeti t\u00e9nyez\u0151kt\u0151l.<br \/>\n<\/p><br \/>\n<br \/>\n<p><b>2.Mik az alum\u00ednium extrud\u00e1lt burkolatok el\u0151nyei?<\/b><\/p>\n<p>Az alum\u00ednium extrud\u00e1lt burkolatok tart\u00f3ss\u00e1got, k\u00f6nny\u0171 kialak\u00edt\u00e1st, korr\u00f3zi\u00f3\u00e1ll\u00f3s\u00e1got, testreszabhat\u00f3s\u00e1got \u00e9s hat\u00e9kony h\u0151kezel\u00e9st k\u00edn\u00e1lnak, \u00edgy ide\u00e1lisak k\u00fcl\u00f6nb\u00f6z\u0151 ipari \u00e9s elektronikus alkalmaz\u00e1sokhoz.<br \/>\n<\/p><br \/>\n<br \/>\n<p><b>3.Can alum\u00ednium extrud\u00e1lt burkolatok testreszabhat\u00f3?<\/b><\/p>\n<p>Igen, az alum\u00ednium extrud\u00e1lt burkolatok m\u00e9ret, kialak\u00edt\u00e1s \u00e9s jellemz\u0151k tekintet\u00e9ben testre szabhat\u00f3k, hogy megfeleljenek a k\u00fcl\u00f6nb\u00f6z\u0151 projektek \u00e9s ipar\u00e1gak egyedi ig\u00e9nyeinek.<br \/>\n<\/p><br \/>\n<br \/>\n<p><b>4.Milyen el\u0151ny\u00f6kkel j\u00e1r a korr\u00f3zi\u00f3\u00e1ll\u00f3s\u00e1g az alum\u00ednium extrud\u00e1lt burkolatok eset\u00e9ben?<\/b><\/p>\n<p>A korr\u00f3zi\u00f3\u00e1ll\u00f3s\u00e1g biztos\u00edtja, hogy az alum\u00ednium extrud\u00e1lt burkolatok id\u0151vel meg\u0151rzik integrit\u00e1sukat \u00e9s megjelen\u00e9s\u00fcket, m\u00e9g olyan kih\u00edv\u00e1st jelent\u0151 k\u00f6rnyezeti k\u00f6r\u00fclm\u00e9nyek k\u00f6z\u00f6tt is, mint a nedvess\u00e9g vagy a s\u00f3bevitel.<br \/>\n<\/p><br \/>\n<br \/>\n<p><b>5.Milyen ipar\u00e1gak haszn\u00e1lj\u00e1k az alum\u00ednium extrud\u00e1lt burkolatokat?<\/b><\/p>\n<p>Az olyan ipar\u00e1gak, mint az elektronika, a t\u00e1vk\u00f6zl\u00e9s, az aut\u00f3ipar \u00e9s az ipari automatiz\u00e1l\u00e1s, az alum\u00ednium extrud\u00e1lt burkolatokat a k\u00e9nyes alkatr\u00e9szek k\u00fcls\u0151 s\u00e9r\u00fcl\u00e9sekt\u0151l val\u00f3 v\u00e9delm\u00e9re haszn\u00e1lj\u00e1k.<br \/>\n<\/p><br \/>\n<br \/>\n<p><b>6.Hogyan jav\u00edtja a teljes\u00edtm\u00e9nyt az alum\u00ednium extrud\u00e1lt burkolatok h\u0151kezel\u00e9si funkci\u00f3ja?<\/b><\/p>\n<p>A h\u0151kezel\u00e9si k\u00e9pess\u00e9gek seg\u00edtenek a h\u0151 hat\u00e9kony elvezet\u00e9s\u00e9ben, megakad\u00e1lyozva a bels\u0151 alkatr\u00e9szek t\u00falmeleged\u00e9s\u00e9t \u00e9s biztos\u00edtva az \u00e9rz\u00e9keny eszk\u00f6z\u00f6k biztons\u00e1gos m\u0171k\u00f6d\u00e9s\u00e9t.<br \/>\n<\/p><br \/>\n<br \/>\n<p><b>7.Az alum\u00ednium extrud\u00e1lt burkolatok k\u00f6rnyezetbar\u00e1tok?<\/b><\/p>\n<p>Igen, az alum\u00ednium fenntarthat\u00f3 \u00e9s teljes m\u00e9rt\u00e9kben \u00fajrahasznos\u00edthat\u00f3 anyag, \u00edgy az alum\u00ednium extrud\u00e1lt burkolatok k\u00f6rnyezetbar\u00e1t megold\u00e1st jelentenek az ipari \u00e9s elektronikai alkalmaz\u00e1sok sz\u00e1m\u00e1ra.<br \/>\n<\/p><br \/>\n<br \/>\n<p><b>8.Hogyan jav\u00edtja az alum\u00ednium extrud\u00e1l\u00e1s a burkolat \u00e1ltal\u00e1nos min\u0151s\u00e9g\u00e9t?<\/b><\/p>\n<p>Az alum\u00ednium extrud\u00e1l\u00e1s pontos \u00e9s egyenletes m\u00e9reteket biztos\u00edt, hozz\u00e1j\u00e1rulva a robusztus \u00e9s megb\u00edzhat\u00f3 burkolathoz, amely n\u00f6veli a v\u00e9delmet \u00e9s a szerkezeti integrit\u00e1st.<br \/>\n<\/p><br \/><\/p>","protected":false},"featured_media":8518,"template":"","categories":[68],"class_list":["post-8519","product","type-product","status-publish","has-post-thumbnail","hentry","category-cnc-machining-aluminum-profile"],"meta_box":{"hilight_text_group":{"product_hilight_text":"<li>Durable and robust aluminium extrusion enclosures provide superior protection for sensitive electronics.<\/li>\r\r\n<li>Lightweight, yet strong and reliable, ideal for various industrial and electronic applications.<\/li>\r\r\n<li>Customizable designs and sizes to meet specific requirements for different use cases.<\/li>\r\r\n<li>Corrosion-resistant surface for long-lasting performance in harsh environments.<\/li>\r\r\n<li>Excellent thermal management, preventing overheating of internal components.<\/li>\r\r\n<li>Efficient production process for cost-effective solutions in both small and large production runs.<\/li>\r\r\n<li>Environmentally friendly, as aluminum is a fully recyclable material.<\/li>","product_chanpin_blog":"<ul>\r\r\n<li><a href=\"https:\/\/sinoextrud.com\/t-slot-v-slot-differences\/\" target=\"_blank\">t slot vs v slot<\/a><\/li>\r\r\n<li><a href=\"https:\/\/sinoextrud.com\/what-is-4040-aluminium-extrud\/\" target=\"_blank\">4040 aluminium extrusion<\/a><\/li>\r\r\n<li><a href=\"https:\/\/sinoextrud.com\/what-is-4040-aluminium-extrud\/\" target=\"_blank\">aluminum extrusions for industrial racks<\/a><\/li>\r\r\n<li><a href=\"https:\/\/sinoextrud.com\/powder-coating-aluminium-process\/\" target=\"_blank\">powder coating aluminium<\/a><\/li>\r\r\n<li><a href=\"https:\/\/sinoextrud.com\/what-is-an-aluminium-strip-ceiling\/\" target=\"_blank\">aluminium strip ceiling<\/a><\/li>\r\r\n<li><a href=\"https:\/\/sinoextrud.com\/what-is-a-heat-sink\/\" target=\"_blank\">what is a heat sink<\/a><\/li>\r\r\n<\/ul>","product_chanpin_chanpin":"<li><a href=\"https:\/\/sinoextrud.com\/product\/aluminium-profile-bending\/\" target=\"_blank\">Aluminium Profile Bending<\/a><\/li>\r\n<li><a href=\"https:\/\/sinoextrud.com\/product\/aluminum-extruded-handles\/\" target=\"_blank\">Aluminum Extruded Handles<\/a><\/li>\r\n<li><a href=\"https:\/\/sinoextrud.com\/product\/aluminum-cnc-profile\/\" target=\"_blank\">Aluminum CNC Profile<\/a><\/li>\r\n<li><a href=\"https:\/\/sinoextrud.com\/product\/extruded-aluminium-case\/\" target=\"_blank\">Extruded Aluminium Case<\/a><\/li>\r\n<li><a href=\"https:\/\/sinoextrud.com\/product\/aluminium-extrusion-enclosure\/\" target=\"_blank\">Aluminium Extrusion Enclosure<\/a><\/li>\r\n<li><a href=\"https:\/\/sinoextrud.com\/product\/aluminum-cnc-punching-parts\/\" target=\"_blank\">Aluminum CNC Punching Parts<\/a><\/li>\r\n<li><a href=\"https:\/\/sinoextrud.com\/product\/factory-cnc-precision-aluminum-parts\/\" target=\"_blank\">Factory Cnc Precision Aluminum Parts<\/a><\/li>\r\n<li><a href=\"https:\/\/sinoextrud.com\/product\/extruded-aluminium-housing\/\" target=\"_blank\">Extruded Aluminium Housing<\/a><\/li>\r\n<li><a href=\"https:\/\/sinoextrud.com\/product\/aluminum-panel-outlet-socket\/\" target=\"_blank\">Aluminum Panel Outlet Socket<\/a><\/li>\r\n<li><a href=\"https:\/\/sinoextrud.com\/product\/cnc-aluminum-curved-profiles-tubes\/\" target=\"_blank\">CNC Aluminum Curved Profiles Tubes<\/a><\/li>\r\n<li><a href=\"https:\/\/sinoextrud.com\/product\/aluminum-pipe-handrail\/\" target=\"_blank\">Aluminum Pipe Handrail<\/a><\/li>"},"feature_list":[]},"_links":{"self":[{"href":"https:\/\/sinoextrud.com\/hu\/wp-json\/wp\/v2\/product\/8519","targetHints":{"allow":["GET"]}}],"collection":[{"href":"https:\/\/sinoextrud.com\/hu\/wp-json\/wp\/v2\/product"}],"about":[{"href":"https:\/\/sinoextrud.com\/hu\/wp-json\/wp\/v2\/types\/product"}],"wp:featuredmedia":[{"embeddable":true,"href":"https:\/\/sinoextrud.com\/hu\/wp-json\/wp\/v2\/media\/8518"}],"wp:attachment":[{"href":"https:\/\/sinoextrud.com\/hu\/wp-json\/wp\/v2\/media?parent=8519"}],"wp:term":[{"taxonomy":"category","embeddable":true,"href":"https:\/\/sinoextrud.com\/hu\/wp-json\/wp\/v2\/categories?post=8519"}],"curies":[{"name":"wp","href":"https:\/\/api.w.org\/{rel}","templated":true}]}}