{"id":8517,"date":"2025-06-17T01:43:51","date_gmt":"2025-06-17T01:43:51","guid":{"rendered":"https:\/\/sinoextrud.com\/product\/extruded-aluminium-case\/"},"modified":"2025-06-24T06:24:06","modified_gmt":"2025-06-24T06:24:06","slug":"extrudalt-aluminium-tok","status":"publish","type":"product","link":"https:\/\/sinoextrud.com\/hu\/product\/extruded-aluminium-case\/","title":{"rendered":"Extrud\u00e1lt alum\u00ednium tok"},"content":{"rendered":"<h2>Term\u00e9kek r\u00e9szletei<\/h2>\n<table class=\"custom-table\">\n<tbody>\n<tr>\n<td> Modell NO.:<\/td>\n<td> 6063<\/td>\n<\/tr>\n<tr>\n<td> Lelkiismeretesen:<\/td>\n<td> T5<\/td>\n<\/tr>\n<tr>\n<td> Fel\u00fcletkezel\u00e9s:<\/td>\n<td> Homokf\u00fav\u00e1s<\/td>\n<\/tr>\n<tr>\n<td> \u00f6tv\u00f6zet:<\/td>\n<td> \u00d6tv\u00f6zet<\/td>\n<\/tr>\n<tr>\n<td> Fel\u00fclet:<\/td>\n<td> Sliver<\/td>\n<\/tr>\n<tr>\n<td> T\u00edpus:<\/td>\n<td> Alum\u00ednium profilok tokja<\/td>\n<\/tr>\n<tr>\n<td> Technika:<\/td>\n<td> Extrud\u00e1lt<\/td>\n<\/tr>\n<tr>\n<td> V\u00e9djegy:<\/td>\n<td> OEM<\/td>\n<\/tr>\n<tr>\n<td> Eredet:<\/td>\n<td> Guangdong K\u00edna<\/td>\n<\/tr>\n<tr>\n<td> Alak:<\/td>\n<td> t\u00e9glalap alak\u00fa<\/td>\n<\/tr>\n<tr>\n<td> Folyamat:<\/td>\n<td> Formak\u00e9sz\u00edt\u00e9s -Extrud\u00e1l\u00e1s -v\u00e1g\u00e1s - lyukaszt\u00e1s - bevonatol\u00e1s - csomagol\u00e1s<\/td>\n<\/tr>\n<tr>\n<td> Alkalmaz\u00e1s:<\/td>\n<td> Alum\u00ednium profilok automatikus d\u00edjakhoz<\/td>\n<\/tr>\n<tr>\n<td> Tan\u00fas\u00edt\u00e1s:<\/td>\n<td> EN, ASTM, GB\/T<\/td>\n<\/tr>\n<tr>\n<td> HS-k\u00f3d:<\/td>\n<td> 7604299000<\/td>\n<\/tr>\n<tr>\n<td> Falvastags\u00e1g:<\/td>\n<td> 1,4 mm. Testreszabott el\u00e9rhet\u0151<\/td>\n<\/tr>\n<tr>\n<td> Csomagol\u00e1s:<\/td>\n<td> Exportszabv\u00e1ny, minden egyes PE c\u00e9gbe csomagolva, majd kartondobozba csomagolva, majd f\u00e1b\u00f3l k\u00e9sz\u00fclt raklapra csomagolva<\/td>\n<\/tr>\n<tr>\n<td> \u00c1tfut\u00e1si id\u0151:<\/td>\n<td> A let\u00e9t be\u00e9rkez\u00e9s\u00e9t k\u00f6vet\u0151 30 napon bel\u00fcl<\/td>\n<\/tr>\n<tr>\n<td> Megjegyz\u00e9sek:<\/td>\n<td> Az \u00f6tv\u00f6zet, a temper\u00e1l\u00e1s vagy a specifik\u00e1ci\u00f3 k\u00fcl\u00f6nleges k\u00f6vetelm\u00e9nyeit k\u00e9r\u00e9s\u00e9re megbesz\u00e9lhetj\u00fck.<\/td>\n<\/tr>\n<\/tbody>\n<\/table>\n<h2>Gy\u00e1rt\u00f3 b\u00e1zisunk<\/h2>\n<h3>Gy\u00e1ri panor\u00e1ma<\/h3>\n<p><img decoding=\"async\" src=\"\/wp-content\/uploads\/factory-01.webp\"\/><\/p>\n<h3>Alum\u00ednium r\u00fadgy\u00e1rt\u00f3 m\u0171hely<\/h3>\n<p><img decoding=\"async\" src=\"\/wp-content\/uploads\/factory-02.webp\"\/><\/p>\n<p><img decoding=\"async\" src=\"\/wp-content\/uploads\/factory-03.webp\"\/><\/p>\n<h3>Pen\u00e9sz rakt\u00e1r<\/h3>\n<p><img decoding=\"async\" src=\"\/wp-content\/uploads\/factory-04.webp\"\/><\/p>\n<h3>43 alum\u00ednium extrud\u00e1l\u00f3 vonal (500-5500 tonna)<\/h3>\n<p><img decoding=\"async\" src=\"\/wp-content\/uploads\/factory-05.webp\"\/><\/p>\n<p><img decoding=\"async\" src=\"\/wp-content\/uploads\/factory-06.webp\"\/><\/p>\n<p><img decoding=\"async\" src=\"\/wp-content\/uploads\/factory-07.webp\"\/><\/p>\n<h3>Porfest\u0151 m\u0171hely<\/h3>\n<p><img decoding=\"async\" src=\"\/wp-content\/uploads\/factory-09.webp\"\/><\/p>\n<h3>Anodiz\u00e1l\u00f3 m\u0171hely<\/h3>\n<p><img decoding=\"async\" src=\"\/wp-content\/uploads\/factory-10.webp\"\/><\/p>\n<h3>M\u00e9ly feldolgoz\u00e1si m\u0171hely<\/h3>\n<p><img decoding=\"async\" src=\"\/wp-content\/uploads\/factory-11.webp\"\/><\/p>\n<h3>CNC prec\u00edzi\u00f3s megmunk\u00e1l\u00f3 m\u0171hely<\/h3>\n<p><img decoding=\"async\" src=\"\/wp-content\/uploads\/factory-11.5.webp\"\/><\/p>\n<h3>K\u00e9szterm\u00e9k \u00e9s export rakt\u00e1r<\/h3>\n<p><img decoding=\"async\" src=\"\/wp-content\/uploads\/factory-12.webp\"\/><\/p>\n<p><img decoding=\"async\" src=\"\/wp-content\/uploads\/factory-13.webp\"\/><\/p>\n<p><img decoding=\"async\" src=\"\/wp-content\/uploads\/factory-14.webp\"\/><\/p>\n<h2>GYIK<\/h2>\n<p><p><b>1.Mi az extrud\u00e1lt alum\u00ednium tok?<\/b><\/p>\n<p>Az extrud\u00e1lt alum\u00ednium tok egy alum\u00ednium extrud\u00e1l\u00e1sb\u00f3l k\u00e9sz\u00fclt v\u00e9d\u0151burkolat, amelyet az alkatr\u00e9szek elhelyez\u00e9s\u00e9re \u00e9s v\u00e9delm\u00e9re terveztek, \u00e9s gyakran ipari \u00e9s elektronikus alkalmaz\u00e1sokban haszn\u00e1lj\u00e1k.<br \/>\n<\/p><br \/>\n<br \/>\n<p><b>2.Mik az extrud\u00e1lt alum\u00ednium tokok haszn\u00e1lat\u00e1nak el\u0151nyei?<\/b><\/p>\n<p>Az extrud\u00e1lt alum\u00ednium tokok tart\u00f3sak, k\u00f6nny\u0171ek, korr\u00f3zi\u00f3\u00e1ll\u00f3ak, testre szabhat\u00f3k, \u00e9s kiv\u00e1l\u00f3 v\u00e9delmet ny\u00fajtanak a k\u00fcl\u00f6nb\u00f6z\u0151 ipar\u00e1gak \u00e9rz\u00e9keny alkatr\u00e9szei sz\u00e1m\u00e1ra.<br \/>\n<\/p><br \/>\n<br \/>\n<p><b>3.Can extrud\u00e1lt alum\u00ednium tokok testreszabhat\u00f3?<\/b><\/p>\n<p>Igen, az extrud\u00e1lt alum\u00ednium tokok m\u00e9ret\u00fck, alakjuk \u00e9s kialak\u00edt\u00e1suk tekintet\u00e9ben testre szabhat\u00f3k, hogy megfeleljenek az egyedi alkalmaz\u00e1si \u00e9s v\u00e9delmi k\u00f6vetelm\u00e9nyeknek.<br \/>\n<\/p><br \/>\n<br \/>\n<p><b>4.How el\u0151ny\u00f6s a korr\u00f3zi\u00f3\u00e1ll\u00f3s\u00e1g az extrud\u00e1lt alum\u00ednium tokok sz\u00e1m\u00e1ra?<\/b><\/p>\n<p>Az extrud\u00e1lt alum\u00ednium tokok korr\u00f3zi\u00f3\u00e1ll\u00f3s\u00e1ga biztos\u00edtja, hogy m\u00e9g zord k\u00f6rnyezeti k\u00f6r\u00fclm\u00e9nyek k\u00f6z\u00f6tt is meg\u0151rzik szil\u00e1rds\u00e1gukat \u00e9s megjelen\u00e9s\u00fcket, meghosszabb\u00edtva ezzel \u00e9lettartamukat.<br \/>\n<\/p><br \/>\n<br \/>\n<p><b>5.Milyen ipar\u00e1gak haszn\u00e1lj\u00e1k az extrud\u00e1lt alum\u00ednium tokokat?<\/b><\/p>\n<p>Az extrud\u00e1lt alum\u00ednium tokokat sz\u00e9les k\u00f6rben haszn\u00e1lj\u00e1k az olyan ipar\u00e1gakban, mint az elektronika, az aut\u00f3ipar, a rep\u00fcl\u0151g\u00e9pipar \u00e9s a t\u00e1vk\u00f6zl\u00e9s az \u00e9rz\u00e9keny berendez\u00e9sek \u00e9s alkatr\u00e9szek v\u00e9delm\u00e9re.<br \/>\n<\/p><br \/>\n<br \/>\n<p><b>6.Hogyan jav\u00edtja az extrud\u00e1lt alum\u00ednium tokok k\u00f6nny\u0171szerkezetes kialak\u00edt\u00e1sa a hat\u00e9konys\u00e1got?<\/b><\/p>\n<p>A k\u00f6nny\u0171 kialak\u00edt\u00e1snak k\u00f6sz\u00f6nhet\u0151en az extrud\u00e1lt alum\u00ednium tokok k\u00f6nnyen kezelhet\u0151k \u00e9s telep\u00edthet\u0151k, cs\u00f6kkentve a berendez\u00e9sek \u00f6sszs\u00faly\u00e1t \u00e9s jav\u00edtva a rendszer teljes hat\u00e9konys\u00e1g\u00e1t.<br \/>\n<\/p><br \/>\n<br \/>\n<p><b>7.Are extrud\u00e1lt alum\u00ednium tokok k\u00f6rnyezetbar\u00e1t?<\/b><\/p>\n<p>Igen, az alum\u00ednium \u00fajrahasznos\u00edthat\u00f3 anyag, \u00e9s az extrud\u00e1lt alum\u00ednium tokok k\u00f6rnyezetbar\u00e1t megold\u00e1st jelentenek a fenntarthat\u00f3 gy\u00e1rt\u00e1s sz\u00e1m\u00e1ra.<br \/>\n<\/p><br \/>\n<br \/>\n<p><b>8.Hogyan el\u0151ny\u00f6s az extrud\u00e1lt alum\u00ednium tokok h\u0151elvezet\u0151 tulajdons\u00e1ga az elektronik\u00e1nak?<\/b><\/p>\n<p>Az extrud\u00e1lt alum\u00ednium tokok h\u0151elvezet\u0151 tulajdons\u00e1gai seg\u00edtenek szab\u00e1lyozni az elektronikus eszk\u00f6z\u00f6k h\u0151m\u00e9rs\u00e9klet\u00e9t, megakad\u00e1lyozva a t\u00falmeleged\u00e9st \u00e9s biztos\u00edtva az optim\u00e1lis teljes\u00edtm\u00e9nyt.<br \/>\n<\/p><br \/><\/p>","protected":false},"featured_media":8516,"template":"","categories":[68],"class_list":["post-8517","product","type-product","status-publish","has-post-thumbnail","hentry","category-cnc-machining-aluminum-profile"],"meta_box":{"hilight_text_group":{"product_hilight_text":"<li>Durable extruded aluminum casing offers superior protection for sensitive components.<\/li>\r\r\n<li>Lightweight yet strong, providing a sturdy and reliable solution for industrial applications.<\/li>\r\r\n<li>Customizable sizes and designs to meet specific packaging and enclosure requirements.<\/li>\r\r\n<li>Corrosion-resistant surface for long-lasting performance in various environments.<\/li>\r\r\n<li>Efficient production process for both small and large-scale manufacturing runs.<\/li>\r\r\n<li>Excellent heat dissipation properties, ideal for electronic devices and equipment.<\/li>\r\r\n<li>Eco-friendly, as aluminum is fully recyclable, contributing to sustainability.<\/li>","product_chanpin_blog":"<ul>\r\r\n<li><a href=\"https:\/\/sinoextrud.com\/t-slot-v-slot-differences\/\" target=\"_blank\">t slot vs v slot<\/a><\/li>\r\r\n<li><a href=\"https:\/\/sinoextrud.com\/what-is-4040-aluminium-extrud\/\" target=\"_blank\">4040 aluminium extrusion<\/a><\/li>\r\r\n<li><a href=\"https:\/\/sinoextrud.com\/what-is-4040-aluminium-extrud\/\" target=\"_blank\">aluminum extrusions for industrial racks<\/a><\/li>\r\r\n<li><a href=\"https:\/\/sinoextrud.com\/powder-coating-aluminium-process\/\" target=\"_blank\">powder coating aluminium<\/a><\/li>\r\r\n<li><a href=\"https:\/\/sinoextrud.com\/what-is-an-aluminium-strip-ceiling\/\" target=\"_blank\">aluminium strip ceiling<\/a><\/li>\r\r\n<li><a href=\"https:\/\/sinoextrud.com\/what-is-a-heat-sink\/\" target=\"_blank\">what is a heat sink<\/a><\/li>\r\r\n<\/ul>","product_chanpin_chanpin":"<li><a href=\"https:\/\/sinoextrud.com\/product\/aluminum-profile-for-cnc\/\" target=\"_blank\">Aluminum Profile For CNC<\/a><\/li>\r\n<li><a href=\"https:\/\/sinoextrud.com\/product\/aluminium-profile-bending\/\" target=\"_blank\">Aluminium Profile Bending<\/a><\/li>\r\n<li><a href=\"https:\/\/sinoextrud.com\/product\/aluminum-extruded-handles\/\" target=\"_blank\">Aluminum Extruded Handles<\/a><\/li>\r\n<li><a href=\"https:\/\/sinoextrud.com\/product\/aluminum-cnc-profile\/\" target=\"_blank\">Aluminum CNC Profile<\/a><\/li>\r\n<li><a href=\"https:\/\/sinoextrud.com\/product\/extruded-aluminium-case\/\" target=\"_blank\">Extruded Aluminium Case<\/a><\/li>\r\n<li><a href=\"https:\/\/sinoextrud.com\/product\/aluminium-extrusion-enclosure\/\" target=\"_blank\">Aluminium Extrusion Enclosure<\/a><\/li>\r\n<li><a href=\"https:\/\/sinoextrud.com\/product\/aluminum-cnc-punching-parts\/\" target=\"_blank\">Aluminum CNC Punching Parts<\/a><\/li>\r\n<li><a href=\"https:\/\/sinoextrud.com\/product\/factory-cnc-precision-aluminum-parts\/\" target=\"_blank\">Factory Cnc Precision Aluminum Parts<\/a><\/li>\r\n<li><a href=\"https:\/\/sinoextrud.com\/product\/extruded-aluminium-housing\/\" target=\"_blank\">Extruded Aluminium Housing<\/a><\/li>\r\n<li><a href=\"https:\/\/sinoextrud.com\/product\/gb-matt-anodized-aluminium\/\" target=\"_blank\">GB Matt Anodized Aluminium<\/a><\/li>\r\n<li><a href=\"https:\/\/sinoextrud.com\/product\/half-round-aluminum-extrusion\/\" target=\"_blank\">Half Round Aluminum Extrusion<\/a><\/li>"},"feature_list":[]},"_links":{"self":[{"href":"https:\/\/sinoextrud.com\/hu\/wp-json\/wp\/v2\/product\/8517","targetHints":{"allow":["GET"]}}],"collection":[{"href":"https:\/\/sinoextrud.com\/hu\/wp-json\/wp\/v2\/product"}],"about":[{"href":"https:\/\/sinoextrud.com\/hu\/wp-json\/wp\/v2\/types\/product"}],"wp:featuredmedia":[{"embeddable":true,"href":"https:\/\/sinoextrud.com\/hu\/wp-json\/wp\/v2\/media\/8516"}],"wp:attachment":[{"href":"https:\/\/sinoextrud.com\/hu\/wp-json\/wp\/v2\/media?parent=8517"}],"wp:term":[{"taxonomy":"category","embeddable":true,"href":"https:\/\/sinoextrud.com\/hu\/wp-json\/wp\/v2\/categories?post=8517"}],"curies":[{"name":"wp","href":"https:\/\/api.w.org\/{rel}","templated":true}]}}