{"id":8505,"date":"2025-06-17T01:27:39","date_gmt":"2025-06-17T01:27:39","guid":{"rendered":"https:\/\/sinoextrud.com\/product\/custom-3003-aluminum-tube-bending-coolant-tubes\/"},"modified":"2025-06-24T06:24:04","modified_gmt":"2025-06-24T06:24:04","slug":"egyedi-3003-aluminium-cso-hajlito-hutofolyadek-csovek","status":"publish","type":"product","link":"https:\/\/sinoextrud.com\/hu\/product\/custom-3003-aluminum-tube-bending-coolant-tubes\/","title":{"rendered":"Egyedi 3003 alum\u00ednium cs\u0151 hajl\u00edt\u00f3 h\u0171t\u0151folyad\u00e9k cs\u00f6vek"},"content":{"rendered":"<h2>Term\u00e9kek r\u00e9szletei<\/h2>\n<table class=\"custom-table\">\n<tr>\n<td class=\"label\">Term\u00e9k neve<\/td>\n<td>Egyedi 3003 alum\u00ednium cs\u0151 hajl\u00edt\u00f3 h\u0171t\u0151folyad\u00e9k cs\u00f6vek<\/td>\n<\/tr>\n<tr>\n<td class=\"label\">Term\u00e9kv\u00e1laszt\u00e9k<\/td>\n<td>alum\u00ednium extrud\u00e1lt alum\u00ednium cs\u0151, alum\u00ednium hajl\u00edt\u00f3 cs\u0151, alum\u00ednium h\u0171t\u0151cs\u0151, alum\u00ednium h\u0171t\u0151cs\u0151, hajl\u00edtott alum\u00ednium cs\u0151, k\u00edgy\u00f3 alak\u00fa alum\u00ednium profil, stb.<\/td>\n<\/tr>\n<tr>\n<td class=\"label\">Alkalmaz\u00e1s<\/td>\n<td>elektronikus eszk\u00f6z\u00f6k, aut\u00f3motorok, rep\u00fcl\u0151g\u00e9p-alkatr\u00e9szek, ipari g\u00e9pek stb.<\/td>\n<\/tr>\n<tr>\n<td class=\"label\">Alum\u00ednium \u00f6tv\u00f6zet<\/td>\n<td>3000 sorozat, 3003<\/td>\n<\/tr>\n<tr>\n<td class=\"label\">Temper<\/td>\n<td>T3-T8<\/td>\n<\/tr>\n<tr>\n<td class=\"label\">Shape<\/td>\n<td>Hajl\u00edt\u00e1s, hajl\u00edt\u00e1s, vagy testreszab\u00e1s<\/td>\n<\/tr>\n<tr>\n<td class=\"label\">Sz\u00ednes<\/td>\n<td>testreszab\u00e1s<\/td>\n<\/tr>\n<tr>\n<td class=\"label\">Fel\u00fcletkezel\u00e9s<\/td>\n<td>malomra k\u00e9sz, elox\u00e1lt, fa szemcs\u00e9s, er\u0151 bevonat, homokf\u00fav\u00e1s, elektrofor\u00e9zis, csiszolt, pol\u00edroz\u00e1s, stb.<\/td>\n<\/tr>\n<tr>\n<td class=\"label\">CNC m\u00e9lyfeldolgoz\u00e1s<\/td>\n<td>v\u00e1g\u00e1s, f\u00far\u00e1s, megmunk\u00e1l\u00e1s, lyukaszt\u00e1s, hajl\u00edt\u00e1s, csapol\u00e1s stb.<\/td>\n<\/tr>\n<tr>\n<td class=\"label\">Tan\u00fas\u00edtv\u00e1nyok<\/td>\n<td>CE, ISO, SGS, TUV, ROHS<\/td>\n<\/tr>\n<tr>\n<td class=\"label\">Mint\u00e1k<\/td>\n<td>ingyenes minta. 1-3 nap alatt sz\u00e1ll\u00edtjuk \u00d6nnek.<\/td>\n<\/tr>\n<tr>\n<td class=\"label\">MOQ<\/td>\n<td>200KG minden egyes profilhoz<\/td>\n<\/tr>\n<tr>\n<td class=\"label\">Csomagol\u00e1s<\/td>\n<td>Bels\u0151 csomagol\u00e1s: v\u00e9d\u0151f\u00f3lia a fel\u00fcleten log\u00f3 n\u00e9lk\u00fcl minden egyes darabhoz.<br \/>\nK\u00fcls\u0151 csomagol\u00e1s: v\u00edz\u00e1ll\u00f3 k\u00e9zm\u0171ves pap\u00edr, amely a brutt\u00f3 t\u00f6meg k\u00f6r\u00fclbel\u00fcl 3%-5% r\u00e9sz\u00e9t foglalja el.<br \/>\nBels\u0151 csomagol\u00e1s: v\u00e9d\u0151 polizs\u00e1k minden egyes darabhoz.<br \/>\nK\u00fcls\u0151 csomagol\u00e1s: fa raklapok + vaskocsi.<\/td>\n<\/tr>\n<tr>\n<td class=\"label\">Sz\u00e1ll\u00edt\u00e1si id\u0151<\/td>\n<td>A pen\u00e9sz kifejleszt\u00e9se \u00e9s a minta kialak\u00edt\u00e1sa 12-15 nap, majd a gy\u00e1rt\u00e1s id\u0151tartama 15-25 nap a vev\u0151 let\u00e9tbe helyez\u00e9se ut\u00e1n.<\/td>\n<\/tr>\n<tr>\n<td class=\"label\">Fizet\u00e9si felt\u00e9telek<\/td>\n<td>30% bet\u00e9t a gy\u00e1rt\u00e1s el\u0151tt, \u00e9s a sz\u00e1ll\u00edt\u00e1s el\u0151tti egyenleg.<\/td>\n<\/tr>\n<tr>\n<td class=\"label\">Port<\/td>\n<td>Foshan, Shenzhen, Guangzhou<\/td>\n<\/tr>\n<tr>\n<td class=\"label\">Sz\u00e1ll\u00edt\u00e1s<\/td>\n<td>20GP, 40GP, 40HQ kont\u00e9nerrel vagy \u00f6mlesztett haj\u00f3val<\/td>\n<\/tr>\n<\/table>\n<h2>Gy\u00e1rt\u00f3 b\u00e1zisunk<\/h2>\n<h3>Gy\u00e1ri panor\u00e1ma<\/h3>\n<p><img decoding=\"async\" src=\"\/wp-content\/uploads\/factory-01.webp\"\/><\/p>\n<h3>Alum\u00ednium r\u00fadgy\u00e1rt\u00f3 m\u0171hely<\/h3>\n<p><img decoding=\"async\" src=\"\/wp-content\/uploads\/factory-02.webp\"\/><\/p>\n<\/p>\n<p><img decoding=\"async\" src=\"\/wp-content\/uploads\/factory-03.webp\"\/><\/p>\n<h3>Pen\u00e9sz rakt\u00e1r<\/h3>\n<p><img decoding=\"async\" src=\"\/wp-content\/uploads\/factory-04.webp\"\/><\/p>\n<h3>43 alum\u00ednium extrud\u00e1l\u00f3 vonal (500-5500 tonna)<\/h3>\n<p><img decoding=\"async\" src=\"\/wp-content\/uploads\/factory-05.webp\"\/><\/p>\n<p><img decoding=\"async\" src=\"\/wp-content\/uploads\/factory-06.webp\"\/><\/p>\n<p><img decoding=\"async\" src=\"\/wp-content\/uploads\/factory-07.webp\"\/><\/p>\n<h3>Porfest\u0151 m\u0171hely<\/h3>\n<p><img decoding=\"async\" src=\"\/wp-content\/uploads\/factory-09.webp\"\/><\/p>\n<h3>Anodiz\u00e1l\u00f3 m\u0171hely<\/h3>\n<p><img decoding=\"async\" src=\"\/wp-content\/uploads\/factory-10.webp\"\/><\/p>\n<h3>M\u00e9ly feldolgoz\u00e1si m\u0171hely<\/h3>\n<p><img decoding=\"async\" src=\"\/wp-content\/uploads\/factory-11.webp\"\/><\/p>\n<h3>CNC prec\u00edzi\u00f3s megmunk\u00e1l\u00f3 m\u0171hely<\/h3>\n<p><img decoding=\"async\" src=\"\/wp-content\/uploads\/factory-11.5.webp\"\/><\/p>\n<h3>K\u00e9szterm\u00e9k \u00e9s export rakt\u00e1r<\/h3>\n<p><img decoding=\"async\" src=\"\/wp-content\/uploads\/factory-12.webp\"\/><\/p>\n<p><img decoding=\"async\" src=\"\/wp-content\/uploads\/factory-13.webp\"\/><\/p>\n<p><img decoding=\"async\" src=\"\/wp-content\/uploads\/factory-14.webp\"\/><\/p>\n<h2>GYIK<\/h2>\n<p><b>1.What az egy\u00e9ni 3003 alum\u00ednium cs\u0151 hajl\u00edt\u00f3 h\u0171t\u0151folyad\u00e9k cs\u00f6vek haszn\u00e1lj\u00e1k?<\/b><\/p>\n<p>Az egyedi 3003 alum\u00ednium cs\u0151hajl\u00edt\u00f3 h\u0171t\u0151folyad\u00e9k cs\u00f6veket h\u0171t\u0151rendszerekben val\u00f3 haszn\u00e1latra tervezt\u00e9k, hat\u00e9kony folyad\u00e9k\u00e1raml\u00e1st \u00e9s h\u0151elvezet\u00e9st biztos\u00edtva k\u00fcl\u00f6nb\u00f6z\u0151 ipari alkalmaz\u00e1sokban.\n<\/p>\n<p><\/p>\n<p><b>2.Mi teszi a 3003 alum\u00edniumot ide\u00e1lis h\u0171t\u0151folyad\u00e9k cs\u00f6vekhez?<\/b><\/p>\n<p>A 3003-as alum\u00ednium k\u00f6nny\u0171, korr\u00f3zi\u00f3\u00e1ll\u00f3 \u00e9s kiv\u00e1l\u00f3 h\u0151vezet\u0151 k\u00e9pess\u00e9g\u0171, \u00edgy t\u00f6k\u00e9letes a h\u0171t\u0151folyad\u00e9kcs\u0151 alkalmaz\u00e1sokhoz.\n<\/p>\n<p><\/p>\n<p><b>3.Can az alum\u00edniumcs\u0151 hajl\u00edt\u00e1sa testre szabhat\u00f3?<\/b><\/p>\n<p>Igen, az alum\u00edniumcs\u0151 testre szabottan hajl\u00edthat\u00f3 az egyedi tervez\u00e9si \u00e9s funkcionalit\u00e1si ig\u00e9nyeknek megfelel\u0151en, \u00edgy biztos\u00edtva a h\u0171t\u0151rendszer t\u00f6k\u00e9letes illeszked\u00e9s\u00e9t.\n<\/p>\n<p><\/p>\n<p><b>4.Hogyan jav\u00edtja a Custom 3003 alum\u00edniumcs\u0151 a h\u0171t\u0151folyad\u00e9k \u00e1raml\u00e1s\u00e1t?<\/b><\/p>\n<p>A kiv\u00e1l\u00f3 min\u0151s\u00e9g\u0171 3003-as alum\u00ednium anyag biztos\u00edtja a folyad\u00e9k sima \u00e1thalad\u00e1s\u00e1t \u00e9s az optim\u00e1lis h\u0151\u00e1tad\u00e1st, n\u00f6velve az \u00e1ltal\u00e1nos h\u0171t\u00e9si hat\u00e9konys\u00e1got.\n<\/p>\n<p><\/p>\n<p><b>5.Is 3003 alum\u00ednium tart\u00f3s?<\/b><\/p>\n<p>Igen, a 3003-as alum\u00ednium rendk\u00edv\u00fcl tart\u00f3s, korr\u00f3zi\u00f3\u00e1ll\u00f3 \u00e9s hossz\u00fa \u00e9lettartam\u00fa, \u00edgy ide\u00e1lis a zord k\u00f6rnyezetekben.\n<\/p>\n<p><\/p>\n<p><b>6.Milyen ipar\u00e1gak haszn\u00e1lj\u00e1k az egyedi 3003 alum\u00ednium cs\u0151 hajl\u00edt\u00f3 h\u0171t\u0151folyad\u00e9k cs\u00f6veket?<\/b><\/p>\n<p>Az olyan ipar\u00e1gak, mint az aut\u00f3ipar, a HVAC \u00e9s a gy\u00e1rt\u00e1s az egyedi 3003 alum\u00edniumcs\u0151 hajl\u00edt\u00f3 h\u0171t\u0151folyad\u00e9kcs\u00f6vekre t\u00e1maszkodnak a h\u0171t\u00e9si \u00e9s folyad\u00e9kkezel\u00e9si megold\u00e1sokhoz.\n<\/p>\n<p><\/p>\n<p><b>7.Are egy\u00e9ni 3003 alum\u00ednium cs\u0151 hajl\u00edt\u00f3 h\u0171t\u0151folyad\u00e9k cs\u00f6vek k\u00f6lts\u00e9ghat\u00e9kony?<\/b><\/p>\n<p>Igen, ezek a cs\u00f6vek k\u00f6lts\u00e9ghat\u00e9konyak mind a kis-, mind a nagy sorozatgy\u00e1rt\u00e1s eset\u00e9n, \u00e9s versenyk\u00e9pes \u00e1ron k\u00edn\u00e1lnak nagy teljes\u00edtm\u00e9nyt.\n<\/p>\n<p><\/p>","protected":false},"featured_media":8504,"template":"","categories":[68],"class_list":["post-8505","product","type-product","status-publish","has-post-thumbnail","hentry","category-cnc-machining-aluminum-profile"],"meta_box":{"hilight_text_group":{"product_hilight_text":"<li>Made from durable 3003 aluminum, ideal for coolant tube applications.<\/li>\r\r\n<li>Custom bending options for precise fit and superior functionality.<\/li>\r\r\n<li>Lightweight and corrosion-resistant, ensuring long-lasting performance.<\/li>\r\r\n<li>Excellent heat conductivity, ideal for efficient coolant flow.<\/li>\r\r\n<li>Tailored designs to meet specific cooling system requirements.<\/li>\r\r\n<li>Cost-effective solution for both prototype and large-scale production.<\/li>\r\r\n<li>High-quality surface finish for a professional and durable look.<\/li>","product_chanpin_blog":"<ul>\r\r\n<li><a href=\"https:\/\/sinoextrud.com\/t-slot-v-slot-differences\/\" target=\"_blank\">t slot vs v slot<\/a><\/li>\r\r\n<li><a href=\"https:\/\/sinoextrud.com\/what-is-4040-aluminium-extrud\/\" target=\"_blank\">4040 aluminium extrusion<\/a><\/li>\r\r\n<li><a href=\"https:\/\/sinoextrud.com\/what-is-4040-aluminium-extrud\/\" target=\"_blank\">aluminum extrusions for industrial racks<\/a><\/li>\r\r\n<li><a href=\"https:\/\/sinoextrud.com\/powder-coating-aluminium-process\/\" target=\"_blank\">powder coating aluminium<\/a><\/li>\r\r\n<li><a href=\"https:\/\/sinoextrud.com\/what-is-an-aluminium-strip-ceiling\/\" target=\"_blank\">aluminium strip ceiling<\/a><\/li>\r\r\n<li><a href=\"https:\/\/sinoextrud.com\/what-is-a-heat-sink\/\" target=\"_blank\">what is a heat sink<\/a><\/li>\r\r\n<\/ul>","product_chanpin_chanpin":"<li><a href=\"https:\/\/sinoextrud.com\/product\/aluminium-cnc-factory-punching-extrusion-profile-tubing-sizes-oem\/\" target=\"_blank\">aluminium cnc factory punching extrusion profile tubing sizes OEM<\/a><\/li>\r\n<li><a href=\"https:\/\/sinoextrud.com\/product\/cnc-machining-anodized-item-extruded-aluminum\/\" target=\"_blank\">CNC Machining Anodized Item Extruded Aluminum<\/a><\/li>\r\n<li><a href=\"https:\/\/sinoextrud.com\/product\/cnc-aluminum-curved-profiles-tubes\/\" target=\"_blank\">CNC Aluminum Curved Profiles Tubes<\/a><\/li>\r\n<li><a href=\"https:\/\/sinoextrud.com\/product\/custom-aluminum-extrusion-cnc-machining-aluminum-profile\/\" target=\"_blank\">Custom Aluminum Extrusion CNC Machining Aluminum Profile<\/a><\/li>\r\n<li><a href=\"https:\/\/sinoextrud.com\/product\/custom-3003-aluminum-tube-bending-coolant-tubes\/\" target=\"_blank\">Custom 3003 Aluminum Tube Bending Coolant Tubes<\/a><\/li>\r\n<li><a href=\"https:\/\/sinoextrud.com\/product\/aluminum-extrusion-curtain-wall\/\" target=\"_blank\">Aluminum Extrusion Curtain Wall<\/a><\/li>\r\n<li><a href=\"https:\/\/sinoextrud.com\/product\/aluminum-profile-for-cnc\/\" target=\"_blank\">Aluminum Profile For CNC<\/a><\/li>\r\n<li><a href=\"https:\/\/sinoextrud.com\/product\/aluminium-profile-bending\/\" target=\"_blank\">Aluminium Profile Bending<\/a><\/li>\r\n<li><a href=\"https:\/\/sinoextrud.com\/product\/aluminum-extruded-handles\/\" target=\"_blank\">Aluminum Extruded Handles<\/a><\/li>\r\n<li><a href=\"https:\/\/sinoextrud.com\/product\/cnc-aluminium-extrusion\/\" target=\"_blank\">CNC Aluminium Extrusion<\/a><\/li>\r\n<li><a href=\"https:\/\/sinoextrud.com\/product\/extruded-aluminum-wood-grain-tube-profile\/\" target=\"_blank\">Extruded Aluminum Wood Grain Tube Profile<\/a><\/li>"},"feature_list":[]},"_links":{"self":[{"href":"https:\/\/sinoextrud.com\/hu\/wp-json\/wp\/v2\/product\/8505","targetHints":{"allow":["GET"]}}],"collection":[{"href":"https:\/\/sinoextrud.com\/hu\/wp-json\/wp\/v2\/product"}],"about":[{"href":"https:\/\/sinoextrud.com\/hu\/wp-json\/wp\/v2\/types\/product"}],"wp:featuredmedia":[{"embeddable":true,"href":"https:\/\/sinoextrud.com\/hu\/wp-json\/wp\/v2\/media\/8504"}],"wp:attachment":[{"href":"https:\/\/sinoextrud.com\/hu\/wp-json\/wp\/v2\/media?parent=8505"}],"wp:term":[{"taxonomy":"category","embeddable":true,"href":"https:\/\/sinoextrud.com\/hu\/wp-json\/wp\/v2\/categories?post=8505"}],"curies":[{"name":"wp","href":"https:\/\/api.w.org\/{rel}","templated":true}]}}