{"id":8483,"date":"2025-06-16T13:22:48","date_gmt":"2025-06-16T13:22:48","guid":{"rendered":"https:\/\/sinoextrud.com\/product\/cnc-aluminum-curved-profiles-tubes\/"},"modified":"2025-06-24T06:24:03","modified_gmt":"2025-06-24T06:24:03","slug":"cnc-aluminium-ivelt-profilok-csovek","status":"publish","type":"product","link":"https:\/\/sinoextrud.com\/hu\/product\/cnc-aluminum-curved-profiles-tubes\/","title":{"rendered":"CNC alum\u00ednium hajl\u00edtott profilok cs\u00f6vek"},"content":{"rendered":"<h2>Term\u00e9kek r\u00e9szletei<\/h2>\n<table class=\"custom-table\">\n<tr>\n<td class=\"label\">T\u00e9tel<\/td>\n<td>CNC alum\u00ednium hajl\u00edtott profilok cs\u00f6vek<\/td>\n<\/tr>\n<tr>\n<td class=\"label\">Temper<\/td>\n<td>T5-T8<\/td>\n<\/tr>\n<tr>\n<td class=\"label\">Folyamat\u00e1raml\u00e1s<\/td>\n<td>Formafejleszt\u00e9s-Alum\u00ednium tusk\u00f3k-felmeleg\u00edt\u00e9s-form\u00e1z\u00e1s nyers alum\u00edniummal-fel\u00fcletkezel\u00e9s \u00e9s sz\u00ednez\u00e9s<\/td>\n<\/tr>\n<tr>\n<td class=\"label\">Jellemz\u0151<\/td>\n<td>1. tiszta \u00e9s sz\u00e9p finom vonalak a fel\u00fcleten.<br \/>\n2. A nemzeti szabv\u00e1nyos alum\u00ednium tusk\u00f3kat fogadj\u00e1k el.<br \/>\n3. Egyenletes elox\u00e1l\u00e1si elj\u00e1r\u00e1sunkkal, amely a fel\u00fclet v\u00e9delm\u00e9re alkalmas.<br \/>\n4. Kis rendel\u00e9s elfogadhat\u00f3.<br \/>\n5. Egyedi extrud\u00e1l\u00e1s az \u00d6n rajz\u00e1nak megfelel\u0151en.<\/td>\n<\/tr>\n<tr>\n<td class=\"label\">Alkalmaz\u00e1s<\/td>\n<td>\u00e9p\u00fclet, dekor\u00e1ci\u00f3<\/td>\n<\/tr>\n<tr>\n<td class=\"label\">Shape<\/td>\n<td>Testreszab\u00e1s<\/td>\n<\/tr>\n<tr>\n<td class=\"label\">Fel\u00fcletkezel\u00e9s<\/td>\n<td>Malom k\u00e9sz, elox\u00e1lt, Power bevonat, homokf\u00fav\u00e1s, elektrofor\u00e9zis, csiszolt, pol\u00edroz\u00e1s stb.<\/td>\n<\/tr>\n<tr>\n<td class=\"label\">Sz\u00ednes<\/td>\n<td>Ez\u00fcst, fekete, arany, pezsg\u0151, bronz, piros, k\u00e9k;<br \/>\na sz\u00edneket az \u00fcgyfelek mint\u00e1i alapj\u00e1n testreszabhatjuk<\/td>\n<\/tr>\n<tr>\n<td class=\"label\">M\u00e9lyrehat\u00f3 feldolgoz\u00e1s<\/td>\n<td>V\u00e1g\u00e1s, f\u00far\u00e1s, megmunk\u00e1l\u00e1s, lyukaszt\u00e1s, hajl\u00edt\u00e1s, csapol\u00e1s stb.<\/td>\n<\/tr>\n<tr>\n<td class=\"label\">Garancia<\/td>\n<td>ISO: 9001, SONCAP , BV tan\u00fas\u00edtv\u00e1ny, TUV, SGS vagy \u00fcgyfelek tan\u00fas\u00edtv\u00e1nya \u00e1ll rendelkez\u00e9sre<\/td>\n<\/tr>\n<tr>\n<td class=\"label\">MOQ<\/td>\n<td>200KG minden egyes profilhoz<\/td>\n<\/tr>\n<tr>\n<td class=\"label\">Sz\u00e1ll\u00edt\u00e1si id\u0151<\/td>\n<td>A szersz\u00e1mok fejleszt\u00e9se \u00e9s a minta kialak\u00edt\u00e1sa 12-15 nap, majd a gy\u00e1rt\u00e1s id\u0151tartama 15-25 nap a vev\u0151 let\u00e9tbe helyez\u00e9se ut\u00e1n.<\/td>\n<\/tr>\n<tr>\n<td class=\"label\">Ingyenes minta<\/td>\n<td>1-3 nap alatt k\u00fcldhet\u0151<\/td>\n<\/tr>\n<\/table>\n<h2>Gy\u00e1rt\u00f3 b\u00e1zisunk<\/h2>\n<h3>Gy\u00e1ri panor\u00e1ma<\/h3>\n<p><img decoding=\"async\" src=\"\/wp-content\/uploads\/factory-01.webp\"\/><\/p>\n<h3>Alum\u00ednium r\u00fadgy\u00e1rt\u00f3 m\u0171hely<\/h3>\n<p><img decoding=\"async\" src=\"\/wp-content\/uploads\/factory-02.webp\"\/><\/p>\n<p><img decoding=\"async\" src=\"\/wp-content\/uploads\/factory-03.webp\"\/><\/p>\n<h3>Pen\u00e9sz rakt\u00e1r<\/h3>\n<p><img decoding=\"async\" src=\"\/wp-content\/uploads\/factory-04.webp\"\/><\/p>\n<h3>43 alum\u00ednium extrud\u00e1l\u00f3 vonal (500-5500 tonna)<\/h3>\n<p><img decoding=\"async\" src=\"\/wp-content\/uploads\/factory-05.webp\"\/><\/p>\n<p><img decoding=\"async\" src=\"\/wp-content\/uploads\/factory-06.webp\"\/><\/p>\n<p><img decoding=\"async\" src=\"\/wp-content\/uploads\/factory-07.webp\"\/><\/p>\n<h3>Porfest\u0151 m\u0171hely<\/h3>\n<p><img decoding=\"async\" src=\"\/wp-content\/uploads\/factory-09.webp\"\/><\/p>\n<h3>Anodiz\u00e1l\u00f3 m\u0171hely<\/h3>\n<p><img decoding=\"async\" src=\"\/wp-content\/uploads\/factory-10.webp\"\/><\/p>\n<h3>M\u00e9ly feldolgoz\u00e1si m\u0171hely<\/h3>\n<p><img decoding=\"async\" src=\"\/wp-content\/uploads\/factory-11.webp\"\/><\/p>\n<h3>CNC prec\u00edzi\u00f3s megmunk\u00e1l\u00f3 m\u0171hely<\/h3>\n<p><img decoding=\"async\" src=\"\/wp-content\/uploads\/factory-11.5.webp\"\/><\/p>\n<h3>K\u00e9szterm\u00e9k \u00e9s export rakt\u00e1r<\/h3>\n<p><img decoding=\"async\" src=\"\/wp-content\/uploads\/factory-12.webp\"\/><\/p>\n<p><img decoding=\"async\" src=\"\/wp-content\/uploads\/factory-13.webp\"\/><\/p>\n<p><img decoding=\"async\" src=\"\/wp-content\/uploads\/factory-14.webp\"\/><\/p>\n<h2>GYIK<\/h2>\n<p><p><b>1.CNC alum\u00ednium \u00edvelt profilok cs\u00f6vek: Milyen el\u0151nyei vannak a CNC megmunk\u00e1l\u00e1snak az alum\u00ednium \u00edvelt profilok \u00e9s cs\u00f6vek eset\u00e9ben?<\/b><\/p>\n<p>A CNC megmunk\u00e1l\u00e1s nagy pontoss\u00e1got, sz\u0171k t\u0171r\u00e9seket \u00e9s egyedi form\u00e1kat biztos\u00edt, biztos\u00edtva, hogy az alum\u00edniumcs\u00f6vek megfeleljenek az egyedi tervez\u00e9si \u00e9s teljes\u00edtm\u00e9nyk\u00f6vetelm\u00e9nyeknek.<br \/>\n<\/p><br \/>\n<br \/>\n<p><b>2.Hogyan el\u0151ny\u00f6s az alum\u00ednium anyag az \u00edvelt profilok \u00e9s cs\u00f6vek sz\u00e1m\u00e1ra?<\/b><\/p>\n<p>Az alum\u00ednium k\u00f6nny\u0171, er\u0151s \u00e9s korr\u00f3zi\u00f3\u00e1ll\u00f3, \u00edgy ide\u00e1lis tart\u00f3s \u00e9s nagy teljes\u00edtm\u00e9ny\u0171 \u00edvelt profilok \u00e9s cs\u00f6vek k\u00e9sz\u00edt\u00e9s\u00e9hez.<br \/>\n<\/p><br \/>\n<br \/>\n<p><b>3.Can CNC alum\u00ednium \u00edvelt profilok \u00e9s cs\u00f6vek testre szabhat\u00f3?<\/b><\/p>\n<p>Igen, a CNC megmunk\u00e1l\u00e1s lehet\u0151v\u00e9 teszi a teljes testreszab\u00e1st a m\u00e9ret, az alak \u00e9s a kivitel tekintet\u00e9ben, \u00edgy testre szabott megold\u00e1sokat k\u00edn\u00e1l k\u00fcl\u00f6nb\u00f6z\u0151 ipari alkalmaz\u00e1sokhoz.<br \/>\n<\/p><br \/>\n<br \/>\n<p><b>4.Milyen ipar\u00e1gak haszn\u00e1lj\u00e1k a CNC alum\u00ednium \u00edvelt profilokat \u00e9s cs\u00f6veket?<\/b><\/p>\n<p>Az olyan ipar\u00e1gak, mint az aut\u00f3ipar, a rep\u00fcl\u0151g\u00e9pipar, az \u00e9p\u00edt\u0151ipar \u00e9s a feldolgoz\u00f3ipar profit\u00e1lnak a CNC alum\u00ednium \u00edvelt profilok \u00e9s cs\u00f6vek pontoss\u00e1g\u00e1b\u00f3l \u00e9s tart\u00f3ss\u00e1g\u00e1b\u00f3l.<br \/>\n<\/p><br \/>\n<br \/>\n<p><b>5.Hogyan jav\u00edtja az alum\u00ednium korr\u00f3zi\u00f3\u00e1ll\u00f3s\u00e1ga az \u00edvelt profilok \u00e9s cs\u00f6vek \u00e9lettartam\u00e1t?<\/b><\/p>\n<p>Az alum\u00ednium korr\u00f3zi\u00f3\u00e1ll\u00f3s\u00e1ga biztos\u00edtja, hogy az \u00edvelt profilok \u00e9s cs\u00f6vek m\u00e9g zord vagy k\u00fclt\u00e9ri k\u00f6rnyezetben is meg\u0151rzik szil\u00e1rds\u00e1gukat \u00e9s megjelen\u00e9s\u00fcket.<br \/>\n<\/p><br \/>\n<br \/>\n<p><b>6.Milyen t\u00edpus\u00fa projektek alkalmasak a legjobban a CNC alum\u00ednium \u00edvelt profilok \u00e9s cs\u00f6vek sz\u00e1m\u00e1ra?<\/b><\/p>\n<p>A CNC alum\u00ednium \u00edvelt profilok \u00e9s cs\u00f6vek ide\u00e1lisak olyan szerkezeti, aut\u00f3ipari \u00e9s \u00e9p\u00edt\u00e9szeti projektekhez, amelyek prec\u00edz, tart\u00f3s \u00e9s k\u00f6nny\u0171 alkatr\u00e9szeket ig\u00e9nyelnek.<br \/>\n<\/p><br \/>\n<br \/>\n<p><b>7.Hogyan biztos\u00edtja a CNC megmunk\u00e1l\u00e1s a kiv\u00e1l\u00f3 min\u0151s\u00e9g\u0171 alum\u00ednium \u00edvelt profilokat \u00e9s cs\u00f6veket?<\/b><\/p>\n<p>A CNC megmunk\u00e1l\u00e1s lehet\u0151v\u00e9 teszi a pontos v\u00e1g\u00e1st, alak\u00edt\u00e1st \u00e9s befejez\u00e9st, biztos\u00edtva, hogy az alum\u00edniumprofilok \u00e9s -cs\u00f6vek megfeleljenek a szigor\u00fa t\u0171r\u00e9shat\u00e1roknak \u00e9s min\u0151s\u00e9gi szabv\u00e1nyoknak.<br \/>\n<\/p><br \/>\n<br \/>\n<p><b>8.Milyen el\u0151ny\u00f6kkel j\u00e1r az \u00edvelt alum\u00edniumcs\u00f6vek haszn\u00e1lata szerkezeti alkalmaz\u00e1sokban?<\/b><\/p>\n<p>Az \u00edvelt alum\u00edniumcs\u00f6vek szil\u00e1rds\u00e1got, rugalmass\u00e1got \u00e9s eszt\u00e9tikai vonzer\u0151t biztos\u00edtanak, \u00edgy olyan alkalmaz\u00e1sokhoz alkalmasak, amelyek teljes\u00edtm\u00e9nyt \u00e9s tervez\u00e9si rugalmass\u00e1got egyar\u00e1nt ig\u00e9nyelnek.<br \/>\n<\/p><br \/><\/p>","protected":false},"featured_media":0,"template":"","categories":[68],"class_list":["post-8483","product","type-product","status-publish","hentry","category-cnc-machining-aluminum-profile"],"meta_box":{"hilight_text_group":{"product_hilight_text":"<li>Precision CNC machining for custom aluminum curved profiles and tubes with tight tolerances.<\/li>\r\r\n<li>High-strength, lightweight aluminum material ensures durability without added weight.<\/li>\r\r\n<li>Customizable tube shapes and sizes to meet specific project requirements and applications.<\/li>\r\r\n<li>Corrosion-resistant aluminum provides long-lasting performance in various environments.<\/li>\r\r\n<li>Ideal for industries like automotive, construction, and aerospace, where precision and performance are critical.<\/li>","product_chanpin_blog":"<ul>\r\r\n<li><a href=\"https:\/\/sinoextrud.com\/t-slot-v-slot-differences\/\" target=\"_blank\">t slot vs v slot<\/a><\/li>\r\r\n<li><a href=\"https:\/\/sinoextrud.com\/what-is-4040-aluminium-extrud\/\" target=\"_blank\">4040 aluminium extrusion<\/a><\/li>\r\r\n<li><a href=\"https:\/\/sinoextrud.com\/what-is-4040-aluminium-extrud\/\" target=\"_blank\">aluminum extrusions for industrial racks<\/a><\/li>\r\r\n<li><a href=\"https:\/\/sinoextrud.com\/powder-coating-aluminium-process\/\" target=\"_blank\">powder coating aluminium<\/a><\/li>\r\r\n<li><a href=\"https:\/\/sinoextrud.com\/what-is-an-aluminium-strip-ceiling\/\" target=\"_blank\">aluminium strip ceiling<\/a><\/li>\r\r\n<li><a href=\"https:\/\/sinoextrud.com\/what-is-a-heat-sink\/\" target=\"_blank\">what is a heat sink<\/a><\/li>\r\r\n<\/ul>","product_chanpin_chanpin":"<li><a href=\"https:\/\/sinoextrud.com\/product\/cnc-machined-6063-aluminium-extrusion-product\/\" target=\"_blank\">CNC Machined 6063 Aluminium Extrusion Product<\/a><\/li>\r\n<li><a href=\"https:\/\/sinoextrud.com\/product\/aluminum-alloy-cnc-aluminum-controller-shell\/\" target=\"_blank\">Aluminum Alloy CNC Aluminum Controller Shell<\/a><\/li>\r\n<li><a href=\"https:\/\/sinoextrud.com\/product\/aluminium-cnc-factory-punching-extrusion-profile-tubing-sizes-oem\/\" target=\"_blank\">aluminium cnc factory punching extrusion profile tubing sizes OEM<\/a><\/li>\r\n<li><a href=\"https:\/\/sinoextrud.com\/product\/cnc-machining-anodized-item-extruded-aluminum\/\" target=\"_blank\">CNC Machining Anodized Item Extruded Aluminum<\/a><\/li>\r\n<li><a href=\"https:\/\/sinoextrud.com\/product\/cnc-aluminum-curved-profiles-tubes\/\" target=\"_blank\">CNC Aluminum Curved Profiles Tubes<\/a><\/li>\r\n<li><a href=\"https:\/\/sinoextrud.com\/product\/custom-aluminum-extrusion-cnc-machining-aluminum-profile\/\" target=\"_blank\">Custom Aluminum Extrusion CNC Machining Aluminum Profile<\/a><\/li>\r\n<li><a href=\"https:\/\/sinoextrud.com\/product\/custom-3003-aluminum-tube-bending-coolant-tubes\/\" target=\"_blank\">Custom 3003 Aluminum Tube Bending Coolant Tubes<\/a><\/li>\r\n<li><a href=\"https:\/\/sinoextrud.com\/product\/aluminum-extrusion-curtain-wall\/\" target=\"_blank\">Aluminum Extrusion Curtain Wall<\/a><\/li>\r\n<li><a href=\"https:\/\/sinoextrud.com\/product\/aluminum-profile-for-cnc\/\" target=\"_blank\">Aluminum Profile For CNC<\/a><\/li>\r\n<li><a href=\"https:\/\/sinoextrud.com\/product\/customized-matt-electrophoresis-aluminum-extrusions-profile-for-building-material\/\" target=\"_blank\">Customized Matt Electrophoresis Aluminum Extrusions Profile For Building Material<\/a><\/li>\r\n<li><a href=\"https:\/\/sinoextrud.com\/product\/clip-in-tile-ceiling-system\/\" target=\"_blank\">Clip-in Tile Ceiling System<\/a><\/li>"},"feature_list":[]},"_links":{"self":[{"href":"https:\/\/sinoextrud.com\/hu\/wp-json\/wp\/v2\/product\/8483","targetHints":{"allow":["GET"]}}],"collection":[{"href":"https:\/\/sinoextrud.com\/hu\/wp-json\/wp\/v2\/product"}],"about":[{"href":"https:\/\/sinoextrud.com\/hu\/wp-json\/wp\/v2\/types\/product"}],"wp:attachment":[{"href":"https:\/\/sinoextrud.com\/hu\/wp-json\/wp\/v2\/media?parent=8483"}],"wp:term":[{"taxonomy":"category","embeddable":true,"href":"https:\/\/sinoextrud.com\/hu\/wp-json\/wp\/v2\/categories?post=8483"}],"curies":[{"name":"wp","href":"https:\/\/api.w.org\/{rel}","templated":true}]}}