{"id":8477,"date":"2025-06-16T13:15:36","date_gmt":"2025-06-16T13:15:36","guid":{"rendered":"https:\/\/sinoextrud.com\/product\/aluminum-alloy-cnc-aluminum-controller-shell\/"},"modified":"2025-06-24T06:23:58","modified_gmt":"2025-06-24T06:23:58","slug":"aluminium-otvozet-cnc-aluminium-vezerlo-hej","status":"publish","type":"product","link":"https:\/\/sinoextrud.com\/hu\/product\/aluminum-alloy-cnc-aluminum-controller-shell\/","title":{"rendered":"Alum\u00ednium \u00f6tv\u00f6zet CNC alum\u00ednium vez\u00e9rl\u0151 h\u00e9j"},"content":{"rendered":"<h2>Term\u00e9kek r\u00e9szletei<\/h2>\n<table class=\"custom-table\">\n<tbody>\n<tr>\n<td> T\u00e9tel neve:<\/td>\n<td> Alum\u00ednium \u00f6tv\u00f6zet CNC alum\u00ednium vez\u00e9rl\u0151 h\u00e9j<\/td>\n<td> Oszt\u00e1ly:<\/td>\n<td> 6000-es sorozat<\/td>\n<\/tr>\n<tr>\n<td> Lelkiismeretesen:<\/td>\n<td> T3-T8<\/td>\n<td> \u00d6tv\u00f6zet vagy sem:<\/td>\n<td> \u00d6tv\u00f6zet<\/td>\n<\/tr>\n<tr>\n<td> Tolerancia:<\/td>\n<td> \u00b10,5%<\/td>\n<td> Alak:<\/td>\n<td> Testreszabott<\/td>\n<\/tr>\n<tr>\n<td> Sz\u00e1rmaz\u00e1si hely:<\/td>\n<td> Guangdong, K\u00edna<\/td>\n<td> M\u00e1rka:<\/td>\n<td> Sinoextrud (Sinoextrud), Sinoextrud, Sinoextrud, Sinoextrud<\/td>\n<\/tr>\n<tr>\n<td> MOQ:<\/td>\n<td> 200KGS minden profilhoz<\/td>\n<td> Fizet\u00e9si hat\u00e1rid\u0151:<\/td>\n<td> T \/ T (30% let\u00e9t, 70% egyenleg sz\u00e1ll\u00edt\u00e1s el\u0151tt), L \/ C<\/td>\n<\/tr>\n<tr>\n<td> Kik\u00f6t\u0151:<\/td>\n<td> FOB Guangzhou, Shenzhen, Foshan<\/td>\n<td> Sz\u00e1ll\u00edt\u00e1si id\u0151:<\/td>\n<td> 20-30 munkanap<\/td>\n<\/tr>\n<tr>\n<td> Alkalmaz\u00e1s:<\/td>\n<td> elektronikus term\u00e9kek<\/td>\n<td> Szabv\u00e1nyos:<\/td>\n<td> K\u00f6zepes \u00e9s magas min\u0151s\u00e9g<\/td>\n<\/tr>\n<tr>\n<td> Sz\u00edn:<\/td>\n<td> Testreszabott<\/td>\n<td> Tan\u00fas\u00edtv\u00e1ny<\/td>\n<td> CQM, SGS, CE, BV, SONCAP \/ GB, ISO, JIS, AS, NZS, QUALICOAT, QUOLANOD<\/td>\n<\/tr>\n<\/tbody>\n<\/table>\n<h2>Gy\u00e1rt\u00f3 b\u00e1zisunk<\/h2>\n<h3>Gy\u00e1ri panor\u00e1ma<\/h3>\n<p><img decoding=\"async\" src=\"\/wp-content\/uploads\/factory-01.webp\"\/><\/p>\n<h3>Alum\u00ednium r\u00fadgy\u00e1rt\u00f3 m\u0171hely<\/h3>\n<p><img decoding=\"async\" src=\"\/wp-content\/uploads\/factory-02.webp\"\/><\/p>\n<p><img decoding=\"async\" src=\"\/wp-content\/uploads\/factory-03.webp\"\/><\/p>\n<h3>Pen\u00e9sz rakt\u00e1r<\/h3>\n<p><img decoding=\"async\" src=\"\/wp-content\/uploads\/factory-04.webp\"\/><\/p>\n<h3>43 alum\u00ednium extrud\u00e1l\u00f3 vonal (500-5500 tonna)<\/h3>\n<p><img decoding=\"async\" src=\"\/wp-content\/uploads\/factory-05.webp\"\/><\/p>\n<p><img decoding=\"async\" src=\"\/wp-content\/uploads\/factory-06.webp\"\/><\/p>\n<p><img decoding=\"async\" src=\"\/wp-content\/uploads\/factory-07.webp\"\/><\/p>\n<h3>Porfest\u0151 m\u0171hely<\/h3>\n<p><img decoding=\"async\" src=\"\/wp-content\/uploads\/factory-09.webp\"\/><\/p>\n<h3>Anodiz\u00e1l\u00f3 m\u0171hely<\/h3>\n<p><img decoding=\"async\" src=\"\/wp-content\/uploads\/factory-10.webp\"\/><\/p>\n<h3>M\u00e9ly feldolgoz\u00e1si m\u0171hely<\/h3>\n<p><img decoding=\"async\" src=\"\/wp-content\/uploads\/factory-11.webp\"\/><\/p>\n<h3>CNC prec\u00edzi\u00f3s megmunk\u00e1l\u00f3 m\u0171hely<\/h3>\n<p><img decoding=\"async\" src=\"\/wp-content\/uploads\/factory-11.5.webp\"\/><\/p>\n<h3>K\u00e9szterm\u00e9k \u00e9s export rakt\u00e1r<\/h3>\n<p><img decoding=\"async\" src=\"\/wp-content\/uploads\/factory-12.webp\"\/><\/p>\n<p><img decoding=\"async\" src=\"\/wp-content\/uploads\/factory-13.webp\"\/><\/p>\n<p><img decoding=\"async\" src=\"\/wp-content\/uploads\/factory-14.webp\"\/><\/p>\n<h2>GYIK<\/h2>\n<p><p><b>1.Aluminum Alloy CNC alum\u00ednium vez\u00e9rl\u0151 h\u00e9j: Milyen el\u0151ny\u00f6kkel j\u00e1r a CNC megmunk\u00e1l\u00e1s a vez\u00e9rl\u0151h\u00e9jakhoz?<\/b><\/p>\n<p>A CNC megmunk\u00e1l\u00e1s nagy pontoss\u00e1got tesz lehet\u0151v\u00e9, biztos\u00edtva, hogy az alum\u00ednium\u00f6tv\u00f6zetb\u0151l k\u00e9sz\u00fclt vez\u00e9rl\u0151h\u00e9jak t\u00f6k\u00e9letesen illeszkedjenek, \u00e9s optim\u00e1lis v\u00e9delmet ny\u00fajtsanak az \u00e9rz\u00e9keny alkatr\u00e9szek sz\u00e1m\u00e1ra.<br \/>\n<\/p><br \/>\n<br \/>\n<p><b>2.Hogyan jav\u00edtja az alum\u00ednium\u00f6tv\u00f6zet a vez\u00e9rl\u0151h\u00e9jak teljes\u00edtm\u00e9ny\u00e9t?<\/b><\/p>\n<p>Az alum\u00ednium\u00f6tv\u00f6zet er\u0151s, m\u00e9gis k\u00f6nny\u0171 anyagot biztos\u00edt, amely v\u00e9di a bels\u0151 elektronik\u00e1t, mik\u00f6zben biztos\u00edtja a tart\u00f3ss\u00e1got \u00e9s a k\u00f6rnyezeti t\u00e9nyez\u0151kkel szembeni ellen\u00e1ll\u00e1st.<br \/>\n<\/p><br \/>\n<br \/>\n<p><b>3.Can a CNC alum\u00ednium vez\u00e9rl\u0151 h\u00e9jak testre szabhat\u00f3ak k\u00fcl\u00f6nb\u00f6z\u0151 alkalmaz\u00e1sokhoz?<\/b><\/p>\n<p>Igen, a CNC megmunk\u00e1l\u00e1s lehet\u0151v\u00e9 teszi a m\u00e9ret, az alak \u00e9s a kivitel testreszab\u00e1s\u00e1t, \u00edgy az alum\u00ednium\u00f6tv\u00f6zetb\u0151l k\u00e9sz\u00fclt vez\u00e9rl\u0151h\u00e1zak alkalmazkodnak a k\u00fcl\u00f6nb\u00f6z\u0151 alkalmaz\u00e1si ig\u00e9nyekhez.<br \/>\n<\/p><br \/>\n<br \/>\n<p><b>4.Milyen ipar\u00e1gak profit\u00e1lhatnak az alum\u00ednium\u00f6tv\u00f6zetb\u0151l k\u00e9sz\u00fclt CNC-vez\u00e9rl\u0151 h\u00e9jak haszn\u00e1lat\u00e1b\u00f3l?<\/b><\/p>\n<p>Az olyan ipar\u00e1gak, mint az elektronika, az aut\u00f3ipar, a rep\u00fcl\u0151g\u00e9pipar \u00e9s az automatiz\u00e1l\u00e1s profit\u00e1lnak a CNC megmunk\u00e1lt alum\u00ednium vez\u00e9rl\u0151h\u00e9jak \u00e1ltal k\u00edn\u00e1lt szil\u00e1rds\u00e1gb\u00f3l, pontoss\u00e1gb\u00f3l \u00e9s v\u00e9delemb\u0151l.<br \/>\n<\/p><br \/>\n<br \/>\n<p><b>5.Hogyan el\u0151ny\u00f6s az alum\u00ednium\u00f6tv\u00f6zet korr\u00f3zi\u00f3\u00e1ll\u00f3s\u00e1ga a vez\u00e9rl\u0151h\u00e9jak sz\u00e1m\u00e1ra?<\/b><\/p>\n<p>Az alum\u00ednium\u00f6tv\u00f6zet korr\u00f3zi\u00f3\u00e1ll\u00f3 tulajdons\u00e1gai biztos\u00edtj\u00e1k, hogy a vez\u00e9rl\u0151h\u00e9jak m\u00e9g zord vagy k\u00fclt\u00e9ri k\u00f6rnyezetben is s\u00e9rtetlenek \u00e9s m\u0171k\u00f6d\u0151k\u00e9pesek maradnak, meghosszabb\u00edtva ezzel a term\u00e9k \u00e9lettartam\u00e1t.<br \/>\n<\/p><br \/>\n<br \/>\n<p><b>6.Az alum\u00ednium \u00f6tv\u00f6zetb\u0151l k\u00e9sz\u00fclt vez\u00e9rl\u0151h\u00e9j k\u00f6nny\u0171?<\/b><\/p>\n<p>Igen, az alum\u00ednium\u00f6tv\u00f6zet k\u00f6nny\u0171, \u00edgy k\u00f6nnyen kezelhet\u0151 \u00e9s sz\u00e1ll\u00edthat\u00f3, ugyanakkor az elektronikai v\u00e9delemhez sz\u00fcks\u00e9ges szil\u00e1rds\u00e1got is biztos\u00edtja.<br \/>\n<\/p><br \/>\n<br \/>\n<p><b>7.Mi teszi az alum\u00ednium\u00f6tv\u00f6zetet j\u00f3 v\u00e1laszt\u00e1ss\u00e1 a vez\u00e9rl\u0151h\u00e9jakhoz?<\/b><\/p>\n<p>Az alum\u00ednium\u00f6tv\u00f6zet er\u0151s, k\u00f6nny\u0171 \u00e9s tart\u00f3s anyagot k\u00edn\u00e1l, amely kiv\u00e1l\u00f3 v\u00e9delmet ny\u00fajt az elektronik\u00e1nak, mik\u00f6zben ellen\u00e1ll a korr\u00f3zi\u00f3nak \u00e9s a kop\u00e1snak.<br \/>\n<\/p><br \/>\n<br \/>\n<p><b>8.Hogyan jav\u00edtja a CNC megmunk\u00e1l\u00e1s az alum\u00ednium vez\u00e9rl\u0151h\u00e9jak min\u0151s\u00e9g\u00e9t?<\/b><\/p>\n<p>A CNC megmunk\u00e1l\u00e1s nagy pontoss\u00e1got, sz\u0171k t\u0171r\u00e9seket \u00e9s sima fel\u00fcletet biztos\u00edt, \u00edgy az alum\u00ednium\u00f6tv\u00f6zetb\u0151l k\u00e9sz\u00fclt vez\u00e9rl\u0151h\u00e9jak funkcion\u00e1lisak \u00e9s eszt\u00e9tikusak is.<br \/>\n<\/p><br \/><\/p>","protected":false},"featured_media":8476,"template":"","categories":[68],"class_list":["post-8477","product","type-product","status-publish","has-post-thumbnail","hentry","category-cnc-machining-aluminum-profile"],"meta_box":{"hilight_text_group":{"product_hilight_text":"<li>Precision CNC machining ensures high accuracy and custom fits for aluminum alloy controller shells.<\/li>\r\r\n<li>Durable aluminum alloy construction provides strength and protection for sensitive electronic components.<\/li>\r\r\n<li>Lightweight design reduces overall weight, improving portability and ease of use.<\/li>\r\r\n<li>Excellent corrosion resistance, making the controller shell suitable for a variety of environments.<\/li>\r\r\n<li>Customizable designs and finishes to meet specific client and application requirements.<\/li>","product_chanpin_blog":"<ul>\r\r\n<li><a href=\"https:\/\/sinoextrud.com\/t-slot-v-slot-differences\/\" target=\"_blank\">t slot vs v slot<\/a><\/li>\r\r\n<li><a href=\"https:\/\/sinoextrud.com\/what-is-4040-aluminium-extrud\/\" target=\"_blank\">4040 aluminium extrusion<\/a><\/li>\r\r\n<li><a href=\"https:\/\/sinoextrud.com\/what-is-4040-aluminium-extrud\/\" target=\"_blank\">aluminum extrusions for industrial racks<\/a><\/li>\r\r\n<li><a href=\"https:\/\/sinoextrud.com\/powder-coating-aluminium-process\/\" target=\"_blank\">powder coating aluminium<\/a><\/li>\r\r\n<li><a href=\"https:\/\/sinoextrud.com\/what-is-an-aluminium-strip-ceiling\/\" target=\"_blank\">aluminium strip ceiling<\/a><\/li>\r\r\n<li><a href=\"https:\/\/sinoextrud.com\/what-is-a-heat-sink\/\" target=\"_blank\">what is a heat sink<\/a><\/li>\r\r\n<\/ul>","product_chanpin_chanpin":"<li><a href=\"https:\/\/sinoextrud.com\/product\/aluminum-extrusion-high-strength-cnc-drilling-7003-aluminum-round-pipe\/\" target=\"_blank\">Aluminum Extrusion High-strength CNC Drilling 7003 Aluminum Round Pipe<\/a><\/li>\r\n<li><a href=\"https:\/\/sinoextrud.com\/product\/cnc-machining-aluminium-profile-connectors\/\" target=\"_blank\">CNC Machining Aluminium Profile Connectors<\/a><\/li>\r\n<li><a href=\"https:\/\/sinoextrud.com\/product\/cnc-machining-anodized-aluminum-extrusions\/\" target=\"_blank\">CNC Machining Anodized Aluminum Extrusions<\/a><\/li>\r\n<li><a href=\"https:\/\/sinoextrud.com\/product\/cnc-machined-6063-aluminium-extrusion-product\/\" target=\"_blank\">CNC Machined 6063 Aluminium Extrusion Product<\/a><\/li>\r\n<li><a href=\"https:\/\/sinoextrud.com\/product\/aluminum-alloy-cnc-aluminum-controller-shell\/\" target=\"_blank\">Aluminum Alloy CNC Aluminum Controller Shell<\/a><\/li>\r\n<li><a href=\"https:\/\/sinoextrud.com\/product\/aluminium-cnc-factory-punching-extrusion-profile-tubing-sizes-oem\/\" target=\"_blank\">aluminium cnc factory punching extrusion profile tubing sizes OEM<\/a><\/li>\r\n<li><a href=\"https:\/\/sinoextrud.com\/product\/cnc-machining-anodized-item-extruded-aluminum\/\" target=\"_blank\">CNC Machining Anodized Item Extruded Aluminum<\/a><\/li>\r\n<li><a href=\"https:\/\/sinoextrud.com\/product\/cnc-aluminum-curved-profiles-tubes\/\" target=\"_blank\">CNC Aluminum Curved Profiles Tubes<\/a><\/li>\r\n<li><a href=\"https:\/\/sinoextrud.com\/product\/custom-aluminum-extrusion-cnc-machining-aluminum-profile\/\" target=\"_blank\">Custom Aluminum Extrusion CNC Machining Aluminum Profile<\/a><\/li>\r\n<li><a href=\"https:\/\/sinoextrud.com\/product\/sound-proof-aluminum-glass-casement-windows-sliding-windows-and-doors-aluminum-profile-for-buildings-louver-system\/\" target=\"_blank\">Sound-proof Aluminum Glass Casement Windows Sliding Windows And Doors Aluminum Profile For Buildings Louver System<\/a><\/li>\r\n<li><a href=\"https:\/\/sinoextrud.com\/product\/anodized-extruded-aluminum\/\" target=\"_blank\">Anodized Extruded Aluminum<\/a><\/li>"},"feature_list":[]},"_links":{"self":[{"href":"https:\/\/sinoextrud.com\/hu\/wp-json\/wp\/v2\/product\/8477","targetHints":{"allow":["GET"]}}],"collection":[{"href":"https:\/\/sinoextrud.com\/hu\/wp-json\/wp\/v2\/product"}],"about":[{"href":"https:\/\/sinoextrud.com\/hu\/wp-json\/wp\/v2\/types\/product"}],"wp:featuredmedia":[{"embeddable":true,"href":"https:\/\/sinoextrud.com\/hu\/wp-json\/wp\/v2\/media\/8476"}],"wp:attachment":[{"href":"https:\/\/sinoextrud.com\/hu\/wp-json\/wp\/v2\/media?parent=8477"}],"wp:term":[{"taxonomy":"category","embeddable":true,"href":"https:\/\/sinoextrud.com\/hu\/wp-json\/wp\/v2\/categories?post=8477"}],"curies":[{"name":"wp","href":"https:\/\/api.w.org\/{rel}","templated":true}]}}