{"id":8459,"date":"2025-06-16T06:19:07","date_gmt":"2025-06-16T06:19:07","guid":{"rendered":"https:\/\/sinoextrud.com\/product\/cnc-machined-6063-aluminium-extrusion-product\/"},"modified":"2025-06-24T06:23:56","modified_gmt":"2025-06-24T06:23:56","slug":"cnc-megmunkalt-6063-aluminium-extrudalt-termek","status":"publish","type":"product","link":"https:\/\/sinoextrud.com\/hu\/product\/cnc-machined-6063-aluminium-extrusion-product\/","title":{"rendered":"CNC megmunk\u00e1lt 6063 alum\u00ednium extrud\u00e1lt term\u00e9k"},"content":{"rendered":"<h2>Term\u00e9kek r\u00e9szletei<\/h2>\n<table class=\"custom-table\">\n<tbody>\n<tr>\n<td> Oszt\u00e1ly:<\/td>\n<td> 6063 -t5<\/td>\n<\/tr>\n<tr>\n<td> Technika:<\/td>\n<td> CNC megmunk\u00e1lt 6063 alum\u00ednium extrud\u00e1lt term\u00e9k<\/td>\n<\/tr>\n<tr>\n<td> Lelkiismeretesen:<\/td>\n<td> T3 - T8<\/td>\n<\/tr>\n<tr>\n<td> Megmunk\u00e1l\u00e1si szolg\u00e1ltat\u00e1sok:<\/td>\n<td> F\u00far\u00e1s, csavaroz\u00e1s, szegecsel\u00e9s, \u00f6sszeszerel\u00e9s stb.<\/td>\n<\/tr>\n<tr>\n<td> V\u00e9djegy:<\/td>\n<td> Sinoextrud Sinoextrud Sinoextrud <\/td>\n<\/tr>\n<tr>\n<td> T\u00edpus:<\/td>\n<td> CNC megmunk\u00e1lt 6063 alum\u00ednium extrud\u00e1lt term\u00e9k<\/td>\n<\/tr>\n<tr>\n<td> Alak:<\/td>\n<td> K\u00e9sz\u00fclt az \u00fcgyfelek tervei szerint<\/td>\n<\/tr>\n<tr>\n<td> Fel\u00fcletkezel\u00e9s:<\/td>\n<td> Mill Finish elox\u00e1lt csiszolt<\/td>\n<\/tr>\n<tr>\n<td> Hossz\u00fas\u00e1g:<\/td>\n<td> 1m \u00e9s 9m k\u00f6z\u00f6tt hosszonk\u00e9nt<\/td>\n<\/tr>\n<tr>\n<td> Sz\u00ednek:<\/td>\n<td> Ez\u00fcst Fekete<\/td>\n<\/tr>\n<tr>\n<td> HS-k\u00f3d:<\/td>\n<td> 76042990<\/td>\n<\/tr>\n<\/tbody>\n<\/table>\n<h2>Gy\u00e1rt\u00f3 b\u00e1zisunk<\/h2>\n<h3>Gy\u00e1ri panor\u00e1ma<\/h3>\n<p><img decoding=\"async\" src=\"\/wp-content\/uploads\/factory-01.webp\"\/><\/p>\n<h3>Alum\u00ednium r\u00fadgy\u00e1rt\u00f3 m\u0171hely<\/h3>\n<p><img decoding=\"async\" src=\"\/wp-content\/uploads\/factory-02.webp\"\/><\/p>\n<p><img decoding=\"async\" src=\"\/wp-content\/uploads\/factory-03.webp\"\/><\/p>\n<h3>Pen\u00e9sz rakt\u00e1r<\/h3>\n<p><img decoding=\"async\" src=\"\/wp-content\/uploads\/factory-04.webp\"\/><\/p>\n<h3>43 alum\u00ednium extrud\u00e1l\u00f3 vonal (500-5500 tonna)<\/h3>\n<p><img decoding=\"async\" src=\"\/wp-content\/uploads\/factory-05.webp\"\/><\/p>\n<p><img decoding=\"async\" src=\"\/wp-content\/uploads\/factory-06.webp\"\/><\/p>\n<p><img decoding=\"async\" src=\"\/wp-content\/uploads\/factory-07.webp\"\/><\/p>\n<h3>Porfest\u0151 m\u0171hely<\/h3>\n<p><img decoding=\"async\" src=\"\/wp-content\/uploads\/factory-09.webp\"\/><\/p>\n<h3>Anodiz\u00e1l\u00f3 m\u0171hely<\/h3>\n<p><img decoding=\"async\" src=\"\/wp-content\/uploads\/factory-10.webp\"\/><\/p>\n<h3>M\u00e9ly feldolgoz\u00e1si m\u0171hely<\/h3>\n<p><img decoding=\"async\" src=\"\/wp-content\/uploads\/factory-11.webp\"\/><\/p>\n<h3>CNC prec\u00edzi\u00f3s megmunk\u00e1l\u00f3 m\u0171hely<\/h3>\n<p><img decoding=\"async\" src=\"\/wp-content\/uploads\/factory-11.5.webp\"\/><\/p>\n<h3>K\u00e9szterm\u00e9k \u00e9s export rakt\u00e1r<\/h3>\n<p><img decoding=\"async\" src=\"\/wp-content\/uploads\/factory-12.webp\"\/><\/p>\n<p><img decoding=\"async\" src=\"\/wp-content\/uploads\/factory-13.webp\"\/><\/p>\n<p><img decoding=\"async\" src=\"\/wp-content\/uploads\/factory-14.webp\"\/><\/p>\n<h2>GYIK<\/h2>\n<p><p><b>1.CNC megmunk\u00e1lt 6063 alum\u00ednium extrud\u00e1lt term\u00e9k: Mi teszi a 6063 alum\u00edniumot ide\u00e1lis CNC megmunk\u00e1l\u00e1shoz?<\/b><\/p>\n<p>A 6063-as alum\u00ednium kiv\u00e1l\u00f3 megmunk\u00e1lhat\u00f3s\u00e1ggal rendelkezik, lehet\u0151v\u00e9 t\u00e9ve a nagy pontoss\u00e1g\u00fa v\u00e1g\u00e1sokat \u00e9s fel\u00fcletkezel\u00e9st, \u00edgy t\u00f6k\u00e9letesen alkalmas egyedi \u00e9s \u00f6sszetett alkalmaz\u00e1sokhoz.<br \/>\n<\/p><br \/>\n<br \/>\n<p><b>2.Hogyan el\u0151ny\u00f6s a 6063 alum\u00ednium korr\u00f3zi\u00f3\u00e1ll\u00f3s\u00e1ga az alkalmaz\u00e1sokban?<\/b><\/p>\n<p>A 6063-as alum\u00ednium kiv\u00e1l\u00f3 korr\u00f3zi\u00f3\u00e1ll\u00f3s\u00e1got biztos\u00edt, \u00edgy ide\u00e1lis k\u00fclt\u00e9ri \u00e9s zord k\u00f6rnyezeti alkalmaz\u00e1sokhoz, ahol a hossz\u00fa \u00e9lettartam \u00e9s a tart\u00f3ss\u00e1g kulcsfontoss\u00e1g\u00fa.<br \/>\n<\/p><br \/>\n<br \/>\n<p><b>3.Can a CNC megmunk\u00e1lt 6063 alum\u00ednium extrud\u00e1l\u00e1sok testre szabhat\u00f3ak?<\/b><\/p>\n<p>Igen, a CNC megmunk\u00e1l\u00e1s lehet\u0151v\u00e9 teszi a nagym\u00e9rt\u00e9kben testreszabhat\u00f3 form\u00e1k \u00e9s m\u00e9retek kialak\u00edt\u00e1s\u00e1t az egyedi ipari \u00e9s \u00e9p\u00edt\u00e9szeti tervez\u00e9si k\u00f6vetelm\u00e9nyek teljes\u00edt\u00e9se \u00e9rdek\u00e9ben.<br \/>\n<\/p><br \/>\n<br \/>\n<p><b>4.Milyen ipar\u00e1gak haszn\u00e1lj\u00e1k tipikusan a CNC megmunk\u00e1lt 6063 alum\u00ednium extrud\u00e1l\u00e1st?<\/b><\/p>\n<p>Az olyan ipar\u00e1gak, mint az \u00e9p\u00edt\u0151ipar, az aut\u00f3ipar, a rep\u00fcl\u0151g\u00e9pipar \u00e9s az elektronika profit\u00e1lnak a CNC megmunk\u00e1lt 6063-as alum\u00ednium extrud\u00e1l\u00e1sok szil\u00e1rds\u00e1g\u00e1b\u00f3l, pontoss\u00e1g\u00e1b\u00f3l \u00e9s tart\u00f3ss\u00e1g\u00e1b\u00f3l.<br \/>\n<\/p><br \/>\n<br \/>\n<p><b>5.Hogyan jav\u00edtja a 6063-as alum\u00ednium szil\u00e1rds\u00e1g\/t\u00f6meg ar\u00e1nya a k\u00fcl\u00f6nb\u00f6z\u0151 projektekben val\u00f3 felhaszn\u00e1l\u00e1s\u00e1t?<\/b><\/p>\n<p>A 6063-as alum\u00ednium k\u00f6nny\u0171, m\u00e9gis er\u0151s jellege miatt ide\u00e1lis szerkezeti alkalmaz\u00e1sokhoz, ahol sz\u00fcks\u00e9g van a szil\u00e1rds\u00e1gra an\u00e9lk\u00fcl, hogy felesleges s\u00falyt adn\u00e1nak hozz\u00e1.<br \/>\n<\/p><br \/>\n<br \/>\n<p><b>6.A 6063 alum\u00ednium alkalmas mind belt\u00e9ri, mind k\u00fclt\u00e9ri alkalmaz\u00e1sokhoz?<\/b><\/p>\n<p>Igen, a 6063-as alum\u00ednium kiv\u00e1l\u00f3 korr\u00f3zi\u00f3\u00e1ll\u00f3s\u00e1ga miatt belt\u00e9ri \u00e9s k\u00fclt\u00e9ri alkalmaz\u00e1sokhoz egyar\u00e1nt alkalmas, m\u00e9g zord id\u0151j\u00e1r\u00e1si k\u00f6r\u00fclm\u00e9nyek k\u00f6z\u00f6tt is.<br \/>\n<\/p><br \/>\n<br \/>\n<p><b>7.Hogyan n\u00f6veli a CNC megmunk\u00e1l\u00e1s a 6063-as alum\u00ednium extrud\u00e1l\u00e1sok teljes\u00edtm\u00e9ny\u00e9t?<\/b><\/p>\n<p>A CNC megmunk\u00e1l\u00e1s pontos v\u00e1g\u00e1sokat \u00e9s fel\u00fcleteket biztos\u00edt, \u00edgy a 6063-as alum\u00ednium extrud\u00e1l\u00e1sok megfelelnek a sz\u0171k t\u0171r\u00e9shat\u00e1roknak, \u00e9s hat\u00e9konyan m\u0171k\u00f6dnek az alkalmaz\u00e1sok sz\u00e9les k\u00f6r\u00e9ben.<br \/>\n<\/p><br \/>\n<br \/>\n<p><b>8.Milyen el\u0151ny\u00f6kkel j\u00e1r a 6063-as alum\u00ednium haszn\u00e1lata szerkezeti alkalmaz\u00e1sokban?<\/b><\/p>\n<p>A 6063-as alum\u00ednium szil\u00e1rds\u00e1got, k\u00f6nny\u0171 s\u00falyt \u00e9s kiv\u00e1l\u00f3 korr\u00f3zi\u00f3\u00e1ll\u00f3s\u00e1got k\u00edn\u00e1l, \u00edgy t\u00f6k\u00e9letesen alkalmas k\u00fcl\u00f6nb\u00f6z\u0151 ipar\u00e1gak szerkezeti alkatr\u00e9szeinek gy\u00e1rt\u00e1s\u00e1ra.<br \/>\n<\/p><br \/><\/p>","protected":false},"featured_media":8458,"template":"","categories":[68],"class_list":["post-8459","product","type-product","status-publish","has-post-thumbnail","hentry","category-cnc-machining-aluminum-profile"],"meta_box":{"hilight_text_group":{"product_hilight_text":"<li>Precision CNC machining ensures tight tolerances and high-quality finishes for 6063 aluminum extrusions.<\/li>\r\r\n<li>6063 aluminum is known for its excellent corrosion resistance and is ideal for outdoor and structural applications.<\/li>\r\r\n<li>Customizable extrusions to fit specific industrial and architectural design requirements.<\/li>\r\r\n<li>Lightweight yet strong, offering optimal strength-to-weight ratio for various applications.<\/li>\r\r\n<li>Easy to process and machine, providing flexibility for complex and custom designs.<\/li>","product_chanpin_blog":"<ul>\r\r\n<li><a href=\"https:\/\/sinoextrud.com\/t-slot-v-slot-differences\/\" target=\"_blank\">t slot vs v slot<\/a><\/li>\r\r\n<li><a href=\"https:\/\/sinoextrud.com\/what-is-4040-aluminium-extrud\/\" target=\"_blank\">4040 aluminium extrusion<\/a><\/li>\r\r\n<li><a href=\"https:\/\/sinoextrud.com\/what-is-4040-aluminium-extrud\/\" target=\"_blank\">aluminum extrusions for industrial racks<\/a><\/li>\r\r\n<li><a href=\"https:\/\/sinoextrud.com\/powder-coating-aluminium-process\/\" target=\"_blank\">powder coating aluminium<\/a><\/li>\r\r\n<li><a href=\"https:\/\/sinoextrud.com\/what-is-an-aluminium-strip-ceiling\/\" target=\"_blank\">aluminium strip ceiling<\/a><\/li>\r\r\n<li><a href=\"https:\/\/sinoextrud.com\/what-is-a-heat-sink\/\" target=\"_blank\">what is a heat sink<\/a><\/li>\r\r\n<\/ul>","product_chanpin_chanpin":"<li><a href=\"https:\/\/sinoextrud.com\/product\/aluminum-extrusion-custom-electric-vehicle-battery-enclosure-aluminum-profile\/\" target=\"_blank\">Aluminum Extrusion Custom Electric Vehicle Battery Enclosure Aluminum Profile<\/a><\/li>\r\n<li><a href=\"https:\/\/sinoextrud.com\/product\/aluminum-extrusion-high-strength-cnc-drilling-7003-aluminum-round-pipe\/\" target=\"_blank\">Aluminum Extrusion High-strength CNC Drilling 7003 Aluminum Round Pipe<\/a><\/li>\r\n<li><a href=\"https:\/\/sinoextrud.com\/product\/cnc-machining-aluminium-profile-connectors\/\" target=\"_blank\">CNC Machining Aluminium Profile Connectors<\/a><\/li>\r\n<li><a href=\"https:\/\/sinoextrud.com\/product\/cnc-machining-anodized-aluminum-extrusions\/\" target=\"_blank\">CNC Machining Anodized Aluminum Extrusions<\/a><\/li>\r\n<li><a href=\"https:\/\/sinoextrud.com\/product\/cnc-machined-6063-aluminium-extrusion-product\/\" target=\"_blank\">CNC Machined 6063 Aluminium Extrusion Product<\/a><\/li>\r\n<li><a href=\"https:\/\/sinoextrud.com\/product\/aluminum-alloy-cnc-aluminum-controller-shell\/\" target=\"_blank\">Aluminum Alloy CNC Aluminum Controller Shell<\/a><\/li>\r\n<li><a href=\"https:\/\/sinoextrud.com\/product\/aluminium-cnc-factory-punching-extrusion-profile-tubing-sizes-oem\/\" target=\"_blank\">aluminium cnc factory punching extrusion profile tubing sizes OEM<\/a><\/li>\r\n<li><a href=\"https:\/\/sinoextrud.com\/product\/cnc-machining-anodized-item-extruded-aluminum\/\" target=\"_blank\">CNC Machining Anodized Item Extruded Aluminum<\/a><\/li>\r\n<li><a href=\"https:\/\/sinoextrud.com\/product\/cnc-aluminum-curved-profiles-tubes\/\" target=\"_blank\">CNC Aluminum Curved Profiles Tubes<\/a><\/li>\r\n<li><a href=\"https:\/\/sinoextrud.com\/product\/slotted-aluminium-extrusion\/\" target=\"_blank\">Slotted Aluminium Extrusion<\/a><\/li>\r\n<li><a href=\"https:\/\/sinoextrud.com\/product\/wall-aluminum-profile-decoration-t-shaped-edge-trim\/\" target=\"_blank\">Wall Aluminum Profile Decoration T Shaped Edge Trim<\/a><\/li>"},"feature_list":[]},"_links":{"self":[{"href":"https:\/\/sinoextrud.com\/hu\/wp-json\/wp\/v2\/product\/8459","targetHints":{"allow":["GET"]}}],"collection":[{"href":"https:\/\/sinoextrud.com\/hu\/wp-json\/wp\/v2\/product"}],"about":[{"href":"https:\/\/sinoextrud.com\/hu\/wp-json\/wp\/v2\/types\/product"}],"wp:featuredmedia":[{"embeddable":true,"href":"https:\/\/sinoextrud.com\/hu\/wp-json\/wp\/v2\/media\/8458"}],"wp:attachment":[{"href":"https:\/\/sinoextrud.com\/hu\/wp-json\/wp\/v2\/media?parent=8459"}],"wp:term":[{"taxonomy":"category","embeddable":true,"href":"https:\/\/sinoextrud.com\/hu\/wp-json\/wp\/v2\/categories?post=8459"}],"curies":[{"name":"wp","href":"https:\/\/api.w.org\/{rel}","templated":true}]}}