{"id":8455,"date":"2025-06-16T06:16:27","date_gmt":"2025-06-16T06:16:27","guid":{"rendered":"https:\/\/sinoextrud.com\/product\/cnc-machining-aluminium-profile-connectors\/"},"modified":"2025-06-24T06:23:54","modified_gmt":"2025-06-24T06:23:54","slug":"cnc-megmunkalas-aluminium-profil-csatlakozok","status":"publish","type":"product","link":"https:\/\/sinoextrud.com\/hu\/product\/cnc-machining-aluminium-profile-connectors\/","title":{"rendered":"CNC megmunk\u00e1l\u00e1s alum\u00ednium profil csatlakoz\u00f3k"},"content":{"rendered":"<h2>Term\u00e9kek r\u00e9szletei<\/h2>\n<table class=\"custom-table\">\n<tbody>\n<tr>\n<td> Oszt\u00e1ly:<\/td>\n<td> 6063 -t5<\/td>\n<\/tr>\n<tr>\n<td> Technika:<\/td>\n<td> CNC megmunk\u00e1l\u00e1s alum\u00ednium profil csatlakoz\u00f3k<\/td>\n<\/tr>\n<tr>\n<td> Lelkiismeretesen:<\/td>\n<td> T3 - T8<\/td>\n<\/tr>\n<tr>\n<td> Megmunk\u00e1l\u00e1si szolg\u00e1ltat\u00e1sok:<\/td>\n<td> F\u00far\u00e1s, csavaroz\u00e1s, szegecsel\u00e9s, \u00f6sszeszerel\u00e9s stb.<\/td>\n<\/tr>\n<tr>\n<td> V\u00e9djegy:<\/td>\n<td> Sinoextrud Sinoextrud Sinoextrud <\/td>\n<\/tr>\n<tr>\n<td> T\u00edpus:<\/td>\n<td> CNC megmunk\u00e1l\u00e1s alum\u00ednium profil csatlakoz\u00f3k<\/td>\n<\/tr>\n<tr>\n<td> Alak:<\/td>\n<td> K\u00e9sz\u00fclt az \u00fcgyfelek tervei szerint<\/td>\n<\/tr>\n<tr>\n<td> Fel\u00fcletkezel\u00e9s:<\/td>\n<td> Mill Finish elox\u00e1lt csiszolt<\/td>\n<\/tr>\n<tr>\n<td> Hossz\u00fas\u00e1g:<\/td>\n<td> 1m \u00e9s 9m k\u00f6z\u00f6tt hosszonk\u00e9nt<\/td>\n<\/tr>\n<tr>\n<td> Sz\u00ednek:<\/td>\n<td> Ez\u00fcst Fekete<\/td>\n<\/tr>\n<tr>\n<td> HS-k\u00f3d:<\/td>\n<td> 76042990<\/td>\n<\/tr>\n<\/tbody>\n<\/table>\n<h2>Gy\u00e1rt\u00f3 b\u00e1zisunk<\/h2>\n<h3>Gy\u00e1ri panor\u00e1ma<\/h3>\n<p><img decoding=\"async\" src=\"\/wp-content\/uploads\/factory-01.webp\"\/><\/p>\n<h3>Alum\u00ednium r\u00fadgy\u00e1rt\u00f3 m\u0171hely<\/h3>\n<p><img decoding=\"async\" src=\"\/wp-content\/uploads\/factory-02.webp\"\/><\/p>\n<p><img decoding=\"async\" src=\"\/wp-content\/uploads\/factory-03.webp\"\/><\/p>\n<h3>Pen\u00e9sz rakt\u00e1r<\/h3>\n<p><img decoding=\"async\" src=\"\/wp-content\/uploads\/factory-04.webp\"\/><\/p>\n<h3>43 alum\u00ednium extrud\u00e1l\u00f3 vonal (500-5500 tonna)<\/h3>\n<p><img decoding=\"async\" src=\"\/wp-content\/uploads\/factory-05.webp\"\/><\/p>\n<p><img decoding=\"async\" src=\"\/wp-content\/uploads\/factory-06.webp\"\/><\/p>\n<p><img decoding=\"async\" src=\"\/wp-content\/uploads\/factory-07.webp\"\/><\/p>\n<h3>Porfest\u0151 m\u0171hely<\/h3>\n<p><img decoding=\"async\" src=\"\/wp-content\/uploads\/factory-09.webp\"\/><\/p>\n<h3>Anodiz\u00e1l\u00f3 m\u0171hely<\/h3>\n<p><img decoding=\"async\" src=\"\/wp-content\/uploads\/factory-10.webp\"\/><\/p>\n<h3>M\u00e9ly feldolgoz\u00e1si m\u0171hely<\/h3>\n<p><img decoding=\"async\" src=\"\/wp-content\/uploads\/factory-11.webp\"\/><\/p>\n<h3>CNC prec\u00edzi\u00f3s megmunk\u00e1l\u00f3 m\u0171hely<\/h3>\n<p><img decoding=\"async\" src=\"\/wp-content\/uploads\/factory-11.5.webp\"\/><\/p>\n<h3>K\u00e9szterm\u00e9k \u00e9s export rakt\u00e1r<\/h3>\n<p><img decoding=\"async\" src=\"\/wp-content\/uploads\/factory-12.webp\"\/><\/p>\n<p><img decoding=\"async\" src=\"\/wp-content\/uploads\/factory-13.webp\"\/><\/p>\n<p><img decoding=\"async\" src=\"\/wp-content\/uploads\/factory-14.webp\"\/><\/p>\n<h2>GYIK<\/h2>\n<p><p><b>1.CNC megmunk\u00e1l\u00f3 alum\u00ednium profil csatlakoz\u00f3k: Milyen el\u0151nyei vannak a csatlakoz\u00f3k CNC megmunk\u00e1l\u00e1s\u00e1nak?<\/b><\/p>\n<p>A CNC megmunk\u00e1l\u00e1s nagy pontoss\u00e1got \u00e9s egyenletes min\u0151s\u00e9get biztos\u00edt, \u00edgy a csatlakoz\u00f3k t\u00f6k\u00e9letesen illeszkednek \u00e9s hat\u00e9konyan m\u0171k\u00f6dnek az alum\u00ednium profilrendszerekben.<br \/>\n<\/p><br \/>\n<br \/>\n<p><b>2.Hogyan jav\u00edtja az alum\u00ednium anyag a csatlakoz\u00f3k teljes\u00edtm\u00e9ny\u00e9t?<\/b><\/p>\n<p>Az alum\u00ednium k\u00f6nny\u0171, m\u00e9gis er\u0151s \u00e9s korr\u00f3zi\u00f3\u00e1ll\u00f3, tart\u00f3s \u00e9s megb\u00edzhat\u00f3 csatlakoz\u00f3kat biztos\u00edt a hossz\u00fa t\u00e1v\u00fa teljes\u00edtm\u00e9ny \u00e9rdek\u00e9ben.<br \/>\n<\/p><br \/>\n<br \/>\n<p><b>3.A CNC megmunk\u00e1l\u00e1si folyamat testre szabhat\u00f3 a k\u00fcl\u00f6nb\u00f6z\u0151 csatlakoz\u00f3kialak\u00edt\u00e1sokhoz?<\/b><\/p>\n<p>Igen, a CNC megmunk\u00e1l\u00e1s lehet\u0151v\u00e9 teszi az egyedi tervez\u00e9si \u00e9s csatlakoz\u00e1si ig\u00e9nyekre szabott egyedi csatlakoz\u00f3k l\u00e9trehoz\u00e1s\u00e1t.<br \/>\n<\/p><br \/>\n<br \/>\n<p><b>4.Milyen ipar\u00e1gak profit\u00e1lnak legink\u00e1bb az alum\u00ednium profilcsatlakoz\u00f3k CNC megmunk\u00e1l\u00e1s\u00e1b\u00f3l?<\/b><\/p>\n<p>Az olyan ipar\u00e1gak, mint az automatiz\u00e1l\u00e1s, a gy\u00e1rt\u00e1s \u00e9s az \u00e9p\u00edt\u0151ipar a CNC megmunk\u00e1lt alum\u00ednium csatlakoz\u00f3kra t\u00e1maszkodnak pontoss\u00e1guk \u00e9s tart\u00f3ss\u00e1guk miatt.<br \/>\n<\/p><br \/>\n<br \/>\n<p><b>5.Milyen el\u0151ny\u00f6kkel j\u00e1r a korr\u00f3zi\u00f3\u00e1ll\u00f3s\u00e1g a CNC megmunk\u00e1lt alum\u00ednium csatlakoz\u00f3k eset\u00e9ben?<\/b><\/p>\n<p>A korr\u00f3zi\u00f3\u00e1ll\u00f3s\u00e1g biztos\u00edtja, hogy a csatlakoz\u00f3k m\u00e9g kih\u00edv\u00e1st jelent\u0151 vagy k\u00fclt\u00e9ri k\u00f6rnyezetben is meg\u0151rzik szil\u00e1rds\u00e1gukat \u00e9s megjelen\u00e9s\u00fcket, meghosszabb\u00edtva ezzel \u00e9lettartamukat.<br \/>\n<\/p><br \/>\n<br \/>\n<p><b>6.Ezek az alum\u00ednium profilcsatlakoz\u00f3k k\u00f6nnyen \u00f6sszeszerelhet\u0151k?<\/b><\/p>\n<p>Igen, a CNC megmunk\u00e1lt csatlakoz\u00f3kat gyors \u00e9s egyszer\u0171 \u00f6sszeszerel\u00e9sre tervezt\u00e9k, ami cs\u00f6kkenti a szerel\u00e9si id\u0151t \u00e9s jav\u00edtja a hat\u00e9konys\u00e1got.<br \/>\n<\/p><br \/>\n<br \/>\n<p><b>7.Milyen t\u00edpus\u00fa projektekn\u00e9l haszn\u00e1lhat\u00f3k a CNC megmunk\u00e1lt alum\u00edniumprofil-csatlakoz\u00f3k?<\/b><\/p>\n<p>Ezek a csatlakoz\u00f3k ide\u00e1lisak az ipari, automatiz\u00e1l\u00e1si \u00e9s szerkezeti projektekhez, amelyek megb\u00edzhat\u00f3, pontos csatlakoz\u00e1sokat ig\u00e9nyelnek az alum\u00ednium keretrendszereken bel\u00fcl.<br \/>\n<\/p><br \/>\n<br \/>\n<p><b>8.Hogyan jav\u00edtja a CNC megmunk\u00e1l\u00e1s az alum\u00ednium profilcsatlakoz\u00f3k min\u0151s\u00e9g\u00e9t?<\/b><\/p>\n<p>A CNC megmunk\u00e1l\u00e1s sz\u0171k t\u0171r\u00e9shat\u00e1rokat \u00e9s egyenletes min\u0151s\u00e9get biztos\u00edt, \u00edgy a csatlakoz\u00f3k pontosan megfelelnek a specifik\u00e1ci\u00f3knak \u00e9s kiv\u00e1l\u00f3 funkcionalit\u00e1st biztos\u00edtanak.<br \/>\n<\/p><br \/><\/p>","protected":false},"featured_media":8454,"template":"","categories":[68],"class_list":["post-8455","product","type-product","status-publish","has-post-thumbnail","hentry","category-cnc-machining-aluminum-profile"],"meta_box":{"hilight_text_group":{"product_hilight_text":"<li>Precision CNC machining ensures high accuracy and excellent fit for aluminum profile connectors.<\/li>\r\r\n<li>Durable aluminum material provides strength and reliability for a wide range of applications.<\/li>\r\r\n<li>Customizable designs to meet specific connection needs and project requirements.<\/li>\r\r\n<li>Corrosion-resistant, ensuring long-term performance in various industrial environments.<\/li>\r\r\n<li>Quick and easy assembly, reducing installation time and labor costs.<\/li>","product_chanpin_blog":"<ul>\r\r\n<li><a href=\"https:\/\/sinoextrud.com\/t-slot-v-slot-differences\/\" target=\"_blank\">t slot vs v slot<\/a><\/li>\r\r\n<li><a href=\"https:\/\/sinoextrud.com\/what-is-4040-aluminium-extrud\/\" target=\"_blank\">4040 aluminium extrusion<\/a><\/li>\r\r\n<li><a href=\"https:\/\/sinoextrud.com\/what-is-4040-aluminium-extrud\/\" target=\"_blank\">aluminum extrusions for industrial racks<\/a><\/li>\r\r\n<li><a href=\"https:\/\/sinoextrud.com\/powder-coating-aluminium-process\/\" target=\"_blank\">powder coating aluminium<\/a><\/li>\r\r\n<li><a href=\"https:\/\/sinoextrud.com\/what-is-an-aluminium-strip-ceiling\/\" target=\"_blank\">aluminium strip ceiling<\/a><\/li>\r\r\n<li><a href=\"https:\/\/sinoextrud.com\/what-is-a-heat-sink\/\" target=\"_blank\">what is a heat sink<\/a><\/li>\r\r\n<\/ul>","product_chanpin_chanpin":"<li><a href=\"https:\/\/sinoextrud.com\/product\/high-precision-aluminum-extrusion-profile-cnc-machining-accessory-parts-2\/\" target=\"_blank\">High Precision Aluminum extrusion Profile CNC Machining Accessory Parts<\/a><\/li>\r\n<li><a href=\"https:\/\/sinoextrud.com\/product\/aluminium-profile-drilling-cutting-bending-puching-processing\/\" target=\"_blank\">Aluminium profile drilling cutting bending puching processing<\/a><\/li>\r\n<li><a href=\"https:\/\/sinoextrud.com\/product\/aluminum-extrusion-custom-electric-vehicle-battery-enclosure-aluminum-profile\/\" target=\"_blank\">Aluminum Extrusion Custom Electric Vehicle Battery Enclosure Aluminum Profile<\/a><\/li>\r\n<li><a href=\"https:\/\/sinoextrud.com\/product\/aluminum-extrusion-high-strength-cnc-drilling-7003-aluminum-round-pipe\/\" target=\"_blank\">Aluminum Extrusion High-strength CNC Drilling 7003 Aluminum Round Pipe<\/a><\/li>\r\n<li><a href=\"https:\/\/sinoextrud.com\/product\/cnc-machining-aluminium-profile-connectors\/\" target=\"_blank\">CNC Machining Aluminium Profile Connectors<\/a><\/li>\r\n<li><a href=\"https:\/\/sinoextrud.com\/product\/cnc-machining-anodized-aluminum-extrusions\/\" target=\"_blank\">CNC Machining Anodized Aluminum Extrusions<\/a><\/li>\r\n<li><a href=\"https:\/\/sinoextrud.com\/product\/cnc-machined-6063-aluminium-extrusion-product\/\" target=\"_blank\">CNC Machined 6063 Aluminium Extrusion Product<\/a><\/li>\r\n<li><a href=\"https:\/\/sinoextrud.com\/product\/aluminum-alloy-cnc-aluminum-controller-shell\/\" target=\"_blank\">Aluminum Alloy CNC Aluminum Controller Shell<\/a><\/li>\r\n<li><a href=\"https:\/\/sinoextrud.com\/product\/aluminium-cnc-factory-punching-extrusion-profile-tubing-sizes-oem\/\" target=\"_blank\">aluminium cnc factory punching extrusion profile tubing sizes OEM<\/a><\/li>\r\n<li><a href=\"https:\/\/sinoextrud.com\/product\/aluminum-extrusion-1060-aluminum-profile\/\" target=\"_blank\">Aluminum Extrusion 1060 Aluminum Profile<\/a><\/li>\r\n<li><a href=\"https:\/\/sinoextrud.com\/product\/aluminum-extrusion-advertising-signs-aluminum-frame-profile\/\" target=\"_blank\">Aluminum Extrusion Advertising Signs Aluminum Frame Profile<\/a><\/li>"},"feature_list":[]},"_links":{"self":[{"href":"https:\/\/sinoextrud.com\/hu\/wp-json\/wp\/v2\/product\/8455","targetHints":{"allow":["GET"]}}],"collection":[{"href":"https:\/\/sinoextrud.com\/hu\/wp-json\/wp\/v2\/product"}],"about":[{"href":"https:\/\/sinoextrud.com\/hu\/wp-json\/wp\/v2\/types\/product"}],"wp:featuredmedia":[{"embeddable":true,"href":"https:\/\/sinoextrud.com\/hu\/wp-json\/wp\/v2\/media\/8454"}],"wp:attachment":[{"href":"https:\/\/sinoextrud.com\/hu\/wp-json\/wp\/v2\/media?parent=8455"}],"wp:term":[{"taxonomy":"category","embeddable":true,"href":"https:\/\/sinoextrud.com\/hu\/wp-json\/wp\/v2\/categories?post=8455"}],"curies":[{"name":"wp","href":"https:\/\/api.w.org\/{rel}","templated":true}]}}