{"id":8440,"date":"2025-06-16T03:33:08","date_gmt":"2025-06-16T03:33:08","guid":{"rendered":"https:\/\/sinoextrud.com\/product\/aluminium-enclosure-housing-and-shells\/"},"modified":"2025-06-24T06:23:50","modified_gmt":"2025-06-24T06:23:50","slug":"aluminium-hazak-es-burkolatok","status":"publish","type":"product","link":"https:\/\/sinoextrud.com\/hu\/product\/aluminium-enclosure-housing-and-shells\/","title":{"rendered":"Alum\u00ednium h\u00e1zak \u00e9s burkolatok"},"content":{"rendered":"<h2>Term\u00e9kek r\u00e9szletei<\/h2>\n<table class=\"custom-table\">\n<tr>\n<td class=\"label\">Modell NO.:<\/td>\n<td> OEM<br \/>\nTan\u00fas\u00edt\u00e1s, RoHS, SGS, ISO9001<\/td>\n<\/tr>\n<tr>\n<td class=\"label\">Anyag:<\/td>\n<td> F\u00e9m<\/td>\n<\/tr>\n<tr>\n<td class=\"label\">Term\u00e9k neve:<\/td>\n<td> CNC g\u00e9palkatr\u00e9szek<\/td>\n<\/tr>\n<tr>\n<td class=\"label\">Fel\u00fcletkezel\u00e9s:<\/td>\n<td> Fest\u00e9s, homokf\u00fav\u00e1s, elox\u00e1l\u00e1s.stb.<\/td>\n<\/tr>\n<tr>\n<td class=\"label\">MOQ:<\/td>\n<td> 1 darab<\/td>\n<\/tr>\n<tr>\n<td class=\"label\">Min\u0151s\u00e9gellen\u0151rz\u00e9s:<\/td>\n<td> Teljes k\u00f6r\u0171 min\u0151s\u00e9gellen\u0151rz\u00e9s<\/td>\n<\/tr>\n<tr>\n<td class=\"label\">Kulcsfontoss\u00e1g\u00fa jellemz\u0151k:<\/td>\n<td> Prec\u00edzi\u00f3s m\u00e9ret, sz\u00ednes<\/td>\n<\/tr>\n<tr>\n<td class=\"label\">V\u00e9djegy:<\/td>\n<td> OEM<\/td>\n<\/tr>\n<tr>\n<td class=\"label\">Specifik\u00e1ci\u00f3:<\/td>\n<td> OEM<\/td>\n<\/tr>\n<tr>\n<td class=\"label\">Felt\u00e9tel:<\/td>\n<td> \u00daj<\/td>\n<\/tr>\n<tr>\n<td class=\"label\">Testreszabott:<\/td>\n<td> Testreszabott<\/td>\n<\/tr>\n<tr>\n<td class=\"label\">Alkalmaz\u00e1s:<\/td>\n<td> F\u00e9m \u00fajrahasznos\u00edt\u00f3 g\u00e9p, f\u00e9mv\u00e1g\u00f3 g\u00e9p, f\u00e9mfeldolgoz\u00f3 g\u00e9palkatr\u00e9szek, f\u00e9mgrav\u00edroz\u00f3 g\u00e9pek, f\u00e9m\u00f6nt\u0151 g\u00e9pek, f\u00e9m\u00f6nt\u0151 g\u00e9pek<\/td>\n<\/tr>\n<tr>\n<td class=\"label\">Kulcssz\u00f3:<\/td>\n<td> CNC g\u00e9palkatr\u00e9szek<\/td>\n<\/tr>\n<tr>\n<td class=\"label\">Gy\u00e1ri helysz\u00edn:<\/td>\n<td> Shenzhen K\u00edna<\/td>\n<\/tr>\n<tr>\n<td class=\"label\">Minta:<\/td>\n<td> El\u00e9rhet\u0151<\/td>\n<\/tr>\n<tr>\n<td class=\"label\">Munkav\u00e1llal\u00f3i tolerancia:<\/td>\n<td> +\/- 0,02 mm<\/td>\n<\/tr>\n<tr>\n<td class=\"label\">OEM\/ODM:<\/td>\n<td> Elfogadhat\u00f3<\/td>\n<\/tr>\n<tr>\n<td class=\"label\">Sz\u00e1ll\u00edt\u00e1si csomag:<\/td>\n<td> Karton doboz minden egyes darabhoz, az \u00fcgyfelek k\u00e9r\u00e9s\u00e9re<\/td>\n<\/tr>\n<tr>\n<td class=\"label\">Eredet:<\/td>\n<td> Foshan,GUANGDONG, K\u00edna<\/td>\n<\/tr>\n<\/table>\n<h2>Gy\u00e1rt\u00f3 b\u00e1zisunk<\/h2>\n<h3>Gy\u00e1ri panor\u00e1ma<\/h3>\n<p><img decoding=\"async\" src=\"\/wp-content\/uploads\/factory-01.webp\"\/><\/p>\n<h3>Alum\u00ednium r\u00fadgy\u00e1rt\u00f3 m\u0171hely<\/h3>\n<p><img decoding=\"async\" src=\"\/wp-content\/uploads\/factory-02.webp\"\/><\/p>\n<\/p>\n<p><img decoding=\"async\" src=\"\/wp-content\/uploads\/factory-03.webp\"\/><\/p>\n<h3>Pen\u00e9sz rakt\u00e1r<\/h3>\n<p><img decoding=\"async\" src=\"\/wp-content\/uploads\/factory-04.webp\"\/><\/p>\n<h3>43 alum\u00ednium extrud\u00e1l\u00f3 vonal (500-5500 tonna)<\/h3>\n<p><img decoding=\"async\" src=\"\/wp-content\/uploads\/factory-05.webp\"\/><\/p>\n<p><img decoding=\"async\" src=\"\/wp-content\/uploads\/factory-06.webp\"\/><\/p>\n<p><img decoding=\"async\" src=\"\/wp-content\/uploads\/factory-07.webp\"\/><\/p>\n<h3>Porfest\u0151 m\u0171hely<\/h3>\n<p><img decoding=\"async\" src=\"\/wp-content\/uploads\/factory-09.webp\"\/><\/p>\n<h3>Anodiz\u00e1l\u00f3 m\u0171hely<\/h3>\n<p><img decoding=\"async\" src=\"\/wp-content\/uploads\/factory-10.webp\"\/><\/p>\n<h3>M\u00e9ly feldolgoz\u00e1si m\u0171hely<\/h3>\n<p><img decoding=\"async\" src=\"\/wp-content\/uploads\/factory-11.webp\"\/><\/p>\n<h3>CNC prec\u00edzi\u00f3s megmunk\u00e1l\u00f3 m\u0171hely<\/h3>\n<p><img decoding=\"async\" src=\"\/wp-content\/uploads\/factory-11.5.webp\"\/><\/p>\n<h3>K\u00e9szterm\u00e9k \u00e9s export rakt\u00e1r<\/h3>\n<p><img decoding=\"async\" src=\"\/wp-content\/uploads\/factory-12.webp\"\/><\/p>\n<p><img decoding=\"async\" src=\"\/wp-content\/uploads\/factory-13.webp\"\/><\/p>\n<p><img decoding=\"async\" src=\"\/wp-content\/uploads\/factory-14.webp\"\/><\/p>\n<h2>GYIK<\/h2>\n<p><b>1.Mi az alum\u00ednium h\u00e1z \u00e9s h\u00e9j?<\/b><\/p>\n<p>Az alum\u00ednium h\u00e1zak \u00e9s burkolatok alum\u00edniumb\u00f3l k\u00e9sz\u00fclt v\u00e9d\u0151burkolatok, amelyeket k\u00fcl\u00f6nb\u00f6z\u0151 ipar\u00e1gakban elektronikus \u00e9s mechanikus alkatr\u00e9szek elhelyez\u00e9s\u00e9re \u00e9s v\u00e9delm\u00e9re haszn\u00e1lnak.\n<\/p>\n<p><\/p>\n<p><b>2.Mi\u00e9rt haszn\u00e1lnak alum\u00edniumot burkolatokhoz \u00e9s h\u00e9jakhoz?<\/b><\/p>\n<p>Az alum\u00ednium k\u00f6nny\u0171, tart\u00f3s, korr\u00f3zi\u00f3\u00e1ll\u00f3 \u00e9s kiv\u00e1l\u00f3 h\u0151elvezet\u00e9st biztos\u00edt, \u00edgy ide\u00e1lis olyan burkolatokhoz \u00e9s h\u00e9jakhoz, amelyek kem\u00e9ny k\u00f6rnyezetben v\u00e9dik az \u00e9rz\u00e9keny alkatr\u00e9szeket.\n<\/p>\n<p><\/p>\n<p><b>3.Hogyan v\u00e9di az alum\u00ednium h\u00e1z a bels\u0151 alkatr\u00e9szeket?<\/b><\/p>\n<p>Az alum\u00edniumh\u00e1zak megb\u00edzhat\u00f3 v\u00e9delmet ny\u00fajtanak a por, a nedvess\u00e9g \u00e9s a fizikai s\u00e9r\u00fcl\u00e9sek ellen, mik\u00f6zben seg\u00edtik a h\u0151 elvezet\u00e9s\u00e9t is, biztos\u00edtva a bels\u0151 alkatr\u00e9szek hossz\u00fa \u00e9lettartam\u00e1t \u00e9s teljes\u00edtm\u00e9ny\u00e9t.\n<\/p>\n<p><\/p>\n<p><b>4.Can alum\u00ednium h\u00e1z \u00e9s h\u00e9jak testreszabhat\u00f3ak?<\/b><\/p>\n<p>Igen, az alum\u00ednium h\u00e1zak \u00e9s burkolatok m\u00e9ret\u00fck, kialak\u00edt\u00e1suk \u00e9s konfigur\u00e1ci\u00f3juk tekintet\u00e9ben testre szabhat\u00f3k, hogy megfeleljenek a k\u00fcl\u00f6nb\u00f6z\u0151 alkalmaz\u00e1sok \u00e9s ipar\u00e1gak egyedi k\u00f6vetelm\u00e9nyeinek.\n<\/p>\n<p><\/p>\n<p><b>5.Milyen ipar\u00e1gak haszn\u00e1lj\u00e1k az alum\u00ednium h\u00e1zakat \u00e9s h\u00e9jakat?<\/b><\/p>\n<p>Az olyan ipar\u00e1gak, mint az elektronika, a t\u00e1vk\u00f6zl\u00e9s, az aut\u00f3ipar \u00e9s az ipari berendez\u00e9sek alum\u00ednium burkolatokat haszn\u00e1lnak az \u00e9rz\u00e9keny berendez\u00e9sek \u00e9s alkatr\u00e9szek k\u00fcls\u0151 k\u00e1rosod\u00e1st\u00f3l \u00e9s k\u00f6rnyezeti t\u00e9nyez\u0151kt\u0151l val\u00f3 v\u00e9delm\u00e9re.\n<\/p>\n<p><\/p>\n<p><b>6.Mennyire hat\u00e9kony a h\u0151elvezet\u00e9s az alum\u00ednium h\u00e1zakban \u00e9s h\u00e9jakban?<\/b><\/p>\n<p>Az alum\u00edniumh\u00e1zak az alum\u00ednium kiv\u00e1l\u00f3 h\u0151vezet\u0151 k\u00e9pess\u00e9g\u00e9nek k\u00f6sz\u00f6nhet\u0151en rendk\u00edv\u00fcl hat\u00e9konyan vezetik el a h\u0151t, megakad\u00e1lyozva a bels\u0151 alkatr\u00e9szek t\u00falmeleged\u00e9s\u00e9t \u00e9s fokozva a teljes\u00edtm\u00e9nyt.\n<\/p>\n<p><\/p>\n<p><b>7.Az alum\u00ednium h\u00e1zak \u00e9s h\u00e9jak k\u00f6lts\u00e9ghat\u00e9konyak?<\/b><\/p>\n<p>Igen, az alum\u00edniumh\u00e1zak k\u00f6lts\u00e9ghat\u00e9konyak, a megfizethet\u0151s\u00e9g, a tart\u00f3ss\u00e1g \u00e9s a kiv\u00e1l\u00f3 v\u00e9delem kombin\u00e1ci\u00f3j\u00e1t k\u00edn\u00e1lj\u00e1k, \u00edgy n\u00e9pszer\u0171 v\u00e1laszt\u00e1snak sz\u00e1m\u00edtanak a k\u00fcl\u00f6nb\u00f6z\u0151 ipari alkalmaz\u00e1sokhoz.\n<\/p>\n<p><\/p>","protected":false},"featured_media":8439,"template":"","categories":[68],"class_list":["post-8440","product","type-product","status-publish","has-post-thumbnail","hentry","category-cnc-machining-aluminum-profile"],"meta_box":{"hilight_text_group":{"product_hilight_text":"<li>Durable and lightweight aluminum construction for reliable protection<\/li>\r\r\n<li>Corrosion-resistant and long-lasting, ideal for outdoor and harsh environments<\/li>\r\r\n<li>Customizable sizes and designs to meet specific application needs<\/li>\r\r\n<li>Excellent heat dissipation properties to protect internal components<\/li>\r\r\n<li>High-quality surface finish with smooth edges for easy handling<\/li>\r\r\n<li>Perfect for various industries such as electronics, telecommunications, and industrial equipment<\/li>","product_chanpin_blog":"<ul>\r\r\n<li><a href=\"https:\/\/sinoextrud.com\/t-slot-v-slot-differences\/\" target=\"_blank\">t slot vs v slot<\/a><\/li>\r\r\n<li><a href=\"https:\/\/sinoextrud.com\/what-is-4040-aluminium-extrud\/\" target=\"_blank\">4040 aluminium extrusion<\/a><\/li>\r\r\n<li><a href=\"https:\/\/sinoextrud.com\/what-is-4040-aluminium-extrud\/\" target=\"_blank\">aluminum extrusions for industrial racks<\/a><\/li>\r\r\n<li><a href=\"https:\/\/sinoextrud.com\/powder-coating-aluminium-process\/\" target=\"_blank\">powder coating aluminium<\/a><\/li>\r\r\n<li><a href=\"https:\/\/sinoextrud.com\/what-is-an-aluminium-strip-ceiling\/\" target=\"_blank\">aluminium strip ceiling<\/a><\/li>\r\r\n<li><a href=\"https:\/\/sinoextrud.com\/what-is-a-heat-sink\/\" target=\"_blank\">what is a heat sink<\/a><\/li>\r\r\n<\/ul>","product_chanpin_chanpin":"<li><a href=\"https:\/\/sinoextrud.com\/product\/aluminum-cnc\/\" target=\"_blank\">Aluminum CNC<\/a><\/li>\r\n<li><a href=\"https:\/\/sinoextrud.com\/product\/aluminium-aerofoil-extrusion-oxidation-scrub-black\/\" target=\"_blank\">Aluminium Aerofoil Extrusion Oxidation Scrub Black<\/a><\/li>\r\n<li><a href=\"https:\/\/sinoextrud.com\/product\/aluminium-extrusion-cnc\/\" target=\"_blank\">Aluminium Extrusion CNC<\/a><\/li>\r\n<li><a href=\"https:\/\/sinoextrud.com\/product\/aluminium-profile-lock\/\" target=\"_blank\">Aluminium Profile Lock<\/a><\/li>\r\n<li><a href=\"https:\/\/sinoextrud.com\/product\/aluminium-enclosure-housing-and-shells\/\" target=\"_blank\">Aluminium Enclosure Housing And Shells<\/a><\/li>\r\n<li><a href=\"https:\/\/sinoextrud.com\/product\/aluminium-profile-cutting\/\" target=\"_blank\">Aluminium Profile Cutting<\/a><\/li>\r\n<li><a href=\"https:\/\/sinoextrud.com\/product\/high-precision-aluminum-extrusion-profile-cnc-machining-accessory-parts\/\" target=\"_blank\">High Precision Aluminum extrusion Profile CNC Machining Accessory Parts<\/a><\/li>\r\n<li><a href=\"https:\/\/sinoextrud.com\/product\/high-precision-aluminum-extrusion-profile-cnc-machining-accessory-parts-2\/\" target=\"_blank\">High Precision Aluminum extrusion Profile CNC Machining Accessory Parts<\/a><\/li>\r\n<li><a href=\"https:\/\/sinoextrud.com\/product\/aluminium-profile-drilling-cutting-bending-puching-processing\/\" target=\"_blank\">Aluminium profile drilling cutting bending puching processing<\/a><\/li>\r\n<li><a href=\"https:\/\/sinoextrud.com\/product\/cutting-aluminum-extrusion\/\" target=\"_blank\">Cutting Aluminum Extrusion<\/a><\/li>\r\n<li><a href=\"https:\/\/sinoextrud.com\/product\/building-materials-aluminium-profile-curtain-rod\/\" target=\"_blank\">Building Materials Aluminium Profile Curtain Rod<\/a><\/li>"},"feature_list":[]},"_links":{"self":[{"href":"https:\/\/sinoextrud.com\/hu\/wp-json\/wp\/v2\/product\/8440","targetHints":{"allow":["GET"]}}],"collection":[{"href":"https:\/\/sinoextrud.com\/hu\/wp-json\/wp\/v2\/product"}],"about":[{"href":"https:\/\/sinoextrud.com\/hu\/wp-json\/wp\/v2\/types\/product"}],"wp:featuredmedia":[{"embeddable":true,"href":"https:\/\/sinoextrud.com\/hu\/wp-json\/wp\/v2\/media\/8439"}],"wp:attachment":[{"href":"https:\/\/sinoextrud.com\/hu\/wp-json\/wp\/v2\/media?parent=8440"}],"wp:term":[{"taxonomy":"category","embeddable":true,"href":"https:\/\/sinoextrud.com\/hu\/wp-json\/wp\/v2\/categories?post=8440"}],"curies":[{"name":"wp","href":"https:\/\/api.w.org\/{rel}","templated":true}]}}