{"id":8436,"date":"2025-06-16T03:28:44","date_gmt":"2025-06-16T03:28:44","guid":{"rendered":"https:\/\/sinoextrud.com\/product\/aluminium-extrusion-cnc\/"},"modified":"2025-06-24T06:23:49","modified_gmt":"2025-06-24T06:23:49","slug":"cnc-aluminium-extrudalas-2","status":"publish","type":"product","link":"https:\/\/sinoextrud.com\/hu\/product\/aluminium-extrusion-cnc\/","title":{"rendered":"CNC alum\u00ednium extrud\u00e1l\u00e1s"},"content":{"rendered":"<h2>Term\u00e9kek r\u00e9szletei<\/h2>\n<table class=\"custom-table\">\n<tr>\n<td class=\"label\">C\u00edm<\/td>\n<td>CNC alum\u00ednium extrud\u00e1l\u00e1s<\/td>\n<\/tr>\n<\/table>\n<h2>Gy\u00e1rt\u00f3 b\u00e1zisunk<\/h2>\n<h3>Gy\u00e1ri panor\u00e1ma<\/h3>\n<p><img decoding=\"async\" src=\"\/wp-content\/uploads\/factory-01.webp\"\/><\/p>\n<h3>Alum\u00ednium r\u00fadgy\u00e1rt\u00f3 m\u0171hely<\/h3>\n<p><img decoding=\"async\" src=\"\/wp-content\/uploads\/factory-02.webp\"\/><\/p>\n<p><img decoding=\"async\" src=\"\/wp-content\/uploads\/factory-03.webp\"\/><\/p>\n<h3>Pen\u00e9sz rakt\u00e1r<\/h3>\n<p><img decoding=\"async\" src=\"\/wp-content\/uploads\/factory-04.webp\"\/><\/p>\n<h3>43 alum\u00ednium extrud\u00e1l\u00f3 vonal (500-5500 tonna)<\/h3>\n<p><img decoding=\"async\" src=\"\/wp-content\/uploads\/factory-05.webp\"\/><\/p>\n<p><img decoding=\"async\" src=\"\/wp-content\/uploads\/factory-06.webp\"\/><\/p>\n<p><img decoding=\"async\" src=\"\/wp-content\/uploads\/factory-07.webp\"\/><\/p>\n<h3>Porfest\u0151 m\u0171hely<\/h3>\n<p><img decoding=\"async\" src=\"\/wp-content\/uploads\/factory-09.webp\"\/><\/p>\n<h3>Anodiz\u00e1l\u00f3 m\u0171hely<\/h3>\n<p><img decoding=\"async\" src=\"\/wp-content\/uploads\/factory-10.webp\"\/><\/p>\n<h3>M\u00e9ly feldolgoz\u00e1si m\u0171hely<\/h3>\n<p><img decoding=\"async\" src=\"\/wp-content\/uploads\/factory-11.webp\"\/><\/p>\n<h3>CNC prec\u00edzi\u00f3s megmunk\u00e1l\u00f3 m\u0171hely<\/h3>\n<p><img decoding=\"async\" src=\"\/wp-content\/uploads\/factory-11.5.webp\"\/><\/p>\n<h3>K\u00e9szterm\u00e9k \u00e9s export rakt\u00e1r<\/h3>\n<p><img decoding=\"async\" src=\"\/wp-content\/uploads\/factory-12.webp\"\/><\/p>\n<p><img decoding=\"async\" src=\"\/wp-content\/uploads\/factory-13.webp\"\/><\/p>\n<p><img decoding=\"async\" src=\"\/wp-content\/uploads\/factory-14.webp\"\/><\/p>\n<h2>GYIK<\/h2>\n<p><p><b>1.Mi az alum\u00ednium extrud\u00e1l\u00e1s CNC?<\/b><\/p>\n<p>A CNC alum\u00ednium extrud\u00e1l\u00e1s a CNC megmunk\u00e1l\u00e1si technol\u00f3gia felhaszn\u00e1l\u00e1s\u00e1nak folyamata az alum\u00ednium extrud\u00e1l\u00e1sok pontos v\u00e1g\u00e1s\u00e1ra, alak\u00edt\u00e1s\u00e1ra vagy mar\u00e1s\u00e1ra k\u00fcl\u00f6nb\u00f6z\u0151 ipari alkalmaz\u00e1sok egyedi alkatr\u00e9szeiv\u00e9.<br \/>\n<\/p><br \/>\n<br \/>\n<p><b>2.Mik az alum\u00ednium extrud\u00e1l\u00e1s CNC el\u0151nyei?<\/b><\/p>\n<p>A CNC alum\u00ednium extrud\u00e1l\u00e1s nagy pontoss\u00e1got, tart\u00f3ss\u00e1got, testreszabhat\u00f3s\u00e1got \u00e9s k\u00f6lts\u00e9ghat\u00e9konys\u00e1got k\u00edn\u00e1l, \u00edgy ide\u00e1lis a testre szabott alum\u00ednium alkatr\u00e9szeket ig\u00e9nyl\u0151 ipar\u00e1gak sz\u00e1m\u00e1ra.<br \/>\n<\/p><br \/>\n<br \/>\n<p><b>3.Can alum\u00ednium Extrud\u00e1l\u00e1s CNC alkatr\u00e9szek testreszabhat\u00f3?<\/b><\/p>\n<p>Igen, az alum\u00ednium extrud\u00e1l\u00e1s CNC alkatr\u00e9szek testre szabhat\u00f3k az alak, a m\u00e9ret \u00e9s a kivitel tekintet\u00e9ben, hogy megfeleljenek az egyedi tervez\u00e9si \u00e9s teljes\u00edtm\u00e9nyk\u00f6vetelm\u00e9nyeknek.<br \/>\n<\/p><br \/>\n<br \/>\n<p><b>4.Hogyan jav\u00edtja a CNC alum\u00ednium extrud\u00e1l\u00e1s a pontoss\u00e1got?<\/b><\/p>\n<p>A CNC alum\u00ednium extrud\u00e1l\u00e1s a pontoss\u00e1got a fejlett sz\u00e1m\u00edt\u00f3g\u00e9p-vez\u00e9rl\u00e9s\u0171 g\u00e9pek haszn\u00e1lat\u00e1val jav\u00edtja, \u00edgy biztos\u00edtva a sz\u0171k t\u0171r\u00e9seket \u00e9s a pontos m\u00e9reteket minden egyes alkatr\u00e9sz eset\u00e9ben.<br \/>\n<\/p><br \/>\n<br \/>\n<p><b>5.Is alum\u00ednium Extrud\u00e1l\u00e1s CNC k\u00f6lts\u00e9ghat\u00e9kony?<\/b><\/p>\n<p>Igen, az alum\u00ednium extrud\u00e1l\u00e1s CNC k\u00f6lts\u00e9ghat\u00e9kony megold\u00e1s mind a kis-, mind a nagy sorozatgy\u00e1rt\u00e1shoz, \u00e9s kiv\u00e1l\u00f3 min\u0151s\u00e9g\u0171 alkatr\u00e9szeket k\u00edn\u00e1l versenyk\u00e9pes \u00e1ron.<br \/>\n<\/p><br \/>\n<br \/>\n<p><b>6.Milyen ipar\u00e1gak haszn\u00e1lj\u00e1k az alum\u00ednium extrud\u00e1l\u00e1st CNC?<\/b><\/p>\n<p>Az olyan ipar\u00e1gak, mint a rep\u00fcl\u0151g\u00e9pipar, az aut\u00f3ipar, az \u00e9p\u00edt\u0151ipar \u00e9s a feldolgoz\u00f3ipar az alum\u00ednium CNC extrud\u00e1l\u00e1st haszn\u00e1lj\u00e1k a pontos, egyedi alkatr\u00e9szekhez, amelyek megfelelnek a pontos specifik\u00e1ci\u00f3knak.<br \/>\n<\/p><br \/>\n<br \/>\n<p><b>7.Is alum\u00ednium Extrud\u00e1l\u00e1s CNC k\u00f6rnyezetbar\u00e1t?<\/b><\/p>\n<p>Igen, az alum\u00ednium teljes m\u00e9rt\u00e9kben \u00fajrahasznos\u00edthat\u00f3, \u00e9s a CNC megmunk\u00e1l\u00e1si folyamat minimaliz\u00e1lja az anyaghullad\u00e9kot, \u00edgy a CNC alum\u00ednium extrud\u00e1l\u00e1s k\u00f6rnyezettudatos gy\u00e1rt\u00e1si lehet\u0151s\u00e9g.<br \/>\n<\/p><br \/>\n<br \/>\n<p><b>8.Hogyan j\u00e1rul hozz\u00e1 a CNC alum\u00ednium extrud\u00e1l\u00e1s korr\u00f3zi\u00f3\u00e1ll\u00f3s\u00e1ga a teljes\u00edtm\u00e9ny\u00e9hez?<\/b><\/p>\n<p>A CNC alum\u00ednium extrud\u00e1l\u00e1s korr\u00f3zi\u00f3\u00e1ll\u00f3s\u00e1ga biztos\u00edtja, hogy az alkatr\u00e9szek meg\u0151rizz\u00e9k tart\u00f3ss\u00e1gukat \u00e9s megjelen\u00e9s\u00fcket, m\u00e9g zord k\u00f6rnyezetben vagy k\u00fclt\u00e9ri alkalmaz\u00e1sokban is.<br \/>\n<\/p><br \/><\/p>","protected":false},"featured_media":8435,"template":"","categories":[68],"class_list":["post-8436","product","type-product","status-publish","has-post-thumbnail","hentry","category-cnc-machining-aluminum-profile"],"meta_box":{"hilight_text_group":{"product_hilight_text":"<li>High-precision CNC machining of aluminum extrusions for custom components.<\/li>\r\r\n<li>Customizable shapes and sizes to meet specific design and performance requirements.<\/li>\r\r\n<li>Durable, lightweight aluminum provides excellent strength-to-weight ratio.<\/li>\r\r\n<li>Corrosion-resistant surface, ideal for both indoor and outdoor applications.<\/li>\r\r\n<li>Efficient production process allows for cost-effective manufacturing for both small and large runs.<\/li>\r\r\n<li>Fast turnaround times with reliable, consistent results in CNC machining.<\/li>\r\r\n<li>Eco-friendly and fully recyclable aluminum material, contributing to sustainability.<\/li>","product_chanpin_blog":"<ul>\r\r\n<li><a href=\"https:\/\/sinoextrud.com\/t-slot-v-slot-differences\/\" target=\"_blank\">t slot vs v slot<\/a><\/li>\r\r\n<li><a href=\"https:\/\/sinoextrud.com\/what-is-4040-aluminium-extrud\/\" target=\"_blank\">4040 aluminium extrusion<\/a><\/li>\r\r\n<li><a href=\"https:\/\/sinoextrud.com\/what-is-4040-aluminium-extrud\/\" target=\"_blank\">aluminum extrusions for industrial racks<\/a><\/li>\r\r\n<li><a href=\"https:\/\/sinoextrud.com\/powder-coating-aluminium-process\/\" target=\"_blank\">powder coating aluminium<\/a><\/li>\r\r\n<li><a href=\"https:\/\/sinoextrud.com\/what-is-an-aluminium-strip-ceiling\/\" target=\"_blank\">aluminium strip ceiling<\/a><\/li>\r\r\n<li><a href=\"https:\/\/sinoextrud.com\/what-is-a-heat-sink\/\" target=\"_blank\">what is a heat sink<\/a><\/li>\r\r\n<\/ul>","product_chanpin_chanpin":"<li><a href=\"https:\/\/sinoextrud.com\/product\/extruded-aluminium-cnc-machining-profile-and-anodized-surface-treatment-process\/\" target=\"_blank\">Extruded Aluminium CNC Machining profile and Anodized Surface Treatment Process<\/a><\/li>\r\n<li><a href=\"https:\/\/sinoextrud.com\/product\/aluminium-precision-cnc-fabrication-milling-process-deep-processing-machining-company\/\" target=\"_blank\">Aluminium precision CNC fabrication milling process deep processing machining company<\/a><\/li>\r\n<li><a href=\"https:\/\/sinoextrud.com\/product\/aluminum-cnc\/\" target=\"_blank\">Aluminum CNC<\/a><\/li>\r\n<li><a href=\"https:\/\/sinoextrud.com\/product\/aluminium-aerofoil-extrusion-oxidation-scrub-black\/\" target=\"_blank\">Aluminium Aerofoil Extrusion Oxidation Scrub Black<\/a><\/li>\r\n<li><a href=\"https:\/\/sinoextrud.com\/product\/aluminium-extrusion-cnc\/\" target=\"_blank\">Aluminium Extrusion CNC<\/a><\/li>\r\n<li><a href=\"https:\/\/sinoextrud.com\/product\/aluminium-profile-lock\/\" target=\"_blank\">Aluminium Profile Lock<\/a><\/li>\r\n<li><a href=\"https:\/\/sinoextrud.com\/product\/aluminium-enclosure-housing-and-shells\/\" target=\"_blank\">Aluminium Enclosure Housing And Shells<\/a><\/li>\r\n<li><a href=\"https:\/\/sinoextrud.com\/product\/aluminium-profile-cutting\/\" target=\"_blank\">Aluminium Profile Cutting<\/a><\/li>\r\n<li><a href=\"https:\/\/sinoextrud.com\/product\/high-precision-aluminum-extrusion-profile-cnc-machining-accessory-parts\/\" target=\"_blank\">High Precision Aluminum extrusion Profile CNC Machining Accessory Parts<\/a><\/li>\r\n<li><a href=\"https:\/\/sinoextrud.com\/product\/customized-aluminum-alloy-housing-grow-light\/\" target=\"_blank\">Customized Aluminum Alloy Housing Grow Light<\/a><\/li>\r\n<li><a href=\"https:\/\/sinoextrud.com\/product\/decoration-aluminium\/\" target=\"_blank\">Decoration aluminium<\/a><\/li>"},"feature_list":[]},"_links":{"self":[{"href":"https:\/\/sinoextrud.com\/hu\/wp-json\/wp\/v2\/product\/8436","targetHints":{"allow":["GET"]}}],"collection":[{"href":"https:\/\/sinoextrud.com\/hu\/wp-json\/wp\/v2\/product"}],"about":[{"href":"https:\/\/sinoextrud.com\/hu\/wp-json\/wp\/v2\/types\/product"}],"wp:featuredmedia":[{"embeddable":true,"href":"https:\/\/sinoextrud.com\/hu\/wp-json\/wp\/v2\/media\/8435"}],"wp:attachment":[{"href":"https:\/\/sinoextrud.com\/hu\/wp-json\/wp\/v2\/media?parent=8436"}],"wp:term":[{"taxonomy":"category","embeddable":true,"href":"https:\/\/sinoextrud.com\/hu\/wp-json\/wp\/v2\/categories?post=8436"}],"curies":[{"name":"wp","href":"https:\/\/api.w.org\/{rel}","templated":true}]}}