{"id":8430,"date":"2025-06-16T03:19:21","date_gmt":"2025-06-16T03:19:21","guid":{"rendered":"https:\/\/sinoextrud.com\/product\/aluminium-precision-cnc-fabrication-milling-process-deep-processing-machining-company\/"},"modified":"2025-06-24T06:23:48","modified_gmt":"2025-06-24T06:23:48","slug":"aluminium-precizios-cnc-gyartas-marasi-folyamat-mely-megmunkalas-megmunkalo-ceg","status":"publish","type":"product","link":"https:\/\/sinoextrud.com\/hu\/product\/aluminium-precision-cnc-fabrication-milling-process-deep-processing-machining-company\/","title":{"rendered":"Alum\u00ednium prec\u00edzi\u00f3s CNC gy\u00e1rt\u00e1s CNC mar\u00e1si folyamat m\u00e9ly feldolgoz\u00f3 megmunk\u00e1l\u00f3 c\u00e9g"},"content":{"rendered":"<h2>Term\u00e9kek r\u00e9szletei<\/h2>\n<table class=\"custom-table\">\n<tr>\n<td class=\"label\">C\u00edm<\/td>\n<td>Alum\u00ednium prec\u00edzi\u00f3s CNC gy\u00e1rt\u00e1s CNC mar\u00e1si folyamat m\u00e9ly feldolgoz\u00f3 megmunk\u00e1l\u00f3 c\u00e9g<\/td>\n<\/tr>\n<\/table>\n<h2>Gy\u00e1rt\u00f3 b\u00e1zisunk<\/h2>\n<h3>Gy\u00e1ri panor\u00e1ma<\/h3>\n<p><img decoding=\"async\" src=\"\/wp-content\/uploads\/factory-01.webp\"\/><\/p>\n<h3>Alum\u00ednium r\u00fadgy\u00e1rt\u00f3 m\u0171hely<\/h3>\n<p><img decoding=\"async\" src=\"\/wp-content\/uploads\/factory-02.webp\"\/><\/p>\n<p><img decoding=\"async\" src=\"\/wp-content\/uploads\/factory-03.webp\"\/><\/p>\n<h3>Pen\u00e9sz rakt\u00e1r<\/h3>\n<p><img decoding=\"async\" src=\"\/wp-content\/uploads\/factory-04.webp\"\/><\/p>\n<h3>43 alum\u00ednium extrud\u00e1l\u00f3 vonal (500-5500 tonna)<\/h3>\n<p><img decoding=\"async\" src=\"\/wp-content\/uploads\/factory-05.webp\"\/><\/p>\n<p><img decoding=\"async\" src=\"\/wp-content\/uploads\/factory-06.webp\"\/><\/p>\n<p><img decoding=\"async\" src=\"\/wp-content\/uploads\/factory-07.webp\"\/><\/p>\n<h3>Porfest\u0151 m\u0171hely<\/h3>\n<p><img decoding=\"async\" src=\"\/wp-content\/uploads\/factory-09.webp\"\/><\/p>\n<h3>Anodiz\u00e1l\u00f3 m\u0171hely<\/h3>\n<p><img decoding=\"async\" src=\"\/wp-content\/uploads\/factory-10.webp\"\/><\/p>\n<h3>M\u00e9ly feldolgoz\u00e1si m\u0171hely<\/h3>\n<p><img decoding=\"async\" src=\"\/wp-content\/uploads\/factory-11.webp\"\/><\/p>\n<h3>CNC prec\u00edzi\u00f3s megmunk\u00e1l\u00f3 m\u0171hely<\/h3>\n<p><img decoding=\"async\" src=\"\/wp-content\/uploads\/factory-11.5.webp\"\/><\/p>\n<h3>K\u00e9szterm\u00e9k \u00e9s export rakt\u00e1r<\/h3>\n<p><img decoding=\"async\" src=\"\/wp-content\/uploads\/factory-12.webp\"\/><\/p>\n<p><img decoding=\"async\" src=\"\/wp-content\/uploads\/factory-13.webp\"\/><\/p>\n<p><img decoding=\"async\" src=\"\/wp-content\/uploads\/factory-14.webp\"\/><\/p>\n<h2>GYIK<\/h2>\n<p><p><b>1.Aluminium prec\u00edzi\u00f3s CNC gy\u00e1rt\u00e1s CNC mar\u00e1si folyamat m\u00e9ly feldolgoz\u00f3 megmunk\u00e1l\u00f3 c\u00e9g: Milyen el\u0151ny\u00f6kkel j\u00e1r a CNC mar\u00e1s alkalmaz\u00e1sa az alum\u00edniumgy\u00e1rt\u00e1s sor\u00e1n?<\/b><\/p>\n<p>A CNC mar\u00e1s nagy pontoss\u00e1got, sz\u0171k t\u0171r\u00e9seket \u00e9s egyenletes min\u0151s\u00e9get biztos\u00edt, \u00edgy ide\u00e1lis a pontoss\u00e1got \u00e9s megb\u00edzhat\u00f3s\u00e1got ig\u00e9nyl\u0151 alum\u00ednium alkatr\u00e9szekhez.<br \/>\n<\/p><br \/>\n<br \/>\n<p><b>2.Hogyan jav\u00edtja a m\u00e9lyfeldolgoz\u00e1s az alum\u00ednium alkatr\u00e9szek gy\u00e1rt\u00e1s\u00e1t?<\/b><\/p>\n<p>A m\u00e9lyrehat\u00f3 megmunk\u00e1l\u00e1si technik\u00e1k lehet\u0151v\u00e9 teszik az \u00f6sszetett form\u00e1k \u00e9s formatervek l\u00e9trehoz\u00e1s\u00e1t, n\u00f6velve az alum\u00ednium alkatr\u00e9szek funkcionalit\u00e1s\u00e1t \u00e9s teljes\u00edtm\u00e9ny\u00e9t a k\u00fcl\u00f6nb\u00f6z\u0151 alkalmaz\u00e1sokban.<br \/>\n<\/p><br \/>\n<br \/>\n<p><b>3.Can ny\u00fajt egyedi CNC mar\u00e1s egyedi alum\u00ednium mint\u00e1khoz?<\/b><\/p>\n<p>Igen, testreszabhat\u00f3 CNC mar\u00e1si szolg\u00e1ltat\u00e1sokat k\u00edn\u00e1lunk az egyedi tervez\u00e9si \u00e9s funkcionalit\u00e1si ig\u00e9nyeknek megfelel\u0151en, biztos\u00edtva, hogy az alum\u00ednium alkatr\u00e9szek pontosan megfeleljenek az \u00d6n projektj\u00e9nek.<br \/>\n<\/p><br \/>\n<br \/>\n<p><b>4.Milyen ipar\u00e1gak profit\u00e1lhatnak az alum\u00ednium prec\u00edzi\u00f3s CNC mar\u00e1si szolg\u00e1ltat\u00e1sokb\u00f3l?<\/b><\/p>\n<p>Az olyan ipar\u00e1gak, mint az aut\u00f3ipar, a rep\u00fcl\u0151g\u00e9pipar, az elektronika \u00e9s a feldolgoz\u00f3ipar profit\u00e1lnak a CNC mar\u00e1si \u00e9s m\u00e9lymegmunk\u00e1l\u00e1si technik\u00e1kkal el\u0151\u00e1ll\u00edtott prec\u00edzi\u00f3s alum\u00ednium alkatr\u00e9szekb\u0151l.<br \/>\n<\/p><br \/>\n<br \/>\n<p><b>5.Hogyan befoly\u00e1solja a m\u00e9lyfeldolgoz\u00e1s az alum\u00ednium alkatr\u00e9szek min\u0151s\u00e9g\u00e9t?<\/b><\/p>\n<p>A m\u00e9ly megmunk\u00e1l\u00e1s jav\u00edtja az alum\u00ednium alkatr\u00e9szek szerkezeti integrit\u00e1s\u00e1t, fel\u00fcleti fel\u00fclet\u00e9t \u00e9s \u00e1ltal\u00e1nos teljes\u00edtm\u00e9ny\u00e9t, \u00edgy alkalmass\u00e1 teszi \u0151ket a nagy ig\u00e9nybev\u00e9telt jelent\u0151 \u00e9s prec\u00edzi\u00f3s alkalmaz\u00e1sokhoz.<br \/>\n<\/p><br \/>\n<br \/>\n<p><b>6.Mi az el\u0151nye annak, ha egy alum\u00ednium CNC megmunk\u00e1l\u00e1s\u00e1ra szakosodott c\u00e9ggel dolgozik?<\/b><\/p>\n<p>A CNC megmunk\u00e1l\u00e1sra szakosodott v\u00e1llalat szak\u00e9rtelemmel, fejlett berendez\u00e9sekkel \u00e9s hat\u00e9kony elj\u00e1r\u00e1sokkal biztos\u00edtja az \u00d6n ig\u00e9nyeihez igazod\u00f3, kiv\u00e1l\u00f3 min\u0151s\u00e9g\u0171 alum\u00ednium alkatr\u00e9szek gy\u00e1rt\u00e1s\u00e1t.<br \/>\n<\/p><br \/>\n<br \/>\n<p><b>7.Milyen t\u00edpus\u00fa alum\u00ednium anyagok dolgozhat\u00f3k meg CNC mar\u00e1ssal?<\/b><\/p>\n<p>CNC mar\u00e1si szolg\u00e1ltat\u00e1saink az alum\u00ednium\u00f6tv\u00f6zetek sz\u00e9les sk\u00e1l\u00e1j\u00e1t k\u00e9pesek feldolgozni, biztos\u00edtva, hogy az anyagot optimaliz\u00e1lj\u00e1k az er\u0151ss\u00e9g, a tart\u00f3ss\u00e1g \u00e9s a teljes\u00edtm\u00e9ny szempontj\u00e1b\u00f3l az adott alkalmaz\u00e1sokban.<br \/>\n<\/p><br \/>\n<br \/>\n<p><b>8.Milyen gyorsan tud nagyszab\u00e1s\u00fa alum\u00ednium megmunk\u00e1l\u00e1si projekteket megval\u00f3s\u00edtani?<\/b><\/p>\n<p>Hat\u00e9kony gy\u00e1rt\u00e1si folyamatokat \u00e9s gyors \u00e1tfut\u00e1si id\u0151ket k\u00edn\u00e1lunk, biztos\u00edtva az id\u0151ben t\u00f6rt\u00e9n\u0151 sz\u00e1ll\u00edt\u00e1st mind a kis, mind a nagyszab\u00e1s\u00fa alum\u00ednium megmunk\u00e1l\u00e1si projektek eset\u00e9ben.<br \/>\n<\/p><br \/><\/p>","protected":false},"featured_media":8429,"template":"","categories":[68],"class_list":["post-8430","product","type-product","status-publish","has-post-thumbnail","hentry","category-cnc-machining-aluminum-profile"],"meta_box":{"hilight_text_group":{"product_hilight_text":"<li>High-precision CNC milling for aluminum parts, ensuring tight tolerances and accurate dimensions.<\/li>\r\r\n<li>Advanced deep processing capabilities for complex aluminum parts and components.<\/li>\r\r\n<li>Customizable machining services to meet specific industrial, design, and functionality requirements.<\/li>\r\r\n<li>Efficient and cost-effective solutions for large-scale production with quick turnaround times.<\/li>\r\r\n<li>Expertise in a wide range of aluminum materials, providing optimal solutions for diverse industries.<\/li>","product_chanpin_blog":"<ul>\r\r\n<li><a href=\"https:\/\/sinoextrud.com\/t-slot-v-slot-differences\/\" target=\"_blank\">t slot vs v slot<\/a><\/li>\r\r\n<li><a href=\"https:\/\/sinoextrud.com\/what-is-4040-aluminium-extrud\/\" target=\"_blank\">4040 aluminium extrusion<\/a><\/li>\r\r\n<li><a href=\"https:\/\/sinoextrud.com\/what-is-4040-aluminium-extrud\/\" target=\"_blank\">aluminum extrusions for industrial racks<\/a><\/li>\r\r\n<li><a href=\"https:\/\/sinoextrud.com\/powder-coating-aluminium-process\/\" target=\"_blank\">powder coating aluminium<\/a><\/li>\r\r\n<li><a href=\"https:\/\/sinoextrud.com\/what-is-an-aluminium-strip-ceiling\/\" target=\"_blank\">aluminium strip ceiling<\/a><\/li>\r\r\n<li><a href=\"https:\/\/sinoextrud.com\/what-is-a-heat-sink\/\" target=\"_blank\">what is a heat sink<\/a><\/li>\r\r\n<\/ul>","product_chanpin_chanpin":"<li><a href=\"https:\/\/sinoextrud.com\/product\/industrial-profile-systems\/\" target=\"_blank\">Industrial Profile Systems<\/a><\/li>\r\n<li><a href=\"https:\/\/sinoextrud.com\/product\/t-slot-extruded-aluminum-framing-systems\/\" target=\"_blank\">T Slot Extruded Aluminum Framing Systems<\/a><\/li>\r\n<li><a href=\"https:\/\/sinoextrud.com\/product\/aluminum-extrusions-milling-cutting-and-assembly\/\" target=\"_blank\">Aluminum Extrusions Milling Cutting and Assembly<\/a><\/li>\r\n<li><a href=\"https:\/\/sinoextrud.com\/product\/extruded-aluminium-cnc-machining-profile-and-anodized-surface-treatment-process\/\" target=\"_blank\">Extruded Aluminium CNC Machining profile and Anodized Surface Treatment Process<\/a><\/li>\r\n<li><a href=\"https:\/\/sinoextrud.com\/product\/aluminium-precision-cnc-fabrication-milling-process-deep-processing-machining-company\/\" target=\"_blank\">Aluminium precision CNC fabrication milling process deep processing machining company<\/a><\/li>\r\n<li><a href=\"https:\/\/sinoextrud.com\/product\/aluminum-cnc\/\" target=\"_blank\">Aluminum CNC<\/a><\/li>\r\n<li><a href=\"https:\/\/sinoextrud.com\/product\/aluminium-aerofoil-extrusion-oxidation-scrub-black\/\" target=\"_blank\">Aluminium Aerofoil Extrusion Oxidation Scrub Black<\/a><\/li>\r\n<li><a href=\"https:\/\/sinoextrud.com\/product\/aluminium-extrusion-cnc\/\" target=\"_blank\">Aluminium Extrusion CNC<\/a><\/li>\r\n<li><a href=\"https:\/\/sinoextrud.com\/product\/aluminium-profile-lock\/\" target=\"_blank\">Aluminium Profile Lock<\/a><\/li>\r\n<li><a href=\"https:\/\/sinoextrud.com\/product\/industrial-t-slot-aluminum-profile\/\" target=\"_blank\">Industrial T Slot Aluminum Profile<\/a><\/li>\r\n<li><a href=\"https:\/\/sinoextrud.com\/product\/wood-grain-aluminum-square-hollow-profile\/\" target=\"_blank\">Wood Grain Aluminum Square Hollow Profile<\/a><\/li>"},"feature_list":[]},"_links":{"self":[{"href":"https:\/\/sinoextrud.com\/hu\/wp-json\/wp\/v2\/product\/8430","targetHints":{"allow":["GET"]}}],"collection":[{"href":"https:\/\/sinoextrud.com\/hu\/wp-json\/wp\/v2\/product"}],"about":[{"href":"https:\/\/sinoextrud.com\/hu\/wp-json\/wp\/v2\/types\/product"}],"wp:featuredmedia":[{"embeddable":true,"href":"https:\/\/sinoextrud.com\/hu\/wp-json\/wp\/v2\/media\/8429"}],"wp:attachment":[{"href":"https:\/\/sinoextrud.com\/hu\/wp-json\/wp\/v2\/media?parent=8430"}],"wp:term":[{"taxonomy":"category","embeddable":true,"href":"https:\/\/sinoextrud.com\/hu\/wp-json\/wp\/v2\/categories?post=8430"}],"curies":[{"name":"wp","href":"https:\/\/api.w.org\/{rel}","templated":true}]}}