{"id":8428,"date":"2025-06-16T03:17:31","date_gmt":"2025-06-16T03:17:31","guid":{"rendered":"https:\/\/sinoextrud.com\/product\/extruded-aluminium-cnc-machining-profile-and-anodized-surface-treatment-process\/"},"modified":"2025-06-24T06:23:47","modified_gmt":"2025-06-24T06:23:47","slug":"extrudalt-aluminium-cnc-megmunkalasi-profil-es-eloxalt-feluletkezelesi-eljaras","status":"publish","type":"product","link":"https:\/\/sinoextrud.com\/hu\/product\/extruded-aluminium-cnc-machining-profile-and-anodized-surface-treatment-process\/","title":{"rendered":"Extrud\u00e1lt alum\u00ednium CNC megmunk\u00e1l\u00e1si profil \u00e9s elox\u00e1lt fel\u00fcletkezel\u00e9si folyamat"},"content":{"rendered":"<h2>Term\u00e9kek r\u00e9szletei<\/h2>\n<table class=\"custom-table\">\n<tr>\n<td class=\"label\">C\u00edm<\/td>\n<td>Extrud\u00e1lt alum\u00ednium CNC megmunk\u00e1l\u00e1si profil \u00e9s elox\u00e1lt fel\u00fcletkezel\u00e9si folyamat<\/td>\n<\/tr>\n<tr>\n<td class=\"label\">Anyag:<\/td>\n<td> 6063 T5 extrud\u00e1lt alum\u00ednium profil<\/td>\n<\/tr>\n<tr>\n<td class=\"label\">Folyamat:<\/td>\n<td> CNC megmunk\u00e1l\u00e1s \u00e9s elox\u00e1l\u00e1si folyamat<\/td>\n<\/tr>\n<tr>\n<td class=\"label\">Alkalmaz\u00e1s:<\/td>\n<td> \u00dcveg ajt\u00f3 zsan\u00e9r<\/td>\n<\/tr>\n<\/table>\n<h2>Gy\u00e1rt\u00f3 b\u00e1zisunk<\/h2>\n<h3>Gy\u00e1ri panor\u00e1ma<\/h3>\n<p><img decoding=\"async\" src=\"\/wp-content\/uploads\/factory-01.webp\"\/><\/p>\n<h3>Alum\u00ednium r\u00fadgy\u00e1rt\u00f3 m\u0171hely<\/h3>\n<p><img decoding=\"async\" src=\"\/wp-content\/uploads\/factory-02.webp\"\/><\/p>\n<p><img decoding=\"async\" src=\"\/wp-content\/uploads\/factory-03.webp\"\/><\/p>\n<h3>Pen\u00e9sz rakt\u00e1r<\/h3>\n<p><img decoding=\"async\" src=\"\/wp-content\/uploads\/factory-04.webp\"\/><\/p>\n<h3>43 alum\u00ednium extrud\u00e1l\u00f3 vonal (500-5500 tonna)<\/h3>\n<p><img decoding=\"async\" src=\"\/wp-content\/uploads\/factory-05.webp\"\/><\/p>\n<p><img decoding=\"async\" src=\"\/wp-content\/uploads\/factory-06.webp\"\/><\/p>\n<p><img decoding=\"async\" src=\"\/wp-content\/uploads\/factory-07.webp\"\/><\/p>\n<h3>Porfest\u0151 m\u0171hely<\/h3>\n<p><img decoding=\"async\" src=\"\/wp-content\/uploads\/factory-09.webp\"\/><\/p>\n<h3>Anodiz\u00e1l\u00f3 m\u0171hely<\/h3>\n<p><img decoding=\"async\" src=\"\/wp-content\/uploads\/factory-10.webp\"\/><\/p>\n<h3>M\u00e9ly feldolgoz\u00e1si m\u0171hely<\/h3>\n<p><img decoding=\"async\" src=\"\/wp-content\/uploads\/factory-11.webp\"\/><\/p>\n<h3>CNC prec\u00edzi\u00f3s megmunk\u00e1l\u00f3 m\u0171hely<\/h3>\n<p><img decoding=\"async\" src=\"\/wp-content\/uploads\/factory-11.5.webp\"\/><\/p>\n<h3>K\u00e9szterm\u00e9k \u00e9s export rakt\u00e1r<\/h3>\n<p><img decoding=\"async\" src=\"\/wp-content\/uploads\/factory-12.webp\"\/><\/p>\n<p><img decoding=\"async\" src=\"\/wp-content\/uploads\/factory-13.webp\"\/><\/p>\n<p><img decoding=\"async\" src=\"\/wp-content\/uploads\/factory-14.webp\"\/><\/p>\n<h2>GYIK<\/h2>\n<p><p><b>1.Extrud\u00e1lt alum\u00ednium CNC megmunk\u00e1l\u00e1si profil \u00e9s elox\u00e1lt fel\u00fcletkezel\u00e9si folyamat: Milyen el\u0151nyei vannak az extrud\u00e1lt alum\u00ednium profiloknak?<\/b><\/p>\n<p>Az extrud\u00e1lt alum\u00edniumprofilok k\u00f6nny\u0171ek, er\u0151sek \u00e9s korr\u00f3zi\u00f3\u00e1ll\u00f3ak, \u00edgy ide\u00e1lisak az ipari \u00e9s szerkezeti alkalmaz\u00e1sok sz\u00e9les k\u00f6r\u00e9hez.<br \/>\n<\/p><br \/>\n<br \/>\n<p><b>2.Hogyan jav\u00edtja a CNC megmunk\u00e1l\u00e1s az alum\u00edniumprofil pontoss\u00e1g\u00e1t?<\/b><\/p>\n<p>A CNC megmunk\u00e1l\u00e1s nagy pontoss\u00e1got, sz\u0171k t\u0171r\u00e9seket \u00e9s konzisztens kivitelez\u00e9st biztos\u00edt, \u00edgy az egyedi tervez\u00e9si k\u00f6vetelm\u00e9nyekhez igazod\u00f3, kiv\u00e1l\u00f3 min\u0151s\u00e9g\u0171 term\u00e9ket kapunk.<br \/>\n<\/p><br \/>\n<br \/>\n<p><b>3.Mit tesz az elox\u00e1l\u00e1s az alum\u00edniumprofilok eset\u00e9ben?<\/b><\/p>\n<p>Az elox\u00e1l\u00e1s a korr\u00f3zi\u00f3\u00e1ll\u00f3s\u00e1g, a fel\u00fcleti kem\u00e9nys\u00e9g \u00e9s a kop\u00e1s\u00e1ll\u00f3s\u00e1g n\u00f6vel\u00e9s\u00e9vel jav\u00edtja az alum\u00edniumprofilokat, mik\u00f6zben vonz\u00f3, tart\u00f3s fel\u00fcletet biztos\u00edt.<br \/>\n<\/p><br \/>\n<br \/>\n<p><b>4.Hogyan befoly\u00e1solja az elox\u00e1l\u00e1s az alum\u00edniumprofilok teljes\u00edtm\u00e9ny\u00e9t?<\/b><\/p>\n<p>Az elox\u00e1l\u00e1s egy v\u00e9d\u0151 oxidr\u00e9teget hoz l\u00e9tre, amely jav\u00edtja a korr\u00f3zi\u00f3val, kop\u00e1ssal \u00e9s karcol\u00e1sokkal szembeni ellen\u00e1ll\u00e1st, meghosszabb\u00edtja az alum\u00edniumprofil \u00e9lettartam\u00e1t \u00e9s meg\u0151rzi megjelen\u00e9s\u00e9t.<br \/>\n<\/p><br \/>\n<br \/>\n<p><b>5.Lehet-e az elox\u00e1lt fel\u00fcletet testre szabni a k\u00fcl\u00f6nb\u00f6z\u0151 alum\u00edniumprofilokhoz?<\/b><\/p>\n<p>Igen, az elox\u00e1lt fel\u00fclet sz\u00edne \u00e9s text\u00far\u00e1ja testre szabhat\u00f3, hogy megfeleljen az eszt\u00e9tikai \u00e9s funkcion\u00e1lis k\u00f6vetelm\u00e9nyeknek.<br \/>\n<\/p><br \/>\n<br \/>\n<p><b>6.Milyen ipar\u00e1gak sz\u00e1m\u00e1ra el\u0151ny\u00f6sek a CNC megmunk\u00e1l\u00e1ssal \u00e9s elox\u00e1lt fel\u00fcletkezel\u00e9ssel ell\u00e1tott extrud\u00e1lt alum\u00ednium profilok?<\/b><\/p>\n<p>Az olyan ipar\u00e1gak, mint a rep\u00fcl\u0151g\u00e9pipar, az aut\u00f3ipar, az \u00e9p\u00edt\u0151ipar \u00e9s a feldolgoz\u00f3ipar profit\u00e1lnak az ezen elj\u00e1r\u00e1sok \u00e1ltal k\u00edn\u00e1lt szil\u00e1rds\u00e1gb\u00f3l, pontoss\u00e1gb\u00f3l \u00e9s tart\u00f3ss\u00e1gb\u00f3l.<br \/>\n<\/p><br \/>\n<br \/>\n<p><b>7.Hogyan jav\u00edtja az elox\u00e1lt fel\u00fclet az alum\u00edniumprofil tart\u00f3ss\u00e1g\u00e1t?<\/b><\/p>\n<p>Az elox\u00e1lt fel\u00fclet n\u00f6veli a profil ellen\u00e1ll\u00e1s\u00e1t a k\u00f6rnyezeti t\u00e9nyez\u0151kkel, p\u00e9ld\u00e1ul a nedvess\u00e9ggel \u00e9s a vegyi anyagokkal szemben, jav\u00edtva ezzel az \u00e1ltal\u00e1nos tart\u00f3ss\u00e1got \u00e9s teljes\u00edtm\u00e9nyt.<br \/>\n<\/p><br \/>\n<br \/>\n<p><b>8.Az elox\u00e1lt fel\u00fclet k\u00f6rnyezetbar\u00e1t?<\/b><\/p>\n<p>Igen, az elox\u00e1l\u00e1s k\u00f6rnyezetbar\u00e1t elj\u00e1r\u00e1s, mivel nem m\u00e9rgez\u0151 anyagokat haszn\u00e1l, \u00e9s cs\u00f6kkenti a k\u00e1ros vegyi anyagokat kibocs\u00e1t\u00f3 bevonatok sz\u00fcks\u00e9gess\u00e9g\u00e9t.<br \/>\n<\/p><br \/><\/p>","protected":false},"featured_media":8427,"template":"","categories":[68],"class_list":["post-8428","product","type-product","status-publish","has-post-thumbnail","hentry","category-cnc-machining-aluminum-profile"],"meta_box":{"hilight_text_group":{"product_hilight_text":"<li>Extruded aluminum profiles offer high strength, lightweight, and corrosion resistance for industrial use.<\/li>\r\r\n<li>CNC machining ensures precise dimensions and tight tolerances, ideal for custom applications.<\/li>\r\r\n<li>Anodized surface treatment enhances the durability and aesthetic appeal of aluminum profiles.<\/li>\r\r\n<li>Improved resistance to wear, corrosion, and scratches with the anodized finish.<\/li>\r\r\n<li>Customizable profiles and finishes to meet specific project requirements in various industries.<\/li>","product_chanpin_blog":"<ul>\r\r\n<li><a href=\"https:\/\/sinoextrud.com\/t-slot-v-slot-differences\/\" target=\"_blank\">t slot vs v slot<\/a><\/li>\r\r\n<li><a href=\"https:\/\/sinoextrud.com\/what-is-4040-aluminium-extrud\/\" target=\"_blank\">4040 aluminium extrusion<\/a><\/li>\r\r\n<li><a href=\"https:\/\/sinoextrud.com\/what-is-4040-aluminium-extrud\/\" target=\"_blank\">aluminum extrusions for industrial racks<\/a><\/li>\r\r\n<li><a href=\"https:\/\/sinoextrud.com\/powder-coating-aluminium-process\/\" target=\"_blank\">powder coating aluminium<\/a><\/li>\r\r\n<li><a href=\"https:\/\/sinoextrud.com\/what-is-an-aluminium-strip-ceiling\/\" target=\"_blank\">aluminium strip ceiling<\/a><\/li>\r\r\n<li><a href=\"https:\/\/sinoextrud.com\/what-is-a-heat-sink\/\" target=\"_blank\">what is a heat sink<\/a><\/li>\r\r\n<\/ul>","product_chanpin_chanpin":"<li><a href=\"https:\/\/sinoextrud.com\/product\/aluminum-extrusion-fabrication\/\" target=\"_blank\">Aluminum Extrusion Fabrication<\/a><\/li>\r\n<li><a href=\"https:\/\/sinoextrud.com\/product\/industrial-profile-systems\/\" target=\"_blank\">Industrial Profile Systems<\/a><\/li>\r\n<li><a href=\"https:\/\/sinoextrud.com\/product\/t-slot-extruded-aluminum-framing-systems\/\" target=\"_blank\">T Slot Extruded Aluminum Framing Systems<\/a><\/li>\r\n<li><a href=\"https:\/\/sinoextrud.com\/product\/aluminum-extrusions-milling-cutting-and-assembly\/\" target=\"_blank\">Aluminum Extrusions Milling Cutting and Assembly<\/a><\/li>\r\n<li><a href=\"https:\/\/sinoextrud.com\/product\/extruded-aluminium-cnc-machining-profile-and-anodized-surface-treatment-process\/\" target=\"_blank\">Extruded Aluminium CNC Machining profile and Anodized Surface Treatment Process<\/a><\/li>\r\n<li><a href=\"https:\/\/sinoextrud.com\/product\/aluminium-precision-cnc-fabrication-milling-process-deep-processing-machining-company\/\" target=\"_blank\">Aluminium precision CNC fabrication milling process deep processing machining company<\/a><\/li>\r\n<li><a href=\"https:\/\/sinoextrud.com\/product\/aluminum-cnc\/\" target=\"_blank\">Aluminum CNC<\/a><\/li>\r\n<li><a href=\"https:\/\/sinoextrud.com\/product\/aluminium-aerofoil-extrusion-oxidation-scrub-black\/\" target=\"_blank\">Aluminium Aerofoil Extrusion Oxidation Scrub Black<\/a><\/li>\r\n<li><a href=\"https:\/\/sinoextrud.com\/product\/aluminium-extrusion-cnc\/\" target=\"_blank\">Aluminium Extrusion CNC<\/a><\/li>\r\n<li><a href=\"https:\/\/sinoextrud.com\/product\/customized-ome-aluminium-profile-extruded-with-the-anodized-black-champage-silver-white-and-blasted-treatment\/\" target=\"_blank\">Customized OME Aluminium Profile Extruded With The Anodized Black Champage Silver White And Blasted Treatment<\/a><\/li>\r\n<li><a href=\"https:\/\/sinoextrud.com\/product\/aluminium-window-extrusion-profile\/\" target=\"_blank\">Aluminium Window Extrusion Profile<\/a><\/li>"},"feature_list":[]},"_links":{"self":[{"href":"https:\/\/sinoextrud.com\/hu\/wp-json\/wp\/v2\/product\/8428","targetHints":{"allow":["GET"]}}],"collection":[{"href":"https:\/\/sinoextrud.com\/hu\/wp-json\/wp\/v2\/product"}],"about":[{"href":"https:\/\/sinoextrud.com\/hu\/wp-json\/wp\/v2\/types\/product"}],"wp:featuredmedia":[{"embeddable":true,"href":"https:\/\/sinoextrud.com\/hu\/wp-json\/wp\/v2\/media\/8427"}],"wp:attachment":[{"href":"https:\/\/sinoextrud.com\/hu\/wp-json\/wp\/v2\/media?parent=8428"}],"wp:term":[{"taxonomy":"category","embeddable":true,"href":"https:\/\/sinoextrud.com\/hu\/wp-json\/wp\/v2\/categories?post=8428"}],"curies":[{"name":"wp","href":"https:\/\/api.w.org\/{rel}","templated":true}]}}