{"id":8426,"date":"2025-06-16T03:15:20","date_gmt":"2025-06-16T03:15:20","guid":{"rendered":"https:\/\/sinoextrud.com\/product\/aluminum-extrusions-milling-cutting-and-assembly\/"},"modified":"2025-06-24T06:23:47","modified_gmt":"2025-06-24T06:23:47","slug":"aluminium-extrudalasok-maras-vagas-es-osszeszereles","status":"publish","type":"product","link":"https:\/\/sinoextrud.com\/hu\/product\/aluminum-extrusions-milling-cutting-and-assembly\/","title":{"rendered":"Alum\u00ednium extrud\u00e1l\u00e1sok mar\u00e1s v\u00e1g\u00e1s \u00e9s \u00f6sszeszerel\u00e9s"},"content":{"rendered":"<h2>Term\u00e9kek r\u00e9szletei<\/h2>\n<table class=\"custom-table\">\n<tr>\n<td class=\"label\">C\u00edm<\/td>\n<td>Alum\u00ednium extrud\u00e1l\u00e1sok mar\u00e1s v\u00e1g\u00e1s \u00e9s \u00f6sszeszerel\u00e9s<\/td>\n<\/tr>\n<\/table>\n<h2>Gy\u00e1rt\u00f3 b\u00e1zisunk<\/h2>\n<h3>Gy\u00e1ri panor\u00e1ma<\/h3>\n<p><img decoding=\"async\" src=\"\/wp-content\/uploads\/factory-01.webp\"\/><\/p>\n<h3>Alum\u00ednium r\u00fadgy\u00e1rt\u00f3 m\u0171hely<\/h3>\n<p><img decoding=\"async\" src=\"\/wp-content\/uploads\/factory-02.webp\"\/><\/p>\n<p><img decoding=\"async\" src=\"\/wp-content\/uploads\/factory-03.webp\"\/><\/p>\n<h3>Pen\u00e9sz rakt\u00e1r<\/h3>\n<p><img decoding=\"async\" src=\"\/wp-content\/uploads\/factory-04.webp\"\/><\/p>\n<h3>43 alum\u00ednium extrud\u00e1l\u00f3 vonal (500-5500 tonna)<\/h3>\n<p><img decoding=\"async\" src=\"\/wp-content\/uploads\/factory-05.webp\"\/><\/p>\n<p><img decoding=\"async\" src=\"\/wp-content\/uploads\/factory-06.webp\"\/><\/p>\n<p><img decoding=\"async\" src=\"\/wp-content\/uploads\/factory-07.webp\"\/><\/p>\n<h3>Porfest\u0151 m\u0171hely<\/h3>\n<p><img decoding=\"async\" src=\"\/wp-content\/uploads\/factory-09.webp\"\/><\/p>\n<h3>Anodiz\u00e1l\u00f3 m\u0171hely<\/h3>\n<p><img decoding=\"async\" src=\"\/wp-content\/uploads\/factory-10.webp\"\/><\/p>\n<h3>M\u00e9ly feldolgoz\u00e1si m\u0171hely<\/h3>\n<p><img decoding=\"async\" src=\"\/wp-content\/uploads\/factory-11.webp\"\/><\/p>\n<h3>CNC prec\u00edzi\u00f3s megmunk\u00e1l\u00f3 m\u0171hely<\/h3>\n<p><img decoding=\"async\" src=\"\/wp-content\/uploads\/factory-11.5.webp\"\/><\/p>\n<h3>K\u00e9szterm\u00e9k \u00e9s export rakt\u00e1r<\/h3>\n<p><img decoding=\"async\" src=\"\/wp-content\/uploads\/factory-12.webp\"\/><\/p>\n<p><img decoding=\"async\" src=\"\/wp-content\/uploads\/factory-13.webp\"\/><\/p>\n<p><img decoding=\"async\" src=\"\/wp-content\/uploads\/factory-14.webp\"\/><\/p>\n<h2>GYIK<\/h2>\n<p><p><b>1.Aluminum Extrusions mar\u00e1s v\u00e1g\u00e1s \u00e9s \u00f6sszeszerel\u00e9s: Melyek a legfontosabb el\u0151ny\u00f6k?<\/b><\/p>\n<p>A term\u00e9k prec\u00edzi\u00f3s mar\u00e1st \u00e9s v\u00e1g\u00e1st biztos\u00edt, pontos m\u00e9reteket \u00e9s kiv\u00e1l\u00f3 fel\u00fcleteket k\u00edn\u00e1l sz\u00e1mos ipari ig\u00e9nyhez.<br \/>\n<\/p><br \/>\n<br \/>\n<p><b>2.Hogyan jav\u00edtja a mar\u00e1si \u00e9s v\u00e1g\u00e1si folyamat a term\u00e9k min\u0151s\u00e9g\u00e9t?<\/b><\/p>\n<p>A mar\u00e1s \u00e9s a v\u00e1g\u00e1s biztos\u00edtja a pontoss\u00e1got \u00e9s a sz\u0171k t\u0171r\u00e9seket, ami olyan kiv\u00e1l\u00f3 min\u0151s\u00e9g\u0171 alum\u00ednium extrud\u00e1l\u00e1sokat eredm\u00e9nyez, amelyek megfelelnek az ig\u00e9nyes szabv\u00e1nyoknak.<br \/>\n<\/p><br \/>\n<br \/>\n<p><b>3.Can alum\u00ednium extrud\u00e1l\u00e1sok testreszabhat\u00f3?<\/b><\/p>\n<p>Igen, az alum\u00ednium extrud\u00e1l\u00e1sok k\u00fcl\u00f6nb\u00f6z\u0151 m\u00e9retekben, form\u00e1kban \u00e9s kialak\u00edt\u00e1sokban testre szabhat\u00f3k, hogy megfeleljenek az adott projekt k\u00f6vetelm\u00e9nyeinek.<br \/>\n<\/p><br \/>\n<br \/>\n<p><b>4.Milyen ipar\u00e1gak profit\u00e1lnak legink\u00e1bb az alum\u00ednium extrud\u00e1l\u00e1sok mar\u00e1s\u00e1b\u00f3l \u00e9s v\u00e1g\u00e1s\u00e1b\u00f3l?<\/b><\/p>\n<p>Az olyan ipar\u00e1gak, mint az \u00e9p\u00edt\u0151ipar, az aut\u00f3ipar \u00e9s a feldolgoz\u00f3ipar profit\u00e1lnak az alum\u00ednium extrud\u00e1l\u00e1sok pontoss\u00e1g\u00e1b\u00f3l \u00e9s tart\u00f3ss\u00e1g\u00e1b\u00f3l.<br \/>\n<\/p><br \/>\n<br \/>\n<p><b>5.Gyors \u00e9s k\u00f6lts\u00e9ghat\u00e9kony az \u00f6sszeszerel\u00e9si folyamat?<\/b><\/p>\n<p>Igen, a hat\u00e9kony \u00f6sszeszerel\u00e9si folyamat gyors gy\u00e1rt\u00e1si id\u0151t biztos\u00edt a k\u00f6lts\u00e9ghat\u00e9konys\u00e1g fenntart\u00e1sa mellett, cs\u00f6kkentve a projekt teljes k\u00f6lts\u00e9g\u00e9t.<br \/>\n<\/p><br \/>\n<br \/>\n<p><b>6.Mi teszi az alum\u00ednium extrud\u00e1l\u00e1st sz\u00e1mos alkalmaz\u00e1sn\u00e1l el\u0151ny\u00f6s v\u00e1laszt\u00e1ss\u00e1?<\/b><\/p>\n<p>Az alum\u00ednium extrud\u00e1lt term\u00e9kek k\u00f6nny\u0171ek, er\u0151sek \u00e9s korr\u00f3zi\u00f3\u00e1ll\u00f3ak, \u00edgy ide\u00e1lisak sz\u00e1mos ipari \u00e9s szerkezeti alkalmaz\u00e1shoz.<br \/>\n<\/p><br \/>\n<br \/>\n<p><b>7.Hogyan seg\u00edt az egyedi mar\u00e1s a term\u00e9kfejleszt\u00e9sben?<\/b><\/p>\n<p>Az egyedi mar\u00e1s lehet\u0151v\u00e9 teszi a pontos, testreszabott alkatr\u00e9szek l\u00e9trehoz\u00e1s\u00e1t, amelyek megfelelnek az egyedi tervez\u00e9si \u00e9s funkcion\u00e1lis k\u00f6vetelm\u00e9nyeknek.<br \/>\n<\/p><br \/><\/p>","protected":false},"featured_media":8425,"template":"","categories":[68],"class_list":["post-8426","product","type-product","status-publish","has-post-thumbnail","hentry","category-cnc-machining-aluminum-profile"],"meta_box":{"hilight_text_group":{"product_hilight_text":"<li>Precision milling and cutting for accurate dimensions and high-quality finishes.<\/li>\r\r\n<li>Efficient assembly process that ensures quick turnarounds and cost-effective production.<\/li>\r\r\n<li>Customizable designs and sizes to meet specific industrial requirements.<\/li>\r\r\n<li>Aluminum extrusions offer lightweight yet durable solutions for various applications.<\/li>\r\r\n<li>Expert craftsmanship and high-performance machinery for consistent results.<\/li>","product_chanpin_blog":"<ul>\r\r\n<li><a href=\"https:\/\/sinoextrud.com\/t-slot-v-slot-differences\/\" target=\"_blank\">t slot vs v slot<\/a><\/li>\r\r\n<li><a href=\"https:\/\/sinoextrud.com\/what-is-4040-aluminium-extrud\/\" target=\"_blank\">4040 aluminium extrusion<\/a><\/li>\r\r\n<li><a href=\"https:\/\/sinoextrud.com\/what-is-4040-aluminium-extrud\/\" target=\"_blank\">aluminum extrusions for industrial racks<\/a><\/li>\r\r\n<li><a href=\"https:\/\/sinoextrud.com\/powder-coating-aluminium-process\/\" target=\"_blank\">powder coating aluminium<\/a><\/li>\r\r\n<li><a href=\"https:\/\/sinoextrud.com\/what-is-an-aluminium-strip-ceiling\/\" target=\"_blank\">aluminium strip ceiling<\/a><\/li>\r\r\n<li><a href=\"https:\/\/sinoextrud.com\/what-is-a-heat-sink\/\" target=\"_blank\">what is a heat sink<\/a><\/li>\r\r\n<\/ul>","product_chanpin_chanpin":"<li><a href=\"https:\/\/sinoextrud.com\/product\/slotted-aluminium-extrusion\/\" target=\"_blank\">Slotted Aluminium Extrusion<\/a><\/li>\r\n<li><a href=\"https:\/\/sinoextrud.com\/product\/aluminum-extrusion-fabrication\/\" target=\"_blank\">Aluminum Extrusion Fabrication<\/a><\/li>\r\n<li><a href=\"https:\/\/sinoextrud.com\/product\/industrial-profile-systems\/\" target=\"_blank\">Industrial Profile Systems<\/a><\/li>\r\n<li><a href=\"https:\/\/sinoextrud.com\/product\/t-slot-extruded-aluminum-framing-systems\/\" target=\"_blank\">T Slot Extruded Aluminum Framing Systems<\/a><\/li>\r\n<li><a href=\"https:\/\/sinoextrud.com\/product\/aluminum-extrusions-milling-cutting-and-assembly\/\" target=\"_blank\">Aluminum Extrusions Milling Cutting and Assembly<\/a><\/li>\r\n<li><a href=\"https:\/\/sinoextrud.com\/product\/extruded-aluminium-cnc-machining-profile-and-anodized-surface-treatment-process\/\" target=\"_blank\">Extruded Aluminium CNC Machining profile and Anodized Surface Treatment Process<\/a><\/li>\r\n<li><a href=\"https:\/\/sinoextrud.com\/product\/aluminium-precision-cnc-fabrication-milling-process-deep-processing-machining-company\/\" target=\"_blank\">Aluminium precision CNC fabrication milling process deep processing machining company<\/a><\/li>\r\n<li><a href=\"https:\/\/sinoextrud.com\/product\/aluminum-cnc\/\" target=\"_blank\">Aluminum CNC<\/a><\/li>\r\n<li><a href=\"https:\/\/sinoextrud.com\/product\/aluminium-aerofoil-extrusion-oxidation-scrub-black\/\" target=\"_blank\">Aluminium Aerofoil Extrusion Oxidation Scrub Black<\/a><\/li>\r\n<li><a href=\"https:\/\/sinoextrud.com\/product\/aluminum-edge-trim-for-plywood\/\" target=\"_blank\">Aluminum Edge Trim For Plywood<\/a><\/li>\r\n<li><a href=\"https:\/\/sinoextrud.com\/product\/aluminium-sections-for-glazing\/\" target=\"_blank\">Aluminium Sections For Glazing<\/a><\/li>"},"feature_list":[]},"_links":{"self":[{"href":"https:\/\/sinoextrud.com\/hu\/wp-json\/wp\/v2\/product\/8426","targetHints":{"allow":["GET"]}}],"collection":[{"href":"https:\/\/sinoextrud.com\/hu\/wp-json\/wp\/v2\/product"}],"about":[{"href":"https:\/\/sinoextrud.com\/hu\/wp-json\/wp\/v2\/types\/product"}],"wp:featuredmedia":[{"embeddable":true,"href":"https:\/\/sinoextrud.com\/hu\/wp-json\/wp\/v2\/media\/8425"}],"wp:attachment":[{"href":"https:\/\/sinoextrud.com\/hu\/wp-json\/wp\/v2\/media?parent=8426"}],"wp:term":[{"taxonomy":"category","embeddable":true,"href":"https:\/\/sinoextrud.com\/hu\/wp-json\/wp\/v2\/categories?post=8426"}],"curies":[{"name":"wp","href":"https:\/\/api.w.org\/{rel}","templated":true}]}}