{"id":8398,"date":"2025-06-16T01:52:26","date_gmt":"2025-06-16T01:52:26","guid":{"rendered":"https:\/\/sinoextrud.com\/product\/aluminum-t-slot-channel\/"},"modified":"2025-06-24T06:23:43","modified_gmt":"2025-06-24T06:23:43","slug":"aluminium-t-nyilas-csatorna","status":"publish","type":"product","link":"https:\/\/sinoextrud.com\/hu\/product\/aluminum-t-slot-channel\/","title":{"rendered":"Alum\u00ednium T slot csatorna"},"content":{"rendered":"<h2>Term\u00e9kek r\u00e9szletei<\/h2>\n<table class=\"custom-table\">\n<tbody>\n<tr>\n<td> Term\u00e9k neve<\/td>\n<td> Alum\u00ednium T slot csatorna<\/td>\n<\/tr>\n<tr>\n<td> Anyagmin\u0151s\u00e9g<\/td>\n<td> 6000-es sorozat<\/td>\n<\/tr>\n<tr>\n<td> Temper<\/td>\n<td> T3-T8<\/td>\n<\/tr>\n<tr>\n<td> Shape<\/td>\n<td> T ny\u00edl\u00e1s<\/td>\n<\/tr>\n<tr>\n<td> Vastags\u00e1g<\/td>\n<td> 0,7 mm-10 mm, vagy m\u00e1s egy\u00e9ni vastags\u00e1g<\/td>\n<\/tr>\n<tr>\n<td> Megl\u00e9v\u0151 sorozat<\/td>\n<td> 1515 15180 2020 20120 4040 4080 80160 9090 stb.<\/td>\n<\/tr>\n<tr>\n<td> Sz\u00ednes<\/td>\n<td> Testre szabottan<\/td>\n<\/tr>\n<tr>\n<td> Hossz\u00fas\u00e1g<\/td>\n<td> Standard hossz\u00fas\u00e1g 1-9M, k\u00fcl\u00f6nleges hossz t\u00e1rgyalhat\u00f3<\/td>\n<\/tr>\n<tr>\n<td> Alkalmaz\u00e1sok<\/td>\n<td> Ipari, gy\u00e1rt\u00f3sor stb.<\/td>\n<\/tr>\n<tr>\n<td> V\u00e9djegy<\/td>\n<td> Sinoextrud vagy OEM<\/td>\n<\/tr>\n<tr>\n<td> M\u00e9ly folyamat<\/td>\n<td> T\u00e1mogat\u00f3 CNC mar\u00e1s, lyukaszt\u00e1s, f\u00far\u00e1s, csapol\u00e1s, hajl\u00edt\u00e1s<\/td>\n<\/tr>\n<tr>\n<td> MOQ<\/td>\n<td> 200 kg a k\u00fcl\u00f6nb\u00f6z\u0151 fel\u00fcletekt\u0151l f\u00fcgg<\/td>\n<\/tr>\n<tr>\n<td> Fel\u00fclet k\u00e9sz<\/td>\n<td> Malom k\u00e9sz, fa szemcs\u00e9s, elox\u00e1lt, porbevonat, elektrofor\u00e9zis, PVDF bevonat, csiszolt stb.<\/td>\n<\/tr>\n<tr>\n<td> Tan\u00fas\u00edtv\u00e1nyok<\/td>\n<td> ISO9001, ISO4001, CQM, SGS, CE, BV stb.<\/td>\n<\/tr>\n<tr>\n<td> Sz\u00e1rmaz\u00e1si hely<\/td>\n<td> Guangdong,K\u00edna<\/td>\n<\/tr>\n<tr>\n<td> \u00c1tfut\u00e1si id\u0151<\/td>\n<td> 1.Die nyitott \u00e9s mintateszt 12 nap k\u00f6r\u00fcl. 2.Mass gy\u00e1rt\u00e1s k\u00f6r\u00fclbel\u00fcl 25 nap.<\/td>\n<\/tr>\n<tr>\n<td> Sz\u00e1ll\u00edt\u00e1si felt\u00e9telek<\/td>\n<td> EXW vagy FOB Foshan\/Guangzhou\/Shenzhen<\/td>\n<\/tr>\n<tr>\n<td> Terms Of<br \/>\nFizet\u00e9s<\/td>\n<td> Alipay, LC vagy TT 30% el\u0151leg, 70% egyenleg a sz\u00e1ll\u00edt\u00e1s el\u0151tt<\/td>\n<\/tr>\n<tr>\n<td> Csomagol\u00e1s<\/td>\n<td> 1.Inside : m\u0171anyag v\u00e9d\u0151f\u00f3li\u00e1val vagy polizs\u00e1kkal csomagolva. 2.Outside: v\u00edz\u00e1ll\u00f3 er\u0151pap\u00edrral csomagolva minden k\u00f6teghez. 3.Egy\u00e9b csomagol\u00e1si m\u00f3dszer meg\u00e1llapod\u00e1s szerint.<\/td>\n<\/tr>\n<\/tbody>\n<\/table>\n<h2>Gy\u00e1rt\u00f3 b\u00e1zisunk<\/h2>\n<h3>Gy\u00e1ri panor\u00e1ma<\/h3>\n<p><img decoding=\"async\" src=\"\/wp-content\/uploads\/factory-01.webp\"\/><\/p>\n<h3>Alum\u00ednium r\u00fadgy\u00e1rt\u00f3 m\u0171hely<\/h3>\n<p><img decoding=\"async\" src=\"\/wp-content\/uploads\/factory-02.webp\"\/><\/p>\n<\/p>\n<p><img decoding=\"async\" src=\"\/wp-content\/uploads\/factory-03.webp\"\/><\/p>\n<h3>Pen\u00e9sz rakt\u00e1r<\/h3>\n<p><img decoding=\"async\" src=\"\/wp-content\/uploads\/factory-04.webp\"\/><\/p>\n<h3>43 alum\u00ednium extrud\u00e1l\u00f3 vonal (500-5500 tonna)<\/h3>\n<p><img decoding=\"async\" src=\"\/wp-content\/uploads\/factory-05.webp\"\/><\/p>\n<p><img decoding=\"async\" src=\"\/wp-content\/uploads\/factory-06.webp\"\/><\/p>\n<p><img decoding=\"async\" src=\"\/wp-content\/uploads\/factory-07.webp\"\/><\/p>\n<h3>Porfest\u0151 m\u0171hely<\/h3>\n<p><img decoding=\"async\" src=\"\/wp-content\/uploads\/factory-09.webp\"\/><\/p>\n<h3>Anodiz\u00e1l\u00f3 m\u0171hely<\/h3>\n<p><img decoding=\"async\" src=\"\/wp-content\/uploads\/factory-10.webp\"\/><\/p>\n<h3>M\u00e9ly feldolgoz\u00e1si m\u0171hely<\/h3>\n<p><img decoding=\"async\" src=\"\/wp-content\/uploads\/factory-11.webp\"\/><\/p>\n<h3>CNC prec\u00edzi\u00f3s megmunk\u00e1l\u00f3 m\u0171hely<\/h3>\n<p><img decoding=\"async\" src=\"\/wp-content\/uploads\/factory-11.5.webp\"\/><\/p>\n<h3>K\u00e9szterm\u00e9k \u00e9s export rakt\u00e1r<\/h3>\n<p><img decoding=\"async\" src=\"\/wp-content\/uploads\/factory-12.webp\"\/><\/p>\n<p><img decoding=\"async\" src=\"\/wp-content\/uploads\/factory-13.webp\"\/><\/p>\n<p><img decoding=\"async\" src=\"\/wp-content\/uploads\/factory-14.webp\"\/><\/p>\n<h2>GYIK<\/h2>\n<p><b>1.What alum\u00ednium T Slot Channel haszn\u00e1lt?<\/b><\/p>\n<p>Az alum\u00ednium T-ny\u00edl\u00e1s\u00fa csatorn\u00e1t testreszabhat\u00f3 keretek, t\u00e1maszok \u00e9s szerkezetek \u00e9p\u00edt\u00e9s\u00e9re haszn\u00e1lj\u00e1k az ipari, aut\u00f3ipari \u00e9s bark\u00e1csprojektekben, szil\u00e1rds\u00e1got \u00e9s rugalmass\u00e1got biztos\u00edtva.\n<\/p>\n<p><\/p>\n<p><b>2.Mi\u00e9rt el\u0151ny\u00f6s a T-ny\u00edl\u00e1sos kialak\u00edt\u00e1s az alum\u00ednium csatorn\u00e1k eset\u00e9ben?<\/b><\/p>\n<p>A T-ny\u00edl\u00e1sos kialak\u00edt\u00e1s lehet\u0151v\u00e9 teszi a szerkezetek egyszer\u0171 csatlakoztat\u00e1s\u00e1t, m\u00f3dos\u00edt\u00e1s\u00e1t \u00e9s b\u0151v\u00edt\u00e9s\u00e9t, nagyobb rugalmass\u00e1got biztos\u00edtva a modul\u00e1ris \u00e9s m\u00e9retezhet\u0151 rendszerek l\u00e9trehoz\u00e1s\u00e1ban.\n<\/p>\n<p><\/p>\n<p><b>3.Is alum\u00ednium T Slot Channel ellen\u00e1ll a korr\u00f3zi\u00f3nak?<\/b><\/p>\n<p>Igen, a T-ny\u00edl\u00e1scsatorn\u00e1kban haszn\u00e1lt alum\u00ednium anyag korr\u00f3zi\u00f3\u00e1ll\u00f3, ami hossz\u00fa t\u00e1v\u00fa tart\u00f3ss\u00e1got biztos\u00edt \u00e9s fenntartja a teljes\u00edtm\u00e9nyt k\u00fcl\u00f6nb\u00f6z\u0151 k\u00f6rnyezeti felt\u00e9telek mellett.\n<\/p>\n<p><\/p>\n<p><b>4.How alum\u00ednium T Slot Channel jav\u00edtja a projekt hat\u00e9konys\u00e1g\u00e1t?<\/b><\/p>\n<p>A k\u00f6nnyen haszn\u00e1lhat\u00f3 T-ny\u00edl\u00e1sos kialak\u00edt\u00e1s leegyszer\u0171s\u00edti az \u00f6sszeszerel\u00e9st \u00e9s a m\u00f3dos\u00edt\u00e1st, cs\u00f6kkentve a telep\u00edt\u00e9si id\u0151t \u00e9s lehet\u0151v\u00e9 t\u00e9ve a projektek gyorsabb befejez\u00e9s\u00e9t.\n<\/p>\n<p><\/p>\n<p><b>5.Can alum\u00ednium T Slot Channel testre szabhat\u00f3 k\u00fcl\u00f6nb\u00f6z\u0151 alkalmaz\u00e1sokhoz?<\/b><\/p>\n<p>Igen, az alum\u00ednium T-ny\u00edl\u00e1scsatorna hossz, profil \u00e9s tartoz\u00e9kok tekintet\u00e9ben nagym\u00e9rt\u00e9kben testreszabhat\u00f3, \u00edgy a projekt egyedi k\u00f6vetelm\u00e9nyeihez igaz\u00edthat\u00f3.\n<\/p>\n<p><\/p>\n<p><b>6.What ipar\u00e1gak hasznot h\u00faznak az alum\u00ednium T Slot Channel haszn\u00e1lat\u00e1b\u00f3l?<\/b><\/p>\n<p>Az alum\u00ednium T-ny\u00edl\u00e1s\u00fa csatorn\u00e1t gyakran haszn\u00e1lj\u00e1k olyan ipar\u00e1gakban, mint a gy\u00e1rt\u00e1s, az automatiz\u00e1l\u00e1s, a robotika \u00e9s az \u00e9p\u00edt\u0151ipar, mivel sokoldal\u00fas\u00e1ga \u00e9s er\u0151ss\u00e9ge r\u00e9v\u00e9n testreszabhat\u00f3 kereteket hoz l\u00e9tre.\n<\/p>\n<p><\/p>\n<p><b>7.How hossz\u00fa ideig tart az alum\u00ednium T slot csatorna?<\/b><\/p>\n<p>Az alum\u00ednium T-ny\u00edl\u00e1s\u00fa csatorn\u00e1t a tart\u00f3ss\u00e1g \u00e9s a hossz\u00fa t\u00e1v\u00fa teljes\u00edtm\u00e9ny \u00e9rdek\u00e9ben tervezt\u00e9k, kiv\u00e1l\u00f3 kop\u00e1s- \u00e9s korr\u00f3zi\u00f3\u00e1ll\u00f3s\u00e1got biztos\u00edtva az ig\u00e9nyes k\u00f6rnyezetben val\u00f3 hosszan tart\u00f3 haszn\u00e1lathoz.\n<\/p>\n<p><\/p>","protected":false},"featured_media":8397,"template":"","categories":[54],"class_list":["post-8398","product","type-product","status-publish","has-post-thumbnail","hentry","category-industrial-aluminum-profiles"],"meta_box":{"hilight_text_group":{"product_hilight_text":"<li>Aluminum T Slot Channel offers a versatile framing solution for creating customizable structures and assemblies.<\/li>\r\r\n<li>Corrosion-resistant aluminum ensures long-lasting durability and reliable performance in various environments.<\/li>\r\r\n<li>The T-slot design allows for easy integration with other profiles, making it ideal for modular constructions.<\/li>\r\r\n<li>Lightweight yet strong, offering a high strength-to-weight ratio for efficient and robust designs.<\/li>\r\r\n<li>Quick and easy assembly process, reducing installation time and overall project costs.<\/li>","product_chanpin_blog":"<ul>\r\r\n<li><a href=\"https:\/\/sinoextrud.com\/t-slot-v-slot-differences\/\" target=\"_blank\">t slot vs v slot<\/a><\/li>\r\r\n<li><a href=\"https:\/\/sinoextrud.com\/what-is-4040-aluminium-extrud\/\" target=\"_blank\">4040 aluminium extrusion<\/a><\/li>\r\r\n<li><a href=\"https:\/\/sinoextrud.com\/what-is-4040-aluminium-extrud\/\" target=\"_blank\">aluminum extrusions for industrial racks<\/a><\/li>\r\r\n<li><a href=\"https:\/\/sinoextrud.com\/powder-coating-aluminium-process\/\" target=\"_blank\">powder coating aluminium<\/a><\/li>\r\r\n<li><a href=\"https:\/\/sinoextrud.com\/what-is-an-aluminium-strip-ceiling\/\" target=\"_blank\">aluminium strip ceiling<\/a><\/li>\r\r\n<li><a href=\"https:\/\/sinoextrud.com\/what-is-a-heat-sink\/\" target=\"_blank\">what is a heat sink<\/a><\/li>\r\r\n<\/ul>","product_chanpin_chanpin":"<li><a href=\"https:\/\/sinoextrud.com\/product\/t-slot-aluminium-profile\/\" target=\"_blank\">T Slot Aluminium Profile<\/a><\/li>\r\n<li><a href=\"https:\/\/sinoextrud.com\/product\/aluminum-boat-extrusions-6082\/\" target=\"_blank\">Aluminum Boat Extrusions 6082<\/a><\/li>\r\n<li><a href=\"https:\/\/sinoextrud.com\/product\/aluminum-car-pedal-anodized-silver\/\" target=\"_blank\">Aluminum Car Pedal Anodized Silver<\/a><\/li>\r\n<li><a href=\"https:\/\/sinoextrud.com\/product\/aluminum-frame-extrusion-profiles\/\" target=\"_blank\">Aluminum Frame Extrusion Profiles<\/a><\/li>\r\n<li><a href=\"https:\/\/sinoextrud.com\/product\/aluminum-t-slot-channel\/\" target=\"_blank\">Aluminum T Slot Channel<\/a><\/li>\r\n<li><a href=\"https:\/\/sinoextrud.com\/product\/c-beam-aluminum-extrusion\/\" target=\"_blank\">C Beam Aluminum Extrusion<\/a><\/li>\r\n<li><a href=\"https:\/\/sinoextrud.com\/product\/extruded-aluminum-t-slot-channel\/\" target=\"_blank\">Extruded Aluminum T Slot Channel<\/a><\/li>\r\n<li><a href=\"https:\/\/sinoextrud.com\/product\/industrial-aluminum-extrusion\/\" target=\"_blank\">Industrial Aluminum Extrusion<\/a><\/li>\r\n<li><a href=\"https:\/\/sinoextrud.com\/product\/round-extruded-aluminum\/\" target=\"_blank\">Round Extruded Aluminum<\/a><\/li>\r\n<li><a href=\"https:\/\/sinoextrud.com\/product\/aluminum-profile-solar-panel-structure\/\" target=\"_blank\">Aluminum Profile Solar Panel Structure<\/a><\/li>\r\n<li><a href=\"https:\/\/sinoextrud.com\/product\/shaped-tile-ceiling-system\/\" target=\"_blank\">Shaped Tile Ceiling System<\/a><\/li>"},"feature_list":[]},"_links":{"self":[{"href":"https:\/\/sinoextrud.com\/hu\/wp-json\/wp\/v2\/product\/8398","targetHints":{"allow":["GET"]}}],"collection":[{"href":"https:\/\/sinoextrud.com\/hu\/wp-json\/wp\/v2\/product"}],"about":[{"href":"https:\/\/sinoextrud.com\/hu\/wp-json\/wp\/v2\/types\/product"}],"wp:featuredmedia":[{"embeddable":true,"href":"https:\/\/sinoextrud.com\/hu\/wp-json\/wp\/v2\/media\/8397"}],"wp:attachment":[{"href":"https:\/\/sinoextrud.com\/hu\/wp-json\/wp\/v2\/media?parent=8398"}],"wp:term":[{"taxonomy":"category","embeddable":true,"href":"https:\/\/sinoextrud.com\/hu\/wp-json\/wp\/v2\/categories?post=8398"}],"curies":[{"name":"wp","href":"https:\/\/api.w.org\/{rel}","templated":true}]}}