{"id":8387,"date":"2025-06-16T01:41:58","date_gmt":"2025-06-16T01:41:58","guid":{"rendered":"https:\/\/sinoextrud.com\/product\/special-aluminium-profiles-heat-sink-aluminum\/"},"modified":"2025-06-24T06:23:41","modified_gmt":"2025-06-24T06:23:41","slug":"specialis-aluminium-profilok-hutoborda-aluminium","status":"publish","type":"product","link":"https:\/\/sinoextrud.com\/hu\/product\/special-aluminium-profiles-heat-sink-aluminum\/","title":{"rendered":"Speci\u00e1lis alum\u00ednium profilok H\u0151lead\u00f3 alum\u00ednium"},"content":{"rendered":"<h2>Term\u00e9kek r\u00e9szletei<\/h2>\n<table class=\"custom-table\">\n<tbody>\n<tr>\n<td> Term\u00e9k neve<\/td>\n<td> Speci\u00e1lis alum\u00ednium profilok h\u0151elnyel\u0151 alum\u00ednium extrud\u00e1lt profilok<\/td>\n<\/tr>\n<tr>\n<td> Alum\u00ednium \u00f6tv\u00f6zet<\/td>\n<td> 6063-T5, vagy testreszab\u00e1s<\/td>\n<\/tr>\n<tr>\n<td> Fel\u00fcleti kezel\u00e9s<\/td>\n<td> Malom k\u00e9sz vagy testreszab\u00e1s<\/td>\n<\/tr>\n<tr>\n<td> Sz\u00ednes<\/td>\n<td> Malom k\u00e9sz vagy testreszab\u00e1s<\/td>\n<\/tr>\n<tr>\n<td> M\u00e9ret<\/td>\n<td> CNC vagy testreszab\u00e1s<\/td>\n<\/tr>\n<tr>\n<td> Alkalmaz\u00e1s<\/td>\n<td> h\u0171t\u0151borda alum\u00ednium elektromos g\u00e9phez, motorhoz, berendez\u00e9sekhez, stb.<\/td>\n<\/tr>\n<tr>\n<td> M\u00e1rka<\/td>\n<td> Sinoextrud \/ Sinoextrud \/ Sinoextrud Aluminium<\/td>\n<\/tr>\n<tr>\n<td> Eredet<\/td>\n<td> Foshan, K\u00edna<\/td>\n<\/tr>\n<\/tbody>\n<\/table>\n<h2>Gy\u00e1rt\u00f3 b\u00e1zisunk<\/h2>\n<h3>Gy\u00e1ri panor\u00e1ma<\/h3>\n<p><img decoding=\"async\" src=\"\/wp-content\/uploads\/factory-01.webp\"\/><\/p>\n<h3>Alum\u00ednium r\u00fadgy\u00e1rt\u00f3 m\u0171hely<\/h3>\n<p><img decoding=\"async\" src=\"\/wp-content\/uploads\/factory-02.webp\"\/><\/p>\n<p><img decoding=\"async\" src=\"\/wp-content\/uploads\/factory-03.webp\"\/><\/p>\n<h3>Pen\u00e9sz rakt\u00e1r<\/h3>\n<p><img decoding=\"async\" src=\"\/wp-content\/uploads\/factory-04.webp\"\/><\/p>\n<h3>43 alum\u00ednium extrud\u00e1l\u00f3 vonal (500-5500 tonna)<\/h3>\n<p><img decoding=\"async\" src=\"\/wp-content\/uploads\/factory-05.webp\"\/><\/p>\n<p><img decoding=\"async\" src=\"\/wp-content\/uploads\/factory-06.webp\"\/><\/p>\n<p><img decoding=\"async\" src=\"\/wp-content\/uploads\/factory-07.webp\"\/><\/p>\n<h3>Porfest\u0151 m\u0171hely<\/h3>\n<p><img decoding=\"async\" src=\"\/wp-content\/uploads\/factory-09.webp\"\/><\/p>\n<h3>Anodiz\u00e1l\u00f3 m\u0171hely<\/h3>\n<p><img decoding=\"async\" src=\"\/wp-content\/uploads\/factory-10.webp\"\/><\/p>\n<h3>M\u00e9ly feldolgoz\u00e1si m\u0171hely<\/h3>\n<p><img decoding=\"async\" src=\"\/wp-content\/uploads\/factory-11.webp\"\/><\/p>\n<h3>CNC prec\u00edzi\u00f3s megmunk\u00e1l\u00f3 m\u0171hely<\/h3>\n<p><img decoding=\"async\" src=\"\/wp-content\/uploads\/factory-11.5.webp\"\/><\/p>\n<h3>K\u00e9szterm\u00e9k \u00e9s export rakt\u00e1r<\/h3>\n<p><img decoding=\"async\" src=\"\/wp-content\/uploads\/factory-12.webp\"\/><\/p>\n<p><img decoding=\"async\" src=\"\/wp-content\/uploads\/factory-13.webp\"\/><\/p>\n<p><img decoding=\"async\" src=\"\/wp-content\/uploads\/factory-14.webp\"\/><\/p>\n<h2>GYIK<\/h2>\n<p><p><b>1.What a speci\u00e1lis alum\u00ednium profilok H\u0151lead\u00f3 alum\u00edniumot haszn\u00e1lnak?<\/b><\/p>\n<p>Speci\u00e1lis alum\u00ednium profilok H\u0151elvezet\u0151 alum\u00edniumot haszn\u00e1lnak az elektronikus eszk\u00f6z\u00f6k, ipari g\u00e9pek \u00e9s m\u00e1s, hat\u00e9kony h\u0151elvezet\u00e9st ig\u00e9nyl\u0151 alkalmaz\u00e1sok h\u0151kezel\u00e9s\u00e9hez.<br \/>\n<\/p><br \/>\n<br \/>\n<p><b>2.Hogyan jav\u00edtja az alum\u00edniumprofil a h\u0151elvezet\u00e9st?<\/b><\/p>\n<p>A speci\u00e1lis alum\u00ednium profilok h\u0151elnyel\u0151 alum\u00ednium fejlett kialak\u00edt\u00e1sa maximaliz\u00e1lja a fel\u00fcletet, lehet\u0151v\u00e9 t\u00e9ve a jobb l\u00e9g\u00e1raml\u00e1st \u00e9s a hat\u00e9konyabb h\u0151\u00e1tad\u00e1st az elektronikus alkatr\u00e9szekb\u0151l.<br \/>\n<\/p><br \/>\n<br \/>\n<p><b>3.Can speci\u00e1lis alum\u00ednium profilok h\u0151lead\u00f3 alum\u00ednium testreszabhat\u00f3?<\/b><\/p>\n<p>Igen, ezek a profilok nagym\u00e9rt\u00e9kben testreszabhat\u00f3k, hogy megfeleljenek az egyedi h\u0151kezel\u00e9si ig\u00e9nyeknek, \u00e9s optim\u00e1lis teljes\u00edtm\u00e9nyt biztos\u00edtsanak a k\u00fcl\u00f6nb\u00f6z\u0151 alkalmaz\u00e1sokhoz.<br \/>\n<\/p><br \/>\n<br \/>\n<p><b>4.Mi\u00e9rt haszn\u00e1lnak alum\u00edniumot h\u0171t\u0151bord\u00e1khoz?<\/b><\/p>\n<p>Az alum\u00ednium kiv\u00e1l\u00f3 h\u0151vezet\u0151, k\u00f6nny\u0171, tart\u00f3s \u00e9s korr\u00f3zi\u00f3\u00e1ll\u00f3, \u00edgy ide\u00e1lis anyag a k\u00fcl\u00f6nb\u00f6z\u0151 alkalmaz\u00e1sok h\u0171t\u0151bord\u00e1inak profiljaihoz.<br \/>\n<\/p><br \/>\n<br \/>\n<p><b>5.Hogyan j\u00e1rul hozz\u00e1 a korr\u00f3zi\u00f3\u00e1ll\u00f3s\u00e1g a h\u0171t\u0151bord\u00e1k alkalmaz\u00e1s\u00e1hoz?<\/b><\/p>\n<p>Az alum\u00ednium korr\u00f3zi\u00f3\u00e1ll\u00f3 tulajdons\u00e1gai biztos\u00edtj\u00e1k, hogy a h\u0171t\u0151borda m\u00e9g zord k\u00f6rnyezetben is meg\u0151rzi hat\u00e9konys\u00e1g\u00e1t \u00e9s megjelen\u00e9s\u00e9t.<br \/>\n<\/p><br \/>\n<br \/>\n<p><b>6.A speci\u00e1lis alum\u00ednium profilok H\u0151lead\u00f3 alum\u00ednium k\u00f6nnyen integr\u00e1lhat\u00f3k a megl\u00e9v\u0151 rendszerekbe?<\/b><\/p>\n<p>Igen, ezeket az alum\u00ednium profilokat k\u00f6nny\u0171 integr\u00e1ci\u00f3ra tervezt\u00e9k, lehet\u0151v\u00e9 t\u00e9ve a felhaszn\u00e1l\u00f3k sz\u00e1m\u00e1ra, hogy minim\u00e1lis m\u00f3dos\u00edt\u00e1sokkal jav\u00edts\u00e1k h\u0151kezel\u0151 rendszereik hat\u00e9konys\u00e1g\u00e1t.<br \/>\n<\/p><br \/>\n<br \/>\n<p><b>7.Milyen ipar\u00e1gak r\u00e9szes\u00fclnek a speci\u00e1lis alum\u00ednium profilok h\u0151elvezet\u0151 alum\u00edniumb\u00f3l?<\/b><\/p>\n<p>Az olyan ipar\u00e1gak, mint az elektronika, az aut\u00f3ipar, a meg\u00fajul\u00f3 energiaforr\u00e1sok \u00e9s az ipari g\u00e9pek profit\u00e1lnak ezen alum\u00edniumprofilok kiv\u00e1l\u00f3 h\u0151elvezet\u00e9si \u00e9s h\u0151kezel\u00e9si teljes\u00edtm\u00e9ny\u00e9b\u0151l.<br \/>\n<\/p><br \/><\/p>","protected":false},"featured_media":8386,"template":"","categories":[54],"class_list":["post-8387","product","type-product","status-publish","has-post-thumbnail","hentry","category-industrial-aluminum-profiles"],"meta_box":{"hilight_text_group":{"product_hilight_text":"<li>Highly efficient heat dissipation with advanced aluminum profiles design.<\/li>\r\r\n<li>Durable and lightweight material ideal for various electronic and industrial applications.<\/li>\r\r\n<li>Customizable profiles to meet specific thermal management requirements.<\/li>\r\r\n<li>Corrosion-resistant aluminum ensures long-lasting performance in various environments.<\/li>\r\r\n<li>Easy integration into existing systems, enhancing the overall efficiency of cooling systems.<\/li>","product_chanpin_blog":"<ul>\r\r\n<li><a href=\"https:\/\/sinoextrud.com\/t-slot-v-slot-differences\/\" target=\"_blank\">t slot vs v slot<\/a><\/li>\r\r\n<li><a href=\"https:\/\/sinoextrud.com\/what-is-4040-aluminium-extrud\/\" target=\"_blank\">4040 aluminium extrusion<\/a><\/li>\r\r\n<li><a href=\"https:\/\/sinoextrud.com\/what-is-4040-aluminium-extrud\/\" target=\"_blank\">aluminum extrusions for industrial racks<\/a><\/li>\r\r\n<li><a href=\"https:\/\/sinoextrud.com\/powder-coating-aluminium-process\/\" target=\"_blank\">powder coating aluminium<\/a><\/li>\r\r\n<li><a href=\"https:\/\/sinoextrud.com\/what-is-an-aluminium-strip-ceiling\/\" target=\"_blank\">aluminium strip ceiling<\/a><\/li>\r\r\n<li><a href=\"https:\/\/sinoextrud.com\/what-is-a-heat-sink\/\" target=\"_blank\">what is a heat sink<\/a><\/li>\r\r\n<\/ul>","product_chanpin_chanpin":"<li><a href=\"https:\/\/sinoextrud.com\/product\/extruded-aluminum-triangle-electrical-instrument-shell-housing\/\" target=\"_blank\">Extruded Aluminum Triangle Electrical Instrument Shell Housing<\/a><\/li>\r\n<li><a href=\"https:\/\/sinoextrud.com\/product\/l-shape-aluminum-angle-profile\/\" target=\"_blank\">L Shape Aluminum Angle Profile<\/a><\/li>\r\n<li><a href=\"https:\/\/sinoextrud.com\/product\/stock-aluminum-extrusion-profiles\/\" target=\"_blank\">Stock Aluminum Extrusion Profiles<\/a><\/li>\r\n<li><a href=\"https:\/\/sinoextrud.com\/product\/the-hinges-of-aluminium-clean-room\/\" target=\"_blank\">The Hinges Of Aluminium Clean Room<\/a><\/li>\r\n<li><a href=\"https:\/\/sinoextrud.com\/product\/special-aluminium-profiles-heat-sink-aluminum\/\" target=\"_blank\">Special Aluminium Profiles Heat Sink Aluminum<\/a><\/li>\r\n<li><a href=\"https:\/\/sinoextrud.com\/product\/t-slot-aluminium-profile\/\" target=\"_blank\">T Slot Aluminium Profile<\/a><\/li>\r\n<li><a href=\"https:\/\/sinoextrud.com\/product\/aluminum-boat-extrusions-6082\/\" target=\"_blank\">Aluminum Boat Extrusions 6082<\/a><\/li>\r\n<li><a href=\"https:\/\/sinoextrud.com\/product\/aluminum-car-pedal-anodized-silver\/\" target=\"_blank\">Aluminum Car Pedal Anodized Silver<\/a><\/li>\r\n<li><a href=\"https:\/\/sinoextrud.com\/product\/aluminum-frame-extrusion-profiles\/\" target=\"_blank\">Aluminum Frame Extrusion Profiles<\/a><\/li>\r\n<li><a href=\"https:\/\/sinoextrud.com\/product\/aluminum-profile-connector\/\" target=\"_blank\">Aluminum Profile Connector<\/a><\/li>\r\n<li><a href=\"https:\/\/sinoextrud.com\/product\/aluminum-tube-framing\/\" target=\"_blank\">Aluminum Tube Framing<\/a><\/li>"},"feature_list":[]},"_links":{"self":[{"href":"https:\/\/sinoextrud.com\/hu\/wp-json\/wp\/v2\/product\/8387","targetHints":{"allow":["GET"]}}],"collection":[{"href":"https:\/\/sinoextrud.com\/hu\/wp-json\/wp\/v2\/product"}],"about":[{"href":"https:\/\/sinoextrud.com\/hu\/wp-json\/wp\/v2\/types\/product"}],"wp:featuredmedia":[{"embeddable":true,"href":"https:\/\/sinoextrud.com\/hu\/wp-json\/wp\/v2\/media\/8386"}],"wp:attachment":[{"href":"https:\/\/sinoextrud.com\/hu\/wp-json\/wp\/v2\/media?parent=8387"}],"wp:term":[{"taxonomy":"category","embeddable":true,"href":"https:\/\/sinoextrud.com\/hu\/wp-json\/wp\/v2\/categories?post=8387"}],"curies":[{"name":"wp","href":"https:\/\/api.w.org\/{rel}","templated":true}]}}