{"id":8375,"date":"2025-06-16T01:33:01","date_gmt":"2025-06-16T01:33:01","guid":{"rendered":"https:\/\/sinoextrud.com\/product\/extruded-aluminum-triangle-electrical-instrument-shell-housing\/"},"modified":"2025-06-24T06:23:39","modified_gmt":"2025-06-24T06:23:39","slug":"extrudalt-aluminium-haromszog-elektromos-muszerhaz","status":"publish","type":"product","link":"https:\/\/sinoextrud.com\/hu\/product\/extruded-aluminum-triangle-electrical-instrument-shell-housing\/","title":{"rendered":"Extrud\u00e1lt alum\u00ednium h\u00e1romsz\u00f6g elektromos m\u0171szerh\u00e9j h\u00e1z"},"content":{"rendered":"<h2>Term\u00e9kek r\u00e9szletei<\/h2>\n<table class=\"custom-table\">\n<tbody>\n<tr>\n<td> Term\u00e9k neve<\/td>\n<td> Extrud\u00e1lt alum\u00ednium h\u00e1romsz\u00f6g elektromos m\u0171szerh\u00e1z<\/td>\n<\/tr>\n<tr>\n<td> Alum\u00ednium \u00f6tv\u00f6zet<\/td>\n<td> 6063-T5, vagy testreszab\u00e1s<\/td>\n<\/tr>\n<tr>\n<td> Fel\u00fcleti kezel\u00e9s<\/td>\n<td> malom k\u00e9sz, csiszolt vagy testreszab\u00e1s<\/td>\n<\/tr>\n<tr>\n<td> Sz\u00ednes<\/td>\n<td> malom k\u00e9sz, vagy testreszab\u00e1s<\/td>\n<\/tr>\n<tr>\n<td> M\u00e9ret<\/td>\n<td> 1-9m, vagy testreszab\u00e1s<\/td>\n<\/tr>\n<tr>\n<td> Alkalmaz\u00e1s<\/td>\n<td> Extrud\u00e1lt alum\u00ednium h\u00e1romsz\u00f6g h\u00e9j, h\u00e1z elektromos m\u0171szer, por bank, t\u00f6lt\u00e9s c\u00f6l\u00f6p<\/td>\n<\/tr>\n<tr>\n<td> M\u00e1rka<\/td>\n<td> Sinoextrud \/ Sinoextrud \/ Sinoextrud Aluminium<\/td>\n<\/tr>\n<tr>\n<td> Eredet<\/td>\n<td> Foshan, K\u00edna<\/td>\n<\/tr>\n<\/tbody>\n<\/table>\n<h2>Gy\u00e1rt\u00f3 b\u00e1zisunk<\/h2>\n<h3>Gy\u00e1ri panor\u00e1ma<\/h3>\n<p><img decoding=\"async\" src=\"\/wp-content\/uploads\/factory-01.webp\"\/><\/p>\n<h3>Alum\u00ednium r\u00fadgy\u00e1rt\u00f3 m\u0171hely<\/h3>\n<p><img decoding=\"async\" src=\"\/wp-content\/uploads\/factory-02.webp\"\/><\/p>\n<p><img decoding=\"async\" src=\"\/wp-content\/uploads\/factory-03.webp\"\/><\/p>\n<h3>Pen\u00e9sz rakt\u00e1r<\/h3>\n<p><img decoding=\"async\" src=\"\/wp-content\/uploads\/factory-04.webp\"\/><\/p>\n<h3>43 alum\u00ednium extrud\u00e1l\u00f3 vonal (500-5500 tonna)<\/h3>\n<p><img decoding=\"async\" src=\"\/wp-content\/uploads\/factory-05.webp\"\/><\/p>\n<p><img decoding=\"async\" src=\"\/wp-content\/uploads\/factory-06.webp\"\/><\/p>\n<p><img decoding=\"async\" src=\"\/wp-content\/uploads\/factory-07.webp\"\/><\/p>\n<h3>Porfest\u0151 m\u0171hely<\/h3>\n<p><img decoding=\"async\" src=\"\/wp-content\/uploads\/factory-09.webp\"\/><\/p>\n<h3>Anodiz\u00e1l\u00f3 m\u0171hely<\/h3>\n<p><img decoding=\"async\" src=\"\/wp-content\/uploads\/factory-10.webp\"\/><\/p>\n<h3>M\u00e9ly feldolgoz\u00e1si m\u0171hely<\/h3>\n<p><img decoding=\"async\" src=\"\/wp-content\/uploads\/factory-11.webp\"\/><\/p>\n<h3>CNC prec\u00edzi\u00f3s megmunk\u00e1l\u00f3 m\u0171hely<\/h3>\n<p><img decoding=\"async\" src=\"\/wp-content\/uploads\/factory-11.5.webp\"\/><\/p>\n<h3>K\u00e9szterm\u00e9k \u00e9s export rakt\u00e1r<\/h3>\n<p><img decoding=\"async\" src=\"\/wp-content\/uploads\/factory-12.webp\"\/><\/p>\n<p><img decoding=\"async\" src=\"\/wp-content\/uploads\/factory-13.webp\"\/><\/p>\n<p><img decoding=\"async\" src=\"\/wp-content\/uploads\/factory-14.webp\"\/><\/p>\n<h2>GYIK<\/h2>\n<p><p><b>1.What teszi Extrud\u00e1lt alum\u00ednium h\u00e1romsz\u00f6g elektromos m\u0171szerh\u00e1z ide\u00e1lis elektromos m\u0171szerekhez? <\/b><\/p>\n<p> Kiv\u00e1l\u00f3 v\u00e9delmet, korr\u00f3zi\u00f3\u00e1ll\u00f3s\u00e1got \u00e9s hat\u00e9kony h\u0151elvezet\u00e9st ny\u00fajt, biztos\u00edtva az elektromos alkatr\u00e9szek biztons\u00e1g\u00e1t \u00e9s hossz\u00fa \u00e9lettartam\u00e1t.<br \/>\n<\/p><br \/>\n<br \/>\n<p><b>2.Can extrud\u00e1lt alum\u00ednium h\u00e1romsz\u00f6g elektromos m\u0171szerh\u00e1z testreszabhat\u00f3? <\/b><\/p>\n<p> Igen, ezek a h\u00e1zak m\u00e9ret\u00fck, alakjuk \u00e9s kialak\u00edt\u00e1suk tekintet\u00e9ben testre szabhat\u00f3k, hogy megfeleljenek az adott elektromos m\u0171szerrel kapcsolatos ig\u00e9nyeknek.<br \/>\n<\/p><br \/>\n<br \/>\n<p><b>3.How tart\u00f3s az extrud\u00e1lt alum\u00ednium h\u00e1romsz\u00f6g elektromos m\u0171szerh\u00e1z? <\/b><\/p>\n<p> A korr\u00f3zi\u00f3\u00e1ll\u00f3 alum\u00ednium biztos\u00edtja, hogy a h\u00e1z tart\u00f3s legyen \u00e9s ellen\u00e1lljon a zord k\u00f6rnyezeti k\u00f6r\u00fclm\u00e9nyeknek.<br \/>\n<\/p><br \/>\n<br \/>\n<p><b>4.Milyen ipar\u00e1gak r\u00e9szes\u00fclnek az extrud\u00e1lt alum\u00ednium h\u00e1romsz\u00f6g elektromos m\u0171szerh\u00e1zb\u00f3l? <\/b><\/p>\n<p> Sz\u00e9les k\u00f6rben haszn\u00e1lj\u00e1k az olyan ipar\u00e1gakban, mint az elektronika, a t\u00e1vk\u00f6zl\u00e9s \u00e9s a m\u0171szerek, \u00e9rz\u00e9keny elektromos alkatr\u00e9szek elhelyez\u00e9s\u00e9re.<br \/>\n<\/p><br \/>\n<br \/>\n<p><b>5.Is extrud\u00e1lt alum\u00ednium h\u00e1romsz\u00f6g elektromos m\u0171szerh\u00e1z k\u00f6nnyen telep\u00edthet\u0151? <\/b><\/p>\n<p> Igen, egyszer\u0171 \u00f6sszeszerel\u00e9sre \u00e9s m\u00f3dos\u00edt\u00e1sra tervezt\u00e9k, \u00edgy k\u00f6lts\u00e9ghat\u00e9kony \u00e9s gyorsan megval\u00f3s\u00edthat\u00f3 a k\u00fcl\u00f6nb\u00f6z\u0151 projektekben.<br \/>\n<\/p><br \/>\n<br \/>\n<p><b>6.Hogyan jav\u00edtja az extrud\u00e1lt alum\u00ednium h\u00e1romsz\u00f6g elektromos m\u0171szerh\u00e1z az elektromos m\u0171szerek teljes\u00edtm\u00e9ny\u00e9t? <\/b><\/p>\n<p> A h\u00e1z seg\u00edt a h\u0151 hat\u00e9kony kezel\u00e9s\u00e9ben, az alkatr\u00e9szek \u00e9ps\u00e9g\u00e9nek meg\u0151rz\u00e9s\u00e9ben \u00e9s az \u00e9rz\u00e9keny alkatr\u00e9szek v\u00e9delm\u00e9ben a k\u00f6rnyezeti k\u00e1rokt\u00f3l.<br \/>\n<\/p><br \/>\n<br \/>\n<p><b>7.Is extrud\u00e1lt alum\u00ednium h\u00e1romsz\u00f6g elektromos m\u0171szerh\u00e1z k\u00f6rnyezetbar\u00e1t? <\/b><\/p>\n<p> Igen, az alum\u00ednium teljesen \u00fajrahasznos\u00edthat\u00f3, \u00edgy a h\u00e1z k\u00f6rnyezetbar\u00e1t v\u00e1laszt\u00e1s a k\u00fcl\u00f6nb\u00f6z\u0151 alkalmaz\u00e1sokhoz.<br \/>\n<\/p><br \/><\/p>","protected":false},"featured_media":8374,"template":"","categories":[54],"class_list":["post-8375","product","type-product","status-publish","has-post-thumbnail","hentry","category-industrial-aluminum-profiles"],"meta_box":{"hilight_text_group":{"product_hilight_text":"<li>Durable extruded aluminum triangle electrical instrument shell housing for enhanced protection<\/li>\r\r\n<li>Corrosion-resistant, ensuring long-lasting reliability in various environments<\/li>\r\r\n<li>Lightweight yet sturdy, offering strong protection without adding excess weight<\/li>\r\r\n<li>Customizable sizes and designs to meet specific requirements for electrical instruments<\/li>\r\r\n<li>Efficient heat dissipation, helping to maintain optimal operating temperatures<\/li>\r\r\n<li>Easy to assemble and modify, reducing production and setup time<\/li>\r\r\n<li>Eco-friendly, as aluminum is a fully recyclable material<\/li>","product_chanpin_blog":"<ul>\r\r\n<li><a href=\"https:\/\/sinoextrud.com\/t-slot-v-slot-differences\/\" target=\"_blank\">t slot vs v slot<\/a><\/li>\r\r\n<li><a href=\"https:\/\/sinoextrud.com\/what-is-4040-aluminium-extrud\/\" target=\"_blank\">4040 aluminium extrusion<\/a><\/li>\r\r\n<li><a href=\"https:\/\/sinoextrud.com\/what-is-4040-aluminium-extrud\/\" target=\"_blank\">aluminum extrusions for industrial racks<\/a><\/li>\r\r\n<li><a href=\"https:\/\/sinoextrud.com\/powder-coating-aluminium-process\/\" target=\"_blank\">powder coating aluminium<\/a><\/li>\r\r\n<li><a href=\"https:\/\/sinoextrud.com\/what-is-an-aluminium-strip-ceiling\/\" target=\"_blank\">aluminium strip ceiling<\/a><\/li>\r\r\n<li><a href=\"https:\/\/sinoextrud.com\/what-is-a-heat-sink\/\" target=\"_blank\">what is a heat sink<\/a><\/li>\r\r\n<\/ul>","product_chanpin_chanpin":"<li><a href=\"https:\/\/sinoextrud.com\/product\/aluminum-t-track-extrusion\/\" target=\"_blank\">Aluminum T Track Extrusion<\/a><\/li>\r\n<li><a href=\"https:\/\/sinoextrud.com\/product\/cutting-aluminum-extrusion\/\" target=\"_blank\">Cutting Aluminum Extrusion<\/a><\/li>\r\n<li><a href=\"https:\/\/sinoextrud.com\/product\/extruded-aluminum-rail-system\/\" target=\"_blank\">Extruded Aluminum Rail System<\/a><\/li>\r\n<li><a href=\"https:\/\/sinoextrud.com\/product\/extrusion-aluminum-pipe-anodized-sandblasted-black\/\" target=\"_blank\">Extrusion Aluminum Pipe Anodized Sandblasted Black<\/a><\/li>\r\n<li><a href=\"https:\/\/sinoextrud.com\/product\/extruded-aluminum-triangle-electrical-instrument-shell-housing\/\" target=\"_blank\">Extruded Aluminum Triangle Electrical Instrument Shell Housing<\/a><\/li>\r\n<li><a href=\"https:\/\/sinoextrud.com\/product\/l-shape-aluminum-angle-profile\/\" target=\"_blank\">L Shape Aluminum Angle Profile<\/a><\/li>\r\n<li><a href=\"https:\/\/sinoextrud.com\/product\/stock-aluminum-extrusion-profiles\/\" target=\"_blank\">Stock Aluminum Extrusion Profiles<\/a><\/li>\r\n<li><a href=\"https:\/\/sinoextrud.com\/product\/the-hinges-of-aluminium-clean-room\/\" target=\"_blank\">The Hinges Of Aluminium Clean Room<\/a><\/li>\r\n<li><a href=\"https:\/\/sinoextrud.com\/product\/special-aluminium-profiles-heat-sink-aluminum\/\" target=\"_blank\">Special Aluminium Profiles Heat Sink Aluminum<\/a><\/li>\r\n<li><a href=\"https:\/\/sinoextrud.com\/product\/6061-6063-6082-street-lamp-column-aluminum-profile\/\" target=\"_blank\">6061 6063 6082 Street Lamp Column Aluminum Profile<\/a><\/li>\r\n<li><a href=\"https:\/\/sinoextrud.com\/product\/t-section-aluminium-extrusion\/\" target=\"_blank\">T Section Aluminium Extrusion<\/a><\/li>"},"feature_list":[]},"_links":{"self":[{"href":"https:\/\/sinoextrud.com\/hu\/wp-json\/wp\/v2\/product\/8375","targetHints":{"allow":["GET"]}}],"collection":[{"href":"https:\/\/sinoextrud.com\/hu\/wp-json\/wp\/v2\/product"}],"about":[{"href":"https:\/\/sinoextrud.com\/hu\/wp-json\/wp\/v2\/types\/product"}],"wp:featuredmedia":[{"embeddable":true,"href":"https:\/\/sinoextrud.com\/hu\/wp-json\/wp\/v2\/media\/8374"}],"wp:attachment":[{"href":"https:\/\/sinoextrud.com\/hu\/wp-json\/wp\/v2\/media?parent=8375"}],"wp:term":[{"taxonomy":"category","embeddable":true,"href":"https:\/\/sinoextrud.com\/hu\/wp-json\/wp\/v2\/categories?post=8375"}],"curies":[{"name":"wp","href":"https:\/\/api.w.org\/{rel}","templated":true}]}}