{"id":8334,"date":"2025-06-15T06:34:25","date_gmt":"2025-06-15T06:34:25","guid":{"rendered":"https:\/\/sinoextrud.com\/product\/customized-structural-aluminum-profiles\/"},"modified":"2025-06-24T06:23:38","modified_gmt":"2025-06-24T06:23:38","slug":"egyedi-szerkezeti-aluminium-profilok","status":"publish","type":"product","link":"https:\/\/sinoextrud.com\/hu\/product\/customized-structural-aluminum-profiles\/","title":{"rendered":"Testreszabott szerkezeti alum\u00ednium profilok"},"content":{"rendered":"<h2>Term\u00e9kek r\u00e9szletei<\/h2>\n<table class=\"custom-table\">\n<tbody>\n<tr>\n<td> N\u00e9v<\/td>\n<td> Egyedi szerkezeti alum\u00ednium profilok, szerkezeti alum\u00ednium profilok<\/td>\n<\/tr>\n<tr>\n<td> M\u00e1rka<\/td>\n<td> Sinoextrud\/Sinoextrud<\/td>\n<\/tr>\n<tr>\n<td> Kateg\u00f3ria<\/td>\n<td> Alum\u00ednium extrud\u00e1l\u00e1s<\/td>\n<\/tr>\n<tr>\n<td> Anyag<\/td>\n<td> Alum\u00ednium \u00f6tv\u00f6zet (6063, 6061, 6464, 6082), 1000 \u00e9s 3000 sorozat \u00e1ll rendelkez\u00e9sre.<\/td>\n<\/tr>\n<tr>\n<td> T\u00edpus<\/td>\n<td> Neh\u00e9z vagy k\u00f6nny\u0171 t\u00edpus \u00e1ll rendelkez\u00e9sre<\/td>\n<\/tr>\n<tr>\n<td> Temper<\/td>\n<td> T5-T8<\/td>\n<\/tr>\n<tr>\n<td> Hossz\u00fas\u00e1g<\/td>\n<td> 5.8m a 20ft , 5.9m \/6.0m a 40'GP, vagy testreszab\u00e1s<\/td>\n<\/tr>\n<tr>\n<td> M\u00e9ret (mm)<\/td>\n<td> K\u00fcl\u00f6nb\u00f6z\u0151 m\u00e9ret \u00e1ll rendelkez\u00e9sre, \u00fcgyf\u00e9l rajz \u00e1ll rendelkez\u00e9sre<\/td>\n<\/tr>\n<tr>\n<td> Shape<\/td>\n<td> N\u00e9gyzet, T-profil, sz\u00f6g, lapos \u00e9s az \u00fcgyf\u00e9l ig\u00e9nyei szerint<\/td>\n<\/tr>\n<tr>\n<td> Fel\u00fcletkezel\u00e9s<\/td>\n<td> Er\u0151bevonat; Malom k\u00e9sz, elox\u00e1lt, homokf\u00fav\u00e1s, elektrofor\u00e9zis is rendelkez\u00e9sre \u00e1ll.<\/td>\n<\/tr>\n<tr>\n<td> Sz\u00ednes<\/td>\n<td> Ez\u00fcst, fekete, arany, Champange, bronz, piros. k\u00e9k \u00e9s testre szabhatjuk a sz\u00edneket az \u00fcgyfelek mint\u00e1i alapj\u00e1n.<\/td>\n<\/tr>\n<tr>\n<td> Garancia<\/td>\n<td> BV , TUV ,ISO<\/td>\n<\/tr>\n<tr>\n<td> Standard<\/td>\n<td> K\u00f6zepes \u00e9s magas min\u0151s\u00e9g<\/td>\n<\/tr>\n<tr>\n<td> MOQ<\/td>\n<td> 200KGS minden egyes t\u00e9telre<\/td>\n<\/tr>\n<tr>\n<td> A  c\u00edmr\u0151l<\/td>\n<td> Guangdong, K\u00edna<\/td>\n<\/tr>\n<tr>\n<td> Alkalmaz\u00e1s<\/td>\n<td> Ipar, \u00e9p\u00edt\u0151ipar, h\u00e1ztart\u00e1si dekor\u00e1ci\u00f3, elektronika Kommunik\u00e1ci\u00f3s berendez\u00e9sek<\/td>\n<\/tr>\n<tr>\n<td> M\u00e9lyrehat\u00f3 feldolgoz\u00e1s<\/td>\n<td> V\u00e1g\u00e1s, f\u00far\u00e1s, megmunk\u00e1l\u00e1s, lyukaszt\u00e1s, hajl\u00edt\u00e1s, csapol\u00e1s stb.<\/td>\n<\/tr>\n<tr>\n<td> Csomag<\/td>\n<td> Bel\u00fcl v\u00e9d\u0151f\u00f3li\u00e1val, zsugorf\u00f3li\u00e1val vagy PE-habbal. K\u00edv\u00fcl doboz, karton vagy fakeret, vagy testreszab\u00e1s.<\/td>\n<\/tr>\n<tr>\n<td> Sz\u00e1ll\u00edt\u00e1si id\u0151<\/td>\n<td> A forma fejleszt\u00e9se \u00e9s a minta kialak\u00edt\u00e1sa 12-18 nap, majd a gy\u00e1rt\u00e1s id\u0151tartama 25-30 nap a vev\u0151 let\u00e9tbe helyez\u00e9se ut\u00e1n.<\/td>\n<\/tr>\n<tr>\n<td> Term\u00e9kkapacit\u00e1s<\/td>\n<td> 15,000+ tonna\/h\u00f3<\/td>\n<\/tr>\n<\/tbody>\n<\/table>\n<h2>Gy\u00e1rt\u00f3 b\u00e1zisunk<\/h2>\n<h3>Gy\u00e1ri panor\u00e1ma<\/h3>\n<p><img decoding=\"async\" src=\"\/wp-content\/uploads\/factory-01.webp\"\/><\/p>\n<h3>Alum\u00ednium r\u00fadgy\u00e1rt\u00f3 m\u0171hely<\/h3>\n<p><img decoding=\"async\" src=\"\/wp-content\/uploads\/factory-02.webp\"\/><\/p>\n<p><img decoding=\"async\" src=\"\/wp-content\/uploads\/factory-03.webp\"\/><\/p>\n<h3>Pen\u00e9sz rakt\u00e1r<\/h3>\n<p><img decoding=\"async\" src=\"\/wp-content\/uploads\/factory-04.webp\"\/><\/p>\n<h3>43 alum\u00ednium extrud\u00e1l\u00f3 vonal (500-5500 tonna)<\/h3>\n<p><img decoding=\"async\" src=\"\/wp-content\/uploads\/factory-05.webp\"\/><\/p>\n<p><img decoding=\"async\" src=\"\/wp-content\/uploads\/factory-06.webp\"\/><\/p>\n<p><img decoding=\"async\" src=\"\/wp-content\/uploads\/factory-07.webp\"\/><\/p>\n<h3>Porfest\u0151 m\u0171hely<\/h3>\n<p><img decoding=\"async\" src=\"\/wp-content\/uploads\/factory-09.webp\"\/><\/p>\n<h3>Anodiz\u00e1l\u00f3 m\u0171hely<\/h3>\n<p><img decoding=\"async\" src=\"\/wp-content\/uploads\/factory-10.webp\"\/><\/p>\n<h3>M\u00e9ly feldolgoz\u00e1si m\u0171hely<\/h3>\n<p><img decoding=\"async\" src=\"\/wp-content\/uploads\/factory-11.webp\"\/><\/p>\n<h3>CNC prec\u00edzi\u00f3s megmunk\u00e1l\u00f3 m\u0171hely<\/h3>\n<p><img decoding=\"async\" src=\"\/wp-content\/uploads\/factory-11.5.webp\"\/><\/p>\n<h3>K\u00e9szterm\u00e9k \u00e9s export rakt\u00e1r<\/h3>\n<p><img decoding=\"async\" src=\"\/wp-content\/uploads\/factory-12.webp\"\/><\/p>\n<p><img decoding=\"async\" src=\"\/wp-content\/uploads\/factory-13.webp\"\/><\/p>\n<p><img decoding=\"async\" src=\"\/wp-content\/uploads\/factory-14.webp\"\/><\/p>\n<h2>GYIK<\/h2>\n<p><p><b>1.What testreszabott szerkezeti alum\u00ednium profilok haszn\u00e1lj\u00e1k?<\/b><\/p>\n<p>Az egyedi szerkezeti alum\u00ednium profilokat testre szabott szerkezetek \u00e9s alkatr\u00e9szek l\u00e9trehoz\u00e1s\u00e1ra haszn\u00e1lj\u00e1k k\u00fcl\u00f6nb\u00f6z\u0151 ipar\u00e1gak sz\u00e1m\u00e1ra, bele\u00e9rtve a gy\u00e1rt\u00e1st, az \u00e9p\u00edt\u0151ipart \u00e9s az automatiz\u00e1l\u00e1st.<br \/>\n<\/p><br \/>\n<br \/>\n<p><b>2.Mi\u00e9rt fontos a szil\u00e1rds\u00e1g\/t\u00f6meg ar\u00e1ny a szerkezeti alum\u00edniumprofilok eset\u00e9ben?<\/b><\/p>\n<p>A nagy szil\u00e1rds\u00e1g\/t\u00f6meg ar\u00e1ny biztos\u00edtja, hogy az alum\u00edniumprofilok el\u00e9g er\u0151sek a nagy terhel\u00e9sek elvisel\u00e9s\u00e9hez, ugyanakkor k\u00f6nny\u0171ek a k\u00f6nny\u0171 kezelhet\u0151s\u00e9g \u00e9s telep\u00edt\u00e9s \u00e9rdek\u00e9ben.<br \/>\n<\/p><br \/>\n<br \/>\n<p><b>3.Can testreszabott szerkezeti alum\u00ednium profilok testre szabott egyedi alkalmaz\u00e1sokhoz?<\/b><\/p>\n<p>Igen, az egyedi szerkezeti alum\u00ednium profilok m\u00e9ret, alak \u00e9s funkcion\u00e1lis k\u00f6vetelm\u00e9nyek szempontj\u00e1b\u00f3l testre szabhat\u00f3k, \u00edgy sokoldal\u00faan alkalmazhat\u00f3k k\u00fcl\u00f6nb\u00f6z\u0151 ipari alkalmaz\u00e1sokhoz.<br \/>\n<\/p><br \/>\n<br \/>\n<p><b>4.Milyen el\u0151ny\u00f6kkel j\u00e1r a korr\u00f3zi\u00f3\u00e1ll\u00f3 alum\u00edniumprofilok haszn\u00e1lata?<\/b><\/p>\n<p>A korr\u00f3zi\u00f3\u00e1ll\u00f3 alum\u00edniumprofilok hossz\u00fa \u00e9lettartamot \u00e9s teljes\u00edtm\u00e9nyt biztos\u00edtanak, m\u00e9g olyan zord k\u00f6rnyezetben is, mint a k\u00fclt\u00e9ri k\u00f6rnyezet vagy a magas p\u00e1ratartalm\u00fa ter\u00fcletek.<br \/>\n<\/p><br \/>\n<br \/>\n<p><b>5.Hogyan jav\u00edtj\u00e1k az egyedi szerkezeti alum\u00ednium profilok a projekt hat\u00e9konys\u00e1g\u00e1t?<\/b><\/p>\n<p>Ezeket a profilokat \u00fagy tervezt\u00e9k, hogy k\u00f6nnyen integr\u00e1lhat\u00f3k \u00e9s gyorsan \u00f6sszeszerelhet\u0151k legyenek, cs\u00f6kkentve a telep\u00edt\u00e9si id\u0151t \u00e9s a munkaer\u0151k\u00f6lts\u00e9geket, mik\u00f6zben pontos, kiv\u00e1l\u00f3 min\u0151s\u00e9g\u0171 eredm\u00e9nyeket biztos\u00edtanak.<br \/>\n<\/p><br \/>\n<br \/>\n<p><b>6.Mely ipar\u00e1gak r\u00e9szes\u00fclnek az egyedi szerkezeti alum\u00ednium profilokb\u00f3l?<\/b><\/p>\n<p>Az olyan ipar\u00e1gak, mint az \u00e9p\u00edt\u0151ipar, az aut\u00f3ipar, a feldolgoz\u00f3ipar \u00e9s a rep\u00fcl\u0151g\u00e9pipar, a szem\u00e9lyre szabott alum\u00edniumprofilok tart\u00f3ss\u00e1guk, rugalmass\u00e1guk \u00e9s k\u00f6lts\u00e9ghat\u00e9konys\u00e1guk miatt \u00e9lvezik az egyedi alum\u00edniumprofilok el\u0151nyeit.<br \/>\n<\/p><br \/>\n<br \/>\n<p><b>7.How hossz\u00fa ideig tartanak az egyedi szerkezeti alum\u00ednium profilok?<\/b><\/p>\n<p>Az egyedi szerkezeti alum\u00ednium profilok hossz\u00fa \u00e9lettartamra k\u00e9sz\u00fclnek, kiv\u00e1l\u00f3 kop\u00e1s-, korr\u00f3zi\u00f3- \u00e9s s\u00e9r\u00fcl\u00e9s\u00e1ll\u00f3s\u00e1ggal, hossz\u00fa t\u00e1v\u00fa megb\u00edzhat\u00f3s\u00e1got biztos\u00edtva az ig\u00e9nyes k\u00f6rnyezetben.<br \/>\n<\/p><br \/><\/p>","protected":false},"featured_media":8333,"template":"","categories":[54],"class_list":["post-8334","product","type-product","status-publish","has-post-thumbnail","hentry","category-industrial-aluminum-profiles"],"meta_box":{"hilight_text_group":{"product_hilight_text":"<li>Customized Structural Aluminum Profiles offer tailored solutions for a wide range of industrial applications.<\/li>\r\r\n<li>High strength-to-weight ratio provides durability and efficiency without compromising on material weight.<\/li>\r\r\n<li>Corrosion-resistant material ensures long-term performance in challenging environments.<\/li>\r\r\n<li>Versatile design allows for easy integration with other systems, providing flexibility in project execution.<\/li>\r\r\n<li>Quick and easy customization to meet specific size, shape, and functional requirements for diverse projects.<\/li>","product_chanpin_blog":"<ul>\r\r\n<li><a href=\"https:\/\/sinoextrud.com\/t-slot-v-slot-differences\/\" target=\"_blank\">t slot vs v slot<\/a><\/li>\r\r\n<li><a href=\"https:\/\/sinoextrud.com\/what-is-4040-aluminium-extrud\/\" target=\"_blank\">4040 aluminium extrusion<\/a><\/li>\r\r\n<li><a href=\"https:\/\/sinoextrud.com\/what-is-4040-aluminium-extrud\/\" target=\"_blank\">aluminum extrusions for industrial racks<\/a><\/li>\r\r\n<li><a href=\"https:\/\/sinoextrud.com\/powder-coating-aluminium-process\/\" target=\"_blank\">powder coating aluminium<\/a><\/li>\r\r\n<li><a href=\"https:\/\/sinoextrud.com\/what-is-an-aluminium-strip-ceiling\/\" target=\"_blank\">aluminium strip ceiling<\/a><\/li>\r\r\n<li><a href=\"https:\/\/sinoextrud.com\/what-is-a-heat-sink\/\" target=\"_blank\">what is a heat sink<\/a><\/li>\r\r\n<\/ul>","product_chanpin_chanpin":"<li><a href=\"https:\/\/sinoextrud.com\/product\/aluminum-trailer-floor-extrusions\/\" target=\"_blank\">Aluminum Trailer Floor Extrusions<\/a><\/li>\r\n<li><a href=\"https:\/\/sinoextrud.com\/product\/cnc-aluminum-bar-profile-for-instrument\/\" target=\"_blank\">CNC Aluminum Bar Profile For Instrument<\/a><\/li>\r\n<li><a href=\"https:\/\/sinoextrud.com\/product\/extruded-aluminum-profile-aluminum-t-slot\/\" target=\"_blank\">Extruded Aluminum Profile Aluminum T Slot<\/a><\/li>\r\n<li><a href=\"https:\/\/sinoextrud.com\/product\/extruded-manufacturer-aluminum-profile-heatsink\/\" target=\"_blank\">Extruded Manufacturer Aluminum Profile Heatsink<\/a><\/li>\r\n<li><a href=\"https:\/\/sinoextrud.com\/product\/customized-structural-aluminum-profiles\/\" target=\"_blank\">Customized Structural Aluminum Profiles<\/a><\/li>\r\n<li><a href=\"https:\/\/sinoextrud.com\/product\/aluminum-t-track-extrusion\/\" target=\"_blank\">Aluminum T Track Extrusion<\/a><\/li>\r\n<li><a href=\"https:\/\/sinoextrud.com\/product\/cutting-aluminum-extrusion\/\" target=\"_blank\">Cutting Aluminum Extrusion<\/a><\/li>\r\n<li><a href=\"https:\/\/sinoextrud.com\/product\/extruded-aluminum-rail-system\/\" target=\"_blank\">Extruded Aluminum Rail System<\/a><\/li>\r\n<li><a href=\"https:\/\/sinoextrud.com\/product\/extrusion-aluminum-pipe-anodized-sandblasted-black\/\" target=\"_blank\">Extrusion Aluminum Pipe Anodized Sandblasted Black<\/a><\/li>\r\n<li><a href=\"https:\/\/sinoextrud.com\/product\/extruded-aluminum-heatsink-led-alloy-a6063-t5-extrusion-profiles-cutting-cnc-precision\/\" target=\"_blank\">extruded aluminum heatsink LED alloy a6063 t5 extrusion profiles cutting CNC precision<\/a><\/li>\r\n<li><a href=\"https:\/\/sinoextrud.com\/product\/anodizing-aluminium-section-sliding-window\/\" target=\"_blank\">Anodizing Aluminium Section Sliding Window<\/a><\/li>"},"feature_list":[]},"_links":{"self":[{"href":"https:\/\/sinoextrud.com\/hu\/wp-json\/wp\/v2\/product\/8334","targetHints":{"allow":["GET"]}}],"collection":[{"href":"https:\/\/sinoextrud.com\/hu\/wp-json\/wp\/v2\/product"}],"about":[{"href":"https:\/\/sinoextrud.com\/hu\/wp-json\/wp\/v2\/types\/product"}],"wp:featuredmedia":[{"embeddable":true,"href":"https:\/\/sinoextrud.com\/hu\/wp-json\/wp\/v2\/media\/8333"}],"wp:attachment":[{"href":"https:\/\/sinoextrud.com\/hu\/wp-json\/wp\/v2\/media?parent=8334"}],"wp:term":[{"taxonomy":"category","embeddable":true,"href":"https:\/\/sinoextrud.com\/hu\/wp-json\/wp\/v2\/categories?post=8334"}],"curies":[{"name":"wp","href":"https:\/\/api.w.org\/{rel}","templated":true}]}}