{"id":8320,"date":"2025-06-15T06:21:01","date_gmt":"2025-06-15T06:21:01","guid":{"rendered":"https:\/\/sinoextrud.com\/product\/aluminum-pipe-handrail\/"},"modified":"2025-06-24T06:23:35","modified_gmt":"2025-06-24T06:23:35","slug":"aluminium-cso-korlat","status":"publish","type":"product","link":"https:\/\/sinoextrud.com\/hu\/product\/aluminum-pipe-handrail\/","title":{"rendered":"Alum\u00ednium cs\u0151 korl\u00e1t"},"content":{"rendered":"<h2>Term\u00e9kek r\u00e9szletei<\/h2>\n<table class=\"custom-table\">\n<tbody>\n<tr>\n<td> Modell NO.:<\/td>\n<td> 6000-es sorozat<\/td>\n<td> Fel\u00fcletkezel\u00e9s:<\/td>\n<td> Porsz\u00f3r\u00e1s<\/td>\n<\/tr>\n<tr>\n<td> \u00d6tv\u00f6z\u0151 \u00f6sszetev\u0151:<\/td>\n<td> 6063<\/td>\n<td> Tan\u00fas\u00edt\u00e1s:<\/td>\n<td> CE, SONCAP, ISO, CIQ, RoHS, TUV, TUV<\/td>\n<\/tr>\n<tr>\n<td> Pol\u00edrozott alum\u00ednium profil:<\/td>\n<td> Mechanikai pol\u00edroz\u00e1s<\/td>\n<td> Anyag:<\/td>\n<td> 6063-T5, 6061-T6, 6463-T5, 7075-T6, 6082<\/td>\n<\/tr>\n<tr>\n<td> C\u00e9l:<\/td>\n<td> B\u00fator, Ablakok \u00e9s ajt\u00f3k, Dekor\u00e1ci\u00f3, Ipari term\u00e9kek<\/td>\n<td> MOQ<\/td>\n<td> 200KG minden profilhoz<\/td>\n<\/tr>\n<tr>\n<td> OEM szolg\u00e1ltat\u00e1s\uff1a<\/td>\n<td> Az \u00fcgyf\u00e9l \u00e1ltal tervezett rajzok vagy mint\u00e1k alapj\u00e1n<\/td>\n<td> Fel\u00fcletkezel\u00e9s\uff1a<\/td>\n<td> Elox\u00e1lt \/ elektrofor\u00e9zis \/ porbevonat stb.<\/td>\n<\/tr>\n<tr>\n<td> M\u00e9ly feldolgoz\u00e1s\uff1a<\/td>\n<td> Lyukaszt\u00e1s, f\u00far\u00e1s, csapol\u00e1s, hajl\u00edt\u00e1s<\/td>\n<td> Sz\u00e1ll\u00edt\u00e1si id\u0151\uff1a<\/td>\n<td> 25-30days ut\u00e1n minta Confrimed a vev\u0151k \u00e1ltal<\/td>\n<\/tr>\n<tr>\n<td> Elsz\u00e1mol\u00e1si hat\u00e1rid\u0151\uff1a<\/td>\n<td> A v\u00e9gs\u0151 kifizet\u00e9s a v\u00e9gleges t\u00e9nyleges fiziol\u00f3gi\u00e1n alapul.<\/td>\n<td> Gy\u00e1rt\u00e1si garancia\uff1a<\/td>\n<td> A fel\u00fcleti sz\u00edn k\u00e9pes fenntartani 10 ~ 20 \u00e9vig F<\/td>\n<\/tr>\n<tr>\n<td> Port\uff1a<\/td>\n<td> Fob Shenzhen, Guangzhou, Foshan<\/td>\n<td> V\u00e9djegy<\/td>\n<td> Sinoextrud &amp; Sinoextrud<\/td>\n<\/tr>\n<tr>\n<td> Sz\u00e1ll\u00edt\u00e1si csomag\uff1a<\/td>\n<td> Norm\u00e1l vagy testreszabott<\/td>\n<td> Specifik\u00e1ci\u00f3\uff1a<\/td>\n<td> Az \u00fcgyfelek ig\u00e9nyei szerint<\/td>\n<\/tr>\n<tr>\n<td> Sz\u00e1rmaz\u00e1s<\/td>\n<td> K\u00ednai sz\u00e1razf\u00f6ld<\/td>\n<td> HS-k\u00f3d:<\/td>\n<td> 76042100<\/td>\n<\/tr>\n<\/tbody>\n<\/table>\n<h2>Gy\u00e1rt\u00f3 b\u00e1zisunk<\/h2>\n<h3>Gy\u00e1ri panor\u00e1ma<\/h3>\n<p><img decoding=\"async\" src=\"\/wp-content\/uploads\/factory-01.webp\"\/><\/p>\n<h3>Alum\u00ednium r\u00fadgy\u00e1rt\u00f3 m\u0171hely<\/h3>\n<p><img decoding=\"async\" src=\"\/wp-content\/uploads\/factory-02.webp\"\/><\/p>\n<p><img decoding=\"async\" src=\"\/wp-content\/uploads\/factory-03.webp\"\/><\/p>\n<h3>Pen\u00e9sz rakt\u00e1r<\/h3>\n<p><img decoding=\"async\" src=\"\/wp-content\/uploads\/factory-04.webp\"\/><\/p>\n<h3>43 alum\u00ednium extrud\u00e1l\u00f3 vonal (500-5500 tonna)<\/h3>\n<p><img decoding=\"async\" src=\"\/wp-content\/uploads\/factory-05.webp\"\/><\/p>\n<p><img decoding=\"async\" src=\"\/wp-content\/uploads\/factory-06.webp\"\/><\/p>\n<p><img decoding=\"async\" src=\"\/wp-content\/uploads\/factory-07.webp\"\/><\/p>\n<h3>Porfest\u0151 m\u0171hely<\/h3>\n<p><img decoding=\"async\" src=\"\/wp-content\/uploads\/factory-09.webp\"\/><\/p>\n<h3>Anodiz\u00e1l\u00f3 m\u0171hely<\/h3>\n<p><img decoding=\"async\" src=\"\/wp-content\/uploads\/factory-10.webp\"\/><\/p>\n<h3>M\u00e9ly feldolgoz\u00e1si m\u0171hely<\/h3>\n<p><img decoding=\"async\" src=\"\/wp-content\/uploads\/factory-11.webp\"\/><\/p>\n<h3>CNC prec\u00edzi\u00f3s megmunk\u00e1l\u00f3 m\u0171hely<\/h3>\n<p><img decoding=\"async\" src=\"\/wp-content\/uploads\/factory-11.5.webp\"\/><\/p>\n<h3>K\u00e9szterm\u00e9k \u00e9s export rakt\u00e1r<\/h3>\n<p><img decoding=\"async\" src=\"\/wp-content\/uploads\/factory-12.webp\"\/><\/p>\n<p><img decoding=\"async\" src=\"\/wp-content\/uploads\/factory-13.webp\"\/><\/p>\n<p><img decoding=\"async\" src=\"\/wp-content\/uploads\/factory-14.webp\"\/><\/p>\n<h2>GYIK<\/h2>\n<p><p><b>1.Mi teszi az alum\u00ednium cs\u0151korl\u00e1tot ide\u00e1lisnak a k\u00fcl\u00f6nb\u00f6z\u0151 k\u00f6rnyezetekben val\u00f3 t\u00e1mogat\u00e1shoz? <\/b><\/p>\n<p> Az alum\u00ednium cs\u0151korl\u00e1tok er\u0151sek, tart\u00f3sak \u00e9s korr\u00f3zi\u00f3\u00e1ll\u00f3ak, megb\u00edzhat\u00f3 tart\u00e1st \u00e9s biztons\u00e1got biztos\u00edtanak belt\u00e9ri \u00e9s k\u00fclt\u00e9ri k\u00f6rnyezetben egyar\u00e1nt.<br \/>\n<\/p><br \/>\n<br \/>\n<p><b>2.Can alum\u00ednium cs\u0151 korl\u00e1t testre szabhat\u00f3? <\/b><\/p>\n<p> Igen, ezek a korl\u00e1tok m\u00e9ret\u00fck, alakjuk \u00e9s kialak\u00edt\u00e1suk tekintet\u00e9ben testre szabhat\u00f3k, hogy megfeleljenek a k\u00fcl\u00f6nb\u00f6z\u0151 projektek egyedi eszt\u00e9tikai \u00e9s biztons\u00e1gi k\u00f6vetelm\u00e9nyeinek.<br \/>\n<\/p><br \/>\n<br \/>\n<p><b>3.How tart\u00f3s alum\u00ednium cs\u0151 korl\u00e1t? <\/b><\/p>\n<p> Korr\u00f3zi\u00f3\u00e1ll\u00f3 tulajdons\u00e1gainak k\u00f6sz\u00f6nhet\u0151en rendk\u00edv\u00fcl tart\u00f3s, \u00edgy ide\u00e1lis a hossz\u00fa t\u00e1v\u00fa haszn\u00e1latra mind a lakoss\u00e1gi, mind a kereskedelmi alkalmaz\u00e1sokban.<br \/>\n<\/p><br \/>\n<br \/>\n<p><b>4.What ipar\u00e1gak el\u0151ny\u00f6s az alum\u00ednium cs\u0151 korl\u00e1t haszn\u00e1lat\u00e1val? <\/b><\/p>\n<p> Az olyan ipar\u00e1gak, mint az \u00e9p\u00edt\u0151ipar, az \u00e9p\u00edt\u00e9szet \u00e9s a k\u00f6zint\u00e9zm\u00e9nyek sz\u00e1m\u00e1ra az alum\u00ednium cs\u0151korl\u00e1tok biztons\u00e1gos t\u00e1maszt ny\u00fajtanak l\u00e9pcs\u0151k\u00f6n, r\u00e1mp\u00e1kon \u00e9s j\u00e1rd\u00e1kon.<br \/>\n<\/p><br \/>\n<br \/>\n<p><b>5.Is alum\u00ednium cs\u0151 korl\u00e1t k\u00f6nnyen telep\u00edthet\u0151 \u00e9s karbantarthat\u00f3? <\/b><\/p>\n<p> Igen, az alum\u00ednium cs\u0151korl\u00e1tokat k\u00f6nny\u0171 felszerelni \u00e9s karbantartani, ami cs\u00f6kkenti a munkaer\u0151k\u00f6lts\u00e9geket \u00e9s hossz\u00fa t\u00e1von megb\u00edzhat\u00f3 teljes\u00edtm\u00e9nyt biztos\u00edt.<br \/>\n<\/p><br \/>\n<br \/>\n<p><b>6.Hogyan jav\u00edtja az alum\u00ednium cs\u0151korl\u00e1t az \u00e9p\u00fcletek biztons\u00e1g\u00e1t? <\/b><\/p>\n<p> Ezek a kapaszkod\u00f3k biztons\u00e1gos \u00e9s stabil t\u00e1maszt ny\u00fajtanak, cs\u00f6kkentve a balesetek kock\u00e1zat\u00e1t \u00e9s n\u00f6velve a l\u00e9pcs\u0151k \u00e9s k\u00f6zleked\u0151utak biztons\u00e1g\u00e1t kereskedelmi \u00e9s lak\u00f3terekben.<br \/>\n<\/p><br \/>\n<br \/>\n<p><b>7.Is alum\u00ednium cs\u0151 korl\u00e1t k\u00f6rnyezetbar\u00e1t? <\/b><\/p>\n<p> Igen, az alum\u00ednium teljesen \u00fajrahasznos\u00edthat\u00f3, \u00edgy ezek a korl\u00e1tok k\u00f6rnyezetbar\u00e1t megold\u00e1st jelentenek az \u00e9p\u00edt\u00e9si projektekhez.<br \/>\n<\/p><br \/><\/p>","protected":false},"featured_media":8319,"template":"","categories":[54],"class_list":["post-8320","product","type-product","status-publish","has-post-thumbnail","hentry","category-industrial-aluminum-profiles"],"meta_box":{"hilight_text_group":{"product_hilight_text":"<li>Durable and corrosion-resistant aluminum pipe handrails for reliable support in various environments<\/li>\r\r\n<li>Lightweight yet strong, providing excellent strength without adding unnecessary weight<\/li>\r\r\n<li>Customizable sizes and designs to meet specific safety and aesthetic requirements<\/li>\r\r\n<li>Easy to install and maintain, reducing labor costs and ensuring long-term functionality<\/li>\r\r\n<li>Ideal for both indoor and outdoor applications, offering superior weather resistance<\/li>\r\r\n<li>Eco-friendly, made from fully recyclable aluminum material<\/li>\r\r\n<li>Elegant design that enhances the appearance of both commercial and residential spaces<\/li>","product_chanpin_blog":"<ul>\r\r\n<li><a href=\"https:\/\/sinoextrud.com\/t-slot-v-slot-differences\/\" target=\"_blank\">t slot vs v slot<\/a><\/li>\r\r\n<li><a href=\"https:\/\/sinoextrud.com\/what-is-4040-aluminium-extrud\/\" target=\"_blank\">4040 aluminium extrusion<\/a><\/li>\r\r\n<li><a href=\"https:\/\/sinoextrud.com\/what-is-4040-aluminium-extrud\/\" target=\"_blank\">aluminum extrusions for industrial racks<\/a><\/li>\r\r\n<li><a href=\"https:\/\/sinoextrud.com\/powder-coating-aluminium-process\/\" target=\"_blank\">powder coating aluminium<\/a><\/li>\r\r\n<li><a href=\"https:\/\/sinoextrud.com\/what-is-an-aluminium-strip-ceiling\/\" target=\"_blank\">aluminium strip ceiling<\/a><\/li>\r\r\n<li><a href=\"https:\/\/sinoextrud.com\/what-is-a-heat-sink\/\" target=\"_blank\">what is a heat sink<\/a><\/li>\r\r\n<\/ul>","product_chanpin_chanpin":"<li><a href=\"https:\/\/sinoextrud.com\/product\/aluminum-extrusion-channel-profiles\/\" target=\"_blank\">Aluminum Extrusion Channel Profiles<\/a><\/li>\r\n<li><a href=\"https:\/\/sinoextrud.com\/product\/aluminum-extrusion-standards\/\" target=\"_blank\">Aluminum Extrusion Standards<\/a><\/li>\r\n<li><a href=\"https:\/\/sinoextrud.com\/product\/aluminum-heat-sink\/\" target=\"_blank\">Aluminum Heat Sink<\/a><\/li>\r\n<li><a href=\"https:\/\/sinoextrud.com\/product\/aluminum-outdoor-enclose-heat-sinks\/\" target=\"_blank\">Aluminum outdoor enclose heat sinks<\/a><\/li>\r\n<li><a href=\"https:\/\/sinoextrud.com\/product\/aluminum-pipe-handrail\/\" target=\"_blank\">Aluminum Pipe Handrail<\/a><\/li>\r\n<li><a href=\"https:\/\/sinoextrud.com\/product\/aluminum-profile-clean-room-for-workshop-and-hospital\/\" target=\"_blank\">Aluminum Profile Clean Room for Workshop and Hospital<\/a><\/li>\r\n<li><a href=\"https:\/\/sinoextrud.com\/product\/aluminum-profile-t-slot-for-machine-frame\/\" target=\"_blank\">Aluminum Profile T-Slot For Machine Frame<\/a><\/li>\r\n<li><a href=\"https:\/\/sinoextrud.com\/product\/aluminum-trailer-floor-extrusions\/\" target=\"_blank\">Aluminum Trailer Floor Extrusions<\/a><\/li>\r\n<li><a href=\"https:\/\/sinoextrud.com\/product\/cnc-aluminum-bar-profile-for-instrument\/\" target=\"_blank\">CNC Aluminum Bar Profile For Instrument<\/a><\/li>\r\n<li><a href=\"https:\/\/sinoextrud.com\/product\/aluminum-frame-for-solar-panel-and-light-box\/\" target=\"_blank\">Aluminum Frame For Solar Panel And Light-Box<\/a><\/li>\r\n<li><a href=\"https:\/\/sinoextrud.com\/product\/aluminum-window\/\" target=\"_blank\">Aluminum Window<\/a><\/li>"},"feature_list":[]},"_links":{"self":[{"href":"https:\/\/sinoextrud.com\/hu\/wp-json\/wp\/v2\/product\/8320","targetHints":{"allow":["GET"]}}],"collection":[{"href":"https:\/\/sinoextrud.com\/hu\/wp-json\/wp\/v2\/product"}],"about":[{"href":"https:\/\/sinoextrud.com\/hu\/wp-json\/wp\/v2\/types\/product"}],"wp:featuredmedia":[{"embeddable":true,"href":"https:\/\/sinoextrud.com\/hu\/wp-json\/wp\/v2\/media\/8319"}],"wp:attachment":[{"href":"https:\/\/sinoextrud.com\/hu\/wp-json\/wp\/v2\/media?parent=8320"}],"wp:term":[{"taxonomy":"category","embeddable":true,"href":"https:\/\/sinoextrud.com\/hu\/wp-json\/wp\/v2\/categories?post=8320"}],"curies":[{"name":"wp","href":"https:\/\/api.w.org\/{rel}","templated":true}]}}