{"id":8308,"date":"2025-06-15T06:12:10","date_gmt":"2025-06-15T06:12:10","guid":{"rendered":"https:\/\/sinoextrud.com\/product\/aluminum-balustrade-handrail\/"},"modified":"2025-06-24T06:23:33","modified_gmt":"2025-06-24T06:23:33","slug":"aluminium-korlat-korlat","status":"publish","type":"product","link":"https:\/\/sinoextrud.com\/hu\/product\/aluminum-balustrade-handrail\/","title":{"rendered":"Alum\u00ednium korl\u00e1t korl\u00e1t"},"content":{"rendered":"<h2>Term\u00e9kek r\u00e9szletei<\/h2>\n<table class=\"custom-table\">\n<tr>\n<td class=\"label\">T\u00e9tel neve<\/td>\n<td>Alum\u00ednium korl\u00e1t korl\u00e1t<\/td>\n<\/tr>\n<tr>\n<td class=\"label\">Anyagmin\u0151s\u00e9g<\/td>\n<td>6000-es sorozat\u00fa \u00f6tv\u00f6zet<\/td>\n<\/tr>\n<tr>\n<td class=\"label\">Temper<\/td>\n<td>T5-T6<\/td>\n<\/tr>\n<tr>\n<td class=\"label\">Technol\u00f3gia<\/td>\n<td>Alum\u00ednium extrud\u00e1l\u00e1s, CNC<\/td>\n<\/tr>\n<tr>\n<td class=\"label\">Fel\u00fcletkezel\u00e9s<\/td>\n<td>Elox\u00e1l\u00e1s, porsz\u00f3r\u00e1s, homokf\u00fav\u00e1s, elektrofor\u00e9zis, fluorocarbon stb.<\/td>\n<\/tr>\n<tr>\n<td class=\"label\">Sz\u00ednes<\/td>\n<td>Testreszabott<\/td>\n<\/tr>\n<tr>\n<td class=\"label\">Anodiz\u00e1l\u00e1s vastags\u00e1ga<\/td>\n<td>8-25 um<\/td>\n<\/tr>\n<tr>\n<td class=\"label\">Teljes\u00edtm\u00e9ny Bevonat vastags\u00e1ga<\/td>\n<td>40-120 um<\/td>\n<\/tr>\n<tr>\n<td class=\"label\">Shape<\/td>\n<td>Rajzok alapj\u00e1n<\/td>\n<\/tr>\n<tr>\n<td class=\"label\">Hossz\u00fas\u00e1g<\/td>\n<td>A szabv\u00e1nyos hossz 1m-9m, vagy testreszabhat\u00f3<\/td>\n<\/tr>\n<tr>\n<td class=\"label\">M\u00e9lyrehat\u00f3 feldolgoz\u00e1s<\/td>\n<td>v\u00e1g\u00e1s, f\u00far\u00e1s, lyukaszt\u00e1s, hajl\u00edt\u00e1s stb.<\/td>\n<\/tr>\n<tr>\n<td class=\"label\">2D&amp;3D tervez\u00e9s<\/td>\n<td>Auto CAD, 3D, AI, SLD, PRT. IGS, PDF, JPEG stb.<\/td>\n<\/tr>\n<tr>\n<td class=\"label\">M\u00e9rn\u00f6ki munka \u00e9s szersz\u00e1moz\u00e1s<\/td>\n<td>1: 8 m\u00e9rn\u00f6k az \u00f6nt\u0151m\u0171helyben.<br \/>\n2: Haszn\u00e1ljon nagy \u0171rtartalm\u00fa extruder, huzalos EDM, CNC, f\u00far\u00f3g\u00e9pek stb.<\/td>\n<\/tr>\n<tr>\n<td class=\"label\">Min\u0151s\u00e9gellen\u0151rz\u00e9s<\/td>\n<td>1.SO J\u00f3v\u00e1hagyva.<br \/>\n2.CE j\u00f3v\u00e1hagyott<br \/>\n3.Helysz\u00edni ellen\u0151rz\u00e9s.<br \/>\n4.Sz\u00e1ll\u00edt\u00e1s el\u0151tti ellen\u0151rz\u00e9s.<br \/>\n5.<\/td>\n<\/tr>\n<tr>\n<td class=\"label\">Csomagol\u00e1si r\u00e9szletek<\/td>\n<td>(1) Bel\u00fcl: m\u0171anyag v\u00e9d\u0151f\u00f3li\u00e1val csomagolva az egyes darabok v\u00e9delme \u00e9rdek\u00e9ben<br \/>\n(2) K\u00edv\u00fcl: V\u00edz\u00e1ll\u00f3 k\u00e9zm\u0171ves pap\u00edrral csomagolva.<\/td>\n<\/tr>\n<tr>\n<td class=\"label\">Sz\u00e1ll\u00edt\u00e1s<\/td>\n<td>(1) Szersz\u00e1mfejleszt\u00e9s \u00e9s mintatesztel\u00e9s: 12-18 nap.<br \/>\n(2) A t\u00f6megtermel\u00e9s befejez\u0151d\u00f6tt: 20-30 nap, miut\u00e1n a mint\u00e1t a vev\u0151 meger\u0151s\u00edtette.<\/td>\n<\/tr>\n<tr>\n<td class=\"label\">Fizet\u00e9si hat\u00e1rid\u0151<\/td>\n<td>T \/ T 30% let\u00e9tbe helyez\u00e9s, egyenleg a sz\u00e1ll\u00edt\u00e1s el\u0151tt.<\/td>\n<\/tr>\n<\/table>\n<h2>Gy\u00e1rt\u00f3 b\u00e1zisunk<\/h2>\n<h3>Gy\u00e1ri panor\u00e1ma<\/h3>\n<p><img decoding=\"async\" src=\"\/wp-content\/uploads\/factory-01.webp\"\/><\/p>\n<h3>Alum\u00ednium r\u00fadgy\u00e1rt\u00f3 m\u0171hely<\/h3>\n<p><img decoding=\"async\" src=\"\/wp-content\/uploads\/factory-02.webp\"\/><\/p>\n<p><img decoding=\"async\" src=\"\/wp-content\/uploads\/factory-03.webp\"\/><\/p>\n<h3>Pen\u00e9sz rakt\u00e1r<\/h3>\n<p><img decoding=\"async\" src=\"\/wp-content\/uploads\/factory-04.webp\"\/><\/p>\n<h3>43 alum\u00ednium extrud\u00e1l\u00f3 vonal (500-5500 tonna)<\/h3>\n<p><img decoding=\"async\" src=\"\/wp-content\/uploads\/factory-05.webp\"\/><\/p>\n<p><img decoding=\"async\" src=\"\/wp-content\/uploads\/factory-06.webp\"\/><\/p>\n<p><img decoding=\"async\" src=\"\/wp-content\/uploads\/factory-07.webp\"\/><\/p>\n<h3>Porfest\u0151 m\u0171hely<\/h3>\n<p><img decoding=\"async\" src=\"\/wp-content\/uploads\/factory-09.webp\"\/><\/p>\n<h3>Anodiz\u00e1l\u00f3 m\u0171hely<\/h3>\n<p><img decoding=\"async\" src=\"\/wp-content\/uploads\/factory-10.webp\"\/><\/p>\n<h3>M\u00e9ly feldolgoz\u00e1si m\u0171hely<\/h3>\n<p><img decoding=\"async\" src=\"\/wp-content\/uploads\/factory-11.webp\"\/><\/p>\n<h3>CNC prec\u00edzi\u00f3s megmunk\u00e1l\u00f3 m\u0171hely<\/h3>\n<p><img decoding=\"async\" src=\"\/wp-content\/uploads\/factory-11.5.webp\"\/><\/p>\n<h3>K\u00e9szterm\u00e9k \u00e9s export rakt\u00e1r<\/h3>\n<p><img decoding=\"async\" src=\"\/wp-content\/uploads\/factory-12.webp\"\/><\/p>\n<p><img decoding=\"async\" src=\"\/wp-content\/uploads\/factory-13.webp\"\/><\/p>\n<p><img decoding=\"async\" src=\"\/wp-content\/uploads\/factory-14.webp\"\/><\/p>\n<h2>GYIK<\/h2>\n<p><p><b>1.Mik a legfontosabb el\u0151nyei az alum\u00ednium balusztr\u00e1d korl\u00e1tnak?<\/b><\/p>\n<p>Az alum\u00ednium balusztr\u00e1d korl\u00e1t tart\u00f3ss\u00e1got, korr\u00f3zi\u00f3\u00e1ll\u00f3s\u00e1got, modern kialak\u00edt\u00e1st \u00e9s alacsony karbantart\u00e1si ig\u00e9nyt k\u00edn\u00e1l, \u00edgy t\u00f6k\u00e9letes mind a lakoss\u00e1gi, mind a kereskedelmi alkalmaz\u00e1sokhoz.<br \/>\n<\/p><br \/>\n<br \/>\n<p><b>2.Hogyan jav\u00edtja az alum\u00ednium anyag a korl\u00e1t teljes\u00edtm\u00e9ny\u00e9t?<\/b><\/p>\n<p>Az alum\u00ednium k\u00f6nny\u0171, m\u00e9gis tart\u00f3s, ellen\u00e1ll a korr\u00f3zi\u00f3nak, \u00e9s ide\u00e1lis a hossz\u00fa t\u00e1v\u00fa szil\u00e1rds\u00e1g biztos\u00edt\u00e1s\u00e1ra, mik\u00f6zben k\u00f6nnyen kezelhet\u0151 \u00e9s telep\u00edthet\u0151.<br \/>\n<\/p><br \/>\n<br \/>\n<p><b>3.Is az alum\u00ednium balusztr\u00e1d korl\u00e1t alkalmas k\u00fclt\u00e9ri haszn\u00e1latra?<\/b><\/p>\n<p>Igen, korr\u00f3zi\u00f3\u00e1ll\u00f3 tulajdons\u00e1gai r\u00e9v\u00e9n t\u00f6k\u00e9letesen alkalmas k\u00fclt\u00e9ri haszn\u00e1latra, k\u00fcl\u00f6nb\u00f6z\u0151 id\u0151j\u00e1r\u00e1si k\u00f6r\u00fclm\u00e9nyek k\u00f6z\u00f6tt is meg\u0151rzi megjelen\u00e9s\u00e9t \u00e9s szil\u00e1rds\u00e1g\u00e1t.<br \/>\n<\/p><br \/>\n<br \/>\n<p><b>4.Can az alum\u00ednium balusztr\u00e1d korl\u00e1t testreszabhat\u00f3?<\/b><\/p>\n<p>Igen, testreszabhat\u00f3 lehet\u0151s\u00e9geket k\u00edn\u00e1l a k\u00fcl\u00f6nb\u00f6z\u0151 tervez\u00e9si st\u00edlusokhoz \u00e9s k\u00f6vetelm\u00e9nyekhez, \u00edgy sz\u00e1mos projekthez alkalmazkodik.<br \/>\n<\/p><br \/>\n<br \/>\n<p><b>5.Hogyan n\u00f6veli az alum\u00ednium korl\u00e1t korl\u00e1t az eszt\u00e9tikai vonzer\u0151t egy t\u00e9rben?<\/b><\/p>\n<p>Eleg\u00e1ns \u00e9s modern kialak\u00edt\u00e1sa n\u00f6veli a lak\u00f3-, kereskedelmi \u00e9s nyilv\u00e1nos terek vizu\u00e1lis vonzerej\u00e9t, st\u00edlusos, m\u00e9gis funkcion\u00e1lis megold\u00e1st k\u00edn\u00e1lva.<br \/>\n<\/p><br \/>\n<br \/>\n<p><b>6.Is az alum\u00ednium balusztr\u00e1d korl\u00e1t alacsony karbantart\u00e1s?<\/b><\/p>\n<p>Igen, az alum\u00ednium minim\u00e1lis karbantart\u00e1st ig\u00e9nyel, \u00edgy k\u00f6lts\u00e9ghat\u00e9kony megold\u00e1s, amely cs\u00f6kkenti a gyakori jav\u00edt\u00e1sok \u00e9s karbantart\u00e1s sz\u00fcks\u00e9gess\u00e9g\u00e9t.<br \/>\n<\/p><br \/>\n<br \/>\n<p><b>7.Milyen ipar\u00e1gak haszn\u00e1lj\u00e1k az alum\u00ednium balkon korl\u00e1tokat?<\/b><\/p>\n<p>\u00c1ltal\u00e1ban lak\u00f3\u00e9p\u00fcletekben, kereskedelmi ingatlanokban, sz\u00e1llod\u00e1kban, k\u00f6zter\u00fcleteken \u00e9s mindenhol, ahol magas min\u0151s\u00e9g\u0171, eszt\u00e9tikus korl\u00e1tokra van sz\u00fcks\u00e9g.<br \/>\n<\/p><br \/><\/p>","protected":false},"featured_media":8307,"template":"","categories":[54],"class_list":["post-8308","product","type-product","status-publish","has-post-thumbnail","hentry","category-industrial-aluminum-profiles"],"meta_box":{"hilight_text_group":{"product_hilight_text":"<li>Durable and lightweight aluminum construction, ensuring strength and easy handling.<\/li>\r\r\n<li>Corrosion-resistant properties, providing long-lasting performance in both indoor and outdoor environments.<\/li>\r\r\n<li>Elegant and modern design, enhancing the aesthetic appeal of residential and commercial spaces.<\/li>\r\r\n<li>Low-maintenance solution, reducing the need for frequent repairs and upkeep.<\/li>\r\r\n<li>Customizable options to fit different styles and requirements for various projects.<\/li>","product_chanpin_blog":"<ul>\r\r\n<li><a href=\"https:\/\/sinoextrud.com\/t-slot-v-slot-differences\/\" target=\"_blank\">t slot vs v slot<\/a><\/li>\r\r\n<li><a href=\"https:\/\/sinoextrud.com\/what-is-4040-aluminium-extrud\/\" target=\"_blank\">4040 aluminium extrusion<\/a><\/li>\r\r\n<li><a href=\"https:\/\/sinoextrud.com\/what-is-4040-aluminium-extrud\/\" target=\"_blank\">aluminum extrusions for industrial racks<\/a><\/li>\r\r\n<li><a href=\"https:\/\/sinoextrud.com\/powder-coating-aluminium-process\/\" target=\"_blank\">powder coating aluminium<\/a><\/li>\r\r\n<li><a href=\"https:\/\/sinoextrud.com\/what-is-an-aluminium-strip-ceiling\/\" target=\"_blank\">aluminium strip ceiling<\/a><\/li>\r\r\n<li><a href=\"https:\/\/sinoextrud.com\/what-is-a-heat-sink\/\" target=\"_blank\">what is a heat sink<\/a><\/li>\r\r\n<\/ul>","product_chanpin_chanpin":"<li><a href=\"https:\/\/sinoextrud.com\/product\/aluminium-profile-workbench\/\" target=\"_blank\">Aluminium Profile Workbench<\/a><\/li>\r\n<li><a href=\"https:\/\/sinoextrud.com\/product\/aluminium-roof-rack-extrusions\/\" target=\"_blank\">Aluminium Roof Rack Extrusions<\/a><\/li>\r\n<li><a href=\"https:\/\/sinoextrud.com\/product\/aluminium-seamless-pipe\/\" target=\"_blank\">Aluminium Seamless Pipe<\/a><\/li>\r\n<li><a href=\"https:\/\/sinoextrud.com\/product\/aluminum-alloy-section\/\" target=\"_blank\">Aluminum Alloy Section<\/a><\/li>\r\n<li><a href=\"https:\/\/sinoextrud.com\/product\/aluminum-balustrade-handrail\/\" target=\"_blank\">Aluminum Balustrade Handrail<\/a><\/li>\r\n<li><a href=\"https:\/\/sinoextrud.com\/product\/aluminum-extruded-products\/\" target=\"_blank\">Aluminum Extruded Products<\/a><\/li>\r\n<li><a href=\"https:\/\/sinoextrud.com\/product\/aluminum-extrusion-channel-profiles\/\" target=\"_blank\">Aluminum Extrusion Channel Profiles<\/a><\/li>\r\n<li><a href=\"https:\/\/sinoextrud.com\/product\/aluminum-extrusion-standards\/\" target=\"_blank\">Aluminum Extrusion Standards<\/a><\/li>\r\n<li><a href=\"https:\/\/sinoextrud.com\/product\/aluminum-heat-sink\/\" target=\"_blank\">Aluminum Heat Sink<\/a><\/li>\r\n<li><a href=\"https:\/\/sinoextrud.com\/product\/aluminum-profile-with-t-slot-flat\/\" target=\"_blank\">Aluminum Profile With T Slot Flat<\/a><\/li>\r\n<li><a href=\"https:\/\/sinoextrud.com\/product\/extruded-aluminum-channel\/\" target=\"_blank\">Extruded Aluminum Channel<\/a><\/li>"},"feature_list":[]},"_links":{"self":[{"href":"https:\/\/sinoextrud.com\/hu\/wp-json\/wp\/v2\/product\/8308","targetHints":{"allow":["GET"]}}],"collection":[{"href":"https:\/\/sinoextrud.com\/hu\/wp-json\/wp\/v2\/product"}],"about":[{"href":"https:\/\/sinoextrud.com\/hu\/wp-json\/wp\/v2\/types\/product"}],"wp:featuredmedia":[{"embeddable":true,"href":"https:\/\/sinoextrud.com\/hu\/wp-json\/wp\/v2\/media\/8307"}],"wp:attachment":[{"href":"https:\/\/sinoextrud.com\/hu\/wp-json\/wp\/v2\/media?parent=8308"}],"wp:term":[{"taxonomy":"category","embeddable":true,"href":"https:\/\/sinoextrud.com\/hu\/wp-json\/wp\/v2\/categories?post=8308"}],"curies":[{"name":"wp","href":"https:\/\/api.w.org\/{rel}","templated":true}]}}