{"id":8306,"date":"2025-06-15T06:09:55","date_gmt":"2025-06-15T06:09:55","guid":{"rendered":"https:\/\/sinoextrud.com\/product\/aluminum-alloy-section\/"},"modified":"2025-06-24T06:23:32","modified_gmt":"2025-06-24T06:23:32","slug":"aluminium-otvozetbol-keszult-resz","status":"publish","type":"product","link":"https:\/\/sinoextrud.com\/hu\/product\/aluminum-alloy-section\/","title":{"rendered":"Alum\u00ednium \u00f6tv\u00f6zet szakasz"},"content":{"rendered":"<h2>Term\u00e9kek r\u00e9szletei<\/h2>\n<table class=\"custom-table\">\n<tbody>\n<tr>\n<td> Modell:<\/td>\n<td> Alum\u00ednium \u00f6tv\u00f6zet szakasz<\/td>\n<\/tr>\n<tr>\n<td> Fel\u00fcletkezel\u00e9s:<\/td>\n<td> Elox\u00e1lt, fa szemcs\u00e9s, pol\u00edrozott, csiszolt, stb.<\/td>\n<\/tr>\n<tr>\n<td> \u00f6tv\u00f6zet:<\/td>\n<td> \u00d6tv\u00f6zet<\/td>\n<\/tr>\n<tr>\n<td> Sz\u00e1ll\u00edt\u00e1si id\u0151:<\/td>\n<td> 20 nappal a befizet\u00e9s be\u00e9rkez\u00e9se ut\u00e1n<\/td>\n<\/tr>\n<tr>\n<td> Fizet\u00e9si hat\u00e1rid\u0151:<\/td>\n<td> T \/ T, 30% el\u0151legfizet\u00e9s, m\u00edg a m\u00e9rleget ki kell fizetni<\/td>\n<\/tr>\n<tr>\n<td> Garancia:<\/td>\n<td> A fel\u00fcleti sz\u00edn k\u00e9pes fenntartani 10 ~ 20 \u00e9vig F<\/td>\n<\/tr>\n<tr>\n<td> Anyag:<\/td>\n<td> 6063-T5, 6061-T6, 6463-T5, 7075-T6, 6082<\/td>\n<\/tr>\n<tr>\n<td> Tan\u00fas\u00edtv\u00e1ny:<\/td>\n<td> Cqm, SGS, Ce, Soncap ISO, JIS, as, Nzs<\/td>\n<\/tr>\n<tr>\n<td> V\u00e9djegy:<\/td>\n<td> OEM<\/td>\n<\/tr>\n<tr>\n<td> Specifik\u00e1ci\u00f3:<\/td>\n<td> 1m-9m vagy egyedi m\u00e9ret<\/td>\n<\/tr>\n<tr>\n<td> HS-k\u00f3d:<\/td>\n<td> 76042100<\/td>\n<\/tr>\n<tr>\n<td> Alak:<\/td>\n<td> Sz\u00f6gletes, n\u00e9gyzetes, kerek, lapos, T-profil, testreszabott<\/td>\n<\/tr>\n<tr>\n<td> Oszt\u00e1ly:<\/td>\n<td> 6000-es sorozat<\/td>\n<\/tr>\n<tr>\n<td> Lelkiismeretesen:<\/td>\n<td> T3 - T8<\/td>\n<\/tr>\n<tr>\n<td> Szabv\u00e1nyos:<\/td>\n<td> GB\/75237-2004, Q\/320281\/Pdwd-2008<\/td>\n<\/tr>\n<tr>\n<td> Kik\u00f6t\u0151:<\/td>\n<td> Shenzhen, Guangzhou, Foshan<\/td>\n<\/tr>\n<tr>\n<td> MOQ:<\/td>\n<td> 200KG minden egyes t\u00e9telhez<\/td>\n<\/tr>\n<tr>\n<td> M\u00e9ly folyamat:<\/td>\n<td> CNC, f\u00far\u00e1s, mar\u00e1s, v\u00e1g\u00e1s, hegeszt\u00e9s, hajl\u00edt\u00e1s<\/td>\n<\/tr>\n<tr>\n<td> Sz\u00e1ll\u00edt\u00e1si csomag:<\/td>\n<td> M\u0171anyag f\u00f3lia vagy polizs\u00e1k, v\u00edz\u00e1ll\u00f3 k\u00e9zm\u0171ves pap\u00edr<\/td>\n<\/tr>\n<\/tbody>\n<\/table>\n<h2>Gy\u00e1rt\u00f3 b\u00e1zisunk<\/h2>\n<h3>Gy\u00e1ri panor\u00e1ma<\/h3>\n<p><img decoding=\"async\" src=\"\/wp-content\/uploads\/factory-01.webp\"\/><\/p>\n<h3>Alum\u00ednium r\u00fadgy\u00e1rt\u00f3 m\u0171hely<\/h3>\n<p><img decoding=\"async\" src=\"\/wp-content\/uploads\/factory-02.webp\"\/><\/p>\n<p><img decoding=\"async\" src=\"\/wp-content\/uploads\/factory-03.webp\"\/><\/p>\n<h3>Pen\u00e9sz rakt\u00e1r<\/h3>\n<p><img decoding=\"async\" src=\"\/wp-content\/uploads\/factory-04.webp\"\/><\/p>\n<h3>43 alum\u00ednium extrud\u00e1l\u00f3 vonal (500-5500 tonna)<\/h3>\n<p><img decoding=\"async\" src=\"\/wp-content\/uploads\/factory-05.webp\"\/><\/p>\n<p><img decoding=\"async\" src=\"\/wp-content\/uploads\/factory-06.webp\"\/><\/p>\n<p><img decoding=\"async\" src=\"\/wp-content\/uploads\/factory-07.webp\"\/><\/p>\n<h3>Porfest\u0151 m\u0171hely<\/h3>\n<p><img decoding=\"async\" src=\"\/wp-content\/uploads\/factory-09.webp\"\/><\/p>\n<h3>Anodiz\u00e1l\u00f3 m\u0171hely<\/h3>\n<p><img decoding=\"async\" src=\"\/wp-content\/uploads\/factory-10.webp\"\/><\/p>\n<h3>M\u00e9ly feldolgoz\u00e1si m\u0171hely<\/h3>\n<p><img decoding=\"async\" src=\"\/wp-content\/uploads\/factory-11.webp\"\/><\/p>\n<h3>CNC prec\u00edzi\u00f3s megmunk\u00e1l\u00f3 m\u0171hely<\/h3>\n<p><img decoding=\"async\" src=\"\/wp-content\/uploads\/factory-11.5.webp\"\/><\/p>\n<h3>K\u00e9szterm\u00e9k \u00e9s export rakt\u00e1r<\/h3>\n<p><img decoding=\"async\" src=\"\/wp-content\/uploads\/factory-12.webp\"\/><\/p>\n<p><img decoding=\"async\" src=\"\/wp-content\/uploads\/factory-13.webp\"\/><\/p>\n<p><img decoding=\"async\" src=\"\/wp-content\/uploads\/factory-14.webp\"\/><\/p>\n<h2>GYIK<\/h2>\n<p><p><b>1.What alum\u00ednium \u00f6tv\u00f6zet szakasz haszn\u00e1lt?<\/b><\/p>\n<p>Az alum\u00ednium\u00f6tv\u00f6zet szelv\u00e9nyt sz\u00e1mos ipar\u00e1gban haszn\u00e1lj\u00e1k, bele\u00e9rtve az \u00e9p\u00edt\u0151ipart, az aut\u00f3ipart \u00e9s az elektronik\u00e1t, olyan szerkezeti elemek \u00e9s rendszerek l\u00e9trehoz\u00e1s\u00e1ra, amelyek szil\u00e1rds\u00e1got, k\u00f6nny\u0171 s\u00falyt \u00e9s korr\u00f3zi\u00f3\u00e1ll\u00f3s\u00e1got ig\u00e9nyelnek.<br \/>\n<\/p><br \/>\n<br \/>\n<p><b>2.Mi\u00e9rt tekinthet\u0151 az alum\u00ednium\u00f6tv\u00f6zet szekci\u00f3 sokoldal\u00fa anyagnak?<\/b><\/p>\n<p>Az alum\u00ednium\u00f6tv\u00f6zet szelv\u00e9ny sokoldal\u00fa, mert k\u00f6nnyen testre szabhat\u00f3 az alak, a m\u00e9ret \u00e9s az er\u0151ss\u00e9g tekintet\u00e9ben, \u00edgy a k\u00fcl\u00f6nb\u00f6z\u0151 ipar\u00e1gakban sz\u00e1mos alkalmaz\u00e1shoz alkalmas.<br \/>\n<\/p><br \/>\n<br \/>\n<p><b>3.Mik az el\u0151nyei az alum\u00ednium\u00f6tv\u00f6zet szekci\u00f3 haszn\u00e1lat\u00e1nak m\u00e1s anyagokkal szemben?<\/b><\/p>\n<p>Az alum\u00ednium\u00f6tv\u00f6zet szelv\u00e9ny nagy szil\u00e1rds\u00e1g\/t\u00f6meg ar\u00e1nyt, korr\u00f3zi\u00f3\u00e1ll\u00f3s\u00e1got \u00e9s k\u00f6nny\u0171 feldolgozhat\u00f3s\u00e1got biztos\u00edt, ami hat\u00e9konyabb\u00e1 \u00e9s tart\u00f3sabb\u00e1 teszi az olyan anyagokhoz k\u00e9pest, mint az ac\u00e9l vagy a m\u0171anyag.<br \/>\n<\/p><br \/>\n<br \/>\n<p><b>4.Is alum\u00ednium \u00f6tv\u00f6zet szakasz korr\u00f3zi\u00f3\u00e1ll\u00f3?<\/b><\/p>\n<p>Igen, az alum\u00ednium\u00f6tv\u00f6zet szekci\u00f3 term\u00e9szetesen korr\u00f3zi\u00f3\u00e1ll\u00f3, \u00edgy ide\u00e1lis a nedvess\u00e9gnek, vegyi anyagoknak vagy sz\u00e9ls\u0151s\u00e9ges id\u0151j\u00e1r\u00e1si k\u00f6r\u00fclm\u00e9nyeknek kitett k\u00f6rnyezetben val\u00f3 haszn\u00e1latra.<br \/>\n<\/p><br \/>\n<br \/>\n<p><b>5.Hogyan jav\u00edtja az alum\u00ednium\u00f6tv\u00f6zet-szekci\u00f3 a h\u0151kezel\u00e9st?<\/b><\/p>\n<p>Az alum\u00ednium\u00f6tv\u00f6zet szelv\u00e9ny kiv\u00e1l\u00f3 h\u0151vezet\u0151 k\u00e9pess\u00e9ggel rendelkezik, \u00edgy ide\u00e1lis olyan alkalmaz\u00e1sokhoz, amelyek hat\u00e9kony h\u0151elvezet\u00e9st ig\u00e9nyelnek, p\u00e9ld\u00e1ul elektronik\u00e1ban vagy h\u0151cser\u00e9l\u0151kben.<br \/>\n<\/p><br \/>\n<br \/>\n<p><b>6.Can alum\u00ednium \u00f6tv\u00f6zet szakasz k\u00f6nnyen testreszabhat\u00f3?<\/b><\/p>\n<p>Igen, az alum\u00ednium\u00f6tv\u00f6zet szelv\u00e9nye testre szabhat\u00f3, hogy megfeleljen az egyedi tervez\u00e9si \u00e9s funkcion\u00e1lis k\u00f6vetelm\u00e9nyeknek, rugalmass\u00e1got k\u00edn\u00e1lva a k\u00fcl\u00f6nb\u00f6z\u0151 ipari alkalmaz\u00e1sokhoz.<br \/>\n<\/p><br \/>\n<br \/>\n<p><b>7.How hossz\u00fa ideig tart az alum\u00ednium \u00f6tv\u00f6zet szakasz?<\/b><\/p>\n<p>Az alum\u00ednium\u00f6tv\u00f6zet szelv\u00e9nyt \u00fagy tervezt\u00e9k, hogy korr\u00f3zi\u00f3\u00e1ll\u00f3s\u00e1g\u00e1nak \u00e9s szil\u00e1rds\u00e1g\u00e1nak k\u00f6sz\u00f6nhet\u0151en hossz\u00fa \u00e9lettartamot biztos\u00edtson, \u00edgy hossz\u00fa t\u00e1von megb\u00edzhat\u00f3 teljes\u00edtm\u00e9nyt ny\u00fajt ig\u00e9nyes k\u00f6rnyezetben is.<br \/>\n<\/p><br \/><\/p>","protected":false},"featured_media":8305,"template":"","categories":[54],"class_list":["post-8306","product","type-product","status-publish","has-post-thumbnail","hentry","category-industrial-aluminum-profiles"],"meta_box":{"hilight_text_group":{"product_hilight_text":"<li>Aluminum Alloy Section offers high strength, excellent corrosion resistance, and lightweight properties for various structural applications.<\/li>\r\r\n<li>Customizable shapes and sizes allow for flexible design solutions tailored to specific industry needs.<\/li>\r\r\n<li>High thermal and electrical conductivity make it suitable for applications in electronics and heat management systems.<\/li>\r\r\n<li>Durable and easy to process, making it ideal for manufacturing complex structures and components.<\/li>\r\r\n<li>Recyclable material, contributing to sustainability and environmentally friendly practices in manufacturing.<\/li>","product_chanpin_blog":"<ul>\r\r\n<li><a href=\"https:\/\/sinoextrud.com\/t-slot-v-slot-differences\/\" target=\"_blank\">t slot vs v slot<\/a><\/li>\r\r\n<li><a href=\"https:\/\/sinoextrud.com\/what-is-4040-aluminium-extrud\/\" target=\"_blank\">4040 aluminium extrusion<\/a><\/li>\r\r\n<li><a href=\"https:\/\/sinoextrud.com\/what-is-4040-aluminium-extrud\/\" target=\"_blank\">aluminum extrusions for industrial racks<\/a><\/li>\r\r\n<li><a href=\"https:\/\/sinoextrud.com\/powder-coating-aluminium-process\/\" target=\"_blank\">powder coating aluminium<\/a><\/li>\r\r\n<li><a href=\"https:\/\/sinoextrud.com\/what-is-an-aluminium-strip-ceiling\/\" target=\"_blank\">aluminium strip ceiling<\/a><\/li>\r\r\n<li><a href=\"https:\/\/sinoextrud.com\/what-is-a-heat-sink\/\" target=\"_blank\">what is a heat sink<\/a><\/li>\r\r\n<\/ul>","product_chanpin_chanpin":"<li><a href=\"https:\/\/sinoextrud.com\/product\/aluminium-profile-for-clean-room\/\" target=\"_blank\">Aluminium Profile For Clean Room<\/a><\/li>\r\n<li><a href=\"https:\/\/sinoextrud.com\/product\/aluminium-profile-workbench\/\" target=\"_blank\">Aluminium Profile Workbench<\/a><\/li>\r\n<li><a href=\"https:\/\/sinoextrud.com\/product\/aluminium-roof-rack-extrusions\/\" target=\"_blank\">Aluminium Roof Rack Extrusions<\/a><\/li>\r\n<li><a href=\"https:\/\/sinoextrud.com\/product\/aluminium-seamless-pipe\/\" target=\"_blank\">Aluminium Seamless Pipe<\/a><\/li>\r\n<li><a href=\"https:\/\/sinoextrud.com\/product\/aluminum-alloy-section\/\" target=\"_blank\">Aluminum Alloy Section<\/a><\/li>\r\n<li><a href=\"https:\/\/sinoextrud.com\/product\/aluminum-balustrade-handrail\/\" target=\"_blank\">Aluminum Balustrade Handrail<\/a><\/li>\r\n<li><a href=\"https:\/\/sinoextrud.com\/product\/aluminum-extruded-products\/\" target=\"_blank\">Aluminum Extruded Products<\/a><\/li>\r\n<li><a href=\"https:\/\/sinoextrud.com\/product\/aluminum-extrusion-channel-profiles\/\" target=\"_blank\">Aluminum Extrusion Channel Profiles<\/a><\/li>\r\n<li><a href=\"https:\/\/sinoextrud.com\/product\/aluminum-extrusion-standards\/\" target=\"_blank\">Aluminum Extrusion Standards<\/a><\/li>\r\n<li><a href=\"https:\/\/sinoextrud.com\/product\/aluminium-6061\/\" target=\"_blank\">Aluminium 6061<\/a><\/li>\r\n<li><a href=\"https:\/\/sinoextrud.com\/product\/powder-coating-aluminium-roller-shutter-profile\/\" target=\"_blank\">Powder Coating Aluminium Roller shutter Profile<\/a><\/li>"},"feature_list":[]},"_links":{"self":[{"href":"https:\/\/sinoextrud.com\/hu\/wp-json\/wp\/v2\/product\/8306","targetHints":{"allow":["GET"]}}],"collection":[{"href":"https:\/\/sinoextrud.com\/hu\/wp-json\/wp\/v2\/product"}],"about":[{"href":"https:\/\/sinoextrud.com\/hu\/wp-json\/wp\/v2\/types\/product"}],"wp:featuredmedia":[{"embeddable":true,"href":"https:\/\/sinoextrud.com\/hu\/wp-json\/wp\/v2\/media\/8305"}],"wp:attachment":[{"href":"https:\/\/sinoextrud.com\/hu\/wp-json\/wp\/v2\/media?parent=8306"}],"wp:term":[{"taxonomy":"category","embeddable":true,"href":"https:\/\/sinoextrud.com\/hu\/wp-json\/wp\/v2\/categories?post=8306"}],"curies":[{"name":"wp","href":"https:\/\/api.w.org\/{rel}","templated":true}]}}