{"id":8302,"date":"2025-06-15T06:04:36","date_gmt":"2025-06-15T06:04:36","guid":{"rendered":"https:\/\/sinoextrud.com\/product\/aluminium-roof-rack-extrusions\/"},"modified":"2025-06-24T06:23:32","modified_gmt":"2025-06-24T06:23:32","slug":"aluminium-tetocsomagtarto-profilok","status":"publish","type":"product","link":"https:\/\/sinoextrud.com\/hu\/product\/aluminium-roof-rack-extrusions\/","title":{"rendered":"Alum\u00ednium tet\u0151csomagtart\u00f3 extrud\u00e1l\u00e1sok"},"content":{"rendered":"<h2>Term\u00e9kek r\u00e9szletei<\/h2>\n<table class=\"custom-table\">\n<tbody>\n<tr>\n<td> T\u00e9tel:<\/td>\n<td> Alum\u00ednium tet\u0151csomagtart\u00f3 extrud\u00e1l\u00e1sok<\/td>\n<td> Oszt\u00e1ly:<\/td>\n<td> 6000-es sorozat<\/td>\n<\/tr>\n<tr>\n<td> Lelkiismeretesen:<\/td>\n<td> T3-T8<\/td>\n<td> Sz\u00e1rmaz\u00e1si hely:<\/td>\n<td> Foshan, Guangdong<\/td>\n<\/tr>\n<tr>\n<td> Alak:<\/td>\n<td> Testreszabott<\/td>\n<td> \u00d6tv\u00f6zet vagy sem:<\/td>\n<td> \u00d6tv\u00f6zet<\/td>\n<\/tr>\n<tr>\n<td> Anyag:<\/td>\n<td> 6063<\/td>\n<td> M\u00e1rka:<\/td>\n<td> Sinoextrud<\/td>\n<\/tr>\n<tr>\n<td> Sz\u00edn:<\/td>\n<td> Testreszabott sz\u00edn<\/td>\n<td> Fel\u00fcletkezel\u00e9s:<\/td>\n<td> Elox\u00e1lt, porsz\u00f3r\u00e1s, csiszolt, homokf\u00fav\u00e1s, fa szemcs\u00e9s<\/td>\n<\/tr>\n<tr>\n<td> Sz\u00e1ll\u00edt\u00e1si id\u0151:<\/td>\n<td> 25-30 nap<\/td>\n<td> MOQ:<\/td>\n<td> 200KG<\/td>\n<\/tr>\n<tr>\n<td> Fizet\u00e9si hat\u00e1rid\u0151:<\/td>\n<td> 30% let\u00e9t, 70% egyenleg sz\u00e1ll\u00edt\u00e1s el\u0151tt<\/td>\n<td> Feldolgoz\u00f3 szolg\u00e1ltat\u00e1s:<\/td>\n<td> Hajl\u00edt\u00e1s, tekercsel\u00e9s, hegeszt\u00e9s, lyukaszt\u00e1s, v\u00e1g\u00e1s<\/td>\n<\/tr>\n<tr>\n<td> Kik\u00f6t\u0151:<\/td>\n<td> Guangzhou, Shenzhen, Foshan<\/td>\n<td> Garancia:<\/td>\n<td> \u00fcgyf\u00e9ltan\u00fas\u00edtv\u00e1ny, mint p\u00e9ld\u00e1ul BV, Soncap, ISO<\/td>\n<\/tr>\n<\/tbody>\n<\/table>\n<h2>Gy\u00e1rt\u00f3 b\u00e1zisunk<\/h2>\n<h3>Gy\u00e1ri panor\u00e1ma<\/h3>\n<p><img decoding=\"async\" src=\"\/wp-content\/uploads\/factory-01.webp\"\/><\/p>\n<h3>Alum\u00ednium r\u00fadgy\u00e1rt\u00f3 m\u0171hely<\/h3>\n<p><img decoding=\"async\" src=\"\/wp-content\/uploads\/factory-02.webp\"\/><\/p>\n<p><img decoding=\"async\" src=\"\/wp-content\/uploads\/factory-03.webp\"\/><\/p>\n<h3>Pen\u00e9sz rakt\u00e1r<\/h3>\n<p><img decoding=\"async\" src=\"\/wp-content\/uploads\/factory-04.webp\"\/><\/p>\n<h3>43 alum\u00ednium extrud\u00e1l\u00f3 vonal (500-5500 tonna)<\/h3>\n<p><img decoding=\"async\" src=\"\/wp-content\/uploads\/factory-05.webp\"\/><\/p>\n<p><img decoding=\"async\" src=\"\/wp-content\/uploads\/factory-06.webp\"\/><\/p>\n<p><img decoding=\"async\" src=\"\/wp-content\/uploads\/factory-07.webp\"\/><\/p>\n<h3>Porfest\u0151 m\u0171hely<\/h3>\n<p><img decoding=\"async\" src=\"\/wp-content\/uploads\/factory-09.webp\"\/><\/p>\n<h3>Anodiz\u00e1l\u00f3 m\u0171hely<\/h3>\n<p><img decoding=\"async\" src=\"\/wp-content\/uploads\/factory-10.webp\"\/><\/p>\n<h3>M\u00e9ly feldolgoz\u00e1si m\u0171hely<\/h3>\n<p><img decoding=\"async\" src=\"\/wp-content\/uploads\/factory-11.webp\"\/><\/p>\n<h3>CNC prec\u00edzi\u00f3s megmunk\u00e1l\u00f3 m\u0171hely<\/h3>\n<p><img decoding=\"async\" src=\"\/wp-content\/uploads\/factory-11.5.webp\"\/><\/p>\n<h3>K\u00e9szterm\u00e9k \u00e9s export rakt\u00e1r<\/h3>\n<p><img decoding=\"async\" src=\"\/wp-content\/uploads\/factory-12.webp\"\/><\/p>\n<p><img decoding=\"async\" src=\"\/wp-content\/uploads\/factory-13.webp\"\/><\/p>\n<p><img decoding=\"async\" src=\"\/wp-content\/uploads\/factory-14.webp\"\/><\/p>\n<h2>GYIK<\/h2>\n<p><p><b>1.Mire haszn\u00e1lj\u00e1k az alum\u00ednium tet\u0151csomagtart\u00f3 extrud\u00e1l\u00e1sokat?<\/b><\/p>\n<p>Az alum\u00ednium tet\u0151csomagtart\u00f3 extrud\u00e1l\u00e1sokat er\u0151s, k\u00f6nny\u0171 \u00e9s tart\u00f3s tet\u0151csomagtart\u00f3 rendszerek l\u00e9trehoz\u00e1s\u00e1ra haszn\u00e1lj\u00e1k a j\u00e1rm\u0171vekhez, amelyek biztons\u00e1gos m\u00f3dot biztos\u00edtanak a felszerel\u00e9s \u00e9s a rakom\u00e1ny sz\u00e1ll\u00edt\u00e1s\u00e1ra.<br \/>\n<\/p><br \/>\n<br \/>\n<p><b>2.Mi\u00e9rt ide\u00e1lis az alum\u00ednium a tet\u0151csomagtart\u00f3 extrud\u00e1l\u00e1s\u00e1hoz?<\/b><\/p>\n<p>Az alum\u00ednium k\u00f6nny\u0171, er\u0151s \u00e9s korr\u00f3zi\u00f3\u00e1ll\u00f3, \u00edgy t\u00f6k\u00e9letesen alkalmas olyan tet\u0151csomagtart\u00f3khoz, amelyeknek neh\u00e9z terheket kell elviselni\u00fck, mik\u00f6zben ellen\u00e1llnak az id\u0151j\u00e1r\u00e1s viszontags\u00e1gainak.<br \/>\n<\/p><br \/>\n<br \/>\n<p><b>3.Can alum\u00ednium tet\u0151csomagtart\u00f3 extrud\u00e1l\u00e1s testre szabhat\u00f3?<\/b><\/p>\n<p>Igen, ezek a sajtolt term\u00e9kek m\u00e9ret\u00fck, alakjuk \u00e9s kialak\u00edt\u00e1suk tekintet\u00e9ben testre szabhat\u00f3k, hogy illeszkedjenek az adott j\u00e1rm\u0171vekhez \u00e9s megfeleljenek a k\u00fcl\u00f6nleges terhel\u00e9si k\u00f6vetelm\u00e9nyeknek.<br \/>\n<\/p><br \/>\n<br \/>\n<p><b>4.Hogyan el\u0151ny\u00f6s a korr\u00f3zi\u00f3\u00e1ll\u00f3s\u00e1g az alum\u00ednium tet\u0151csomagtart\u00f3 extrud\u00e1l\u00e1sok sz\u00e1m\u00e1ra?<\/b><\/p>\n<p>A korr\u00f3zi\u00f3\u00e1ll\u00f3s\u00e1g biztos\u00edtja, hogy a tet\u0151csomagtart\u00f3 extrud\u00e1lt r\u00e9szei m\u0171k\u00f6d\u0151k\u00e9pesek \u00e9s eszt\u00e9tikusak maradjanak m\u00e9g akkor is, ha hosszabb ideig ki vannak t\u00e9ve es\u0151nek, h\u00f3nak \u00e9s napf\u00e9nynek.<br \/>\n<\/p><br \/>\n<br \/>\n<p><b>5.K\u00f6nnyen telep\u00edthet\u0151k ezek az extrud\u00e1l\u00e1sok?<\/b><\/p>\n<p>Igen, az alum\u00ednium tet\u0151csomagtart\u00f3 extrud\u00e1l\u00e1sokat egyszer\u0171 telep\u00edt\u00e9sre tervezt\u00e9k, az alkatr\u00e9szek gyorsan \u00f6sszeszerelhet\u0151k, \u00edgy cs\u00f6kkentve a munkaer\u0151k\u00f6lts\u00e9geket \u00e9s a telep\u00edt\u00e9si id\u0151t.<br \/>\n<\/p><br \/>\n<br \/>\n<p><b>6.Hogyan jav\u00edtj\u00e1k az alum\u00ednium tet\u0151csomagtart\u00f3 extrud\u00e1l\u00e1sok a j\u00e1rm\u0171 rakod\u00f3kapacit\u00e1s\u00e1t?<\/b><\/p>\n<p>Ezek a profilok er\u0151s \u00e9s biztons\u00e1gos alapot biztos\u00edtanak az extra rakom\u00e1ny sz\u00e1ll\u00edt\u00e1s\u00e1ra, lehet\u0151v\u00e9 t\u00e9ve a j\u00e1rm\u0171vek sz\u00e1m\u00e1ra, hogy a berendez\u00e9sek \u00e9s \u00e1ruk sz\u00e9lesebb k\u00f6r\u00e9t sz\u00e1ll\u00edts\u00e1k.<br \/>\n<\/p><br \/>\n<br \/>\n<p><b>7.Milyen ipar\u00e1gak sz\u00e1m\u00e1ra el\u0151ny\u00f6s az alum\u00ednium tet\u0151csomagtart\u00f3 extrud\u00e1l\u00e1s?<\/b><\/p>\n<p>Az olyan ipar\u00e1gak, mint az aut\u00f3ipar, a k\u00f6zleked\u00e9s, a kemping \u00e9s a szabadt\u00e9ri sportok profit\u00e1lnak az alum\u00ednium tet\u0151csomagtart\u00f3 extrud\u00e1l\u00e1sok \u00e1ltal k\u00edn\u00e1lt szil\u00e1rds\u00e1gb\u00f3l, sokoldal\u00fas\u00e1gb\u00f3l \u00e9s testreszab\u00e1si lehet\u0151s\u00e9gekb\u0151l.<br \/>\n<\/p><br \/><\/p>","protected":false},"featured_media":8301,"template":"","categories":[54],"class_list":["post-8302","product","type-product","status-publish","has-post-thumbnail","hentry","category-industrial-aluminum-profiles"],"meta_box":{"hilight_text_group":{"product_hilight_text":"<li>Lightweight yet durable design, perfect for roof rack systems in automotive and transport industries.<\/li>\r\r\n<li>Corrosion-resistant aluminum ensures long-lasting performance in outdoor and weather-exposed conditions.<\/li>\r\r\n<li>Customizable profiles to meet specific size and weight requirements for different vehicles.<\/li>\r\r\n<li>Easy to install, saving time and reducing labor costs during assembly.<\/li>\r\r\n<li>Provides a flexible and strong foundation for carrying various loads safely and securely.<\/li>","product_chanpin_blog":"<ul>\r\r\n<li><a href=\"https:\/\/sinoextrud.com\/t-slot-v-slot-differences\/\" target=\"_blank\">t slot vs v slot<\/a><\/li>\r\r\n<li><a href=\"https:\/\/sinoextrud.com\/what-is-4040-aluminium-extrud\/\" target=\"_blank\">4040 aluminium extrusion<\/a><\/li>\r\r\n<li><a href=\"https:\/\/sinoextrud.com\/what-is-4040-aluminium-extrud\/\" target=\"_blank\">aluminum extrusions for industrial racks<\/a><\/li>\r\r\n<li><a href=\"https:\/\/sinoextrud.com\/powder-coating-aluminium-process\/\" target=\"_blank\">powder coating aluminium<\/a><\/li>\r\r\n<li><a href=\"https:\/\/sinoextrud.com\/what-is-an-aluminium-strip-ceiling\/\" target=\"_blank\">aluminium strip ceiling<\/a><\/li>\r\r\n<li><a href=\"https:\/\/sinoextrud.com\/what-is-a-heat-sink\/\" target=\"_blank\">what is a heat sink<\/a><\/li>\r\r\n<\/ul>","product_chanpin_chanpin":"<li><a href=\"https:\/\/sinoextrud.com\/product\/aluminium-extrusion-moulding\/\" target=\"_blank\">Aluminium Extrusion Moulding<\/a><\/li>\r\n<li><a href=\"https:\/\/sinoextrud.com\/product\/aluminium-profile-case\/\" target=\"_blank\">Aluminium Profile Case<\/a><\/li>\r\n<li><a href=\"https:\/\/sinoextrud.com\/product\/aluminium-profile-for-clean-room\/\" target=\"_blank\">Aluminium Profile For Clean Room<\/a><\/li>\r\n<li><a href=\"https:\/\/sinoextrud.com\/product\/aluminium-profile-workbench\/\" target=\"_blank\">Aluminium Profile Workbench<\/a><\/li>\r\n<li><a href=\"https:\/\/sinoextrud.com\/product\/aluminium-roof-rack-extrusions\/\" target=\"_blank\">Aluminium Roof Rack Extrusions<\/a><\/li>\r\n<li><a href=\"https:\/\/sinoextrud.com\/product\/aluminium-seamless-pipe\/\" target=\"_blank\">Aluminium Seamless Pipe<\/a><\/li>\r\n<li><a href=\"https:\/\/sinoextrud.com\/product\/aluminum-alloy-section\/\" target=\"_blank\">Aluminum Alloy Section<\/a><\/li>\r\n<li><a href=\"https:\/\/sinoextrud.com\/product\/aluminum-balustrade-handrail\/\" target=\"_blank\">Aluminum Balustrade Handrail<\/a><\/li>\r\n<li><a href=\"https:\/\/sinoextrud.com\/product\/aluminum-extruded-products\/\" target=\"_blank\">Aluminum Extruded Products<\/a><\/li>\r\n<li><a href=\"https:\/\/sinoextrud.com\/product\/aluminum-profile-manufacturer\/\" target=\"_blank\">Aluminum Profile Manufacturer<\/a><\/li>\r\n<li><a href=\"https:\/\/sinoextrud.com\/product\/wall-surface-edging-protection-skirtboard-baseboard-kicking-line-aluminium-profile\/\" target=\"_blank\">Wall surface edging protection Skirtboard Baseboard Kicking line aluminium profile<\/a><\/li>"},"feature_list":[]},"_links":{"self":[{"href":"https:\/\/sinoextrud.com\/hu\/wp-json\/wp\/v2\/product\/8302","targetHints":{"allow":["GET"]}}],"collection":[{"href":"https:\/\/sinoextrud.com\/hu\/wp-json\/wp\/v2\/product"}],"about":[{"href":"https:\/\/sinoextrud.com\/hu\/wp-json\/wp\/v2\/types\/product"}],"wp:featuredmedia":[{"embeddable":true,"href":"https:\/\/sinoextrud.com\/hu\/wp-json\/wp\/v2\/media\/8301"}],"wp:attachment":[{"href":"https:\/\/sinoextrud.com\/hu\/wp-json\/wp\/v2\/media?parent=8302"}],"wp:term":[{"taxonomy":"category","embeddable":true,"href":"https:\/\/sinoextrud.com\/hu\/wp-json\/wp\/v2\/categories?post=8302"}],"curies":[{"name":"wp","href":"https:\/\/api.w.org\/{rel}","templated":true}]}}