{"id":8279,"date":"2025-06-14T06:46:37","date_gmt":"2025-06-14T06:46:37","guid":{"rendered":"https:\/\/sinoextrud.com\/product\/aerospace-aluminum-extrusions\/"},"modified":"2025-06-24T06:23:29","modified_gmt":"2025-06-24T06:23:29","slug":"repulogepipari-aluminium-extrudalt-termekek","status":"publish","type":"product","link":"https:\/\/sinoextrud.com\/hu\/product\/aerospace-aluminum-extrusions\/","title":{"rendered":"Rep\u00fcl\u0151g\u00e9pipari alum\u00ednium extrud\u00e1l\u00e1s"},"content":{"rendered":"<h2>Term\u00e9kek r\u00e9szletei<\/h2>\n<table class=\"custom-table\">\n<tr>\n<td class=\"label\">N\u00e9v<\/td>\n<td>Rep\u00fcl\u0151g\u00e9pipari alum\u00ednium extrud\u00e1lt term\u00e9kek<\/td>\n<\/tr>\n<tr>\n<td class=\"label\">M\u00e1rka<\/td>\n<td>Sinoextrud\/Sinoextrud<\/td>\n<\/tr>\n<tr>\n<td class=\"label\">Kateg\u00f3ria<\/td>\n<td>Alum\u00ednium extrud\u00e1l\u00e1s<\/td>\n<\/tr>\n<tr>\n<td class=\"label\">Anyag<\/td>\n<td>7075-T6, 6000-es sorozat, 1000-es \u00e9s 3000-es sorozat \u00e1ll rendelkez\u00e9sre<\/td>\n<\/tr>\n<tr>\n<td class=\"label\">Temper<\/td>\n<td>T5-T8<\/td>\n<\/tr>\n<tr>\n<td class=\"label\">Hossz\u00fas\u00e1g<\/td>\n<td>A rajz szerint<\/td>\n<\/tr>\n<tr>\n<td class=\"label\">M\u00e9ret (mm)<\/td>\n<td>Testreszabott<\/td>\n<\/tr>\n<tr>\n<td class=\"label\">Shape<\/td>\n<td>Testreszab\u00e1s<\/td>\n<\/tr>\n<tr>\n<td class=\"label\">Fel\u00fcletkezel\u00e9s<\/td>\n<td>Er\u0151bevonat; Malom k\u00e9sz, elox\u00e1lt, homokf\u00fav\u00e1s, elektrofor\u00e9zis is rendelkez\u00e9sre \u00e1ll.<\/td>\n<\/tr>\n<tr>\n<td class=\"label\">Sz\u00ednes<\/td>\n<td>Ez\u00fcst, fekete, arany, Champange, bronz, piros. k\u00e9k \u00e9s testre szabhatjuk a sz\u00edneket az \u00fcgyfelek mint\u00e1i alapj\u00e1n.<\/td>\n<\/tr>\n<tr>\n<td class=\"label\">Garancia<\/td>\n<td>BV , TUV ,ISO<\/td>\n<\/tr>\n<tr>\n<td class=\"label\">Standard<\/td>\n<td>K\u00f6zepes \u00e9s magas min\u0151s\u00e9g<\/td>\n<\/tr>\n<tr>\n<td class=\"label\">MOQ<\/td>\n<td>200KGS minden egyes t\u00e9telre<\/td>\n<\/tr>\n<tr>\n<td class=\"label\">A  c\u00edmr\u0151l<\/td>\n<td>Guangdong, K\u00edna<\/td>\n<\/tr>\n<tr>\n<td class=\"label\">Alkalmaz\u00e1s<\/td>\n<td>Rep\u00fcl\u0151g\u00e9pipar<\/td>\n<\/tr>\n<tr>\n<td class=\"label\">M\u00e9lyrehat\u00f3 feldolgoz\u00e1s<\/td>\n<td>V\u00e1g\u00e1s, f\u00far\u00e1s, megmunk\u00e1l\u00e1s, lyukaszt\u00e1s, hajl\u00edt\u00e1s, csapol\u00e1s stb.<\/td>\n<\/tr>\n<tr>\n<td class=\"label\">Csomag<\/td>\n<td>Bel\u00fcl v\u00e9d\u0151f\u00f3li\u00e1val, zsugorf\u00f3li\u00e1val vagy PE-habbal. K\u00edv\u00fcl doboz, karton vagy fakeret, vagy testreszab\u00e1s.<\/td>\n<\/tr>\n<tr>\n<td class=\"label\">Sz\u00e1ll\u00edt\u00e1si id\u0151<\/td>\n<td>A forma fejleszt\u00e9se \u00e9s a minta kialak\u00edt\u00e1sa 12-18 nap, majd a gy\u00e1rt\u00e1s id\u0151tartama 25-30 nap a vev\u0151 let\u00e9tbe helyez\u00e9se ut\u00e1n.<\/td>\n<\/tr>\n<tr>\n<td class=\"label\">Term\u00e9kkapacit\u00e1s<\/td>\n<td>15 000 tonna\/h\u00f3<\/td>\n<\/tr>\n<tr>\n<td class=\"label\"><\/td>\n<td><\/td>\n<\/tr>\n<tr>\n<td class=\"label\"><\/td>\n<td><\/td>\n<\/tr>\n<\/table>\n<h2>Gy\u00e1rt\u00f3 b\u00e1zisunk<\/h2>\n<h3>Gy\u00e1ri panor\u00e1ma<\/h3>\n<p><img decoding=\"async\" src=\"\/wp-content\/uploads\/factory-01.webp\"\/><\/p>\n<h3>Alum\u00ednium r\u00fadgy\u00e1rt\u00f3 m\u0171hely<\/h3>\n<p><img decoding=\"async\" src=\"\/wp-content\/uploads\/factory-02.webp\"\/><\/p>\n<p><img decoding=\"async\" src=\"\/wp-content\/uploads\/factory-03.webp\"\/><\/p>\n<h3>Pen\u00e9sz rakt\u00e1r<\/h3>\n<p><img decoding=\"async\" src=\"\/wp-content\/uploads\/factory-04.webp\"\/><\/p>\n<h3>43 alum\u00ednium extrud\u00e1l\u00f3 vonal (500-5500 tonna)<\/h3>\n<p><img decoding=\"async\" src=\"\/wp-content\/uploads\/factory-05.webp\"\/><\/p>\n<p><img decoding=\"async\" src=\"\/wp-content\/uploads\/factory-06.webp\"\/><\/p>\n<p><img decoding=\"async\" src=\"\/wp-content\/uploads\/factory-07.webp\"\/><\/p>\n<h3>Porfest\u0151 m\u0171hely<\/h3>\n<p><img decoding=\"async\" src=\"\/wp-content\/uploads\/factory-09.webp\"\/><\/p>\n<h3>Anodiz\u00e1l\u00f3 m\u0171hely<\/h3>\n<p><img decoding=\"async\" src=\"\/wp-content\/uploads\/factory-10.webp\"\/><\/p>\n<h3>M\u00e9ly feldolgoz\u00e1si m\u0171hely<\/h3>\n<p><img decoding=\"async\" src=\"\/wp-content\/uploads\/factory-11.webp\"\/><\/p>\n<h3>CNC prec\u00edzi\u00f3s megmunk\u00e1l\u00f3 m\u0171hely<\/h3>\n<p><img decoding=\"async\" src=\"\/wp-content\/uploads\/factory-11.5.webp\"\/><\/p>\n<h3>K\u00e9szterm\u00e9k \u00e9s export rakt\u00e1r<\/h3>\n<p><img decoding=\"async\" src=\"\/wp-content\/uploads\/factory-12.webp\"\/><\/p>\n<p><img decoding=\"async\" src=\"\/wp-content\/uploads\/factory-13.webp\"\/><\/p>\n<p><img decoding=\"async\" src=\"\/wp-content\/uploads\/factory-14.webp\"\/><\/p>\n<h2>GYIK<\/h2>\n<p><p><b>1.What a rep\u00fcl\u0151g\u00e9pipari alum\u00ednium extrud\u00e1l\u00e1sok haszn\u00e1lj\u00e1k?<\/b><\/p>\n<p>Az \u0171rhaj\u00f3z\u00e1si alum\u00ednium extrud\u00e1l\u00e1sokat k\u00f6nny\u0171, er\u0151s \u00e9s tart\u00f3s alkatr\u00e9szek gy\u00e1rt\u00e1s\u00e1ra haszn\u00e1lj\u00e1k az \u0171rhaj\u00f3z\u00e1si szerkezetekhez, p\u00e9ld\u00e1ul sz\u00e1rnyakhoz, t\u00f6rzsekhez \u00e9s t\u00e1maszokhoz.<br \/>\n<\/p><br \/>\n<br \/>\n<p><b>2.Mi\u00e9rt el\u0151ny\u00f6s az \u0171rhaj\u00f3z\u00e1si alum\u00ednium extrud\u00e1l\u00e1s az \u0171rhaj\u00f3z\u00e1si alkalmaz\u00e1sokban?<\/b><\/p>\n<p>Az \u0171rhaj\u00f3z\u00e1si alum\u00ednium extrud\u00e1l\u00e1s nagy szil\u00e1rds\u00e1g\/t\u00f6meg ar\u00e1nyt, kiv\u00e1l\u00f3 f\u00e1rad\u00e1s\u00e1ll\u00f3s\u00e1got \u00e9s korr\u00f3zi\u00f3\u00e1ll\u00f3s\u00e1got k\u00edn\u00e1l, \u00edgy ide\u00e1lis az ig\u00e9nyes \u0171rhaj\u00f3z\u00e1si k\u00f6rnyezetekhez.<br \/>\n<\/p><br \/>\n<br \/>\n<p><b>3.What teszi Aerospace Alum\u00ednium Extrusions korr\u00f3zi\u00f3\u00e1ll\u00f3?<\/b><\/p>\n<p>Az \u0171rhaj\u00f3z\u00e1si alum\u00ednium extrud\u00e1l\u00e1sok kiv\u00e1l\u00f3 min\u0151s\u00e9g\u0171 alum\u00ednium\u00f6tv\u00f6zetekb\u0151l k\u00e9sz\u00fclnek, amelyek term\u00e9szetes korr\u00f3zi\u00f3\u00e1ll\u00f3s\u00e1got biztos\u00edtanak, \u00edgy hossz\u00fa t\u00e1v\u00fa teljes\u00edtm\u00e9nyt ny\u00fajtanak sz\u00e9ls\u0151s\u00e9ges k\u00f6rnyezeti k\u00f6r\u00fclm\u00e9nyek k\u00f6z\u00f6tt is.<br \/>\n<\/p><br \/>\n<br \/>\n<p><b>4.Can Aerospace alum\u00ednium extrud\u00e1l\u00e1s testreszabhat\u00f3 egyedi projektekhez?<\/b><\/p>\n<p>Igen, az \u0171rhaj\u00f3z\u00e1si alum\u00ednium extrud\u00e1l\u00e1sok speci\u00e1lis profilokra, m\u00e9retekre \u00e9s form\u00e1kra szabhat\u00f3k, hogy megfeleljenek a k\u00fcl\u00f6nb\u00f6z\u0151 \u0171rhaj\u00f3z\u00e1si alkalmaz\u00e1sok pontos ig\u00e9nyeinek.<br \/>\n<\/p><br \/>\n<br \/>\n<p><b>5.Hogyan kezeli az \u0171rhaj\u00f3z\u00e1si alum\u00ednium extrud\u00e1l\u00e1s a nagy ig\u00e9nybev\u00e9tel\u0171 k\u00f6rnyezeteket?<\/b><\/p>\n<p>Az \u0171rhaj\u00f3z\u00e1si alum\u00ednium extrud\u00e1l\u00e1st \u00fagy tervezt\u00e9k, hogy kiv\u00e9teles szerkezeti integrit\u00e1st \u00e9s f\u00e1rad\u00e1si ellen\u00e1ll\u00e1st biztos\u00edtson, \u00edgy biztos\u00edtva, hogy j\u00f3l teljes\u00edtsen a nagy ig\u00e9nybev\u00e9telnek \u00e9s nagy nyom\u00e1snak kitett \u0171rhaj\u00f3z\u00e1si k\u00f6rnyezetben.<br \/>\n<\/p><br \/>\n<br \/>\n<p><b>6.Is Aerospace alum\u00ednium extrud\u00e1l\u00e1s k\u00f6nny\u0171 gy\u00e1rtani \u00e9s g\u00e9p?<\/b><\/p>\n<p>Igen, az \u0171rhaj\u00f3z\u00e1si alum\u00ednium extrud\u00e1l\u00e1sok k\u00f6nnyen gy\u00e1rthat\u00f3k, hegeszthet\u0151k \u00e9s megmunk\u00e1lhat\u00f3k, rugalmass\u00e1got biztos\u00edtanak az \u00f6sszetett formatervez\u00e9shez \u00e9s a rep\u00fcl\u0151g\u00e9p-alkatr\u00e9szek hat\u00e9kony gy\u00e1rt\u00e1s\u00e1hoz.<br \/>\n<\/p><br \/>\n<br \/>\n<p><b>7.How hossz\u00fa ideig tartanak az \u0171rkutat\u00e1si alum\u00ednium extrud\u00e1l\u00e1sok?<\/b><\/p>\n<p>Az \u0171rkutat\u00e1si alum\u00ednium extrud\u00e1l\u00e1sokat tart\u00f3ss\u00e1gra \u00e9s hossz\u00fa t\u00e1v\u00fa teljes\u00edtm\u00e9nyre tervezt\u00e9k, megb\u00edzhat\u00f3 szolg\u00e1ltat\u00e1st ny\u00fajtva m\u00e9g a legig\u00e9nyesebb \u0171rkutat\u00e1si k\u00f6r\u00fclm\u00e9nyek k\u00f6z\u00f6tt is.<br \/>\n<\/p><br \/><\/p>","protected":false},"featured_media":8278,"template":"","categories":[54],"class_list":["post-8279","product","type-product","status-publish","has-post-thumbnail","hentry","category-industrial-aluminum-profiles"],"meta_box":{"hilight_text_group":{"product_hilight_text":"<li>Aerospace Aluminum Extrusions provide high-strength, lightweight solutions essential for aerospace applications.<\/li>\r\r\n<li>Corrosion-resistant properties ensure long-lasting performance even in harsh aerospace environments.<\/li>\r\r\n<li>Customizable profiles and shapes to meet specific design and structural requirements in the aerospace industry.<\/li>\r\r\n<li>Excellent fatigue resistance and structural integrity, making it ideal for high-stress environments.<\/li>\r\r\n<li>Ease of fabrication and machining offers flexibility for complex aerospace component manufacturing.<\/li>","product_chanpin_blog":"<ul>\r\r\n<li><a href=\"https:\/\/sinoextrud.com\/t-slot-v-slot-differences\/\" target=\"_blank\">t slot vs v slot<\/a><\/li>\r\r\n<li><a href=\"https:\/\/sinoextrud.com\/what-is-4040-aluminium-extrud\/\" target=\"_blank\">4040 aluminium extrusion<\/a><\/li>\r\r\n<li><a href=\"https:\/\/sinoextrud.com\/what-is-4040-aluminium-extrud\/\" target=\"_blank\">aluminum extrusions for industrial racks<\/a><\/li>\r\r\n<li><a href=\"https:\/\/sinoextrud.com\/powder-coating-aluminium-process\/\" target=\"_blank\">powder coating aluminium<\/a><\/li>\r\r\n<li><a href=\"https:\/\/sinoextrud.com\/what-is-an-aluminium-strip-ceiling\/\" target=\"_blank\">aluminium strip ceiling<\/a><\/li>\r\r\n<li><a href=\"https:\/\/sinoextrud.com\/what-is-a-heat-sink\/\" target=\"_blank\">what is a heat sink<\/a><\/li>\r\r\n<\/ul>","product_chanpin_chanpin":"<li><a href=\"https:\/\/sinoextrud.com\/product\/solar-frames-aluminum-extrusions\/\" target=\"_blank\">Solar Frames Aluminum Extrusions<\/a><\/li>\r\n<li><a href=\"https:\/\/sinoextrud.com\/product\/6061-aluminum-extrusion-round-tube-for-industry\/\" target=\"_blank\">6061 Aluminum Extrusion Round Tube For Industry<\/a><\/li>\r\n<li><a href=\"https:\/\/sinoextrud.com\/product\/6061-aluminum-price-per-pound-best-quality-anodized-t-slot-aluminum-profile-extrusion-framing-track\/\" target=\"_blank\">6061 aluminum price per pound best quality anodized t-slot aluminum profile extrusion framing track<\/a><\/li>\r\n<li><a href=\"https:\/\/sinoextrud.com\/product\/6061-t5-l-shape-aluminum-profile-bar-customized-40x40-extruded-aluminum-angle-profile\/\" target=\"_blank\">6061-t5 L Shape Aluminum Profile Bar Customized 40\u00c3\u201440 Extruded Aluminum Angle Profile<\/a><\/li>\r\n<li><a href=\"https:\/\/sinoextrud.com\/product\/aerospace-aluminum-extrusions\/\" target=\"_blank\">Aerospace Aluminum Extrusions<\/a><\/li>\r\n<li><a href=\"https:\/\/sinoextrud.com\/product\/aluminium-extrusion-case\/\" target=\"_blank\">Aluminium Extrusion Case<\/a><\/li>\r\n<li><a href=\"https:\/\/sinoextrud.com\/product\/aluminium-extrusion-moulding\/\" target=\"_blank\">Aluminium Extrusion Moulding<\/a><\/li>\r\n<li><a href=\"https:\/\/sinoextrud.com\/product\/aluminium-profile-case\/\" target=\"_blank\">Aluminium Profile Case<\/a><\/li>\r\n<li><a href=\"https:\/\/sinoextrud.com\/product\/aluminium-profile-for-clean-room\/\" target=\"_blank\">Aluminium Profile For Clean Room<\/a><\/li>\r\n<li><a href=\"https:\/\/sinoextrud.com\/product\/top-grade-expanded-metal-aluminium-profiles-partition-frame-for-doors-and-windows\/\" target=\"_blank\">Top Grade Expanded Metal Aluminium Profiles Partition Frame For Doors And Windows<\/a><\/li>\r\n<li><a href=\"https:\/\/sinoextrud.com\/product\/aluminum-extrusion-baseboard-aluminum-skirting-profile\/\" target=\"_blank\">Aluminum Extrusion Baseboard Aluminum Skirting Profile<\/a><\/li>"},"feature_list":[]},"_links":{"self":[{"href":"https:\/\/sinoextrud.com\/hu\/wp-json\/wp\/v2\/product\/8279","targetHints":{"allow":["GET"]}}],"collection":[{"href":"https:\/\/sinoextrud.com\/hu\/wp-json\/wp\/v2\/product"}],"about":[{"href":"https:\/\/sinoextrud.com\/hu\/wp-json\/wp\/v2\/types\/product"}],"wp:featuredmedia":[{"embeddable":true,"href":"https:\/\/sinoextrud.com\/hu\/wp-json\/wp\/v2\/media\/8278"}],"wp:attachment":[{"href":"https:\/\/sinoextrud.com\/hu\/wp-json\/wp\/v2\/media?parent=8279"}],"wp:term":[{"taxonomy":"category","embeddable":true,"href":"https:\/\/sinoextrud.com\/hu\/wp-json\/wp\/v2\/categories?post=8279"}],"curies":[{"name":"wp","href":"https:\/\/api.w.org\/{rel}","templated":true}]}}