{"id":8271,"date":"2025-06-14T06:40:45","date_gmt":"2025-06-14T06:40:45","guid":{"rendered":"https:\/\/sinoextrud.com\/product\/solar-frames-aluminum-extrusions\/"},"modified":"2025-06-24T06:23:28","modified_gmt":"2025-06-24T06:23:28","slug":"napelemes-keretek-aluminium-extrudalasok","status":"publish","type":"product","link":"https:\/\/sinoextrud.com\/hu\/product\/solar-frames-aluminum-extrusions\/","title":{"rendered":"Solar keretek alum\u00ednium extrud\u00e1l\u00e1s"},"content":{"rendered":"<h2>Term\u00e9kek r\u00e9szletei<\/h2>\n<table class=\"custom-table\">\n<tbody>\n<tr>\n<td> N\u00e9v<\/td>\n<td> Napelemes keretek alum\u00ednium extrud\u00e1l\u00e1sok<\/td>\n<\/tr>\n<tr>\n<td> M\u00e1rka<\/td>\n<td> Sinoextrud\/Sinoextrud<\/td>\n<\/tr>\n<tr>\n<td> Kateg\u00f3ria<\/td>\n<td> Alum\u00ednium szakasz<\/td>\n<\/tr>\n<tr>\n<td> Anyag<\/td>\n<td> A 6063 sz\u00e9les k\u00f6rben haszn\u00e1latos. A 6061, 6463, 6005, 6082 is rendelkez\u00e9sre \u00e1ll.<\/td>\n<\/tr>\n<tr>\n<td> Temper<\/td>\n<td> T5-T8<\/td>\n<\/tr>\n<tr>\n<td> Hossz\u00fas\u00e1g<\/td>\n<td> 5.8m a 20ft , 5.9m \/6.0m a 40'GP, vagy testreszab\u00e1s<\/td>\n<\/tr>\n<tr>\n<td> M\u00e9ret (mm)<\/td>\n<td> K\u00fcl\u00f6nb\u00f6z\u0151 m\u00e9ret\u0171, r\u00e9szletesen kapcsolatba l\u00e9phet.<\/td>\n<\/tr>\n<tr>\n<td> Vastags\u00e1g<\/td>\n<td> Az \u00d6n k\u00e9r\u00e9s\u00e9nek megfelel\u0151en<\/td>\n<\/tr>\n<tr>\n<td> Shape<\/td>\n<td> Testreszab\u00e1s<\/td>\n<\/tr>\n<tr>\n<td> Fel\u00fcletkezel\u00e9s<\/td>\n<td> Malom k\u00e9sz, elox\u00e1lt, homokf\u00fav\u00e1s, elektrofor\u00e9zis, Power bevonat stb.<\/td>\n<\/tr>\n<tr>\n<td> Sz\u00ednes<\/td>\n<td> Ez\u00fcst, fekete, feh\u00e9r, piros, s\u00e1rga, pezsg\u0151 vagy egyedi sz\u00ednben<\/td>\n<\/tr>\n<tr>\n<td> Standard<\/td>\n<td> ASTM, GB, DIN<\/td>\n<\/tr>\n<tr>\n<td> A  c\u00edmr\u0151l<\/td>\n<td> Guangdong, K\u00edna<\/td>\n<\/tr>\n<tr>\n<td> Alkalmaz\u00e1s<\/td>\n<td> Keret, ipar<\/td>\n<\/tr>\n<\/tbody>\n<\/table>\n<h2>Gy\u00e1rt\u00f3 b\u00e1zisunk<\/h2>\n<h3>Gy\u00e1ri panor\u00e1ma<\/h3>\n<p><img decoding=\"async\" src=\"\/wp-content\/uploads\/factory-01.webp\"\/><\/p>\n<h3>Alum\u00ednium r\u00fadgy\u00e1rt\u00f3 m\u0171hely<\/h3>\n<p><img decoding=\"async\" src=\"\/wp-content\/uploads\/factory-02.webp\"\/><\/p>\n<p><img decoding=\"async\" src=\"\/wp-content\/uploads\/factory-03.webp\"\/><\/p>\n<h3>Pen\u00e9sz rakt\u00e1r<\/h3>\n<p><img decoding=\"async\" src=\"\/wp-content\/uploads\/factory-04.webp\"\/><\/p>\n<h3>43 alum\u00ednium extrud\u00e1l\u00f3 vonal (500-5500 tonna)<\/h3>\n<p><img decoding=\"async\" src=\"\/wp-content\/uploads\/factory-05.webp\"\/><\/p>\n<p><img decoding=\"async\" src=\"\/wp-content\/uploads\/factory-06.webp\"\/><\/p>\n<p><img decoding=\"async\" src=\"\/wp-content\/uploads\/factory-07.webp\"\/><\/p>\n<h3>Porfest\u0151 m\u0171hely<\/h3>\n<p><img decoding=\"async\" src=\"\/wp-content\/uploads\/factory-09.webp\"\/><\/p>\n<h3>Anodiz\u00e1l\u00f3 m\u0171hely<\/h3>\n<p><img decoding=\"async\" src=\"\/wp-content\/uploads\/factory-10.webp\"\/><\/p>\n<h3>M\u00e9ly feldolgoz\u00e1si m\u0171hely<\/h3>\n<p><img decoding=\"async\" src=\"\/wp-content\/uploads\/factory-11.webp\"\/><\/p>\n<h3>CNC prec\u00edzi\u00f3s megmunk\u00e1l\u00f3 m\u0171hely<\/h3>\n<p><img decoding=\"async\" src=\"\/wp-content\/uploads\/factory-11.5.webp\"\/><\/p>\n<h3>K\u00e9szterm\u00e9k \u00e9s export rakt\u00e1r<\/h3>\n<p><img decoding=\"async\" src=\"\/wp-content\/uploads\/factory-12.webp\"\/><\/p>\n<p><img decoding=\"async\" src=\"\/wp-content\/uploads\/factory-13.webp\"\/><\/p>\n<p><img decoding=\"async\" src=\"\/wp-content\/uploads\/factory-14.webp\"\/><\/p>\n<h2>GYIK<\/h2>\n<p><p><b>1.What a Solar Frames alum\u00ednium extrud\u00e1l\u00e1sokat haszn\u00e1lj\u00e1k?<\/b><\/p>\n<p>A napelemkeretek Az alum\u00ednium sajtolt alum\u00edniumprofilok tart\u00f3s \u00e9s hat\u00e9kony kereteket hoznak l\u00e9tre a napelemek r\u00f6gz\u00edt\u00e9s\u00e9hez, biztos\u00edtva a napenergia-rendszerek biztons\u00e1gos telep\u00edt\u00e9s\u00e9t.<br \/>\n<\/p><br \/>\n<br \/>\n<p><b>2.Mi\u00e9rt az alum\u00ednium az el\u0151nyben r\u00e9szes\u00edtett anyag a napelemkeretekhez?<\/b><\/p>\n<p>Az alum\u00ednium k\u00f6nny\u0171, korr\u00f3zi\u00f3\u00e1ll\u00f3 \u00e9s kiv\u00e1l\u00f3 szerkezeti tart\u00e1st biztos\u00edt, \u00edgy ide\u00e1lis anyag a hossz\u00fa \u00e9lettartam\u00fa \u00e9s megb\u00edzhat\u00f3 napelemkeretekhez.<br \/>\n<\/p><br \/>\n<br \/>\n<p><b>3.Can Solar keretek alum\u00ednium extrud\u00e1l\u00e1s testreszabhat\u00f3?<\/b><\/p>\n<p>Igen, a Solar Frames alum\u00ednium extrud\u00e1l\u00e1sok testre szabhat\u00f3k az egyedi projektk\u00f6vetelm\u00e9nyekhez, rugalmas hossz\u00fas\u00e1gokat \u00e9s profilokat k\u00edn\u00e1lva a k\u00fcl\u00f6nb\u00f6z\u0151 napelem-konfigur\u00e1ci\u00f3khoz.<br \/>\n<\/p><br \/>\n<br \/>\n<p><b>4.Hogyan ellen\u00e1llnak a Solar Frames alum\u00ednium extrud\u00e1l\u00e1sok a k\u00fclt\u00e9ri k\u00f6r\u00fclm\u00e9nyeknek?<\/b><\/p>\n<p>Az alum\u00ednium korr\u00f3zi\u00f3\u00e1ll\u00f3 tulajdons\u00e1gai biztos\u00edtj\u00e1k, hogy a Solar Frames alum\u00ednium extrud\u00e1l\u00e1sok j\u00f3l teljes\u00edtenek a zord k\u00fclt\u00e9ri k\u00f6rnyezetben, megv\u00e9dve a napelemeket a kop\u00e1st\u00f3l \u00e9s a korr\u00f3zi\u00f3t\u00f3l.<br \/>\n<\/p><br \/>\n<br \/>\n<p><b>5.Milyen el\u0151ny\u00f6kkel j\u00e1r az alum\u00ednium haszn\u00e1lata a h\u0151elvezet\u00e9shez a napelemes berendez\u00e9sekben?<\/b><\/p>\n<p>Az alum\u00ednium kiv\u00e1l\u00f3 h\u0151elvezet\u0151 tulajdons\u00e1gai seg\u00edtenek szab\u00e1lyozni a napelemek h\u0151m\u00e9rs\u00e9klet\u00e9t, jav\u00edtva hat\u00e9konys\u00e1gukat \u00e9s meghosszabb\u00edtva \u00e9lettartamukat a forr\u00f3 \u00e9ghajlaton.<br \/>\n<\/p><br \/>\n<br \/>\n<p><b>6.How k\u00f6nny\u0171 telep\u00edteni a Solar Frames alum\u00ednium extrud\u00e1l\u00e1sokat?<\/b><\/p>\n<p>A Solar Frames alum\u00ednium extrud\u00e1l\u00e1sokat k\u00f6nny\u0171 \u00f6sszeszerel\u00e9sre tervezt\u00e9k, lehet\u0151v\u00e9 t\u00e9ve a napelemek gyors \u00e9s hat\u00e9kony telep\u00edt\u00e9s\u00e9t minim\u00e1lis szersz\u00e1m \u00e9s szak\u00e9rtelem ig\u00e9nybev\u00e9tel\u00e9vel.<br \/>\n<\/p><br \/>\n<br \/>\n<p><b>7.A Solar Frames alum\u00ednium extrud\u00e1l\u00e1s k\u00f6rnyezetbar\u00e1t?<\/b><\/p>\n<p>Igen, az alum\u00ednium \u00fajrahasznos\u00edthat\u00f3 anyag, \u00e9s a Solar Frames alum\u00ednium extrud\u00e1l\u00e1sok haszn\u00e1lata a k\u00f6rnyezeti hat\u00e1sok cs\u00f6kkent\u00e9s\u00e9vel hozz\u00e1j\u00e1rul a napenergia-rendszerek fenntarthat\u00f3s\u00e1g\u00e1hoz.<br \/>\n<\/p><br \/><\/p>","protected":false},"featured_media":8270,"template":"","categories":[54],"class_list":["post-8271","product","type-product","status-publish","has-post-thumbnail","hentry","category-industrial-aluminum-profiles"],"meta_box":{"hilight_text_group":{"product_hilight_text":"<li>Solar Frames Aluminum Extrusions offer high strength and lightweight solutions for mounting solar panels efficiently.<\/li>\r\r\n<li>Corrosion-resistant properties ensure long-term durability in outdoor and harsh environmental conditions.<\/li>\r\r\n<li>Easy to assemble and customize, allowing for flexible installation configurations for various solar panel systems.<\/li>\r\r\n<li>Aluminum construction provides excellent heat dissipation, enhancing the overall performance and lifespan of solar installations.<\/li>\r\r\n<li>Recyclable material contributes to environmentally friendly solar energy systems, promoting sustainability.<\/li>","product_chanpin_blog":"<ul>\r\r\n<li><a href=\"https:\/\/sinoextrud.com\/t-slot-v-slot-differences\/\" target=\"_blank\">t slot vs v slot<\/a><\/li>\r\r\n<li><a href=\"https:\/\/sinoextrud.com\/what-is-4040-aluminium-extrud\/\" target=\"_blank\">4040 aluminium extrusion<\/a><\/li>\r\r\n<li><a href=\"https:\/\/sinoextrud.com\/what-is-4040-aluminium-extrud\/\" target=\"_blank\">aluminum extrusions for industrial racks<\/a><\/li>\r\r\n<li><a href=\"https:\/\/sinoextrud.com\/powder-coating-aluminium-process\/\" target=\"_blank\">powder coating aluminium<\/a><\/li>\r\r\n<li><a href=\"https:\/\/sinoextrud.com\/what-is-an-aluminium-strip-ceiling\/\" target=\"_blank\">aluminium strip ceiling<\/a><\/li>\r\r\n<li><a href=\"https:\/\/sinoextrud.com\/what-is-a-heat-sink\/\" target=\"_blank\">what is a heat sink<\/a><\/li>\r\r\n<\/ul>","product_chanpin_chanpin":"<li><a href=\"https:\/\/sinoextrud.com\/product\/round-sunflower-led-light-aluminium-heat-sink\/\" target=\"_blank\">Round Sunflower LED Light Aluminium Heat Sink<\/a><\/li>\r\n<li><a href=\"https:\/\/sinoextrud.com\/product\/profile-square-aluminum-heat-sink\/\" target=\"_blank\">Profile Square Aluminum Heat Sink<\/a><\/li>\r\n<li><a href=\"https:\/\/sinoextrud.com\/product\/triangular-aluminum-extrusion\/\" target=\"_blank\">Triangular Aluminum Extrusion<\/a><\/li>\r\n<li><a href=\"https:\/\/sinoextrud.com\/product\/standard-aluminum-extrusions\/\" target=\"_blank\">Standard Aluminum Extrusions<\/a><\/li>\r\n<li><a href=\"https:\/\/sinoextrud.com\/product\/solar-frames-aluminum-extrusions\/\" target=\"_blank\">Solar Frames Aluminum Extrusions<\/a><\/li>\r\n<li><a href=\"https:\/\/sinoextrud.com\/product\/6061-aluminum-extrusion-round-tube-for-industry\/\" target=\"_blank\">6061 Aluminum Extrusion Round Tube For Industry<\/a><\/li>\r\n<li><a href=\"https:\/\/sinoextrud.com\/product\/6061-aluminum-price-per-pound-best-quality-anodized-t-slot-aluminum-profile-extrusion-framing-track\/\" target=\"_blank\">6061 aluminum price per pound best quality anodized t-slot aluminum profile extrusion framing track<\/a><\/li>\r\n<li><a href=\"https:\/\/sinoextrud.com\/product\/6061-t5-l-shape-aluminum-profile-bar-customized-40x40-extruded-aluminum-angle-profile\/\" target=\"_blank\">6061-t5 L Shape Aluminum Profile Bar Customized 40\u00c3\u201440 Extruded Aluminum Angle Profile<\/a><\/li>\r\n<li><a href=\"https:\/\/sinoextrud.com\/product\/aerospace-aluminum-extrusions\/\" target=\"_blank\">Aerospace Aluminum Extrusions<\/a><\/li>\r\n<li><a href=\"https:\/\/sinoextrud.com\/product\/trapezoidal-type-ceiling-system\/\" target=\"_blank\">Trapezoidal Type Ceiling System<\/a><\/li>\r\n<li><a href=\"https:\/\/sinoextrud.com\/product\/aluminum-extrusion-6061-6063-aluminum-profile-for-lamppost\/\" target=\"_blank\">Aluminum Extrusion 6061 6063 Aluminum Profile For Lamppost<\/a><\/li>"},"feature_list":[]},"_links":{"self":[{"href":"https:\/\/sinoextrud.com\/hu\/wp-json\/wp\/v2\/product\/8271","targetHints":{"allow":["GET"]}}],"collection":[{"href":"https:\/\/sinoextrud.com\/hu\/wp-json\/wp\/v2\/product"}],"about":[{"href":"https:\/\/sinoextrud.com\/hu\/wp-json\/wp\/v2\/types\/product"}],"wp:featuredmedia":[{"embeddable":true,"href":"https:\/\/sinoextrud.com\/hu\/wp-json\/wp\/v2\/media\/8270"}],"wp:attachment":[{"href":"https:\/\/sinoextrud.com\/hu\/wp-json\/wp\/v2\/media?parent=8271"}],"wp:term":[{"taxonomy":"category","embeddable":true,"href":"https:\/\/sinoextrud.com\/hu\/wp-json\/wp\/v2\/categories?post=8271"}],"curies":[{"name":"wp","href":"https:\/\/api.w.org\/{rel}","templated":true}]}}