{"id":8267,"date":"2025-06-14T06:38:00","date_gmt":"2025-06-14T06:38:00","guid":{"rendered":"https:\/\/sinoextrud.com\/product\/triangular-aluminum-extrusion\/"},"modified":"2025-06-24T06:23:27","modified_gmt":"2025-06-24T06:23:27","slug":"haromszog-alaku-aluminium-extrudalas-2","status":"publish","type":"product","link":"https:\/\/sinoextrud.com\/hu\/product\/triangular-aluminum-extrusion\/","title":{"rendered":"H\u00e1romsz\u00f6g alak\u00fa alum\u00ednium extrud\u00e1l\u00e1s"},"content":{"rendered":"<h2>Term\u00e9kek r\u00e9szletei<\/h2>\n<table class=\"custom-table\">\n<tr>\n<td class=\"label\">T\u00e9tel<\/td>\n<td>H\u00e1romsz\u00f6g alak\u00fa alum\u00ednium extrud\u00e1l\u00e1s<\/td>\n<\/tr>\n<tr>\n<td class=\"label\">Temper<\/td>\n<td>T5-T8<\/td>\n<\/tr>\n<tr>\n<td class=\"label\">Folyamat\u00e1raml\u00e1s<\/td>\n<td>Mould Development-Aluminium Billets-f\u0171t\u00e9s Up-form\u00e1z\u00e1s nyers alum\u00ednium-anodiz\u00e1lt por bevonat\u00fa<\/td>\n<\/tr>\n<tr>\n<td class=\"label\">Jellemz\u0151<\/td>\n<td>1. tiszta \u00e9s sz\u00e9p finom vonalak a fel\u00fcleten.<br \/>\n2. Nemzeti szabv\u00e1nyos alum\u00ednium tusk\u00f3kat fogadnak el.<br \/>\n3. Az egyenletes elox\u00e1l\u00e1si folyamatunkkal, amelyet a fel\u00fclet v\u00e9delm\u00e9re fogadunk el.<br \/>\n4. Kis rendel\u00e9s elfogadhat\u00f3.<br \/>\n5. Egyedi extrud\u00e1l\u00e1s az \u00d6n rajz\u00e1nak megfelel\u0151en.<\/td>\n<\/tr>\n<tr>\n<td class=\"label\">Alkalmaz\u00e1s<\/td>\n<td>Ipari, \u00e9p\u00edt\u0151ipar<\/td>\n<\/tr>\n<tr>\n<td class=\"label\">Shape<\/td>\n<td>Testreszab\u00e1s, Solided<\/td>\n<\/tr>\n<tr>\n<td class=\"label\">Fel\u00fcletkezel\u00e9s<\/td>\n<td>Fr\u00f6ccs\u00f6nt\u00f6tt, elox\u00e1lt, Power bevonat, homokf\u00fav\u00e1s, elektrofor\u00e9zis, csiszol\u00e1s, pol\u00edroz\u00e1s,<\/td>\n<\/tr>\n<tr>\n<td class=\"label\">Sz\u00ednes<\/td>\n<td>Ez\u00fcst, fekete, arany, pezsg\u0151, bronz, piros, k\u00e9k;<br \/>\na sz\u00edneket az \u00fcgyfelek mint\u00e1i alapj\u00e1n testreszabhatjuk<\/td>\n<\/tr>\n<tr>\n<td class=\"label\">M\u00e9lyrehat\u00f3 feldolgoz\u00e1s<\/td>\n<td>V\u00e1g\u00e1s, f\u00far\u00e1s, megmunk\u00e1l\u00e1s, lyukaszt\u00e1s, hajl\u00edt\u00e1s, csapol\u00e1s stb.<\/td>\n<\/tr>\n<tr>\n<td class=\"label\">Garancia<\/td>\n<td>ISO: 9001, SONCAP , BV tan\u00fas\u00edtv\u00e1ny, TUV, SGS vagy \u00fcgyfelek tan\u00fas\u00edtv\u00e1nya \u00e1ll rendelkez\u00e9sre<\/td>\n<\/tr>\n<tr>\n<td class=\"label\">MOQ<\/td>\n<td>200KG<\/td>\n<\/tr>\n<tr>\n<td class=\"label\">Sz\u00e1ll\u00edt\u00e1si id\u0151<\/td>\n<td>A szersz\u00e1mok fejleszt\u00e9se \u00e9s a minta kialak\u00edt\u00e1sa 12-15 nap, majd a gy\u00e1rt\u00e1s id\u0151tartama 15-25 nap a vev\u0151 let\u00e9tbe helyez\u00e9se ut\u00e1n.<\/td>\n<\/tr>\n<tr>\n<td class=\"label\">Ingyenes minta<\/td>\n<td>1-3 nap alatt k\u00fcldhet\u0151<\/td>\n<\/tr>\n<\/table>\n<h2>Gy\u00e1rt\u00f3 b\u00e1zisunk<\/h2>\n<h3>Gy\u00e1ri panor\u00e1ma<\/h3>\n<p><img decoding=\"async\" src=\"\/wp-content\/uploads\/factory-01.webp\"\/><\/p>\n<h3>Alum\u00ednium r\u00fadgy\u00e1rt\u00f3 m\u0171hely<\/h3>\n<p><img decoding=\"async\" src=\"\/wp-content\/uploads\/factory-02.webp\"\/><\/p>\n<p><img decoding=\"async\" src=\"\/wp-content\/uploads\/factory-03.webp\"\/><\/p>\n<h3>Pen\u00e9sz rakt\u00e1r<\/h3>\n<p><img decoding=\"async\" src=\"\/wp-content\/uploads\/factory-04.webp\"\/><\/p>\n<h3>43 alum\u00ednium extrud\u00e1l\u00f3 vonal (500-5500 tonna)<\/h3>\n<p><img decoding=\"async\" src=\"\/wp-content\/uploads\/factory-05.webp\"\/><\/p>\n<p><img decoding=\"async\" src=\"\/wp-content\/uploads\/factory-06.webp\"\/><\/p>\n<p><img decoding=\"async\" src=\"\/wp-content\/uploads\/factory-07.webp\"\/><\/p>\n<h3>Porfest\u0151 m\u0171hely<\/h3>\n<p><img decoding=\"async\" src=\"\/wp-content\/uploads\/factory-09.webp\"\/><\/p>\n<h3>Anodiz\u00e1l\u00f3 m\u0171hely<\/h3>\n<p><img decoding=\"async\" src=\"\/wp-content\/uploads\/factory-10.webp\"\/><\/p>\n<h3>M\u00e9ly feldolgoz\u00e1si m\u0171hely<\/h3>\n<p><img decoding=\"async\" src=\"\/wp-content\/uploads\/factory-11.webp\"\/><\/p>\n<h3>CNC prec\u00edzi\u00f3s megmunk\u00e1l\u00f3 m\u0171hely<\/h3>\n<p><img decoding=\"async\" src=\"\/wp-content\/uploads\/factory-11.5.webp\"\/><\/p>\n<h3>K\u00e9szterm\u00e9k \u00e9s export rakt\u00e1r<\/h3>\n<p><img decoding=\"async\" src=\"\/wp-content\/uploads\/factory-12.webp\"\/><\/p>\n<p><img decoding=\"async\" src=\"\/wp-content\/uploads\/factory-13.webp\"\/><\/p>\n<p><img decoding=\"async\" src=\"\/wp-content\/uploads\/factory-14.webp\"\/><\/p>\n<h2>GYIK<\/h2>\n<p><p><b>1.Mik az el\u0151nyei a h\u00e1romsz\u00f6g alak\u00fa alum\u00ednium extrud\u00e1l\u00e1sok haszn\u00e1lat\u00e1nak?<\/b><\/p>\n<p>A h\u00e1romsz\u00f6g alak\u00fa alum\u00ednium extrud\u00e1l\u00e1sok fokozott szerkezeti szil\u00e1rds\u00e1got, k\u00f6nny\u0171 s\u00falyt \u00e9s korr\u00f3zi\u00f3\u00e1ll\u00f3s\u00e1got biztos\u00edtanak, \u00edgy ide\u00e1lisak a legk\u00fcl\u00f6nb\u00f6z\u0151bb alkalmaz\u00e1sokhoz.<br \/>\n<\/p><br \/>\n<br \/>\n<p><b>2.Hogyan jav\u00edtja a h\u00e1romsz\u00f6g alak\u00fa forma a teljes\u00edtm\u00e9nyt?<\/b><\/p>\n<p>Az egyed\u00fcl\u00e1ll\u00f3 h\u00e1romsz\u00f6g alak n\u00f6veli a sajtolt term\u00e9k szerkezeti szil\u00e1rds\u00e1g\u00e1t \u00e9s stabilit\u00e1s\u00e1t, \u00edgy tart\u00f3sabb\u00e1 \u00e9s alkalmasabb\u00e1 v\u00e1lik a nagy terhek hordoz\u00e1s\u00e1ra.<br \/>\n<\/p><br \/>\n<br \/>\n<p><b>3.Milyen anyagot haszn\u00e1lnak a h\u00e1romsz\u00f6g alak\u00fa alum\u00ednium extrud\u00e1l\u00e1shoz?<\/b><\/p>\n<p>Kiv\u00e1l\u00f3 min\u0151s\u00e9g\u0171 alum\u00edniumb\u00f3l k\u00e9sz\u00fclnek, amely k\u00f6nny\u0171, tart\u00f3s \u00e9s korr\u00f3zi\u00f3\u00e1ll\u00f3, \u00edgy hossz\u00fa \u00e9lettartamot biztos\u00edt.<br \/>\n<\/p><br \/>\n<br \/>\n<p><b>4.Can h\u00e1romsz\u00f6g alak\u00fa alum\u00ednium extrud\u00e1l\u00e1s haszn\u00e1lhat\u00f3 egy\u00e9ni projektek?<\/b><\/p>\n<p>Igen, sokoldal\u00fa kialak\u00edt\u00e1suknak k\u00f6sz\u00f6nhet\u0151en az egyedi alkalmaz\u00e1sok sz\u00e9les sk\u00e1l\u00e1j\u00e1ra alkalmasak, bele\u00e9rtve az ipari \u00e9s szerkezeti projekteket is.<br \/>\n<\/p><br \/>\n<br \/>\n<p><b>5.Is a h\u00e1romsz\u00f6g alak\u00fa alum\u00ednium extrud\u00e1l\u00e1s ellen\u00e1ll a korr\u00f3zi\u00f3nak?<\/b><\/p>\n<p>Igen, kiv\u00e1l\u00f3 korr\u00f3zi\u00f3\u00e1ll\u00f3 tulajdons\u00e1gokkal rendelkezik, \u00edgy ide\u00e1lis a zord \u00e9s k\u00fclt\u00e9ri k\u00f6rnyezetben val\u00f3 haszn\u00e1latra.<br \/>\n<\/p><br \/>\n<br \/>\n<p><b>6.How k\u00f6lts\u00e9ghat\u00e9kony a h\u00e1romsz\u00f6g alak\u00fa alum\u00ednium extrud\u00e1l\u00e1s?<\/b><\/p>\n<p>Tart\u00f3ss\u00e1ga, k\u00f6nny\u0171 tulajdons\u00e1gai \u00e9s alacsony karbantart\u00e1si ig\u00e9nye miatt k\u00f6lts\u00e9ghat\u00e9kony megold\u00e1s, ami cs\u00f6kkenti a projekt teljes k\u00f6lts\u00e9g\u00e9t.<br \/>\n<\/p><br \/>\n<br \/>\n<p><b>7.Milyen ipar\u00e1gak r\u00e9szes\u00fclnek a h\u00e1romsz\u00f6g alak\u00fa alum\u00ednium extrud\u00e1l\u00e1sb\u00f3l?<\/b><\/p>\n<p>Sz\u00e9les k\u00f6rben haszn\u00e1lj\u00e1k \u0151ket az \u00e9p\u00edt\u0151iparban, az automatiz\u00e1l\u00e1sban, a keretez\u00e9sben \u00e9s m\u00e1s ipar\u00e1gakban, ahol er\u0151s, testre szabhat\u00f3 szerkezeti elemekre van sz\u00fcks\u00e9g.<br \/>\n<\/p><br \/><\/p>","protected":false},"featured_media":8266,"template":"","categories":[54],"class_list":["post-8267","product","type-product","status-publish","has-post-thumbnail","hentry","category-industrial-aluminum-profiles"],"meta_box":{"hilight_text_group":{"product_hilight_text":"<li>Unique triangular shape provides enhanced structural strength and stability for various applications.<\/li>\r\r\n<li>Lightweight yet durable aluminum material ensures easy handling without compromising strength.<\/li>\r\r\n<li>Versatile design, suitable for a wide range of custom projects and industrial uses.<\/li>\r\r\n<li>Corrosion-resistant properties, offering reliable performance in harsh environments.<\/li>\r\r\n<li>Cost-effective solution for structural framing and support in a variety of industries.<\/li>","product_chanpin_blog":"<ul>\r\r\n<li><a href=\"https:\/\/sinoextrud.com\/t-slot-v-slot-differences\/\" target=\"_blank\">t slot vs v slot<\/a><\/li>\r\r\n<li><a href=\"https:\/\/sinoextrud.com\/what-is-4040-aluminium-extrud\/\" target=\"_blank\">4040 aluminium extrusion<\/a><\/li>\r\r\n<li><a href=\"https:\/\/sinoextrud.com\/what-is-4040-aluminium-extrud\/\" target=\"_blank\">aluminum extrusions for industrial racks<\/a><\/li>\r\r\n<li><a href=\"https:\/\/sinoextrud.com\/powder-coating-aluminium-process\/\" target=\"_blank\">powder coating aluminium<\/a><\/li>\r\r\n<li><a href=\"https:\/\/sinoextrud.com\/what-is-an-aluminium-strip-ceiling\/\" target=\"_blank\">aluminium strip ceiling<\/a><\/li>\r\r\n<li><a href=\"https:\/\/sinoextrud.com\/what-is-a-heat-sink\/\" target=\"_blank\">what is a heat sink<\/a><\/li>\r\r\n<\/ul>","product_chanpin_chanpin":"<li><a href=\"https:\/\/sinoextrud.com\/product\/large-scale-industrial-aluminum-profile\/\" target=\"_blank\">Large Scale Industrial Aluminum Profile<\/a><\/li>\r\n<li><a href=\"https:\/\/sinoextrud.com\/product\/solar-aluminium-profile-2\/\" target=\"_blank\">Solar Aluminium Profile<\/a><\/li>\r\n<li><a href=\"https:\/\/sinoextrud.com\/product\/round-sunflower-led-light-aluminium-heat-sink\/\" target=\"_blank\">Round Sunflower LED Light Aluminium Heat Sink<\/a><\/li>\r\n<li><a href=\"https:\/\/sinoextrud.com\/product\/profile-square-aluminum-heat-sink\/\" target=\"_blank\">Profile Square Aluminum Heat Sink<\/a><\/li>\r\n<li><a href=\"https:\/\/sinoextrud.com\/product\/triangular-aluminum-extrusion\/\" target=\"_blank\">Triangular Aluminum Extrusion<\/a><\/li>\r\n<li><a href=\"https:\/\/sinoextrud.com\/product\/standard-aluminum-extrusions\/\" target=\"_blank\">Standard Aluminum Extrusions<\/a><\/li>\r\n<li><a href=\"https:\/\/sinoextrud.com\/product\/solar-frames-aluminum-extrusions\/\" target=\"_blank\">Solar Frames Aluminum Extrusions<\/a><\/li>\r\n<li><a href=\"https:\/\/sinoextrud.com\/product\/6061-aluminum-extrusion-round-tube-for-industry\/\" target=\"_blank\">6061 Aluminum Extrusion Round Tube For Industry<\/a><\/li>\r\n<li><a href=\"https:\/\/sinoextrud.com\/product\/6061-aluminum-price-per-pound-best-quality-anodized-t-slot-aluminum-profile-extrusion-framing-track\/\" target=\"_blank\">6061 aluminum price per pound best quality anodized t-slot aluminum profile extrusion framing track<\/a><\/li>\r\n<li><a href=\"https:\/\/sinoextrud.com\/product\/aluminum-slatwall-panel-insert-profile\/\" target=\"_blank\">Aluminum Slatwall Panel Insert Profile<\/a><\/li>\r\n<li><a href=\"https:\/\/sinoextrud.com\/product\/oem-aluminium-extrusion-profile-for-furniture-knobs-door-pull-handle\/\" target=\"_blank\">OEM Aluminium Extrusion Profile For Furniture Knobs Door Pull Handle<\/a><\/li>"},"feature_list":[]},"_links":{"self":[{"href":"https:\/\/sinoextrud.com\/hu\/wp-json\/wp\/v2\/product\/8267","targetHints":{"allow":["GET"]}}],"collection":[{"href":"https:\/\/sinoextrud.com\/hu\/wp-json\/wp\/v2\/product"}],"about":[{"href":"https:\/\/sinoextrud.com\/hu\/wp-json\/wp\/v2\/types\/product"}],"wp:featuredmedia":[{"embeddable":true,"href":"https:\/\/sinoextrud.com\/hu\/wp-json\/wp\/v2\/media\/8266"}],"wp:attachment":[{"href":"https:\/\/sinoextrud.com\/hu\/wp-json\/wp\/v2\/media?parent=8267"}],"wp:term":[{"taxonomy":"category","embeddable":true,"href":"https:\/\/sinoextrud.com\/hu\/wp-json\/wp\/v2\/categories?post=8267"}],"curies":[{"name":"wp","href":"https:\/\/api.w.org\/{rel}","templated":true}]}}