{"id":8265,"date":"2025-06-14T06:36:25","date_gmt":"2025-06-14T06:36:25","guid":{"rendered":"https:\/\/sinoextrud.com\/product\/profile-square-aluminum-heat-sink\/"},"modified":"2025-06-24T06:23:27","modified_gmt":"2025-06-24T06:23:27","slug":"profil-negyzet-alaku-aluminium-hutoborda","status":"publish","type":"product","link":"https:\/\/sinoextrud.com\/hu\/product\/profile-square-aluminum-heat-sink\/","title":{"rendered":"Profil n\u00e9gyzet alak\u00fa alum\u00ednium h\u0171t\u0151borda"},"content":{"rendered":"<h2>Term\u00e9kek r\u00e9szletei<\/h2>\n<table class=\"custom-table\">\n<tr>\n<td class=\"label\">Term\u00e9k neve<\/td>\n<td>Profil n\u00e9gyzet alak\u00fa alum\u00ednium h\u0171t\u0151borda<\/td>\n<\/tr>\n<tr>\n<td class=\"label\">Modell<\/td>\n<td>Sinoextrud-HS-916<\/td>\n<\/tr>\n<tr>\n<td class=\"label\">M\u00e9ret:<\/td>\n<td>az \u00d6n k\u00e9r\u00e9se szerint<\/td>\n<\/tr>\n<tr>\n<td class=\"label\">Shape<\/td>\n<td>n\u00e9gyzet<\/td>\n<\/tr>\n<tr>\n<td class=\"label\">Gy\u00e1rt\u00e1si m\u00f3dszer<\/td>\n<td>extrud\u00e1lt alum\u00ednium<\/td>\n<\/tr>\n<tr>\n<td class=\"label\">Feldolgoz\u00e1s<\/td>\n<td>F\u00far\u00e1s, csapol\u00e1s, pol\u00edroz\u00e1s, mar\u00e1s, l\u00e9zerv\u00e1g\u00e1s, CNC megmunk\u00e1l\u00e1s, ferd\u00edt\u00e9s, g\u00e1tl\u00e1stalan\u00edt\u00e1s<\/td>\n<\/tr>\n<tr>\n<td class=\"label\">Tolerancia<\/td>\n<td>0.01mm<\/td>\n<\/tr>\n<tr>\n<td class=\"label\">Fel\u00fcletkezel\u00e9s<\/td>\n<td>elox\u00e1lt, porbevonat, galvaniz\u00e1l\u00e1s, elektrofor\u00e9zis<\/td>\n<\/tr>\n<tr>\n<td class=\"label\">Sz\u00ednes<\/td>\n<td>fekete, piros, ez\u00fcst, k\u00e9k, k\u00e9k, az \u00d6n k\u00e9r\u00e9se szerint<\/td>\n<\/tr>\n<tr>\n<td class=\"label\">Minta<\/td>\n<td>El\u00e9rhet\u0151<\/td>\n<\/tr>\n<tr>\n<td class=\"label\">Figyelem<\/td>\n<td>Itt van t\u00f6bb mint 200 alum\u00ednium h\u0171t\u0151borda, \u00e1tm\u00e9r\u0151je 15 mm-t\u0151l 350 mm-ig, k\u00e9rj\u00fck, b\u00e1tran k\u00e9rjen tov\u00e1bbi inform\u00e1ci\u00f3kat<\/td>\n<\/tr>\n<\/table>\n<h2>Gy\u00e1rt\u00f3 b\u00e1zisunk<\/h2>\n<h3>Gy\u00e1ri panor\u00e1ma<\/h3>\n<p><img decoding=\"async\" src=\"\/wp-content\/uploads\/factory-01.webp\"\/><\/p>\n<h3>Alum\u00ednium r\u00fadgy\u00e1rt\u00f3 m\u0171hely<\/h3>\n<p><img decoding=\"async\" src=\"\/wp-content\/uploads\/factory-02.webp\"\/><\/p>\n<p><img decoding=\"async\" src=\"\/wp-content\/uploads\/factory-03.webp\"\/><\/p>\n<h3>Pen\u00e9sz rakt\u00e1r<\/h3>\n<p><img decoding=\"async\" src=\"\/wp-content\/uploads\/factory-04.webp\"\/><\/p>\n<h3>43 alum\u00ednium extrud\u00e1l\u00f3 vonal (500-5500 tonna)<\/h3>\n<p><img decoding=\"async\" src=\"\/wp-content\/uploads\/factory-05.webp\"\/><\/p>\n<p><img decoding=\"async\" src=\"\/wp-content\/uploads\/factory-06.webp\"\/><\/p>\n<p><img decoding=\"async\" src=\"\/wp-content\/uploads\/factory-07.webp\"\/><\/p>\n<h3>Porfest\u0151 m\u0171hely<\/h3>\n<p><img decoding=\"async\" src=\"\/wp-content\/uploads\/factory-09.webp\"\/><\/p>\n<h3>Anodiz\u00e1l\u00f3 m\u0171hely<\/h3>\n<p><img decoding=\"async\" src=\"\/wp-content\/uploads\/factory-10.webp\"\/><\/p>\n<h3>M\u00e9ly feldolgoz\u00e1si m\u0171hely<\/h3>\n<p><img decoding=\"async\" src=\"\/wp-content\/uploads\/factory-11.webp\"\/><\/p>\n<h3>CNC prec\u00edzi\u00f3s megmunk\u00e1l\u00f3 m\u0171hely<\/h3>\n<p><img decoding=\"async\" src=\"\/wp-content\/uploads\/factory-11.5.webp\"\/><\/p>\n<h3>K\u00e9szterm\u00e9k \u00e9s export rakt\u00e1r<\/h3>\n<p><img decoding=\"async\" src=\"\/wp-content\/uploads\/factory-12.webp\"\/><\/p>\n<p><img decoding=\"async\" src=\"\/wp-content\/uploads\/factory-13.webp\"\/><\/p>\n<p><img decoding=\"async\" src=\"\/wp-content\/uploads\/factory-14.webp\"\/><\/p>\n<h2>GYIK<\/h2>\n<p><p><b>1.Mik az el\u0151nyei a profil n\u00e9gyzet alak\u00fa alum\u00ednium h\u0171t\u0151bord\u00e1nak?<\/b><\/p>\n<p>A Profile Square alum\u00ednium h\u0171t\u0151borda nagy hat\u00e9konys\u00e1g\u00fa h\u0151elvezet\u00e9st, tart\u00f3ss\u00e1got \u00e9s kompakt kialak\u00edt\u00e1st k\u00edn\u00e1l, \u00edgy ide\u00e1lis k\u00fcl\u00f6nb\u00f6z\u0151 elektronikus h\u0171t\u00e9si alkalmaz\u00e1sokhoz.<br \/>\n<\/p><br \/>\n<br \/>\n<p><b>2.Hogyan jav\u00edtja a Profile Square Aluminum Heat Sink a h\u0171t\u00e9si teljes\u00edtm\u00e9nyt?<\/b><\/p>\n<p>Hat\u00e9kony kialak\u00edt\u00e1sa maximaliz\u00e1lja a fel\u00fcletet, \u00edgy biztos\u00edtja az optim\u00e1lis h\u0151elvezet\u00e9st \u00e9s az elektronikus alkatr\u00e9szek biztons\u00e1gos \u00fczemi h\u0151m\u00e9rs\u00e9klet\u00e9nek fenntart\u00e1s\u00e1t.<br \/>\n<\/p><br \/>\n<br \/>\n<p><b>3.Milyen anyagb\u00f3l k\u00e9sz\u00fcl a Profile Square Aluminum Heat Sink?<\/b><\/p>\n<p>Kiv\u00e1l\u00f3 min\u0151s\u00e9g\u0171 alum\u00edniumb\u00f3l k\u00e9sz\u00fclt, amely k\u00f6nny\u0171, tart\u00f3s \u00e9s korr\u00f3zi\u00f3\u00e1ll\u00f3, \u00edgy hossz\u00fa t\u00e1v\u00fa haszn\u00e1latot biztos\u00edt.<br \/>\n<\/p><br \/>\n<br \/>\n<p><b>4.Haszn\u00e1lhat\u00f3-e a Profile Square alum\u00ednium h\u0171t\u0151borda helysz\u0171k\u00e9ben?<\/b><\/p>\n<p>Igen, kompakt, n\u00e9gyzet alak\u00fa profilj\u00e1nak k\u00f6sz\u00f6nhet\u0151en ide\u00e1lis a korl\u00e1tozott hellyel rendelkez\u0151 alkalmaz\u00e1sokhoz, mik\u00f6zben kiv\u00e1l\u00f3 h\u0151kezel\u00e9st biztos\u00edt.<br \/>\n<\/p><br \/>\n<br \/>\n<p><b>5.Is a profil n\u00e9gyzet alak\u00fa alum\u00ednium h\u0171t\u0151borda ellen\u00e1ll a korr\u00f3zi\u00f3nak?<\/b><\/p>\n<p>Igen, korr\u00f3zi\u00f3\u00e1ll\u00f3 fel\u00fclettel rendelkezik, ami biztos\u00edtja, hogy ig\u00e9nyes k\u00f6rnyezetben is meg\u0151rizze teljes\u00edtm\u00e9ny\u00e9t \u00e9s megjelen\u00e9s\u00e9t.<br \/>\n<\/p><br \/>\n<br \/>\n<p><b>6.Mennyire testreszabhat\u00f3 a Profile Square alum\u00ednium h\u0171t\u0151borda?<\/b><\/p>\n<p>A h\u0171t\u0151borda nagym\u00e9rt\u00e9kben testreszabhat\u00f3, lehet\u0151v\u00e9 t\u00e9ve a k\u00fcl\u00f6nb\u00f6z\u0151 elektronikai alkalmaz\u00e1sok speci\u00e1lis h\u0171t\u00e9si ig\u00e9nyeinek megfelel\u0151 alkalmazkod\u00e1st.<br \/>\n<\/p><br \/>\n<br \/>\n<p><b>7.Mi teszi a Profile Square alum\u00ednium h\u0171t\u0151bord\u00e1t alkalmass\u00e1 az elektronik\u00e1hoz?<\/b><\/p>\n<p>Hat\u00e9kony h\u0151elvezet\u00e9se, tart\u00f3s anyaga \u00e9s kompakt kialak\u00edt\u00e1sa r\u00e9v\u00e9n t\u00f6k\u00e9letesen alkalmas az \u00e9rz\u00e9keny elektronikus alkatr\u00e9szek megb\u00edzhat\u00f3 teljes\u00edtm\u00e9ny\u00e9nek biztos\u00edt\u00e1s\u00e1ra.<br \/>\n<\/p><br \/><\/p>","protected":false},"featured_media":8264,"template":"","categories":[54],"class_list":["post-8265","product","type-product","status-publish","has-post-thumbnail","hentry","category-industrial-aluminum-profiles"],"meta_box":{"hilight_text_group":{"product_hilight_text":"<li>High-efficiency heat dissipation, providing reliable cooling for various electronic devices.<\/li>\r\r\n<li>Durable and lightweight aluminum construction for strength and ease of handling.<\/li>\r\r\n<li>Compact square profile design, ideal for space-constrained applications.<\/li>\r\r\n<li>Corrosion-resistant surface, ensuring long-lasting performance in harsh environments.<\/li>\r\r\n<li>Versatile and customizable, suitable for a wide range of thermal management needs.<\/li>","product_chanpin_blog":"<ul>\r\r\n<li><a href=\"https:\/\/sinoextrud.com\/t-slot-v-slot-differences\/\" target=\"_blank\">t slot vs v slot<\/a><\/li>\r\r\n<li><a href=\"https:\/\/sinoextrud.com\/what-is-4040-aluminium-extrud\/\" target=\"_blank\">4040 aluminium extrusion<\/a><\/li>\r\r\n<li><a href=\"https:\/\/sinoextrud.com\/what-is-4040-aluminium-extrud\/\" target=\"_blank\">aluminum extrusions for industrial racks<\/a><\/li>\r\r\n<li><a href=\"https:\/\/sinoextrud.com\/powder-coating-aluminium-process\/\" target=\"_blank\">powder coating aluminium<\/a><\/li>\r\r\n<li><a href=\"https:\/\/sinoextrud.com\/what-is-an-aluminium-strip-ceiling\/\" target=\"_blank\">aluminium strip ceiling<\/a><\/li>\r\r\n<li><a href=\"https:\/\/sinoextrud.com\/what-is-a-heat-sink\/\" target=\"_blank\">what is a heat sink<\/a><\/li>\r\r\n<\/ul>","product_chanpin_chanpin":"<li><a href=\"https:\/\/sinoextrud.com\/product\/industrial-t-slot-aluminum-profile\/\" target=\"_blank\">Industrial T Slot Aluminum Profile<\/a><\/li>\r\n<li><a href=\"https:\/\/sinoextrud.com\/product\/large-scale-industrial-aluminum-profile\/\" target=\"_blank\">Large Scale Industrial Aluminum Profile<\/a><\/li>\r\n<li><a href=\"https:\/\/sinoextrud.com\/product\/solar-aluminium-profile-2\/\" target=\"_blank\">Solar Aluminium Profile<\/a><\/li>\r\n<li><a href=\"https:\/\/sinoextrud.com\/product\/round-sunflower-led-light-aluminium-heat-sink\/\" target=\"_blank\">Round Sunflower LED Light Aluminium Heat Sink<\/a><\/li>\r\n<li><a href=\"https:\/\/sinoextrud.com\/product\/profile-square-aluminum-heat-sink\/\" target=\"_blank\">Profile Square Aluminum Heat Sink<\/a><\/li>\r\n<li><a href=\"https:\/\/sinoextrud.com\/product\/triangular-aluminum-extrusion\/\" target=\"_blank\">Triangular Aluminum Extrusion<\/a><\/li>\r\n<li><a href=\"https:\/\/sinoextrud.com\/product\/standard-aluminum-extrusions\/\" target=\"_blank\">Standard Aluminum Extrusions<\/a><\/li>\r\n<li><a href=\"https:\/\/sinoextrud.com\/product\/solar-frames-aluminum-extrusions\/\" target=\"_blank\">Solar Frames Aluminum Extrusions<\/a><\/li>\r\n<li><a href=\"https:\/\/sinoextrud.com\/product\/6061-aluminum-extrusion-round-tube-for-industry\/\" target=\"_blank\">6061 Aluminum Extrusion Round Tube For Industry<\/a><\/li>\r\n<li><a href=\"https:\/\/sinoextrud.com\/product\/t-shaped-aluminium-profile\/\" target=\"_blank\">T Shaped Aluminium Profile<\/a><\/li>\r\n<li><a href=\"https:\/\/sinoextrud.com\/product\/aluminum-profil-louver-roof\/\" target=\"_blank\">Aluminum Profil Louver Roof<\/a><\/li>"},"feature_list":[]},"_links":{"self":[{"href":"https:\/\/sinoextrud.com\/hu\/wp-json\/wp\/v2\/product\/8265","targetHints":{"allow":["GET"]}}],"collection":[{"href":"https:\/\/sinoextrud.com\/hu\/wp-json\/wp\/v2\/product"}],"about":[{"href":"https:\/\/sinoextrud.com\/hu\/wp-json\/wp\/v2\/types\/product"}],"wp:featuredmedia":[{"embeddable":true,"href":"https:\/\/sinoextrud.com\/hu\/wp-json\/wp\/v2\/media\/8264"}],"wp:attachment":[{"href":"https:\/\/sinoextrud.com\/hu\/wp-json\/wp\/v2\/media?parent=8265"}],"wp:term":[{"taxonomy":"category","embeddable":true,"href":"https:\/\/sinoextrud.com\/hu\/wp-json\/wp\/v2\/categories?post=8265"}],"curies":[{"name":"wp","href":"https:\/\/api.w.org\/{rel}","templated":true}]}}