{"id":8255,"date":"2025-06-14T06:28:18","date_gmt":"2025-06-14T06:28:18","guid":{"rendered":"https:\/\/sinoextrud.com\/product\/industrial-large-aluminum-heat-sink\/"},"modified":"2025-06-24T06:23:25","modified_gmt":"2025-06-24T06:23:25","slug":"ipari-nagy-aluminium-hutoborda","status":"publish","type":"product","link":"https:\/\/sinoextrud.com\/hu\/product\/industrial-large-aluminum-heat-sink\/","title":{"rendered":"Ipari nagy alum\u00ednium h\u0171t\u0151borda"},"content":{"rendered":"<h2>Term\u00e9kek r\u00e9szletei<\/h2>\n<table class=\"custom-table\">\n<tr>\n<td class=\"label\">T\u00e9tel<\/td>\n<td>Ipari nagy alum\u00ednium h\u0171t\u0151borda<\/td>\n<\/tr>\n<tr>\n<td class=\"label\">Anyag<\/td>\n<td>6000 sorozat\u00fa alum\u00ednium<\/td>\n<\/tr>\n<tr>\n<td class=\"label\">Temper<\/td>\n<td>T4, T5, T6<\/td>\n<\/tr>\n<tr>\n<td class=\"label\">M\u00e9ret \/ vastags\u00e1g<\/td>\n<td>\u00c1ltal\u00e1nos profilok vastags\u00e1ga 0,8 \u00e9s 5,0 mm k\u00f6z\u00f6tt, hossza 1m-9m vagy testreszabottan el\u00e9rhet\u0151; Anodiz\u00e1l\u00f3 v\u00e9d\u0151f\u00f3lia vastags\u00e1ga 8 ~ 25 um, porbevonat 40 ~ 120 um.<\/td>\n<\/tr>\n<tr>\n<td class=\"label\">Shape<\/td>\n<td>A rendelkez\u00e9sre bocs\u00e1tott rajz alapj\u00e1n<\/td>\n<\/tr>\n<tr>\n<td class=\"label\">Alkalmaz\u00e1s<\/td>\n<td>Ipar\u00e1g<\/td>\n<\/tr>\n<tr>\n<td class=\"label\">Fel\u00fcletkezel\u00e9s<\/td>\n<td>Malomfel\u00fcletek, elox\u00e1lt, porsz\u00f3rt bevonat, elektrokrist\u00e1lyos bevonat, fa szemcse<\/td>\n<\/tr>\n<tr>\n<td class=\"label\">Sz\u00ednek<\/td>\n<td>Testreszabott sz\u00edn el\u00e9rhet\u0151<\/td>\n<\/tr>\n<tr>\n<td class=\"label\">M\u00e9ly folyamat<\/td>\n<td>CNC, f\u00far\u00e1s, mar\u00e1s, v\u00e1g\u00e1s, hegeszt\u00e9s, hajl\u00edt\u00e1s, \u00f6sszeszerel\u00e9s<\/td>\n<\/tr>\n<tr>\n<td class=\"label\">MOQ<\/td>\n<td>200 kg minden t\u00e9telre<\/td>\n<\/tr>\n<tr>\n<td class=\"label\">PackingDetails<\/td>\n<td>(1) Bel\u00fcl: m\u0171anyag v\u00e9d\u0151f\u00f3li\u00e1val csomagolva, amely minden darabot v\u00e9d<br \/>\n(2) K\u00edv\u00fcl: V\u00edz\u00e1ll\u00f3 k\u00e9zm\u0171vespap\u00edrral csomagolva.<\/td>\n<\/tr>\n<tr>\n<td class=\"label\">Sz\u00e1ll\u00edt\u00e1si id\u0151<\/td>\n<td>(1) DieDeveloping andSampletesting: 12-18 nap.<br \/>\n(2) A t\u00f6megtermel\u00e9s befejez\u0151d\u00f6tt: 20-30 nap, miut\u00e1n a mint\u00e1t a v\u00e1s\u00e1rl\u00f3 meger\u0151s\u00edtette.<\/td>\n<\/tr>\n<tr>\n<td class=\"label\">FOB kik\u00f6t\u0151<\/td>\n<td>SHENZHEN \/ GUANGZHOU \/ FOSHAN<\/td>\n<\/tr>\n<tr>\n<td class=\"label\">fizet\u00e9si felt\u00e9telek<\/td>\n<td>T \/ T 30% let\u00e9tbe helyez\u00e9s, egyenleg a sz\u00e1ll\u00edt\u00e1s el\u0151tt.<\/td>\n<\/tr>\n<tr>\n<td class=\"label\">settlementterm<\/td>\n<td>D\u00edj a v\u00e9gleges t\u00e9nyleges s\u00faly vagy az elm\u00e9leti s\u00faly alapj\u00e1n.<\/td>\n<\/tr>\n<tr>\n<td class=\"label\">termel\u00e9si kapacit\u00e1s<\/td>\n<td>15 000 tonna havonta, 200 000 tonna \u00e9vente.<\/td>\n<\/tr>\n<tr>\n<td class=\"label\">Tan\u00fas\u00edtv\u00e1ny \u00e9s szabv\u00e1ny<\/td>\n<td>CQM, SGS, CE, BV, SONCAP \/ GB, ISO, JIS, AS, NZS, QUALICOAT, QUOLANOD rendelkez\u00e9sre \u00e1ll.<\/td>\n<\/tr>\n<tr>\n<td class=\"label\">Garancia<\/td>\n<td>A fel\u00fcleti sz\u00edn 10-20 \u00e9vig haszn\u00e1lhat\u00f3 belt\u00e9ren.<\/td>\n<\/tr>\n<\/table>\n<h2>Gy\u00e1rt\u00f3 b\u00e1zisunk<\/h2>\n<h3>Gy\u00e1ri panor\u00e1ma<\/h3>\n<p><img decoding=\"async\" src=\"\/wp-content\/uploads\/factory-01.webp\"\/><\/p>\n<h3>Alum\u00ednium r\u00fadgy\u00e1rt\u00f3 m\u0171hely<\/h3>\n<p><img decoding=\"async\" src=\"\/wp-content\/uploads\/factory-02.webp\"\/><\/p>\n<p><img decoding=\"async\" src=\"\/wp-content\/uploads\/factory-03.webp\"\/><\/p>\n<h3>Pen\u00e9sz rakt\u00e1r<\/h3>\n<p><img decoding=\"async\" src=\"\/wp-content\/uploads\/factory-04.webp\"\/><\/p>\n<h3>43 alum\u00ednium extrud\u00e1l\u00f3 vonal (500-5500 tonna)<\/h3>\n<p><img decoding=\"async\" src=\"\/wp-content\/uploads\/factory-05.webp\"\/><\/p>\n<p><img decoding=\"async\" src=\"\/wp-content\/uploads\/factory-06.webp\"\/><\/p>\n<p><img decoding=\"async\" src=\"\/wp-content\/uploads\/factory-07.webp\"\/><\/p>\n<h3>Porfest\u0151 m\u0171hely<\/h3>\n<p><img decoding=\"async\" src=\"\/wp-content\/uploads\/factory-09.webp\"\/><\/p>\n<h3>Anodiz\u00e1l\u00f3 m\u0171hely<\/h3>\n<p><img decoding=\"async\" src=\"\/wp-content\/uploads\/factory-10.webp\"\/><\/p>\n<h3>M\u00e9ly feldolgoz\u00e1si m\u0171hely<\/h3>\n<p><img decoding=\"async\" src=\"\/wp-content\/uploads\/factory-11.webp\"\/><\/p>\n<h3>CNC prec\u00edzi\u00f3s megmunk\u00e1l\u00f3 m\u0171hely<\/h3>\n<p><img decoding=\"async\" src=\"\/wp-content\/uploads\/factory-11.5.webp\"\/><\/p>\n<h3>K\u00e9szterm\u00e9k \u00e9s export rakt\u00e1r<\/h3>\n<p><img decoding=\"async\" src=\"\/wp-content\/uploads\/factory-12.webp\"\/><\/p>\n<p><img decoding=\"async\" src=\"\/wp-content\/uploads\/factory-13.webp\"\/><\/p>\n<p><img decoding=\"async\" src=\"\/wp-content\/uploads\/factory-14.webp\"\/><\/p>\n<h2>GYIK<\/h2>\n<p><p><b>1.What teszi az ipari nagy alum\u00ednium h\u0171t\u0151bord\u00e1t ide\u00e1lis ipari felhaszn\u00e1l\u00e1sra? <\/b><\/p>\n<p> Az ipari nagy alum\u00ednium h\u0171t\u0151bord\u00e1t \u00fagy tervezt\u00e9k, hogy hat\u00e9kony h\u0151elvezet\u00e9st biztos\u00edtson, optim\u00e1lis h\u0151m\u00e9rs\u00e9klet-szab\u00e1lyoz\u00e1st biztos\u00edtva a nagy teljes\u00edtm\u00e9ny\u0171 g\u00e9pek sz\u00e1m\u00e1ra.<br \/>\n<\/p><br \/>\n<br \/>\n<p><b>2.Can ipari nagy alum\u00ednium h\u0171t\u0151borda testreszabhat\u00f3? <\/b><\/p>\n<p> Igen, m\u00e9retben, alakban \u00e9s kialak\u00edt\u00e1sban testre szabhat\u00f3, hogy megfeleljen a k\u00fcl\u00f6nb\u00f6z\u0151 ipari alkalmaz\u00e1sok egyedi h\u0171t\u00e9si ig\u00e9nyeinek \u00e9s h\u0151technikai k\u00f6vetelm\u00e9nyeinek.<br \/>\n<\/p><br \/>\n<br \/>\n<p><b>3.How tart\u00f3s az ipari nagy alum\u00ednium h\u0171t\u0151borda? <\/b><\/p>\n<p> A korr\u00f3zi\u00f3\u00e1ll\u00f3 alum\u00edniumszerkezet biztos\u00edtja, hogy a h\u0171t\u0151borda tart\u00f3s maradjon \u00e9s hossz\u00fa t\u00e1von j\u00f3l teljes\u00edtsen a kem\u00e9ny ipari k\u00f6rnyezetben.<br \/>\n<\/p><br \/>\n<br \/>\n<p><b>4.Mik az ipari nagy alum\u00ednium h\u0171t\u0151bord\u00e1k haszn\u00e1lat\u00e1nak el\u0151nyei? <\/b><\/p>\n<p> A h\u0171t\u0151borda kiv\u00e1l\u00f3 h\u0171t\u00e9si teljes\u00edtm\u00e9nyt, hossz\u00fa \u00e9lettartamot \u00e9s testreszabhat\u00f3s\u00e1got k\u00edn\u00e1l, mik\u00f6zben k\u00f6nny\u0171 \u00e9s k\u00f6lts\u00e9ghat\u00e9kony.<br \/>\n<\/p><br \/>\n<br \/>\n<p><b>5.Is ipari nagy alum\u00ednium h\u0171t\u0151borda k\u00f6nny\u0171? <\/b><\/p>\n<p> Igen, az alum\u00ednium anyag k\u00f6nny\u0171, m\u00e9gis er\u0151s, \u00edgy ide\u00e1lis megold\u00e1s a nagy ig\u00e9nybev\u00e9tel\u0171 h\u0171t\u00e9si alkalmaz\u00e1sokhoz an\u00e9lk\u00fcl, hogy felesleges s\u00falyt n\u00f6velne.<br \/>\n<\/p><br \/>\n<br \/>\n<p><b>6.Is ipari nagy alum\u00ednium h\u0171t\u0151borda k\u00f6rnyezetbar\u00e1t? <\/b><\/p>\n<p> Igen, az alum\u00ednium teljesen \u00fajrahasznos\u00edthat\u00f3 anyag, \u00edgy a h\u0171t\u0151borda k\u00f6rnyezetbar\u00e1t v\u00e1laszt\u00e1s az ipari h\u0171t\u0151rendszerekhez.<br \/>\n<\/p><br \/>\n<br \/>\n<p><b>7.Hogyan jav\u00edtja az ipari nagy alum\u00ednium h\u0171t\u0151borda az ipari berendez\u00e9sek teljes\u00edtm\u00e9ny\u00e9t? <\/b><\/p>\n<p> A h\u0151 hat\u00e9kony elvezet\u00e9s\u00e9vel a h\u0171t\u0151borda biztos\u00edtja, hogy az ipari berendez\u00e9sek optim\u00e1lis h\u0151m\u00e9rs\u00e9kleten m\u0171k\u00f6djenek, cs\u00f6kkentve a t\u00falmeleged\u00e9s kock\u00e1zat\u00e1t \u00e9s meghosszabb\u00edtva a berendez\u00e9sek \u00e9lettartam\u00e1t.<br \/>\n<\/p><br \/><\/p>","protected":false},"featured_media":8254,"template":"","categories":[54],"class_list":["post-8255","product","type-product","status-publish","has-post-thumbnail","hentry","category-industrial-aluminum-profiles"],"meta_box":{"hilight_text_group":{"product_hilight_text":"<ul>\r\r\n  <li>Large aluminum heat sinks designed for high-performance industrial applications<\/li>\r\r\n  <li>Efficient heat dissipation to maintain optimal operating temperatures<\/li>\r\r\n  <li>Corrosion-resistant aluminum construction ensures durability and longevity<\/li>\r\r\n  <li>Customizable designs to meet specific thermal management requirements<\/li>\r\r\n  <li>Lightweight and durable, ideal for heavy-duty industrial equipment<\/li>\r\r\n  <li>Cost-effective solution for cooling large-scale industrial machinery<\/li>\r\r\n  <li>Environmentally friendly, made from fully recyclable aluminum material<\/li>\r\r\n<\/ul>","product_chanpin_blog":"<ul>\r\r\n<li><a href=\"https:\/\/sinoextrud.com\/t-slot-v-slot-differences\/\" target=\"_blank\">t slot vs v slot<\/a><\/li>\r\r\n<li><a href=\"https:\/\/sinoextrud.com\/what-is-4040-aluminium-extrud\/\" target=\"_blank\">4040 aluminium extrusion<\/a><\/li>\r\r\n<li><a href=\"https:\/\/sinoextrud.com\/what-is-4040-aluminium-extrud\/\" target=\"_blank\">aluminum extrusions for industrial racks<\/a><\/li>\r\r\n<li><a href=\"https:\/\/sinoextrud.com\/powder-coating-aluminium-process\/\" target=\"_blank\">powder coating aluminium<\/a><\/li>\r\r\n<li><a href=\"https:\/\/sinoextrud.com\/what-is-an-aluminium-strip-ceiling\/\" target=\"_blank\">aluminium strip ceiling<\/a><\/li>\r\r\n<li><a href=\"https:\/\/sinoextrud.com\/what-is-a-heat-sink\/\" target=\"_blank\">what is a heat sink<\/a><\/li>\r\r\n<\/ul>","product_chanpin_chanpin":"<li><a href=\"https:\/\/sinoextrud.com\/product\/manufacturer-price-of-customized-oem-matt-anodized-aluminium-profile-for-hospital-pharmaceutical-clean-room\/\" target=\"_blank\">Manufacturer Price Of Customized OEM Matt Anodized Aluminium Profile For Hospital Pharmaceutical Clean Room<\/a><\/li>\r\n<li><a href=\"https:\/\/sinoextrud.com\/product\/large-aluminium-pipe-aluminium-pole\/\" target=\"_blank\">Large Aluminium Pipe Aluminium Pole<\/a><\/li>\r\n<li><a href=\"https:\/\/sinoextrud.com\/product\/hospital-aluminum-profile\/\" target=\"_blank\">Hospital Aluminum Profile<\/a><\/li>\r\n<li><a href=\"https:\/\/sinoextrud.com\/product\/industrial-large-aluminium-extrusions\/\" target=\"_blank\">Industrial Large Aluminium Extrusions<\/a><\/li>\r\n<li><a href=\"https:\/\/sinoextrud.com\/product\/industrial-large-aluminum-heat-sink\/\" target=\"_blank\">Industrial Large Aluminum Heat Sink<\/a><\/li>\r\n<li><a href=\"https:\/\/sinoextrud.com\/product\/industrial-t-slot-aluminum-profile\/\" target=\"_blank\">Industrial T Slot Aluminum Profile<\/a><\/li>\r\n<li><a href=\"https:\/\/sinoextrud.com\/product\/large-scale-industrial-aluminum-profile\/\" target=\"_blank\">Large Scale Industrial Aluminum Profile<\/a><\/li>\r\n<li><a href=\"https:\/\/sinoextrud.com\/product\/solar-aluminium-profile-2\/\" target=\"_blank\">Solar Aluminium Profile<\/a><\/li>\r\n<li><a href=\"https:\/\/sinoextrud.com\/product\/round-sunflower-led-light-aluminium-heat-sink\/\" target=\"_blank\">Round Sunflower LED Light Aluminium Heat Sink<\/a><\/li>\r\n<li><a href=\"https:\/\/sinoextrud.com\/product\/aluminum-profile-for-clean-room-circle-shape\/\" target=\"_blank\">Aluminum Profile For Clean Room Circle Shape<\/a><\/li>\r\n<li><a href=\"https:\/\/sinoextrud.com\/product\/h-shaped-closed-linear-ceiling-system\/\" target=\"_blank\">H-Shaped Closed Linear Ceiling System<\/a><\/li>"},"feature_list":[]},"_links":{"self":[{"href":"https:\/\/sinoextrud.com\/hu\/wp-json\/wp\/v2\/product\/8255","targetHints":{"allow":["GET"]}}],"collection":[{"href":"https:\/\/sinoextrud.com\/hu\/wp-json\/wp\/v2\/product"}],"about":[{"href":"https:\/\/sinoextrud.com\/hu\/wp-json\/wp\/v2\/types\/product"}],"wp:featuredmedia":[{"embeddable":true,"href":"https:\/\/sinoextrud.com\/hu\/wp-json\/wp\/v2\/media\/8254"}],"wp:attachment":[{"href":"https:\/\/sinoextrud.com\/hu\/wp-json\/wp\/v2\/media?parent=8255"}],"wp:term":[{"taxonomy":"category","embeddable":true,"href":"https:\/\/sinoextrud.com\/hu\/wp-json\/wp\/v2\/categories?post=8255"}],"curies":[{"name":"wp","href":"https:\/\/api.w.org\/{rel}","templated":true}]}}