{"id":8204,"date":"2025-06-13T07:42:12","date_gmt":"2025-06-13T07:42:12","guid":{"rendered":"https:\/\/sinoextrud.com\/product\/extruded-aluminum-case\/"},"modified":"2025-06-24T06:23:21","modified_gmt":"2025-06-24T06:23:21","slug":"extrudalt-aluminium-tok-2","status":"publish","type":"product","link":"https:\/\/sinoextrud.com\/hu\/product\/extruded-aluminum-case\/","title":{"rendered":"Extrud\u00e1lt alum\u00ednium tok"},"content":{"rendered":"<h2>Term\u00e9kek r\u00e9szletei<\/h2>\n<table class=\"custom-table\">\n<tbody>\n<tr>\n<td> N\u00e9v<\/td>\n<td> Extrud\u00e1lt alum\u00ednium tok<\/td>\n<\/tr>\n<tr>\n<td> M\u00e1rka<\/td>\n<td> Sinoextrud\/Sinoextrud<\/td>\n<\/tr>\n<tr>\n<td> Kateg\u00f3ria<\/td>\n<td> Alum\u00ednium profilok<\/td>\n<\/tr>\n<tr>\n<td> T\u00edpus<\/td>\n<td> Neh\u00e9z vagy k\u00f6nny\u0171 t\u00edpus \u00e1ll rendelkez\u00e9sre<\/td>\n<\/tr>\n<tr>\n<td> Anyag<\/td>\n<td> A 6061 sz\u00e9les k\u00f6rben haszn\u00e1latos. A 6063, 6463, 6005, 6082 is rendelkez\u00e9sre \u00e1ll.<\/td>\n<\/tr>\n<tr>\n<td> Temper<\/td>\n<td> T5-T8<\/td>\n<\/tr>\n<tr>\n<td> Hossz\u00fas\u00e1g<\/td>\n<td> 1-9m vagy testreszab\u00e1s<\/td>\n<\/tr>\n<tr>\n<td> M\u00e9ret (mm)<\/td>\n<td> Rajz szerint<\/td>\n<\/tr>\n<tr>\n<td> Shape<\/td>\n<td> Kerek\/ t\u00e9glalap\/n\u00e9gyzet\/ testreszab\u00e1s<\/td>\n<\/tr>\n<tr>\n<td> Fel\u00fcletkezel\u00e9s<\/td>\n<td> Malom k\u00e9sz, elox\u00e1lt, homokf\u00fav\u00e1s, elektrofor\u00e9zis, Power bevonat stb.<\/td>\n<\/tr>\n<tr>\n<td> Sz\u00ednes<\/td>\n<td> Ez\u00fcst, fekete, feh\u00e9r, piros, s\u00e1rga, pezsg\u0151 vagy egyedi sz\u00ednben<\/td>\n<\/tr>\n<tr>\n<td> Standard<\/td>\n<td> ASTM, GB, DIN<\/td>\n<\/tr>\n<tr>\n<td> A  c\u00edmr\u0151l<\/td>\n<td> Guangdong, K\u00edna<\/td>\n<\/tr>\n<tr>\n<td> Alkalmaz\u00e1s<\/td>\n<td> Ipar\u00e1gi profil, \u00e9p\u00fclet, dekor\u00e1ci\u00f3, ablak \u00e9s ajt\u00f3<\/td>\n<\/tr>\n<\/tbody>\n<\/table>\n<h2>Gy\u00e1rt\u00f3 b\u00e1zisunk<\/h2>\n<h3>Gy\u00e1ri panor\u00e1ma<\/h3>\n<p><img decoding=\"async\" src=\"\/wp-content\/uploads\/factory-01.webp\"\/><\/p>\n<h3>Alum\u00ednium r\u00fadgy\u00e1rt\u00f3 m\u0171hely<\/h3>\n<p><img decoding=\"async\" src=\"\/wp-content\/uploads\/factory-02.webp\"\/><\/p>\n<p><img decoding=\"async\" src=\"\/wp-content\/uploads\/factory-03.webp\"\/><\/p>\n<h3>Pen\u00e9sz rakt\u00e1r<\/h3>\n<p><img decoding=\"async\" src=\"\/wp-content\/uploads\/factory-04.webp\"\/><\/p>\n<h3>43 alum\u00ednium extrud\u00e1l\u00f3 vonal (500-5500 tonna)<\/h3>\n<p><img decoding=\"async\" src=\"\/wp-content\/uploads\/factory-05.webp\"\/><\/p>\n<p><img decoding=\"async\" src=\"\/wp-content\/uploads\/factory-06.webp\"\/><\/p>\n<p><img decoding=\"async\" src=\"\/wp-content\/uploads\/factory-07.webp\"\/><\/p>\n<h3>Porfest\u0151 m\u0171hely<\/h3>\n<p><img decoding=\"async\" src=\"\/wp-content\/uploads\/factory-09.webp\"\/><\/p>\n<h3>Anodiz\u00e1l\u00f3 m\u0171hely<\/h3>\n<p><img decoding=\"async\" src=\"\/wp-content\/uploads\/factory-10.webp\"\/><\/p>\n<h3>M\u00e9ly feldolgoz\u00e1si m\u0171hely<\/h3>\n<p><img decoding=\"async\" src=\"\/wp-content\/uploads\/factory-11.webp\"\/><\/p>\n<h3>CNC prec\u00edzi\u00f3s megmunk\u00e1l\u00f3 m\u0171hely<\/h3>\n<p><img decoding=\"async\" src=\"\/wp-content\/uploads\/factory-11.5.webp\"\/><\/p>\n<h3>K\u00e9szterm\u00e9k \u00e9s export rakt\u00e1r<\/h3>\n<p><img decoding=\"async\" src=\"\/wp-content\/uploads\/factory-12.webp\"\/><\/p>\n<p><img decoding=\"async\" src=\"\/wp-content\/uploads\/factory-13.webp\"\/><\/p>\n<p><img decoding=\"async\" src=\"\/wp-content\/uploads\/factory-14.webp\"\/><\/p>\n<h2>GYIK<\/h2>\n<p><p><b>1.Mik a f\u0151 el\u0151nyei az extrud\u00e1lt alum\u00ednium tok haszn\u00e1lat\u00e1nak?<\/b><\/p>\n<p>Az extrud\u00e1lt alum\u00ednium tokok tart\u00f3ss\u00e1got, k\u00f6nny\u0171 kialak\u00edt\u00e1st \u00e9s kiv\u00e1l\u00f3 v\u00e9delmet ny\u00fajtanak a k\u00f6rnyezeti t\u00e9nyez\u0151kkel szemben, \u00edgy ide\u00e1lisak az \u00e9rz\u00e9keny elektronikus alkatr\u00e9szek sz\u00e1m\u00e1ra.<br \/>\n<\/p><br \/>\n<br \/>\n<p><b>2.Hogyan seg\u00edt az extrud\u00e1lt alum\u00ednium tok a h\u0151elvezet\u00e9sben?<\/b><\/p>\n<p>Az anyag h\u0151vezet\u0151 k\u00e9pess\u00e9ge lehet\u0151v\u00e9 teszi a hat\u00e9kony h\u0151elvezet\u00e9st, megakad\u00e1lyozza a t\u00falmeleged\u00e9st, \u00e9s fokozza a bels\u0151 alkatr\u00e9szek teljes\u00edtm\u00e9ny\u00e9t \u00e9s \u00e9lettartam\u00e1t.<br \/>\n<\/p><br \/>\n<br \/>\n<p><b>3.Are extrud\u00e1lt alum\u00ednium tokok testreszabhat\u00f3?<\/b><\/p>\n<p>Igen, az extrud\u00e1lt alum\u00ednium tokok m\u00e9retben, alakban \u00e9s kialak\u00edt\u00e1sban testre szabhat\u00f3k, hogy megfeleljenek az alkalmaz\u00e1s egyedi k\u00f6vetelm\u00e9nyeinek, \u00edgy biztos\u00edtva a t\u00f6k\u00e9letes illeszked\u00e9st.<br \/>\n<\/p><br \/>\n<br \/>\n<p><b>4.Can extrud\u00e1lt alum\u00ednium tokok lehet haszn\u00e1lni a zord k\u00f6rnyezetben?<\/b><\/p>\n<p>Igen, az extrud\u00e1lt alum\u00ednium tokok rendk\u00edv\u00fcl ellen\u00e1llnak a korr\u00f3zi\u00f3nak, \u00edgy ig\u00e9nyes k\u00f6rnyezetben, p\u00e9ld\u00e1ul tengeri, ipari \u00e9s k\u00fclt\u00e9ri k\u00f6rnyezetben is haszn\u00e1lhat\u00f3k.<br \/>\n<\/p><br \/>\n<br \/>\n<p><b>5.What teszi Extrud\u00e1lt alum\u00ednium tokok k\u00f6nny\u0171, m\u00e9gis er\u0151s?<\/b><\/p>\n<p>Az extrud\u00e1lt alum\u00ednium tokok kiv\u00e1l\u00f3 min\u0151s\u00e9g\u0171 alum\u00edniumb\u00f3l k\u00e9sz\u00fclnek, t\u00f6k\u00e9letes egyens\u00falyt biztos\u00edtva a szil\u00e1rds\u00e1g \u00e9s a s\u00faly k\u00f6z\u00f6tt, megb\u00edzhat\u00f3 v\u00e9delmet biztos\u00edtva felesleges t\u00f6meg n\u00e9lk\u00fcl.<br \/>\n<\/p><br \/>\n<br \/>\n<p><b>6.How extrud\u00e1lt alum\u00ednium tokok jav\u00edtj\u00e1k a sz\u00e1ll\u00edt\u00e1s \u00e9s a kezel\u00e9s hat\u00e9konys\u00e1g\u00e1t?<\/b><\/p>\n<p>K\u00f6nny\u0171 kialak\u00edt\u00e1suk cs\u00f6kkenti a sz\u00e1ll\u00edt\u00e1si k\u00f6lts\u00e9geket \u00e9s egyszer\u0171s\u00edti a sz\u00e1ll\u00edt\u00e1s k\u00f6zbeni kezel\u00e9st, mik\u00f6zben robusztus v\u00e9delmet ny\u00fajtanak az \u00e9rz\u00e9keny berendez\u00e9sek sz\u00e1m\u00e1ra.<br \/>\n<\/p><br \/>\n<br \/>\n<p><b>7.Are extrud\u00e1lt alum\u00ednium tokok k\u00f6rnyezetbar\u00e1t?<\/b><\/p>\n<p>Igen, az extrud\u00e1lt alum\u00ednium tokok \u00fajrahasznos\u00edthat\u00f3k, hozz\u00e1j\u00e1rulva a fenntarthat\u00f3s\u00e1ghoz \u00e9s a gy\u00e1rt\u00e1si folyamat sor\u00e1n keletkez\u0151 hullad\u00e9k cs\u00f6kkent\u00e9s\u00e9hez.<br \/>\n<\/p><br \/>\n<br \/>\n<p><b>8.How k\u00f6lts\u00e9ghat\u00e9konyak az extrud\u00e1lt alum\u00ednium tokok?<\/b><\/p>\n<p>Az extrud\u00e1lt alum\u00ednium tokok k\u00f6lts\u00e9ghat\u00e9kony v\u00e9delmet ny\u00fajtanak a hat\u00e9kony gy\u00e1rt\u00e1si folyamatnak, az alacsonyabb anyagk\u00f6lts\u00e9geknek \u00e9s a hossz\u00fa t\u00e1v\u00fa tart\u00f3ss\u00e1gnak k\u00f6sz\u00f6nhet\u0151en, ami cs\u00f6kkenti a gyakori cser\u00e9k sz\u00fcks\u00e9gess\u00e9g\u00e9t.<br \/>\n<\/p><br \/><\/p>","protected":false},"featured_media":8203,"template":"","categories":[54],"class_list":["post-8204","product","type-product","status-publish","has-post-thumbnail","hentry","category-industrial-aluminum-profiles"],"meta_box":{"hilight_text_group":{"product_hilight_text":"<li>Durable and robust, providing superior protection for electronic components and sensitive equipment.<\/li>\r\r\n<li>Lightweight design without compromising on strength, reducing shipping and handling costs.<\/li>\r\r\n<li>Excellent heat dissipation properties, extending the lifespan of internal components.<\/li>\r\r\n<li>Corrosion-resistant, making it ideal for use in demanding environments such as marine and industrial applications.<\/li>\r\r\n<li>Customizable size and shape options to meet specific application needs and ensure a perfect fit.<\/li>\r\r\n<li>Efficient manufacturing process, reducing production time and costs for large orders.<\/li>\r\r\n<li>Recyclable and environmentally friendly, promoting sustainability in the production process.<\/li>","product_chanpin_blog":"<ul>\r\r\n<li><a href=\"https:\/\/sinoextrud.com\/t-slot-v-slot-differences\/\" target=\"_blank\">t slot vs v slot<\/a><\/li>\r\r\n<li><a href=\"https:\/\/sinoextrud.com\/what-is-4040-aluminium-extrud\/\" target=\"_blank\">4040 aluminium extrusion<\/a><\/li>\r\r\n<li><a href=\"https:\/\/sinoextrud.com\/what-is-4040-aluminium-extrud\/\" target=\"_blank\">aluminum extrusions for industrial racks<\/a><\/li>\r\r\n<li><a href=\"https:\/\/sinoextrud.com\/powder-coating-aluminium-process\/\" target=\"_blank\">powder coating aluminium<\/a><\/li>\r\r\n<li><a href=\"https:\/\/sinoextrud.com\/what-is-an-aluminium-strip-ceiling\/\" target=\"_blank\">aluminium strip ceiling<\/a><\/li>\r\r\n<li><a href=\"https:\/\/sinoextrud.com\/what-is-a-heat-sink\/\" target=\"_blank\">what is a heat sink<\/a><\/li>\r\r\n<\/ul>","product_chanpin_chanpin":"<li><a href=\"https:\/\/sinoextrud.com\/product\/extrude-6000-series-aluminium-bar\/\" target=\"_blank\">Extrude 6000 Series Aluminium bar<\/a><\/li>\r\n<li><a href=\"https:\/\/sinoextrud.com\/product\/v-slot-rail-aluminum-profile-extrusion\/\" target=\"_blank\">V Slot Rail Aluminum Profile Extrusion<\/a><\/li>\r\n<li><a href=\"https:\/\/sinoextrud.com\/product\/extruded-aluminium-profiles-heat-sink\/\" target=\"_blank\">Extruded Aluminium Profiles Heat Sink<\/a><\/li>\r\n<li><a href=\"https:\/\/sinoextrud.com\/product\/industrial-aluminium-profiles\/\" target=\"_blank\">Industrial Aluminium Profiles<\/a><\/li>\r\n<li><a href=\"https:\/\/sinoextrud.com\/product\/extruded-aluminum-case\/\" target=\"_blank\">Extruded Aluminum Case<\/a><\/li>\r\n<li><a href=\"https:\/\/sinoextrud.com\/product\/industrial-aluminum-profile-cad-drawing-uses-in-industry-customized-extrusion-press-manufacturers\/\" target=\"_blank\">industrial aluminum profile cad drawing uses in industry customized extrusion press manufacturers<\/a><\/li>\r\n<li><a href=\"https:\/\/sinoextrud.com\/product\/extruded-aluminum-framing-systems\/\" target=\"_blank\">Extruded Aluminum Framing Systems<\/a><\/li>\r\n<li><a href=\"https:\/\/sinoextrud.com\/product\/extruded-aluminum-h-channel\/\" target=\"_blank\">Extruded Aluminum H Channel<\/a><\/li>\r\n<li><a href=\"https:\/\/sinoextrud.com\/product\/polished-aluminum-profile-bending-cnc-industrial-aluminium\/\" target=\"_blank\">Polished Aluminum Profile Bending CNC Industrial Aluminium<\/a><\/li>\r\n<li><a href=\"https:\/\/sinoextrud.com\/product\/aluminium-profile-for-glass-roof\/\" target=\"_blank\">Aluminium Profile For Glass Roof<\/a><\/li>\r\n<li><a href=\"https:\/\/sinoextrud.com\/product\/aluminum-glass-channel\/\" target=\"_blank\">Aluminum Glass Channel<\/a><\/li>"},"feature_list":[]},"_links":{"self":[{"href":"https:\/\/sinoextrud.com\/hu\/wp-json\/wp\/v2\/product\/8204","targetHints":{"allow":["GET"]}}],"collection":[{"href":"https:\/\/sinoextrud.com\/hu\/wp-json\/wp\/v2\/product"}],"about":[{"href":"https:\/\/sinoextrud.com\/hu\/wp-json\/wp\/v2\/types\/product"}],"wp:featuredmedia":[{"embeddable":true,"href":"https:\/\/sinoextrud.com\/hu\/wp-json\/wp\/v2\/media\/8203"}],"wp:attachment":[{"href":"https:\/\/sinoextrud.com\/hu\/wp-json\/wp\/v2\/media?parent=8204"}],"wp:term":[{"taxonomy":"category","embeddable":true,"href":"https:\/\/sinoextrud.com\/hu\/wp-json\/wp\/v2\/categories?post=8204"}],"curies":[{"name":"wp","href":"https:\/\/api.w.org\/{rel}","templated":true}]}}