{"id":8199,"date":"2025-06-13T07:37:35","date_gmt":"2025-06-13T07:37:35","guid":{"rendered":"https:\/\/sinoextrud.com\/product\/extruded-aluminium-profiles-heat-sink\/"},"modified":"2025-06-24T06:23:20","modified_gmt":"2025-06-24T06:23:20","slug":"extrudalt-aluminium-profilok-hutoborda","status":"publish","type":"product","link":"https:\/\/sinoextrud.com\/hu\/product\/extruded-aluminium-profiles-heat-sink\/","title":{"rendered":"Extrud\u00e1lt alum\u00ednium profilok h\u0171t\u0151borda"},"content":{"rendered":"<h2>Term\u00e9kek r\u00e9szletei<\/h2>\n<table class=\"custom-table\">\n<tbody>\n<tr>\n<td> T\u00e9tel<\/td>\n<td> Extrud\u00e1lt alum\u00ednium profilok h\u0171t\u0151borda<\/td>\n<\/tr>\n<tr>\n<td> Shape<\/td>\n<td> n\u00e9gyzet, kerek, t\u00e9glalap alak\u00fa, egyedi m\u00e9retre szabott<\/td>\n<\/tr>\n<tr>\n<td> Alkalmaz\u00e1s<\/td>\n<td> B\u00fatorok, ablakok \u00e9s ajt\u00f3k, dekor\u00e1ci\u00f3k, ipar, \u00e9p\u00edt\u0151ipar \u00e9s \u00edgy tov\u00e1bb.<\/td>\n<\/tr>\n<tr>\n<td> Sz\u00ednek<\/td>\n<td> Ref porbevonat sz\u00ednes lap \u00e9s testreszabott sz\u00edn el\u00e9rhet\u0151<\/td>\n<\/tr>\n<tr>\n<td> M\u00e9ly folyamat<\/td>\n<td> CNC, f\u00far\u00e1s, mar\u00e1s, v\u00e1g\u00e1s, hegeszt\u00e9s, hajl\u00edt\u00e1s, \u00f6sszeszerel\u00e9s<\/td>\n<\/tr>\n<tr>\n<td> MOQ<\/td>\n<td> 200 kg minden egyes t\u00e9tel eset\u00e9ben<\/td>\n<\/tr>\n<tr>\n<td> Csomagol\u00e1s r\u00e9szletei<\/td>\n<td> (1) Bel\u00fcl: m\u0171anyag v\u00e9d\u0151f\u00f3li\u00e1val csomagolva az egyes darabok v\u00e9delme \u00e9rdek\u00e9ben<br \/> (2) K\u00edv\u00fcl: V\u00edz\u00e1ll\u00f3 k\u00e9zm\u0171ves pap\u00edrral csomagolva.<\/td>\n<\/tr>\n<tr>\n<td> Fizet\u00e9si felt\u00e9telek<\/td>\n<td> T \/ T 30% let\u00e9tbe helyez\u00e9s, egyenleg a sz\u00e1ll\u00edt\u00e1s el\u0151tt.<\/td>\n<\/tr>\n<tr>\n<td> Elsz\u00e1mol\u00e1si hat\u00e1rid\u0151<\/td>\n<td> A v\u00e9gs\u0151 t\u00e9nyleges t\u00f6meg vagy az elm\u00e9leti s\u00faly alapj\u00e1n t\u00f6rt\u00e9n\u0151 sz\u00e1ml\u00e1z\u00e1s.<\/td>\n<\/tr>\n<tr>\n<td> Termel\u00e9si kapacit\u00e1s<\/td>\n<td> 15 000 tonna havonta, 200 000 tonna \u00e9vente.<\/td>\n<\/tr>\n<tr>\n<td> Garancia<\/td>\n<td> A fel\u00fclet sz\u00edne 10~20 \u00e9vig stabil lehet belt\u00e9ri haszn\u00e1latban.<\/td>\n<\/tr>\n<\/tbody>\n<\/table>\n<h2>Gy\u00e1rt\u00f3 b\u00e1zisunk<\/h2>\n<h3>Gy\u00e1ri panor\u00e1ma<\/h3>\n<p><img decoding=\"async\" src=\"\/wp-content\/uploads\/factory-01.webp\"\/><\/p>\n<h3>Alum\u00ednium r\u00fadgy\u00e1rt\u00f3 m\u0171hely<\/h3>\n<p><img decoding=\"async\" src=\"\/wp-content\/uploads\/factory-02.webp\"\/><\/p>\n<\/p>\n<p><img decoding=\"async\" src=\"\/wp-content\/uploads\/factory-03.webp\"\/><\/p>\n<h3>Pen\u00e9sz rakt\u00e1r<\/h3>\n<p><img decoding=\"async\" src=\"\/wp-content\/uploads\/factory-04.webp\"\/><\/p>\n<h3>43 alum\u00ednium extrud\u00e1l\u00f3 vonal (500-5500 tonna)<\/h3>\n<p><img decoding=\"async\" src=\"\/wp-content\/uploads\/factory-05.webp\"\/><\/p>\n<p><img decoding=\"async\" src=\"\/wp-content\/uploads\/factory-06.webp\"\/><\/p>\n<p><img decoding=\"async\" src=\"\/wp-content\/uploads\/factory-07.webp\"\/><\/p>\n<h3>Porfest\u0151 m\u0171hely<\/h3>\n<p><img decoding=\"async\" src=\"\/wp-content\/uploads\/factory-09.webp\"\/><\/p>\n<h3>Anodiz\u00e1l\u00f3 m\u0171hely<\/h3>\n<p><img decoding=\"async\" src=\"\/wp-content\/uploads\/factory-10.webp\"\/><\/p>\n<h3>M\u00e9ly feldolgoz\u00e1si m\u0171hely<\/h3>\n<p><img decoding=\"async\" src=\"\/wp-content\/uploads\/factory-11.webp\"\/><\/p>\n<h3>CNC prec\u00edzi\u00f3s megmunk\u00e1l\u00f3 m\u0171hely<\/h3>\n<p><img decoding=\"async\" src=\"\/wp-content\/uploads\/factory-11.5.webp\"\/><\/p>\n<h3>K\u00e9szterm\u00e9k \u00e9s export rakt\u00e1r<\/h3>\n<p><img decoding=\"async\" src=\"\/wp-content\/uploads\/factory-12.webp\"\/><\/p>\n<p><img decoding=\"async\" src=\"\/wp-content\/uploads\/factory-13.webp\"\/><\/p>\n<p><img decoding=\"async\" src=\"\/wp-content\/uploads\/factory-14.webp\"\/><\/p>\n<h2>GYIK<\/h2>\n<p><b>1.Mi teszi az extrud\u00e1lt alum\u00ednium profilok h\u0171t\u0151bord\u00e1j\u00e1t hat\u00e9konny\u00e1?<\/b><\/p>\n<p>Az extrud\u00e1lt alum\u00edniumprofilok maximaliz\u00e1lj\u00e1k a fel\u00fcletet, kiv\u00e1l\u00f3 h\u0151elvezet\u00e9st biztos\u00edtanak, \u00e9s optim\u00e1lis h\u0151m\u00e9rs\u00e9kleten tartj\u00e1k az elektronikus alkatr\u00e9szeket.\n<\/p>\n<p><\/p>\n<p><b>2.Mennyire tart\u00f3s az extrud\u00e1lt alum\u00ednium profilok h\u0171t\u0151bord\u00e1ja?<\/b><\/p>\n<p>K\u00f6nny\u0171, m\u00e9gis tart\u00f3s alum\u00edniumb\u00f3l k\u00e9sz\u00fclt, \u00edgy hossz\u00fa t\u00e1v\u00fa teljes\u00edtm\u00e9nyt biztos\u00edt m\u00e9g ig\u00e9nyes k\u00f6rnyezetben is.\n<\/p>\n<p><\/p>\n<p><b>3.Can az extrud\u00e1lt alum\u00ednium profilok h\u0171t\u0151bord\u00e1ja testre szabhat\u00f3?<\/b><\/p>\n<p>Igen, a profilok a k\u00fcl\u00f6nb\u00f6z\u0151 ipar\u00e1gak egyedi h\u0151kezel\u00e9si ig\u00e9nyeihez igaz\u00edthat\u00f3k, \u00edgy rugalmasan tervezhet\u0151k.\n<\/p>\n<p><\/p>\n<p><b>4.Az extrud\u00e1lt alum\u00ednium profilok h\u0171t\u0151bord\u00e1ja alkalmas k\u00fclt\u00e9ri haszn\u00e1latra?<\/b><\/p>\n<p>Igen, korr\u00f3zi\u00f3\u00e1ll\u00f3 alum\u00ednium anyaga ide\u00e1lis belt\u00e9ri \u00e9s k\u00fclt\u00e9ri haszn\u00e1latra egyar\u00e1nt.\n<\/p>\n<p><\/p>\n<p><b>5.Hogyan jav\u00edtja az extrud\u00e1lt alum\u00ednium profilok h\u0171t\u0151bord\u00e1ja az elektronikus teljes\u00edtm\u00e9nyt?<\/b><\/p>\n<p>A h\u0151 hat\u00e9kony elvezet\u00e9s\u00e9vel megakad\u00e1lyozza a t\u00falmeleged\u00e9st, seg\u00edt fenntartani az elektronikus alkatr\u00e9szek teljes\u00edtm\u00e9ny\u00e9t \u00e9s \u00e9lettartam\u00e1t.\n<\/p>\n<p><\/p>\n<p><b>6.Milyen ipar\u00e1gak r\u00e9szes\u00fclnek az extrud\u00e1lt alum\u00ednium profilok h\u0171t\u0151bord\u00e1ib\u00f3l?<\/b><\/p>\n<p>\u00c1ltal\u00e1nosan haszn\u00e1lj\u00e1k az elektronik\u00e1ban, a LED-es vil\u00e1g\u00edt\u00e1sban, a t\u00e1pegys\u00e9gekben \u00e9s m\u00e1s ipar\u00e1gakban, amelyek hat\u00e9kony h\u0151kezel\u00e9si megold\u00e1sokat ig\u00e9nyelnek.\n<\/p>\n<p><\/p>\n<p><b>7.Hogyan el\u0151ny\u00f6s a v\u00e1llalkoz\u00e1sok sz\u00e1m\u00e1ra az extrud\u00e1lt alum\u00ednium profilok h\u0171t\u0151bord\u00e1j\u00e1nak k\u00f6lts\u00e9ghat\u00e9konys\u00e1ga?<\/b><\/p>\n<p>Megfizethet\u0151 \u00e9s megb\u00edzhat\u00f3 h\u0171t\u00e9si megold\u00e1st k\u00edn\u00e1l, cs\u00f6kkentve a tov\u00e1bbi h\u0171t\u0151rendszerek sz\u00fcks\u00e9gess\u00e9g\u00e9t \u00e9s meghosszabb\u00edtva a kritikus alkatr\u00e9szek \u00e9lettartam\u00e1t.\n<\/p>\n<p><\/p>","protected":false},"featured_media":8198,"template":"","categories":[54],"class_list":["post-8199","product","type-product","status-publish","has-post-thumbnail","hentry","category-industrial-aluminum-profiles"],"meta_box":{"hilight_text_group":{"product_hilight_text":"<li>Efficient heat dissipation through extruded aluminum profiles, ensuring optimal cooling performance.<\/li>\r\r\n<li>Lightweight and durable, offering both strength and ease of handling for various applications.<\/li>\r\r\n<li>Customizable profile options to meet specific thermal management needs in diverse industries.<\/li>\r\r\n<li>Corrosion-resistant aluminum material, providing long-lasting protection in harsh environments.<\/li>\r\r\n<li>Cost-effective solution for managing heat in electronics, LED lights, and power supply systems.<\/li>","product_chanpin_blog":"<ul>\r\r\n<li><a href=\"https:\/\/sinoextrud.com\/t-slot-v-slot-differences\/\" target=\"_blank\">t slot vs v slot<\/a><\/li>\r\r\n<li><a href=\"https:\/\/sinoextrud.com\/what-is-4040-aluminium-extrud\/\" target=\"_blank\">4040 aluminium extrusion<\/a><\/li>\r\r\n<li><a href=\"https:\/\/sinoextrud.com\/what-is-4040-aluminium-extrud\/\" target=\"_blank\">aluminum extrusions for industrial racks<\/a><\/li>\r\r\n<li><a href=\"https:\/\/sinoextrud.com\/powder-coating-aluminium-process\/\" target=\"_blank\">powder coating aluminium<\/a><\/li>\r\r\n<li><a href=\"https:\/\/sinoextrud.com\/what-is-an-aluminium-strip-ceiling\/\" target=\"_blank\">aluminium strip ceiling<\/a><\/li>\r\r\n<li><a href=\"https:\/\/sinoextrud.com\/what-is-a-heat-sink\/\" target=\"_blank\">what is a heat sink<\/a><\/li>\r\r\n<\/ul>","product_chanpin_chanpin":"<li><a href=\"https:\/\/sinoextrud.com\/product\/customized-new-energy-conservation-anodized-aluminum-profile-frame-for-solar-panel-frame\/\" target=\"_blank\">Customized New Energy Conservation Anodized Aluminum Profile Frame For Solar Panel Frame<\/a><\/li>\r\n<li><a href=\"https:\/\/sinoextrud.com\/product\/cutting-bending-aluminum-led-strip-heatsink\/\" target=\"_blank\">Cutting Bending Aluminum LED Strip Heatsink<\/a><\/li>\r\n<li><a href=\"https:\/\/sinoextrud.com\/product\/extrude-6000-series-aluminium-bar\/\" target=\"_blank\">Extrude 6000 Series Aluminium bar<\/a><\/li>\r\n<li><a href=\"https:\/\/sinoextrud.com\/product\/v-slot-rail-aluminum-profile-extrusion\/\" target=\"_blank\">V Slot Rail Aluminum Profile Extrusion<\/a><\/li>\r\n<li><a href=\"https:\/\/sinoextrud.com\/product\/extruded-aluminium-profiles-heat-sink\/\" target=\"_blank\">Extruded Aluminium Profiles Heat Sink<\/a><\/li>\r\n<li><a href=\"https:\/\/sinoextrud.com\/product\/industrial-aluminium-profiles\/\" target=\"_blank\">Industrial Aluminium Profiles<\/a><\/li>\r\n<li><a href=\"https:\/\/sinoextrud.com\/product\/extruded-aluminum-case\/\" target=\"_blank\">Extruded Aluminum Case<\/a><\/li>\r\n<li><a href=\"https:\/\/sinoextrud.com\/product\/industrial-aluminum-profile-cad-drawing-uses-in-industry-customized-extrusion-press-manufacturers\/\" target=\"_blank\">industrial aluminum profile cad drawing uses in industry customized extrusion press manufacturers<\/a><\/li>\r\n<li><a href=\"https:\/\/sinoextrud.com\/product\/extruded-aluminum-framing-systems\/\" target=\"_blank\">Extruded Aluminum Framing Systems<\/a><\/li>\r\n<li><a href=\"https:\/\/sinoextrud.com\/product\/aluminium-oxide\/\" target=\"_blank\">Aluminium Oxide<\/a><\/li>\r\n<li><a href=\"https:\/\/sinoextrud.com\/product\/aluminum-channel-for-plexiglass\/\" target=\"_blank\">Aluminum Channel For Plexiglass<\/a><\/li>"},"feature_list":[]},"_links":{"self":[{"href":"https:\/\/sinoextrud.com\/hu\/wp-json\/wp\/v2\/product\/8199","targetHints":{"allow":["GET"]}}],"collection":[{"href":"https:\/\/sinoextrud.com\/hu\/wp-json\/wp\/v2\/product"}],"about":[{"href":"https:\/\/sinoextrud.com\/hu\/wp-json\/wp\/v2\/types\/product"}],"wp:featuredmedia":[{"embeddable":true,"href":"https:\/\/sinoextrud.com\/hu\/wp-json\/wp\/v2\/media\/8198"}],"wp:attachment":[{"href":"https:\/\/sinoextrud.com\/hu\/wp-json\/wp\/v2\/media?parent=8199"}],"wp:term":[{"taxonomy":"category","embeddable":true,"href":"https:\/\/sinoextrud.com\/hu\/wp-json\/wp\/v2\/categories?post=8199"}],"curies":[{"name":"wp","href":"https:\/\/api.w.org\/{rel}","templated":true}]}}