{"id":8191,"date":"2025-06-13T07:29:45","date_gmt":"2025-06-13T07:29:45","guid":{"rendered":"https:\/\/sinoextrud.com\/product\/customized-new-energy-conservation-anodized-aluminum-profile-frame-for-solar-panel-frame\/"},"modified":"2025-06-24T06:23:19","modified_gmt":"2025-06-24T06:23:19","slug":"testreszabott-uj-energiatakarekossagi-eloxalt-aluminium-profilkeret-napelem-kerethez","status":"publish","type":"product","link":"https:\/\/sinoextrud.com\/hu\/product\/customized-new-energy-conservation-anodized-aluminum-profile-frame-for-solar-panel-frame\/","title":{"rendered":"Testreszabott \u00faj energiatakar\u00e9koss\u00e1gi elox\u00e1lt alum\u00ednium profilkeret a napelemkerethez"},"content":{"rendered":"<h2>Term\u00e9kek r\u00e9szletei<\/h2>\n<table class=\"custom-table\">\n<tbody>\n<tr>\n<td> T\u00e9tel:<\/td>\n<td> Testreszabott \u00faj energiatakar\u00e9koss\u00e1gi elox\u00e1lt alum\u00ednium profilkeret a napelemkerethez<\/td>\n<td> Oszt\u00e1ly:<\/td>\n<td> 6000-es sorozat<\/td>\n<\/tr>\n<tr>\n<td> Lelkiismeretesen:<\/td>\n<td> T3-T8<\/td>\n<td> Sz\u00e1rmaz\u00e1si hely:<\/td>\n<td> Foshan, Guangdong<\/td>\n<\/tr>\n<tr>\n<td> Alak:<\/td>\n<td> testreszabott<\/td>\n<td> \u00d6tv\u00f6zet vagy sem:<\/td>\n<td> Az \u00f6tv\u00f6zet<\/td>\n<\/tr>\n<tr>\n<td> Tolerancia:<\/td>\n<td> \u00b10,5%<\/td>\n<td> M\u00e1rka:<\/td>\n<td> Sinoextrud<\/td>\n<\/tr>\n<tr>\n<td> Jellemz\u0151:<\/td>\n<td> \u00daj energiatakar\u00e9koss\u00e1g<\/td>\n<td> Fel\u00fcletkezel\u00e9s:<\/td>\n<td> Elox\u00e1lt<\/td>\n<\/tr>\n<tr>\n<td> Sz\u00e1ll\u00edt\u00e1si id\u0151:<\/td>\n<td> 25-30 nap<\/td>\n<td> MOQ:<\/td>\n<td> 200KG<\/td>\n<\/tr>\n<tr>\n<td> Fizet\u00e9si hat\u00e1rid\u0151:<\/td>\n<td> T\/T (30% let\u00e9t), L\/C<\/td>\n<td> Feldolgoz\u00f3 szolg\u00e1ltat\u00e1s:<\/td>\n<td> CNC megmunk\u00e1l\u00e1s<\/td>\n<\/tr>\n<tr>\n<td> Kik\u00f6t\u0151:<\/td>\n<td> Guangzhou, Shenzhen, Foshan<\/td>\n<td> Hossz::<\/td>\n<td> Egy\u00e9ni hossz<\/td>\n<\/tr>\n<tr>\n<td> T\u00edpus:<\/td>\n<td> Alum\u00ednium profilkeret<\/td>\n<td> Haszn\u00e1lat:<\/td>\n<td> Ipari<\/td>\n<\/tr>\n<\/tbody>\n<\/table>\n<h2>Gy\u00e1rt\u00f3 b\u00e1zisunk<\/h2>\n<h3>Gy\u00e1ri panor\u00e1ma<\/h3>\n<p><img decoding=\"async\" src=\"\/wp-content\/uploads\/factory-01.webp\"\/><\/p>\n<h3>Alum\u00ednium r\u00fadgy\u00e1rt\u00f3 m\u0171hely<\/h3>\n<p><img decoding=\"async\" src=\"\/wp-content\/uploads\/factory-02.webp\"\/><\/p>\n<p><img decoding=\"async\" src=\"\/wp-content\/uploads\/factory-03.webp\"\/><\/p>\n<h3>Pen\u00e9sz rakt\u00e1r<\/h3>\n<p><img decoding=\"async\" src=\"\/wp-content\/uploads\/factory-04.webp\"\/><\/p>\n<h3>43 alum\u00ednium extrud\u00e1l\u00f3 vonal (500-5500 tonna)<\/h3>\n<p><img decoding=\"async\" src=\"\/wp-content\/uploads\/factory-05.webp\"\/><\/p>\n<p><img decoding=\"async\" src=\"\/wp-content\/uploads\/factory-06.webp\"\/><\/p>\n<p><img decoding=\"async\" src=\"\/wp-content\/uploads\/factory-07.webp\"\/><\/p>\n<h3>Porfest\u0151 m\u0171hely<\/h3>\n<p><img decoding=\"async\" src=\"\/wp-content\/uploads\/factory-09.webp\"\/><\/p>\n<h3>Anodiz\u00e1l\u00f3 m\u0171hely<\/h3>\n<p><img decoding=\"async\" src=\"\/wp-content\/uploads\/factory-10.webp\"\/><\/p>\n<h3>M\u00e9ly feldolgoz\u00e1si m\u0171hely<\/h3>\n<p><img decoding=\"async\" src=\"\/wp-content\/uploads\/factory-11.webp\"\/><\/p>\n<h3>CNC prec\u00edzi\u00f3s megmunk\u00e1l\u00f3 m\u0171hely<\/h3>\n<p><img decoding=\"async\" src=\"\/wp-content\/uploads\/factory-11.5.webp\"\/><\/p>\n<h3>K\u00e9szterm\u00e9k \u00e9s export rakt\u00e1r<\/h3>\n<p><img decoding=\"async\" src=\"\/wp-content\/uploads\/factory-12.webp\"\/><\/p>\n<p><img decoding=\"async\" src=\"\/wp-content\/uploads\/factory-13.webp\"\/><\/p>\n<p><img decoding=\"async\" src=\"\/wp-content\/uploads\/factory-14.webp\"\/><\/p>\n<h2>GYIK<\/h2>\n<p><p><b>1.Mi az elox\u00e1lt alum\u00ednium profil, amelyet a napelemkeretekben haszn\u00e1lnak? <\/b><\/p>\n<p>Az elox\u00e1lt alum\u00edniumprofilb\u00f3l tart\u00f3s, k\u00f6nny\u0171 \u00e9s korr\u00f3zi\u00f3\u00e1ll\u00f3 kereteket k\u00e9sz\u00edtenek a napelemek sz\u00e1m\u00e1ra, amelyek hossz\u00fa t\u00e1v\u00fa teljes\u00edtm\u00e9nyt \u00e9s v\u00e9delmet biztos\u00edtanak.<br \/>\n<\/p><br \/>\n<br \/>\n<p><b>2.Mi\u00e9rt fontos az elox\u00e1lt fel\u00fclet a napelemkeretekn\u00e9l? <\/b><\/p>\n<p>Az elox\u00e1lt fel\u00fclet fokozza az alum\u00ednium korr\u00f3zi\u00f3\u00e1ll\u00f3s\u00e1g\u00e1t, biztos\u00edtva, hogy a napelemkeret s\u00e9rtetlen maradjon, \u00e9s m\u00e9g zord k\u00fclt\u00e9ri k\u00f6rnyezetben is j\u00f3l teljes\u00edtsen.<br \/>\n<\/p><br \/>\n<br \/>\n<p><b>3.Az alum\u00ednium profilok testre szabhat\u00f3k az adott napelemes projektekhez? <\/b><\/p>\n<p>Igen, az alum\u00edniumprofilok m\u00e9ret\u00fck, alakjuk \u00e9s kialak\u00edt\u00e1suk tekintet\u00e9ben testre szabhat\u00f3k, hogy megfeleljenek a k\u00fcl\u00f6nb\u00f6z\u0151 napelemes berendez\u00e9sek egyedi ig\u00e9nyeinek.<br \/>\n<\/p><br \/>\n<br \/>\n<p><b>4.Milyen el\u0151ny\u00f6kkel j\u00e1r az alum\u00edniumprofil k\u00f6nny\u0171s\u00e9ge a napelemkeretek sz\u00e1m\u00e1ra? <\/b><\/p>\n<p>A k\u00f6nny\u0171 alum\u00edniumkeret cs\u00f6kkenti a napelemes rendszer teljes s\u00faly\u00e1t, \u00edgy k\u00f6nnyebben kezelhet\u0151 \u00e9s telep\u00edthet\u0151, ugyanakkor er\u0151s szerkezeti tart\u00e1st biztos\u00edt.<br \/>\n<\/p><br \/>\n<br \/>\n<p><b>5.Milyen el\u0151ny\u00f6kkel j\u00e1r az elox\u00e1lt alum\u00ednium haszn\u00e1lata a napelemkeretekhez? <\/b><\/p>\n<p>Az elox\u00e1lt alum\u00ednium kiv\u00e1l\u00f3 korr\u00f3zi\u00f3\u00e1ll\u00f3s\u00e1got, tart\u00f3ss\u00e1got \u00e9s hossz\u00fa t\u00e1v\u00fa teljes\u00edtm\u00e9nyt biztos\u00edt, \u00edgy ide\u00e1lis az id\u0151j\u00e1r\u00e1si \u00e9s k\u00f6rnyezeti elemeknek kitett napelemkeretekhez.<br \/>\n<\/p><br \/>\n<br \/>\n<p><b>6.Hogyan jav\u00edtja az egyedi alum\u00edniumprofilok haszn\u00e1lata a napelemek telep\u00edt\u00e9s\u00e9t? <\/b><\/p>\n<p>Az egyedi alum\u00edniumprofilok lehet\u0151v\u00e9 teszik a pontos illeszked\u00e9st \u00e9s az egyes napelem-projektekhez igazod\u00f3 kialak\u00edt\u00e1st, cs\u00f6kkentve a telep\u00edt\u00e9si id\u0151t \u00e9s biztos\u00edtva a biztons\u00e1gos illeszked\u00e9st.<br \/>\n<\/p><br \/>\n<br \/>\n<p><b>7.A napelemkeretek alum\u00edniumprofilja k\u00f6rnyezetbar\u00e1t? <\/b><\/p>\n<p>Igen, az elox\u00e1lt alum\u00edniumprofil k\u00f6rnyezetbar\u00e1t megold\u00e1s, amely t\u00e1mogatja az energiatakar\u00e9koss\u00e1got \u00e9s a fenntarthat\u00f3s\u00e1got, hozz\u00e1j\u00e1rulva a napenergia-rendszerek \u00e1ltal\u00e1nos k\u00f6rnyezeti el\u0151nyeihez.<br \/>\n<\/p><br \/><\/p>","protected":false},"featured_media":8190,"template":"","categories":[54],"class_list":["post-8191","product","type-product","status-publish","has-post-thumbnail","hentry","category-industrial-aluminum-profiles"],"meta_box":{"hilight_text_group":{"product_hilight_text":"<ul>\r\r\n  <li>Customized anodized aluminum profiles specifically designed for durable solar panel frames.<\/li>\r\r\n  <li>Corrosion-resistant anodized finish ensures long-lasting performance in outdoor environments.<\/li>\r\r\n  <li>Lightweight yet strong, providing excellent structural support without adding unnecessary weight.<\/li>\r\r\n  <li>Energy-efficient design that enhances solar panel performance by optimizing frame durability.<\/li>\r\r\n  <li>Customizable sizes and designs to meet specific requirements for different solar panel projects.<\/li>\r\r\n  <li>Easy to assemble and install, reducing labor costs and time for solar panel frame construction.<\/li>\r\r\n  <li>Environmentally friendly solution, contributing to energy conservation and sustainability efforts.<\/li>\r\r\n<\/ul>","product_chanpin_blog":"<ul>\r\r\n<li><a href=\"https:\/\/sinoextrud.com\/t-slot-v-slot-differences\/\" target=\"_blank\">t slot vs v slot<\/a><\/li>\r\r\n<li><a href=\"https:\/\/sinoextrud.com\/what-is-4040-aluminium-extrud\/\" target=\"_blank\">4040 aluminium extrusion<\/a><\/li>\r\r\n<li><a href=\"https:\/\/sinoextrud.com\/what-is-4040-aluminium-extrud\/\" target=\"_blank\">aluminum extrusions for industrial racks<\/a><\/li>\r\r\n<li><a href=\"https:\/\/sinoextrud.com\/powder-coating-aluminium-process\/\" target=\"_blank\">powder coating aluminium<\/a><\/li>\r\r\n<li><a href=\"https:\/\/sinoextrud.com\/what-is-an-aluminium-strip-ceiling\/\" target=\"_blank\">aluminium strip ceiling<\/a><\/li>\r\r\n<li><a href=\"https:\/\/sinoextrud.com\/what-is-a-heat-sink\/\" target=\"_blank\">what is a heat sink<\/a><\/li>\r\r\n<\/ul>","product_chanpin_chanpin":"<li><a href=\"https:\/\/sinoextrud.com\/product\/t-section-aluminium-extrusion\/\" target=\"_blank\">T Section Aluminium Extrusion<\/a><\/li>\r\n<li><a href=\"https:\/\/sinoextrud.com\/product\/customized-extruded-shaped-aluminum-profiles-6063-anodized-industrial-aluminum-profile\/\" target=\"_blank\">Customized Extruded Shaped Aluminum Profiles 6063 Anodized Industrial Aluminum Profile<\/a><\/li>\r\n<li><a href=\"https:\/\/sinoextrud.com\/product\/customized-industrial-aluminum-heat-sink\/\" target=\"_blank\">Customized Industrial Aluminum Heat Sink<\/a><\/li>\r\n<li><a href=\"https:\/\/sinoextrud.com\/product\/led-strip-aluminum-profile\/\" target=\"_blank\">Led Strip Aluminum Profile<\/a><\/li>\r\n<li><a href=\"https:\/\/sinoextrud.com\/product\/customized-new-energy-conservation-anodized-aluminum-profile-frame-for-solar-panel-frame\/\" target=\"_blank\">Customized New Energy Conservation Anodized Aluminum Profile Frame For Solar Panel Frame<\/a><\/li>\r\n<li><a href=\"https:\/\/sinoextrud.com\/product\/cutting-bending-aluminum-led-strip-heatsink\/\" target=\"_blank\">Cutting Bending Aluminum LED Strip Heatsink<\/a><\/li>\r\n<li><a href=\"https:\/\/sinoextrud.com\/product\/extrude-6000-series-aluminium-bar\/\" target=\"_blank\">Extrude 6000 Series Aluminium bar<\/a><\/li>\r\n<li><a href=\"https:\/\/sinoextrud.com\/product\/v-slot-rail-aluminum-profile-extrusion\/\" target=\"_blank\">V Slot Rail Aluminum Profile Extrusion<\/a><\/li>\r\n<li><a href=\"https:\/\/sinoextrud.com\/product\/extruded-aluminium-profiles-heat-sink\/\" target=\"_blank\">Extruded Aluminium Profiles Heat Sink<\/a><\/li>\r\n<li><a href=\"https:\/\/sinoextrud.com\/product\/aluminum-shutter-profile\/\" target=\"_blank\">Aluminum Shutter Profile<\/a><\/li>\r\n<li><a href=\"https:\/\/sinoextrud.com\/product\/furniture-aluminium-profiles\/\" target=\"_blank\">Furniture Aluminium Profiles<\/a><\/li>"},"feature_list":[]},"_links":{"self":[{"href":"https:\/\/sinoextrud.com\/hu\/wp-json\/wp\/v2\/product\/8191","targetHints":{"allow":["GET"]}}],"collection":[{"href":"https:\/\/sinoextrud.com\/hu\/wp-json\/wp\/v2\/product"}],"about":[{"href":"https:\/\/sinoextrud.com\/hu\/wp-json\/wp\/v2\/types\/product"}],"wp:featuredmedia":[{"embeddable":true,"href":"https:\/\/sinoextrud.com\/hu\/wp-json\/wp\/v2\/media\/8190"}],"wp:attachment":[{"href":"https:\/\/sinoextrud.com\/hu\/wp-json\/wp\/v2\/media?parent=8191"}],"wp:term":[{"taxonomy":"category","embeddable":true,"href":"https:\/\/sinoextrud.com\/hu\/wp-json\/wp\/v2\/categories?post=8191"}],"curies":[{"name":"wp","href":"https:\/\/api.w.org\/{rel}","templated":true}]}}