{"id":8187,"date":"2025-06-13T07:25:45","date_gmt":"2025-06-13T07:25:45","guid":{"rendered":"https:\/\/sinoextrud.com\/product\/customized-industrial-aluminum-heat-sink\/"},"modified":"2025-06-24T06:23:19","modified_gmt":"2025-06-24T06:23:19","slug":"testreszabott-ipari-aluminium-hutoborda","status":"publish","type":"product","link":"https:\/\/sinoextrud.com\/hu\/product\/customized-industrial-aluminum-heat-sink\/","title":{"rendered":"Testreszabott ipari alum\u00ednium h\u0171t\u0151borda"},"content":{"rendered":"<h2>Term\u00e9kek r\u00e9szletei<\/h2>\n<table class=\"custom-table\">\n<tbody>\n<tr>\n<td> Term\u00e9k neve<\/td>\n<td> Testreszabott ipari alum\u00ednium h\u0171t\u0151borda<\/td>\n<\/tr>\n<tr>\n<td> Anyag<\/td>\n<td> 6063, 6061, 6463, 6082 Alum\u00ednium\u00f6tv\u00f6zet<\/td>\n<\/tr>\n<tr>\n<td> Sz\u00ednes<\/td>\n<td> Testreszabott<\/td>\n<\/tr>\n<tr>\n<td> Standard<\/td>\n<td> GB2008<\/td>\n<\/tr>\n<tr>\n<td> Fokozat<\/td>\n<td> 6000-es sorozat<\/td>\n<\/tr>\n<tr>\n<td> Vastags\u00e1g<\/td>\n<td> Testreszabott<\/td>\n<\/tr>\n<tr>\n<td> Haszn\u00e1lat<\/td>\n<td> Dekor\u00e1ci\u00f3<\/td>\n<\/tr>\n<tr>\n<td> Temper<\/td>\n<td> T3-T8<\/td>\n<\/tr>\n<tr>\n<td> Hossz\u00fas\u00e1g<\/td>\n<td> Testreszabott<\/td>\n<\/tr>\n<tr>\n<td> Fel\u00fcletkezel\u00e9s<\/td>\n<td> Porbevonat, Mill Finish, PVDF, elox\u00e1lt, fa szemcs\u00e9s, pol\u00edrozott, csiszolt, csiszolt, stb.<\/td>\n<\/tr>\n<tr>\n<td> Orgin<\/td>\n<td> K\u00cdNA<\/td>\n<\/tr>\n<tr>\n<td> \u00d6tv\u00f6zet vagy sem<\/td>\n<td> Az \u00f6tv\u00f6zet<\/td>\n<\/tr>\n<tr>\n<td> Port<\/td>\n<td> Guangzhou, Shenzhen, Foshan<\/td>\n<\/tr>\n<\/tbody>\n<\/table>\n<h2>Gy\u00e1rt\u00f3 b\u00e1zisunk<\/h2>\n<h3>Gy\u00e1ri panor\u00e1ma<\/h3>\n<p><img decoding=\"async\" src=\"\/wp-content\/uploads\/factory-01.webp\"\/><\/p>\n<h3>Alum\u00ednium r\u00fadgy\u00e1rt\u00f3 m\u0171hely<\/h3>\n<p><img decoding=\"async\" src=\"\/wp-content\/uploads\/factory-02.webp\"\/><\/p>\n<p><img decoding=\"async\" src=\"\/wp-content\/uploads\/factory-03.webp\"\/><\/p>\n<h3>Pen\u00e9sz rakt\u00e1r<\/h3>\n<p><img decoding=\"async\" src=\"\/wp-content\/uploads\/factory-04.webp\"\/><\/p>\n<h3>43 alum\u00ednium extrud\u00e1l\u00f3 vonal (500-5500 tonna)<\/h3>\n<p><img decoding=\"async\" src=\"\/wp-content\/uploads\/factory-05.webp\"\/><\/p>\n<p><img decoding=\"async\" src=\"\/wp-content\/uploads\/factory-06.webp\"\/><\/p>\n<p><img decoding=\"async\" src=\"\/wp-content\/uploads\/factory-07.webp\"\/><\/p>\n<h3>Porfest\u0151 m\u0171hely<\/h3>\n<p><img decoding=\"async\" src=\"\/wp-content\/uploads\/factory-09.webp\"\/><\/p>\n<h3>Anodiz\u00e1l\u00f3 m\u0171hely<\/h3>\n<p><img decoding=\"async\" src=\"\/wp-content\/uploads\/factory-10.webp\"\/><\/p>\n<h3>M\u00e9ly feldolgoz\u00e1si m\u0171hely<\/h3>\n<p><img decoding=\"async\" src=\"\/wp-content\/uploads\/factory-11.webp\"\/><\/p>\n<h3>CNC prec\u00edzi\u00f3s megmunk\u00e1l\u00f3 m\u0171hely<\/h3>\n<p><img decoding=\"async\" src=\"\/wp-content\/uploads\/factory-11.5.webp\"\/><\/p>\n<h3>K\u00e9szterm\u00e9k \u00e9s export rakt\u00e1r<\/h3>\n<p><img decoding=\"async\" src=\"\/wp-content\/uploads\/factory-12.webp\"\/><\/p>\n<p><img decoding=\"async\" src=\"\/wp-content\/uploads\/factory-13.webp\"\/><\/p>\n<p><img decoding=\"async\" src=\"\/wp-content\/uploads\/factory-14.webp\"\/><\/p>\n<h2>GYIK<\/h2>\n<p><p><b>1.Mi teszi az egyedi ipari alum\u00ednium h\u0171t\u0151bord\u00e1kat ide\u00e1lis ipari alkalmaz\u00e1sokhoz?<\/b><\/p>\n<p>A testreszabott ipari alum\u00ednium h\u0171t\u0151bord\u00e1k testre szabott kialak\u00edt\u00e1st, kiv\u00e1l\u00f3 h\u0151elvezet\u00e9st, korr\u00f3zi\u00f3\u00e1ll\u00f3s\u00e1got \u00e9s tart\u00f3ss\u00e1got k\u00edn\u00e1lnak, \u00edgy t\u00f6k\u00e9letesek a k\u00fcl\u00f6nb\u00f6z\u0151 ipar\u00e1gak h\u0151kezel\u00e9s\u00e9hez.<br \/>\n<\/p><br \/>\n<br \/>\n<p><b>2.Hogyan jav\u00edtja az alum\u00ednium h\u0171t\u0151bord\u00e1k testreszab\u00e1sa a teljes\u00edtm\u00e9nyt?<\/b><\/p>\n<p>A testreszab\u00e1s egyedi h\u0151elvezet\u00e9si megold\u00e1sokat tesz lehet\u0151v\u00e9, biztos\u00edtva, hogy a h\u0171t\u0151borda pontosan megfeleljen az elektronikus vagy ipari rendszer h\u0171t\u00e9si ig\u00e9nyeinek.<br \/>\n<\/p><br \/>\n<br \/>\n<p><b>3.Milyen anyagot haszn\u00e1lnak az egyedi ipari alum\u00ednium h\u0171t\u0151bord\u00e1kban?<\/b><\/p>\n<p>Kiv\u00e1l\u00f3 min\u0151s\u00e9g\u0171 alum\u00edniumb\u00f3l k\u00e9sz\u00fclnek, amely kiv\u00e1l\u00f3 h\u0151vezet\u0151 k\u00e9pess\u00e9g\u00e9r\u0151l, szil\u00e1rds\u00e1g\u00e1r\u00f3l \u00e9s korr\u00f3zi\u00f3\u00e1ll\u00f3s\u00e1g\u00e1r\u00f3l ismert, \u00edgy hossz\u00fa \u00e9lettartamot biztos\u00edt.<br \/>\n<\/p><br \/>\n<br \/>\n<p><b>4.Can testreszabott ipari alum\u00ednium h\u0171t\u0151bord\u00e1k tervezhet\u0151k k\u00fcl\u00f6nb\u00f6z\u0151 m\u00e9retekhez \u00e9s alkalmaz\u00e1sokhoz?<\/b><\/p>\n<p>Igen, m\u00e9retre szabhat\u00f3ak, a m\u00e9retek, form\u00e1k \u00e9s h\u0171t\u00e9si k\u00f6vetelm\u00e9nyek sz\u00e9les sk\u00e1l\u00e1j\u00e1hoz igaz\u00edthat\u00f3k, hogy megfeleljenek az egyedi projekt- vagy alkalmaz\u00e1si ig\u00e9nyeknek.<br \/>\n<\/p><br \/>\n<br \/>\n<p><b>5.Hogyan el\u0151ny\u00f6s a korr\u00f3zi\u00f3\u00e1ll\u00f3s\u00e1g az alum\u00ednium h\u0171t\u0151bord\u00e1nak?<\/b><\/p>\n<p>A korr\u00f3zi\u00f3\u00e1ll\u00f3 alum\u00ednium biztos\u00edtja, hogy a h\u0171t\u0151borda m\u00e9g zord vagy k\u00fclt\u00e9ri k\u00f6rnyezetben is meg\u0151rizze szerkezeti integrit\u00e1s\u00e1t \u00e9s teljes\u00edtm\u00e9ny\u00e9t, meghosszabb\u00edtva ezzel \u00e9lettartam\u00e1t.<br \/>\n<\/p><br \/>\n<br \/>\n<p><b>6.Milyen ipar\u00e1gak r\u00e9szes\u00fclnek az egyedi ipari alum\u00ednium h\u0171t\u0151bord\u00e1kb\u00f3l?<\/b><\/p>\n<p>Sz\u00e9les k\u00f6rben haszn\u00e1lj\u00e1k \u0151ket az elektronikai, aut\u00f3ipari, t\u00e1vk\u00f6zl\u00e9si \u00e9s t\u00e1pegys\u00e9g-rendszerekben, ahol a hat\u00e9kony h\u0151kezel\u00e9s elengedhetetlen az optim\u00e1lis teljes\u00edtm\u00e9nyhez.<br \/>\n<\/p><br \/>\n<br \/>\n<p><b>7.How k\u00f6lts\u00e9ghat\u00e9kony az egyedi ipari alum\u00ednium h\u0171t\u0151borda?<\/b><\/p>\n<p>K\u00f6lts\u00e9ghat\u00e9kony megold\u00e1st ny\u00fajt, mivel cs\u00f6kkenti a tov\u00e1bbi h\u0171t\u0151berendez\u00e9sek sz\u00fcks\u00e9gess\u00e9g\u00e9t, \u00e9s jav\u00edtja a h\u0151kezel\u00e9s \u00e1ltal\u00e1nos hat\u00e9konys\u00e1g\u00e1t az ipari alkalmaz\u00e1sokban.<br \/>\n<\/p><br \/><\/p>","protected":false},"featured_media":8186,"template":"","categories":[54],"class_list":["post-8187","product","type-product","status-publish","has-post-thumbnail","hentry","category-industrial-aluminum-profiles"],"meta_box":{"hilight_text_group":{"product_hilight_text":"<li>Customizable design, tailored to meet specific thermal management needs in industrial applications.<\/li>\r\r\n<li>High-quality aluminum construction, providing excellent heat dissipation and long-lasting durability.<\/li>\r\r\n<li>Lightweight yet robust, making it easy to handle while offering superior performance.<\/li>\r\r\n<li>Corrosion-resistant properties ensure reliable operation in harsh environments and prolonged product lifespan.<\/li>\r\r\n<li>Cost-effective solution, reducing the need for additional cooling systems and improving overall system efficiency.<\/li>","product_chanpin_blog":"<ul>\r\r\n<li><a href=\"https:\/\/sinoextrud.com\/t-slot-v-slot-differences\/\" target=\"_blank\">t slot vs v slot<\/a><\/li>\r\r\n<li><a href=\"https:\/\/sinoextrud.com\/what-is-4040-aluminium-extrud\/\" target=\"_blank\">4040 aluminium extrusion<\/a><\/li>\r\r\n<li><a href=\"https:\/\/sinoextrud.com\/what-is-4040-aluminium-extrud\/\" target=\"_blank\">aluminum extrusions for industrial racks<\/a><\/li>\r\r\n<li><a href=\"https:\/\/sinoextrud.com\/powder-coating-aluminium-process\/\" target=\"_blank\">powder coating aluminium<\/a><\/li>\r\r\n<li><a href=\"https:\/\/sinoextrud.com\/what-is-an-aluminium-strip-ceiling\/\" target=\"_blank\">aluminium strip ceiling<\/a><\/li>\r\r\n<li><a href=\"https:\/\/sinoextrud.com\/what-is-a-heat-sink\/\" target=\"_blank\">what is a heat sink<\/a><\/li>\r\r\n<\/ul>","product_chanpin_chanpin":"<li><a href=\"https:\/\/sinoextrud.com\/product\/solar-aluminium-profiles\/\" target=\"_blank\">Solar Aluminium Profiles<\/a><\/li>\r\n<li><a href=\"https:\/\/sinoextrud.com\/product\/solar-panel-frame-aluminum-profile\/\" target=\"_blank\">Solar Panel Frame Aluminum Profile<\/a><\/li>\r\n<li><a href=\"https:\/\/sinoextrud.com\/product\/t-section-aluminium-extrusion\/\" target=\"_blank\">T Section Aluminium Extrusion<\/a><\/li>\r\n<li><a href=\"https:\/\/sinoextrud.com\/product\/customized-extruded-shaped-aluminum-profiles-6063-anodized-industrial-aluminum-profile\/\" target=\"_blank\">Customized Extruded Shaped Aluminum Profiles 6063 Anodized Industrial Aluminum Profile<\/a><\/li>\r\n<li><a href=\"https:\/\/sinoextrud.com\/product\/customized-industrial-aluminum-heat-sink\/\" target=\"_blank\">Customized Industrial Aluminum Heat Sink<\/a><\/li>\r\n<li><a href=\"https:\/\/sinoextrud.com\/product\/led-strip-aluminum-profile\/\" target=\"_blank\">Led Strip Aluminum Profile<\/a><\/li>\r\n<li><a href=\"https:\/\/sinoextrud.com\/product\/customized-new-energy-conservation-anodized-aluminum-profile-frame-for-solar-panel-frame\/\" target=\"_blank\">Customized New Energy Conservation Anodized Aluminum Profile Frame For Solar Panel Frame<\/a><\/li>\r\n<li><a href=\"https:\/\/sinoextrud.com\/product\/cutting-bending-aluminum-led-strip-heatsink\/\" target=\"_blank\">Cutting Bending Aluminum LED Strip Heatsink<\/a><\/li>\r\n<li><a href=\"https:\/\/sinoextrud.com\/product\/extrude-6000-series-aluminium-bar\/\" target=\"_blank\">Extrude 6000 Series Aluminium bar<\/a><\/li>\r\n<li><a href=\"https:\/\/sinoextrud.com\/product\/u-shape-extruded-aluminum-wall-panels\/\" target=\"_blank\">U Shape Extruded Aluminum Wall Panels<\/a><\/li>\r\n<li><a href=\"https:\/\/sinoextrud.com\/product\/aluminium-glass-profile\/\" target=\"_blank\">Aluminium Glass Profile<\/a><\/li>"},"feature_list":[]},"_links":{"self":[{"href":"https:\/\/sinoextrud.com\/hu\/wp-json\/wp\/v2\/product\/8187","targetHints":{"allow":["GET"]}}],"collection":[{"href":"https:\/\/sinoextrud.com\/hu\/wp-json\/wp\/v2\/product"}],"about":[{"href":"https:\/\/sinoextrud.com\/hu\/wp-json\/wp\/v2\/types\/product"}],"wp:featuredmedia":[{"embeddable":true,"href":"https:\/\/sinoextrud.com\/hu\/wp-json\/wp\/v2\/media\/8186"}],"wp:attachment":[{"href":"https:\/\/sinoextrud.com\/hu\/wp-json\/wp\/v2\/media?parent=8187"}],"wp:term":[{"taxonomy":"category","embeddable":true,"href":"https:\/\/sinoextrud.com\/hu\/wp-json\/wp\/v2\/categories?post=8187"}],"curies":[{"name":"wp","href":"https:\/\/api.w.org\/{rel}","templated":true}]}}