{"id":8172,"date":"2025-06-13T07:07:20","date_gmt":"2025-06-13T07:07:20","guid":{"rendered":"https:\/\/sinoextrud.com\/product\/cnc-machining-aluminum-heat-sink\/"},"modified":"2025-06-24T06:23:16","modified_gmt":"2025-06-24T06:23:16","slug":"cnc-megmunkalas-aluminium-hutoborda","status":"publish","type":"product","link":"https:\/\/sinoextrud.com\/hu\/product\/cnc-machining-aluminum-heat-sink\/","title":{"rendered":"CNC megmunk\u00e1l\u00f3 alum\u00ednium h\u0171t\u0151borda"},"content":{"rendered":"<h2>Term\u00e9kek r\u00e9szletei<\/h2>\n<table class=\"custom-table\">\n<tr>\n<td class=\"label\">T\u00e9tel neve<\/td>\n<td>CNC megmunk\u00e1l\u00f3 alum\u00ednium h\u0171t\u0151borda<\/td>\n<\/tr>\n<tr>\n<td class=\"label\">Anyagmin\u0151s\u00e9g<\/td>\n<td>6000-es sorozat\u00fa \u00f6tv\u00f6zet<\/td>\n<\/tr>\n<tr>\n<td class=\"label\">Temper<\/td>\n<td>T5-T6<\/td>\n<\/tr>\n<tr>\n<td class=\"label\">Technol\u00f3gia<\/td>\n<td>Alum\u00ednium extrud\u00e1l\u00e1s, CNC megmunk\u00e1l\u00e1s<\/td>\n<\/tr>\n<tr>\n<td class=\"label\">Fel\u00fcletkezel\u00e9s<\/td>\n<td>Malomipari kivitel, elox\u00e1l\u00e1s, porsz\u00f3r\u00e1s, homokf\u00fav\u00e1s, elektrofor\u00e9zis stb.<\/td>\n<\/tr>\n<tr>\n<td class=\"label\">Sz\u00ednes<\/td>\n<td>Ez\u00fcst\u00f6s feh\u00e9r, fekete, arany, pezsg\u0151, s\u00f6t\u00e9t bronz vagy az \u00d6n ig\u00e9nyei szerint.<\/td>\n<\/tr>\n<tr>\n<td class=\"label\">Anodiz\u00e1l\u00e1s vastags\u00e1ga<\/td>\n<td>8-25 um<\/td>\n<\/tr>\n<tr>\n<td class=\"label\">Teljes\u00edtm\u00e9ny Bevonat vastags\u00e1ga<\/td>\n<td>40-120 um<\/td>\n<\/tr>\n<tr>\n<td class=\"label\">Shape<\/td>\n<td>Rajzok alapj\u00e1n<\/td>\n<\/tr>\n<tr>\n<td class=\"label\">Hossz\u00fas\u00e1g<\/td>\n<td>Az export standard hossza 5.8m, anodiz\u00e1l\u00e1s6.5meters legfeljebb, Millfinish13meters legfeljebb<\/td>\n<\/tr>\n<tr>\n<td class=\"label\">M\u00e9lyrehat\u00f3 feldolgoz\u00e1s<\/td>\n<td>v\u00e1g\u00e1s, f\u00far\u00e1s, lyukaszt\u00e1s, hajl\u00edt\u00e1s stb.<\/td>\n<\/tr>\n<tr>\n<td class=\"label\">2D&amp;3D tervez\u00e9s<\/td>\n<td>\n2: Auto CAD, 3D, AI, SLD, PRT. IGS, PDF, JPEG stb.<\/td>\n<\/tr>\n<tr>\n<td class=\"label\">M\u00e9rn\u00f6ki munka \u00e9s szersz\u00e1moz\u00e1s<\/td>\n<td>\nHaszn\u00e1ljon nagy tonnatartalm\u00fa extruder, huzalos EDM, CNC, f\u00far\u00f3g\u00e9pek stb.<\/td>\n<\/tr>\n<tr>\n<td class=\"label\">Csomagol\u00e1si r\u00e9szletek<\/td>\n<td>(1) Bel\u00fcl: m\u0171anyag v\u00e9d\u0151f\u00f3li\u00e1val csomagolva, amely minden darabot v\u00e9d<br \/>\n(2) K\u00edv\u00fcl: V\u00edz\u00e1ll\u00f3 k\u00e9zm\u0171vespap\u00edrral csomagolva.<\/td>\n<\/tr>\n<tr>\n<td class=\"label\">Sz\u00e1ll\u00edt\u00e1s<\/td>\n<td>(1) DieDeveloping andSampletesting: 12-18 nap.<br \/>\n(2) A t\u00f6megtermel\u00e9s befejez\u0151d\u00f6tt: 20-30 nap, miut\u00e1n a mint\u00e1t a v\u00e1s\u00e1rl\u00f3 meger\u0151s\u00edtette.<\/td>\n<\/tr>\n<tr>\n<td class=\"label\">Fizet\u00e9si hat\u00e1rid\u0151<\/td>\n<td>T \/ T 30% let\u00e9tbe helyez\u00e9s, egyenleg a sz\u00e1ll\u00edt\u00e1s el\u0151tt.<\/td>\n<\/tr>\n<\/table>\n<h2>Gy\u00e1rt\u00f3 b\u00e1zisunk<\/h2>\n<h3>Gy\u00e1ri panor\u00e1ma<\/h3>\n<p><img decoding=\"async\" src=\"\/wp-content\/uploads\/factory-01.webp\"\/><\/p>\n<h3>Alum\u00ednium r\u00fadgy\u00e1rt\u00f3 m\u0171hely<\/h3>\n<p><img decoding=\"async\" src=\"\/wp-content\/uploads\/factory-02.webp\"\/><\/p>\n<\/p>\n<p><img decoding=\"async\" src=\"\/wp-content\/uploads\/factory-03.webp\"\/><\/p>\n<h3>Pen\u00e9sz rakt\u00e1r<\/h3>\n<p><img decoding=\"async\" src=\"\/wp-content\/uploads\/factory-04.webp\"\/><\/p>\n<h3>43 alum\u00ednium extrud\u00e1l\u00f3 vonal (500-5500 tonna)<\/h3>\n<p><img decoding=\"async\" src=\"\/wp-content\/uploads\/factory-05.webp\"\/><\/p>\n<p><img decoding=\"async\" src=\"\/wp-content\/uploads\/factory-06.webp\"\/><\/p>\n<p><img decoding=\"async\" src=\"\/wp-content\/uploads\/factory-07.webp\"\/><\/p>\n<h3>Porfest\u0151 m\u0171hely<\/h3>\n<p><img decoding=\"async\" src=\"\/wp-content\/uploads\/factory-09.webp\"\/><\/p>\n<h3>Anodiz\u00e1l\u00f3 m\u0171hely<\/h3>\n<p><img decoding=\"async\" src=\"\/wp-content\/uploads\/factory-10.webp\"\/><\/p>\n<h3>M\u00e9ly feldolgoz\u00e1si m\u0171hely<\/h3>\n<p><img decoding=\"async\" src=\"\/wp-content\/uploads\/factory-11.webp\"\/><\/p>\n<h3>CNC prec\u00edzi\u00f3s megmunk\u00e1l\u00f3 m\u0171hely<\/h3>\n<p><img decoding=\"async\" src=\"\/wp-content\/uploads\/factory-11.5.webp\"\/><\/p>\n<h3>K\u00e9szterm\u00e9k \u00e9s export rakt\u00e1r<\/h3>\n<p><img decoding=\"async\" src=\"\/wp-content\/uploads\/factory-12.webp\"\/><\/p>\n<p><img decoding=\"async\" src=\"\/wp-content\/uploads\/factory-13.webp\"\/><\/p>\n<p><img decoding=\"async\" src=\"\/wp-content\/uploads\/factory-14.webp\"\/><\/p>\n<h2>GYIK<\/h2>\n<p><b>1.Mi teszi a CNC megmunk\u00e1l\u00f3 alum\u00ednium h\u0171t\u0151borda alkalmas h\u0171t\u00e9si alkalmaz\u00e1sokhoz? <\/b><\/p>\n<p> A CNC megmunk\u00e1l\u00e1s nagy pontoss\u00e1got biztos\u00edt, m\u00edg az alum\u00ednium anyag kiv\u00e1l\u00f3 h\u0151elvezet\u00e9st biztos\u00edt, \u00edgy ide\u00e1lis az elektronikus alkatr\u00e9szek h\u0171t\u00e9s\u00e9re.\n<\/p>\n<p><\/p>\n<p><b>2.Can CNC megmunk\u00e1l\u00f3 alum\u00ednium h\u0171t\u0151borda testreszabhat\u00f3? <\/b><\/p>\n<p> Igen, a CNC megmunk\u00e1l\u00e1s lehet\u0151v\u00e9 teszi az egyedi form\u00e1k \u00e9s m\u00e9retek kialak\u00edt\u00e1s\u00e1t, \u00edgy biztos\u00edtva, hogy a h\u0171t\u0151borda megfeleljen az egyedi h\u0151kezel\u00e9si k\u00f6vetelm\u00e9nyeknek.\n<\/p>\n<p><\/p>\n<p><b>3.How tart\u00f3s a CNC megmunk\u00e1l\u00f3 alum\u00ednium h\u0171t\u0151borda? <\/b><\/p>\n<p> A korr\u00f3zi\u00f3\u00e1ll\u00f3 alum\u00ednium anyag hossz\u00fa \u00e9lettartamot biztos\u00edt, \u00edgy a h\u0171t\u0151borda hossz\u00fa t\u00e1von is hat\u00e9konyan m\u0171k\u00f6dik.\n<\/p>\n<p><\/p>\n<p><b>4.Milyen ipar\u00e1gak r\u00e9szes\u00fclnek a CNC megmunk\u00e1l\u00f3 alum\u00ednium h\u0171t\u0151bord\u00e1b\u00f3l? <\/b><\/p>\n<p> A CNC megmunk\u00e1l\u00e1s\u00fa alum\u00ednium h\u0171t\u0151bord\u00e1t sz\u00e9les k\u00f6rben haszn\u00e1lj\u00e1k az elektronikai, aut\u00f3ipari, t\u00e1vk\u00f6zl\u00e9si \u00e9s LED-es vil\u00e1g\u00edt\u00e1stechnikai ipar\u00e1gakban a hat\u00e9kony h\u0171t\u00e9shez.\n<\/p>\n<p><\/p>\n<p><b>5.Is CNC megmunk\u00e1l\u00f3 alum\u00ednium h\u0171t\u0151borda k\u00f6nny\u0171? <\/b><\/p>\n<p> Igen, az alum\u00ednium egy k\u00f6nny\u0171 anyag, amely nem \u00e1ldozza fel a termikus hat\u00e9konys\u00e1got, \u00edgy kiv\u00e1l\u00f3 v\u00e1laszt\u00e1s a h\u0171t\u00e9si megold\u00e1sokhoz.\n<\/p>\n<p><\/p>\n<p><b>6.Hogyan jav\u00edtja a CNC megmunk\u00e1l\u00e1s a h\u0171t\u0151borda teljes\u00edtm\u00e9ny\u00e9t? <\/b><\/p>\n<p> A CNC megmunk\u00e1l\u00e1s nagy pontoss\u00e1got biztos\u00edt, lehet\u0151v\u00e9 t\u00e9ve a bonyolult kialak\u00edt\u00e1st, amely maximaliz\u00e1lja a fel\u00fcletet \u00e9s a h\u0151elvezet\u00e9s hat\u00e9konys\u00e1g\u00e1t.\n<\/p>\n<p><\/p>\n<p><b>7.Is CNC megmunk\u00e1l\u00f3 alum\u00ednium h\u0171t\u0151borda k\u00f6rnyezetbar\u00e1t? <\/b><\/p>\n<p> Igen, az alum\u00ednium teljesen \u00fajrahasznos\u00edthat\u00f3, \u00edgy a h\u0171t\u0151borda k\u00f6rnyezetbar\u00e1t v\u00e1laszt\u00e1s az ipari h\u0171t\u00e9si alkalmaz\u00e1sokhoz.\n<\/p>\n<p><\/p>","protected":false},"featured_media":8171,"template":"","categories":[54],"class_list":["post-8172","product","type-product","status-publish","has-post-thumbnail","hentry","category-industrial-aluminum-profiles"],"meta_box":{"hilight_text_group":{"product_hilight_text":"<ul>\r\r\n  <li>Precision CNC machining for high-quality aluminum heat sinks<\/li>\r\r\n  <li>Efficient heat dissipation, ideal for electronic devices and high-performance components<\/li>\r\r\n  <li>Customizable shapes and sizes to meet specific cooling requirements<\/li>\r\r\n  <li>Corrosion-resistant aluminum material ensures long-term durability<\/li>\r\r\n  <li>Lightweight design without compromising thermal efficiency<\/li>\r\r\n  <li>Cost-effective manufacturing with reduced production time<\/li>\r\r\n  <li>Environmentally friendly, fully recyclable material<\/li>\r\r\n<\/ul>","product_chanpin_blog":"<ul>\r\r\n<li><a href=\"https:\/\/sinoextrud.com\/t-slot-v-slot-differences\/\" target=\"_blank\">t slot vs v slot<\/a><\/li>\r\r\n<li><a href=\"https:\/\/sinoextrud.com\/what-is-4040-aluminium-extrud\/\" target=\"_blank\">4040 aluminium extrusion<\/a><\/li>\r\r\n<li><a href=\"https:\/\/sinoextrud.com\/what-is-4040-aluminium-extrud\/\" target=\"_blank\">aluminum extrusions for industrial racks<\/a><\/li>\r\r\n<li><a href=\"https:\/\/sinoextrud.com\/powder-coating-aluminium-process\/\" target=\"_blank\">powder coating aluminium<\/a><\/li>\r\r\n<li><a href=\"https:\/\/sinoextrud.com\/what-is-an-aluminium-strip-ceiling\/\" target=\"_blank\">aluminium strip ceiling<\/a><\/li>\r\r\n<li><a href=\"https:\/\/sinoextrud.com\/what-is-a-heat-sink\/\" target=\"_blank\">what is a heat sink<\/a><\/li>\r\r\n<\/ul>","product_chanpin_chanpin":"<li><a href=\"https:\/\/sinoextrud.com\/product\/aluminum-t-slot-profile\/\" target=\"_blank\">Aluminum T Slot Profile<\/a><\/li>\r\n<li><a href=\"https:\/\/sinoextrud.com\/product\/aluminum-t-slot-rail-profile\/\" target=\"_blank\">Aluminum T Slot Rail Profile<\/a><\/li>\r\n<li><a href=\"https:\/\/sinoextrud.com\/product\/aluminum-t-slot-table\/\" target=\"_blank\">Aluminum T Slot Table<\/a><\/li>\r\n<li><a href=\"https:\/\/sinoextrud.com\/product\/brushed-aluminium-profile\/\" target=\"_blank\">Brushed Aluminium Profile<\/a><\/li>\r\n<li><a href=\"https:\/\/sinoextrud.com\/product\/cnc-machining-aluminum-heat-sink\/\" target=\"_blank\">CNC Machining Aluminum Heat Sink<\/a><\/li>\r\n<li><a href=\"https:\/\/sinoextrud.com\/product\/comb-shape-aluminium-heat-sink\/\" target=\"_blank\">Comb Shape Aluminium Heat Sink<\/a><\/li>\r\n<li><a href=\"https:\/\/sinoextrud.com\/product\/aluminum-heat-sink-box-shapes-profiles\/\" target=\"_blank\">Aluminum Heat Sink Box  Shapes  Profiles<\/a><\/li>\r\n<li><a href=\"https:\/\/sinoextrud.com\/product\/solar-aluminium-profiles\/\" target=\"_blank\">Solar Aluminium Profiles<\/a><\/li>\r\n<li><a href=\"https:\/\/sinoextrud.com\/product\/solar-panel-frame-aluminum-profile\/\" target=\"_blank\">Solar Panel Frame Aluminum Profile<\/a><\/li>\r\n<li><a href=\"https:\/\/sinoextrud.com\/product\/kitchen-cabinet-aluminum-profile\/\" target=\"_blank\">Kitchen Cabinet Aluminum Profile<\/a><\/li>\r\n<li><a href=\"https:\/\/sinoextrud.com\/product\/led-plant-growth-light-aluminum-profile\/\" target=\"_blank\">Led Plant Growth Light Aluminum Profile<\/a><\/li>"},"feature_list":[]},"_links":{"self":[{"href":"https:\/\/sinoextrud.com\/hu\/wp-json\/wp\/v2\/product\/8172","targetHints":{"allow":["GET"]}}],"collection":[{"href":"https:\/\/sinoextrud.com\/hu\/wp-json\/wp\/v2\/product"}],"about":[{"href":"https:\/\/sinoextrud.com\/hu\/wp-json\/wp\/v2\/types\/product"}],"wp:featuredmedia":[{"embeddable":true,"href":"https:\/\/sinoextrud.com\/hu\/wp-json\/wp\/v2\/media\/8171"}],"wp:attachment":[{"href":"https:\/\/sinoextrud.com\/hu\/wp-json\/wp\/v2\/media?parent=8172"}],"wp:term":[{"taxonomy":"category","embeddable":true,"href":"https:\/\/sinoextrud.com\/hu\/wp-json\/wp\/v2\/categories?post=8172"}],"curies":[{"name":"wp","href":"https:\/\/api.w.org\/{rel}","templated":true}]}}