{"id":8170,"date":"2025-06-13T07:01:11","date_gmt":"2025-06-13T07:01:11","guid":{"rendered":"https:\/\/sinoextrud.com\/product\/brushed-aluminium-profile\/"},"modified":"2025-06-24T06:23:16","modified_gmt":"2025-06-24T06:23:16","slug":"csiszolt-aluminium-profil-2","status":"publish","type":"product","link":"https:\/\/sinoextrud.com\/hu\/product\/brushed-aluminium-profile\/","title":{"rendered":"Csiszolt alum\u00ednium profil"},"content":{"rendered":"<h2>Term\u00e9kek r\u00e9szletei<\/h2>\n<table class=\"custom-table\">\n<tr>\n<td class=\"label\">T\u00e9tel<\/td>\n<td>Csiszolt alum\u00ednium profil<\/td>\n<\/tr>\n<tr>\n<td class=\"label\">Alum\u00ednium \u00f6tv\u00f6zet<\/td>\n<td>6063, 6061, 6463, 6005, 6082 stb.<\/td>\n<\/tr>\n<tr>\n<td class=\"label\">Temper<\/td>\n<td>T4, T5, T6<\/td>\n<\/tr>\n<tr>\n<td class=\"label\">Min\u0151s\u00e9gi szabv\u00e1ny<\/td>\n<td>K\u00edna nemzeti szabv\u00e1ny GB \/ T 5237-2008 (nagy pontoss\u00e1g\u00fa oszt\u00e1ly), K\u00edna nemzeti szabv\u00e1ny GB \/ T 6892-2006 (nagy pontoss\u00e1g\u00fa oszt\u00e1ly)<\/td>\n<\/tr>\n<tr>\n<td class=\"label\">Min\u0151s\u00e9gi tan\u00fas\u00edtv\u00e1ny<\/td>\n<td>ISO 9001:2015, ISO 14001:2015, CQM tan\u00fas\u00edt\u00e1s<\/td>\n<\/tr>\n<tr>\n<td class=\"label\">Alkalmaz\u00e1s<\/td>\n<td>Alum\u00ednium ablak- \u00e9s ajt\u00f3keretek, f\u00fcgg\u00f6nyfalak, korl\u00e1tok, b\u00fatorok d\u00edsz\u00edt\u00e9se, h\u0171t\u0151bord\u00e1k, ipari alkatr\u00e9szek, vas\u00fati j\u00e1rm\u0171vek stb.<\/td>\n<\/tr>\n<tr>\n<td class=\"label\">Fel\u00fcletkezel\u00e9s<\/td>\n<td>Elox\u00e1l\u00e1s: Elox\u00e1l\u00e1s: ez\u00fcst, pezsg\u0151, bronz, fekete, arany, tit\u00e1n, ac\u00e9lut\u00e1nzat stb.<br \/>\nElektrofor\u00e9zis: Arany, pezsg\u0151, fekete, arany, tit\u00e1n, stb.<br \/>\nTeljes\u00edtm\u00e9ny bevonat: RAL norm\u00e1l sz\u00edn, vagy testre szabott \u00fcgyf\u00e9l sz\u00ednmint\u00e1k<br \/>\nPol\u00edroz\u00e1s: mechanikus pol\u00edroz\u00e1s vagy k\u00e9miai pol\u00edroz\u00e1s.<br \/>\nFa ut\u00e1nzat: f\u00e1b\u00f3l k\u00e9sz\u00fclt sz\u00edn: Norm\u00e1l fa sz\u00edn vagy testreszabott fa sz\u00edn<br \/>\nFluorkarbon bevonat: AkzoNoble sz\u00edn vagy az \u00fcgyf\u00e9l sz\u00ednmint\u00e1inak testreszab\u00e1sa.<\/td>\n<\/tr>\n<tr>\n<td class=\"label\">M\u00e9ly feldolgoz\u00e1si k\u00e9pess\u00e9g<\/td>\n<td>F\u00far\u00e1s, lyukaszt\u00e1s, hajl\u00edt\u00e1s, CNC, alum\u00edniumprofil gy\u00e1rt\u00e1s, prec\u00edz v\u00e1g\u00e1s stb.<\/td>\n<\/tr>\n<tr>\n<td class=\"label\">MOQ<\/td>\n<td>300 KG<\/td>\n<\/tr>\n<tr>\n<td class=\"label\">Csomagol\u00e1s r\u00e9szletei<\/td>\n<td>V\u00e9d\u0151f\u00f3lia \u00e9s forr\u00f3 zsugorod\u00f3 m\u0171anyag f\u00f3lia \/ EPE habcsomagol\u00e1s \/ barna pap\u00edrcsomagol\u00e1s \/ fa csomagol\u00e1s \/ f\u00e9m raklap vagy f\u00fcgg az \u00fcgyfelek speci\u00e1lis k\u00f6vetelm\u00e9nyeit\u0151l.<\/td>\n<\/tr>\n<tr>\n<td class=\"label\">Fizet\u00e9si hat\u00e1rid\u0151<\/td>\n<td>1) T\/T: a teljes \u00e9rt\u00e9k 30%-je T\/T let\u00e9tk\u00e9nt 3 napon bel\u00fcl a megrendel\u00e9s meger\u0151s\u00edt\u00e9s\u00e9re, a fennmarad\u00f3 \u00f6sszeget pedig a kont\u00e9ner berakod\u00e1sa el\u0151tt T\/T-vel kell kifizetni.<br \/>\n2) L \/ C: 30% a teljes \u00e9rt\u00e9kb\u0151l, amelyet T \/ T-ben kell fizetni 3 napon bel\u00fcl a megrendel\u00e9s meger\u0151s\u00edt\u00e9s\u00e9re, \u00e9s az egyenleget L \/ C-vel kell fizetni a kont\u00e9ner berakod\u00e1sa ut\u00e1n.<br \/>\n3) Nagy megrendel\u00e9s: A megrendel\u00e9s meger\u0151s\u00edt\u00e9se \u00e9rdek\u00e9ben 3 napon bel\u00fcl a teljes \u00e9rt\u00e9k 30% T\/T let\u00e9tk\u00e9nt fizetend\u0151, az egyenleget pedig a B\/L m\u00e1solata ellen\u00e9ben a sz\u00e1ll\u00edt\u00e1s ut\u00e1n T\/T-vel kell fizetni.<\/td>\n<\/tr>\n<\/table>\n<h2>Gy\u00e1rt\u00f3 b\u00e1zisunk<\/h2>\n<h3>Gy\u00e1ri panor\u00e1ma<\/h3>\n<p><img decoding=\"async\" src=\"\/wp-content\/uploads\/factory-01.webp\"\/><\/p>\n<h3>Alum\u00ednium r\u00fadgy\u00e1rt\u00f3 m\u0171hely<\/h3>\n<p><img decoding=\"async\" src=\"\/wp-content\/uploads\/factory-02.webp\"\/><\/p>\n<p><img decoding=\"async\" src=\"\/wp-content\/uploads\/factory-03.webp\"\/><\/p>\n<h3>Pen\u00e9sz rakt\u00e1r<\/h3>\n<p><img decoding=\"async\" src=\"\/wp-content\/uploads\/factory-04.webp\"\/><\/p>\n<h3>43 alum\u00ednium extrud\u00e1l\u00f3 vonal (500-5500 tonna)<\/h3>\n<p><img decoding=\"async\" src=\"\/wp-content\/uploads\/factory-05.webp\"\/><\/p>\n<p><img decoding=\"async\" src=\"\/wp-content\/uploads\/factory-06.webp\"\/><\/p>\n<p><img decoding=\"async\" src=\"\/wp-content\/uploads\/factory-07.webp\"\/><\/p>\n<h3>Porfest\u0151 m\u0171hely<\/h3>\n<p><img decoding=\"async\" src=\"\/wp-content\/uploads\/factory-09.webp\"\/><\/p>\n<h3>Anodiz\u00e1l\u00f3 m\u0171hely<\/h3>\n<p><img decoding=\"async\" src=\"\/wp-content\/uploads\/factory-10.webp\"\/><\/p>\n<h3>M\u00e9ly feldolgoz\u00e1si m\u0171hely<\/h3>\n<p><img decoding=\"async\" src=\"\/wp-content\/uploads\/factory-11.webp\"\/><\/p>\n<h3>CNC prec\u00edzi\u00f3s megmunk\u00e1l\u00f3 m\u0171hely<\/h3>\n<p><img decoding=\"async\" src=\"\/wp-content\/uploads\/factory-11.5.webp\"\/><\/p>\n<h3>K\u00e9szterm\u00e9k \u00e9s export rakt\u00e1r<\/h3>\n<p><img decoding=\"async\" src=\"\/wp-content\/uploads\/factory-12.webp\"\/><\/p>\n<p><img decoding=\"async\" src=\"\/wp-content\/uploads\/factory-13.webp\"\/><\/p>\n<p><img decoding=\"async\" src=\"\/wp-content\/uploads\/factory-14.webp\"\/><\/p>\n<h2>GYIK<\/h2>\n<p><p><b>1.Mik az el\u0151nyei a csiszolt alum\u00ednium profilok haszn\u00e1lat\u00e1nak? <\/b><\/p>\n<p>A sz\u00e1lcsiszolt alum\u00edniumprofilok eleg\u00e1ns, modern megjelen\u00e9st, kiv\u00e1l\u00f3 tart\u00f3ss\u00e1got \u00e9s korr\u00f3zi\u00f3\u00e1ll\u00f3s\u00e1got biztos\u00edtanak, \u00edgy ide\u00e1lisak ipari, \u00e9p\u00edt\u00e9szeti \u00e9s formatervez\u00e9si alkalmaz\u00e1sokhoz.<br \/>\n<\/p><br \/>\n<br \/>\n<p><b>2.Mi\u00e9rt a csiszolt fel\u00fclet az alum\u00ednium profilok eset\u00e9ben el\u0151ny\u00f6s? <\/b><\/p>\n<p>A csiszolt fel\u00fclet finom text\u00far\u00e1t biztos\u00edt, amely cs\u00f6kkenti az ujjlenyomatok \u00e9s kisebb karcol\u00e1sok l\u00e1that\u00f3s\u00e1g\u00e1t, \u00edgy t\u00f6k\u00e9letes a nagy forgalm\u00fa vagy sokat \u00e9rintett fel\u00fcletekhez.<br \/>\n<\/p><br \/>\n<br \/>\n<p><b>3.Lehet-e csiszolt alum\u00ednium profilokat testre szabni bizonyos alkalmaz\u00e1sokhoz? <\/b><\/p>\n<p>Igen, a csiszolt alum\u00edniumprofilok alakja, m\u00e9rete \u00e9s kivitelez\u00e9se testre szabhat\u00f3, hogy megfeleljen a k\u00fcl\u00f6nb\u00f6z\u0151 ipar\u00e1gak \u00e9s tervez\u00e9si k\u00f6vetelm\u00e9nyek ig\u00e9nyeinek.<br \/>\n<\/p><br \/>\n<br \/>\n<p><b>4.Hogyan viselkedik a csiszolt alum\u00ednium k\u00fclt\u00e9ri k\u00f6rnyezetben? <\/b><\/p>\n<p>A csiszolt alum\u00ednium rendk\u00edv\u00fcl korr\u00f3zi\u00f3\u00e1ll\u00f3, \u00edgy alkalmas olyan k\u00fclt\u00e9ri alkalmaz\u00e1sokhoz, ahol az elemeknek val\u00f3 kitetts\u00e9g aggodalomra ad okot.<br \/>\n<\/p><br \/>\n<br \/>\n<p><b>5.Mi teszi a csiszolt alum\u00ednium profilokat k\u00f6nnyen karbantarthat\u00f3v\u00e1? <\/b><\/p>\n<p>A csiszolt fel\u00fclet seg\u00edt elrejteni a kisebb hib\u00e1kat \u00e9s ujjlenyomatokat, cs\u00f6kkentve a karbantart\u00e1si ig\u00e9nyeket, mik\u00f6zben eszt\u00e9tikus megjelen\u00e9st biztos\u00edt.<br \/>\n<\/p><br \/>\n<br \/>\n<p><b>6.Is csiszolt alum\u00ednium k\u00f6rnyezetbar\u00e1t? <\/b><\/p>\n<p>Igen, a csiszolt alum\u00ednium \u00fajrahasznos\u00edthat\u00f3, \u00edgy k\u00f6rnyezetbar\u00e1t v\u00e1laszt\u00e1s a fenntarthat\u00f3 tervez\u00e9s \u00e9s \u00e9p\u00edt\u00e9si gyakorlatok sz\u00e1m\u00e1ra.<br \/>\n<\/p><br \/>\n<br \/>\n<p><b>7.Milyen ipar\u00e1gak sz\u00e1m\u00e1ra el\u0151ny\u00f6s a csiszolt alum\u00ednium profilok haszn\u00e1lata? <\/b><\/p>\n<p>A csiszolt alum\u00ednium profilokat szil\u00e1rds\u00e1guk, eszt\u00e9tik\u00e1juk \u00e9s sokoldal\u00fas\u00e1guk miatt sz\u00e9les k\u00f6rben haszn\u00e1lj\u00e1k az olyan ipar\u00e1gakban, mint az \u00e9p\u00edt\u0151ipar, a b\u00fatortervez\u00e9s, az aut\u00f3ipar \u00e9s az elektronika.<br \/>\n<\/p><br \/><\/p>","protected":false},"featured_media":8169,"template":"","categories":[54],"class_list":["post-8170","product","type-product","status-publish","has-post-thumbnail","hentry","category-industrial-aluminum-profiles"],"meta_box":{"hilight_text_group":{"product_hilight_text":"<ul>\r\r\n  <li>Brushed aluminum profiles provide a sleek, modern appearance with a subtle, textured finish.<\/li>\r\r\n  <li>Highly durable and corrosion-resistant, ensuring long-lasting performance in various environments.<\/li>\r\r\n  <li>Lightweight yet strong, offering an excellent balance of strength and ease of handling for industrial applications.<\/li>\r\r\n  <li>Customizable sizes and shapes, providing flexibility for different architectural and industrial design needs.<\/li>\r\r\n  <li>Easy to maintain with a brushed finish that hides fingerprints and minor imperfections, perfect for high-traffic areas.<\/li>\r\r\n  <li>Ideal for use in both indoor and outdoor applications, including furniture, construction, and automotive industries.<\/li>\r\r\n  <li>Environmentally friendly, as brushed aluminum is recyclable and contributes to sustainable design practices.<\/li>\r\r\n<\/ul>","product_chanpin_blog":"<ul>\r\r\n<li><a href=\"https:\/\/sinoextrud.com\/t-slot-v-slot-differences\/\" target=\"_blank\">t slot vs v slot<\/a><\/li>\r\r\n<li><a href=\"https:\/\/sinoextrud.com\/what-is-4040-aluminium-extrud\/\" target=\"_blank\">4040 aluminium extrusion<\/a><\/li>\r\r\n<li><a href=\"https:\/\/sinoextrud.com\/what-is-4040-aluminium-extrud\/\" target=\"_blank\">aluminum extrusions for industrial racks<\/a><\/li>\r\r\n<li><a href=\"https:\/\/sinoextrud.com\/powder-coating-aluminium-process\/\" target=\"_blank\">powder coating aluminium<\/a><\/li>\r\r\n<li><a href=\"https:\/\/sinoextrud.com\/what-is-an-aluminium-strip-ceiling\/\" target=\"_blank\">aluminium strip ceiling<\/a><\/li>\r\r\n<li><a href=\"https:\/\/sinoextrud.com\/what-is-a-heat-sink\/\" target=\"_blank\">what is a heat sink<\/a><\/li>\r\r\n<\/ul>","product_chanpin_chanpin":"<li><a href=\"https:\/\/sinoextrud.com\/product\/aluminum-t-section-extrusions\/\" target=\"_blank\">Aluminum T Section Extrusions<\/a><\/li>\r\n<li><a href=\"https:\/\/sinoextrud.com\/product\/aluminum-t-slot-profile\/\" target=\"_blank\">Aluminum T Slot Profile<\/a><\/li>\r\n<li><a href=\"https:\/\/sinoextrud.com\/product\/aluminum-t-slot-rail-profile\/\" target=\"_blank\">Aluminum T Slot Rail Profile<\/a><\/li>\r\n<li><a href=\"https:\/\/sinoextrud.com\/product\/aluminum-t-slot-table\/\" target=\"_blank\">Aluminum T Slot Table<\/a><\/li>\r\n<li><a href=\"https:\/\/sinoextrud.com\/product\/brushed-aluminium-profile\/\" target=\"_blank\">Brushed Aluminium Profile<\/a><\/li>\r\n<li><a href=\"https:\/\/sinoextrud.com\/product\/cnc-machining-aluminum-heat-sink\/\" target=\"_blank\">CNC Machining Aluminum Heat Sink<\/a><\/li>\r\n<li><a href=\"https:\/\/sinoextrud.com\/product\/comb-shape-aluminium-heat-sink\/\" target=\"_blank\">Comb Shape Aluminium Heat Sink<\/a><\/li>\r\n<li><a href=\"https:\/\/sinoextrud.com\/product\/aluminum-heat-sink-box-shapes-profiles\/\" target=\"_blank\">Aluminum Heat Sink Box  Shapes  Profiles<\/a><\/li>\r\n<li><a href=\"https:\/\/sinoextrud.com\/product\/solar-aluminium-profiles\/\" target=\"_blank\">Solar Aluminium Profiles<\/a><\/li>\r\n<li><a href=\"https:\/\/sinoextrud.com\/product\/custom-aluminum-extrusion-cnc-machining-aluminum-profile\/\" target=\"_blank\">Custom Aluminum Extrusion CNC Machining Aluminum Profile<\/a><\/li>\r\n<li><a href=\"https:\/\/sinoextrud.com\/product\/extruded-aluminium-profile-for-triangle-and-rectangle-pipe-with-6063-alloy-anodized-mill-finish-surface\/\" target=\"_blank\">Extruded Aluminium Profile For Triangle And Rectangle Pipe With 6063 Alloy Anodized Mill Finish Surface<\/a><\/li>"},"feature_list":[]},"_links":{"self":[{"href":"https:\/\/sinoextrud.com\/hu\/wp-json\/wp\/v2\/product\/8170","targetHints":{"allow":["GET"]}}],"collection":[{"href":"https:\/\/sinoextrud.com\/hu\/wp-json\/wp\/v2\/product"}],"about":[{"href":"https:\/\/sinoextrud.com\/hu\/wp-json\/wp\/v2\/types\/product"}],"wp:featuredmedia":[{"embeddable":true,"href":"https:\/\/sinoextrud.com\/hu\/wp-json\/wp\/v2\/media\/8169"}],"wp:attachment":[{"href":"https:\/\/sinoextrud.com\/hu\/wp-json\/wp\/v2\/media?parent=8170"}],"wp:term":[{"taxonomy":"category","embeddable":true,"href":"https:\/\/sinoextrud.com\/hu\/wp-json\/wp\/v2\/categories?post=8170"}],"curies":[{"name":"wp","href":"https:\/\/api.w.org\/{rel}","templated":true}]}}