{"id":8138,"date":"2025-06-13T02:38:30","date_gmt":"2025-06-13T02:38:30","guid":{"rendered":"https:\/\/sinoextrud.com\/product\/aluminium-t-bar-extrusions\/"},"modified":"2025-06-24T06:23:09","modified_gmt":"2025-06-24T06:23:09","slug":"aluminium-t-rud-extrudalasok","status":"publish","type":"product","link":"https:\/\/sinoextrud.com\/hu\/product\/aluminium-t-bar-extrusions\/","title":{"rendered":"Alum\u00ednium T r\u00fad extrud\u00e1l\u00e1s"},"content":{"rendered":"<h2>Term\u00e9kek r\u00e9szletei<\/h2>\n<table class=\"custom-table\">\n<tr>\n<td class=\"label\">Modell NO.:<\/td>\n<td> 6000-es sorozat<\/td>\n<\/tr>\n<tr>\n<td class=\"label\">Fel\u00fcletkezel\u00e9s:<\/td>\n<td> Porsz\u00f3r\u00e1s<\/td>\n<\/tr>\n<tr>\n<td class=\"label\">\u00d6tv\u00f6z\u0151 \u00f6sszetev\u0151:<\/td>\n<td> 6063<\/td>\n<\/tr>\n<tr>\n<td class=\"label\">Tan\u00fas\u00edt\u00e1s:<\/td>\n<td> CE, SONCAP, ISO, CIQ, RoHS, TUV, TUV<\/td>\n<\/tr>\n<tr>\n<td class=\"label\">Pol\u00edrozott alum\u00ednium profil:<\/td>\n<td> Mechanikai pol\u00edroz\u00e1s<\/td>\n<\/tr>\n<tr>\n<td class=\"label\">Anyag:<\/td>\n<td> 6063-T5, 6061-T6, 6463-T5, 7075-T6, 6082<\/td>\n<\/tr>\n<tr>\n<td class=\"label\">C\u00e9l:<\/td>\n<td> B\u00fator, Ablakok \u00e9s ajt\u00f3k, Dekor\u00e1ci\u00f3, Ipari term\u00e9kek<\/td>\n<\/tr>\n<tr>\n<td class=\"label\">MOQ:<\/td>\n<td> 200KG minden profilhoz<\/td>\n<\/tr>\n<tr>\n<td class=\"label\">OEM szolg\u00e1ltat\u00e1s:<\/td>\n<td> Az \u00fcgyf\u00e9l \u00e1ltal tervezett rajzok vagy mint\u00e1k alapj\u00e1n<\/td>\n<\/tr>\n<tr>\n<td class=\"label\">Fel\u00fcletkezel\u00e9s:<\/td>\n<td> Elox\u00e1lt \/ elektrofor\u00e9zis \/ porbevonat stb.<\/td>\n<\/tr>\n<tr>\n<td class=\"label\">M\u00e9lyrehat\u00f3 feldolgoz\u00e1s:<\/td>\n<td> Lyukaszt\u00e1s, f\u00far\u00e1s, csapol\u00e1s, hajl\u00edt\u00e1s<\/td>\n<\/tr>\n<tr>\n<td class=\"label\">Sz\u00e1ll\u00edt\u00e1si id\u0151:<\/td>\n<td> 25-30days ut\u00e1n minta Confrimed a vev\u0151k \u00e1ltal<\/td>\n<\/tr>\n<tr>\n<td class=\"label\">Elsz\u00e1mol\u00e1si hat\u00e1rid\u0151:<\/td>\n<td> A v\u00e9gs\u0151 kifizet\u00e9s a v\u00e9gleges t\u00e9nyleges fiziol\u00f3gi\u00e1n alapul.<\/td>\n<\/tr>\n<tr>\n<td class=\"label\">Termel\u00e9si garancia:<\/td>\n<td> A fel\u00fcleti sz\u00edn k\u00e9pes fenntartani 10 ~ 20 \u00e9vig F<\/td>\n<\/tr>\n<tr>\n<td class=\"label\">Kik\u00f6t\u0151:<\/td>\n<td> Fob Shenzhen, Guangzhou, Foshan<\/td>\n<\/tr>\n<tr>\n<td class=\"label\">V\u00e9djegy:<\/td>\n<td> Sinoextrud &amp; Sinoextrud<\/td>\n<\/tr>\n<tr>\n<td class=\"label\">Sz\u00e1ll\u00edt\u00e1si csomag:<\/td>\n<td> Norm\u00e1l vagy testreszabott<\/td>\n<\/tr>\n<tr>\n<td class=\"label\">Specifik\u00e1ci\u00f3:<\/td>\n<td> Az \u00fcgyfelek ig\u00e9nyei szerint<\/td>\n<\/tr>\n<tr>\n<td class=\"label\">Eredet:<\/td>\n<td> K\u00ednai sz\u00e1razf\u00f6ld<\/td>\n<\/tr>\n<tr>\n<td class=\"label\">HS-k\u00f3d:<\/td>\n<td> 76042100<\/td>\n<\/tr>\n<\/table>\n<h2>Gy\u00e1rt\u00f3 b\u00e1zisunk<\/h2>\n<h3>Gy\u00e1ri panor\u00e1ma<\/h3>\n<p><img decoding=\"async\" src=\"\/wp-content\/uploads\/factory-01.webp\"\/><\/p>\n<h3>Alum\u00ednium r\u00fadgy\u00e1rt\u00f3 m\u0171hely<\/h3>\n<p><img decoding=\"async\" src=\"\/wp-content\/uploads\/factory-02.webp\"\/><\/p>\n<p><img decoding=\"async\" src=\"\/wp-content\/uploads\/factory-03.webp\"\/><\/p>\n<h3>Pen\u00e9sz rakt\u00e1r<\/h3>\n<p><img decoding=\"async\" src=\"\/wp-content\/uploads\/factory-04.webp\"\/><\/p>\n<h3>43 alum\u00ednium extrud\u00e1l\u00f3 vonal (500-5500 tonna)<\/h3>\n<p><img decoding=\"async\" src=\"\/wp-content\/uploads\/factory-05.webp\"\/><\/p>\n<p><img decoding=\"async\" src=\"\/wp-content\/uploads\/factory-06.webp\"\/><\/p>\n<p><img decoding=\"async\" src=\"\/wp-content\/uploads\/factory-07.webp\"\/><\/p>\n<h3>Porfest\u0151 m\u0171hely<\/h3>\n<p><img decoding=\"async\" src=\"\/wp-content\/uploads\/factory-09.webp\"\/><\/p>\n<h3>Anodiz\u00e1l\u00f3 m\u0171hely<\/h3>\n<p><img decoding=\"async\" src=\"\/wp-content\/uploads\/factory-10.webp\"\/><\/p>\n<h3>M\u00e9ly feldolgoz\u00e1si m\u0171hely<\/h3>\n<p><img decoding=\"async\" src=\"\/wp-content\/uploads\/factory-11.webp\"\/><\/p>\n<h3>CNC prec\u00edzi\u00f3s megmunk\u00e1l\u00f3 m\u0171hely<\/h3>\n<p><img decoding=\"async\" src=\"\/wp-content\/uploads\/factory-11.5.webp\"\/><\/p>\n<h3>K\u00e9szterm\u00e9k \u00e9s export rakt\u00e1r<\/h3>\n<p><img decoding=\"async\" src=\"\/wp-content\/uploads\/factory-12.webp\"\/><\/p>\n<p><img decoding=\"async\" src=\"\/wp-content\/uploads\/factory-13.webp\"\/><\/p>\n<p><img decoding=\"async\" src=\"\/wp-content\/uploads\/factory-14.webp\"\/><\/p>\n<h2>GYIK<\/h2>\n<p><p><b>1.Mik az alum\u00ednium T Bar Extrusions legfontosabb el\u0151nyei?<\/b><\/p>\n<p>Az alum\u00ednium T r\u00fad extrud\u00e1l\u00e1sok kiv\u00e1l\u00f3 szerkezeti tart\u00e1st biztos\u00edtanak, k\u00f6nny\u0171ek, korr\u00f3zi\u00f3\u00e1ll\u00f3ak \u00e9s testre szabhat\u00f3k, \u00edgy ide\u00e1lisak k\u00fcl\u00f6nb\u00f6z\u0151 ipari \u00e9s keretez\u00e9si alkalmaz\u00e1sokhoz.<br \/>\n<\/p><br \/>\n<br \/>\n<p><b>2.Hogyan jav\u00edtja a T-bar kialak\u00edt\u00e1s a szerkezeti al\u00e1t\u00e1maszt\u00e1st?<\/b><\/p>\n<p>A T-bar kialak\u00edt\u00e1s kiv\u00e1l\u00f3 szil\u00e1rds\u00e1got \u00e9s stabilit\u00e1st biztos\u00edt, megb\u00edzhat\u00f3 t\u00e1maszt\u00e9kot ny\u00fajtva a k\u00fcl\u00f6nb\u00f6z\u0151 ipar\u00e1gak k\u00fcl\u00f6nb\u00f6z\u0151 szerkezeteinek \u00e9s rendszereinek.<br \/>\n<\/p><br \/>\n<br \/>\n<p><b>3.Milyen anyagot haszn\u00e1lnak az alum\u00ednium T Bar extrud\u00e1l\u00e1shoz?<\/b><\/p>\n<p>Kiv\u00e1l\u00f3 min\u0151s\u00e9g\u0171 alum\u00edniumb\u00f3l k\u00e9sz\u00fclnek, \u00edgy biztos\u00edtj\u00e1k a tart\u00f3ss\u00e1got, a k\u00f6nny\u0171 s\u00falyt \u00e9s a korr\u00f3zi\u00f3val szembeni ellen\u00e1ll\u00e1st a hossz\u00fa t\u00e1v\u00fa teljes\u00edtm\u00e9ny \u00e9rdek\u00e9ben.<br \/>\n<\/p><br \/>\n<br \/>\n<p><b>4.Can alum\u00ednium T Bar Extrusions testreszabhat\u00f3 egyedi projektekhez?<\/b><\/p>\n<p>Igen, testreszabhat\u00f3 lehet\u0151s\u00e9geket k\u00edn\u00e1lnak az egyedi tervez\u00e9si \u00e9s teherb\u00edr\u00e1si k\u00f6vetelm\u00e9nyekhez, \u00edgy sz\u00e1mos alkalmaz\u00e1shoz alkalmazhat\u00f3k.<br \/>\n<\/p><br \/>\n<br \/>\n<p><b>5.How ellen\u00e1ll a korr\u00f3zi\u00f3nak az alum\u00ednium T Bar Extrusions?<\/b><\/p>\n<p>A felhaszn\u00e1lt alum\u00ednium anyag rendk\u00edv\u00fcl ellen\u00e1ll\u00f3 a korr\u00f3zi\u00f3val szemben, \u00edgy a T-rudak m\u00e9g zord k\u00f6rnyezetben is meg\u0151rzik szil\u00e1rds\u00e1gukat \u00e9s megjelen\u00e9s\u00fcket.<br \/>\n<\/p><br \/>\n<br \/>\n<p><b>6.Milyen ipar\u00e1gak haszn\u00e1lj\u00e1k az alum\u00ednium T Bar Extrusions?<\/b><\/p>\n<p>\u00c1ltal\u00e1ban az \u00e9p\u00edt\u0151iparban, a gy\u00e1rt\u00e1sban, az automatiz\u00e1l\u00e1sban \u00e9s m\u00e1s ipar\u00e1gakban haszn\u00e1lj\u00e1k, ahol er\u0151s, k\u00f6nny\u0171 \u00e9s alkalmazkod\u00f3 keretszerkezeti elemekre van sz\u00fcks\u00e9g.<br \/>\n<\/p><br \/>\n<br \/>\n<p><b>7.How k\u00f6lts\u00e9ghat\u00e9konyak az alum\u00ednium T Bar Extrusions?<\/b><\/p>\n<p>K\u00f6nny\u0171 kezelhet\u0151s\u00e9g\u00fck, egyszer\u0171 \u00f6sszeszerelhet\u0151s\u00e9g\u00fck \u00e9s tart\u00f3ss\u00e1guk miatt k\u00f6lts\u00e9ghat\u00e9kony megold\u00e1st jelentenek, cs\u00f6kkentve a projekt teljes k\u00f6lts\u00e9g\u00e9t \u00e9s a telep\u00edt\u00e9si id\u0151t.<br \/>\n<\/p><br \/><\/p>","protected":false},"featured_media":8137,"template":"","categories":[54],"class_list":["post-8138","product","type-product","status-publish","has-post-thumbnail","hentry","category-industrial-aluminum-profiles"],"meta_box":{"hilight_text_group":{"product_hilight_text":"<li>Strong and durable T-bar design, providing excellent structural support and stability for various applications.<\/li>\r\r\n<li>Lightweight aluminum material, making it easy to handle and install while maintaining high strength.<\/li>\r\r\n<li>Corrosion-resistant, ensuring long-lasting performance in both indoor and outdoor environments.<\/li>\r\r\n<li>Versatile and customizable, suitable for a wide range of industrial, construction, and framing needs.<\/li>\r\r\n<li>Cost-effective solution, reducing the need for additional hardware and providing easy assembly options.<\/li>","product_chanpin_blog":"<ul>\r\r\n<li><a href=\"https:\/\/sinoextrud.com\/t-slot-v-slot-differences\/\" target=\"_blank\">t slot vs v slot<\/a><\/li>\r\r\n<li><a href=\"https:\/\/sinoextrud.com\/what-is-4040-aluminium-extrud\/\" target=\"_blank\">4040 aluminium extrusion<\/a><\/li>\r\r\n<li><a href=\"https:\/\/sinoextrud.com\/what-is-4040-aluminium-extrud\/\" target=\"_blank\">aluminum extrusions for industrial racks<\/a><\/li>\r\r\n<li><a href=\"https:\/\/sinoextrud.com\/powder-coating-aluminium-process\/\" target=\"_blank\">powder coating aluminium<\/a><\/li>\r\r\n<li><a href=\"https:\/\/sinoextrud.com\/what-is-an-aluminium-strip-ceiling\/\" target=\"_blank\">aluminium strip ceiling<\/a><\/li>\r\r\n<li><a href=\"https:\/\/sinoextrud.com\/what-is-a-heat-sink\/\" target=\"_blank\">what is a heat sink<\/a><\/li>\r\r\n<\/ul>","product_chanpin_chanpin":"<li><a href=\"https:\/\/sinoextrud.com\/product\/aluminium-profiles-and-accessories\/\" target=\"_blank\">Aluminium Profiles And Accessories<\/a><\/li>\r\n<li><a href=\"https:\/\/sinoextrud.com\/product\/aluminium-sections-for-glazing\/\" target=\"_blank\">Aluminium Sections For Glazing<\/a><\/li>\r\n<li><a href=\"https:\/\/sinoextrud.com\/product\/aluminium-slotted-channel\/\" target=\"_blank\">Aluminium Slotted Channel<\/a><\/li>\r\n<li><a href=\"https:\/\/sinoextrud.com\/product\/aluminium-solar-panel-frame-profile\/\" target=\"_blank\">Aluminium Solar Panel Frame Profile<\/a><\/li>\r\n<li><a href=\"https:\/\/sinoextrud.com\/product\/aluminium-t-bar-extrusions\/\" target=\"_blank\">Aluminium T Bar Extrusions<\/a><\/li>\r\n<li><a href=\"https:\/\/sinoextrud.com\/product\/aluminium-transport-extrusions\/\" target=\"_blank\">Aluminium Transport Extrusions<\/a><\/li>\r\n<li><a href=\"https:\/\/sinoextrud.com\/product\/aluminum-extruded-enclosure-for-power-supply\/\" target=\"_blank\">Aluminum Extruded Enclosure For Power Supply<\/a><\/li>\r\n<li><a href=\"https:\/\/sinoextrud.com\/product\/aluminum-extrusion-industry\/\" target=\"_blank\">Aluminum Extrusion Industry<\/a><\/li>\r\n<li><a href=\"https:\/\/sinoextrud.com\/product\/aluminum-extrusion-material-t-slot\/\" target=\"_blank\">Aluminum Extrusion Material T Slot<\/a><\/li>\r\n<li><a href=\"https:\/\/sinoextrud.com\/product\/cnc-machining-aluminum-profiles\/\" target=\"_blank\">CNC Machining Aluminum Profiles<\/a><\/li>\r\n<li><a href=\"https:\/\/sinoextrud.com\/product\/t-track-aluminium-extrusion-industrial-usage\/\" target=\"_blank\">T Track Aluminium Extrusion Industrial Usage<\/a><\/li>"},"feature_list":[]},"_links":{"self":[{"href":"https:\/\/sinoextrud.com\/hu\/wp-json\/wp\/v2\/product\/8138","targetHints":{"allow":["GET"]}}],"collection":[{"href":"https:\/\/sinoextrud.com\/hu\/wp-json\/wp\/v2\/product"}],"about":[{"href":"https:\/\/sinoextrud.com\/hu\/wp-json\/wp\/v2\/types\/product"}],"wp:featuredmedia":[{"embeddable":true,"href":"https:\/\/sinoextrud.com\/hu\/wp-json\/wp\/v2\/media\/8137"}],"wp:attachment":[{"href":"https:\/\/sinoextrud.com\/hu\/wp-json\/wp\/v2\/media?parent=8138"}],"wp:term":[{"taxonomy":"category","embeddable":true,"href":"https:\/\/sinoextrud.com\/hu\/wp-json\/wp\/v2\/categories?post=8138"}],"curies":[{"name":"wp","href":"https:\/\/api.w.org\/{rel}","templated":true}]}}