{"id":8136,"date":"2025-06-13T02:35:00","date_gmt":"2025-06-13T02:35:00","guid":{"rendered":"https:\/\/sinoextrud.com\/product\/aluminium-solar-panel-frame-profile\/"},"modified":"2025-06-24T06:23:09","modified_gmt":"2025-06-24T06:23:09","slug":"aluminium-napelem-keretprofil","status":"publish","type":"product","link":"https:\/\/sinoextrud.com\/hu\/product\/aluminium-solar-panel-frame-profile\/","title":{"rendered":"Alum\u00ednium napelem keretprofil"},"content":{"rendered":"<h2>Term\u00e9kek r\u00e9szletei<\/h2>\n<table class=\"custom-table\">\n<tbody>\n<tr>\n<td> 1<\/td>\n<td> T\u00e9tel<\/td>\n<td> Alum\u00ednium napelem keretprofil<\/td>\n<\/tr>\n<tr>\n<td> 2<\/td>\n<td> Anyag<\/td>\n<td> 6063 T5 \u00f6tv\u00f6zet<\/td>\n<\/tr>\n<tr>\n<td> 3<\/td>\n<td> Alkalmaz\u00e1s<\/td>\n<td> Extrud\u00e1lt alum\u00ednium homokf\u00favott profil<\/td>\n<\/tr>\n<tr>\n<td> 4<\/td>\n<td> Tan\u00fas\u00edtv\u00e1ny<\/td>\n<td> ISO9001, ISO14001<\/td>\n<\/tr>\n<tr>\n<td> 5<\/td>\n<td> K\u00e9pess\u00e9g<\/td>\n<td> \u00c9ves termel\u00e9s t\u00f6bb mint 200 000 tonna<\/td>\n<\/tr>\n<tr>\n<td> 6<\/td>\n<td> Sz\u00ednes<\/td>\n<td> Testreszabott el\u00e9rhet\u0151<\/td>\n<\/tr>\n<tr>\n<td> 7<\/td>\n<td> Hossz\u00fas\u00e1g<\/td>\n<td> 1-9 m\u00e9ter vagy testreszabott<\/td>\n<\/tr>\n<tr>\n<td> 8<\/td>\n<td> Vastags\u00e1g<\/td>\n<td> Testreszabott<\/td>\n<\/tr>\n<tr>\n<td> 9<\/td>\n<td> Fel\u00fcletkezel\u00e9s<\/td>\n<td> malom kivitel, elox\u00e1l\u00e1s, porsz\u00f3r\u00e1s, fa szemcs\u00e9s \u00e1tvitel, bevonat stb.<\/td>\n<\/tr>\n<tr>\n<td> 10<\/td>\n<td> Alkalmaz\u00e1s<\/td>\n<td> ablak- \u00e9s ajt\u00f3szakasz, korl\u00e1t, f\u00fcgg\u00f6nyfal<\/td>\n<\/tr>\n<tr>\n<td> 11<\/td>\n<td> Rakod\u00f3 kik\u00f6t\u0151<\/td>\n<td> Shenzhen, Guangzhou, Foshan kik\u00f6t\u0151<\/td>\n<\/tr>\n<tr>\n<td> 12<\/td>\n<td> Fizet\u00e9s<\/td>\n<td> T \/ T, 30% el\u0151leg, m\u00edg az egyenleget a sz\u00e1ll\u00edt\u00e1s el\u0151tt kell kifizetni<\/td>\n<\/tr>\n<tr>\n<td> 13<\/td>\n<td> Csomag<\/td>\n<td> 1.Inside: m\u0171anyag v\u00e9d\u0151f\u00f3li\u00e1val csomagolva az egyes profilok v\u00e9delme \u00e9rdek\u00e9ben<\/td>\n<\/tr>\n<tr>\n<td><\/td>\n<td><\/td>\n<td> 2.Outside: v\u00edz\u00e1ll\u00f3 k\u00e9zm\u0171ves pap\u00edrral csomagolva<\/td>\n<\/tr>\n<tr>\n<td> 14<\/td>\n<td> Sz\u00e1ll\u00edt\u00e1s<\/td>\n<td> 25-30 nappal az el\u0151leg befizet\u00e9se ut\u00e1n<\/td>\n<\/tr>\n<tr>\n<td> 15<\/td>\n<td> Rendez\u00e9si sorrend<\/td>\n<td> 1. Er\u0151s\u00edtse meg a rajzokat, a fel\u00fcletkezel\u00e9st \u00e9s az \u00e1rat;<br \/>\n 2. Fizesse ki a formad\u00edjat, \u00e9s elkezdj\u00fck a form\u00e1k elk\u00e9sz\u00edt\u00e9s\u00e9t;<br \/>\n3. Mint\u00e1kat k\u00fcld\u00fcnk \u00d6nnek a meger\u0151s\u00edt\u00e9shez; <br \/>\n4. Tegye meg a 30% let\u00e9t kifizet\u00e9s\u00e9t, kezdje meg a gy\u00e1rt\u00e1st;<\/td>\n<\/tr>\n<\/tbody>\n<\/table>\n<h2>Gy\u00e1rt\u00f3 b\u00e1zisunk<\/h2>\n<h3>Gy\u00e1ri panor\u00e1ma<\/h3>\n<p><img decoding=\"async\" src=\"\/wp-content\/uploads\/factory-01.webp\"\/><\/p>\n<h3>Alum\u00ednium r\u00fadgy\u00e1rt\u00f3 m\u0171hely<\/h3>\n<p><img decoding=\"async\" src=\"\/wp-content\/uploads\/factory-02.webp\"\/><\/p>\n<\/p>\n<p><img decoding=\"async\" src=\"\/wp-content\/uploads\/factory-03.webp\"\/><\/p>\n<h3>Pen\u00e9sz rakt\u00e1r<\/h3>\n<p><img decoding=\"async\" src=\"\/wp-content\/uploads\/factory-04.webp\"\/><\/p>\n<h3>43 alum\u00ednium extrud\u00e1l\u00f3 vonal (500-5500 tonna)<\/h3>\n<p><img decoding=\"async\" src=\"\/wp-content\/uploads\/factory-05.webp\"\/><\/p>\n<p><img decoding=\"async\" src=\"\/wp-content\/uploads\/factory-06.webp\"\/><\/p>\n<p><img decoding=\"async\" src=\"\/wp-content\/uploads\/factory-07.webp\"\/><\/p>\n<h3>Porfest\u0151 m\u0171hely<\/h3>\n<p><img decoding=\"async\" src=\"\/wp-content\/uploads\/factory-09.webp\"\/><\/p>\n<h3>Anodiz\u00e1l\u00f3 m\u0171hely<\/h3>\n<p><img decoding=\"async\" src=\"\/wp-content\/uploads\/factory-10.webp\"\/><\/p>\n<h3>M\u00e9ly feldolgoz\u00e1si m\u0171hely<\/h3>\n<p><img decoding=\"async\" src=\"\/wp-content\/uploads\/factory-11.webp\"\/><\/p>\n<h3>CNC prec\u00edzi\u00f3s megmunk\u00e1l\u00f3 m\u0171hely<\/h3>\n<p><img decoding=\"async\" src=\"\/wp-content\/uploads\/factory-11.5.webp\"\/><\/p>\n<h3>K\u00e9szterm\u00e9k \u00e9s export rakt\u00e1r<\/h3>\n<p><img decoding=\"async\" src=\"\/wp-content\/uploads\/factory-12.webp\"\/><\/p>\n<p><img decoding=\"async\" src=\"\/wp-content\/uploads\/factory-13.webp\"\/><\/p>\n<p><img decoding=\"async\" src=\"\/wp-content\/uploads\/factory-14.webp\"\/><\/p>\n<h2>GYIK<\/h2>\n<p><b>1.Mik az alum\u00ednium napelemes keretprofil legfontosabb el\u0151nyei?<\/b><\/p>\n<p>Az alum\u00ednium napelemkeret-profil tart\u00f3ss\u00e1got, korr\u00f3zi\u00f3\u00e1ll\u00f3s\u00e1got, k\u00f6nny\u0171 kezelhet\u0151s\u00e9get \u00e9s testreszabhat\u00f3 kialak\u00edt\u00e1st k\u00edn\u00e1l a robusztus napelemes berendez\u00e9sekhez.\n<\/p>\n<p><\/p>\n<p><b>2.Hogyan jav\u00edtja az alum\u00ednium napelemkeret profil a napelemek tart\u00f3ss\u00e1g\u00e1t?<\/b><\/p>\n<p>A korr\u00f3zi\u00f3\u00e1ll\u00f3 alum\u00ednium hossz\u00fa t\u00e1v\u00fa v\u00e9delmet biztos\u00edt a napelemek sz\u00e1m\u00e1ra, megakad\u00e1lyozva a k\u00f6rnyezeti t\u00e9nyez\u0151k, p\u00e9ld\u00e1ul a nedvess\u00e9g \u00e9s az UV-sug\u00e1rz\u00e1s okozta k\u00e1rosod\u00e1st.\n<\/p>\n<p><\/p>\n<p><b>3.Is az alum\u00ednium napelemes keretprofil k\u00f6nnyen telep\u00edthet\u0151?<\/b><\/p>\n<p>Igen, a k\u00f6nny\u0171 kialak\u00edt\u00e1s megk\u00f6nny\u00edti a kezel\u00e9st \u00e9s a telep\u00edt\u00e9st, ami seg\u00edt cs\u00f6kkenteni a munkaer\u0151k\u00f6lts\u00e9geket \u00e9s a telep\u00edt\u00e9si id\u0151t.\n<\/p>\n<p><\/p>\n<p><b>4.Can az alum\u00ednium napelemes keretprofil testre szabhat\u00f3?<\/b><\/p>\n<p>Igen, rugalmas lehet\u0151s\u00e9geket k\u00edn\u00e1l, hogy a napelemek sz\u00e9les sk\u00e1l\u00e1j\u00e1hoz illeszkedjen a k\u00fcl\u00f6nb\u00f6z\u0151 telep\u00edt\u00e9si ig\u00e9nyeknek megfelel\u0151 napelemm\u00e9retek \u00e9s konfigur\u00e1ci\u00f3k tekintet\u00e9ben.\n<\/p>\n<p><\/p>\n<p><b>5.Mennyire er\u0151s az alum\u00ednium napelemkeret profil?<\/b><\/p>\n<p>Kiv\u00e1l\u00f3 szerkezeti szil\u00e1rds\u00e1got biztos\u00edt, megb\u00edzhat\u00f3 t\u00e1maszt \u00e9s stabilit\u00e1st biztos\u00edt a napelemek sz\u00e1m\u00e1ra k\u00fcl\u00f6nb\u00f6z\u0151 k\u00f6rnyezeti k\u00f6r\u00fclm\u00e9nyek k\u00f6z\u00f6tt, bele\u00e9rtve az er\u0151s szelet \u00e9s az er\u0151s havaz\u00e1st is.\n<\/p>\n<p><\/p>\n<p><b>6.Mi\u00e9rt haszn\u00e1lnak alum\u00edniumot a napelemkeretekhez?<\/b><\/p>\n<p>Az alum\u00ednium k\u00f6nny\u0171, tart\u00f3s \u00e9s korr\u00f3zi\u00f3\u00e1ll\u00f3, \u00edgy ide\u00e1lis anyag a hossz\u00fa \u00e9lettartam\u00fa napelemkeretekhez.\n<\/p>\n<p><\/p>\n<p><b>7.Mennyire k\u00f6lts\u00e9ghat\u00e9kony az alum\u00ednium napelemkeret profil?<\/b><\/p>\n<p>Megfizethet\u0151 megold\u00e1st k\u00edn\u00e1l a napelemek telep\u00edt\u00e9s\u00e9hez, amely versenyk\u00e9pes \u00e1ron \u00f6tv\u00f6zi az er\u0151t, a tart\u00f3ss\u00e1got \u00e9s a k\u00f6nny\u0171 haszn\u00e1latot.\n<\/p>\n<p><\/p>","protected":false},"featured_media":8135,"template":"","categories":[54],"class_list":["post-8136","product","type-product","status-publish","has-post-thumbnail","hentry","category-industrial-aluminum-profiles"],"meta_box":{"hilight_text_group":{"product_hilight_text":"<li>Durable and corrosion-resistant aluminum construction, ensuring long-lasting protection for solar panels.<\/li>\r\r\n<li>Lightweight design, making it easy to handle and install, reducing labor costs.<\/li>\r\r\n<li>Excellent structural strength, providing reliable support for solar panels in various weather conditions.<\/li>\r\r\n<li>Customizable profile options to fit a wide range of solar panel sizes and configurations.<\/li>\r\r\n<li>Cost-effective solution for building robust and efficient solar panel frames for renewable energy systems.<\/li>","product_chanpin_blog":"<ul>\r\r\n<li><a href=\"https:\/\/sinoextrud.com\/t-slot-v-slot-differences\/\" target=\"_blank\">t slot vs v slot<\/a><\/li>\r\r\n<li><a href=\"https:\/\/sinoextrud.com\/what-is-4040-aluminium-extrud\/\" target=\"_blank\">4040 aluminium extrusion<\/a><\/li>\r\r\n<li><a href=\"https:\/\/sinoextrud.com\/what-is-4040-aluminium-extrud\/\" target=\"_blank\">aluminum extrusions for industrial racks<\/a><\/li>\r\r\n<li><a href=\"https:\/\/sinoextrud.com\/powder-coating-aluminium-process\/\" target=\"_blank\">powder coating aluminium<\/a><\/li>\r\r\n<li><a href=\"https:\/\/sinoextrud.com\/what-is-an-aluminium-strip-ceiling\/\" target=\"_blank\">aluminium strip ceiling<\/a><\/li>\r\r\n<li><a href=\"https:\/\/sinoextrud.com\/what-is-a-heat-sink\/\" target=\"_blank\">what is a heat sink<\/a><\/li>\r\r\n<\/ul>","product_chanpin_chanpin":"<li><a href=\"https:\/\/sinoextrud.com\/product\/aluminium-profile-h\/\" target=\"_blank\">Aluminium Profile H<\/a><\/li>\r\n<li><a href=\"https:\/\/sinoextrud.com\/product\/aluminium-profiles-and-accessories\/\" target=\"_blank\">Aluminium Profiles And Accessories<\/a><\/li>\r\n<li><a href=\"https:\/\/sinoextrud.com\/product\/aluminium-sections-for-glazing\/\" target=\"_blank\">Aluminium Sections For Glazing<\/a><\/li>\r\n<li><a href=\"https:\/\/sinoextrud.com\/product\/aluminium-slotted-channel\/\" target=\"_blank\">Aluminium Slotted Channel<\/a><\/li>\r\n<li><a href=\"https:\/\/sinoextrud.com\/product\/aluminium-solar-panel-frame-profile\/\" target=\"_blank\">Aluminium Solar Panel Frame Profile<\/a><\/li>\r\n<li><a href=\"https:\/\/sinoextrud.com\/product\/aluminium-t-bar-extrusions\/\" target=\"_blank\">Aluminium T Bar Extrusions<\/a><\/li>\r\n<li><a href=\"https:\/\/sinoextrud.com\/product\/aluminium-transport-extrusions\/\" target=\"_blank\">Aluminium Transport Extrusions<\/a><\/li>\r\n<li><a href=\"https:\/\/sinoextrud.com\/product\/aluminum-extruded-enclosure-for-power-supply\/\" target=\"_blank\">Aluminum Extruded Enclosure For Power Supply<\/a><\/li>\r\n<li><a href=\"https:\/\/sinoextrud.com\/product\/aluminum-extrusion-industry\/\" target=\"_blank\">Aluminum Extrusion Industry<\/a><\/li>\r\n<li><a href=\"https:\/\/sinoextrud.com\/product\/aluminum-fireproof-outdoor-terracce-decking-floor\/\" target=\"_blank\">Aluminum Fireproof Outdoor Terracce Decking Floor<\/a><\/li>\r\n<li><a href=\"https:\/\/sinoextrud.com\/product\/aluminum-extrusion-frame\/\" target=\"_blank\">Aluminum Extrusion Frame<\/a><\/li>"},"feature_list":[]},"_links":{"self":[{"href":"https:\/\/sinoextrud.com\/hu\/wp-json\/wp\/v2\/product\/8136","targetHints":{"allow":["GET"]}}],"collection":[{"href":"https:\/\/sinoextrud.com\/hu\/wp-json\/wp\/v2\/product"}],"about":[{"href":"https:\/\/sinoextrud.com\/hu\/wp-json\/wp\/v2\/types\/product"}],"wp:featuredmedia":[{"embeddable":true,"href":"https:\/\/sinoextrud.com\/hu\/wp-json\/wp\/v2\/media\/8135"}],"wp:attachment":[{"href":"https:\/\/sinoextrud.com\/hu\/wp-json\/wp\/v2\/media?parent=8136"}],"wp:term":[{"taxonomy":"category","embeddable":true,"href":"https:\/\/sinoextrud.com\/hu\/wp-json\/wp\/v2\/categories?post=8136"}],"curies":[{"name":"wp","href":"https:\/\/api.w.org\/{rel}","templated":true}]}}