{"id":8134,"date":"2025-06-13T02:33:26","date_gmt":"2025-06-13T02:33:26","guid":{"rendered":"https:\/\/sinoextrud.com\/product\/aluminium-slotted-channel\/"},"modified":"2025-06-24T06:23:09","modified_gmt":"2025-06-24T06:23:09","slug":"aluminium-reselt-csatorna","status":"publish","type":"product","link":"https:\/\/sinoextrud.com\/hu\/product\/aluminium-slotted-channel\/","title":{"rendered":"Alum\u00ednium hornyolt csatorna"},"content":{"rendered":"<h2>Term\u00e9kek r\u00e9szletei<\/h2>\n<table class=\"custom-table\">\n<tr>\n<td class=\"label\">Term\u00e9k neve<\/td>\n<td>3D nyomtat\u00f3 keret k\u00e9szlet MendelMax 2 extrud\u00e1l\u00f3 k\u00e9szlet T-Slot alum\u00ednium profil 20\u00d720<\/td>\n<\/tr>\n<tr>\n<td class=\"label\">Megnevez\u00e9s<\/td>\n<td>AA 6063, 6060, 6061, 6005 stb.<\/td>\n<\/tr>\n<tr>\n<td class=\"label\">Temper<\/td>\n<td>T5\/T6\/T66<\/td>\n<\/tr>\n<tr>\n<td class=\"label\">Fel\u00fcletkezel\u00e9s<\/td>\n<td>Porbevonat, elektroforetikus bevonat, elox\u00e1l\u00e1s, mechanikus pol\u00edroz\u00e1s, PVDF bevonat, fa minta, csiszolt f\u00e9m \u00e9s stb.<\/td>\n<\/tr>\n<tr>\n<td class=\"label\">Norm\u00e1l elox\u00e1l\u00e1s vastags\u00e1ga<\/td>\n<td>10-30 mikron<\/td>\n<\/tr>\n<tr>\n<td class=\"label\">Norm\u00e1l porbevonat vastags\u00e1ga<\/td>\n<td>60-100 mikron<\/td>\n<\/tr>\n<tr>\n<td class=\"label\">Standard<\/td>\n<td>GB, ISO, ASTM, DIN, JIS, EN, ANSI, GB, ISO, ASTM, DIN, JIS, EN, ANSI<\/td>\n<\/tr>\n<tr>\n<td class=\"label\">Alkalmaz\u00e1s<\/td>\n<td>\u00c9p\u00edt\u0151ipar, dekor\u00e1ci\u00f3, ablakok, ajt\u00f3k stb.<\/td>\n<\/tr>\n<tr>\n<td class=\"label\">Hossz\u00fas\u00e1g<\/td>\n<td>1-9m<\/td>\n<\/tr>\n<tr>\n<td class=\"label\">\u00c1r<\/td>\n<td>Az SMM alum\u00ednium ingot \u00e1r + feldolgoz\u00e1si d\u00edj alapj\u00e1n<\/td>\n<\/tr>\n<tr>\n<td class=\"label\">Csomagol\u00e1s<\/td>\n<td>Minden profil PE-f\u00f3li\u00e1val van r\u00f6gz\u00edtve, majd vastag m\u0171anyag f\u00f3li\u00e1val k\u00f6tegelve, amelyek v\u00edz\u00e1ll\u00f3ak.<\/td>\n<\/tr>\n<tr>\n<td class=\"label\">Norm\u00e1l sorrend<\/td>\n<td>1. Er\u0151s\u00edtse meg a rajzokat, sz\u00edneket \u00e9s \u00e1rakat;<br \/>\n2. Fizesse ki az \u00f6nt\u0151forma d\u00edj\u00e1t, \u00e9s mi k\u00e9sz\u00edt\u00fcnk \u00f6nt\u0151form\u00e1kat;<br \/>\n3. Mint\u00e1kat k\u00fcld\u00fcnk \u00d6nnek a meger\u0151s\u00edt\u00e9shez;<br \/>\n4. Tegye meg a 30% let\u00e9t kifizet\u00e9s\u00e9t, kezdje meg a gy\u00e1rt\u00e1st;<br \/>\n5. A megrendel\u00e9s egyenleg\u00e9nek be\u00e9rkez\u00e9se ut\u00e1n a sz\u00e1ll\u00edt\u00e1s.<\/td>\n<\/tr>\n<\/table>\n<h2>Gy\u00e1rt\u00f3 b\u00e1zisunk<\/h2>\n<h3>Gy\u00e1ri panor\u00e1ma<\/h3>\n<p><img decoding=\"async\" src=\"\/wp-content\/uploads\/factory-01.webp\"\/><\/p>\n<h3>Alum\u00ednium r\u00fadgy\u00e1rt\u00f3 m\u0171hely<\/h3>\n<p><img decoding=\"async\" src=\"\/wp-content\/uploads\/factory-02.webp\"\/><\/p>\n<\/p>\n<p><img decoding=\"async\" src=\"\/wp-content\/uploads\/factory-03.webp\"\/><\/p>\n<h3>Pen\u00e9sz rakt\u00e1r<\/h3>\n<p><img decoding=\"async\" src=\"\/wp-content\/uploads\/factory-04.webp\"\/><\/p>\n<h3>43 alum\u00ednium extrud\u00e1l\u00f3 vonal (500-5500 tonna)<\/h3>\n<p><img decoding=\"async\" src=\"\/wp-content\/uploads\/factory-05.webp\"\/><\/p>\n<p><img decoding=\"async\" src=\"\/wp-content\/uploads\/factory-06.webp\"\/><\/p>\n<p><img decoding=\"async\" src=\"\/wp-content\/uploads\/factory-07.webp\"\/><\/p>\n<h3>Porfest\u0151 m\u0171hely<\/h3>\n<p><img decoding=\"async\" src=\"\/wp-content\/uploads\/factory-09.webp\"\/><\/p>\n<h3>Anodiz\u00e1l\u00f3 m\u0171hely<\/h3>\n<p><img decoding=\"async\" src=\"\/wp-content\/uploads\/factory-10.webp\"\/><\/p>\n<h3>M\u00e9ly feldolgoz\u00e1si m\u0171hely<\/h3>\n<p><img decoding=\"async\" src=\"\/wp-content\/uploads\/factory-11.webp\"\/><\/p>\n<h3>CNC prec\u00edzi\u00f3s megmunk\u00e1l\u00f3 m\u0171hely<\/h3>\n<p><img decoding=\"async\" src=\"\/wp-content\/uploads\/factory-11.5.webp\"\/><\/p>\n<h3>K\u00e9szterm\u00e9k \u00e9s export rakt\u00e1r<\/h3>\n<p><img decoding=\"async\" src=\"\/wp-content\/uploads\/factory-12.webp\"\/><\/p>\n<p><img decoding=\"async\" src=\"\/wp-content\/uploads\/factory-13.webp\"\/><\/p>\n<p><img decoding=\"async\" src=\"\/wp-content\/uploads\/factory-14.webp\"\/><\/p>\n<h2>GYIK<\/h2>\n<p><b>1.Mik az alum\u00ednium r\u00e9selt csatorn\u00e1k f\u0151 el\u0151nyei?<\/b><\/p>\n<p>Az alum\u00ednium hornyolt csatorn\u00e1k sokoldal\u00faak, k\u00f6nny\u0171ek \u00e9s korr\u00f3zi\u00f3\u00e1ll\u00f3ak, \u00edgy t\u00f6k\u00e9letesen alkalmasak k\u00fcl\u00f6nb\u00f6z\u0151 szerkezeti \u00e9s szerel\u00e9si alkalmaz\u00e1sokhoz.\n<\/p>\n<p><\/p>\n<p><b>2.Hogyan egyszer\u0171s\u00edtik az alum\u00ednium hornyolt csatorn\u00e1k a telep\u00edt\u00e9st?<\/b><\/p>\n<p>Az alum\u00ednium hornyolt csatorn\u00e1kban l\u00e9v\u0151 el\u0151re f\u00fart hornyolt lyukak lehet\u0151v\u00e9 teszik az egyszer\u0171 \u00e9s gyors \u00f6sszeszerel\u00e9st, cs\u00f6kkentve a szerel\u00e9si id\u0151t \u00e9s er\u0151fesz\u00edt\u00e9st.\n<\/p>\n<p><\/p>\n<p><b>3.Lehet-e az alum\u00ednium hornyolt csatorn\u00e1kat egyedi alkalmaz\u00e1sokhoz testre szabni?<\/b><\/p>\n<p>Igen, az alum\u00ednium hornyolt csatorn\u00e1k rendk\u00edv\u00fcl alkalmazkod\u00f3k\u00e9pesek, lehet\u0151v\u00e9 t\u00e9ve a m\u00e9ret, a kialak\u00edt\u00e1s \u00e9s a szerel\u00e9si konfigur\u00e1ci\u00f3k testreszab\u00e1s\u00e1t a k\u00fcl\u00f6nb\u00f6z\u0151 projektig\u00e9nyeknek megfelel\u0151en.\n<\/p>\n<p><\/p>\n<p><b>4.Are alum\u00ednium r\u00e9selt csatorn\u00e1k tart\u00f3s?<\/b><\/p>\n<p>Igen, az alum\u00ednium hornyolt csatorn\u00e1k kiv\u00e1l\u00f3 min\u0151s\u00e9g\u0171 alum\u00edniumb\u00f3l k\u00e9sz\u00fclnek, szil\u00e1rds\u00e1got \u00e9s tart\u00f3ss\u00e1got biztos\u00edtanak, ugyanakkor k\u00f6nny\u0171ek a k\u00f6nny\u0171 kezelhet\u0151s\u00e9g \u00e9rdek\u00e9ben.\n<\/p>\n<p><\/p>\n<p><b>5.Alkalmasak-e az alum\u00ednium hornyolt csatorn\u00e1k k\u00fclt\u00e9ri haszn\u00e1latra?<\/b><\/p>\n<p>Az alum\u00ednium hornyolt csatorn\u00e1k korr\u00f3zi\u00f3\u00e1ll\u00f3ak \u00e9s j\u00f3l teljes\u00edtenek k\u00fclt\u00e9ri \u00e9s zord k\u00f6rnyezetben, megb\u00edzhat\u00f3 tart\u00f3szerkezeteket biztos\u00edtva.\n<\/p>\n<p><\/p>\n<p><b>6.Milyen ipar\u00e1gak profit\u00e1lhatnak az alum\u00ednium hornyolt csatorn\u00e1kb\u00f3l?<\/b><\/p>\n<p>Az alum\u00ednium hornyolt csatorn\u00e1kat sokoldal\u00fas\u00e1guknak \u00e9s szil\u00e1rds\u00e1guknak k\u00f6sz\u00f6nhet\u0151en sz\u00e9les k\u00f6rben haszn\u00e1lj\u00e1k az olyan ipar\u00e1gakban, mint az \u00e9p\u00edt\u0151ipar, a g\u00e9pipar, az elektromos berendez\u00e9sek, \u00e9s m\u00e9g sok m\u00e1s ipar\u00e1gban.\n<\/p>\n<p><\/p>\n<p><b>7.Mennyire k\u00f6lts\u00e9ghat\u00e9konyak az alum\u00ednium r\u00e9selt csatorn\u00e1k?<\/b><\/p>\n<p>Az alum\u00ednium hornyolt csatorn\u00e1k k\u00f6lts\u00e9ghat\u00e9kony megold\u00e1st k\u00edn\u00e1lnak az \u00e9p\u00fcletek tart\u00f3szerkezeteinek \u00e9s v\u00e1zszerkezeteinek kialak\u00edt\u00e1s\u00e1hoz, id\u0151t \u00e9s er\u0151forr\u00e1sokat takar\u00edtva meg a telep\u00edt\u00e9s sor\u00e1n.\n<\/p>\n<p><\/p>\n<p><b>8.Are alum\u00ednium r\u00e9selt csatorn\u00e1k k\u00f6rnyezetbar\u00e1t?<\/b><\/p>\n<p>Igen, az alum\u00ednium hornyolt csatorn\u00e1k teljes m\u00e9rt\u00e9kben \u00fajrahasznos\u00edthat\u00f3k, \u00edgy k\u00f6rnyezetbar\u00e1t v\u00e1laszt\u00e1s az ipari alkalmaz\u00e1sok \u00e9s a fenntarthat\u00f3 gy\u00e1rt\u00e1s sz\u00e1m\u00e1ra.\n<\/p>\n<p><\/p>","protected":false},"featured_media":8133,"template":"","categories":[54],"class_list":["post-8134","product","type-product","status-publish","has-post-thumbnail","hentry","category-industrial-aluminum-profiles"],"meta_box":{"hilight_text_group":{"product_hilight_text":"<li>Versatile and flexible, ideal for structural and mounting applications in various industries.<\/li>\r\r\n<li>Made of high-quality aluminum, offering strength and durability while remaining lightweight.<\/li>\r\r\n<li>Corrosion-resistant, ensuring long-lasting performance in outdoor and harsh environments.<\/li>\r\r\n<li>Pre-drilled slotted holes for easy assembly and customization according to project needs.<\/li>\r\r\n<li>Highly adaptable, suitable for a wide range of applications including construction, machinery, and electrical installations.<\/li>\r\r\n<li>Cost-effective solution for creating support structures and frameworks quickly and efficiently.<\/li>\r\r\n<li>Recyclable, making it an eco-friendly and sustainable choice for industrial use.<\/li>","product_chanpin_blog":"<ul>\r\r\n<li><a href=\"https:\/\/sinoextrud.com\/t-slot-v-slot-differences\/\" target=\"_blank\">t slot vs v slot<\/a><\/li>\r\r\n<li><a href=\"https:\/\/sinoextrud.com\/what-is-4040-aluminium-extrud\/\" target=\"_blank\">4040 aluminium extrusion<\/a><\/li>\r\r\n<li><a href=\"https:\/\/sinoextrud.com\/what-is-4040-aluminium-extrud\/\" target=\"_blank\">aluminum extrusions for industrial racks<\/a><\/li>\r\r\n<li><a href=\"https:\/\/sinoextrud.com\/powder-coating-aluminium-process\/\" target=\"_blank\">powder coating aluminium<\/a><\/li>\r\r\n<li><a href=\"https:\/\/sinoextrud.com\/what-is-an-aluminium-strip-ceiling\/\" target=\"_blank\">aluminium strip ceiling<\/a><\/li>\r\r\n<li><a href=\"https:\/\/sinoextrud.com\/what-is-a-heat-sink\/\" target=\"_blank\">what is a heat sink<\/a><\/li>\r\r\n<\/ul>","product_chanpin_chanpin":"<li><a href=\"https:\/\/sinoextrud.com\/product\/aluminium-profile-for-glass-railing\/\" target=\"_blank\">Aluminium Profile For Glass Railing<\/a><\/li>\r\n<li><a href=\"https:\/\/sinoextrud.com\/product\/aluminium-profile-h\/\" target=\"_blank\">Aluminium Profile H<\/a><\/li>\r\n<li><a href=\"https:\/\/sinoextrud.com\/product\/aluminium-profiles-and-accessories\/\" target=\"_blank\">Aluminium Profiles And Accessories<\/a><\/li>\r\n<li><a href=\"https:\/\/sinoextrud.com\/product\/aluminium-sections-for-glazing\/\" target=\"_blank\">Aluminium Sections For Glazing<\/a><\/li>\r\n<li><a href=\"https:\/\/sinoextrud.com\/product\/aluminium-slotted-channel\/\" target=\"_blank\">Aluminium Slotted Channel<\/a><\/li>\r\n<li><a href=\"https:\/\/sinoextrud.com\/product\/aluminium-solar-panel-frame-profile\/\" target=\"_blank\">Aluminium Solar Panel Frame Profile<\/a><\/li>\r\n<li><a href=\"https:\/\/sinoextrud.com\/product\/aluminium-t-bar-extrusions\/\" target=\"_blank\">Aluminium T Bar Extrusions<\/a><\/li>\r\n<li><a href=\"https:\/\/sinoextrud.com\/product\/aluminium-transport-extrusions\/\" target=\"_blank\">Aluminium Transport Extrusions<\/a><\/li>\r\n<li><a href=\"https:\/\/sinoextrud.com\/product\/aluminum-extruded-enclosure-for-power-supply\/\" target=\"_blank\">Aluminum Extruded Enclosure For Power Supply<\/a><\/li>\r\n<li><a href=\"https:\/\/sinoextrud.com\/product\/custom-aluminum-tongue-and-groove-extrusion-for-floor-decking\/\" target=\"_blank\">Custom Aluminum Tongue And Groove Extrusion for floor decking<\/a><\/li>\r\n<li><a href=\"https:\/\/sinoextrud.com\/product\/industrial-aluminium-profiles\/\" target=\"_blank\">Industrial Aluminium Profiles<\/a><\/li>"},"feature_list":[]},"_links":{"self":[{"href":"https:\/\/sinoextrud.com\/hu\/wp-json\/wp\/v2\/product\/8134","targetHints":{"allow":["GET"]}}],"collection":[{"href":"https:\/\/sinoextrud.com\/hu\/wp-json\/wp\/v2\/product"}],"about":[{"href":"https:\/\/sinoextrud.com\/hu\/wp-json\/wp\/v2\/types\/product"}],"wp:featuredmedia":[{"embeddable":true,"href":"https:\/\/sinoextrud.com\/hu\/wp-json\/wp\/v2\/media\/8133"}],"wp:attachment":[{"href":"https:\/\/sinoextrud.com\/hu\/wp-json\/wp\/v2\/media?parent=8134"}],"wp:term":[{"taxonomy":"category","embeddable":true,"href":"https:\/\/sinoextrud.com\/hu\/wp-json\/wp\/v2\/categories?post=8134"}],"curies":[{"name":"wp","href":"https:\/\/api.w.org\/{rel}","templated":true}]}}