{"id":8132,"date":"2025-06-13T02:30:07","date_gmt":"2025-06-13T02:30:07","guid":{"rendered":"https:\/\/sinoextrud.com\/product\/aluminium-sections-for-glazing\/"},"modified":"2025-06-24T06:23:09","modified_gmt":"2025-06-24T06:23:09","slug":"aluminium-profilok-uvegezeshez","status":"publish","type":"product","link":"https:\/\/sinoextrud.com\/hu\/product\/aluminium-sections-for-glazing\/","title":{"rendered":"Alum\u00ednium profilok \u00fcvegez\u00e9shez"},"content":{"rendered":"<h2>Term\u00e9kek r\u00e9szletei<\/h2>\n<table class=\"custom-table\">\n<tr>\n<td class=\"label\">Modell t\u00e9tel.:<\/td>\n<td> Alum\u00ednium profilok \u00fcvegez\u00e9shez<\/td>\n<\/tr>\n<tr>\n<td class=\"label\">Fel\u00fcletkezel\u00e9s:<\/td>\n<td> Porsz\u00f3r\u00e1s<\/td>\n<\/tr>\n<tr>\n<td class=\"label\">\u00d6tv\u00f6z\u0151 \u00f6sszetev\u0151:<\/td>\n<td> 6063<\/td>\n<\/tr>\n<tr>\n<td class=\"label\">Tan\u00fas\u00edt\u00e1s:<\/td>\n<td> CE, SONCAP, ISO, CIQ, RoHS, TUV, TUV<\/td>\n<\/tr>\n<tr>\n<td class=\"label\">Pol\u00edrozott alum\u00ednium profil:<\/td>\n<td> Mechanikai pol\u00edroz\u00e1s<\/td>\n<\/tr>\n<tr>\n<td class=\"label\">Anyag:<\/td>\n<td> 6063-T5, 6061-T6, 6463-T5, 7075-T6, 6082<\/td>\n<\/tr>\n<tr>\n<td class=\"label\">C\u00e9l:<\/td>\n<td> B\u00fator, Ablakok \u00e9s ajt\u00f3k, Dekor\u00e1ci\u00f3, Ipari term\u00e9kek<\/td>\n<\/tr>\n<tr>\n<td class=\"label\">MOQ:<\/td>\n<td> 200KG minden profilhoz<\/td>\n<\/tr>\n<tr>\n<td class=\"label\">OEM szolg\u00e1ltat\u00e1s:<\/td>\n<td> Az \u00fcgyf\u00e9l \u00e1ltal tervezett rajzok vagy mint\u00e1k alapj\u00e1n<\/td>\n<\/tr>\n<tr>\n<td class=\"label\">Fel\u00fcletkezel\u00e9s:<\/td>\n<td> Elox\u00e1lt \/ elektrofor\u00e9zis \/ porbevonat stb.<\/td>\n<\/tr>\n<tr>\n<td class=\"label\">M\u00e9lyrehat\u00f3 feldolgoz\u00e1s:<\/td>\n<td> Lyukaszt\u00e1s, f\u00far\u00e1s, csapol\u00e1s, hajl\u00edt\u00e1s<\/td>\n<\/tr>\n<tr>\n<td class=\"label\">Sz\u00e1ll\u00edt\u00e1si id\u0151:<\/td>\n<td> 25-30days ut\u00e1n minta Confrimed a vev\u0151k \u00e1ltal<\/td>\n<\/tr>\n<tr>\n<td class=\"label\">Elsz\u00e1mol\u00e1si hat\u00e1rid\u0151:<\/td>\n<td> A v\u00e9gs\u0151 kifizet\u00e9s a v\u00e9gleges t\u00e9nyleges fiziol\u00f3gi\u00e1n alapul.<\/td>\n<\/tr>\n<tr>\n<td class=\"label\">Termel\u00e9si garancia:<\/td>\n<td> A fel\u00fcleti sz\u00edn k\u00e9pes fenntartani 10 ~ 20 \u00e9vig F<\/td>\n<\/tr>\n<tr>\n<td class=\"label\">Kik\u00f6t\u0151:<\/td>\n<td> Fob Shenzhen, Guangzhou, Foshan<\/td>\n<\/tr>\n<tr>\n<td class=\"label\">V\u00e9djegy:<\/td>\n<td> Sinoextrud &amp; Sinoextrud<\/td>\n<\/tr>\n<tr>\n<td class=\"label\">Sz\u00e1ll\u00edt\u00e1si csomag:<\/td>\n<td> Norm\u00e1l vagy testreszabott<\/td>\n<\/tr>\n<tr>\n<td class=\"label\">Specifik\u00e1ci\u00f3:<\/td>\n<td> Az \u00fcgyfelek ig\u00e9nyei szerint<\/td>\n<\/tr>\n<tr>\n<td class=\"label\">Eredet:<\/td>\n<td> K\u00ednai sz\u00e1razf\u00f6ld<\/td>\n<\/tr>\n<tr>\n<td class=\"label\">HS-k\u00f3d:<\/td>\n<td> 76042100\n<\/td>\n<\/tr>\n<\/table>\n<h2>Gy\u00e1rt\u00f3 b\u00e1zisunk<\/h2>\n<h3>Gy\u00e1ri panor\u00e1ma<\/h3>\n<p><img decoding=\"async\" src=\"\/wp-content\/uploads\/factory-01.webp\"\/><\/p>\n<h3>Alum\u00ednium r\u00fadgy\u00e1rt\u00f3 m\u0171hely<\/h3>\n<p><img decoding=\"async\" src=\"\/wp-content\/uploads\/factory-02.webp\"\/><\/p>\n<p><img decoding=\"async\" src=\"\/wp-content\/uploads\/factory-03.webp\"\/><\/p>\n<h3>Pen\u00e9sz rakt\u00e1r<\/h3>\n<p><img decoding=\"async\" src=\"\/wp-content\/uploads\/factory-04.webp\"\/><\/p>\n<h3>43 alum\u00ednium extrud\u00e1l\u00f3 vonal (500-5500 tonna)<\/h3>\n<p><img decoding=\"async\" src=\"\/wp-content\/uploads\/factory-05.webp\"\/><\/p>\n<p><img decoding=\"async\" src=\"\/wp-content\/uploads\/factory-06.webp\"\/><\/p>\n<p><img decoding=\"async\" src=\"\/wp-content\/uploads\/factory-07.webp\"\/><\/p>\n<h3>Porfest\u0151 m\u0171hely<\/h3>\n<p><img decoding=\"async\" src=\"\/wp-content\/uploads\/factory-09.webp\"\/><\/p>\n<h3>Anodiz\u00e1l\u00f3 m\u0171hely<\/h3>\n<p><img decoding=\"async\" src=\"\/wp-content\/uploads\/factory-10.webp\"\/><\/p>\n<h3>M\u00e9ly feldolgoz\u00e1si m\u0171hely<\/h3>\n<p><img decoding=\"async\" src=\"\/wp-content\/uploads\/factory-11.webp\"\/><\/p>\n<h3>CNC prec\u00edzi\u00f3s megmunk\u00e1l\u00f3 m\u0171hely<\/h3>\n<p><img decoding=\"async\" src=\"\/wp-content\/uploads\/factory-11.5.webp\"\/><\/p>\n<h3>K\u00e9szterm\u00e9k \u00e9s export rakt\u00e1r<\/h3>\n<p><img decoding=\"async\" src=\"\/wp-content\/uploads\/factory-12.webp\"\/><\/p>\n<p><img decoding=\"async\" src=\"\/wp-content\/uploads\/factory-13.webp\"\/><\/p>\n<p><img decoding=\"async\" src=\"\/wp-content\/uploads\/factory-14.webp\"\/><\/p>\n<h2>GYIK<\/h2>\n<p><p><b>1.Mi teszi az alum\u00ednium profilokat \u00fcvegez\u00e9shez alkalmasakk\u00e1 az \u00fcvegez\u00e9si alkalmaz\u00e1sokhoz? <\/b><\/p>\n<p> Az \u00fcvegez\u00e9shez haszn\u00e1lt alum\u00edniumprofilok er\u0151s, biztons\u00e1gos tart\u00e1st biztos\u00edtanak, \u00e9s fokozz\u00e1k az \u00fcvegez\u00e9si rendszerek szerkezeti integrit\u00e1s\u00e1t, \u00edgy ide\u00e1lisak az ablakok, f\u00fcgg\u00f6nyfalak \u00e9s homlokzatok alkalmaz\u00e1s\u00e1hoz.<br \/>\n<\/p><br \/>\n<br \/>\n<p><b>2.Can alum\u00ednium szelv\u00e9nyek \u00fcvegez\u00e9shez testreszabhat\u00f3? <\/b><\/p>\n<p> Igen, ezek a szelv\u00e9nyek m\u00e9ret\u00fck, kialak\u00edt\u00e1suk \u00e9s kivitel\u00fck tekintet\u00e9ben testre szabhat\u00f3k, hogy megfeleljenek a k\u00fcl\u00f6nb\u00f6z\u0151 \u00fcvegez\u00e9si projektek egyedi ig\u00e9nyeinek.<br \/>\n<\/p><br \/>\n<br \/>\n<p><b>3.How tart\u00f3sak az alum\u00ednium profilok az \u00fcvegez\u00e9shez? <\/b><\/p>\n<p> Az alum\u00ednium szelv\u00e9nyek korr\u00f3zi\u00f3\u00e1ll\u00f3ak, \u00e9s \u00fagy tervezt\u00e9k \u0151ket, hogy ellen\u00e1lljanak a k\u00fcl\u00f6nb\u00f6z\u0151 k\u00f6rnyezeti k\u00f6r\u00fclm\u00e9nyeknek, \u00edgy biztos\u00edtva a hossz\u00fa \u00e9lettartamot \u00e9s teljes\u00edtm\u00e9nyt.<br \/>\n<\/p><br \/>\n<br \/>\n<p><b>4.Milyen ipar\u00e1gak sz\u00e1m\u00e1ra el\u0151ny\u00f6s az alum\u00edniumprofilok haszn\u00e1lata az \u00fcvegez\u00e9shez? <\/b><\/p>\n<p> Ezeket a szelv\u00e9nyeket az \u00e9p\u00edt\u0151iparban, az \u00e9p\u00edt\u00e9szetben \u00e9s az energiaiparban gyakran haszn\u00e1lj\u00e1k olyan alkalmaz\u00e1sokban, mint az ablakok, \u00fcveghomlokzatok \u00e9s f\u00fcgg\u00f6nyfalak.<br \/>\n<\/p><br \/>\n<br \/>\n<p><b>5.Are alum\u00ednium profilok \u00fcvegez\u00e9shez k\u00f6nnyen telep\u00edthet\u0151ek? <\/b><\/p>\n<p> Igen, k\u00f6nny\u0171ek, k\u00f6nnyen kezelhet\u0151k, \u00e9s gyors \u00f6sszeszerel\u00e9sre tervezt\u00e9k \u0151ket, ami cs\u00f6kkenti a telep\u00edt\u00e9si id\u0151t \u00e9s a munkaer\u0151k\u00f6lts\u00e9geket.<br \/>\n<\/p><br \/>\n<br \/>\n<p><b>6.Hogyan jav\u00edtj\u00e1k az \u00fcvegez\u00e9s alum\u00edniumprofiljai az energiahat\u00e9konys\u00e1got? <\/b><\/p>\n<p> Tervez\u00e9s\u00fck hat\u00e9kony h\u0151szigetel\u00e9st tartalmaz, ami cs\u00f6kkenti az energiavesztes\u00e9get \u00e9s jav\u00edtja az \u00fcvegez\u00e9si rendszerek \u00e1ltal\u00e1nos energiateljes\u00edtm\u00e9ny\u00e9t.<br \/>\n<\/p><br \/>\n<br \/>\n<p><b>7.Is alum\u00ednium profilok \u00fcvegez\u00e9shez k\u00f6rnyezetbar\u00e1t? <\/b><\/p>\n<p> Igen, az alum\u00ednium 100% \u00fajrahasznos\u00edthat\u00f3, \u00edgy ezek a szelv\u00e9nyek k\u00f6rnyezetbar\u00e1t v\u00e1laszt\u00e1snak bizonyulnak a fenntarthat\u00f3 \u00e9p\u00edt\u00e9si projektekhez.<br \/>\n<\/p><br \/><\/p>","protected":false},"featured_media":8131,"template":"","categories":[54],"class_list":["post-8132","product","type-product","status-publish","has-post-thumbnail","hentry","category-industrial-aluminum-profiles"],"meta_box":{"hilight_text_group":{"product_hilight_text":"<li>High-strength aluminum sections specifically designed for glazing applications<\/li>\r\r\n<li>Corrosion-resistant, ensuring durability and long-lasting performance in all weather conditions<\/li>\r\r\n<li>Provides a secure and reliable frame for glazing systems, enhancing structural integrity<\/li>\r\r\n<li>Customizable sizes and designs to meet specific glazing project requirements<\/li>\r\r\n<li>Lightweight yet robust, ensuring easy handling and installation<\/li>\r\r\n<li>Efficient thermal and sound insulation properties, improving energy efficiency<\/li>\r\r\n<li>Environmentally friendly, made from recyclable aluminum material<\/li>","product_chanpin_blog":"<ul>\r\r\n<li><a href=\"https:\/\/sinoextrud.com\/t-slot-v-slot-differences\/\" target=\"_blank\">t slot vs v slot<\/a><\/li>\r\r\n<li><a href=\"https:\/\/sinoextrud.com\/what-is-4040-aluminium-extrud\/\" target=\"_blank\">4040 aluminium extrusion<\/a><\/li>\r\r\n<li><a href=\"https:\/\/sinoextrud.com\/what-is-4040-aluminium-extrud\/\" target=\"_blank\">aluminum extrusions for industrial racks<\/a><\/li>\r\r\n<li><a href=\"https:\/\/sinoextrud.com\/powder-coating-aluminium-process\/\" target=\"_blank\">powder coating aluminium<\/a><\/li>\r\r\n<li><a href=\"https:\/\/sinoextrud.com\/what-is-an-aluminium-strip-ceiling\/\" target=\"_blank\">aluminium strip ceiling<\/a><\/li>\r\r\n<li><a href=\"https:\/\/sinoextrud.com\/what-is-a-heat-sink\/\" target=\"_blank\">what is a heat sink<\/a><\/li>\r\r\n<\/ul>","product_chanpin_chanpin":"<li><a href=\"https:\/\/sinoextrud.com\/product\/aluminium-lipped-channel-extrusions\/\" target=\"_blank\">Aluminium Lipped Channel Extrusions<\/a><\/li>\r\n<li><a href=\"https:\/\/sinoextrud.com\/product\/aluminium-profile-for-glass-railing\/\" target=\"_blank\">Aluminium Profile For Glass Railing<\/a><\/li>\r\n<li><a href=\"https:\/\/sinoextrud.com\/product\/aluminium-profile-h\/\" target=\"_blank\">Aluminium Profile H<\/a><\/li>\r\n<li><a href=\"https:\/\/sinoextrud.com\/product\/aluminium-profiles-and-accessories\/\" target=\"_blank\">Aluminium Profiles And Accessories<\/a><\/li>\r\n<li><a href=\"https:\/\/sinoextrud.com\/product\/aluminium-sections-for-glazing\/\" target=\"_blank\">Aluminium Sections For Glazing<\/a><\/li>\r\n<li><a href=\"https:\/\/sinoextrud.com\/product\/aluminium-slotted-channel\/\" target=\"_blank\">Aluminium Slotted Channel<\/a><\/li>\r\n<li><a href=\"https:\/\/sinoextrud.com\/product\/aluminium-solar-panel-frame-profile\/\" target=\"_blank\">Aluminium Solar Panel Frame Profile<\/a><\/li>\r\n<li><a href=\"https:\/\/sinoextrud.com\/product\/aluminium-t-bar-extrusions\/\" target=\"_blank\">Aluminium T Bar Extrusions<\/a><\/li>\r\n<li><a href=\"https:\/\/sinoextrud.com\/product\/aluminium-transport-extrusions\/\" target=\"_blank\">Aluminium Transport Extrusions<\/a><\/li>\r\n<li><a href=\"https:\/\/sinoextrud.com\/product\/anodized-aluminum-handrail\/\" target=\"_blank\">Anodized Aluminum Handrail<\/a><\/li>\r\n<li><a href=\"https:\/\/sinoextrud.com\/product\/customized-powder-coated-anodized-aluminium-extrusion-profile-roller-shutter-supplier\/\" target=\"_blank\">Customized Powder Coated Anodized Aluminium Extrusion Profile Roller Shutter Supplier<\/a><\/li>"},"feature_list":[]},"_links":{"self":[{"href":"https:\/\/sinoextrud.com\/hu\/wp-json\/wp\/v2\/product\/8132","targetHints":{"allow":["GET"]}}],"collection":[{"href":"https:\/\/sinoextrud.com\/hu\/wp-json\/wp\/v2\/product"}],"about":[{"href":"https:\/\/sinoextrud.com\/hu\/wp-json\/wp\/v2\/types\/product"}],"wp:featuredmedia":[{"embeddable":true,"href":"https:\/\/sinoextrud.com\/hu\/wp-json\/wp\/v2\/media\/8131"}],"wp:attachment":[{"href":"https:\/\/sinoextrud.com\/hu\/wp-json\/wp\/v2\/media?parent=8132"}],"wp:term":[{"taxonomy":"category","embeddable":true,"href":"https:\/\/sinoextrud.com\/hu\/wp-json\/wp\/v2\/categories?post=8132"}],"curies":[{"name":"wp","href":"https:\/\/api.w.org\/{rel}","templated":true}]}}