{"id":8106,"date":"2025-06-13T01:59:57","date_gmt":"2025-06-13T01:59:57","guid":{"rendered":"https:\/\/sinoextrud.com\/product\/6063-t5-alloy-industrial-aluminum-extrusions-aluminum-profile-with-anodized-surface-treatment\/"},"modified":"2025-06-24T06:23:03","modified_gmt":"2025-06-24T06:23:03","slug":"6063-t5-otvozet-ipari-aluminium-extrudalt-aluminium-profil-eloxalt-feluletkezelessel","status":"publish","type":"product","link":"https:\/\/sinoextrud.com\/hu\/product\/6063-t5-alloy-industrial-aluminum-extrusions-aluminum-profile-with-anodized-surface-treatment\/","title":{"rendered":"6063 T5 \u00f6tv\u00f6zet ipari alum\u00ednium extrud\u00e1l\u00e1s alum\u00ednium profil elox\u00e1lt fel\u00fcletkezel\u00e9ssel"},"content":{"rendered":"<h2>Term\u00e9kek r\u00e9szletei<\/h2>\n<table class=\"custom-table\">\n<tr>\n<td class=\"label\">T\u00e9tel:<\/td>\n<td> 6063 T5 \u00f6tv\u00f6zet ipari alum\u00ednium extrud\u00e1l\u00e1s alum\u00ednium profil elox\u00e1lt fel\u00fcletkezel\u00e9ssel<\/td>\n<\/tr>\n<tr>\n<td class=\"label\">Alak:<\/td>\n<td> N\u00e9gyzet\/lapos\/sz\u00f6gletes\/k\u00f6r alak\u00fa\/T-profil\u00fa<\/td>\n<\/tr>\n<tr>\n<td class=\"label\">T\u00e9tel:<\/td>\n<td> Ipari alum\u00ednium extrud\u00e1l\u00e1s profil<\/td>\n<\/tr>\n<tr>\n<td class=\"label\">Lelkiismeretesen:<\/td>\n<td> T3-T8<\/td>\n<\/tr>\n<tr>\n<td class=\"label\">Fel\u00fcletkezel\u00e9s:<\/td>\n<td> Elox\u00e1lt, porsz\u00f3r\u00e1s, porsz\u00f3r\u00e1s, f\u00e9nyez\u00e9s, pol\u00edrozott, fa szemcs\u00e9zet\u0171<\/td>\n<\/tr>\n<tr>\n<td class=\"label\">Tan\u00fas\u00edt\u00e1s:<\/td>\n<td> CE, ISO, RoHS<\/td>\n<\/tr>\n<tr>\n<td class=\"label\">Anyag:<\/td>\n<td> 6063 T5<\/td>\n<\/tr>\n<tr>\n<td class=\"label\">Minta:<\/td>\n<td> 10-15 nap<\/td>\n<\/tr>\n<tr>\n<td class=\"label\">Specifik\u00e1ci\u00f3:<\/td>\n<td> BV CE RoHS SGS<\/td>\n<\/tr>\n<tr>\n<td class=\"label\">T\u00edpus:<\/td>\n<td> Ablak \u00e9s ajt\u00f3 alum\u00ednium profil, Dekor\u00e1ci\u00f3s alum\u00ednium profil, H\u0151lead\u00f3 alum\u00ednium profil, \u00dcvegfal alum\u00ednium profil, Sz\u00e1ll\u00edt\u00e1si alum\u00ednium profil, Sz\u00e1ll\u00edt\u00f3 alum\u00ednium profil<\/td>\n<\/tr>\n<tr>\n<td class=\"label\">Oszt\u00e1ly:<\/td>\n<td> mint The Need<\/td>\n<\/tr>\n<tr>\n<td class=\"label\">\u00f6tv\u00f6zet:<\/td>\n<td> \u00d6tv\u00f6zet<\/td>\n<\/tr>\n<tr>\n<td class=\"label\">\u00d6tv\u00f6z\u0151 \u00f6sszetev\u0151:<\/td>\n<td> 6063<\/td>\n<\/tr>\n<tr>\n<td class=\"label\">Pol\u00edrozott alum\u00ednium profil:<\/td>\n<td> K\u00e9miai pol\u00edroz\u00e1s<\/td>\n<\/tr>\n<tr>\n<td class=\"label\">OEM \u00c9S ODM:<\/td>\n<td> Elfogadhat\u00f3<\/td>\n<\/tr>\n<tr>\n<td class=\"label\">Sz\u00e1ll\u00edt\u00e1s:<\/td>\n<td> 20-30 nap<\/td>\n<\/tr>\n<tr>\n<td class=\"label\">Sz\u00e1ll\u00edt\u00e1si csomag:<\/td>\n<td> (1) Bel\u00fcl: m\u0171anyag v\u00e9d\u0151f\u00f3li\u00e1val csomagolva az egyes profilok v\u00e9delme \u00e9rdek\u00e9ben; (2) K\u00edv\u00fcl: v\u00edz\u00e1ll\u00f3 k\u00e9zm\u0171ves pap\u00edrral csomagolva.<\/td>\n<\/tr>\n<tr>\n<td class=\"label\">Eredet:<\/td>\n<td> FoShan v\u00e1ros, Guangdong tartom\u00e1ny, K\u00edna<\/td>\n<\/tr>\n<\/table>\n<h2>Gy\u00e1rt\u00f3 b\u00e1zisunk<\/h2>\n<h3>Gy\u00e1ri panor\u00e1ma<\/h3>\n<p><img decoding=\"async\" src=\"\/wp-content\/uploads\/factory-01.webp\"\/><\/p>\n<h3>Alum\u00ednium r\u00fadgy\u00e1rt\u00f3 m\u0171hely<\/h3>\n<p><img decoding=\"async\" src=\"\/wp-content\/uploads\/factory-02.webp\"\/><\/p>\n<p><img decoding=\"async\" src=\"\/wp-content\/uploads\/factory-03.webp\"\/><\/p>\n<h3>Pen\u00e9sz rakt\u00e1r<\/h3>\n<p><img decoding=\"async\" src=\"\/wp-content\/uploads\/factory-04.webp\"\/><\/p>\n<h3>43 alum\u00ednium extrud\u00e1l\u00f3 vonal (500-5500 tonna)<\/h3>\n<p><img decoding=\"async\" src=\"\/wp-content\/uploads\/factory-05.webp\"\/><\/p>\n<p><img decoding=\"async\" src=\"\/wp-content\/uploads\/factory-06.webp\"\/><\/p>\n<p><img decoding=\"async\" src=\"\/wp-content\/uploads\/factory-07.webp\"\/><\/p>\n<h3>Porfest\u0151 m\u0171hely<\/h3>\n<p><img decoding=\"async\" src=\"\/wp-content\/uploads\/factory-09.webp\"\/><\/p>\n<h3>Anodiz\u00e1l\u00f3 m\u0171hely<\/h3>\n<p><img decoding=\"async\" src=\"\/wp-content\/uploads\/factory-10.webp\"\/><\/p>\n<h3>M\u00e9ly feldolgoz\u00e1si m\u0171hely<\/h3>\n<p><img decoding=\"async\" src=\"\/wp-content\/uploads\/factory-11.webp\"\/><\/p>\n<h3>CNC prec\u00edzi\u00f3s megmunk\u00e1l\u00f3 m\u0171hely<\/h3>\n<p><img decoding=\"async\" src=\"\/wp-content\/uploads\/factory-11.5.webp\"\/><\/p>\n<h3>K\u00e9szterm\u00e9k \u00e9s export rakt\u00e1r<\/h3>\n<p><img decoding=\"async\" src=\"\/wp-content\/uploads\/factory-12.webp\"\/><\/p>\n<p><img decoding=\"async\" src=\"\/wp-content\/uploads\/factory-13.webp\"\/><\/p>\n<p><img decoding=\"async\" src=\"\/wp-content\/uploads\/factory-14.webp\"\/><\/p>\n<h2>GYIK<\/h2>\n<p><p><b>1.Mik az el\u0151nyei a 6063 T5 \u00f6tv\u00f6zet haszn\u00e1lat\u00e1nak az alum\u00ednium extrud\u00e1l\u00e1sban? <\/b><\/p>\n<p>A 6063 T5 \u00f6tv\u00f6zet j\u00f3 egyens\u00falyt biztos\u00edt a szil\u00e1rds\u00e1g \u00e9s a megmunk\u00e1lhat\u00f3s\u00e1g k\u00f6z\u00f6tt, \u00edgy ide\u00e1lis az ipari \u00e9s szerkezeti alkalmaz\u00e1sok sz\u00e9les k\u00f6r\u00e9hez.<br \/>\n<\/p><br \/>\n<br \/>\n<p><b>2.Hogyan jav\u00edtja az elox\u00e1lt fel\u00fcletkezel\u00e9s az alum\u00ednium profilok teljes\u00edtm\u00e9ny\u00e9t? <\/b><\/p>\n<p>Az elox\u00e1lt fel\u00fcletkezel\u00e9s n\u00f6veli a korr\u00f3zi\u00f3\u00e1ll\u00f3s\u00e1got, fokozza a tart\u00f3ss\u00e1got \u00e9s jav\u00edtja a profilok \u00e1ltal\u00e1nos megjelen\u00e9s\u00e9t, \u00edgy azok alkalmasak k\u00fclt\u00e9ri \u00e9s ipari k\u00f6rnyezetbe.<br \/>\n<\/p><br \/>\n<br \/>\n<p><b>3.Can a 6063 T5 \u00f6tv\u00f6z\u00f6tt alum\u00ednium profilok testre szabhat\u00f3ak? <\/b><\/p>\n<p>Igen, a profilok egyedi m\u00e9retekre \u00e9s kialak\u00edt\u00e1sokra szabhat\u00f3k, hogy megfeleljenek a k\u00fcl\u00f6nb\u00f6z\u0151 projektek k\u00f6vetelm\u00e9nyeinek, \u00edgy rugalmass\u00e1got biztos\u00edtanak az ipari \u00e9s \u00e9p\u00edt\u00e9szeti alkalmaz\u00e1sokban.<br \/>\n<\/p><br \/>\n<br \/>\n<p><b>4.Milyen el\u0151ny\u00f6kkel j\u00e1r a 6063 T5 alum\u00ednium k\u00f6nny\u0171s\u00e9ge az ipari alkalmaz\u00e1sokban? <\/b><\/p>\n<p>Az alum\u00ednium k\u00f6nny\u0171 s\u00falya cs\u00f6kkenti a kezel\u00e9si \u00e9s telep\u00edt\u00e9si k\u00f6lts\u00e9geket, mik\u00f6zben er\u0151s t\u00e1maszt\u00e9kot ny\u00fajt az ipari rendszerek \u00e9s szerkezetek sz\u00e1m\u00e1ra.<br \/>\n<\/p><br \/>\n<br \/>\n<p><b>5.Milyen k\u00f6rnyezeti hat\u00e1sa van a 6063 T5 alum\u00ednium profilok haszn\u00e1lat\u00e1nak? <\/b><\/p>\n<p>Az alum\u00ednium teljes m\u00e9rt\u00e9kben \u00fajrahasznos\u00edthat\u00f3, \u00edgy a 6063 T5 alum\u00edniumprofilok k\u00f6rnyezetbar\u00e1t v\u00e1laszt\u00e1snak sz\u00e1m\u00edtanak, amely t\u00e1mogatja az ipari gy\u00e1rt\u00e1s fenntarthat\u00f3s\u00e1gi t\u00f6rekv\u00e9seit.<br \/>\n<\/p><br \/>\n<br \/>\n<p><b>6.Alkalmasak-e az elox\u00e1lt alum\u00ednium profilok zord k\u00f6rnyezetbe? <\/b><\/p>\n<p>Igen, az elox\u00e1lt fel\u00fcletkezel\u00e9s extra v\u00e9delmet ny\u00fajt a korr\u00f3zi\u00f3 ellen, \u00edgy a profilok ide\u00e1lisak a zord id\u0151j\u00e1r\u00e1si vagy ipari k\u00f6r\u00fclm\u00e9nyek k\u00f6z\u00f6tti haszn\u00e1latra.<br \/>\n<\/p><br \/>\n<br \/>\n<p><b>7.Hogyan el\u0151ny\u00f6s a 6063 T5 alum\u00ednium k\u00f6lts\u00e9ghat\u00e9konys\u00e1ga a nagyszab\u00e1s\u00fa projektek sz\u00e1m\u00e1ra? <\/b><\/p>\n<p>A megfizethet\u0151s\u00e9g, a tart\u00f3ss\u00e1g \u00e9s a magas sz\u00ednvonal\u00fa szabv\u00e1nyok kombin\u00e1ci\u00f3ja teszi a 6063 T5 alum\u00edniumprofilokat ide\u00e1lis v\u00e1laszt\u00e1ss\u00e1 a nagyszab\u00e1s\u00fa ipari projektekhez, biztos\u00edtva a k\u00f6lts\u00e9gmegtakar\u00edt\u00e1st \u00e9s a megb\u00edzhat\u00f3s\u00e1got.<br \/>\n<\/p><br \/><\/p>","protected":false},"featured_media":8105,"template":"","categories":[54],"class_list":["post-8106","product","type-product","status-publish","has-post-thumbnail","hentry","category-industrial-aluminum-profiles"],"meta_box":{"hilight_text_group":{"product_hilight_text":"<ul>\r\r\n  <li>6063 T5 alloy provides excellent strength, making it ideal for demanding industrial applications.<\/li>\r\r\n  <li>Anodized surface treatment enhances corrosion resistance, extending the life of the aluminum profiles in harsh environments.<\/li>\r\r\n  <li>Lightweight yet robust, offering a strong structural solution without adding unnecessary weight to industrial systems.<\/li>\r\r\n  <li>High precision extrusion process ensures tight tolerances, delivering accuracy and reliability for a wide range of projects.<\/li>\r\r\n  <li>Customizable profiles to meet specific industrial, architectural, or design requirements.<\/li>\r\r\n  <li>Eco-friendly and fully recyclable aluminum, promoting sustainability in manufacturing and industrial applications.<\/li>\r\r\n  <li>Cost-effective solution that maintains high-quality standards, ideal for large-scale industrial projects.<\/li>\r\r\n<\/ul>","product_chanpin_blog":"<ul>\r\r\n<li><a href=\"https:\/\/sinoextrud.com\/t-slot-v-slot-differences\/\" target=\"_blank\">t slot vs v slot<\/a><\/li>\r\r\n<li><a href=\"https:\/\/sinoextrud.com\/what-is-4040-aluminium-extrud\/\" target=\"_blank\">4040 aluminium extrusion<\/a><\/li>\r\r\n<li><a href=\"https:\/\/sinoextrud.com\/what-is-4040-aluminium-extrud\/\" target=\"_blank\">aluminum extrusions for industrial racks<\/a><\/li>\r\r\n<li><a href=\"https:\/\/sinoextrud.com\/powder-coating-aluminium-process\/\" target=\"_blank\">powder coating aluminium<\/a><\/li>\r\r\n<li><a href=\"https:\/\/sinoextrud.com\/what-is-an-aluminium-strip-ceiling\/\" target=\"_blank\">aluminium strip ceiling<\/a><\/li>\r\r\n<li><a href=\"https:\/\/sinoextrud.com\/what-is-a-heat-sink\/\" target=\"_blank\">what is a heat sink<\/a><\/li>\r\r\n<\/ul>","product_chanpin_chanpin":"<li><a href=\"https:\/\/sinoextrud.com\/product\/2024-2014-alloy-aluminum-profiles\/\" target=\"_blank\">2024 2014 Alloy Aluminum Profiles<\/a><\/li>\r\n<li><a href=\"https:\/\/sinoextrud.com\/product\/300mm-aluminium-louvre-extrusion\/\" target=\"_blank\">300mm Aluminium Louvre Extrusion<\/a><\/li>\r\n<li><a href=\"https:\/\/sinoextrud.com\/product\/40mm-aluminium-extrusion\/\" target=\"_blank\">40mm Aluminium Extrusion<\/a><\/li>\r\n<li><a href=\"https:\/\/sinoextrud.com\/product\/6063-and-6061-extruded-led-lighting-telecommunications-and-audio-industrial-aluminum-heat-sink-profile\/\" target=\"_blank\">6063 and 6061 Extruded LED Lighting Telecommunications and Audio Industrial Aluminum Heat Sink Profile<\/a><\/li>\r\n<li><a href=\"https:\/\/sinoextrud.com\/product\/6063-t5-alloy-industrial-aluminum-extrusions-aluminum-profile-with-anodized-surface-treatment\/\" target=\"_blank\">6063 T5 Alloy Industrial Aluminum Extrusions Aluminum Profile With Anodized Surface Treatment<\/a><\/li>\r\n<li><a href=\"https:\/\/sinoextrud.com\/product\/alu-profile-system\/\" target=\"_blank\">Alu Profile System<\/a><\/li>\r\n<li><a href=\"https:\/\/sinoextrud.com\/product\/aluminium-alloy-material-frame\/\" target=\"_blank\">Aluminium Alloy Material Frame<\/a><\/li>\r\n<li><a href=\"https:\/\/sinoextrud.com\/product\/aluminium-angle-profiles\/\" target=\"_blank\">Aluminium Angle Profiles<\/a><\/li>\r\n<li><a href=\"https:\/\/sinoextrud.com\/product\/aluminium-enclosure\/\" target=\"_blank\">Aluminium Enclosure<\/a><\/li>\r\n<li><a href=\"https:\/\/sinoextrud.com\/product\/mirror-like-polished-aluminium-extrusion-profiles\/\" target=\"_blank\">Mirror like Polished aluminium extrusion profiles<\/a><\/li>\r\n<li><a href=\"https:\/\/sinoextrud.com\/product\/6061-t5-l-shape-aluminum-profile-bar-customized-40x40-extruded-aluminum-angle-profile\/\" target=\"_blank\">6061-t5 L Shape Aluminum Profile Bar Customized 40\u00c3\u201440 Extruded Aluminum Angle Profile<\/a><\/li>"},"feature_list":[]},"_links":{"self":[{"href":"https:\/\/sinoextrud.com\/hu\/wp-json\/wp\/v2\/product\/8106","targetHints":{"allow":["GET"]}}],"collection":[{"href":"https:\/\/sinoextrud.com\/hu\/wp-json\/wp\/v2\/product"}],"about":[{"href":"https:\/\/sinoextrud.com\/hu\/wp-json\/wp\/v2\/types\/product"}],"wp:featuredmedia":[{"embeddable":true,"href":"https:\/\/sinoextrud.com\/hu\/wp-json\/wp\/v2\/media\/8105"}],"wp:attachment":[{"href":"https:\/\/sinoextrud.com\/hu\/wp-json\/wp\/v2\/media?parent=8106"}],"wp:term":[{"taxonomy":"category","embeddable":true,"href":"https:\/\/sinoextrud.com\/hu\/wp-json\/wp\/v2\/categories?post=8106"}],"curies":[{"name":"wp","href":"https:\/\/api.w.org\/{rel}","templated":true}]}}