{"id":8098,"date":"2025-06-13T01:48:40","date_gmt":"2025-06-13T01:48:40","guid":{"rendered":"https:\/\/sinoextrud.com\/product\/2024-2014-alloy-aluminum-profiles\/"},"modified":"2025-06-24T06:23:02","modified_gmt":"2025-06-24T06:23:02","slug":"2024-2014-otvozott-aluminium-profilok","status":"publish","type":"product","link":"https:\/\/sinoextrud.com\/hu\/product\/2024-2014-alloy-aluminum-profiles\/","title":{"rendered":"2024 2014 \u00f6tv\u00f6z\u00f6tt alum\u00ednium profilok"},"content":{"rendered":"<h2>Term\u00e9kek r\u00e9szletei<\/h2>\n<table class=\"custom-table\">\n<tbody>\n<tr>\n<td> N\u00e9v:<\/td>\n<td> 2024 2014 \u00f6tv\u00f6z\u00f6tt alum\u00ednium profilok<\/td>\n<\/tr>\n<tr>\n<td> M\u00e1rka:<\/td>\n<td> Sinoextrud \/ Sinoextrud<\/td>\n<\/tr>\n<tr>\n<td> Anyag:<\/td>\n<td> 2000-es sorozat<\/td>\n<\/tr>\n<tr>\n<td> Lelkiismeretesen:<\/td>\n<td> T4-T6<\/td>\n<\/tr>\n<tr>\n<td> Hossz\u00fas\u00e1g:<\/td>\n<td> Testreszab\u00e1s<\/td>\n<\/tr>\n<tr>\n<td> Fel\u00fcletkezel\u00e9s:<\/td>\n<td> Malom kivitel, elox\u00e1lt, PVDF bevonat stb.<\/td>\n<\/tr>\n<tr>\n<td> Haszn\u00e1lat:<\/td>\n<td> Ipar, \u00e9p\u00edt\u00e9szet<\/td>\n<\/tr>\n<tr>\n<td> Sz\u00edn:<\/td>\n<td> Testreszabott<\/td>\n<\/tr>\n<tr>\n<td> Tan\u00fas\u00edt\u00e1s:<\/td>\n<td> ISO9001-2008, CE, BV, JIS, AS, NZS, QUALICOAT<\/td>\n<\/tr>\n<tr>\n<td> Gy\u00e1rt\u00e1s:<\/td>\n<td> V\u00e1g\u00e1s, mar\u00e1s, f\u00far\u00e1s, lyukaszt\u00e1s stb.<\/td>\n<\/tr>\n<tr>\n<td> From:<\/td>\n<td> Foshan, Guangdong, K\u00edna<\/td>\n<\/tr>\n<\/tbody>\n<\/table>\n<h2>Gy\u00e1rt\u00f3 b\u00e1zisunk<\/h2>\n<h3>Gy\u00e1ri panor\u00e1ma<\/h3>\n<p><img decoding=\"async\" src=\"\/wp-content\/uploads\/factory-01.webp\"\/><\/p>\n<h3>Alum\u00ednium r\u00fadgy\u00e1rt\u00f3 m\u0171hely<\/h3>\n<p><img decoding=\"async\" src=\"\/wp-content\/uploads\/factory-02.webp\"\/><\/p>\n<p><img decoding=\"async\" src=\"\/wp-content\/uploads\/factory-03.webp\"\/><\/p>\n<h3>Pen\u00e9sz rakt\u00e1r<\/h3>\n<p><img decoding=\"async\" src=\"\/wp-content\/uploads\/factory-04.webp\"\/><\/p>\n<h3>43 alum\u00ednium extrud\u00e1l\u00f3 vonal (500-5500 tonna)<\/h3>\n<p><img decoding=\"async\" src=\"\/wp-content\/uploads\/factory-05.webp\"\/><\/p>\n<p><img decoding=\"async\" src=\"\/wp-content\/uploads\/factory-06.webp\"\/><\/p>\n<p><img decoding=\"async\" src=\"\/wp-content\/uploads\/factory-07.webp\"\/><\/p>\n<h3>Porfest\u0151 m\u0171hely<\/h3>\n<p><img decoding=\"async\" src=\"\/wp-content\/uploads\/factory-09.webp\"\/><\/p>\n<h3>Anodiz\u00e1l\u00f3 m\u0171hely<\/h3>\n<p><img decoding=\"async\" src=\"\/wp-content\/uploads\/factory-10.webp\"\/><\/p>\n<h3>M\u00e9ly feldolgoz\u00e1si m\u0171hely<\/h3>\n<p><img decoding=\"async\" src=\"\/wp-content\/uploads\/factory-11.webp\"\/><\/p>\n<h3>CNC prec\u00edzi\u00f3s megmunk\u00e1l\u00f3 m\u0171hely<\/h3>\n<p><img decoding=\"async\" src=\"\/wp-content\/uploads\/factory-11.5.webp\"\/><\/p>\n<h3>K\u00e9szterm\u00e9k \u00e9s export rakt\u00e1r<\/h3>\n<p><img decoding=\"async\" src=\"\/wp-content\/uploads\/factory-12.webp\"\/><\/p>\n<p><img decoding=\"async\" src=\"\/wp-content\/uploads\/factory-13.webp\"\/><\/p>\n<p><img decoding=\"async\" src=\"\/wp-content\/uploads\/factory-14.webp\"\/><\/p>\n<h2>GYIK<\/h2>\n<p><p><b>1.What 2024 \u00e9s 2014 \u00f6tv\u00f6z\u00f6tt alum\u00ednium profilokat haszn\u00e1lnak? <\/b><\/p>\n<p> A 2024 \u00e9s 2014 \u00f6tv\u00f6z\u00f6tt alum\u00ednium profilokat kiv\u00e1l\u00f3 szil\u00e1rds\u00e1guk \u00e9s f\u00e1rad\u00e1s\u00e1ll\u00f3s\u00e1guk miatt gyakran haszn\u00e1lj\u00e1k a rep\u00fcl\u0151g\u00e9piparban, az aut\u00f3iparban \u00e9s a nagy terhel\u00e9s\u0171 szerkezeti alkalmaz\u00e1sokban.<br \/>\n<\/p><br \/>\n<br \/>\n<p><b>2.Mi a f\u0151 k\u00fcl\u00f6nbs\u00e9g a 2024 \u00e9s 2014 alum\u00ednium\u00f6tv\u00f6zet k\u00f6z\u00f6tt? <\/b><\/p>\n<p> A 2024 jobb f\u00e1rad\u00e1s\u00e1ll\u00f3s\u00e1got, m\u00edg a 2014 jobb megmunk\u00e1lhat\u00f3s\u00e1got \u00e9s valamivel nagyobb szil\u00e1rds\u00e1got biztos\u00edt, \u00edgy mindkett\u0151 alkalmas k\u00fcl\u00f6nb\u00f6z\u0151 prec\u00edzi\u00f3s alkalmaz\u00e1sokhoz.<br \/>\n<\/p><br \/>\n<br \/>\n<p><b>3.Are 2024 \u00e9s 2014 alum\u00ednium profilok h\u0151kezelhet\u0151? <\/b><\/p>\n<p> Igen, mind a 2024-es, mind a 2014-es \u00f6tv\u00f6zetek h\u0151kezelhet\u0151k, ami fokozott mechanikai szil\u00e1rds\u00e1got \u00e9s teljes\u00edtm\u00e9nyt tesz lehet\u0151v\u00e9 ig\u00e9nyes k\u00f6rnyezetben.<br \/>\n<\/p><br \/>\n<br \/>\n<p><b>4.A 2024\/2014 alum\u00ednium alkalmas megmunk\u00e1l\u00e1sra? <\/b><\/p>\n<p> Mind a 2024-es, mind a 2014-es \u00f6tv\u00f6zetek kiv\u00e1l\u00f3 megmunk\u00e1lhat\u00f3s\u00e1got biztos\u00edtanak, \u00edgy ide\u00e1lisak a r\u00e9szletes, nagy pontoss\u00e1g\u00fa alkatr\u00e9szekhez.<br \/>\n<\/p><br \/>\n<br \/>\n<p><b>5.Can 2024 \u00e9s 2014 alum\u00ednium profilok testre szabhat\u00f3? <\/b><\/p>\n<p> Igen, egyedi extrud\u00e1lt anyagokat, hosszokat \u00e9s fel\u00fcleteket biztos\u00edtunk, hogy megfeleljenek az egyedi ipari \u00e9s m\u00e9rn\u00f6ki projektk\u00f6vetelm\u00e9nyeknek.<br \/>\n<\/p><br \/>\n<br \/>\n<p><b>6.How er\u0151s 2024 \u00e9s 2014 \u00f6tv\u00f6z\u00f6tt alum\u00ednium profilok? <\/b><\/p>\n<p> Ezek az \u00f6tv\u00f6zetek a rendelkez\u00e9sre \u00e1ll\u00f3 legnagyobb szil\u00e1rds\u00e1g\u00fa alum\u00edniumanyagok k\u00f6z\u00e9 tartoznak, \u00edgy alkalmasak szerkezeti \u00e9s teherhord\u00f3 alkalmaz\u00e1sokhoz.<br \/>\n<\/p><br \/>\n<br \/>\n<p><b>7.Ezek az alum\u00ednium profilok j\u00f3l ellen\u00e1llnak a korr\u00f3zi\u00f3nak? <\/b><\/p>\n<p> B\u00e1r j\u00f3 szil\u00e1rds\u00e1got k\u00edn\u00e1lnak, a 2024 \u00e9s 2014 \u00f6tv\u00f6zetek kev\u00e9sb\u00e9 korr\u00f3zi\u00f3\u00e1ll\u00f3ak, mint m\u00e1s min\u0151s\u00e9gek, ez\u00e9rt k\u00fclt\u00e9ri haszn\u00e1latra fel\u00fcletkezel\u00e9s vagy v\u00e9d\u0151bevonat aj\u00e1nlott.<br \/>\n<\/p><br \/><\/p>","protected":false},"featured_media":8097,"template":"","categories":[54],"class_list":["post-8098","product","type-product","status-publish","has-post-thumbnail","hentry","category-industrial-aluminum-profiles"],"meta_box":{"hilight_text_group":{"product_hilight_text":"<li>High-strength aluminum alloy ideal for structural and aerospace applications.<\/li>\r\r\n<li>Excellent machinability for precision components and complex designs.<\/li>\r\r\n<li>Superior fatigue resistance ensures long-term performance under stress.<\/li>\r\r\n<li>Good thermal and electrical conductivity for industrial use.<\/li>\r\r\n<li>Available in a range of custom extrusions and profiles.<\/li>\r\r\n<li>Lightweight material helps reduce overall assembly weight.<\/li>\r\r\n<li>Heat treatable to enhance mechanical properties and strength.<\/li>","product_chanpin_blog":"<ul>\r\r\n<li><a href=\"https:\/\/sinoextrud.com\/t-slot-v-slot-differences\/\" target=\"_blank\">t slot vs v slot<\/a><\/li>\r\r\n<li><a href=\"https:\/\/sinoextrud.com\/what-is-4040-aluminium-extrud\/\" target=\"_blank\">4040 aluminium extrusion<\/a><\/li>\r\r\n<li><a href=\"https:\/\/sinoextrud.com\/what-is-4040-aluminium-extrud\/\" target=\"_blank\">aluminum extrusions for industrial racks<\/a><\/li>\r\r\n<li><a href=\"https:\/\/sinoextrud.com\/powder-coating-aluminium-process\/\" target=\"_blank\">powder coating aluminium<\/a><\/li>\r\r\n<li><a href=\"https:\/\/sinoextrud.com\/what-is-an-aluminium-strip-ceiling\/\" target=\"_blank\">aluminium strip ceiling<\/a><\/li>\r\r\n<li><a href=\"https:\/\/sinoextrud.com\/what-is-a-heat-sink\/\" target=\"_blank\">what is a heat sink<\/a><\/li>\r\r\n<\/ul>","product_chanpin_chanpin":"<li><a href=\"https:\/\/sinoextrud.com\/product\/t-slot-framing-systems\/\" target=\"_blank\">T Slot Framing Systems<\/a><\/li>\r\n<li><a href=\"https:\/\/sinoextrud.com\/product\/sailboat-mast-extrusions\/\" target=\"_blank\">Sailboat mast extrusions<\/a><\/li>\r\n<li><a href=\"https:\/\/sinoextrud.com\/product\/v-rail-aluminum-extrusion-profiles-pipeline\/\" target=\"_blank\">V Rail Aluminum Extrusion Profiles Pipeline<\/a><\/li>\r\n<li><a href=\"https:\/\/sinoextrud.com\/product\/t-track-aluminium-extrusion-industrial-usage\/\" target=\"_blank\">T Track Aluminium Extrusion Industrial Usage<\/a><\/li>\r\n<li><a href=\"https:\/\/sinoextrud.com\/product\/2024-2014-alloy-aluminum-profiles\/\" target=\"_blank\">2024 2014 Alloy Aluminum Profiles<\/a><\/li>\r\n<li><a href=\"https:\/\/sinoextrud.com\/product\/300mm-aluminium-louvre-extrusion\/\" target=\"_blank\">300mm Aluminium Louvre Extrusion<\/a><\/li>\r\n<li><a href=\"https:\/\/sinoextrud.com\/product\/40mm-aluminium-extrusion\/\" target=\"_blank\">40mm Aluminium Extrusion<\/a><\/li>\r\n<li><a href=\"https:\/\/sinoextrud.com\/product\/6063-and-6061-extruded-led-lighting-telecommunications-and-audio-industrial-aluminum-heat-sink-profile\/\" target=\"_blank\">6063 and 6061 Extruded LED Lighting Telecommunications and Audio Industrial Aluminum Heat Sink Profile<\/a><\/li>\r\n<li><a href=\"https:\/\/sinoextrud.com\/product\/6063-t5-alloy-industrial-aluminum-extrusions-aluminum-profile-with-anodized-surface-treatment\/\" target=\"_blank\">6063 T5 Alloy Industrial Aluminum Extrusions Aluminum Profile With Anodized Surface Treatment<\/a><\/li>\r\n<li><a href=\"https:\/\/sinoextrud.com\/product\/aluminum-window-frames-mosquito-netting-suppliers\/\" target=\"_blank\">Aluminum Window Frames Mosquito Netting Suppliers<\/a><\/li>\r\n<li><a href=\"https:\/\/sinoextrud.com\/product\/small-aluminium-extrusions\/\" target=\"_blank\">Small Aluminium Extrusions<\/a><\/li>"},"feature_list":[]},"_links":{"self":[{"href":"https:\/\/sinoextrud.com\/hu\/wp-json\/wp\/v2\/product\/8098","targetHints":{"allow":["GET"]}}],"collection":[{"href":"https:\/\/sinoextrud.com\/hu\/wp-json\/wp\/v2\/product"}],"about":[{"href":"https:\/\/sinoextrud.com\/hu\/wp-json\/wp\/v2\/types\/product"}],"wp:featuredmedia":[{"embeddable":true,"href":"https:\/\/sinoextrud.com\/hu\/wp-json\/wp\/v2\/media\/8097"}],"wp:attachment":[{"href":"https:\/\/sinoextrud.com\/hu\/wp-json\/wp\/v2\/media?parent=8098"}],"wp:term":[{"taxonomy":"category","embeddable":true,"href":"https:\/\/sinoextrud.com\/hu\/wp-json\/wp\/v2\/categories?post=8098"}],"curies":[{"name":"wp","href":"https:\/\/api.w.org\/{rel}","templated":true}]}}