{"id":8070,"date":"2025-06-12T07:32:12","date_gmt":"2025-06-12T07:32:12","guid":{"rendered":"https:\/\/sinoextrud.com\/product\/t-shaped-aluminium-extrusion\/"},"modified":"2025-06-24T06:23:00","modified_gmt":"2025-06-24T06:23:00","slug":"t-alaku-aluminium-extrudalas-2","status":"publish","type":"product","link":"https:\/\/sinoextrud.com\/hu\/product\/t-shaped-aluminium-extrusion\/","title":{"rendered":"T alak\u00fa alum\u00ednium extrud\u00e1l\u00e1s"},"content":{"rendered":"<h2>Term\u00e9kek r\u00e9szletei<\/h2>\n<table class=\"custom-table\">\n<tbody>\n<tr>\n<td> N\u00e9v<\/td>\n<td> Alum\u00ednium extrud\u00e1lt konzolok<\/td>\n<\/tr>\n<tr>\n<td> M\u00e1rka<\/td>\n<td> Sinoextrud\/Sinoextrud<\/td>\n<\/tr>\n<tr>\n<td> Kateg\u00f3ria<\/td>\n<td> Alum\u00ednium extrud\u00e1l\u00e1s<\/td>\n<\/tr>\n<tr>\n<td> Anyag<\/td>\n<td> A 6061 sz\u00e9les k\u00f6rben haszn\u00e1latos. A 6063, 6463, 6005, 6082 is rendelkez\u00e9sre \u00e1ll.<\/td>\n<\/tr>\n<tr>\n<td> T\u00edpus<\/td>\n<td> Neh\u00e9z vagy k\u00f6nny\u0171 t\u00edpus \u00e1ll rendelkez\u00e9sre<\/td>\n<\/tr>\n<tr>\n<td> Temper<\/td>\n<td> T5-T8<\/td>\n<\/tr>\n<tr>\n<td> Hossz\u00fas\u00e1g<\/td>\n<td> 1-9m, vagy testreszab\u00e1s<\/td>\n<\/tr>\n<tr>\n<td> M\u00e9ret (mm)<\/td>\n<td> K\u00fcl\u00f6nb\u00f6z\u0151 m\u00e9ret \u00e1ll rendelkez\u00e9sre, \u00fcgyf\u00e9l rajz \u00e1ll rendelkez\u00e9sre<\/td>\n<\/tr>\n<tr>\n<td> Shape<\/td>\n<td> Rajz szerint<\/td>\n<\/tr>\n<tr>\n<td> Fel\u00fcletkezel\u00e9s<\/td>\n<td> Er\u0151bevonat; Malom k\u00e9sz, elox\u00e1lt, homokf\u00fav\u00e1s, elektrofor\u00e9zis is rendelkez\u00e9sre \u00e1ll.<\/td>\n<\/tr>\n<tr>\n<td> Sz\u00ednes<\/td>\n<td> A sz\u00edneket az \u00fcgyfelek mint\u00e1i alapj\u00e1n testreszabhatjuk<\/td>\n<\/tr>\n<tr>\n<td> Garancia<\/td>\n<td> GB<\/td>\n<\/tr>\n<tr>\n<td> Standard<\/td>\n<td> K\u00f6zepes \u00e9s magas min\u0151s\u00e9g<\/td>\n<\/tr>\n<tr>\n<td> MOQ<\/td>\n<td> 200KGS minden egyes t\u00e9telre<\/td>\n<\/tr>\n<tr>\n<td> A  c\u00edmr\u0151l<\/td>\n<td> Guangdong, K\u00edna<\/td>\n<\/tr>\n<tr>\n<td> Alkalmaz\u00e1s<\/td>\n<td> Ipar, \u00e9p\u00edt\u0151ipar, dekor\u00e1ci\u00f3<\/td>\n<\/tr>\n<\/tbody>\n<\/table>\n<h2>Gy\u00e1rt\u00f3 b\u00e1zisunk<\/h2>\n<h3>Gy\u00e1ri panor\u00e1ma<\/h3>\n<p><img decoding=\"async\" src=\"\/wp-content\/uploads\/factory-01.webp\"\/><\/p>\n<h3>Alum\u00ednium r\u00fadgy\u00e1rt\u00f3 m\u0171hely<\/h3>\n<p><img decoding=\"async\" src=\"\/wp-content\/uploads\/factory-02.webp\"\/><\/p>\n<p><img decoding=\"async\" src=\"\/wp-content\/uploads\/factory-03.webp\"\/><\/p>\n<h3>Pen\u00e9sz rakt\u00e1r<\/h3>\n<p><img decoding=\"async\" src=\"\/wp-content\/uploads\/factory-04.webp\"\/><\/p>\n<h3>43 alum\u00ednium extrud\u00e1l\u00f3 vonal (500-5500 tonna)<\/h3>\n<p><img decoding=\"async\" src=\"\/wp-content\/uploads\/factory-05.webp\"\/><\/p>\n<p><img decoding=\"async\" src=\"\/wp-content\/uploads\/factory-06.webp\"\/><\/p>\n<p><img decoding=\"async\" src=\"\/wp-content\/uploads\/factory-07.webp\"\/><\/p>\n<h3>Porfest\u0151 m\u0171hely<\/h3>\n<p><img decoding=\"async\" src=\"\/wp-content\/uploads\/factory-09.webp\"\/><\/p>\n<h3>Anodiz\u00e1l\u00f3 m\u0171hely<\/h3>\n<p><img decoding=\"async\" src=\"\/wp-content\/uploads\/factory-10.webp\"\/><\/p>\n<h3>M\u00e9ly feldolgoz\u00e1si m\u0171hely<\/h3>\n<p><img decoding=\"async\" src=\"\/wp-content\/uploads\/factory-11.webp\"\/><\/p>\n<h3>CNC prec\u00edzi\u00f3s megmunk\u00e1l\u00f3 m\u0171hely<\/h3>\n<p><img decoding=\"async\" src=\"\/wp-content\/uploads\/factory-11.5.webp\"\/><\/p>\n<h3>K\u00e9szterm\u00e9k \u00e9s export rakt\u00e1r<\/h3>\n<p><img decoding=\"async\" src=\"\/wp-content\/uploads\/factory-12.webp\"\/><\/p>\n<p><img decoding=\"async\" src=\"\/wp-content\/uploads\/factory-13.webp\"\/><\/p>\n<p><img decoding=\"async\" src=\"\/wp-content\/uploads\/factory-14.webp\"\/><\/p>\n<h2>GYIK<\/h2>\n<p><p><b>1.Mi a T alak\u00fa alum\u00ednium extrud\u00e1l\u00e1s?<\/b><\/p>\n<p>A T alak\u00fa alum\u00ednium extrud\u00e1l\u00e1st \u00e1ltal\u00e1ban modul\u00e1ris keretek, burkolatok \u00e9s szerkezeti tart\u00f3k l\u00e9trehoz\u00e1s\u00e1ra haszn\u00e1lj\u00e1k ipari alkalmaz\u00e1sokhoz, amelyek szil\u00e1rds\u00e1got \u00e9s rugalmass\u00e1got biztos\u00edtanak.<br \/>\n<\/p><br \/>\n<br \/>\n<p><b>2.Mi\u00e9rt el\u0151ny\u00f6s a T-alak\u00fa kialak\u00edt\u00e1s az extrud\u00e1lt profilok eset\u00e9ben?<\/b><\/p>\n<p>A T-alak\u00fa kialak\u00edt\u00e1s lehet\u0151v\u00e9 teszi a k\u00f6nny\u0171 csatlakoztat\u00e1st \u00e9s a biztons\u00e1gos integr\u00e1ci\u00f3t m\u00e1s profilokkal, \u00edgy ide\u00e1lis a modul\u00e1ris \u00e9s testreszabhat\u00f3 szerkezetekhez.<br \/>\n<\/p><br \/>\n<br \/>\n<p><b>3.Is T alak\u00fa alum\u00ednium extrud\u00e1l\u00e1s korr\u00f3zi\u00f3\u00e1ll\u00f3?<\/b><\/p>\n<p>Igen, a T alak\u00fa alum\u00ednium extrud\u00e1l\u00e1s korr\u00f3zi\u00f3\u00e1ll\u00f3 tulajdons\u00e1gokkal rendelkezik, \u00edgy alkalmas a zord k\u00f6rnyezeti k\u00f6r\u00fclm\u00e9nyek k\u00f6z\u00f6tti haszn\u00e1latra, biztos\u00edtva a hossz\u00fa t\u00e1v\u00fa tart\u00f3ss\u00e1got.<br \/>\n<\/p><br \/>\n<br \/>\n<p><b>4.Can T alak\u00fa alum\u00ednium extrud\u00e1l\u00e1s testre szabhat\u00f3 k\u00fcl\u00f6nb\u00f6z\u0151 alkalmaz\u00e1sokhoz?<\/b><\/p>\n<p>Igen, a T alak\u00fa alum\u00ednium extrud\u00e1l\u00e1s testreszabhat\u00f3 hossz\u00fas\u00e1gban \u00e9s profilban kaphat\u00f3, \u00edgy a k\u00fcl\u00f6nb\u00f6z\u0151 projektk\u00f6vetelm\u00e9nyekhez igaz\u00edthat\u00f3.<br \/>\n<\/p><br \/>\n<br \/>\n<p><b>5.Hogyan jav\u00edtja a T alak\u00fa alum\u00ednium extrud\u00e1l\u00e1s a projekt hat\u00e9konys\u00e1g\u00e1t?<\/b><\/p>\n<p>A T alak\u00fa alum\u00ednium extrud\u00e1l\u00e1s modul\u00e1ris kialak\u00edt\u00e1sa gyorsabb \u00f6sszeszerel\u00e9st \u00e9s egyszer\u0171 m\u00f3dos\u00edt\u00e1st tesz lehet\u0151v\u00e9, ami cs\u00f6kkenti a telep\u00edt\u00e9si id\u0151t \u00e9s a munkaer\u0151k\u00f6lts\u00e9geket.<br \/>\n<\/p><br \/>\n<br \/>\n<p><b>6.Milyen ipar\u00e1gak haszn\u00e1lj\u00e1k a T alak\u00fa alum\u00ednium extrud\u00e1l\u00e1st?<\/b><\/p>\n<p>Az olyan ipar\u00e1gak, mint a gy\u00e1rt\u00e1s, az \u00e9p\u00edt\u0151ipar, az aut\u00f3ipar \u00e9s az elektronika, a T alak\u00fa alum\u00ednium extrud\u00e1l\u00e1st szil\u00e1rds\u00e1ga, sokoldal\u00fas\u00e1ga \u00e9s k\u00f6nny\u0171 felhaszn\u00e1lhat\u00f3s\u00e1ga miatt haszn\u00e1lj\u00e1k k\u00fcl\u00f6nb\u00f6z\u0151 alkalmaz\u00e1sokban.<br \/>\n<\/p><br \/>\n<br \/>\n<p><b>7.How hossz\u00fa ideig tart a T alak\u00fa alum\u00ednium extrud\u00e1l\u00e1s?<\/b><\/p>\n<p>A T-alak\u00fa alum\u00ednium extrud\u00e1l\u00e1st hossz\u00fa t\u00e1v\u00fa haszn\u00e1latra tervezt\u00e9k, nagy tart\u00f3ss\u00e1got, kop\u00e1s- \u00e9s korr\u00f3zi\u00f3\u00e1ll\u00f3s\u00e1got k\u00edn\u00e1l, hossz\u00fa \u00e9lettartamot biztos\u00edtva ig\u00e9nyes k\u00f6rnyezetben.<br \/>\n<\/p><br \/><\/p>","protected":false},"featured_media":8069,"template":"","categories":[54],"class_list":["post-8070","product","type-product","status-publish","has-post-thumbnail","hentry","category-industrial-aluminum-profiles"],"meta_box":{"hilight_text_group":{"product_hilight_text":"<li>T Shaped Aluminium Extrusion provides a strong, versatile frame solution for various industrial applications.<\/li>\r\r\n<li>The T-shaped design allows for easy integration with other profiles, making it ideal for modular construction.<\/li>\r\r\n<li>Corrosion-resistant properties ensure long-lasting durability in demanding environments.<\/li>\r\r\n<li>Lightweight yet robust, making it ideal for structures requiring both strength and reduced weight.<\/li>\r\r\n<li>Customizable lengths and profiles allow for tailored solutions to meet specific project requirements.<\/li>","product_chanpin_blog":"<ul>\r\r\n<li><a href=\"https:\/\/sinoextrud.com\/t-slot-v-slot-differences\/\" target=\"_blank\">t slot vs v slot<\/a><\/li>\r\r\n<li><a href=\"https:\/\/sinoextrud.com\/what-is-4040-aluminium-extrud\/\" target=\"_blank\">4040 aluminium extrusion<\/a><\/li>\r\r\n<li><a href=\"https:\/\/sinoextrud.com\/what-is-4040-aluminium-extrud\/\" target=\"_blank\">aluminum extrusions for industrial racks<\/a><\/li>\r\r\n<li><a href=\"https:\/\/sinoextrud.com\/powder-coating-aluminium-process\/\" target=\"_blank\">powder coating aluminium<\/a><\/li>\r\r\n<li><a href=\"https:\/\/sinoextrud.com\/what-is-an-aluminium-strip-ceiling\/\" target=\"_blank\">aluminium strip ceiling<\/a><\/li>\r\r\n<li><a href=\"https:\/\/sinoextrud.com\/what-is-a-heat-sink\/\" target=\"_blank\">what is a heat sink<\/a><\/li>\r\r\n<\/ul>","product_chanpin_chanpin":"<li><a href=\"https:\/\/sinoextrud.com\/product\/t-shaped-aluminium-profile\/\" target=\"_blank\">T Shaped Aluminium Profile<\/a><\/li>\r\n<li><a href=\"https:\/\/sinoextrud.com\/product\/slotted-aluminum-extrusion\/\" target=\"_blank\">Slotted Aluminum Extrusion<\/a><\/li>\r\n<li><a href=\"https:\/\/sinoextrud.com\/product\/octagon-aluminum-extrusion\/\" target=\"_blank\">Octagon Aluminum Extrusion<\/a><\/li>\r\n<li><a href=\"https:\/\/sinoextrud.com\/product\/t-shape-aluminum-extruded-profile\/\" target=\"_blank\">T Shape Aluminum Extruded Profile<\/a><\/li>\r\n<li><a href=\"https:\/\/sinoextrud.com\/product\/t-shaped-aluminium-extrusion\/\" target=\"_blank\">T Shaped Aluminium Extrusion<\/a><\/li>\r\n<li><a href=\"https:\/\/sinoextrud.com\/product\/t-slot-framing-systems\/\" target=\"_blank\">T Slot Framing Systems<\/a><\/li>\r\n<li><a href=\"https:\/\/sinoextrud.com\/product\/sailboat-mast-extrusions\/\" target=\"_blank\">Sailboat mast extrusions<\/a><\/li>\r\n<li><a href=\"https:\/\/sinoextrud.com\/product\/v-rail-aluminum-extrusion-profiles-pipeline\/\" target=\"_blank\">V Rail Aluminum Extrusion Profiles Pipeline<\/a><\/li>\r\n<li><a href=\"https:\/\/sinoextrud.com\/product\/t-track-aluminium-extrusion-industrial-usage\/\" target=\"_blank\">T Track Aluminium Extrusion Industrial Usage<\/a><\/li>\r\n<li><a href=\"https:\/\/sinoextrud.com\/product\/aluminum-sliding-door-track\/\" target=\"_blank\">Aluminum Sliding Door Track<\/a><\/li>\r\n<li><a href=\"https:\/\/sinoextrud.com\/product\/anodized-aluminum-manufacturer-supply-anodized-aluminium-extrusion-tube-6063\/\" target=\"_blank\">anodized aluminum Manufacturer Supply anodized Aluminium Extrusion Tube 6063<\/a><\/li>"},"feature_list":[]},"_links":{"self":[{"href":"https:\/\/sinoextrud.com\/hu\/wp-json\/wp\/v2\/product\/8070","targetHints":{"allow":["GET"]}}],"collection":[{"href":"https:\/\/sinoextrud.com\/hu\/wp-json\/wp\/v2\/product"}],"about":[{"href":"https:\/\/sinoextrud.com\/hu\/wp-json\/wp\/v2\/types\/product"}],"wp:featuredmedia":[{"embeddable":true,"href":"https:\/\/sinoextrud.com\/hu\/wp-json\/wp\/v2\/media\/8069"}],"wp:attachment":[{"href":"https:\/\/sinoextrud.com\/hu\/wp-json\/wp\/v2\/media?parent=8070"}],"wp:term":[{"taxonomy":"category","embeddable":true,"href":"https:\/\/sinoextrud.com\/hu\/wp-json\/wp\/v2\/categories?post=8070"}],"curies":[{"name":"wp","href":"https:\/\/api.w.org\/{rel}","templated":true}]}}