{"id":8066,"date":"2025-06-12T07:28:29","date_gmt":"2025-06-12T07:28:29","guid":{"rendered":"https:\/\/sinoextrud.com\/product\/octagon-aluminum-extrusion\/"},"modified":"2025-06-24T06:23:00","modified_gmt":"2025-06-24T06:23:00","slug":"nyolcszogletu-aluminium-extrudalas","status":"publish","type":"product","link":"https:\/\/sinoextrud.com\/hu\/product\/octagon-aluminum-extrusion\/","title":{"rendered":"Nyolcsz\u00f6g alum\u00ednium extrud\u00e1l\u00e1s"},"content":{"rendered":"<h2>Term\u00e9kek r\u00e9szletei<\/h2>\n<table class=\"custom-table\">\n<tbody>\n<tr>\n<td> N\u00e9v:<\/td>\n<td> Nyolcsz\u00f6g alum\u00ednium extrud\u00e1l\u00e1s<\/td>\n<\/tr>\n<tr>\n<td> M\u00e1rka:<\/td>\n<td> Sinoextrud\/Sinoextrud<\/td>\n<\/tr>\n<tr>\n<td> Anyag:<\/td>\n<td> 6000-es sorozat<\/td>\n<\/tr>\n<tr>\n<td> Lelkiismeretesen:<\/td>\n<td> T5-T8<\/td>\n<\/tr>\n<tr>\n<td> Hossz\u00fas\u00e1g:<\/td>\n<td> 30-6000 mm vagy testreszab\u00e1s<\/td>\n<\/tr>\n<tr>\n<td> Fel\u00fcletkezel\u00e9s:<\/td>\n<td> GB elox\u00e1lt ez\u00fcst<\/td>\n<\/tr>\n<tr>\n<td> Haszn\u00e1lat:<\/td>\n<td> \u00c9p\u00edt\u0151ipar<\/td>\n<\/tr>\n<tr>\n<td> Szabv\u00e1nyos:<\/td>\n<td> GB5237-2008<\/td>\n<\/tr>\n<tr>\n<td> Gy\u00e1rt\u00e1s:<\/td>\n<td> V\u00e1g\u00e1s, mar\u00e1s, f\u00far\u00e1s, lyukaszt\u00e1s stb.<\/td>\n<\/tr>\n<tr>\n<td> From:<\/td>\n<td> Foshan, Guangdong, K\u00edna<\/td>\n<\/tr>\n<\/tbody>\n<\/table>\n<h2>Gy\u00e1rt\u00f3 b\u00e1zisunk<\/h2>\n<h3>Gy\u00e1ri panor\u00e1ma<\/h3>\n<p><img decoding=\"async\" src=\"\/wp-content\/uploads\/factory-01.webp\"\/><\/p>\n<h3>Alum\u00ednium r\u00fadgy\u00e1rt\u00f3 m\u0171hely<\/h3>\n<p><img decoding=\"async\" src=\"\/wp-content\/uploads\/factory-02.webp\"\/><\/p>\n<p><img decoding=\"async\" src=\"\/wp-content\/uploads\/factory-03.webp\"\/><\/p>\n<h3>Pen\u00e9sz rakt\u00e1r<\/h3>\n<p><img decoding=\"async\" src=\"\/wp-content\/uploads\/factory-04.webp\"\/><\/p>\n<h3>43 alum\u00ednium extrud\u00e1l\u00f3 vonal (500-5500 tonna)<\/h3>\n<p><img decoding=\"async\" src=\"\/wp-content\/uploads\/factory-05.webp\"\/><\/p>\n<p><img decoding=\"async\" src=\"\/wp-content\/uploads\/factory-06.webp\"\/><\/p>\n<p><img decoding=\"async\" src=\"\/wp-content\/uploads\/factory-07.webp\"\/><\/p>\n<h3>Porfest\u0151 m\u0171hely<\/h3>\n<p><img decoding=\"async\" src=\"\/wp-content\/uploads\/factory-09.webp\"\/><\/p>\n<h3>Anodiz\u00e1l\u00f3 m\u0171hely<\/h3>\n<p><img decoding=\"async\" src=\"\/wp-content\/uploads\/factory-10.webp\"\/><\/p>\n<h3>M\u00e9ly feldolgoz\u00e1si m\u0171hely<\/h3>\n<p><img decoding=\"async\" src=\"\/wp-content\/uploads\/factory-11.webp\"\/><\/p>\n<h3>CNC prec\u00edzi\u00f3s megmunk\u00e1l\u00f3 m\u0171hely<\/h3>\n<p><img decoding=\"async\" src=\"\/wp-content\/uploads\/factory-11.5.webp\"\/><\/p>\n<h3>K\u00e9szterm\u00e9k \u00e9s export rakt\u00e1r<\/h3>\n<p><img decoding=\"async\" src=\"\/wp-content\/uploads\/factory-12.webp\"\/><\/p>\n<p><img decoding=\"async\" src=\"\/wp-content\/uploads\/factory-13.webp\"\/><\/p>\n<p><img decoding=\"async\" src=\"\/wp-content\/uploads\/factory-14.webp\"\/><\/p>\n<h2>GYIK<\/h2>\n<p><p><b>1.What Octagon alum\u00ednium extrud\u00e1l\u00e1sok haszn\u00e1lj\u00e1k?<\/b><\/p>\n<p>Az Octagon alum\u00ednium extrud\u00e1l\u00e1sokat egyedi keretek, t\u00e1maszok \u00e9s d\u00edsz\u00edt\u0151elemek l\u00e9trehoz\u00e1s\u00e1ra haszn\u00e1lj\u00e1k k\u00fcl\u00f6nb\u00f6z\u0151 ipar\u00e1gakban, p\u00e9ld\u00e1ul az \u00e9p\u00edt\u0151iparban, az \u00e9p\u00edt\u00e9szetben \u00e9s a gy\u00e1rt\u00e1sban.<br \/>\n<\/p><br \/>\n<br \/>\n<p><b>2.Mi\u00e9rt v\u00e1lassza a nyolcsz\u00f6g alak\u00fa alum\u00ednium extrud\u00e1l\u00e1st?<\/b><\/p>\n<p>A nyolcsz\u00f6glet\u0171 forma egyedi eszt\u00e9tikai vonzer\u0151t k\u00edn\u00e1l, mik\u00f6zben meg\u0151rzi a szerkezeti szil\u00e1rds\u00e1got, \u00edgy ide\u00e1lis funkcion\u00e1lis \u00e9s dekorat\u00edv alkalmaz\u00e1sokhoz egyar\u00e1nt.<br \/>\n<\/p><br \/>\n<br \/>\n<p><b>3.Can Octagon alum\u00ednium extrud\u00e1l\u00e1s testre szabhat\u00f3?<\/b><\/p>\n<p>Igen, az Octagon alum\u00ednium sajtol\u00e1sok m\u00e9ret, profil \u00e9s kivitel tekintet\u00e9ben testre szabhat\u00f3k, hogy megfeleljenek az egyedi alkalmaz\u00e1si \u00e9s tervez\u00e9si ig\u00e9nyeknek.<br \/>\n<\/p><br \/>\n<br \/>\n<p><b>4.Hogyan j\u00e1rul hozz\u00e1 az Octagon alum\u00ednium extrud\u00e1l\u00e1sok korr\u00f3zi\u00f3\u00e1ll\u00f3s\u00e1ga a teljes\u00edtm\u00e9ny\u00fckh\u00f6z?<\/b><\/p>\n<p>A korr\u00f3zi\u00f3\u00e1ll\u00f3s\u00e1g biztos\u00edtja, hogy az extrud\u00e1lt term\u00e9kek tart\u00f3sak maradnak \u00e9s hossz\u00fa t\u00e1von meg\u0151rzik megjelen\u00e9s\u00fcket, m\u00e9g zord k\u00f6rnyezeti k\u00f6r\u00fclm\u00e9nyek k\u00f6z\u00f6tt is.<br \/>\n<\/p><br \/>\n<br \/>\n<p><b>5.Are Octagon alum\u00ednium extrud\u00e1l\u00e1s k\u00f6nny\u0171?<\/b><\/p>\n<p>Igen, az alum\u00ednium anyagnak k\u00f6sz\u00f6nhet\u0151en az extrud\u00e1lt term\u00e9kek k\u00f6nny\u0171ek, ami cs\u00f6kkenti a sz\u00e1ll\u00edt\u00e1si k\u00f6lts\u00e9geket, valamint megk\u00f6nny\u00edti a kezel\u00e9st \u00e9s a telep\u00edt\u00e9st.<br \/>\n<\/p><br \/>\n<br \/>\n<p><b>6.Hogyan jav\u00edtj\u00e1k az Octagon alum\u00ednium extrud\u00e1l\u00e1sok a tervez\u00e9s rugalmass\u00e1g\u00e1t?<\/b><\/p>\n<p>Az extrud\u00e1lt term\u00e9kek testreszabhat\u00f3s\u00e1ga az egyedi nyolcsz\u00f6g alakkal kombin\u00e1lva rugalmas tervez\u00e9si lehet\u0151s\u00e9geket biztos\u00edt mind a szerkezeti, mind a dekorat\u00edv alkalmaz\u00e1sokban.<br \/>\n<\/p><br \/>\n<br \/>\n<p><b>7.Milyen ipar\u00e1gak sz\u00e1m\u00e1ra el\u0151ny\u00f6s az Octagon alum\u00ednium extrud\u00e1l\u00e1s?<\/b><\/p>\n<p>Az olyan ipar\u00e1gak, mint az \u00e9p\u00edt\u0151ipar, az \u00e9p\u00edt\u00e9szet, a gy\u00e1rt\u00e1s \u00e9s az ipari formatervez\u00e9s hasznos\u00edtj\u00e1k az Octagon alum\u00ednium extrud\u00e1l\u00e1sok sokoldal\u00fas\u00e1g\u00e1t \u00e9s szil\u00e1rds\u00e1g\u00e1t szerkezeti \u00e9s dekorat\u00edv felhaszn\u00e1l\u00e1sra.<br \/>\n<\/p><br \/><\/p>","protected":false},"featured_media":0,"template":"","categories":[54],"class_list":["post-8066","product","type-product","status-publish","hentry","category-industrial-aluminum-profiles"],"meta_box":{"hilight_text_group":{"product_hilight_text":"<li>Unique octagon shape provides a distinctive design for structural and decorative applications.<\/li>\r\r\n<li>High-strength aluminum construction ensures durability while keeping the profile lightweight.<\/li>\r\r\n<li>Corrosion-resistant properties make it suitable for both indoor and outdoor environments.<\/li>\r\r\n<li>Customizable profiles to meet specific size, shape, and performance requirements.<\/li>\r\r\n<li>Efficient heat dissipation and structural integrity, ideal for various industrial and architectural projects.<\/li>","product_chanpin_blog":"<ul>\r\r\n<li><a href=\"https:\/\/sinoextrud.com\/t-slot-v-slot-differences\/\" target=\"_blank\">t slot vs v slot<\/a><\/li>\r\r\n<li><a href=\"https:\/\/sinoextrud.com\/what-is-4040-aluminium-extrud\/\" target=\"_blank\">4040 aluminium extrusion<\/a><\/li>\r\r\n<li><a href=\"https:\/\/sinoextrud.com\/what-is-4040-aluminium-extrud\/\" target=\"_blank\">aluminum extrusions for industrial racks<\/a><\/li>\r\r\n<li><a href=\"https:\/\/sinoextrud.com\/powder-coating-aluminium-process\/\" target=\"_blank\">powder coating aluminium<\/a><\/li>\r\r\n<li><a href=\"https:\/\/sinoextrud.com\/what-is-an-aluminium-strip-ceiling\/\" target=\"_blank\">aluminium strip ceiling<\/a><\/li>\r\r\n<li><a href=\"https:\/\/sinoextrud.com\/what-is-a-heat-sink\/\" target=\"_blank\">what is a heat sink<\/a><\/li>\r\r\n<\/ul>","product_chanpin_chanpin":"<li><a href=\"https:\/\/sinoextrud.com\/product\/linear-rail-aluminum-extrusion\/\" target=\"_blank\">Linear Rail Aluminum Extrusion<\/a><\/li>\r\n<li><a href=\"https:\/\/sinoextrud.com\/product\/t-slot-aluminum-profile\/\" target=\"_blank\">T-slot Aluminum Profile<\/a><\/li>\r\n<li><a href=\"https:\/\/sinoextrud.com\/product\/t-shaped-aluminium-profile\/\" target=\"_blank\">T Shaped Aluminium Profile<\/a><\/li>\r\n<li><a href=\"https:\/\/sinoextrud.com\/product\/slotted-aluminum-extrusion\/\" target=\"_blank\">Slotted Aluminum Extrusion<\/a><\/li>\r\n<li><a href=\"https:\/\/sinoextrud.com\/product\/octagon-aluminum-extrusion\/\" target=\"_blank\">Octagon Aluminum Extrusion<\/a><\/li>\r\n<li><a href=\"https:\/\/sinoextrud.com\/product\/t-shape-aluminum-extruded-profile\/\" target=\"_blank\">T Shape Aluminum Extruded Profile<\/a><\/li>\r\n<li><a href=\"https:\/\/sinoextrud.com\/product\/t-shaped-aluminium-extrusion\/\" target=\"_blank\">T Shaped Aluminium Extrusion<\/a><\/li>\r\n<li><a href=\"https:\/\/sinoextrud.com\/product\/t-slot-framing-systems\/\" target=\"_blank\">T Slot Framing Systems<\/a><\/li>\r\n<li><a href=\"https:\/\/sinoextrud.com\/product\/sailboat-mast-extrusions\/\" target=\"_blank\">Sailboat mast extrusions<\/a><\/li>\r\n<li><a href=\"https:\/\/sinoextrud.com\/product\/aluminium-lightbox-extrusion\/\" target=\"_blank\">Aluminium Lightbox Extrusion<\/a><\/li>\r\n<li><a href=\"https:\/\/sinoextrud.com\/product\/aluminium-6063\/\" target=\"_blank\">Aluminium 6063<\/a><\/li>"},"feature_list":[]},"_links":{"self":[{"href":"https:\/\/sinoextrud.com\/hu\/wp-json\/wp\/v2\/product\/8066","targetHints":{"allow":["GET"]}}],"collection":[{"href":"https:\/\/sinoextrud.com\/hu\/wp-json\/wp\/v2\/product"}],"about":[{"href":"https:\/\/sinoextrud.com\/hu\/wp-json\/wp\/v2\/types\/product"}],"wp:attachment":[{"href":"https:\/\/sinoextrud.com\/hu\/wp-json\/wp\/v2\/media?parent=8066"}],"wp:term":[{"taxonomy":"category","embeddable":true,"href":"https:\/\/sinoextrud.com\/hu\/wp-json\/wp\/v2\/categories?post=8066"}],"curies":[{"name":"wp","href":"https:\/\/api.w.org\/{rel}","templated":true}]}}