{"id":8058,"date":"2025-06-12T07:15:34","date_gmt":"2025-06-12T07:15:34","guid":{"rendered":"https:\/\/sinoextrud.com\/product\/linear-rail-aluminum-extrusion\/"},"modified":"2025-06-24T06:22:58","modified_gmt":"2025-06-24T06:22:58","slug":"linearis-sin-aluminium-extrudalas-2","status":"publish","type":"product","link":"https:\/\/sinoextrud.com\/hu\/product\/linear-rail-aluminum-extrusion\/","title":{"rendered":"Line\u00e1ris s\u00edn alum\u00ednium extrud\u00e1l\u00e1s"},"content":{"rendered":"<h2>Term\u00e9kek r\u00e9szletei<\/h2>\n<table class=\"custom-table\">\n<tbody>\n<tr>\n<td> Term\u00e9k neve<\/td>\n<td> Line\u00e1ris s\u00edn alum\u00ednium extrud\u00e1l\u00e1s<\/td>\n<\/tr>\n<tr>\n<td> Temper<\/td>\n<td> T3-T8<\/td>\n<\/tr>\n<tr>\n<td> Anyag<\/td>\n<td> 6000-es sorozat\u00fa \u00f6tv\u00f6zet, p\u00e9ld\u00e1ul 6063, 6061, 6082, 6463 stb.<\/td>\n<\/tr>\n<tr>\n<td> Sz\u00ednes<\/td>\n<td> Arany, ez\u00fcst, fekete, feh\u00e9r, sz\u00fcrke, pezsg\u0151, t\u00fck\u00f6r, fa szemcs\u00e9s, egyedi k\u00e9r\u00e9s \u00e1ll rendelkez\u00e9sre.<\/td>\n<\/tr>\n<tr>\n<td> Befejezett<\/td>\n<td> Elox\u00e1lt, porsz\u00f3rt, fa szemcs\u00e9s, elektrofor\u00e9zis, PVDF, Akzo, lengyel, csiszolt, matt, stb.<\/td>\n<\/tr>\n<tr>\n<td> CNC megmunk\u00e1l\u00e1s<\/td>\n<td> CNC, f\u00far\u00e1s, mar\u00e1s, v\u00e1g\u00e1s, hegeszt\u00e9s, hajl\u00edt\u00e1s, \u00f6sszeszerel\u00e9s, lyukaszt\u00e1s, csapol\u00e1s stb.<\/td>\n<\/tr>\n<tr>\n<td> Hossz\u00fas\u00e1g<\/td>\n<td> 1m-9m vagy testreszabott<\/td>\n<\/tr>\n<tr>\n<td> Shape<\/td>\n<td> N\u00e9gyzet, lapos, kerek, \u00fcreges, ov\u00e1lis, h\u00e1romsz\u00f6g, U-profilok, L-profilok, T-profilok, H-profilok, testreszabottan el\u00e9rhet\u0151ek.<\/td>\n<\/tr>\n<tr>\n<td> \u00c1tfut\u00e1si id\u0151<\/td>\n<td> Nyitott pen\u00e9sz \u00e9s mintateszt: 12-15 munkanap. T\u00f6meggy\u00e1rt\u00e1s: 20-30 munkanap, a mennyis\u00e9gt\u0151l f\u00fcgg\u0151en.<\/td>\n<\/tr>\n<tr>\n<td> Alkalmaz\u00e1s<\/td>\n<td> Ablakok \u00e9s ajt\u00f3k, f\u00fcgg\u00f6nyfalak, \u00fcvegfal, b\u00fator, mennyezet, konyha, LED szalag, k\u00f6zleked\u00e9si s\u00edn, j\u00e1rm\u0171vek, motorh\u00e1z, g\u00e9p, s\u00e1tor, napelem. Ipari profil, dekor\u00e1ci\u00f3s profil stb.<\/td>\n<\/tr>\n<tr>\n<td> Csomag<\/td>\n<td> V\u00e9d\u0151f\u00f3lia, v\u00edz\u00e1ll\u00f3 pap\u00edr, EPE, karton, raklap vagy testreszabott<\/td>\n<\/tr>\n<tr>\n<td> \u00dczleti st\u00edlus<\/td>\n<td> Manfacture \u00e9s kereskedelmi v\u00e1llalat<\/td>\n<\/tr>\n<tr>\n<td> M\u00e1rkan\u00e9v<\/td>\n<td> Sinoextrud, Sinoextrud, Sinoextrud, , Sinoextrud<\/td>\n<\/tr>\n<tr>\n<td> OEM<\/td>\n<td> Rem\u00e9lj\u00fck, hogy hossz\u00fa t\u00e1v\u00fa kapcsolatot \u00e9p\u00edt\u00fcnk ki \u00fcgyfeleinkkel. Biztosak vagyunk benne, hogy a legjobb OEM szolg\u00e1ltat\u00e1st tudjuk ny\u00fajtani az \u00d6n sz\u00e1m\u00e1ra.<\/td>\n<\/tr>\n<tr>\n<td> Garancia<\/td>\n<td> A fel\u00fclet sz\u00edne 10~20 \u00e9vig stabil lehet belt\u00e9ri haszn\u00e1latban.<\/td>\n<\/tr>\n<tr>\n<td> FOB kik\u00f6t\u0151<\/td>\n<td> Foshan, Guangzhou, Shenzhen, K\u00edna<\/td>\n<\/tr>\n<tr>\n<td> MOQ<\/td>\n<td> 200KGs \/ t\u00e9tel<\/td>\n<\/tr>\n<tr>\n<td> Eredet<\/td>\n<td> Foshan, K\u00edna<\/td>\n<\/tr>\n<\/tbody>\n<\/table>\n<h2>Gy\u00e1rt\u00f3 b\u00e1zisunk<\/h2>\n<h3>Gy\u00e1ri panor\u00e1ma<\/h3>\n<p><img decoding=\"async\" src=\"\/wp-content\/uploads\/factory-01.webp\"\/><\/p>\n<h3>Alum\u00ednium r\u00fadgy\u00e1rt\u00f3 m\u0171hely<\/h3>\n<p><img decoding=\"async\" src=\"\/wp-content\/uploads\/factory-02.webp\"\/><\/p>\n<p><img decoding=\"async\" src=\"\/wp-content\/uploads\/factory-03.webp\"\/><\/p>\n<h3>Pen\u00e9sz rakt\u00e1r<\/h3>\n<p><img decoding=\"async\" src=\"\/wp-content\/uploads\/factory-04.webp\"\/><\/p>\n<h3>43 alum\u00ednium extrud\u00e1l\u00f3 vonal (500-5500 tonna)<\/h3>\n<p><img decoding=\"async\" src=\"\/wp-content\/uploads\/factory-05.webp\"\/><\/p>\n<p><img decoding=\"async\" src=\"\/wp-content\/uploads\/factory-06.webp\"\/><\/p>\n<p><img decoding=\"async\" src=\"\/wp-content\/uploads\/factory-07.webp\"\/><\/p>\n<h3>Porfest\u0151 m\u0171hely<\/h3>\n<p><img decoding=\"async\" src=\"\/wp-content\/uploads\/factory-09.webp\"\/><\/p>\n<h3>Anodiz\u00e1l\u00f3 m\u0171hely<\/h3>\n<p><img decoding=\"async\" src=\"\/wp-content\/uploads\/factory-10.webp\"\/><\/p>\n<h3>M\u00e9ly feldolgoz\u00e1si m\u0171hely<\/h3>\n<p><img decoding=\"async\" src=\"\/wp-content\/uploads\/factory-11.webp\"\/><\/p>\n<h3>CNC prec\u00edzi\u00f3s megmunk\u00e1l\u00f3 m\u0171hely<\/h3>\n<p><img decoding=\"async\" src=\"\/wp-content\/uploads\/factory-11.5.webp\"\/><\/p>\n<h3>K\u00e9szterm\u00e9k \u00e9s export rakt\u00e1r<\/h3>\n<p><img decoding=\"async\" src=\"\/wp-content\/uploads\/factory-12.webp\"\/><\/p>\n<p><img decoding=\"async\" src=\"\/wp-content\/uploads\/factory-13.webp\"\/><\/p>\n<p><img decoding=\"async\" src=\"\/wp-content\/uploads\/factory-14.webp\"\/><\/p>\n<h2>GYIK<\/h2>\n<p><p><b>1.What teszi Linear Rail alum\u00ednium extrud\u00e1l\u00e1s alkalmas pontos mozg\u00e1s alkalmaz\u00e1sok? <\/b><\/p>\n<p> A line\u00e1ris s\u00ednes alum\u00ednium extrud\u00e1l\u00e1sokat \u00fagy tervezt\u00e9k, hogy sima, pontos mozg\u00e1st\u00e1mogat\u00e1st biztos\u00edtsanak, \u00edgy ide\u00e1lisak a precizit\u00e1st ig\u00e9nyl\u0151 alkalmaz\u00e1sokhoz.<br \/>\n<\/p><br \/>\n<br \/>\n<p><b>2.Can line\u00e1ris s\u00edn alum\u00ednium extrud\u00e1l\u00e1s testreszabhat\u00f3? <\/b><\/p>\n<p> Igen, az extrud\u00e1l\u00e1s m\u00e9retben, hosszban \u00e9s profilban testre szabhat\u00f3, hogy megfeleljen az automatiz\u00e1l\u00e1si \u00e9s g\u00e9p\u00e9szeti rendszerek egyedi ig\u00e9nyeinek.<br \/>\n<\/p><br \/>\n<br \/>\n<p><b>3.How tart\u00f3s a Linear Rail alum\u00ednium extrud\u00e1l\u00e1s? <\/b><\/p>\n<p> A line\u00e1ris s\u00edn alum\u00edniumprofilok rendk\u00edv\u00fcl tart\u00f3sak \u00e9s korr\u00f3zi\u00f3\u00e1ll\u00f3ak, \u00edgy m\u00e9g kih\u00edv\u00e1st jelent\u0151 k\u00f6rnyezetben is megb\u00edzhat\u00f3 hossz\u00fa t\u00e1v\u00fa teljes\u00edtm\u00e9nyt biztos\u00edtanak.<br \/>\n<\/p><br \/>\n<br \/>\n<p><b>4.Milyen ipar\u00e1gak el\u0151ny\u00f6sek a Linear Rail alum\u00ednium extrud\u00e1l\u00e1s haszn\u00e1lat\u00e1val? <\/b><\/p>\n<p> Ezeket az extrud\u00e1lt r\u00e9szeket sz\u00e9les k\u00f6rben haszn\u00e1lj\u00e1k az olyan ipar\u00e1gakban, mint az automatiz\u00e1l\u00e1s, a robotika, az anyagmozgat\u00e1s \u00e9s a gy\u00e1rt\u00e1s a prec\u00edz mozg\u00e1svez\u00e9rl\u0151 rendszerekhez.<br \/>\n<\/p><br \/>\n<br \/>\n<p><b>5.Is Linear Rail alum\u00ednium extrud\u00e1l\u00e1s k\u00f6nnyen telep\u00edthet\u0151? <\/b><\/p>\n<p> Igen, egyszer\u0171 telep\u00edt\u00e9sre tervezt\u00e9k, ami seg\u00edt cs\u00f6kkenteni az \u00f6sszeszerel\u00e9si id\u0151t \u00e9s a munkaer\u0151k\u00f6lts\u00e9geket.<br \/>\n<\/p><br \/>\n<br \/>\n<p><b>6.Hogyan jav\u00edtja a Linear Rail alum\u00ednium extrud\u00e1l\u00e1s a rendszer teljes\u00edtm\u00e9ny\u00e9t? <\/b><\/p>\n<p> Az extrud\u00e1l\u00e1sok pontos \u00e9s sima mozg\u00e1st biztos\u00edtanak, n\u00f6velve a hat\u00e9konys\u00e1got \u00e9s a pontoss\u00e1got az automatiz\u00e1l\u00e1sban, a robotik\u00e1ban \u00e9s a g\u00e9p\u00e9szeti rendszerekben.<br \/>\n<\/p><br \/>\n<br \/>\n<p><b>7.Is Linear Rail alum\u00ednium extrud\u00e1l\u00e1s k\u00f6rnyezetbar\u00e1t? <\/b><\/p>\n<p> Igen, az alum\u00ednium \u00fajrahasznos\u00edthat\u00f3 anyag, \u00edgy ezek a sajtolt term\u00e9kek k\u00f6rnyezetbar\u00e1t megold\u00e1st jelentenek az ipari alkalmaz\u00e1sok sz\u00e9les sk\u00e1l\u00e1j\u00e1hoz.<br \/>\n<\/p><br \/><\/p>","protected":false},"featured_media":8057,"template":"","categories":[54],"class_list":["post-8058","product","type-product","status-publish","has-post-thumbnail","hentry","category-industrial-aluminum-profiles"],"meta_box":{"hilight_text_group":{"product_hilight_text":"<li>High-strength linear rail aluminum extrusion for precise linear motion applications<\/li>\r\r\n<li>Corrosion-resistant, ensuring long-lasting performance in various environments<\/li>\r\r\n<li>Lightweight yet durable, providing strong support without excess weight<\/li>\r\r\n<li>Customizable lengths and profiles to meet specific needs in automation and machinery<\/li>\r\r\n<li>Highly accurate and smooth, improving the efficiency and precision of motion systems<\/li>\r\r\n<li>Cost-effective, offering excellent performance at a competitive price<\/li>\r\r\n<li>Eco-friendly, made from recyclable aluminum material<\/li>","product_chanpin_blog":"<ul>\r\r\n<li><a href=\"https:\/\/sinoextrud.com\/t-slot-v-slot-differences\/\" target=\"_blank\">t slot vs v slot<\/a><\/li>\r\r\n<li><a href=\"https:\/\/sinoextrud.com\/what-is-4040-aluminium-extrud\/\" target=\"_blank\">4040 aluminium extrusion<\/a><\/li>\r\r\n<li><a href=\"https:\/\/sinoextrud.com\/what-is-4040-aluminium-extrud\/\" target=\"_blank\">aluminum extrusions for industrial racks<\/a><\/li>\r\r\n<li><a href=\"https:\/\/sinoextrud.com\/powder-coating-aluminium-process\/\" target=\"_blank\">powder coating aluminium<\/a><\/li>\r\r\n<li><a href=\"https:\/\/sinoextrud.com\/what-is-an-aluminium-strip-ceiling\/\" target=\"_blank\">aluminium strip ceiling<\/a><\/li>\r\r\n<li><a href=\"https:\/\/sinoextrud.com\/what-is-a-heat-sink\/\" target=\"_blank\">what is a heat sink<\/a><\/li>\r\r\n<\/ul>","product_chanpin_chanpin":"<li><a href=\"https:\/\/sinoextrud.com\/product\/t-slot-aluminum-extrusion-profile-for-industrial-assembly-line\/\" target=\"_blank\">T Slot Aluminum Extrusion Profile For Industrial Assembly Line<\/a><\/li>\r\n<li><a href=\"https:\/\/sinoextrud.com\/product\/customized-led-strip-light-aluminium-profile-led-aluminum-extrusion\/\" target=\"_blank\">Customized LED Strip Light Aluminium Profile  LED Aluminum Extrusion<\/a><\/li>\r\n<li><a href=\"https:\/\/sinoextrud.com\/product\/industrial-aluminum-extrusion-profile\/\" target=\"_blank\">Industrial Aluminum Extrusion Profile<\/a><\/li>\r\n<li><a href=\"https:\/\/sinoextrud.com\/product\/j-section-aluminum-extrusion\/\" target=\"_blank\">J Section Aluminum Extrusion<\/a><\/li>\r\n<li><a href=\"https:\/\/sinoextrud.com\/product\/linear-rail-aluminum-extrusion\/\" target=\"_blank\">Linear Rail Aluminum Extrusion<\/a><\/li>\r\n<li><a href=\"https:\/\/sinoextrud.com\/product\/t-slot-aluminum-profile\/\" target=\"_blank\">T-slot Aluminum Profile<\/a><\/li>\r\n<li><a href=\"https:\/\/sinoextrud.com\/product\/t-shaped-aluminium-profile\/\" target=\"_blank\">T Shaped Aluminium Profile<\/a><\/li>\r\n<li><a href=\"https:\/\/sinoextrud.com\/product\/slotted-aluminum-extrusion\/\" target=\"_blank\">Slotted Aluminum Extrusion<\/a><\/li>\r\n<li><a href=\"https:\/\/sinoextrud.com\/product\/octagon-aluminum-extrusion\/\" target=\"_blank\">Octagon Aluminum Extrusion<\/a><\/li>\r\n<li><a href=\"https:\/\/sinoextrud.com\/product\/anodized-aluminum-railing-systems\/\" target=\"_blank\">Anodized Aluminum Railing Systems<\/a><\/li>\r\n<li><a href=\"https:\/\/sinoextrud.com\/product\/pvdf-coating-aluminum-profile-curtain-wall\/\" target=\"_blank\">PVDF Coating Aluminum profile Curtain Wall<\/a><\/li>"},"feature_list":[]},"_links":{"self":[{"href":"https:\/\/sinoextrud.com\/hu\/wp-json\/wp\/v2\/product\/8058","targetHints":{"allow":["GET"]}}],"collection":[{"href":"https:\/\/sinoextrud.com\/hu\/wp-json\/wp\/v2\/product"}],"about":[{"href":"https:\/\/sinoextrud.com\/hu\/wp-json\/wp\/v2\/types\/product"}],"wp:featuredmedia":[{"embeddable":true,"href":"https:\/\/sinoextrud.com\/hu\/wp-json\/wp\/v2\/media\/8057"}],"wp:attachment":[{"href":"https:\/\/sinoextrud.com\/hu\/wp-json\/wp\/v2\/media?parent=8058"}],"wp:term":[{"taxonomy":"category","embeddable":true,"href":"https:\/\/sinoextrud.com\/hu\/wp-json\/wp\/v2\/categories?post=8058"}],"curies":[{"name":"wp","href":"https:\/\/api.w.org\/{rel}","templated":true}]}}