{"id":8056,"date":"2025-06-12T07:13:21","date_gmt":"2025-06-12T07:13:21","guid":{"rendered":"https:\/\/sinoextrud.com\/product\/j-section-aluminum-extrusion\/"},"modified":"2025-06-24T06:22:58","modified_gmt":"2025-06-24T06:22:58","slug":"j-szelveny-aluminium-extrudalas","status":"publish","type":"product","link":"https:\/\/sinoextrud.com\/hu\/product\/j-section-aluminum-extrusion\/","title":{"rendered":"J szakasz alum\u00ednium extrud\u00e1l\u00e1s"},"content":{"rendered":"<h2>Term\u00e9kek r\u00e9szletei<\/h2>\n<table class=\"custom-table\">\n<tbody>\n<tr>\n<td> Term\u00e9k neve<\/td>\n<td> J szakasz alum\u00ednium extrud\u00e1l\u00e1s<\/td>\n<\/tr>\n<tr>\n<td> Anyag<\/td>\n<td> 6063,6061,6082,6005 stb.<\/td>\n<\/tr>\n<tr>\n<td> Temper<\/td>\n<td> T3-T8<\/td>\n<\/tr>\n<tr>\n<td> M\u00e9ret&amp;vastags\u00e1g<\/td>\n<td> Testre szabottan<\/td>\n<\/tr>\n<tr>\n<td> Sz\u00ednes<\/td>\n<td> Mill k\u00e9sz vagy m\u00e1s testreszabott sz\u00edn<\/td>\n<\/tr>\n<tr>\n<td> Hossz\u00fas\u00e1g<\/td>\n<td> Standard hossz1-9M, m\u00e1s speci\u00e1lis hossz \u00e1ll rendelkez\u00e9sre.<\/td>\n<\/tr>\n<tr>\n<td> Tipikus alkalmaz\u00e1sok<\/td>\n<td> Ipari, \u00e9p\u00edt\u00e9szeti, dekor\u00e1ci\u00f3s ter\u00fclet<\/td>\n<\/tr>\n<tr>\n<td> M\u00e1rka<\/td>\n<td> Sinoextrud vagy OEM<\/td>\n<\/tr>\n<tr>\n<td> CNC folyamat<\/td>\n<td> T\u00e1mogat\u00f3 CNC mar\u00e1s, lyukaszt\u00e1s, f\u00far\u00e1s, csapol\u00e1s, hajl\u00edt\u00e1s<\/td>\n<\/tr>\n<tr>\n<td> MOQ<\/td>\n<td> 200KG<\/td>\n<\/tr>\n<tr>\n<td> Fel\u00fcletkezel\u00e9s<\/td>\n<td> Malom k\u00e9sz, fa szemcs\u00e9s, elox\u00e1lt, porbevonat, elektrofor\u00e9zis, PVDF bevonat, csiszolt stb.<\/td>\n<\/tr>\n<tr>\n<td> Tan\u00fas\u00edtv\u00e1nyok<\/td>\n<td> ISO9001, ISO4001, CQM, SGS, CE, BV stb.<\/td>\n<\/tr>\n<\/tbody>\n<\/table>\n<h2>Gy\u00e1rt\u00f3 b\u00e1zisunk<\/h2>\n<h3>Gy\u00e1ri panor\u00e1ma<\/h3>\n<p><img decoding=\"async\" src=\"\/wp-content\/uploads\/factory-01.webp\"\/><\/p>\n<h3>Alum\u00ednium r\u00fadgy\u00e1rt\u00f3 m\u0171hely<\/h3>\n<p><img decoding=\"async\" src=\"\/wp-content\/uploads\/factory-02.webp\"\/><\/p>\n<p><img decoding=\"async\" src=\"\/wp-content\/uploads\/factory-03.webp\"\/><\/p>\n<h3>Pen\u00e9sz rakt\u00e1r<\/h3>\n<p><img decoding=\"async\" src=\"\/wp-content\/uploads\/factory-04.webp\"\/><\/p>\n<h3>43 alum\u00ednium extrud\u00e1l\u00f3 vonal (500-5500 tonna)<\/h3>\n<p><img decoding=\"async\" src=\"\/wp-content\/uploads\/factory-05.webp\"\/><\/p>\n<p><img decoding=\"async\" src=\"\/wp-content\/uploads\/factory-06.webp\"\/><\/p>\n<p><img decoding=\"async\" src=\"\/wp-content\/uploads\/factory-07.webp\"\/><\/p>\n<h3>Porfest\u0151 m\u0171hely<\/h3>\n<p><img decoding=\"async\" src=\"\/wp-content\/uploads\/factory-09.webp\"\/><\/p>\n<h3>Anodiz\u00e1l\u00f3 m\u0171hely<\/h3>\n<p><img decoding=\"async\" src=\"\/wp-content\/uploads\/factory-10.webp\"\/><\/p>\n<h3>M\u00e9ly feldolgoz\u00e1si m\u0171hely<\/h3>\n<p><img decoding=\"async\" src=\"\/wp-content\/uploads\/factory-11.webp\"\/><\/p>\n<h3>CNC prec\u00edzi\u00f3s megmunk\u00e1l\u00f3 m\u0171hely<\/h3>\n<p><img decoding=\"async\" src=\"\/wp-content\/uploads\/factory-11.5.webp\"\/><\/p>\n<h3>K\u00e9szterm\u00e9k \u00e9s export rakt\u00e1r<\/h3>\n<p><img decoding=\"async\" src=\"\/wp-content\/uploads\/factory-12.webp\"\/><\/p>\n<p><img decoding=\"async\" src=\"\/wp-content\/uploads\/factory-13.webp\"\/><\/p>\n<p><img decoding=\"async\" src=\"\/wp-content\/uploads\/factory-14.webp\"\/><\/p>\n<h2>GYIK<\/h2>\n<p><p><b>1.Mi a J szekci\u00f3 alum\u00ednium extrud\u00e1l\u00e1s haszn\u00e1lt?<\/b><\/p>\n<p>A J szelv\u00e9ny\u0171 alum\u00ednium extrud\u00e1l\u00e1st \u00e1ltal\u00e1ban olyan szerkezeti alkalmaz\u00e1sokban haszn\u00e1lj\u00e1k, ahol fokozott szil\u00e1rds\u00e1gra \u00e9s stabilit\u00e1sra van sz\u00fcks\u00e9g, mint p\u00e9ld\u00e1ul keretek, t\u00e1maszok \u00e9s burkolatok.<br \/>\n<\/p><br \/>\n<br \/>\n<p><b>2.Mi\u00e9rt v\u00e1lassza a J szekci\u00f3 alum\u00ednium extrud\u00e1l\u00e1st m\u00e1s profilokkal szemben?<\/b><\/p>\n<p>A J profil\u00fa alum\u00ednium extrud\u00e1l\u00e1s kiv\u00e1l\u00f3 szil\u00e1rds\u00e1got \u00e9s merevs\u00e9get biztos\u00edt, \u00edgy ide\u00e1lis a nagy terhek hordoz\u00e1s\u00e1ra \u00e9s a zord k\u00f6rnyezetek elvisel\u00e9s\u00e9re.<br \/>\n<\/p><br \/>\n<br \/>\n<p><b>3.Can J Section alum\u00ednium extrud\u00e1l\u00e1s testreszabhat\u00f3 egyedi projektekhez?<\/b><\/p>\n<p>Igen, a J szekci\u00f3 alum\u00ednium extrud\u00e1l\u00e1s m\u00e9ret \u00e9s profil tekintet\u00e9ben testre szabhat\u00f3, hogy megfeleljen a projekt egyedi ig\u00e9nyeinek.<br \/>\n<\/p><br \/>\n<br \/>\n<p><b>4.Hogyan kezeli a J profil\u00fa alum\u00ednium extrud\u00e1l\u00e1s a zord k\u00f6rnyezeti felt\u00e9teleket?<\/b><\/p>\n<p>A J profil\u00fa alum\u00ednium extrud\u00e1l\u00e1s korr\u00f3zi\u00f3\u00e1ll\u00f3 alum\u00edniumb\u00f3l k\u00e9sz\u00fcl, \u00edgy ide\u00e1lis belt\u00e9ri \u00e9s k\u00fclt\u00e9ri alkalmaz\u00e1sokhoz, m\u00e9g zord id\u0151j\u00e1r\u00e1si k\u00f6r\u00fclm\u00e9nyek k\u00f6z\u00f6tt is.<br \/>\n<\/p><br \/>\n<br \/>\n<p><b>5.Is J szakasz alum\u00ednium extrud\u00e1l\u00e1s k\u00f6nnyen telep\u00edthet\u0151?<\/b><\/p>\n<p>Igen, a J szekci\u00f3 alum\u00ednium extrud\u00e1l\u00e1s k\u00f6nnyen v\u00e1ghat\u00f3, \u00f6sszeszerelhet\u0151 \u00e9s telep\u00edthet\u0151, ami cs\u00f6kkenti a munkaer\u0151k\u00f6lts\u00e9geket \u00e9s a telep\u00edt\u00e9si id\u0151t a nagyszab\u00e1s\u00fa projektekn\u00e9l.<br \/>\n<\/p><br \/>\n<br \/>\n<p><b>6.Mik a f\u0151 el\u0151nyei az alum\u00ednium J-profil extrud\u00e1l\u00e1s\u00e1hoz val\u00f3 haszn\u00e1lat\u00e1nak?<\/b><\/p>\n<p>Az alum\u00ednium a szil\u00e1rds\u00e1g, a k\u00f6nny\u0171 tulajdons\u00e1gok \u00e9s a korr\u00f3zi\u00f3\u00e1ll\u00f3s\u00e1g kombin\u00e1ci\u00f3j\u00e1t k\u00edn\u00e1lja, \u00edgy a J profil\u00fa alum\u00ednium extrud\u00e1l\u00e1s sz\u00e1mos alkalmaz\u00e1shoz tart\u00f3s \u00e9s k\u00f6lts\u00e9ghat\u00e9kony v\u00e1laszt\u00e1s.<br \/>\n<\/p><br \/>\n<br \/>\n<p><b>7.How hossz\u00fa ideig tart a J szekci\u00f3 alum\u00ednium extrud\u00e1l\u00e1s?<\/b><\/p>\n<p>A J szelv\u00e9ny\u0171 alum\u00ednium extrud\u00e1l\u00e1st hossz\u00fa t\u00e1v\u00fa teljes\u00edtm\u00e9nyre tervezt\u00e9k, kiv\u00e1l\u00f3 tart\u00f3ss\u00e1got \u00e9s korr\u00f3zi\u00f3\u00e1ll\u00f3s\u00e1got k\u00edn\u00e1l, \u00edgy biztos\u00edtva, hogy ig\u00e9nyes k\u00f6r\u00fclm\u00e9nyek k\u00f6z\u00f6tt is hossz\u00fa \u00e9veken \u00e1t kitartson.<br \/>\n<\/p><br \/><\/p>","protected":false},"featured_media":8055,"template":"","categories":[54],"class_list":["post-8056","product","type-product","status-publish","has-post-thumbnail","hentry","category-industrial-aluminum-profiles"],"meta_box":{"hilight_text_group":{"product_hilight_text":"<li>J Section Aluminum Extrusion offers enhanced strength and stability for structural applications.<\/li>\r\r\n<li>Durable aluminum material ensures long-lasting performance in demanding environments.<\/li>\r\r\n<li>Customizable profiles and sizes available to meet specific design and structural needs.<\/li>\r\r\n<li>Corrosion-resistant surface ideal for outdoor and industrial applications.<\/li>\r\r\n<li>Easy to cut and assemble, reducing installation time and cost for large projects.<\/li>","product_chanpin_blog":"<ul>\r\r\n<li><a href=\"https:\/\/sinoextrud.com\/t-slot-v-slot-differences\/\" target=\"_blank\">t slot vs v slot<\/a><\/li>\r\r\n<li><a href=\"https:\/\/sinoextrud.com\/what-is-4040-aluminium-extrud\/\" target=\"_blank\">4040 aluminium extrusion<\/a><\/li>\r\r\n<li><a href=\"https:\/\/sinoextrud.com\/what-is-4040-aluminium-extrud\/\" target=\"_blank\">aluminum extrusions for industrial racks<\/a><\/li>\r\r\n<li><a href=\"https:\/\/sinoextrud.com\/powder-coating-aluminium-process\/\" target=\"_blank\">powder coating aluminium<\/a><\/li>\r\r\n<li><a href=\"https:\/\/sinoextrud.com\/what-is-an-aluminium-strip-ceiling\/\" target=\"_blank\">aluminium strip ceiling<\/a><\/li>\r\r\n<li><a href=\"https:\/\/sinoextrud.com\/what-is-a-heat-sink\/\" target=\"_blank\">what is a heat sink<\/a><\/li>\r\r\n<\/ul>","product_chanpin_chanpin":"<li><a href=\"https:\/\/sinoextrud.com\/product\/heatsink-aluminum-profiles\/\" target=\"_blank\">Heatsink Aluminum Profiles<\/a><\/li>\r\n<li><a href=\"https:\/\/sinoextrud.com\/product\/t-slot-aluminum-extrusion-profile-for-industrial-assembly-line\/\" target=\"_blank\">T Slot Aluminum Extrusion Profile For Industrial Assembly Line<\/a><\/li>\r\n<li><a href=\"https:\/\/sinoextrud.com\/product\/customized-led-strip-light-aluminium-profile-led-aluminum-extrusion\/\" target=\"_blank\">Customized LED Strip Light Aluminium Profile  LED Aluminum Extrusion<\/a><\/li>\r\n<li><a href=\"https:\/\/sinoextrud.com\/product\/industrial-aluminum-extrusion-profile\/\" target=\"_blank\">Industrial Aluminum Extrusion Profile<\/a><\/li>\r\n<li><a href=\"https:\/\/sinoextrud.com\/product\/j-section-aluminum-extrusion\/\" target=\"_blank\">J Section Aluminum Extrusion<\/a><\/li>\r\n<li><a href=\"https:\/\/sinoextrud.com\/product\/linear-rail-aluminum-extrusion\/\" target=\"_blank\">Linear Rail Aluminum Extrusion<\/a><\/li>\r\n<li><a href=\"https:\/\/sinoextrud.com\/product\/t-slot-aluminum-profile\/\" target=\"_blank\">T-slot Aluminum Profile<\/a><\/li>\r\n<li><a href=\"https:\/\/sinoextrud.com\/product\/t-shaped-aluminium-profile\/\" target=\"_blank\">T Shaped Aluminium Profile<\/a><\/li>\r\n<li><a href=\"https:\/\/sinoextrud.com\/product\/slotted-aluminum-extrusion\/\" target=\"_blank\">Slotted Aluminum Extrusion<\/a><\/li>\r\n<li><a href=\"https:\/\/sinoextrud.com\/product\/aluminum-extrusion-heat-profiles-sink\/\" target=\"_blank\">Aluminum Extrusion Heat Profiles Sink<\/a><\/li>\r\n<li><a href=\"https:\/\/sinoextrud.com\/product\/custom-aluminum-tongue-and-groove-extrusion\/\" target=\"_blank\">Custom Aluminum Tongue And Groove Extrusion<\/a><\/li>"},"feature_list":[]},"_links":{"self":[{"href":"https:\/\/sinoextrud.com\/hu\/wp-json\/wp\/v2\/product\/8056","targetHints":{"allow":["GET"]}}],"collection":[{"href":"https:\/\/sinoextrud.com\/hu\/wp-json\/wp\/v2\/product"}],"about":[{"href":"https:\/\/sinoextrud.com\/hu\/wp-json\/wp\/v2\/types\/product"}],"wp:featuredmedia":[{"embeddable":true,"href":"https:\/\/sinoextrud.com\/hu\/wp-json\/wp\/v2\/media\/8055"}],"wp:attachment":[{"href":"https:\/\/sinoextrud.com\/hu\/wp-json\/wp\/v2\/media?parent=8056"}],"wp:term":[{"taxonomy":"category","embeddable":true,"href":"https:\/\/sinoextrud.com\/hu\/wp-json\/wp\/v2\/categories?post=8056"}],"curies":[{"name":"wp","href":"https:\/\/api.w.org\/{rel}","templated":true}]}}