{"id":8050,"date":"2025-06-12T07:05:14","date_gmt":"2025-06-12T07:05:14","guid":{"rendered":"https:\/\/sinoextrud.com\/product\/t-slot-aluminum-extrusion-profile-for-industrial-assembly-line\/"},"modified":"2025-06-24T06:22:56","modified_gmt":"2025-06-24T06:22:56","slug":"t-res-aluminium-extrudalt-profil-ipari-szerelosorhoz","status":"publish","type":"product","link":"https:\/\/sinoextrud.com\/hu\/product\/t-slot-aluminum-extrusion-profile-for-industrial-assembly-line\/","title":{"rendered":"T Slot alum\u00ednium extrud\u00e1l\u00e1s profil ipari szerel\u0151sorhoz"},"content":{"rendered":"<h2>Term\u00e9kek r\u00e9szletei<\/h2>\n<table class=\"custom-table\">\n<tbody>\n<tr>\n<td> T\u00e9tel:<\/td>\n<td> T Slot alum\u00ednium extrud\u00e1l\u00e1s profil ipari szerel\u0151sorhoz<\/td>\n<td> \u00f6tv\u00f6zet:<\/td>\n<td> \u00d6tv\u00f6zet<\/td>\n<\/tr>\n<tr>\n<td> \u00d6tv\u00f6z\u0151 \u00f6sszetev\u0151:<\/td>\n<td> 6063<\/td>\n<td> Lelkiismeretesen:<\/td>\n<td> T3-T8<\/td>\n<\/tr>\n<tr>\n<td> Anyag:<\/td>\n<td> 6063\/6061\/6005\/6060 T5\/T6<\/td>\n<td> Oszt\u00e1ly:<\/td>\n<td> 6000-es sorozat<\/td>\n<\/tr>\n<tr>\n<td> Pol\u00edrozott alum\u00ednium profil:<\/td>\n<td> Mechanikai pol\u00edroz\u00e1s<\/td>\n<td> Garancia:<\/td>\n<td> 15-20 \u00e9v sz\u00edngarancia<\/td>\n<\/tr>\n<tr>\n<td> Term\u00e9kek t\u00edpusa:<\/td>\n<td> Ipari alum\u00ednium extrud\u00e1l\u00e1s profil<\/td>\n<td> T\u00edpus:<\/td>\n<td> Ablak \u00e9s ajt\u00f3 alum\u00ednium profil, Dekor\u00e1ci\u00f3s alum\u00ednium profil, H\u0151lead\u00f3 alum\u00ednium profil, \u00dcvegfal alum\u00ednium profil, Sz\u00e1ll\u00edt\u00e1si alum\u00ednium profil, Sz\u00e1ll\u00edt\u00f3 alum\u00ednium profil<\/td>\n<\/tr>\n<tr>\n<td> Fel\u00fcletkezel\u00e9s:<\/td>\n<td> Elox\u00e1l\u00e1s, porfest\u00e9s, fakezel\u00e9s, pol\u00edroz\u00e1s<\/td>\n<td> M\u00e9ret:<\/td>\n<td> ahogyan testreszabott<\/td>\n<\/tr>\n<tr>\n<td> V\u00e9djegy:<\/td>\n<td>Sinoextrud, OEM<\/td>\n<td> Specifik\u00e1ci\u00f3:<\/td>\n<td> Ahogy az \u00fcgyfelek k\u00e9rik<\/td>\n<\/tr>\n<\/tbody>\n<\/table>\n<h2>Gy\u00e1rt\u00f3 b\u00e1zisunk<\/h2>\n<h3>Gy\u00e1ri panor\u00e1ma<\/h3>\n<p><img decoding=\"async\" src=\"\/wp-content\/uploads\/factory-01.webp\"\/><\/p>\n<h3>Alum\u00ednium r\u00fadgy\u00e1rt\u00f3 m\u0171hely<\/h3>\n<p><img decoding=\"async\" src=\"\/wp-content\/uploads\/factory-02.webp\"\/><\/p>\n<\/p>\n<p><img decoding=\"async\" src=\"\/wp-content\/uploads\/factory-03.webp\"\/><\/p>\n<h3>Pen\u00e9sz rakt\u00e1r<\/h3>\n<p><img decoding=\"async\" src=\"\/wp-content\/uploads\/factory-04.webp\"\/><\/p>\n<h3>43 alum\u00ednium extrud\u00e1l\u00f3 vonal (500-5500 tonna)<\/h3>\n<p><img decoding=\"async\" src=\"\/wp-content\/uploads\/factory-05.webp\"\/><\/p>\n<p><img decoding=\"async\" src=\"\/wp-content\/uploads\/factory-06.webp\"\/><\/p>\n<p><img decoding=\"async\" src=\"\/wp-content\/uploads\/factory-07.webp\"\/><\/p>\n<h3>Porfest\u0151 m\u0171hely<\/h3>\n<p><img decoding=\"async\" src=\"\/wp-content\/uploads\/factory-09.webp\"\/><\/p>\n<h3>Anodiz\u00e1l\u00f3 m\u0171hely<\/h3>\n<p><img decoding=\"async\" src=\"\/wp-content\/uploads\/factory-10.webp\"\/><\/p>\n<h3>M\u00e9ly feldolgoz\u00e1si m\u0171hely<\/h3>\n<p><img decoding=\"async\" src=\"\/wp-content\/uploads\/factory-11.webp\"\/><\/p>\n<h3>CNC prec\u00edzi\u00f3s megmunk\u00e1l\u00f3 m\u0171hely<\/h3>\n<p><img decoding=\"async\" src=\"\/wp-content\/uploads\/factory-11.5.webp\"\/><\/p>\n<h3>K\u00e9szterm\u00e9k \u00e9s export rakt\u00e1r<\/h3>\n<p><img decoding=\"async\" src=\"\/wp-content\/uploads\/factory-12.webp\"\/><\/p>\n<p><img decoding=\"async\" src=\"\/wp-content\/uploads\/factory-13.webp\"\/><\/p>\n<p><img decoding=\"async\" src=\"\/wp-content\/uploads\/factory-14.webp\"\/><\/p>\n<h2>GYIK<\/h2>\n<p><b>1.Mire haszn\u00e1lj\u00e1k a T-ny\u00edl\u00e1s\u00fa alum\u00ednium extrud\u00e1lt profilokat az ipari szerel\u0151sorokon? <\/b><\/p>\n<p>A T-ny\u00edl\u00e1s\u00fa alum\u00ednium extrud\u00e1lt profilokat testreszabhat\u00f3, modul\u00e1ris szerkezetek, p\u00e9ld\u00e1ul munka\u00e1llom\u00e1sok, keretek \u00e9s ipari szerel\u0151sorok tart\u00f3szerkezeteinek l\u00e9trehoz\u00e1s\u00e1ra haszn\u00e1lj\u00e1k.\n<\/p>\n<p><\/p>\n<p><b>2.Mi\u00e9rt haszn\u00e1lj\u00e1k az alum\u00edniumot T-ny\u00edl\u00e1s\u00fa extrud\u00e1lt profilokhoz? <\/b><\/p>\n<p>Az alum\u00ednium k\u00f6nny\u0171, tart\u00f3s, korr\u00f3zi\u00f3\u00e1ll\u00f3 \u00e9s kiv\u00e1l\u00f3 szil\u00e1rds\u00e1ggal rendelkezik, \u00edgy ide\u00e1lis az ipari k\u00f6rnyezet rugalmas \u00e9s stabil szerkezeteinek \u00e9p\u00edt\u00e9s\u00e9hez.\n<\/p>\n<p><\/p>\n<p><b>3.Milyen el\u0151ny\u00f6kkel j\u00e1r a T-ny\u00edl\u00e1sos kialak\u00edt\u00e1s az ipari szerel\u0151sorok sz\u00e1m\u00e1ra? <\/b><\/p>\n<p>A T-ny\u00edl\u00e1sos kialak\u00edt\u00e1s lehet\u0151v\u00e9 teszi a k\u00fcl\u00f6nb\u00f6z\u0151 alkatr\u00e9szek k\u00f6nny\u0171 \u00e9s pontos \u00f6sszeszerel\u00e9s\u00e9t, \u00edgy a termel\u00e9si ig\u00e9nyek v\u00e1ltoz\u00e1s\u00e1val a rendszerek egyszer\u0171en m\u00f3dos\u00edthat\u00f3k vagy b\u0151v\u00edthet\u0151k.\n<\/p>\n<p><\/p>\n<p><b>4.Can T-ny\u00edl\u00e1s\u00fa alum\u00ednium extrud\u00e1lt profilok testre szabhat\u00f3ak az adott ipari ig\u00e9nyekhez? <\/b><\/p>\n<p>Igen, ezek a profilok m\u00e9ret\u00fck, alakjuk \u00e9s kialak\u00edt\u00e1suk tekintet\u00e9ben testre szabhat\u00f3k, hogy megfeleljenek a k\u00fcl\u00f6nb\u00f6z\u0151 szerel\u0151szalag-\u00f6ssze\u00e1ll\u00edt\u00e1sok \u00e9s konfigur\u00e1ci\u00f3k egyedi k\u00f6vetelm\u00e9nyeinek.\n<\/p>\n<p><\/p>\n<p><b>5.Hogyan jav\u00edtja az elox\u00e1lt fel\u00fclet a T-ny\u00edl\u00e1s\u00fa alum\u00ednium profilokat? <\/b><\/p>\n<p>Az elox\u00e1lt fel\u00fclet fokozza a korr\u00f3zi\u00f3\u00e1ll\u00f3s\u00e1got, n\u00f6velve a profilok hossz\u00fa \u00e9lettartam\u00e1t \u00e9s tart\u00f3ss\u00e1g\u00e1t, k\u00fcl\u00f6n\u00f6sen ig\u00e9nyes ipari k\u00f6rnyezetben.\n<\/p>\n<p><\/p>\n<p><b>6.A T-ny\u00edl\u00e1s\u00fa alum\u00ednium extrud\u00e1lt profilokat k\u00f6nny\u0171 telep\u00edteni? <\/b><\/p>\n<p>Igen, a T-ny\u00edl\u00e1sos rendszer lehet\u0151v\u00e9 teszi a gyors \u00e9s egyszer\u0171 \u00f6sszeszerel\u00e9st, id\u0151t takar\u00edt meg \u00e9s cs\u00f6kkenti a munkaer\u0151k\u00f6lts\u00e9geket az ipari rendszerek fel\u00e1ll\u00edt\u00e1sa vagy be\u00e1ll\u00edt\u00e1sa sor\u00e1n.\n<\/p>\n<p><\/p>\n<p><b>7.Hogyan jav\u00edtja az alum\u00ednium extrud\u00e1lt profilok haszn\u00e1lata a szerel\u0151sor hat\u00e9konys\u00e1g\u00e1t? <\/b><\/p>\n<p>Az alum\u00ednium sajtolt profilok haszn\u00e1lata lehet\u0151v\u00e9 teszi a munka\u00e1llom\u00e1sok \u00e9s t\u00e1maszok prec\u00edz, modul\u00e1ris fel\u00e9p\u00edt\u00e9s\u00e9t, jav\u00edtva a rendszer \u00e1ltal\u00e1nos rugalmass\u00e1g\u00e1t \u00e9s m\u0171k\u00f6d\u00e9si hat\u00e9konys\u00e1g\u00e1t.\n<\/p>\n<p><\/p>","protected":false},"featured_media":8049,"template":"","categories":[54],"class_list":["post-8050","product","type-product","status-publish","has-post-thumbnail","hentry","category-industrial-aluminum-profiles"],"meta_box":{"hilight_text_group":{"product_hilight_text":"<ul>\r\r\n  <li>T-slot aluminum extrusion profiles are ideal for building customizable, modular structures for industrial assembly lines.<\/li>\r\r\n  <li>Durable and lightweight, these profiles offer a strong yet flexible solution for creating custom workstations and machinery frames.<\/li>\r\r\n  <li>Corrosion-resistant anodized finish ensures long-lasting performance, even in harsh industrial environments.<\/li>\r\r\n  <li>Easy to assemble and modify, reducing setup time and allowing for quick adjustments as production needs change.<\/li>\r\r\n  <li>Compatible with a wide range of accessories and tools, enabling easy integration with existing assembly line systems.<\/li>\r\r\n  <li>Cost-effective and eco-friendly, as aluminum is recyclable and reduces material waste in the construction of industrial systems.<\/li>\r\r\n  <li>Precision-engineered for high stability and accuracy, improving the efficiency and reliability of industrial operations.<\/li>\r\r\n<\/ul>","product_chanpin_blog":"<ul>\r\r\n<li><a href=\"https:\/\/sinoextrud.com\/t-slot-v-slot-differences\/\" target=\"_blank\">t slot vs v slot<\/a><\/li>\r\r\n<li><a href=\"https:\/\/sinoextrud.com\/what-is-4040-aluminium-extrud\/\" target=\"_blank\">4040 aluminium extrusion<\/a><\/li>\r\r\n<li><a href=\"https:\/\/sinoextrud.com\/what-is-4040-aluminium-extrud\/\" target=\"_blank\">aluminum extrusions for industrial racks<\/a><\/li>\r\r\n<li><a href=\"https:\/\/sinoextrud.com\/powder-coating-aluminium-process\/\" target=\"_blank\">powder coating aluminium<\/a><\/li>\r\r\n<li><a href=\"https:\/\/sinoextrud.com\/what-is-an-aluminium-strip-ceiling\/\" target=\"_blank\">aluminium strip ceiling<\/a><\/li>\r\r\n<li><a href=\"https:\/\/sinoextrud.com\/what-is-a-heat-sink\/\" target=\"_blank\">what is a heat sink<\/a><\/li>\r\r\n<\/ul>","product_chanpin_chanpin":"<li><a href=\"https:\/\/sinoextrud.com\/product\/extruded-decorative-aluminum-railing-systems\/\" target=\"_blank\">Extruded Decorative Aluminum Railing Systems<\/a><\/li>\r\n<li><a href=\"https:\/\/sinoextrud.com\/product\/led-aluminum-profile-strip-heatsink\/\" target=\"_blank\">Led Aluminum Profile Strip Heatsink<\/a><\/li>\r\n<li><a href=\"https:\/\/sinoextrud.com\/product\/led-aluminum-profile-with-heatsink\/\" target=\"_blank\">Led Aluminum Profile With Heatsink<\/a><\/li>\r\n<li><a href=\"https:\/\/sinoextrud.com\/product\/heatsink-aluminum-profiles\/\" target=\"_blank\">Heatsink Aluminum Profiles<\/a><\/li>\r\n<li><a href=\"https:\/\/sinoextrud.com\/product\/t-slot-aluminum-extrusion-profile-for-industrial-assembly-line\/\" target=\"_blank\">T Slot Aluminum Extrusion Profile For Industrial Assembly Line<\/a><\/li>\r\n<li><a href=\"https:\/\/sinoextrud.com\/product\/customized-led-strip-light-aluminium-profile-led-aluminum-extrusion\/\" target=\"_blank\">Customized LED Strip Light Aluminium Profile  LED Aluminum Extrusion<\/a><\/li>\r\n<li><a href=\"https:\/\/sinoextrud.com\/product\/industrial-aluminum-extrusion-profile\/\" target=\"_blank\">Industrial Aluminum Extrusion Profile<\/a><\/li>\r\n<li><a href=\"https:\/\/sinoextrud.com\/product\/j-section-aluminum-extrusion\/\" target=\"_blank\">J Section Aluminum Extrusion<\/a><\/li>\r\n<li><a href=\"https:\/\/sinoextrud.com\/product\/linear-rail-aluminum-extrusion\/\" target=\"_blank\">Linear Rail Aluminum Extrusion<\/a><\/li>\r\n<li><a href=\"https:\/\/sinoextrud.com\/product\/item-modular-aluminium-profile-system\/\" target=\"_blank\">Item Modular Aluminium Profile System<\/a><\/li>\r\n<li><a href=\"https:\/\/sinoextrud.com\/product\/square-aluminium-extrusion\/\" target=\"_blank\">Square Aluminium Extrusion<\/a><\/li>"},"feature_list":[]},"_links":{"self":[{"href":"https:\/\/sinoextrud.com\/hu\/wp-json\/wp\/v2\/product\/8050","targetHints":{"allow":["GET"]}}],"collection":[{"href":"https:\/\/sinoextrud.com\/hu\/wp-json\/wp\/v2\/product"}],"about":[{"href":"https:\/\/sinoextrud.com\/hu\/wp-json\/wp\/v2\/types\/product"}],"wp:featuredmedia":[{"embeddable":true,"href":"https:\/\/sinoextrud.com\/hu\/wp-json\/wp\/v2\/media\/8049"}],"wp:attachment":[{"href":"https:\/\/sinoextrud.com\/hu\/wp-json\/wp\/v2\/media?parent=8050"}],"wp:term":[{"taxonomy":"category","embeddable":true,"href":"https:\/\/sinoextrud.com\/hu\/wp-json\/wp\/v2\/categories?post=8050"}],"curies":[{"name":"wp","href":"https:\/\/api.w.org\/{rel}","templated":true}]}}