{"id":8042,"date":"2025-06-12T06:52:07","date_gmt":"2025-06-12T06:52:07","guid":{"rendered":"https:\/\/sinoextrud.com\/product\/extruded-decorative-aluminum-railing-systems\/"},"modified":"2025-06-24T06:22:55","modified_gmt":"2025-06-24T06:22:55","slug":"extrudalt-dekorativ-aluminium-korlatrendszerek","status":"publish","type":"product","link":"https:\/\/sinoextrud.com\/hu\/product\/extruded-decorative-aluminum-railing-systems\/","title":{"rendered":"Extrud\u00e1lt dekorat\u00edv alum\u00ednium korl\u00e1trendszerek"},"content":{"rendered":"<h2>Term\u00e9kek r\u00e9szletei<\/h2>\n<table class=\"custom-table\">\n<tbody>\n<tr>\n<td> Oszt\u00e1ly:<\/td>\n<td> 6063 -t5<\/td>\n<\/tr>\n<tr>\n<td> Technika:<\/td>\n<td> Extrud\u00e1lt dekorat\u00edv alum\u00ednium korl\u00e1trendszerek<\/td>\n<\/tr>\n<tr>\n<td> Lelkiismeretesen:<\/td>\n<td> T3 - T8<\/td>\n<\/tr>\n<tr>\n<td> Megmunk\u00e1l\u00e1si szolg\u00e1ltat\u00e1sok:<\/td>\n<td> F\u00far\u00e1s, csavaroz\u00e1s, szegecsel\u00e9s, \u00f6sszeszerel\u00e9s stb.<\/td>\n<\/tr>\n<tr>\n<td> V\u00e9djegy:<\/td>\n<td> Sinoextrud Sinoextrud Sinoextrud <\/td>\n<\/tr>\n<tr>\n<td> T\u00edpus:<\/td>\n<td> Extrud\u00e1lt dekorat\u00edv alum\u00ednium korl\u00e1trendszerek<\/td>\n<\/tr>\n<tr>\n<td> Alak:<\/td>\n<td> K\u00e9sz\u00fclt az \u00fcgyfelek tervei szerint<\/td>\n<\/tr>\n<tr>\n<td> Fel\u00fcletkezel\u00e9s:<\/td>\n<td> Mill Finish elox\u00e1lt csiszolt<\/td>\n<\/tr>\n<tr>\n<td> Hossz\u00fas\u00e1g:<\/td>\n<td> 1m \u00e9s 9m k\u00f6z\u00f6tt hosszonk\u00e9nt<\/td>\n<\/tr>\n<tr>\n<td> Sz\u00ednek:<\/td>\n<td> Ez\u00fcst Fekete<\/td>\n<\/tr>\n<tr>\n<td> HS-k\u00f3d:<\/td>\n<td> 76042990<\/td>\n<\/tr>\n<\/tbody>\n<\/table>\n<h2>Gy\u00e1rt\u00f3 b\u00e1zisunk<\/h2>\n<h3>Gy\u00e1ri panor\u00e1ma<\/h3>\n<p><img decoding=\"async\" src=\"\/wp-content\/uploads\/factory-01.webp\"\/><\/p>\n<h3>Alum\u00ednium r\u00fadgy\u00e1rt\u00f3 m\u0171hely<\/h3>\n<p><img decoding=\"async\" src=\"\/wp-content\/uploads\/factory-02.webp\"\/><\/p>\n<p><img decoding=\"async\" src=\"\/wp-content\/uploads\/factory-03.webp\"\/><\/p>\n<h3>Pen\u00e9sz rakt\u00e1r<\/h3>\n<p><img decoding=\"async\" src=\"\/wp-content\/uploads\/factory-04.webp\"\/><\/p>\n<h3>43 alum\u00ednium extrud\u00e1l\u00f3 vonal (500-5500 tonna)<\/h3>\n<p><img decoding=\"async\" src=\"\/wp-content\/uploads\/factory-05.webp\"\/><\/p>\n<p><img decoding=\"async\" src=\"\/wp-content\/uploads\/factory-06.webp\"\/><\/p>\n<p><img decoding=\"async\" src=\"\/wp-content\/uploads\/factory-07.webp\"\/><\/p>\n<h3>Porfest\u0151 m\u0171hely<\/h3>\n<p><img decoding=\"async\" src=\"\/wp-content\/uploads\/factory-09.webp\"\/><\/p>\n<h3>Anodiz\u00e1l\u00f3 m\u0171hely<\/h3>\n<p><img decoding=\"async\" src=\"\/wp-content\/uploads\/factory-10.webp\"\/><\/p>\n<h3>M\u00e9ly feldolgoz\u00e1si m\u0171hely<\/h3>\n<p><img decoding=\"async\" src=\"\/wp-content\/uploads\/factory-11.webp\"\/><\/p>\n<h3>CNC prec\u00edzi\u00f3s megmunk\u00e1l\u00f3 m\u0171hely<\/h3>\n<p><img decoding=\"async\" src=\"\/wp-content\/uploads\/factory-11.5.webp\"\/><\/p>\n<h3>K\u00e9szterm\u00e9k \u00e9s export rakt\u00e1r<\/h3>\n<p><img decoding=\"async\" src=\"\/wp-content\/uploads\/factory-12.webp\"\/><\/p>\n<p><img decoding=\"async\" src=\"\/wp-content\/uploads\/factory-13.webp\"\/><\/p>\n<p><img decoding=\"async\" src=\"\/wp-content\/uploads\/factory-14.webp\"\/><\/p>\n<h2>GYIK<\/h2>\n<p><p><b>1. mire haszn\u00e1lj\u00e1k az extrud\u00e1lt dekorat\u00edv alum\u00ednium korl\u00e1trendszereket?<\/b><\/p>\n<p>Az extrud\u00e1lt dekorat\u00edv alum\u00ednium korl\u00e1trendszereket vizu\u00e1lisan vonz\u00f3 \u00e9s tart\u00f3s korl\u00e1tmegold\u00e1sok l\u00e9trehoz\u00e1s\u00e1ra haszn\u00e1lj\u00e1k mind a lak\u00f3-, mind a kereskedelmi ingatlanok sz\u00e1m\u00e1ra.<br \/>\n<\/p><br \/>\n<br \/>\n<p><b>2.Mi\u00e9rt j\u00f3 v\u00e1laszt\u00e1s az alum\u00ednium a dekorat\u00edv korl\u00e1tokhoz?<\/b><\/p>\n<p>Az alum\u00ednium k\u00f6nny\u0171, korr\u00f3zi\u00f3\u00e1ll\u00f3 \u00e9s er\u0151s, \u00edgy ide\u00e1lis anyag a dekorat\u00edv korl\u00e1tok sz\u00e1m\u00e1ra, amelyeknek j\u00f3l kell teljes\u00edteni\u00fck, ugyanakkor id\u0151vel meg kell \u0151rizni\u00fck megjelen\u00e9s\u00fcket.<br \/>\n<\/p><br \/>\n<br \/>\n<p><b>3.Can Extrud\u00e1lt dekorat\u00edv alum\u00ednium korl\u00e1trendszerek testreszabhat\u00f3?<\/b><\/p>\n<p>Igen, ezek a korl\u00e1trendszerek testre szabhat\u00f3k az alak, a m\u00e9ret \u00e9s a kivitel tekintet\u00e9ben, hogy megfeleljenek az adott \u00e9p\u00edt\u00e9szeti kialak\u00edt\u00e1soknak \u00e9s eszt\u00e9tikai preferenci\u00e1knak.<br \/>\n<\/p><br \/>\n<br \/>\n<p><b>4.Alkalmasak-e az extrud\u00e1lt dekorat\u00edv alum\u00ednium korl\u00e1trendszerek k\u00fclt\u00e9ri haszn\u00e1latra?<\/b><\/p>\n<p>Igen, korr\u00f3zi\u00f3\u00e1ll\u00f3 \u00e9s id\u0151j\u00e1r\u00e1s\u00e1ll\u00f3 tulajdons\u00e1gaiknak k\u00f6sz\u00f6nhet\u0151en t\u00f6k\u00e9letesen alkalmasak k\u00fclt\u00e9ri haszn\u00e1latra, ellen\u00e1llnak a zord k\u00f6rnyezeti k\u00f6r\u00fclm\u00e9nyeknek.<br \/>\n<\/p><br \/>\n<br \/>\n<p><b>5.Hogyan jav\u00edtj\u00e1k a biztons\u00e1got az extrud\u00e1lt dekorat\u00edv alum\u00ednium korl\u00e1trendszerek?<\/b><\/p>\n<p>Ezek a korl\u00e1trendszerek robusztus szerkezeti tart\u00e1st ny\u00fajtanak, biztos\u00edtva a biztons\u00e1got, mik\u00f6zben eleg\u00e1ns diz\u00e1jnnal eg\u00e9sz\u00edtik ki a k\u00f6rnyez\u0151 \u00e9p\u00edt\u00e9szetet.<br \/>\n<\/p><br \/>\n<br \/>\n<p><b>6.Ezek a korl\u00e1trendszerek alacsony karbantart\u00e1si ig\u00e9ny\u0171ek?<\/b><\/p>\n<p>Igen, az extrud\u00e1lt dekorat\u00edv alum\u00ednium korl\u00e1trendszerek korr\u00f3zi\u00f3\u00e1ll\u00f3s\u00e1guknak \u00e9s tart\u00f3s fel\u00fclet\u00fcknek k\u00f6sz\u00f6nhet\u0151en minim\u00e1lis karbantart\u00e1st ig\u00e9nyelnek, \u00edgy id\u0151vel k\u00f6lts\u00e9ghat\u00e9konyak lesznek.<br \/>\n<\/p><br \/>\n<br \/>\n<p><b>7.Milyen ipar\u00e1gak r\u00e9szes\u00fclnek az extrud\u00e1lt dekorat\u00edv alum\u00ednium korl\u00e1trendszerekb\u0151l?<\/b><\/p>\n<p>Az olyan ipar\u00e1gak, mint az \u00e9p\u00edt\u0151ipar, az \u00e9p\u00edt\u00e9szet \u00e9s az ingatlan\u00fcgyletek egyar\u00e1nt haszn\u00e1t veszik ezeknek a korl\u00e1trendszereknek, amelyek mind dekorat\u00edv, mind funkcion\u00e1lis c\u00e9lokra szolg\u00e1lnak a kereskedelmi \u00e9s lak\u00f3projektekben.<br \/>\n<\/p><br \/><\/p>","protected":false},"featured_media":8041,"template":"","categories":[54],"class_list":["post-8042","product","type-product","status-publish","has-post-thumbnail","hentry","category-industrial-aluminum-profiles"],"meta_box":{"hilight_text_group":{"product_hilight_text":"<li>Elegant design with high-strength aluminum for both aesthetics and durability.<\/li>\r\r\n<li>Corrosion-resistant and weatherproof, making it ideal for outdoor and high-moisture environments.<\/li>\r\r\n<li>Customizable profiles to suit various architectural and decorative needs.<\/li>\r\r\n<li>Low maintenance requirements, ensuring long-term beauty and performance.<\/li>\r\r\n<li>Easy installation with lightweight components, reducing labor and setup costs.<\/li>","product_chanpin_blog":"<ul>\r\r\n<li><a href=\"https:\/\/sinoextrud.com\/t-slot-v-slot-differences\/\" target=\"_blank\">t slot vs v slot<\/a><\/li>\r\r\n<li><a href=\"https:\/\/sinoextrud.com\/what-is-4040-aluminium-extrud\/\" target=\"_blank\">4040 aluminium extrusion<\/a><\/li>\r\r\n<li><a href=\"https:\/\/sinoextrud.com\/what-is-4040-aluminium-extrud\/\" target=\"_blank\">aluminum extrusions for industrial racks<\/a><\/li>\r\r\n<li><a href=\"https:\/\/sinoextrud.com\/powder-coating-aluminium-process\/\" target=\"_blank\">powder coating aluminium<\/a><\/li>\r\r\n<li><a href=\"https:\/\/sinoextrud.com\/what-is-an-aluminium-strip-ceiling\/\" target=\"_blank\">aluminium strip ceiling<\/a><\/li>\r\r\n<li><a href=\"https:\/\/sinoextrud.com\/what-is-a-heat-sink\/\" target=\"_blank\">what is a heat sink<\/a><\/li>\r\r\n<\/ul>","product_chanpin_chanpin":"<li><a href=\"https:\/\/sinoextrud.com\/product\/t-slot-extruded-aluminum-profile-cutting-for-sale-by-weight-of-aluminum-section-open-extrusion-die\/\" target=\"_blank\">t slot extruded aluminum profile cutting for sale by weight of aluminum section open extrusion die<\/a><\/li>\r\n<li><a href=\"https:\/\/sinoextrud.com\/product\/oem-aluminum-extusion-profile-led-light-strip-channel\/\" target=\"_blank\">OEM Aluminum Extusion Profile Led Light strip channel<\/a><\/li>\r\n<li><a href=\"https:\/\/sinoextrud.com\/product\/extruded-aluminum-shelving\/\" target=\"_blank\">Extruded Aluminum Shelving<\/a><\/li>\r\n<li><a href=\"https:\/\/sinoextrud.com\/product\/extruded-aluminum-structural-framing\/\" target=\"_blank\">Extruded Aluminum Structural Framing<\/a><\/li>\r\n<li><a href=\"https:\/\/sinoextrud.com\/product\/extruded-decorative-aluminum-railing-systems\/\" target=\"_blank\">Extruded Decorative Aluminum Railing Systems<\/a><\/li>\r\n<li><a href=\"https:\/\/sinoextrud.com\/product\/led-aluminum-profile-strip-heatsink\/\" target=\"_blank\">Led Aluminum Profile Strip Heatsink<\/a><\/li>\r\n<li><a href=\"https:\/\/sinoextrud.com\/product\/led-aluminum-profile-with-heatsink\/\" target=\"_blank\">Led Aluminum Profile With Heatsink<\/a><\/li>\r\n<li><a href=\"https:\/\/sinoextrud.com\/product\/heatsink-aluminum-profiles\/\" target=\"_blank\">Heatsink Aluminum Profiles<\/a><\/li>\r\n<li><a href=\"https:\/\/sinoextrud.com\/product\/t-slot-aluminum-extrusion-profile-for-industrial-assembly-line\/\" target=\"_blank\">T Slot Aluminum Extrusion Profile For Industrial Assembly Line<\/a><\/li>\r\n<li><a href=\"https:\/\/sinoextrud.com\/product\/h-channel-aluminum-extrusion\/\" target=\"_blank\">H Channel Aluminum Extrusion<\/a><\/li>\r\n<li><a href=\"https:\/\/sinoextrud.com\/product\/high-precision-aluminum-extrusion-profile-cnc-machining-accessory-parts\/\" target=\"_blank\">High Precision Aluminum extrusion Profile CNC Machining Accessory Parts<\/a><\/li>"},"feature_list":[]},"_links":{"self":[{"href":"https:\/\/sinoextrud.com\/hu\/wp-json\/wp\/v2\/product\/8042","targetHints":{"allow":["GET"]}}],"collection":[{"href":"https:\/\/sinoextrud.com\/hu\/wp-json\/wp\/v2\/product"}],"about":[{"href":"https:\/\/sinoextrud.com\/hu\/wp-json\/wp\/v2\/types\/product"}],"wp:featuredmedia":[{"embeddable":true,"href":"https:\/\/sinoextrud.com\/hu\/wp-json\/wp\/v2\/media\/8041"}],"wp:attachment":[{"href":"https:\/\/sinoextrud.com\/hu\/wp-json\/wp\/v2\/media?parent=8042"}],"wp:term":[{"taxonomy":"category","embeddable":true,"href":"https:\/\/sinoextrud.com\/hu\/wp-json\/wp\/v2\/categories?post=8042"}],"curies":[{"name":"wp","href":"https:\/\/api.w.org\/{rel}","templated":true}]}}