{"id":8036,"date":"2025-06-12T06:46:54","date_gmt":"2025-06-12T06:46:54","guid":{"rendered":"https:\/\/sinoextrud.com\/product\/oem-aluminum-extusion-profile-led-light-strip-channel\/"},"modified":"2025-06-24T06:22:54","modified_gmt":"2025-06-24T06:22:54","slug":"oem-aluminium-extuzios-profil-vezetett-fenyszalag-csatorna","status":"publish","type":"product","link":"https:\/\/sinoextrud.com\/hu\/product\/oem-aluminum-extusion-profile-led-light-strip-channel\/","title":{"rendered":"OEM alum\u00ednium ext\u00fazi\u00f3s profil Led f\u00e9nyszalag csatorna"},"content":{"rendered":"<h2>Term\u00e9kek r\u00e9szletei<\/h2>\n<table class=\"custom-table\">\n<tbody>\n<tr>\n<td>           Fel\u00fcletkezel\u00e9s<\/td>\n<td>           Elox\u00e1l\u00e1s, pol\u00edroz\u00e1s, ig\u00e9ny szerint<\/td>\n<\/tr>\n<tr>\n<td>           Anyag \u00e9s h\u0151m\u00e9rs\u00e9klet<\/td>\n<td>           6063-T5, 6061-T6 \u00f6tv\u00f6zet<\/td>\n<\/tr>\n<tr>\n<td>           Hossz\u00fas\u00e1g<\/td>\n<td>           5.8M vagy testreszabott<\/td>\n<\/tr>\n<tr>\n<td>           Sz\u00ednes<\/td>\n<td>           Sliver, bronz, pezsg\u0151, vagy k\u00e9r\u00e9s szerint<\/td>\n<\/tr>\n<tr>\n<td>           Vastags\u00e1g<\/td>\n<td>           Testreszabott<\/td>\n<\/tr>\n<tr>\n<td>           Fokozat<\/td>\n<td>           6000-es sorozat<\/td>\n<\/tr>\n<tr>\n<td>           Alkalmaz\u00e1s<\/td>\n<td>           \u00c9p\u00edt\u00e9szeti alum\u00ednium, \u00c1ltal\u00e1nos ipari alum\u00ednium<\/td>\n<\/tr>\n<tr>\n<td>           T\u00edpus<\/td>\n<td>           6063<\/td>\n<\/tr>\n<tr>\n<td>           Fel\u00fcletkezel\u00e9s<\/td>\n<td>           Elox\u00e1lt alum\u00ednium<\/td>\n<\/tr>\n<tr>\n<td>           \u00d6tv\u00f6zet vagy sem<\/td>\n<td>           Az \u00f6tv\u00f6zet<\/td>\n<\/tr>\n<tr>\n<td>           Temper<\/td>\n<td>           T3-T8<\/td>\n<\/tr>\n<tr>\n<td>           Shape<\/td>\n<td>           az \u00d6n ig\u00e9nyei szerint<\/td>\n<\/tr>\n<\/tbody>\n<\/table>\n<h2>Gy\u00e1rt\u00f3 b\u00e1zisunk<\/h2>\n<h3>Gy\u00e1ri panor\u00e1ma<\/h3>\n<p><img decoding=\"async\" src=\"\/wp-content\/uploads\/factory-01.webp\"\/><\/p>\n<h3>Alum\u00ednium r\u00fadgy\u00e1rt\u00f3 m\u0171hely<\/h3>\n<p><img decoding=\"async\" src=\"\/wp-content\/uploads\/factory-02.webp\"\/><\/p>\n<p><img decoding=\"async\" src=\"\/wp-content\/uploads\/factory-03.webp\"\/><\/p>\n<h3>Pen\u00e9sz rakt\u00e1r<\/h3>\n<p><img decoding=\"async\" src=\"\/wp-content\/uploads\/factory-04.webp\"\/><\/p>\n<h3>43 alum\u00ednium extrud\u00e1l\u00f3 vonal (500-5500 tonna)<\/h3>\n<p><img decoding=\"async\" src=\"\/wp-content\/uploads\/factory-05.webp\"\/><\/p>\n<p><img decoding=\"async\" src=\"\/wp-content\/uploads\/factory-06.webp\"\/><\/p>\n<p><img decoding=\"async\" src=\"\/wp-content\/uploads\/factory-07.webp\"\/><\/p>\n<h3>Porfest\u0151 m\u0171hely<\/h3>\n<p><img decoding=\"async\" src=\"\/wp-content\/uploads\/factory-09.webp\"\/><\/p>\n<h3>Anodiz\u00e1l\u00f3 m\u0171hely<\/h3>\n<p><img decoding=\"async\" src=\"\/wp-content\/uploads\/factory-10.webp\"\/><\/p>\n<h3>M\u00e9ly feldolgoz\u00e1si m\u0171hely<\/h3>\n<p><img decoding=\"async\" src=\"\/wp-content\/uploads\/factory-11.webp\"\/><\/p>\n<h3>CNC prec\u00edzi\u00f3s megmunk\u00e1l\u00f3 m\u0171hely<\/h3>\n<p><img decoding=\"async\" src=\"\/wp-content\/uploads\/factory-11.5.webp\"\/><\/p>\n<h3>K\u00e9szterm\u00e9k \u00e9s export rakt\u00e1r<\/h3>\n<p><img decoding=\"async\" src=\"\/wp-content\/uploads\/factory-12.webp\"\/><\/p>\n<p><img decoding=\"async\" src=\"\/wp-content\/uploads\/factory-13.webp\"\/><\/p>\n<p><img decoding=\"async\" src=\"\/wp-content\/uploads\/factory-14.webp\"\/><\/p>\n<h2>GYIK<\/h2>\n<p><p><b>1.Mi az els\u0151dleges anyag, amelyet az OEM alum\u00ednium extrud\u00e1lt profilban haszn\u00e1lnak a LED-es f\u00e9nycs\u00edkcsatorn\u00e1khoz? <\/b><\/p>\n<p>Az OEM alum\u00ednium extrud\u00e1lt profil kiv\u00e1l\u00f3 min\u0151s\u00e9g\u0171 alum\u00edniumb\u00f3l k\u00e9sz\u00fcl, amely kiv\u00e1l\u00f3 tart\u00f3ss\u00e1got \u00e9s h\u0151elvezet\u00e9st biztos\u00edt a LED-es l\u00e1mp\u00e1k sz\u00e1m\u00e1ra.<br \/>\n<\/p><br \/>\n<br \/>\n<p><b>2.Mik az el\u0151nyei az alum\u00ednium haszn\u00e1lat\u00e1nak a LED-es f\u00e9nycs\u00edk csatorn\u00e1khoz? <\/b><\/p>\n<p>Az alum\u00ednium korr\u00f3zi\u00f3\u00e1ll\u00f3, k\u00f6nny\u0171, \u00e9s kiv\u00e1l\u00f3 h\u0151elvezet\u0151 tulajdons\u00e1gokkal rendelkezik, ami seg\u00edt a LED-l\u00e1mp\u00e1k \u00e9lettartam\u00e1nak meghosszabb\u00edt\u00e1s\u00e1ban.<br \/>\n<\/p><br \/>\n<br \/>\n<p><b>3.Can az OEM alum\u00ednium extrud\u00e1lt profil testre szabhat\u00f3 a k\u00fcl\u00f6nb\u00f6z\u0151 LED szalagm\u00e9retekhez? <\/b><\/p>\n<p>Igen, az OEM alum\u00ednium extrud\u00e1lt profil testre szabhat\u00f3 a LED szalagok sz\u00e9les v\u00e1laszt\u00e9k\u00e1hoz, \u00edgy sokoldal\u00fa vil\u00e1g\u00edt\u00e1si megold\u00e1ss\u00e1 v\u00e1lik.<br \/>\n<\/p><br \/>\n<br \/>\n<p><b>4.Az alum\u00ednium extrud\u00e1lt profil telep\u00edt\u00e9se a LED szalagokhoz k\u00f6nny\u0171? <\/b><\/p>\n<p>Igen, az alum\u00ednium extrud\u00e1lt profil egyszer\u0171 telep\u00edt\u00e9sre lett tervezve, minim\u00e1lis szersz\u00e1mot ig\u00e9nyel, \u00e9s cs\u00f6kkenti a telep\u00edt\u00e9si id\u0151t \u00e9s k\u00f6lts\u00e9geket.<br \/>\n<\/p><br \/>\n<br \/>\n<p><b>5.Mik a h\u0151elvezet\u00e9s el\u0151nyei a LED-es f\u00e9nycs\u00edkcsatorn\u00e1kban? <\/b><\/p>\n<p>A hat\u00e9kony h\u0151elvezet\u00e9s biztos\u00edtja, hogy a LED-cs\u00edkok a t\u00falmeleged\u00e9s megakad\u00e1lyoz\u00e1s\u00e1val optim\u00e1lis teljes\u00edtm\u00e9nyt \u00e9s hosszabb \u00e9lettartamot biztos\u00edtsanak.<br \/>\n<\/p><br \/>\n<br \/>\n<p><b>6.Can az alum\u00ednium extrud\u00e1lt profil haszn\u00e1lhat\u00f3 mind belt\u00e9ri, mind k\u00fclt\u00e9ri alkalmaz\u00e1sokhoz? <\/b><\/p>\n<p>Igen, az alum\u00ednium extrud\u00e1lt profil alkalmas mind belt\u00e9ri, mind k\u00fclt\u00e9ri alkalmaz\u00e1sra, rugalmass\u00e1got k\u00edn\u00e1lva a k\u00fcl\u00f6nb\u00f6z\u0151 vil\u00e1g\u00edt\u00e1si projektekhez.<br \/>\n<\/p><br \/>\n<br \/>\n<p><b>7.Az OEM alum\u00ednium extrud\u00e1lt profil k\u00fcl\u00f6nb\u00f6z\u0151 kivitelben kaphat\u00f3? <\/b><\/p>\n<p>Igen, az alum\u00ednium extrud\u00e1lt profil k\u00fcl\u00f6nb\u00f6z\u0151 kivitelben kaphat\u00f3, \u00edgy \u00d6n kiv\u00e1laszthatja a k\u00f6rnyezet\u00e9nek megfelel\u0151 eszt\u00e9tik\u00e1t.<br \/>\n<\/p><br \/><\/p>","protected":false},"featured_media":8035,"template":"","categories":[54],"class_list":["post-8036","product","type-product","status-publish","has-post-thumbnail","hentry","category-industrial-aluminum-profiles"],"meta_box":{"hilight_text_group":{"product_hilight_text":"<ul>\r\r\n  <li>High-quality OEM aluminum extrusion profile for durable LED light strip channels.<\/li>\r\r\n  <li>Efficient heat dissipation to extend LED lifespan and maintain optimal performance.<\/li>\r\r\n  <li>Customizable design to fit various LED strip sizes for versatile lighting solutions.<\/li>\r\r\n  <li>Easy installation with minimal tools required, saving time and labor costs.<\/li>\r\r\n  <li>Corrosion-resistant and lightweight aluminum, ensuring long-term reliability.<\/li>\r\r\n  <li>Perfect for both indoor and outdoor applications, enhancing flexibility in design.<\/li>\r\r\n  <li>Available in various finishes, offering aesthetic versatility for different environments.<\/li>\r\r\n<\/ul>","product_chanpin_blog":"<ul>\r\r\n<li><a href=\"https:\/\/sinoextrud.com\/t-slot-v-slot-differences\/\" target=\"_blank\">t slot vs v slot<\/a><\/li>\r\r\n<li><a href=\"https:\/\/sinoextrud.com\/what-is-4040-aluminium-extrud\/\" target=\"_blank\">4040 aluminium extrusion<\/a><\/li>\r\r\n<li><a href=\"https:\/\/sinoextrud.com\/what-is-4040-aluminium-extrud\/\" target=\"_blank\">aluminum extrusions for industrial racks<\/a><\/li>\r\r\n<li><a href=\"https:\/\/sinoextrud.com\/powder-coating-aluminium-process\/\" target=\"_blank\">powder coating aluminium<\/a><\/li>\r\r\n<li><a href=\"https:\/\/sinoextrud.com\/what-is-an-aluminium-strip-ceiling\/\" target=\"_blank\">aluminium strip ceiling<\/a><\/li>\r\r\n<li><a href=\"https:\/\/sinoextrud.com\/what-is-a-heat-sink\/\" target=\"_blank\">what is a heat sink<\/a><\/li>\r\r\n<\/ul>","product_chanpin_chanpin":"<li><a href=\"https:\/\/sinoextrud.com\/product\/extruded-aluminum-electronic-enclosures\/\" target=\"_blank\">Extruded Aluminum Electronic Enclosures<\/a><\/li>\r\n<li><a href=\"https:\/\/sinoextrud.com\/product\/extruded-aluminum-for-outdoor-light-heat-sink\/\" target=\"_blank\">Extruded Aluminum For Outdoor Light Heat Sink<\/a><\/li>\r\n<li><a href=\"https:\/\/sinoextrud.com\/product\/t-aluminum-profile\/\" target=\"_blank\">T Aluminum Profile<\/a><\/li>\r\n<li><a href=\"https:\/\/sinoextrud.com\/product\/t-slot-extruded-aluminum-profile-cutting-for-sale-by-weight-of-aluminum-section-open-extrusion-die\/\" target=\"_blank\">t slot extruded aluminum profile cutting for sale by weight of aluminum section open extrusion die<\/a><\/li>\r\n<li><a href=\"https:\/\/sinoextrud.com\/product\/oem-aluminum-extusion-profile-led-light-strip-channel\/\" target=\"_blank\">OEM Aluminum Extusion Profile Led Light strip channel<\/a><\/li>\r\n<li><a href=\"https:\/\/sinoextrud.com\/product\/extruded-aluminum-shelving\/\" target=\"_blank\">Extruded Aluminum Shelving<\/a><\/li>\r\n<li><a href=\"https:\/\/sinoextrud.com\/product\/extruded-aluminum-structural-framing\/\" target=\"_blank\">Extruded Aluminum Structural Framing<\/a><\/li>\r\n<li><a href=\"https:\/\/sinoextrud.com\/product\/extruded-decorative-aluminum-railing-systems\/\" target=\"_blank\">Extruded Decorative Aluminum Railing Systems<\/a><\/li>\r\n<li><a href=\"https:\/\/sinoextrud.com\/product\/led-aluminum-profile-strip-heatsink\/\" target=\"_blank\">Led Aluminum Profile Strip Heatsink<\/a><\/li>\r\n<li><a href=\"https:\/\/sinoextrud.com\/product\/aluminum-handrail-systems\/\" target=\"_blank\">Aluminum Handrail Systems<\/a><\/li>\r\n<li><a href=\"https:\/\/sinoextrud.com\/product\/80-x-80-aluminium-extrusion\/\" target=\"_blank\">80 X 80 Aluminium Extrusion<\/a><\/li>"},"feature_list":[]},"_links":{"self":[{"href":"https:\/\/sinoextrud.com\/hu\/wp-json\/wp\/v2\/product\/8036","targetHints":{"allow":["GET"]}}],"collection":[{"href":"https:\/\/sinoextrud.com\/hu\/wp-json\/wp\/v2\/product"}],"about":[{"href":"https:\/\/sinoextrud.com\/hu\/wp-json\/wp\/v2\/types\/product"}],"wp:featuredmedia":[{"embeddable":true,"href":"https:\/\/sinoextrud.com\/hu\/wp-json\/wp\/v2\/media\/8035"}],"wp:attachment":[{"href":"https:\/\/sinoextrud.com\/hu\/wp-json\/wp\/v2\/media?parent=8036"}],"wp:term":[{"taxonomy":"category","embeddable":true,"href":"https:\/\/sinoextrud.com\/hu\/wp-json\/wp\/v2\/categories?post=8036"}],"curies":[{"name":"wp","href":"https:\/\/api.w.org\/{rel}","templated":true}]}}