{"id":8030,"date":"2025-06-12T06:38:42","date_gmt":"2025-06-12T06:38:42","guid":{"rendered":"https:\/\/sinoextrud.com\/product\/extruded-aluminum-for-outdoor-light-heat-sink\/"},"modified":"2025-06-24T06:22:53","modified_gmt":"2025-06-24T06:22:53","slug":"extrudalt-aluminium-kulteri-konnyu-hutoborda","status":"publish","type":"product","link":"https:\/\/sinoextrud.com\/hu\/product\/extruded-aluminum-for-outdoor-light-heat-sink\/","title":{"rendered":"Extrud\u00e1lt alum\u00ednium k\u00fclt\u00e9ri k\u00f6nny\u0171 h\u0171t\u0151bord\u00e1khoz"},"content":{"rendered":"<h2>Term\u00e9kek r\u00e9szletei<\/h2>\n<table class=\"custom-table\">\n<tr>\n<td class=\"label\">T\u00e9tel<\/td>\n<td>Extrud\u00e1lt alum\u00ednium k\u00fclt\u00e9ri k\u00f6nny\u0171 h\u0171t\u0151bord\u00e1khoz<\/td>\n<\/tr>\n<tr>\n<td class=\"label\">Anyag<\/td>\n<td>6061 \u00e9s 6063 alum\u00ednium \u00f6tv\u00f6zet (EN AW-6061\/6063 szabv\u00e1ny)<\/td>\n<\/tr>\n<tr>\n<td class=\"label\">H\u0151vezet\u0151 k\u00e9pess\u00e9g<\/td>\n<td>150-180 W\/m-K (kiv\u00e1l\u00f3 h\u0151elvezet\u00e9si tulajdons\u00e1gok)<\/td>\n<\/tr>\n<tr>\n<td class=\"label\">Szak\u00edt\u00f3szil\u00e1rds\u00e1g<\/td>\n<td>- 6061: 124-290 MPa (18-42 ksi)<br \/>\n- 6063: 130-240 MPa (19-35 ksi)<\/td>\n<\/tr>\n<tr>\n<td class=\"label\">Ny\u00fal\u00e1sszil\u00e1rds\u00e1g<\/td>\n<td>- 6061: 55-276 MPa (8-40 ksi)<br \/>\n- 6063: 50-240 MPa (7-35 ksi)<\/td>\n<\/tr>\n<tr>\n<td class=\"label\">Korr\u00f3zi\u00f3\u00e1ll\u00f3s\u00e1g<\/td>\n<td>Kiv\u00e1l\u00f3 korr\u00f3zi\u00f3\u00e1ll\u00f3s\u00e1g, alkalmas a zord k\u00fclt\u00e9ri k\u00f6rnyezetben val\u00f3 haszn\u00e1latra<\/td>\n<\/tr>\n<tr>\n<td class=\"label\">Fel\u00fcletkezel\u00e9s<\/td>\n<td>- Elox\u00e1l\u00e1s (sz\u00edn testreszab\u00e1sa el\u00e9rhet\u0151)<br \/>\n- Porsz\u00f3r\u00e1s (100+ RAL sz\u00edn)<br \/>\n- Pol\u00edroz\u00e1s\/kef\u00e9l\u00e9s<\/td>\n<\/tr>\n<tr>\n<td class=\"label\">M\u00e9retek<\/td>\n<td>- Sz\u00e9less\u00e9g: testreszabhat\u00f3 (jellemz\u0151en 50-300 mm)<br \/>\n- Magass\u00e1g: (jellemz\u0151en 20-150 mm)<br \/>\n- Hossz\u00fas\u00e1g: (egyedi hossz\u00fas\u00e1gok rendelhet\u0151k)<\/td>\n<\/tr>\n<tr>\n<td class=\"label\">Falvastags\u00e1g<\/td>\n<td>2,0-10,0 mm (a tervez\u00e9si k\u00f6vetelm\u00e9nyek alapj\u00e1n testre szabhat\u00f3)<\/td>\n<\/tr>\n<tr>\n<td class=\"label\">Toleranci\u00e1k<\/td>\n<td>- M\u00e9ret: \u00b10,1 mm (l\u00e9zerrel ellen\u0151rizve)<br \/>\n- Laposs\u00e1g: \u22640,2 mm\/m<\/td>\n<\/tr>\n<tr>\n<td class=\"label\">S\u00faly<\/td>\n<td>K\u00f6nny\u0171, kb. 2,7 g\/cm3 (kialak\u00edt\u00e1st\u00f3l f\u00fcgg\u0151en v\u00e1ltozik)<\/td>\n<\/tr>\n<tr>\n<td class=\"label\">H\u0151kezel\u00e9s<\/td>\n<td>T6 edz\u00e9s a fokozott szil\u00e1rds\u00e1g \u00e9s tart\u00f3ss\u00e1g \u00e9rdek\u00e9ben<\/td>\n<\/tr>\n<tr>\n<td class=\"label\">CNC megmunk\u00e1l\u00e1s<\/td>\n<td>- Prec\u00edzi\u00f3s v\u00e1g\u00e1s, f\u00far\u00e1s \u00e9s mar\u00e1s<br \/>\n- Egyedi furatok, hornyok \u00e9s menetek rendelhet\u0151k<\/td>\n<\/tr>\n<tr>\n<td class=\"label\">Fel\u00fcletkezel\u00e9s<\/td>\n<td>- Elox\u00e1l\u00e1s: 10-25 \u03bcm vastags\u00e1g, t\u00f6bb mint 1 000 \u00f3r\u00e1s s\u00f3spray-\u00e1ll\u00f3s\u00e1g (ASTM B117)<br \/>\n- Porbevonat: 60-80 \u03bcm vastags\u00e1g\u00fa, karc\u00e1ll\u00f3<\/td>\n<\/tr>\n<tr>\n<td class=\"label\">Csomagol\u00e1s<\/td>\n<td>- Habos\u00edtott kartondobozok sarokv\u00e9d\u0151kkel<br \/>\n- Egyedi csomagol\u00e1s t\u00f6r\u00e9keny alkatr\u00e9szek sz\u00e1m\u00e1ra<\/td>\n<\/tr>\n<tr>\n<td class=\"label\">Tan\u00fas\u00edtv\u00e1nyok<\/td>\n<td>ISO 9001 (min\u0151s\u00e9gir\u00e1ny\u00edt\u00e1s), ISO 14001 (k\u00f6rnyezetir\u00e1ny\u00edt\u00e1s), RoHS-megfelel\u0151s\u00e9g<\/td>\n<\/tr>\n<tr>\n<td class=\"label\">Alkalmaz\u00e1sok<\/td>\n<td>- K\u00f6zvil\u00e1g\u00edt\u00e1s<br \/>\n- F\u00e9nysz\u00f3r\u00f3k<br \/>\n- Kerti \u00e9s t\u00e1jk\u00e9pi vil\u00e1g\u00edt\u00e1s<br \/>\n- \u00c9p\u00edt\u00e9szeti vil\u00e1g\u00edt\u00e1s<br \/>\n- Ipari vil\u00e1g\u00edt\u00e1s<\/td>\n<\/tr>\n<\/table>\n<h2>Gy\u00e1rt\u00f3 b\u00e1zisunk<\/h2>\n<h3>Gy\u00e1ri panor\u00e1ma<\/h3>\n<p><img decoding=\"async\" src=\"\/wp-content\/uploads\/factory-01.webp\"\/><\/p>\n<h3>Alum\u00ednium r\u00fadgy\u00e1rt\u00f3 m\u0171hely<\/h3>\n<p><img decoding=\"async\" src=\"\/wp-content\/uploads\/factory-02.webp\"\/><\/p>\n<p><img decoding=\"async\" src=\"\/wp-content\/uploads\/factory-03.webp\"\/><\/p>\n<h3>Pen\u00e9sz rakt\u00e1r<\/h3>\n<p><img decoding=\"async\" src=\"\/wp-content\/uploads\/factory-04.webp\"\/><\/p>\n<h3>43 alum\u00ednium extrud\u00e1l\u00f3 vonal (500-5500 tonna)<\/h3>\n<p><img decoding=\"async\" src=\"\/wp-content\/uploads\/factory-05.webp\"\/><\/p>\n<p><img decoding=\"async\" src=\"\/wp-content\/uploads\/factory-06.webp\"\/><\/p>\n<p><img decoding=\"async\" src=\"\/wp-content\/uploads\/factory-07.webp\"\/><\/p>\n<h3>Porfest\u0151 m\u0171hely<\/h3>\n<p><img decoding=\"async\" src=\"\/wp-content\/uploads\/factory-09.webp\"\/><\/p>\n<h3>Anodiz\u00e1l\u00f3 m\u0171hely<\/h3>\n<p><img decoding=\"async\" src=\"\/wp-content\/uploads\/factory-10.webp\"\/><\/p>\n<h3>M\u00e9ly feldolgoz\u00e1si m\u0171hely<\/h3>\n<p><img decoding=\"async\" src=\"\/wp-content\/uploads\/factory-11.webp\"\/><\/p>\n<h3>CNC prec\u00edzi\u00f3s megmunk\u00e1l\u00f3 m\u0171hely<\/h3>\n<p><img decoding=\"async\" src=\"\/wp-content\/uploads\/factory-11.5.webp\"\/><\/p>\n<h3>K\u00e9szterm\u00e9k \u00e9s export rakt\u00e1r<\/h3>\n<p><img decoding=\"async\" src=\"\/wp-content\/uploads\/factory-12.webp\"\/><\/p>\n<p><img decoding=\"async\" src=\"\/wp-content\/uploads\/factory-13.webp\"\/><\/p>\n<p><img decoding=\"async\" src=\"\/wp-content\/uploads\/factory-14.webp\"\/><\/p>\n<h2>GYIK<\/h2>\n<p><p><b>1.What extrud\u00e1lt alum\u00edniumot haszn\u00e1lnak a k\u00fclt\u00e9ri k\u00f6nny\u0171 h\u0171t\u0151bord\u00e1kban? <\/b><\/p>\n<p>Az extrud\u00e1lt alum\u00edniumot a k\u00fclt\u00e9ri l\u00e1mp\u00e1k h\u0171t\u0151bord\u00e1iban haszn\u00e1lj\u00e1k, hogy hat\u00e9konyan elvezesse a vil\u00e1g\u00edt\u00e1si rendszer h\u0151j\u00e9t, megakad\u00e1lyozva a t\u00falmeleged\u00e9st \u00e9s biztos\u00edtva az optim\u00e1lis teljes\u00edtm\u00e9nyt k\u00fclt\u00e9ri k\u00f6rnyezetben.<br \/>\n<\/p><br \/>\n<br \/>\n<p><b>2.Mi\u00e9rt az alum\u00ednium az el\u0151nyben r\u00e9szes\u00edtett anyag a k\u00fclt\u00e9ri k\u00f6nny\u0171 h\u0171t\u0151bord\u00e1khoz? <\/b><\/p>\n<p>Az alum\u00ednium korr\u00f3zi\u00f3\u00e1ll\u00f3, k\u00f6nny\u0171 \u00e9s kiv\u00e1l\u00f3 h\u0151vezet\u0151, \u00edgy ide\u00e1lis a k\u00fclt\u00e9ri vil\u00e1g\u00edt\u00e1si rendszerek h\u0151ig\u00e9ny\u00e9nek kezel\u00e9s\u00e9re.<br \/>\n<\/p><br \/>\n<br \/>\n<p><b>3.Hogyan el\u0151ny\u00f6s az extrud\u00e1lt alum\u00ednium korr\u00f3zi\u00f3\u00e1ll\u00f3s\u00e1ga a k\u00fclt\u00e9ri k\u00f6nny\u0171 h\u0171t\u0151bord\u00e1k sz\u00e1m\u00e1ra? <\/b><\/p>\n<p>A korr\u00f3zi\u00f3\u00e1ll\u00f3s\u00e1g biztos\u00edtja, hogy az alum\u00ednium h\u0171t\u0151borda m\u00e9g zord id\u0151j\u00e1r\u00e1si k\u00f6r\u00fclm\u00e9nyek k\u00f6z\u00f6tt is meg\u0151rzi integrit\u00e1s\u00e1t \u00e9s teljes\u00edtm\u00e9ny\u00e9t, meghosszabb\u00edtva ezzel a k\u00fclt\u00e9ri vil\u00e1g\u00edt\u00e1si rendszerek \u00e9lettartam\u00e1t.<br \/>\n<\/p><br \/>\n<br \/>\n<p><b>4.Can extrud\u00e1lt alum\u00ednium h\u0171t\u0151bord\u00e1k testre szabhat\u00f3ak a k\u00fcl\u00f6nb\u00f6z\u0151 vil\u00e1g\u00edt\u00e1si mint\u00e1khoz? <\/b><\/p>\n<p>Igen, az extrud\u00e1lt alum\u00ednium h\u0171t\u0151bord\u00e1k testre szabhat\u00f3k, hogy illeszkedjenek a k\u00fcl\u00f6nb\u00f6z\u0151 vil\u00e1g\u00edt\u00e1si mint\u00e1khoz \u00e9s alkalmaz\u00e1sokhoz, \u00edgy rugalmass\u00e1got biztos\u00edtanak a k\u00fcl\u00f6nb\u00f6z\u0151 k\u00fclt\u00e9ri vil\u00e1g\u00edt\u00e1si projektekhez.<br \/>\n<\/p><br \/>\n<br \/>\n<p><b>5.Hogyan jav\u00edtja az extrud\u00e1lt alum\u00ednium haszn\u00e1lata a k\u00fclt\u00e9ri l\u00e1mp\u00e1k h\u0151elvezet\u00e9s\u00e9t? <\/b><\/p>\n<p>Az extrud\u00e1lt alum\u00ednium magas h\u0151vezet\u0151 k\u00e9pess\u00e9ge biztos\u00edtja a hat\u00e9kony h\u0151elvezet\u00e9st, megakad\u00e1lyozza a t\u00falmeleged\u00e9st \u00e9s fenntartja a k\u00fclt\u00e9ri vil\u00e1g\u00edt\u00e1si rendszerek stabil teljes\u00edtm\u00e9ny\u00e9t.<br \/>\n<\/p><br \/>\n<br \/>\n<p><b>6.Is extrud\u00e1lt alum\u00ednium k\u00f6rnyezetbar\u00e1t? <\/b><\/p>\n<p>Igen, az extrud\u00e1lt alum\u00ednium teljes m\u00e9rt\u00e9kben \u00fajrahasznos\u00edthat\u00f3, \u00edgy k\u00f6rnyezetbar\u00e1t v\u00e1laszt\u00e1s a k\u00fclt\u00e9ri vil\u00e1g\u00edt\u00e1s h\u0171t\u0151bord\u00e1ihoz, \u00e9s hozz\u00e1j\u00e1rul a fenntarthat\u00f3 vil\u00e1g\u00edt\u00e1si megold\u00e1sokhoz.<br \/>\n<\/p><br \/>\n<br \/>\n<p><b>7.Alkalmasak-e az extrud\u00e1lt alum\u00ednium h\u0171t\u0151bord\u00e1k minden k\u00fclt\u00e9ri vil\u00e1g\u00edt\u00e1si alkalmaz\u00e1shoz? <\/b><\/p>\n<p>Igen, az extrud\u00e1lt alum\u00ednium h\u0171t\u0151bord\u00e1k sokoldal\u00faak, \u00e9s a k\u00fclt\u00e9ri vil\u00e1g\u00edt\u00e1si alkalmaz\u00e1sok sz\u00e9les sk\u00e1l\u00e1j\u00e1n haszn\u00e1lhat\u00f3k, bele\u00e9rtve az utcai, kerti \u00e9s \u00e9p\u00edt\u00e9szeti vil\u00e1g\u00edt\u00e1st, hat\u00e9kony h\u0171t\u00e9st \u00e9s hossz\u00fa \u00e9lettartamot biztos\u00edtva.<br \/>\n<\/p><br \/><\/p>","protected":false},"featured_media":8029,"template":"","categories":[54],"class_list":["post-8030","product","type-product","status-publish","has-post-thumbnail","hentry","category-industrial-aluminum-profiles"],"meta_box":{"hilight_text_group":{"product_hilight_text":"<ul>\r\r\n  <li>Extruded aluminum for outdoor light heat sinks provides excellent thermal conductivity, ensuring efficient cooling for outdoor lighting systems.<\/li>\r\r\n  <li>Corrosion-resistant properties make it ideal for outdoor use, withstanding harsh weather conditions and ensuring long-term durability.<\/li>\r\r\n  <li>Lightweight yet durable, offering an optimal balance of strength and ease of installation for outdoor lighting projects.<\/li>\r\r\n  <li>Efficient heat dissipation reduces the risk of overheating, improving the performance and lifespan of outdoor lighting systems.<\/li>\r\r\n  <li>Customizable extrusions to fit a wide variety of lighting designs, offering flexibility in outdoor lighting applications.<\/li>\r\r\n  <li>Eco-friendly and recyclable, contributing to sustainable outdoor lighting solutions and reducing environmental impact.<\/li>\r\r\n  <li>Cost-effective solution for outdoor lighting systems, reducing the need for additional cooling equipment while maintaining optimal performance.<\/li>\r\r\n<\/ul>","product_chanpin_blog":"<ul>\r\r\n<li><a href=\"https:\/\/sinoextrud.com\/t-slot-v-slot-differences\/\" target=\"_blank\">t slot vs v slot<\/a><\/li>\r\r\n<li><a href=\"https:\/\/sinoextrud.com\/what-is-4040-aluminium-extrud\/\" target=\"_blank\">4040 aluminium extrusion<\/a><\/li>\r\r\n<li><a href=\"https:\/\/sinoextrud.com\/what-is-4040-aluminium-extrud\/\" target=\"_blank\">aluminum extrusions for industrial racks<\/a><\/li>\r\r\n<li><a href=\"https:\/\/sinoextrud.com\/powder-coating-aluminium-process\/\" target=\"_blank\">powder coating aluminium<\/a><\/li>\r\r\n<li><a href=\"https:\/\/sinoextrud.com\/what-is-an-aluminium-strip-ceiling\/\" target=\"_blank\">aluminium strip ceiling<\/a><\/li>\r\r\n<li><a href=\"https:\/\/sinoextrud.com\/what-is-a-heat-sink\/\" target=\"_blank\">what is a heat sink<\/a><\/li>\r\r\n<\/ul>","product_chanpin_chanpin":"<li><a href=\"https:\/\/sinoextrud.com\/product\/t-slot-industrial-extruded-aluminum-profile\/\" target=\"_blank\">T-slot Industrial Extruded Aluminum Profile<\/a><\/li>\r\n<li><a href=\"https:\/\/sinoextrud.com\/product\/extruded-aluminum-channel\/\" target=\"_blank\">Extruded Aluminum Channel<\/a><\/li>\r\n<li><a href=\"https:\/\/sinoextrud.com\/product\/made-extrusion-square-tube-aluminium-profiles-in-stock\/\" target=\"_blank\">Made Extrusion Square Tube Aluminium Profiles in Stock<\/a><\/li>\r\n<li><a href=\"https:\/\/sinoextrud.com\/product\/extruded-aluminum-electronic-enclosures\/\" target=\"_blank\">Extruded Aluminum Electronic Enclosures<\/a><\/li>\r\n<li><a href=\"https:\/\/sinoextrud.com\/product\/extruded-aluminum-for-outdoor-light-heat-sink\/\" target=\"_blank\">Extruded Aluminum For Outdoor Light Heat Sink<\/a><\/li>\r\n<li><a href=\"https:\/\/sinoextrud.com\/product\/t-aluminum-profile\/\" target=\"_blank\">T Aluminum Profile<\/a><\/li>\r\n<li><a href=\"https:\/\/sinoextrud.com\/product\/t-slot-extruded-aluminum-profile-cutting-for-sale-by-weight-of-aluminum-section-open-extrusion-die\/\" target=\"_blank\">t slot extruded aluminum profile cutting for sale by weight of aluminum section open extrusion die<\/a><\/li>\r\n<li><a href=\"https:\/\/sinoextrud.com\/product\/oem-aluminum-extusion-profile-led-light-strip-channel\/\" target=\"_blank\">OEM Aluminum Extusion Profile Led Light strip channel<\/a><\/li>\r\n<li><a href=\"https:\/\/sinoextrud.com\/product\/extruded-aluminum-shelving\/\" target=\"_blank\">Extruded Aluminum Shelving<\/a><\/li>\r\n<li><a href=\"https:\/\/sinoextrud.com\/product\/aluminium-extrusion-pipe\/\" target=\"_blank\">Aluminium Extrusion Pipe<\/a><\/li>\r\n<li><a href=\"https:\/\/sinoextrud.com\/product\/60x60-aluminium-t-slot-frame-profile-extrusion-open-mold-industrial-track-coated-white-matte-v-slot\/\" target=\"_blank\">60\u00c3\u201460 aluminium t-slot frame profile extrusion open mold industrial track coated white matte v slot<\/a><\/li>"},"feature_list":[]},"_links":{"self":[{"href":"https:\/\/sinoextrud.com\/hu\/wp-json\/wp\/v2\/product\/8030","targetHints":{"allow":["GET"]}}],"collection":[{"href":"https:\/\/sinoextrud.com\/hu\/wp-json\/wp\/v2\/product"}],"about":[{"href":"https:\/\/sinoextrud.com\/hu\/wp-json\/wp\/v2\/types\/product"}],"wp:featuredmedia":[{"embeddable":true,"href":"https:\/\/sinoextrud.com\/hu\/wp-json\/wp\/v2\/media\/8029"}],"wp:attachment":[{"href":"https:\/\/sinoextrud.com\/hu\/wp-json\/wp\/v2\/media?parent=8030"}],"wp:term":[{"taxonomy":"category","embeddable":true,"href":"https:\/\/sinoextrud.com\/hu\/wp-json\/wp\/v2\/categories?post=8030"}],"curies":[{"name":"wp","href":"https:\/\/api.w.org\/{rel}","templated":true}]}}