{"id":8008,"date":"2025-06-12T02:41:56","date_gmt":"2025-06-12T02:41:56","guid":{"rendered":"https:\/\/sinoextrud.com\/product\/easy-assembly-bi-slotted-production-line-anodized-aluminium-t-slot-extrusion\/"},"modified":"2025-06-24T06:22:50","modified_gmt":"2025-06-24T06:22:50","slug":"konnyu-osszeszereles-bi-reselt-gyartosor-eloxalt-aluminium-t-slot-extrudalas","status":"publish","type":"product","link":"https:\/\/sinoextrud.com\/hu\/product\/easy-assembly-bi-slotted-production-line-anodized-aluminium-t-slot-extrusion\/","title":{"rendered":"K\u00f6nnyen \u00f6sszeszerelhet\u0151 Bi-Slotted gy\u00e1rt\u00f3sor Elox\u00e1lt alum\u00ednium T Slot Extrud\u00e1l\u00e1s"},"content":{"rendered":"<h2>Term\u00e9kek r\u00e9szletei<\/h2>\n<table class=\"custom-table\">\n<tbody>\n<tr>\n<td> Term\u00e9k neve<\/td>\n<td> K\u00f6nnyen \u00f6sszeszerelhet\u0151 Bi-Slotted gy\u00e1rt\u00f3sor Elox\u00e1lt alum\u00ednium T Slot Extrud\u00e1l\u00e1s<\/td>\n<\/tr>\n<tr>\n<td> Anyag<\/td>\n<td> Kiv\u00e1l\u00f3 min\u0151s\u00e9g\u0171 alum\u00ednium \u00f6tv\u00f6zet<\/td>\n<\/tr>\n<tr>\n<td> Tervez\u00e9s<\/td>\n<td> K\u00e9tny\u00edl\u00e1s\u00fa kialak\u00edt\u00e1s a k\u00f6nny\u0171 \u00f6sszeszerel\u00e9s \u00e9rdek\u00e9ben<\/td>\n<\/tr>\n<tr>\n<td> Alkalmaz\u00e1sok<\/td>\n<td> Ipari automatiz\u00e1l\u00e1s, g\u00e9pkeretek, munka\u00e1llom\u00e1sok, egyedi szerkezetek<\/td>\n<\/tr>\n<tr>\n<td> Fel\u00fcletkezel\u00e9s<\/td>\n<td> Elox\u00e1lt fel\u00fclet a fokozott korr\u00f3zi\u00f3\u00e1ll\u00f3s\u00e1g \u00e9s tart\u00f3ss\u00e1g \u00e9rdek\u00e9ben<\/td>\n<\/tr>\n<tr>\n<td> M\u00e9retek<\/td>\n<td> Testreszabhat\u00f3 hossz\u00fas\u00e1gok \u00e9s profilok \u00e1llnak rendelkez\u00e9sre<\/td>\n<\/tr>\n<tr>\n<td> S\u00faly<\/td>\n<td> K\u00f6nny\u0171, m\u00e9gis er\u0151s a kiv\u00e1l\u00f3 szerkezeti integrit\u00e1s \u00e9rdek\u00e9ben<\/td>\n<\/tr>\n<tr>\n<td> CNC megmunk\u00e1l\u00e1si szolg\u00e1ltat\u00e1sok<\/td>\n<td> Prec\u00edzi\u00f3s v\u00e1g\u00e1s \u00e9s komplex megmunk\u00e1l\u00e1s<\/td>\n<\/tr>\n<tr>\n<td> Min\u0151s\u00e9gi tan\u00fas\u00edtv\u00e1nyok<\/td>\n<td> ISO 9001, RoHS-megfelel\u0151s\u00e9g, CE tan\u00fas\u00edt\u00e1s<\/td>\n<\/tr>\n<tr>\n<td> Csomagol\u00e1s<\/td>\n<td> K\u00f6rnyezetbar\u00e1t anyagok, egyedi csomagol\u00e1si megold\u00e1sok, egy\u00e9rtelm\u0171 c\u00edmk\u00e9z\u00e9s<\/td>\n<\/tr>\n<tr>\n<td> \u00c1tfut\u00e1si id\u0151<\/td>\n<td> Gyors gy\u00e1rt\u00e1si \u00e9s sz\u00e1ll\u00edt\u00e1si hat\u00e1rid\u0151k<\/td>\n<\/tr>\n<tr>\n<td> Testreszab\u00e1s<\/td>\n<td> ODM\/OEM szolg\u00e1ltat\u00e1sok a szem\u00e9lyre szabott megold\u00e1sokhoz<\/td>\n<\/tr>\n<tr>\n<td> \u00dcgyf\u00e9lszolg\u00e1lat<\/td>\n<td> Elk\u00f6telezett csapat a kiv\u00e9teles szolg\u00e1ltat\u00e1s\u00e9rt \u00e9s t\u00e1mogat\u00e1s\u00e9rt<\/td>\n<\/tr>\n<\/tbody>\n<\/table>\n<h2>Gy\u00e1rt\u00f3 b\u00e1zisunk<\/h2>\n<h3>Gy\u00e1ri panor\u00e1ma<\/h3>\n<p><img decoding=\"async\" src=\"\/wp-content\/uploads\/factory-01.webp\"\/><\/p>\n<h3>Alum\u00ednium r\u00fadgy\u00e1rt\u00f3 m\u0171hely<\/h3>\n<p><img decoding=\"async\" src=\"\/wp-content\/uploads\/factory-02.webp\"\/><\/p>\n<p><img decoding=\"async\" src=\"\/wp-content\/uploads\/factory-03.webp\"\/><\/p>\n<h3>Pen\u00e9sz rakt\u00e1r<\/h3>\n<p><img decoding=\"async\" src=\"\/wp-content\/uploads\/factory-04.webp\"\/><\/p>\n<h3>43 alum\u00ednium extrud\u00e1l\u00f3 vonal (500-5500 tonna)<\/h3>\n<p><img decoding=\"async\" src=\"\/wp-content\/uploads\/factory-05.webp\"\/><\/p>\n<p><img decoding=\"async\" src=\"\/wp-content\/uploads\/factory-06.webp\"\/><\/p>\n<p><img decoding=\"async\" src=\"\/wp-content\/uploads\/factory-07.webp\"\/><\/p>\n<h3>Porfest\u0151 m\u0171hely<\/h3>\n<p><img decoding=\"async\" src=\"\/wp-content\/uploads\/factory-09.webp\"\/><\/p>\n<h3>Anodiz\u00e1l\u00f3 m\u0171hely<\/h3>\n<p><img decoding=\"async\" src=\"\/wp-content\/uploads\/factory-10.webp\"\/><\/p>\n<h3>M\u00e9ly feldolgoz\u00e1si m\u0171hely<\/h3>\n<p><img decoding=\"async\" src=\"\/wp-content\/uploads\/factory-11.webp\"\/><\/p>\n<h3>CNC prec\u00edzi\u00f3s megmunk\u00e1l\u00f3 m\u0171hely<\/h3>\n<p><img decoding=\"async\" src=\"\/wp-content\/uploads\/factory-11.5.webp\"\/><\/p>\n<h3>K\u00e9szterm\u00e9k \u00e9s export rakt\u00e1r<\/h3>\n<p><img decoding=\"async\" src=\"\/wp-content\/uploads\/factory-12.webp\"\/><\/p>\n<p><img decoding=\"async\" src=\"\/wp-content\/uploads\/factory-13.webp\"\/><\/p>\n<p><img decoding=\"async\" src=\"\/wp-content\/uploads\/factory-14.webp\"\/><\/p>\n<h2>GYIK<\/h2>\n<p><p><b>1.Mi az a k\u00e9tny\u00edl\u00e1s\u00fa elox\u00e1lt alum\u00ednium T-ny\u00edl\u00e1s\u00fa extrud\u00e1l\u00e1s? <\/b><\/p>\n<p> Ez egy alum\u00ednium profil k\u00e9t T-ny\u00edl\u00e1ssal a modul\u00e1ris fel\u00e9p\u00edt\u00e9shez, amely er\u0151s szerkezetet \u00e9s rugalmass\u00e1got k\u00edn\u00e1l a gy\u00e1rt\u00f3sorok be\u00e1ll\u00edt\u00e1s\u00e1ban.<br \/>\n<\/p><br \/>\n<br \/>\n<p><b>2.Mi\u00e9rt v\u00e1lassza az elox\u00e1lt alum\u00edniumot a T-ny\u00edl\u00e1s\u00fa extrud\u00e1l\u00e1sokhoz? <\/b><\/p>\n<p> Az elox\u00e1lt alum\u00ednium kiv\u00e1l\u00f3 korr\u00f3zi\u00f3\u00e1ll\u00f3s\u00e1got, jobb fel\u00fcleti kem\u00e9nys\u00e9get \u00e9s professzion\u00e1lis megjelen\u00e9st biztos\u00edt.<br \/>\n<\/p><br \/>\n<br \/>\n<p><b>3.Milyen el\u0151nyei vannak a k\u00e9tny\u00edl\u00e1s\u00fa kialak\u00edt\u00e1snak a gy\u00e1rt\u00e1si k\u00f6rnyezetben? <\/b><\/p>\n<p> A k\u00e9tny\u00edl\u00e1s\u00fa kialak\u00edt\u00e1s k\u00e9toldali szerel\u00e9si lehet\u0151s\u00e9geket tesz lehet\u0151v\u00e9, megk\u00f6nny\u00edtve az alkatr\u00e9szek felszerel\u00e9s\u00e9t \u00e9s a t\u00f6bbfunkci\u00f3s szerkezetek l\u00e9trehoz\u00e1s\u00e1t.<br \/>\n<\/p><br \/>\n<br \/>\n<p><b>4.Ez a T-ny\u00edl\u00e1s\u00fa extrud\u00e1l\u00e1s alkalmas automatiz\u00e1l\u00e1si rendszerekhez? <\/b><\/p>\n<p> Igen, sz\u00e9les k\u00f6rben haszn\u00e1lj\u00e1k automatiz\u00e1lt gy\u00e1rt\u00f3sorokon g\u00e9pkeretek, sz\u00e1ll\u00edt\u00f3szalagok \u00e9s munka\u00e1llom\u00e1sok \u00e9p\u00edt\u00e9s\u00e9hez.<br \/>\n<\/p><br \/>\n<br \/>\n<p><b>5.A T-ny\u00edl\u00e1s\u00fa extrud\u00e1l\u00e1s k\u00f6nnyen \u00f6sszeszerelhet\u0151? <\/b><\/p>\n<p> A profil felt\u00e9tlen\u00fcl t\u00e1mogatja a szersz\u00e1mmentes, modul\u00e1ris \u00f6sszeszerel\u00e9st szabv\u00e1nyos konzolok, csatlakoz\u00f3k \u00e9s k\u00f6t\u0151elemek haszn\u00e1lat\u00e1val.<br \/>\n<\/p><br \/>\n<br \/>\n<p><b>6.Milyen alkalmaz\u00e1sokhoz ide\u00e1lisak a k\u00e9tny\u00edl\u00e1s\u00fa T-ny\u00edl\u00e1s\u00fa profilok? <\/b><\/p>\n<p> Ide\u00e1lisak egyedi munka\u00e1llom\u00e1sokhoz, burkolatokhoz, tesztberendez\u00e9sekhez, g\u00e9pv\u00e9delmekhez \u00e9s modul\u00e1ris ipari keretekhez.<br \/>\n<\/p><br \/>\n<br \/>\n<p><b>7.Can testreszabhatja az extrud\u00e1l\u00e1s hossz\u00e1t \u00e9s a ny\u00edl\u00e1s t\u00e1vols\u00e1g\u00e1t? <\/b><\/p>\n<p> Igen, szem\u00e9lyre szabott extrud\u00e1l\u00e1si hosszokat, furatf\u00far\u00e1sokat \u00e9s r\u00e9skonfigur\u00e1ci\u00f3kat k\u00edn\u00e1lunk az egyedi projekt- \u00e9s rendszerig\u00e9nyeknek megfelel\u0151en.<br \/>\n<\/p><br \/><\/p>","protected":false},"featured_media":8007,"template":"","categories":[54],"class_list":["post-8008","product","type-product","status-publish","has-post-thumbnail","hentry","category-industrial-aluminum-profiles"],"meta_box":{"hilight_text_group":{"product_hilight_text":"<li>Bi-slotted T slot design enables flexible and fast assembly without welding.<\/li>\r\r\n<li>Anodized aluminum surface offers superior corrosion and wear resistance.<\/li>\r\r\n<li>Ideal for production lines, automation systems, and modular structures.<\/li>\r\r\n<li>Precision extruded for high dimensional accuracy and strength.<\/li>\r\r\n<li>Supports easy integration with standard T-slot connectors and accessories.<\/li>\r\r\n<li>Lightweight yet durable, reducing transportation and installation costs.<\/li>\r\r\n<li>Customizable lengths and profiles available to fit diverse applications.<\/li>","product_chanpin_blog":"<ul>\r\r\n<li><a href=\"https:\/\/sinoextrud.com\/t-slot-v-slot-differences\/\" target=\"_blank\">t slot vs v slot<\/a><\/li>\r\r\n<li><a href=\"https:\/\/sinoextrud.com\/what-is-4040-aluminium-extrud\/\" target=\"_blank\">4040 aluminium extrusion<\/a><\/li>\r\r\n<li><a href=\"https:\/\/sinoextrud.com\/what-is-4040-aluminium-extrud\/\" target=\"_blank\">aluminum extrusions for industrial racks<\/a><\/li>\r\r\n<li><a href=\"https:\/\/sinoextrud.com\/powder-coating-aluminium-process\/\" target=\"_blank\">powder coating aluminium<\/a><\/li>\r\r\n<li><a href=\"https:\/\/sinoextrud.com\/what-is-an-aluminium-strip-ceiling\/\" target=\"_blank\">aluminium strip ceiling<\/a><\/li>\r\r\n<li><a href=\"https:\/\/sinoextrud.com\/what-is-a-heat-sink\/\" target=\"_blank\">what is a heat sink<\/a><\/li>\r\r\n<\/ul>","product_chanpin_chanpin":"<li><a href=\"https:\/\/sinoextrud.com\/product\/custom-extruded-aluminum-shapes-sunflower-heat-sink\/\" target=\"_blank\">Custom Extruded Aluminum Shapes Sunflower Heat Sink<\/a><\/li>\r\n<li><a href=\"https:\/\/sinoextrud.com\/product\/custom-industrial-aluminum-profiles\/\" target=\"_blank\">Custom Industrial Aluminum Profiles<\/a><\/li>\r\n<li><a href=\"https:\/\/sinoextrud.com\/product\/custom-industrial-extruded-aluminum-alloy\/\" target=\"_blank\">Custom Industrial Extruded Aluminum Alloy<\/a><\/li>\r\n<li><a href=\"https:\/\/sinoextrud.com\/product\/customized-extruded-aluminum-trailer-flooring\/\" target=\"_blank\">Customized Extruded Aluminum Trailer Flooring<\/a><\/li>\r\n<li><a href=\"https:\/\/sinoextrud.com\/product\/easy-assembly-bi-slotted-production-line-anodized-aluminium-t-slot-extrusion\/\" target=\"_blank\">Easy Assembly Bi-Slotted Production Line Anodized Aluminium T Slot Extrusion<\/a><\/li>\r\n<li><a href=\"https:\/\/sinoextrud.com\/product\/customized-industrial-aluminum-profile\/\" target=\"_blank\">Customized Industrial Aluminum Profile<\/a><\/li>\r\n<li><a href=\"https:\/\/sinoextrud.com\/product\/structural-aluminium-extrusions\/\" target=\"_blank\">Structural Aluminium Extrusions<\/a><\/li>\r\n<li><a href=\"https:\/\/sinoextrud.com\/product\/powder-coated-and-anodized-aluminium-profile-for-electric-frame-motor-housing-and-aluminum-enclosure\/\" target=\"_blank\">Powder coated and Anodized aluminium profile for electric frame motor housing and aluminum enclosure<\/a><\/li>\r\n<li><a href=\"https:\/\/sinoextrud.com\/product\/customized-powder-coated-anodized-aluminium-extrusion-profile-roller-shutter-supplier\/\" target=\"_blank\">Customized Powder Coated Anodized Aluminium Extrusion Profile Roller Shutter Supplier<\/a><\/li>\r\n<li><a href=\"https:\/\/sinoextrud.com\/product\/aluminium-profile-frame-for-fly-screen\/\" target=\"_blank\">Aluminium Profile Frame For Fly Screen<\/a><\/li>\r\n<li><a href=\"https:\/\/sinoextrud.com\/product\/types-of-aluminum-profiles\/\" target=\"_blank\">Types Of Aluminum Profiles<\/a><\/li>"},"feature_list":[]},"_links":{"self":[{"href":"https:\/\/sinoextrud.com\/hu\/wp-json\/wp\/v2\/product\/8008","targetHints":{"allow":["GET"]}}],"collection":[{"href":"https:\/\/sinoextrud.com\/hu\/wp-json\/wp\/v2\/product"}],"about":[{"href":"https:\/\/sinoextrud.com\/hu\/wp-json\/wp\/v2\/types\/product"}],"wp:featuredmedia":[{"embeddable":true,"href":"https:\/\/sinoextrud.com\/hu\/wp-json\/wp\/v2\/media\/8007"}],"wp:attachment":[{"href":"https:\/\/sinoextrud.com\/hu\/wp-json\/wp\/v2\/media?parent=8008"}],"wp:term":[{"taxonomy":"category","embeddable":true,"href":"https:\/\/sinoextrud.com\/hu\/wp-json\/wp\/v2\/categories?post=8008"}],"curies":[{"name":"wp","href":"https:\/\/api.w.org\/{rel}","templated":true}]}}