{"id":8002,"date":"2025-06-12T02:35:22","date_gmt":"2025-06-12T02:35:22","guid":{"rendered":"https:\/\/sinoextrud.com\/product\/custom-industrial-aluminum-profiles\/"},"modified":"2025-06-24T06:22:47","modified_gmt":"2025-06-24T06:22:47","slug":"egyedi-ipari-aluminium-profilok","status":"publish","type":"product","link":"https:\/\/sinoextrud.com\/hu\/product\/custom-industrial-aluminum-profiles\/","title":{"rendered":"Egyedi ipari alum\u00ednium profilok"},"content":{"rendered":"<h2>Term\u00e9kek r\u00e9szletei<\/h2>\n<table class=\"custom-table\">\n<tbody>\n<tr>\n<td> Term\u00e9k neve<\/td>\n<td> Egyedi ipari alum\u00ednium profilok<\/td>\n<\/tr>\n<tr>\n<td> Alum\u00ednium \u00f6tv\u00f6zet<\/td>\n<td> 6063, 6061, 6005, 6082 stb.<\/td>\n<\/tr>\n<tr>\n<td> Temper<\/td>\n<td> T5\/T6 stb.<\/td>\n<\/tr>\n<tr>\n<td> Standard<\/td>\n<td> GB527-2008 vagy m\u00e1s nemzetk\u00f6zi szabv\u00e1nyok<\/td>\n<\/tr>\n<tr>\n<td> Shape<\/td>\n<td> testreszab\u00e1s<\/td>\n<\/tr>\n<tr>\n<td> Fel\u00fcletkezel\u00e9s<\/td>\n<td> malomipari, elox\u00e1lt, fa szemcs\u00e9s, porsz\u00f3r\u00e1s, homokf\u00fav\u00e1s, elektrofor\u00e9zis, csiszol\u00e1s, pol\u00edroz\u00e1s, stb.<\/td>\n<\/tr>\n<tr>\n<td> M\u00e9ly feldolgoz\u00e1si k\u00e9pess\u00e9g<\/td>\n<td> v\u00e1g\u00e1s, f\u00far\u00e1s, megmunk\u00e1l\u00e1s, lyukaszt\u00e1s, hajl\u00edt\u00e1s, csapol\u00e1s stb.<\/td>\n<\/tr>\n<tr>\n<td> Tan\u00fas\u00edtv\u00e1nyok<\/td>\n<td> CE, ISO, SGS, TUV, ROHS<\/td>\n<\/tr>\n<tr>\n<td> Mint\u00e1k<\/td>\n<td> ingyenes minta. 1-3 nap alatt sz\u00e1ll\u00edtjuk \u00d6nnek.<\/td>\n<\/tr>\n<tr>\n<td> MOQ<\/td>\n<td> 200KG minden egyes profilhoz<\/td>\n<\/tr>\n<tr>\n<td> Sz\u00e1ll\u00edt\u00e1si id\u0151<\/td>\n<td> A pen\u00e9sz kifejleszt\u00e9se \u00e9s a minta meger\u0151s\u00edt\u00e9se 12-15 nap, majd a gy\u00e1rt\u00e1s id\u0151tartama 15-25 nap a vev\u0151 el\u0151leg\u00e9nek be\u00e9rkez\u00e9se ut\u00e1n.<\/td>\n<\/tr>\n<tr>\n<td> Fizet\u00e9si felt\u00e9telek<\/td>\n<td> 30% bet\u00e9t a gy\u00e1rt\u00e1s el\u0151tt, \u00e9s a sz\u00e1ll\u00edt\u00e1s el\u0151tti egyenleg.<\/td>\n<\/tr>\n<tr>\n<td> Port<\/td>\n<td> Shenzhen, Guangzhou, Foshan, stb.<\/td>\n<\/tr>\n<\/tbody>\n<\/table>\n<h2>Gy\u00e1rt\u00f3 b\u00e1zisunk<\/h2>\n<h3>Gy\u00e1ri panor\u00e1ma<\/h3>\n<p><img decoding=\"async\" src=\"\/wp-content\/uploads\/factory-01.webp\"\/><\/p>\n<h3>Alum\u00ednium r\u00fadgy\u00e1rt\u00f3 m\u0171hely<\/h3>\n<p><img decoding=\"async\" src=\"\/wp-content\/uploads\/factory-02.webp\"\/><\/p>\n<\/p>\n<p><img decoding=\"async\" src=\"\/wp-content\/uploads\/factory-03.webp\"\/><\/p>\n<h3>Pen\u00e9sz rakt\u00e1r<\/h3>\n<p><img decoding=\"async\" src=\"\/wp-content\/uploads\/factory-04.webp\"\/><\/p>\n<h3>43 alum\u00ednium extrud\u00e1l\u00f3 vonal (500-5500 tonna)<\/h3>\n<p><img decoding=\"async\" src=\"\/wp-content\/uploads\/factory-05.webp\"\/><\/p>\n<p><img decoding=\"async\" src=\"\/wp-content\/uploads\/factory-06.webp\"\/><\/p>\n<p><img decoding=\"async\" src=\"\/wp-content\/uploads\/factory-07.webp\"\/><\/p>\n<h3>Porfest\u0151 m\u0171hely<\/h3>\n<p><img decoding=\"async\" src=\"\/wp-content\/uploads\/factory-09.webp\"\/><\/p>\n<h3>Anodiz\u00e1l\u00f3 m\u0171hely<\/h3>\n<p><img decoding=\"async\" src=\"\/wp-content\/uploads\/factory-10.webp\"\/><\/p>\n<h3>M\u00e9ly feldolgoz\u00e1si m\u0171hely<\/h3>\n<p><img decoding=\"async\" src=\"\/wp-content\/uploads\/factory-11.webp\"\/><\/p>\n<h3>CNC prec\u00edzi\u00f3s megmunk\u00e1l\u00f3 m\u0171hely<\/h3>\n<p><img decoding=\"async\" src=\"\/wp-content\/uploads\/factory-11.5.webp\"\/><\/p>\n<h3>K\u00e9szterm\u00e9k \u00e9s export rakt\u00e1r<\/h3>\n<p><img decoding=\"async\" src=\"\/wp-content\/uploads\/factory-12.webp\"\/><\/p>\n<p><img decoding=\"async\" src=\"\/wp-content\/uploads\/factory-13.webp\"\/><\/p>\n<p><img decoding=\"async\" src=\"\/wp-content\/uploads\/factory-14.webp\"\/><\/p>\n<h2>GYIK<\/h2>\n<p><b>1.Mik az el\u0151nyei az egyedi ipari alum\u00ednium profilok haszn\u00e1lat\u00e1nak? <\/b><\/p>\n<p>Az egyedi alum\u00edniumprofilok rugalmass\u00e1got biztos\u00edtanak a tervez\u00e9sben, \u00e9s a projekt egyedi ig\u00e9nyeihez igaz\u00edthat\u00f3k, optim\u00e1lis teljes\u00edtm\u00e9nyt \u00e9s illeszked\u00e9st biztos\u00edtva.\n<\/p>\n<p><\/p>\n<p><b>2.Hogyan hasznosul a nagy szil\u00e1rds\u00e1g\u00fa alum\u00ednium anyag az ipari alkalmaz\u00e1sokban? <\/b><\/p>\n<p>A nagy szil\u00e1rds\u00e1g\u00fa alum\u00ednium biztos\u00edtja, hogy a profilok tart\u00f3sak \u00e9s megb\u00edzhat\u00f3ak legyenek, ellen\u00e1lljanak a nagy terhel\u00e9snek \u00e9s az ig\u00e9nyes k\u00f6rnyezetnek.\n<\/p>\n<p><\/p>\n<p><b>3.Az alum\u00ednium profilok m\u00e9ret \u00e9s alak tekintet\u00e9ben testre szabhat\u00f3k? <\/b><\/p>\n<p>Igen, az egyedi ipari alum\u00edniumprofilok a m\u00e9retek, form\u00e1k \u00e9s fel\u00fcletek sz\u00e9les sk\u00e1l\u00e1j\u00e1val \u00e1llnak rendelkez\u00e9sre, hogy megfeleljenek az egyedi projekt- \u00e9s tervez\u00e9si k\u00f6vetelm\u00e9nyeknek.\n<\/p>\n<p><\/p>\n<p><b>4.Hogyan jav\u00edtja az elox\u00e1lt fel\u00fclet az alum\u00ednium profilok tart\u00f3ss\u00e1g\u00e1t? <\/b><\/p>\n<p>Az elox\u00e1lt fel\u00fclet n\u00f6veli a korr\u00f3zi\u00f3\u00e1ll\u00f3s\u00e1got, biztos\u00edtva, hogy az alum\u00edniumprofilok meg\u0151rizz\u00e9k integrit\u00e1sukat \u00e9s megjelen\u00e9s\u00fcket a zord k\u00f6rnyezetben.\n<\/p>\n<p><\/p>\n<p><b>5.Milyen ipar\u00e1gak profit\u00e1lhatnak az egyedi ipari alum\u00ednium profilokb\u00f3l? <\/b><\/p>\n<p>Az olyan ipar\u00e1gak, mint a gy\u00e1rt\u00e1s, az automatiz\u00e1l\u00e1s, az \u00e9p\u00edt\u0151ipar \u00e9s a rep\u00fcl\u0151g\u00e9pipar, profit\u00e1lhatnak ezen alum\u00edniumprofilok szil\u00e1rds\u00e1g\u00e1b\u00f3l, sokoldal\u00fas\u00e1g\u00e1b\u00f3l \u00e9s testreszab\u00e1si lehet\u0151s\u00e9geib\u0151l.\n<\/p>\n<p><\/p>\n<p><b>6.Az egyedi ipari alum\u00ednium profilok k\u00f6rnyezetbar\u00e1tok? <\/b><\/p>\n<p>Igen, az alum\u00ednium teljes m\u00e9rt\u00e9kben \u00fajrahasznos\u00edthat\u00f3, \u00edgy az egyedi ipari profilok k\u00f6rnyezetbar\u00e1t v\u00e1laszt\u00e1ss\u00e1 v\u00e1lnak, amely t\u00e1mogatja a fenntarthat\u00f3 gy\u00e1rt\u00e1si gyakorlatokat.\n<\/p>\n<p><\/p>\n<p><b>7.Milyen el\u0151ny\u00f6kkel j\u00e1r az alum\u00edniumprofilok k\u00f6nny\u0171s\u00e9ge az ipari projektek sz\u00e1m\u00e1ra? <\/b><\/p>\n<p>A k\u00f6nny\u0171 kialak\u00edt\u00e1s cs\u00f6kkenti a kezel\u00e9si \u00e9s telep\u00edt\u00e9si k\u00f6lts\u00e9geket, mik\u00f6zben er\u0151s tart\u00e1st \u00e9s szerkezeti stabilit\u00e1st biztos\u00edt az ipari alkalmaz\u00e1sokban.\n<\/p>\n<p><\/p>","protected":false},"featured_media":8001,"template":"","categories":[54],"class_list":["post-8002","product","type-product","status-publish","has-post-thumbnail","hentry","category-industrial-aluminum-profiles"],"meta_box":{"hilight_text_group":{"product_hilight_text":"<ul>\r\r\n  <li>Custom industrial aluminum profiles tailored to specific project needs, offering versatility and precision for various applications.<\/li>\r\r\n  <li>High-strength aluminum material ensures durability and reliability in demanding industrial environments.<\/li>\r\r\n  <li>Lightweight yet robust, providing strong structural support while minimizing the overall weight of the system.<\/li>\r\r\n  <li>Corrosion-resistant anodized finish extends the lifespan of the profiles, making them suitable for both indoor and outdoor use.<\/li>\r\r\n  <li>Customizable sizes, shapes, and finishes to meet the unique requirements of industries such as manufacturing, automation, and construction.<\/li>\r\r\n  <li>Eco-friendly, recyclable aluminum material supports sustainability in production processes.<\/li>\r\r\n  <li>Cost-effective solution for large-scale industrial projects without compromising on quality or performance.<\/li>\r\r\n<\/ul>","product_chanpin_blog":"<ul>\r\r\n<li><a href=\"https:\/\/sinoextrud.com\/t-slot-v-slot-differences\/\" target=\"_blank\">t slot vs v slot<\/a><\/li>\r\r\n<li><a href=\"https:\/\/sinoextrud.com\/what-is-4040-aluminium-extrud\/\" target=\"_blank\">4040 aluminium extrusion<\/a><\/li>\r\r\n<li><a href=\"https:\/\/sinoextrud.com\/what-is-4040-aluminium-extrud\/\" target=\"_blank\">aluminum extrusions for industrial racks<\/a><\/li>\r\r\n<li><a href=\"https:\/\/sinoextrud.com\/powder-coating-aluminium-process\/\" target=\"_blank\">powder coating aluminium<\/a><\/li>\r\r\n<li><a href=\"https:\/\/sinoextrud.com\/what-is-an-aluminium-strip-ceiling\/\" target=\"_blank\">aluminium strip ceiling<\/a><\/li>\r\r\n<li><a href=\"https:\/\/sinoextrud.com\/what-is-a-heat-sink\/\" target=\"_blank\">what is a heat sink<\/a><\/li>\r\r\n<\/ul>","product_chanpin_chanpin":"<li><a href=\"https:\/\/sinoextrud.com\/product\/cutting-extruded-aluminum-for-led\/\" target=\"_blank\">Cutting Extruded Aluminum For LED<\/a><\/li>\r\n<li><a href=\"https:\/\/sinoextrud.com\/product\/custom-decorative-hollow-alloy-rectangular-square-aluminum-tube-sizes\/\" target=\"_blank\">Custom Decorative Hollow Alloy Rectangular Square Aluminum Tube Sizes<\/a><\/li>\r\n<li><a href=\"https:\/\/sinoextrud.com\/product\/custom-extra-large-industrial-equipment-aluminum-profile\/\" target=\"_blank\">Custom Extra Large Industrial Equipment Aluminum Profile<\/a><\/li>\r\n<li><a href=\"https:\/\/sinoextrud.com\/product\/custom-extruded-aluminum-shapes-sunflower-heat-sink\/\" target=\"_blank\">Custom Extruded Aluminum Shapes Sunflower Heat Sink<\/a><\/li>\r\n<li><a href=\"https:\/\/sinoextrud.com\/product\/custom-industrial-aluminum-profiles\/\" target=\"_blank\">Custom Industrial Aluminum Profiles<\/a><\/li>\r\n<li><a href=\"https:\/\/sinoextrud.com\/product\/custom-industrial-extruded-aluminum-alloy\/\" target=\"_blank\">Custom Industrial Extruded Aluminum Alloy<\/a><\/li>\r\n<li><a href=\"https:\/\/sinoextrud.com\/product\/customized-extruded-aluminum-trailer-flooring\/\" target=\"_blank\">Customized Extruded Aluminum Trailer Flooring<\/a><\/li>\r\n<li><a href=\"https:\/\/sinoextrud.com\/product\/easy-assembly-bi-slotted-production-line-anodized-aluminium-t-slot-extrusion\/\" target=\"_blank\">Easy Assembly Bi-Slotted Production Line Anodized Aluminium T Slot Extrusion<\/a><\/li>\r\n<li><a href=\"https:\/\/sinoextrud.com\/product\/customized-industrial-aluminum-profile\/\" target=\"_blank\">Customized Industrial Aluminum Profile<\/a><\/li>\r\n<li><a href=\"https:\/\/sinoextrud.com\/product\/large-aluminum-extrusion\/\" target=\"_blank\">Large Aluminum Extrusion<\/a><\/li>\r\n<li><a href=\"https:\/\/sinoextrud.com\/product\/aluminium-extrusion-curtain-wall-profile-with-powder-coated-surface-manufacturer-direct-selling\/\" target=\"_blank\">Aluminium Extrusion Curtain Wall Profile With Powder Coated Surface Manufacturer Direct Selling<\/a><\/li>"},"feature_list":[]},"_links":{"self":[{"href":"https:\/\/sinoextrud.com\/hu\/wp-json\/wp\/v2\/product\/8002","targetHints":{"allow":["GET"]}}],"collection":[{"href":"https:\/\/sinoextrud.com\/hu\/wp-json\/wp\/v2\/product"}],"about":[{"href":"https:\/\/sinoextrud.com\/hu\/wp-json\/wp\/v2\/types\/product"}],"wp:featuredmedia":[{"embeddable":true,"href":"https:\/\/sinoextrud.com\/hu\/wp-json\/wp\/v2\/media\/8001"}],"wp:attachment":[{"href":"https:\/\/sinoextrud.com\/hu\/wp-json\/wp\/v2\/media?parent=8002"}],"wp:term":[{"taxonomy":"category","embeddable":true,"href":"https:\/\/sinoextrud.com\/hu\/wp-json\/wp\/v2\/categories?post=8002"}],"curies":[{"name":"wp","href":"https:\/\/api.w.org\/{rel}","templated":true}]}}