{"id":8000,"date":"2025-06-12T02:34:03","date_gmt":"2025-06-12T02:34:03","guid":{"rendered":"https:\/\/sinoextrud.com\/product\/custom-extruded-aluminum-shapes-sunflower-heat-sink\/"},"modified":"2025-06-24T06:22:47","modified_gmt":"2025-06-24T06:22:47","slug":"egyedi-extrudalt-aluminium-formak-napraforgo-hutoborda","status":"publish","type":"product","link":"https:\/\/sinoextrud.com\/hu\/product\/custom-extruded-aluminum-shapes-sunflower-heat-sink\/","title":{"rendered":"Egyedi extrud\u00e1lt alum\u00ednium alakzatok Napraforg\u00f3 h\u0171t\u0151borda"},"content":{"rendered":"<h2>Term\u00e9kek r\u00e9szletei<\/h2>\n<table class=\"custom-table\">\n<tbody>\n<tr>\n<td> Term\u00e9k neve<\/td>\n<td> Egyedi extrud\u00e1lt alum\u00ednium alakzatok Napraforg\u00f3 h\u0171t\u0151borda<\/td>\n<\/tr>\n<tr>\n<td> Alum\u00ednium \u00f6tv\u00f6zet<\/td>\n<td> 6063-T5, 6061-T5, testreszab\u00e1s<\/td>\n<\/tr>\n<tr>\n<td> M\u00e9ret<\/td>\n<td> Az \u00fcgyfelek CAD-je szerint<\/td>\n<\/tr>\n<tr>\n<td> Alkalmaz\u00e1s<\/td>\n<td> Sok ter\u00fcleten az \u00fczleti \u00e9letben a h\u0151 eloszlat\u00e1s\u00e1ra haszn\u00e1lj\u00e1k<\/td>\n<\/tr>\n<tr>\n<td> M\u00e1rka<\/td>\n<td> Sinoextrud \/ Sinoextrud \/ Sinoextrud Aluminium<\/td>\n<\/tr>\n<tr>\n<td> Eredet<\/td>\n<td> Foshan, K\u00edna<\/td>\n<\/tr>\n<\/tbody>\n<\/table>\n<h2>Gy\u00e1rt\u00f3 b\u00e1zisunk<\/h2>\n<h3>Gy\u00e1ri panor\u00e1ma<\/h3>\n<p><img decoding=\"async\" src=\"\/wp-content\/uploads\/factory-01.webp\"\/><\/p>\n<h3>Alum\u00ednium r\u00fadgy\u00e1rt\u00f3 m\u0171hely<\/h3>\n<p><img decoding=\"async\" src=\"\/wp-content\/uploads\/factory-02.webp\"\/><\/p>\n<p><img decoding=\"async\" src=\"\/wp-content\/uploads\/factory-03.webp\"\/><\/p>\n<h3>Pen\u00e9sz rakt\u00e1r<\/h3>\n<p><img decoding=\"async\" src=\"\/wp-content\/uploads\/factory-04.webp\"\/><\/p>\n<h3>43 alum\u00ednium extrud\u00e1l\u00f3 vonal (500-5500 tonna)<\/h3>\n<p><img decoding=\"async\" src=\"\/wp-content\/uploads\/factory-05.webp\"\/><\/p>\n<p><img decoding=\"async\" src=\"\/wp-content\/uploads\/factory-06.webp\"\/><\/p>\n<p><img decoding=\"async\" src=\"\/wp-content\/uploads\/factory-07.webp\"\/><\/p>\n<h3>Porfest\u0151 m\u0171hely<\/h3>\n<p><img decoding=\"async\" src=\"\/wp-content\/uploads\/factory-09.webp\"\/><\/p>\n<h3>Anodiz\u00e1l\u00f3 m\u0171hely<\/h3>\n<p><img decoding=\"async\" src=\"\/wp-content\/uploads\/factory-10.webp\"\/><\/p>\n<h3>M\u00e9ly feldolgoz\u00e1si m\u0171hely<\/h3>\n<p><img decoding=\"async\" src=\"\/wp-content\/uploads\/factory-11.webp\"\/><\/p>\n<h3>CNC prec\u00edzi\u00f3s megmunk\u00e1l\u00f3 m\u0171hely<\/h3>\n<p><img decoding=\"async\" src=\"\/wp-content\/uploads\/factory-11.5.webp\"\/><\/p>\n<h3>K\u00e9szterm\u00e9k \u00e9s export rakt\u00e1r<\/h3>\n<p><img decoding=\"async\" src=\"\/wp-content\/uploads\/factory-12.webp\"\/><\/p>\n<p><img decoding=\"async\" src=\"\/wp-content\/uploads\/factory-13.webp\"\/><\/p>\n<p><img decoding=\"async\" src=\"\/wp-content\/uploads\/factory-14.webp\"\/><\/p>\n<h2>GYIK<\/h2>\n<p><p><b>1.Mi teszi az egyedi extrud\u00e1lt alum\u00ednium alakzatokat napraforg\u00f3 h\u0151lead\u00f3v\u00e1 a h\u0171t\u00e9shez? <\/b><\/p>\n<p> A napraforg\u00f3 kialak\u00edt\u00e1s maximaliz\u00e1lja a fel\u00fcletet, jav\u00edtva a h\u0151elvezet\u00e9st az elektronikus eszk\u00f6z\u00f6k hat\u00e9kony h\u0151kezel\u00e9se \u00e9rdek\u00e9ben.<br \/>\n<\/p><br \/>\n<br \/>\n<p><b>2.Can egy\u00e9ni extrud\u00e1lt alum\u00ednium alak\u00fa napraforg\u00f3 h\u0151lead\u00f3 testreszabhat\u00f3? <\/b><\/p>\n<p> Igen, ezek a h\u0171t\u0151bord\u00e1k m\u00e9retben, alakban \u00e9s kialak\u00edt\u00e1sban testre szabhat\u00f3k, hogy megfeleljenek a k\u00fcl\u00f6nb\u00f6z\u0151 alkalmaz\u00e1sok egyedi h\u0171t\u00e9si ig\u00e9nyeinek.<br \/>\n<\/p><br \/>\n<br \/>\n<p><b>3.How tart\u00f3sak az egyedi extrud\u00e1lt alum\u00ednium alak\u00fa napraforg\u00f3 h\u0151lead\u00f3k? <\/b><\/p>\n<p> Az alum\u00ednium korr\u00f3zi\u00f3\u00e1ll\u00f3 tulajdons\u00e1gainak k\u00f6sz\u00f6nhet\u0151en rendk\u00edv\u00fcl tart\u00f3sak, \u00edgy hossz\u00fa t\u00e1v\u00fa haszn\u00e1latot biztos\u00edtanak m\u00e9g ig\u00e9nyes k\u00f6rnyezetben is.<br \/>\n<\/p><br \/>\n<br \/>\n<p><b>4.Milyen alkalmaz\u00e1sok r\u00e9szes\u00fclnek az egyedi extrud\u00e1lt alum\u00ednium alak\u00fa napraforg\u00f3 h\u0151lead\u00f3b\u00f3l? <\/b><\/p>\n<p> Ezek a h\u0171t\u0151bord\u00e1k ide\u00e1lisak elektronikus eszk\u00f6z\u00f6kh\u00f6z, LED-es vil\u00e1g\u00edt\u00e1shoz, t\u00e1pegys\u00e9gekhez \u00e9s m\u00e1s, hat\u00e9kony h\u0151kezel\u00e9st ig\u00e9nyl\u0151 berendez\u00e9sekhez.<br \/>\n<\/p><br \/>\n<br \/>\n<p><b>5.Az egyedi extrud\u00e1lt alum\u00ednium alak\u00fa napraforg\u00f3 h\u0151lead\u00f3 k\u00f6nnyen telep\u00edthet\u0151? <\/b><\/p>\n<p> Igen, a h\u0171t\u0151bord\u00e1t \u00fagy tervezt\u00e9k, hogy k\u00f6nnyen felszerelhet\u0151 legyen, \u00edgy cs\u00f6kkentve az \u00f6sszeszerel\u00e9si id\u0151t \u00e9s az \u00fczemeltet\u00e9si k\u00f6lts\u00e9geket.<br \/>\n<\/p><br \/>\n<br \/>\n<p><b>6.Hogyan jav\u00edtja a napraforg\u00f3 kialak\u00edt\u00e1sa a h\u0151elvezet\u00e9si folyamatot? <\/b><\/p>\n<p> A napraforg\u00f3 alakja n\u00f6veli a fel\u00fcletet, ami jobb l\u00e9g\u00e1raml\u00e1st \u00e9s az elektronikus alkatr\u00e9szek hat\u00e9konyabb h\u0171t\u00e9s\u00e9t teszi lehet\u0151v\u00e9.<br \/>\n<\/p><br \/>\n<br \/>\n<p><b>7.Is Egyedi extrud\u00e1lt alum\u00ednium alakzatok napraforg\u00f3 h\u0171t\u0151borda k\u00f6rnyezetbar\u00e1t? <\/b><\/p>\n<p> Igen, az alum\u00ednium \u00fajrahasznos\u00edthat\u00f3 anyag, \u00edgy a h\u0171t\u0151borda k\u00f6rnyezetbar\u00e1t v\u00e1laszt\u00e1s a h\u0171t\u00e9si megold\u00e1sokhoz.<br \/>\n<\/p><br \/><\/p>","protected":false},"featured_media":7999,"template":"","categories":[54],"class_list":["post-8000","product","type-product","status-publish","has-post-thumbnail","hentry","category-industrial-aluminum-profiles"],"meta_box":{"hilight_text_group":{"product_hilight_text":"<ul>\r\r\n  <li>Custom extruded aluminum shapes for efficient heat dissipation in various applications<\/li>\r\r\n  <li>Sunflower design maximizes surface area for superior thermal performance<\/li>\r\r\n  <li>Corrosion-resistant aluminum material ensures durability and long lifespan<\/li>\r\r\n  <li>Lightweight yet highly effective in cooling electronic components<\/li>\r\r\n  <li>Customizable sizes and designs to meet specific cooling requirements<\/li>\r\r\n  <li>Easy to install and maintain, reducing overall operational costs<\/li>\r\r\n  <li>Environmentally friendly, fully recyclable material<\/li>\r\r\n<\/ul>","product_chanpin_blog":"<ul>\r\r\n<li><a href=\"https:\/\/sinoextrud.com\/t-slot-v-slot-differences\/\" target=\"_blank\">t slot vs v slot<\/a><\/li>\r\r\n<li><a href=\"https:\/\/sinoextrud.com\/what-is-4040-aluminium-extrud\/\" target=\"_blank\">4040 aluminium extrusion<\/a><\/li>\r\r\n<li><a href=\"https:\/\/sinoextrud.com\/what-is-4040-aluminium-extrud\/\" target=\"_blank\">aluminum extrusions for industrial racks<\/a><\/li>\r\r\n<li><a href=\"https:\/\/sinoextrud.com\/powder-coating-aluminium-process\/\" target=\"_blank\">powder coating aluminium<\/a><\/li>\r\r\n<li><a href=\"https:\/\/sinoextrud.com\/what-is-an-aluminium-strip-ceiling\/\" target=\"_blank\">aluminium strip ceiling<\/a><\/li>\r\r\n<li><a href=\"https:\/\/sinoextrud.com\/what-is-a-heat-sink\/\" target=\"_blank\">what is a heat sink<\/a><\/li>\r\r\n<\/ul>","product_chanpin_chanpin":"<li><a href=\"https:\/\/sinoextrud.com\/product\/hard-anodized-aluminum-profile\/\" target=\"_blank\">Hard Anodized Aluminum Profile<\/a><\/li>\r\n<li><a href=\"https:\/\/sinoextrud.com\/product\/cutting-extruded-aluminum-for-led\/\" target=\"_blank\">Cutting Extruded Aluminum For LED<\/a><\/li>\r\n<li><a href=\"https:\/\/sinoextrud.com\/product\/custom-decorative-hollow-alloy-rectangular-square-aluminum-tube-sizes\/\" target=\"_blank\">Custom Decorative Hollow Alloy Rectangular Square Aluminum Tube Sizes<\/a><\/li>\r\n<li><a href=\"https:\/\/sinoextrud.com\/product\/custom-extra-large-industrial-equipment-aluminum-profile\/\" target=\"_blank\">Custom Extra Large Industrial Equipment Aluminum Profile<\/a><\/li>\r\n<li><a href=\"https:\/\/sinoextrud.com\/product\/custom-extruded-aluminum-shapes-sunflower-heat-sink\/\" target=\"_blank\">Custom Extruded Aluminum Shapes Sunflower Heat Sink<\/a><\/li>\r\n<li><a href=\"https:\/\/sinoextrud.com\/product\/custom-industrial-aluminum-profiles\/\" target=\"_blank\">Custom Industrial Aluminum Profiles<\/a><\/li>\r\n<li><a href=\"https:\/\/sinoextrud.com\/product\/custom-industrial-extruded-aluminum-alloy\/\" target=\"_blank\">Custom Industrial Extruded Aluminum Alloy<\/a><\/li>\r\n<li><a href=\"https:\/\/sinoextrud.com\/product\/customized-extruded-aluminum-trailer-flooring\/\" target=\"_blank\">Customized Extruded Aluminum Trailer Flooring<\/a><\/li>\r\n<li><a href=\"https:\/\/sinoextrud.com\/product\/easy-assembly-bi-slotted-production-line-anodized-aluminium-t-slot-extrusion\/\" target=\"_blank\">Easy Assembly Bi-Slotted Production Line Anodized Aluminium T Slot Extrusion<\/a><\/li>\r\n<li><a href=\"https:\/\/sinoextrud.com\/product\/extruded-aluminum-framing\/\" target=\"_blank\">Extruded Aluminum Framing<\/a><\/li>\r\n<li><a href=\"https:\/\/sinoextrud.com\/product\/anodizing-aluminum-picture-photo-frame-brushed-aluminium-frame-for-home-decoration\/\" target=\"_blank\">Anodizing Aluminum Picture Photo Frame Brushed Aluminium Frame For Home Decoration<\/a><\/li>"},"feature_list":[]},"_links":{"self":[{"href":"https:\/\/sinoextrud.com\/hu\/wp-json\/wp\/v2\/product\/8000","targetHints":{"allow":["GET"]}}],"collection":[{"href":"https:\/\/sinoextrud.com\/hu\/wp-json\/wp\/v2\/product"}],"about":[{"href":"https:\/\/sinoextrud.com\/hu\/wp-json\/wp\/v2\/types\/product"}],"wp:featuredmedia":[{"embeddable":true,"href":"https:\/\/sinoextrud.com\/hu\/wp-json\/wp\/v2\/media\/7999"}],"wp:attachment":[{"href":"https:\/\/sinoextrud.com\/hu\/wp-json\/wp\/v2\/media?parent=8000"}],"wp:term":[{"taxonomy":"category","embeddable":true,"href":"https:\/\/sinoextrud.com\/hu\/wp-json\/wp\/v2\/categories?post=8000"}],"curies":[{"name":"wp","href":"https:\/\/api.w.org\/{rel}","templated":true}]}}