{"id":7998,"date":"2025-06-12T02:32:32","date_gmt":"2025-06-12T02:32:32","guid":{"rendered":"https:\/\/sinoextrud.com\/product\/custom-extra-large-industrial-equipment-aluminum-profile\/"},"modified":"2025-06-24T06:22:47","modified_gmt":"2025-06-24T06:22:47","slug":"egyedi-extra-nagy-ipari-berendezesek-aluminium-profil","status":"publish","type":"product","link":"https:\/\/sinoextrud.com\/hu\/product\/custom-extra-large-industrial-equipment-aluminum-profile\/","title":{"rendered":"Egyedi extra nagy ipari berendez\u00e9sek alum\u00ednium profil"},"content":{"rendered":"<h2>Term\u00e9kek r\u00e9szletei<\/h2>\n<table class=\"custom-table\">\n<tr>\n<td class=\"label\">T\u00e9tel<\/td>\n<td>egyedi extra nagy ipari berendez\u00e9sek alum\u00ednium profil<\/td>\n<\/tr>\n<tr>\n<td class=\"label\">Anyag<\/td>\n<td>Kiv\u00e1l\u00f3 min\u0151s\u00e9g\u0171 alum\u00ednium\u00f6tv\u00f6zet (pl. 6061, 6063)<\/td>\n<\/tr>\n<tr>\n<td class=\"label\">Profil t\u00edpusa<\/td>\n<td>Egyedi extra nagy alum\u00ednium profil<\/td>\n<\/tr>\n<tr>\n<td class=\"label\">Szabv\u00e1nyos hossz\u00fas\u00e1g<\/td>\n<td>Ak\u00e1r 9 m\u00e9terig (egyedi hossz\u00fas\u00e1gok rendelhet\u0151k)<\/td>\n<\/tr>\n<tr>\n<td class=\"label\">Sz\u00e9less\u00e9g tartom\u00e1ny<\/td>\n<td>50 mm-t\u0151l 500 mm-ig (egyedi sz\u00e9less\u00e9g is rendelhet\u0151)<\/td>\n<\/tr>\n<tr>\n<td class=\"label\">Magass\u00e1gi tartom\u00e1ny<\/td>\n<td>50 mm-t\u0151l 500 mm-ig (egyedi magass\u00e1gok is el\u00e9rhet\u0151k)<\/td>\n<\/tr>\n<tr>\n<td class=\"label\">Vastags\u00e1g<\/td>\n<td>2 mm \u00e9s 10 mm k\u00f6z\u00f6tt (egyedi vastags\u00e1g rendelhet\u0151)<\/td>\n<\/tr>\n<tr>\n<td class=\"label\">S\u00faly<\/td>\n<td>M\u00e9retekt\u0151l \u00e9s kialak\u00edt\u00e1st\u00f3l f\u00fcgg\u0151en v\u00e1ltozik<\/td>\n<\/tr>\n<tr>\n<td class=\"label\">Fel\u00fcletkik\u00e9sz\u00edt\u00e9si lehet\u0151s\u00e9gek<\/td>\n<td>Elox\u00e1lt, porfest\u00e9s, elektrofor\u00e9zis, fa szemcs\u00e9s, csiszolt, pol\u00edroz\u00e1s<\/td>\n<\/tr>\n<tr>\n<td class=\"label\">Tolerancia<\/td>\n<td>\u00b10,1 mm (egyedi t\u0171r\u00e9shat\u00e1rokkal)<\/td>\n<\/tr>\n<tr>\n<td class=\"label\">CNC megmunk\u00e1l\u00e1s<\/td>\n<td>El\u00e9rhet\u0151 prec\u00edzi\u00f3s v\u00e1g\u00e1shoz, f\u00far\u00e1shoz \u00e9s mar\u00e1shoz<\/td>\n<\/tr>\n<tr>\n<td class=\"label\">Korr\u00f3zi\u00f3\u00e1ll\u00f3s\u00e1g<\/td>\n<td>Kiv\u00e1l\u00f3 (az alum\u00ednium term\u00e9szetes tulajdons\u00e1ga)<\/td>\n<\/tr>\n<tr>\n<td class=\"label\">Teherb\u00edr\u00f3 k\u00e9pess\u00e9g<\/td>\n<td>V\u00e1ltozik a profil kialak\u00edt\u00e1s\u00e1t\u00f3l \u00e9s m\u00e9reteit\u0151l f\u00fcgg\u0151en<\/td>\n<\/tr>\n<tr>\n<td class=\"label\">Alkalmaz\u00e1sok<\/td>\n<td>Neh\u00e9zg\u00e9pek; Ipari \u00e1llv\u00e1nyrendszerek; Sz\u00e1ll\u00edt\u00f3berendez\u00e9sek; Gy\u00e1rt\u00f3berendez\u00e9sek<\/td>\n<\/tr>\n<tr>\n<td class=\"label\">Tan\u00fas\u00edtv\u00e1nyok<\/td>\n<td>ISO 9001, RoHS \u00e9s egy\u00e9b vonatkoz\u00f3 tan\u00fas\u00edtv\u00e1nyok<\/td>\n<\/tr>\n<tr>\n<td class=\"label\">\u00c1tfut\u00e1si id\u0151<\/td>\n<td>\u00c1ltal\u00e1ban 2-4 h\u00e9t (a testreszab\u00e1st\u00f3l \u00e9s a rendel\u00e9s mennyis\u00e9g\u00e9t\u0151l f\u00fcgg\u0151en)<\/td>\n<\/tr>\n<tr>\n<td class=\"label\">Minim\u00e1lis rendel\u00e9si mennyis\u00e9g (MOQ)<\/td>\n<td>200 kg vagy megegyez\u00e9s szerint<\/td>\n<\/tr>\n<tr>\n<td class=\"label\">Testreszab\u00e1si lehet\u0151s\u00e9gek<\/td>\n<td>M\u00e9retek, fel\u00fcleti fel\u00fcletek \u00e9s megmunk\u00e1l\u00e1s eset\u00e9n is rendelkez\u00e9sre \u00e1llnak<\/td>\n<\/tr>\n<tr>\n<td class=\"label\">Min\u0151s\u00e9gellen\u0151rz\u00e9s<\/td>\n<td>Szigor\u00fa ellen\u0151rz\u00e9sek minden gy\u00e1rt\u00e1si szakaszban<\/td>\n<\/tr>\n<tr>\n<td class=\"label\">\u00dcgyf\u00e9lszolg\u00e1lat<\/td>\n<td>Technikai t\u00e1mogat\u00e1s \u00e9s konzult\u00e1ci\u00f3 \u00e1ll rendelkez\u00e9sre<\/td>\n<\/tr>\n<\/table>\n<h2>Gy\u00e1rt\u00f3 b\u00e1zisunk<\/h2>\n<h3>Gy\u00e1ri panor\u00e1ma<\/h3>\n<p><img decoding=\"async\" src=\"\/wp-content\/uploads\/factory-01.webp\"\/><\/p>\n<h3>Alum\u00ednium r\u00fadgy\u00e1rt\u00f3 m\u0171hely<\/h3>\n<p><img decoding=\"async\" src=\"\/wp-content\/uploads\/factory-02.webp\"\/><\/p>\n<\/p>\n<p><img decoding=\"async\" src=\"\/wp-content\/uploads\/factory-03.webp\"\/><\/p>\n<h3>Pen\u00e9sz rakt\u00e1r<\/h3>\n<p><img decoding=\"async\" src=\"\/wp-content\/uploads\/factory-04.webp\"\/><\/p>\n<h3>43 alum\u00ednium extrud\u00e1l\u00f3 vonal (500-5500 tonna)<\/h3>\n<p><img decoding=\"async\" src=\"\/wp-content\/uploads\/factory-05.webp\"\/><\/p>\n<p><img decoding=\"async\" src=\"\/wp-content\/uploads\/factory-06.webp\"\/><\/p>\n<p><img decoding=\"async\" src=\"\/wp-content\/uploads\/factory-07.webp\"\/><\/p>\n<h3>Porfest\u0151 m\u0171hely<\/h3>\n<p><img decoding=\"async\" src=\"\/wp-content\/uploads\/factory-09.webp\"\/><\/p>\n<h3>Anodiz\u00e1l\u00f3 m\u0171hely<\/h3>\n<p><img decoding=\"async\" src=\"\/wp-content\/uploads\/factory-10.webp\"\/><\/p>\n<h3>M\u00e9ly feldolgoz\u00e1si m\u0171hely<\/h3>\n<p><img decoding=\"async\" src=\"\/wp-content\/uploads\/factory-11.webp\"\/><\/p>\n<h3>CNC prec\u00edzi\u00f3s megmunk\u00e1l\u00f3 m\u0171hely<\/h3>\n<p><img decoding=\"async\" src=\"\/wp-content\/uploads\/factory-11.5.webp\"\/><\/p>\n<h3>K\u00e9szterm\u00e9k \u00e9s export rakt\u00e1r<\/h3>\n<p><img decoding=\"async\" src=\"\/wp-content\/uploads\/factory-12.webp\"\/><\/p>\n<p><img decoding=\"async\" src=\"\/wp-content\/uploads\/factory-13.webp\"\/><\/p>\n<p><img decoding=\"async\" src=\"\/wp-content\/uploads\/factory-14.webp\"\/><\/p>\n<h2>GYIK<\/h2>\n<p><b>1.Mik az el\u0151nyei az egy\u00e9ni extra nagy ipari berendez\u00e9sek alum\u00ednium profilok haszn\u00e1lat\u00e1nak? <\/b><\/p>\n<p> Ezek a profilok nagy szil\u00e1rds\u00e1got, korr\u00f3zi\u00f3\u00e1ll\u00f3s\u00e1got \u00e9s k\u00f6nny\u0171 s\u00falyt k\u00edn\u00e1lnak, \u00edgy ide\u00e1lisak a nagy ig\u00e9nybev\u00e9tel\u0171 ipari alkalmaz\u00e1sokhoz.\n<\/p>\n<p><\/p>\n<p><b>2.Can Custom Extra nagy ipari berendez\u00e9sek alum\u00ednium profilok testreszabhat\u00f3? <\/b><\/p>\n<p> Igen, m\u00e9ret\u00fck, alakjuk \u00e9s kialak\u00edt\u00e1suk testre szabhat\u00f3, hogy megfeleljenek az adott ipari berendez\u00e9sek ig\u00e9nyeinek.\n<\/p>\n<p><\/p>\n<p><b>3.How tart\u00f3sak az egy\u00e9ni extra nagy ipari berendez\u00e9sek alum\u00ednium profilok? <\/b><\/p>\n<p> Rendk\u00edv\u00fcl tart\u00f3sak, korr\u00f3zi\u00f3\u00e1ll\u00f3 alum\u00edniumb\u00f3l k\u00e9sz\u00fclnek, \u00edgy hossz\u00fa t\u00e1v\u00fa teljes\u00edtm\u00e9nyt biztos\u00edtanak m\u00e9g zord k\u00f6rnyezetben is.\n<\/p>\n<p><\/p>\n<p><b>4.Milyen ipar\u00e1gak r\u00e9szes\u00fclnek az egy\u00e9ni extra nagy ipari berendez\u00e9sek alum\u00ednium profiljaib\u00f3l? <\/b><\/p>\n<p> Ezek a profilok t\u00f6k\u00e9letesek az olyan ipar\u00e1gakban, mint a gy\u00e1rt\u00e1s, az \u00e9p\u00edt\u0151ipar \u00e9s a neh\u00e9zg\u00e9pgy\u00e1rt\u00e1s, ahol nagym\u00e9ret\u0171, robusztus alkatr\u00e9szekre van sz\u00fcks\u00e9g.\n<\/p>\n<p><\/p>\n<p><b>5.Are Custom Extra nagy ipari berendez\u00e9sek alum\u00ednium profilok k\u00f6nnyen karbantarthat\u00f3? <\/b><\/p>\n<p> Igen, k\u00f6nny\u0171 karbantart\u00e1suknak k\u00f6sz\u00f6nhet\u0151en k\u00f6nny\u0171 kialak\u00edt\u00e1suknak \u00e9s annak a t\u00e9nynek k\u00f6sz\u00f6nhet\u0151, hogy gyorsan \u00f6ssze- \u00e9s sz\u00e9tszerelhet\u0151k.\n<\/p>\n<p><\/p>\n<p><b>6.Are Egyedi extra nagy ipari berendez\u00e9sek alum\u00ednium profilok k\u00f6rnyezetbar\u00e1t? <\/b><\/p>\n<p> Igen, az alum\u00ednium teljesen \u00fajrahasznos\u00edthat\u00f3 anyag, \u00edgy k\u00f6rnyezetbar\u00e1t v\u00e1laszt\u00e1s az ipari alkalmaz\u00e1sokhoz.\n<\/p>\n<p><\/p>\n<p><b>7.Hogyan jav\u00edtj\u00e1k az egyedi extra nagy ipari berendez\u00e9sek alum\u00ednium profiljai a berendez\u00e9sek teljes\u00edtm\u00e9ny\u00e9t? <\/b><\/p>\n<p> Magas h\u0151- \u00e9s elektromos vezet\u0151k\u00e9pess\u00e9g\u00fck n\u00f6veli az ipari berendez\u00e9sek hat\u00e9konys\u00e1g\u00e1t \u00e9s megb\u00edzhat\u00f3s\u00e1g\u00e1t.\n<\/p>\n<p><\/p>","protected":false},"featured_media":7997,"template":"","categories":[54],"class_list":["post-7998","product","type-product","status-publish","has-post-thumbnail","hentry","category-industrial-aluminum-profiles"],"meta_box":{"hilight_text_group":{"product_hilight_text":"<ul>\r\r\n  <li>Durable and high-strength aluminum profiles for heavy-duty industrial applications<\/li>\r\r\n  <li>Customizable sizes and shapes to meet specific equipment requirements<\/li>\r\r\n  <li>Lightweight yet sturdy, ideal for large-scale industrial equipment<\/li>\r\r\n  <li>Corrosion-resistant, ensuring longevity in harsh industrial environments<\/li>\r\r\n  <li>Easy to assemble and disassemble, reducing maintenance costs<\/li>\r\r\n  <li>High thermal and electrical conductivity, enhancing equipment efficiency<\/li>\r\r\n  <li>Environmentally friendly, fully recyclable material<\/li>\r\r\n<\/ul>","product_chanpin_blog":"<ul>\r\r\n<li><a href=\"https:\/\/sinoextrud.com\/t-slot-v-slot-differences\/\" target=\"_blank\">t slot vs v slot<\/a><\/li>\r\r\n<li><a href=\"https:\/\/sinoextrud.com\/what-is-4040-aluminium-extrud\/\" target=\"_blank\">4040 aluminium extrusion<\/a><\/li>\r\r\n<li><a href=\"https:\/\/sinoextrud.com\/what-is-4040-aluminium-extrud\/\" target=\"_blank\">aluminum extrusions for industrial racks<\/a><\/li>\r\r\n<li><a href=\"https:\/\/sinoextrud.com\/powder-coating-aluminium-process\/\" target=\"_blank\">powder coating aluminium<\/a><\/li>\r\r\n<li><a href=\"https:\/\/sinoextrud.com\/what-is-an-aluminium-strip-ceiling\/\" target=\"_blank\">aluminium strip ceiling<\/a><\/li>\r\r\n<li><a href=\"https:\/\/sinoextrud.com\/what-is-a-heat-sink\/\" target=\"_blank\">what is a heat sink<\/a><\/li>\r\r\n<\/ul>","product_chanpin_chanpin":"<li><a href=\"https:\/\/sinoextrud.com\/product\/extrusion-led-aluminum-channel\/\" target=\"_blank\">Extrusion Led Aluminum Channel<\/a><\/li>\r\n<li><a href=\"https:\/\/sinoextrud.com\/product\/hard-anodized-aluminum-profile\/\" target=\"_blank\">Hard Anodized Aluminum Profile<\/a><\/li>\r\n<li><a href=\"https:\/\/sinoextrud.com\/product\/cutting-extruded-aluminum-for-led\/\" target=\"_blank\">Cutting Extruded Aluminum For LED<\/a><\/li>\r\n<li><a href=\"https:\/\/sinoextrud.com\/product\/custom-decorative-hollow-alloy-rectangular-square-aluminum-tube-sizes\/\" target=\"_blank\">Custom Decorative Hollow Alloy Rectangular Square Aluminum Tube Sizes<\/a><\/li>\r\n<li><a href=\"https:\/\/sinoextrud.com\/product\/custom-extra-large-industrial-equipment-aluminum-profile\/\" target=\"_blank\">Custom Extra Large Industrial Equipment Aluminum Profile<\/a><\/li>\r\n<li><a href=\"https:\/\/sinoextrud.com\/product\/custom-extruded-aluminum-shapes-sunflower-heat-sink\/\" target=\"_blank\">Custom Extruded Aluminum Shapes Sunflower Heat Sink<\/a><\/li>\r\n<li><a href=\"https:\/\/sinoextrud.com\/product\/custom-industrial-aluminum-profiles\/\" target=\"_blank\">Custom Industrial Aluminum Profiles<\/a><\/li>\r\n<li><a href=\"https:\/\/sinoextrud.com\/product\/custom-industrial-extruded-aluminum-alloy\/\" target=\"_blank\">Custom Industrial Extruded Aluminum Alloy<\/a><\/li>\r\n<li><a href=\"https:\/\/sinoextrud.com\/product\/customized-extruded-aluminum-trailer-flooring\/\" target=\"_blank\">Customized Extruded Aluminum Trailer Flooring<\/a><\/li>\r\n<li><a href=\"https:\/\/sinoextrud.com\/product\/wood-grain-bamboo-aluminum-pipe\/\" target=\"_blank\">Wood Grain Bamboo Aluminum Pipe<\/a><\/li>\r\n<li><a href=\"https:\/\/sinoextrud.com\/product\/7-series-and-1-series-aluminum-beam-profile\/\" target=\"_blank\">7 Series And 1 Series Aluminum Beam Profile<\/a><\/li>"},"feature_list":[]},"_links":{"self":[{"href":"https:\/\/sinoextrud.com\/hu\/wp-json\/wp\/v2\/product\/7998","targetHints":{"allow":["GET"]}}],"collection":[{"href":"https:\/\/sinoextrud.com\/hu\/wp-json\/wp\/v2\/product"}],"about":[{"href":"https:\/\/sinoextrud.com\/hu\/wp-json\/wp\/v2\/types\/product"}],"wp:featuredmedia":[{"embeddable":true,"href":"https:\/\/sinoextrud.com\/hu\/wp-json\/wp\/v2\/media\/7997"}],"wp:attachment":[{"href":"https:\/\/sinoextrud.com\/hu\/wp-json\/wp\/v2\/media?parent=7998"}],"wp:term":[{"taxonomy":"category","embeddable":true,"href":"https:\/\/sinoextrud.com\/hu\/wp-json\/wp\/v2\/categories?post=7998"}],"curies":[{"name":"wp","href":"https:\/\/api.w.org\/{rel}","templated":true}]}}