{"id":7994,"date":"2025-06-12T02:26:38","date_gmt":"2025-06-12T02:26:38","guid":{"rendered":"https:\/\/sinoextrud.com\/product\/cutting-extruded-aluminum-for-led\/"},"modified":"2025-06-24T06:22:45","modified_gmt":"2025-06-24T06:22:45","slug":"vagas-extrudalt-aluminium-led","status":"publish","type":"product","link":"https:\/\/sinoextrud.com\/hu\/product\/cutting-extruded-aluminum-for-led\/","title":{"rendered":"Extrud\u00e1lt alum\u00ednium v\u00e1g\u00e1sa LED-hez"},"content":{"rendered":"<h2>Term\u00e9kek r\u00e9szletei<\/h2>\n<table class=\"custom-table\">\n<tr>\n<td class=\"label\">1. Term\u00e9k neve:<\/td>\n<td> Extrud\u00e1lt alum\u00ednium v\u00e1g\u00e1sa LED-hez<\/td>\n<\/tr>\n<tr>\n<td class=\"label\">2. Anyag :<\/td>\n<td> Alum\u00ednium \u00f6tv\u00f6zet 6063-T5<\/td>\n<\/tr>\n<tr>\n<td class=\"label\">3. K\u00e9sz:<\/td>\n<td> Nemzeti szabv\u00e1ny elox\u00e1lt ez\u00fcst<\/td>\n<\/tr>\n<tr>\n<td class=\"label\">4. V\u00e9grehajt\u00f3 szabv\u00e1ny:<\/td>\n<td> GB5237-2008<\/td>\n<\/tr>\n<tr>\n<td class=\"label\">5. Tan\u00fas\u00edtv\u00e1nyok:<\/td>\n<td> ISO9001<\/td>\n<\/tr>\n<tr>\n<td class=\"label\">6. Modell:<\/td>\n<td> OEM\/ODM<\/td>\n<\/tr>\n<tr>\n<td class=\"label\">7. Haszn\u00e1lat:<\/td>\n<td> Kijelz\u0151 keret, LED, napelem, dekor\u00e1ci\u00f3, k\u00e9pkeret,<\/td>\n<\/tr>\n<\/table>\n<h2>Gy\u00e1rt\u00f3 b\u00e1zisunk<\/h2>\n<h3>Gy\u00e1ri panor\u00e1ma<\/h3>\n<p><img decoding=\"async\" src=\"\/wp-content\/uploads\/factory-01.webp\"\/><\/p>\n<h3>Alum\u00ednium r\u00fadgy\u00e1rt\u00f3 m\u0171hely<\/h3>\n<p><img decoding=\"async\" src=\"\/wp-content\/uploads\/factory-02.webp\"\/><\/p>\n<p><img decoding=\"async\" src=\"\/wp-content\/uploads\/factory-03.webp\"\/><\/p>\n<h3>Pen\u00e9sz rakt\u00e1r<\/h3>\n<p><img decoding=\"async\" src=\"\/wp-content\/uploads\/factory-04.webp\"\/><\/p>\n<h3>43 alum\u00ednium extrud\u00e1l\u00f3 vonal (500-5500 tonna)<\/h3>\n<p><img decoding=\"async\" src=\"\/wp-content\/uploads\/factory-05.webp\"\/><\/p>\n<p><img decoding=\"async\" src=\"\/wp-content\/uploads\/factory-06.webp\"\/><\/p>\n<p><img decoding=\"async\" src=\"\/wp-content\/uploads\/factory-07.webp\"\/><\/p>\n<h3>Porfest\u0151 m\u0171hely<\/h3>\n<p><img decoding=\"async\" src=\"\/wp-content\/uploads\/factory-09.webp\"\/><\/p>\n<h3>Anodiz\u00e1l\u00f3 m\u0171hely<\/h3>\n<p><img decoding=\"async\" src=\"\/wp-content\/uploads\/factory-10.webp\"\/><\/p>\n<h3>M\u00e9ly feldolgoz\u00e1si m\u0171hely<\/h3>\n<p><img decoding=\"async\" src=\"\/wp-content\/uploads\/factory-11.webp\"\/><\/p>\n<h3>CNC prec\u00edzi\u00f3s megmunk\u00e1l\u00f3 m\u0171hely<\/h3>\n<p><img decoding=\"async\" src=\"\/wp-content\/uploads\/factory-11.5.webp\"\/><\/p>\n<h3>K\u00e9szterm\u00e9k \u00e9s export rakt\u00e1r<\/h3>\n<p><img decoding=\"async\" src=\"\/wp-content\/uploads\/factory-12.webp\"\/><\/p>\n<p><img decoding=\"async\" src=\"\/wp-content\/uploads\/factory-13.webp\"\/><\/p>\n<p><img decoding=\"async\" src=\"\/wp-content\/uploads\/factory-14.webp\"\/><\/p>\n<h2>GYIK<\/h2>\n<p><p><b>1.Mi a c\u00e9lja az extrud\u00e1lt alum\u00ednium v\u00e1g\u00e1s\u00e1nak LED alkalmaz\u00e1sokhoz? <\/b><\/p>\n<p> Az extrud\u00e1lt alum\u00ednium LED-hez val\u00f3 v\u00e1g\u00e1sa pontos illeszked\u00e9st biztos\u00edt, lehet\u0151v\u00e9 t\u00e9ve a tiszta telep\u00edt\u00e9st \u00e9s az optim\u00e1lis h\u0151kezel\u00e9st a vil\u00e1g\u00edt\u00e1si rendszerekben.<br \/>\n<\/p><br \/>\n<br \/>\n<p><b>2.Mi\u00e9rt fontos a prec\u00edzi\u00f3s v\u00e1g\u00e1s a LED alum\u00ednium profilok eset\u00e9ben? <\/b><\/p>\n<p> A prec\u00edzi\u00f3s v\u00e1g\u00e1s garant\u00e1lja a pontos m\u00e9reteket, \u00edgy az alum\u00edniumcsatorn\u00e1k t\u00f6k\u00e9letesen illeszkednek a LED-cs\u00edkokhoz \u00e9s az \u00e9p\u00edt\u00e9szeti elemekhez.<br \/>\n<\/p><br \/>\n<br \/>\n<p><b>3.Can testreszabhatja a v\u00e1g\u00e1si hossz\u00fas\u00e1got a LED extrud\u00e1l\u00e1sokhoz? <\/b><\/p>\n<p> Igen, egyedi v\u00e1g\u00e1si szolg\u00e1ltat\u00e1sokat k\u00edn\u00e1lunk extrud\u00e1lt alum\u00edniumhoz, hogy megfeleljen az adott LED-elrendez\u00e9snek \u00e9s projektk\u00f6vetelm\u00e9nyeknek.<br \/>\n<\/p><br \/>\n<br \/>\n<p><b>4.Hogyan seg\u00edt az alum\u00ednium extrud\u00e1l\u00e1s a LED h\u0151elvezet\u00e9s\u00e9ben? <\/b><\/p>\n<p> Az alum\u00ednium extrud\u00e1l\u00e1sok hat\u00e9konyan vezetik el a h\u0151t a LED-cs\u00edkokr\u00f3l, jav\u00edtva a teljes\u00edtm\u00e9nyt \u00e9s meghosszabb\u00edtva az \u00e9lettartamot.<br \/>\n<\/p><br \/>\n<br \/>\n<p><b>5.A v\u00e1gott alum\u00ednium k\u00e9szen \u00e1ll a beszerel\u00e9sre? <\/b><\/p>\n<p> Igen, minden v\u00e1gott extrud\u00e1lt alum\u00edniumprofil g\u00e9ptelen\u00edtett \u00e9s k\u00e9szre van csiszolva a LED-es vil\u00e1g\u00edt\u00e1si projektekben val\u00f3 azonnali felhaszn\u00e1l\u00e1sra.<br \/>\n<\/p><br \/>\n<br \/>\n<p><b>6.Milyen t\u00edpus\u00fa LED-berendez\u00e9sekhez haszn\u00e1lhat\u00f3k v\u00e1gott alum\u00ednium extrud\u00e1lt r\u00e9szek? <\/b><\/p>\n<p> A v\u00e1gott alum\u00edniumprofilok ide\u00e1lisak mennyezetek, szekr\u00e9nyek, vitrinek \u00e9s \u00e9p\u00edt\u00e9szeti hangs\u00falyok line\u00e1ris megvil\u00e1g\u00edt\u00e1s\u00e1hoz.<br \/>\n<\/p><br \/>\n<br \/>\n<p><b>7.Kaphat\u00f3ak tartoz\u00e9kok a LED-hez v\u00e1gott extrud\u00e1lt alum\u00edniummal? <\/b><\/p>\n<p> Term\u00e9szetesen k\u00edn\u00e1lunk kompatibilis v\u00e9gsapk\u00e1kat, sz\u00f3r\u00f3elemeket, r\u00f6gz\u00edt\u0151kapcsokat \u00e9s egy\u00e9b tartoz\u00e9kokat a teljes LED-profilrendszerekhez.<br \/>\n<\/p><br \/><\/p>","protected":false},"featured_media":7993,"template":"","categories":[54],"class_list":["post-7994","product","type-product","status-publish","has-post-thumbnail","hentry","category-industrial-aluminum-profiles"],"meta_box":{"hilight_text_group":{"product_hilight_text":"<li>Precision cutting ensures perfect fit for LED strip light installations.<\/li>\r\r\n<li>High-quality extruded aluminum provides excellent thermal conductivity.<\/li>\r\r\n<li>Customized lengths and angles available for flexible lighting designs.<\/li>\r\r\n<li>Clean edges and accurate dimensions for seamless integration.<\/li>\r\r\n<li>Enhances LED lifespan by optimizing heat dissipation.<\/li>\r\r\n<li>Ideal for architectural, commercial, and interior LED applications.<\/li>\r\r\n<li>Compatible with various LED channel covers and accessories.<\/li>","product_chanpin_blog":"<ul>\r\r\n<li><a href=\"https:\/\/sinoextrud.com\/t-slot-v-slot-differences\/\" target=\"_blank\">t slot vs v slot<\/a><\/li>\r\r\n<li><a href=\"https:\/\/sinoextrud.com\/what-is-4040-aluminium-extrud\/\" target=\"_blank\">4040 aluminium extrusion<\/a><\/li>\r\r\n<li><a href=\"https:\/\/sinoextrud.com\/what-is-4040-aluminium-extrud\/\" target=\"_blank\">aluminum extrusions for industrial racks<\/a><\/li>\r\r\n<li><a href=\"https:\/\/sinoextrud.com\/powder-coating-aluminium-process\/\" target=\"_blank\">powder coating aluminium<\/a><\/li>\r\r\n<li><a href=\"https:\/\/sinoextrud.com\/what-is-an-aluminium-strip-ceiling\/\" target=\"_blank\">aluminium strip ceiling<\/a><\/li>\r\r\n<li><a href=\"https:\/\/sinoextrud.com\/what-is-a-heat-sink\/\" target=\"_blank\">what is a heat sink<\/a><\/li>\r\r\n<\/ul>","product_chanpin_chanpin":"<li><a href=\"https:\/\/sinoextrud.com\/product\/black-extruded-aluminum-heat-sink-profiles\/\" target=\"_blank\">Black Extruded Aluminum Heat Sink Profiles<\/a><\/li>\r\n<li><a href=\"https:\/\/sinoextrud.com\/product\/cnc-machined-6063-heavy-duty-industrial-part\/\" target=\"_blank\">CNC Machined 6063 Heavy-duty Industrial Part<\/a><\/li>\r\n<li><a href=\"https:\/\/sinoextrud.com\/product\/extrusion-led-aluminum-channel\/\" target=\"_blank\">Extrusion Led Aluminum Channel<\/a><\/li>\r\n<li><a href=\"https:\/\/sinoextrud.com\/product\/hard-anodized-aluminum-profile\/\" target=\"_blank\">Hard Anodized Aluminum Profile<\/a><\/li>\r\n<li><a href=\"https:\/\/sinoextrud.com\/product\/cutting-extruded-aluminum-for-led\/\" target=\"_blank\">Cutting Extruded Aluminum For LED<\/a><\/li>\r\n<li><a href=\"https:\/\/sinoextrud.com\/product\/custom-decorative-hollow-alloy-rectangular-square-aluminum-tube-sizes\/\" target=\"_blank\">Custom Decorative Hollow Alloy Rectangular Square Aluminum Tube Sizes<\/a><\/li>\r\n<li><a href=\"https:\/\/sinoextrud.com\/product\/custom-extra-large-industrial-equipment-aluminum-profile\/\" target=\"_blank\">Custom Extra Large Industrial Equipment Aluminum Profile<\/a><\/li>\r\n<li><a href=\"https:\/\/sinoextrud.com\/product\/custom-extruded-aluminum-shapes-sunflower-heat-sink\/\" target=\"_blank\">Custom Extruded Aluminum Shapes Sunflower Heat Sink<\/a><\/li>\r\n<li><a href=\"https:\/\/sinoextrud.com\/product\/custom-industrial-aluminum-profiles\/\" target=\"_blank\">Custom Industrial Aluminum Profiles<\/a><\/li>\r\n<li><a href=\"https:\/\/sinoextrud.com\/product\/aluminium-profile-structure\/\" target=\"_blank\">Aluminium Profile Structure<\/a><\/li>\r\n<li><a href=\"https:\/\/sinoextrud.com\/product\/custom-high-quality-reinforced-aluminum-flood-planks-aluminum-flood-barrier-profiles\/\" target=\"_blank\">Custom High-quality Reinforced Aluminum Flood Planks Aluminum Flood Barrier Profiles<\/a><\/li>"},"feature_list":[]},"_links":{"self":[{"href":"https:\/\/sinoextrud.com\/hu\/wp-json\/wp\/v2\/product\/7994","targetHints":{"allow":["GET"]}}],"collection":[{"href":"https:\/\/sinoextrud.com\/hu\/wp-json\/wp\/v2\/product"}],"about":[{"href":"https:\/\/sinoextrud.com\/hu\/wp-json\/wp\/v2\/types\/product"}],"wp:featuredmedia":[{"embeddable":true,"href":"https:\/\/sinoextrud.com\/hu\/wp-json\/wp\/v2\/media\/7993"}],"wp:attachment":[{"href":"https:\/\/sinoextrud.com\/hu\/wp-json\/wp\/v2\/media?parent=7994"}],"wp:term":[{"taxonomy":"category","embeddable":true,"href":"https:\/\/sinoextrud.com\/hu\/wp-json\/wp\/v2\/categories?post=7994"}],"curies":[{"name":"wp","href":"https:\/\/api.w.org\/{rel}","templated":true}]}}